{"id":65130,"date":"2026-05-15T11:13:29","date_gmt":"2026-05-15T11:13:29","guid":{"rendered":"https:\/\/cedt.hu\/?page_id=65130"},"modified":"2026-05-15T11:13:30","modified_gmt":"2026-05-15T11:13:30","slug":"blokktanc","status":"publish","type":"page","link":"https:\/\/cedt.hu\/en\/blokktanc\/","title":{"rendered":"BLOKKT\u00c1NC \u2013 Mozdulj meg \u00f6nmagad\u00e9rt! egy interakt\u00edv t\u00e1ncfoglalkoz\u00e1s"},"content":{"rendered":"<figure class=\"wp-block-image size-large\"><img fetchpriority=\"high\" decoding=\"async\" width=\"1024\" height=\"576\" src=\"https:\/\/cedt.hu\/wp-content\/uploads\/2026\/05\/Blokktanc-kreativ-1024x576.png\" alt=\"\" class=\"wp-image-65142\" srcset=\"https:\/\/cedt.hu\/wp-content\/uploads\/2026\/05\/Blokktanc-kreativ-1024x576.png 1024w, https:\/\/cedt.hu\/wp-content\/uploads\/2026\/05\/Blokktanc-kreativ-300x169.png 300w, https:\/\/cedt.hu\/wp-content\/uploads\/2026\/05\/Blokktanc-kreativ-768x432.png 768w, https:\/\/cedt.hu\/wp-content\/uploads\/2026\/05\/Blokktanc-kreativ-1536x864.png 1536w, https:\/\/cedt.hu\/wp-content\/uploads\/2026\/05\/Blokktanc-kreativ-18x10.png 18w, https:\/\/cedt.hu\/wp-content\/uploads\/2026\/05\/Blokktanc-kreativ.png 1920w\" sizes=\"(max-width: 1024px) 100vw, 1024px\" \/><\/figure>\n\n\n\n<p>A BLOKKT\u00c1NC minden koroszt\u00e1ly sz\u00e1m\u00e1ra k\u00edn\u00e1l mozg\u00e1st, j\u00e1t\u00e9kot \u00e9s k\u00f6z\u00f6ss\u00e9gi \u00e9lm\u00e9nyt a test \u00e9s a l\u00e9lek \u00f6sszehangol\u00e1s\u00e1ra. A program l\u00e9nyege, hogy a t\u00e1nc nem csup\u00e1n mozdulatok sorozata, hanem \u00f6nismereti gyakorlat, amely felh\u00edvja a figyelmet a test\u00fcnk lehet\u0151s\u00e9geire, a mozg\u00e1s \u00e9s a kreativit\u00e1s \u00f6sszef\u00fcgg\u00e9seire, valamint a k\u00f6z\u00f6ss\u00e9gi kapcsolatok er\u0151s\u00edt\u00e9s\u00e9re. Stern Lili a program vezet\u0151je \u00e9s a K\u00f6z\u00e9p-Eur\u00f3pa T\u00e1ncsz\u00ednh\u00e1z t\u00e1ncosai a t\u00e1ncpedag\u00f3gia, dr\u00e1mapedag\u00f3gia, mozg\u00e1ster\u00e1pia \u00e9s ment\u00e1lhigi\u00e9n\u00e9 eszk\u00f6zt\u00e1r\u00e1t haszn\u00e1lj\u00e1k annak \u00e9rdek\u00e9ben, hogy a r\u00e9sztvev\u0151k saj\u00e1t test\u00fck \u00e9s a k\u00f6z\u00f6ss\u00e9g dinamik\u00e1j\u00e1t meg\u00e9lj\u00e9k, meg\u00e9rints\u00e9k \u00e9s kifejezz\u00e9k.&nbsp;<\/p>\n\n\n\n<p>A BLOKKT\u00c1NC egy olyan \u00e9lm\u00e9nyalap\u00fa foglalkoz\u00e1s, amely a kort\u00e1rs t\u00e1nc vil\u00e1g\u00e1ba kalauzol, de mindenki sz\u00e1m\u00e1ra hozz\u00e1f\u00e9rhet\u0151. A r\u00e9sztvev\u0151k kibontakoztathatj\u00e1k szem\u00e9lyes mozg\u00e1skifejez\u00e9s\u00fcket, mik\u00f6zben meg\u00e9rtik a csoportdinamika \u00e9s a k\u00f6z\u00f6s alkot\u00e1s dinamik\u00e1j\u00e1t. A programot a K\u00f6z\u00e9p-Eur\u00f3pa T\u00e1ncsz\u00ednh\u00e1z m\u0171v\u00e9szei \u00e9s moder\u00e1torai vezetik, akik a r\u00e9szv\u00e9tel sor\u00e1n biztons\u00e1gos \u00e9s t\u00e1mogat\u00f3 k\u00f6rnyezetet teremtenek a felfedez\u00e9shez. A program nyitott mindazok sz\u00e1m\u00e1ra, akik szeretn\u00e9nek mozogni, j\u00e1tszani \u00e9s felfedezni \u00f6nmagukat.&nbsp;<\/p>\n\n\n\n<p>A 45-90 perces BLOKKT\u00c1NC program c\u00e9lja, hogy a testi mozg\u00e1s r\u00e9v\u00e9n lehet\u0151s\u00e9get adjon az \u00f6nkifejez\u00e9sre, a kreat\u00edv gondolkod\u00e1sra \u00e9s a k\u00f6z\u00f6ss\u00e9gi \u00e9lm\u00e9nyek meg\u00e9l\u00e9s\u00e9re, an\u00e9lk\u00fcl, hogy a r\u00e9sztvev\u0151k b\u00e1rmif\u00e9le el\u0151zetes el\u0151k\u00e9pzetts\u00e9ggel rendelkezn\u00e9nek. A program a testtudat fejleszt\u00e9se, a kreativit\u00e1s kibontakoztat\u00e1sa \u00e9s a csoportos egy\u00fcttm\u0171k\u00f6d\u00e9s er\u0151s\u00edt\u00e9se \u00e1ltal j\u00e1rul hozz\u00e1 a szem\u00e9lyes fejl\u0151d\u00e9shez \u00e9s a k\u00f6z\u00f6ss\u00e9gek \u00f6sszetart\u00e1s\u00e1hoz.&nbsp;<\/p>\n\n\n\n<p>Blokkt\u00e1nc az al\u00e1bbi 19 telep\u00fcl\u00e9sre \u00e9rkezik: Gy\u00far\u00f3, Cs\u00f6mend, Nagysz\u00e9kely, M\u00e1riak\u00e1lnok, Tiszasas, Eperjes, Kunadacs, Als\u00f3dobsza, B\u00fckkszentkereszt, Visonta, Kisb\u00e1gyon, Tata, M\u00e1ny, Veresegyh\u00e1z, Kemenesmagasi, Kismarja, L\u00e1nycs\u00f3k, Nagytarcsa.&nbsp;<\/p>\n\n\n\n<p><em>A programsorozat a Pet\u0151fi Kultur\u00e1lis Program keret\u00e9ben, a Kultur\u00e1lis \u00e9s Innov\u00e1ci\u00f3s Miniszt\u00e9rium t\u00e1mogat\u00e1s\u00e1val, a Nemzeti M\u0171vel\u0151d\u00e9si Int\u00e9zet koordin\u00e1ci\u00f3j\u00e1val val\u00f3sul meg.<\/em>&nbsp;<\/p>","protected":false},"excerpt":{"rendered":"<p>A BLOKKT\u00c1NC minden koroszt\u00e1ly sz\u00e1m\u00e1ra k\u00edn\u00e1l mozg\u00e1st, j\u00e1t\u00e9kot \u00e9s k\u00f6z\u00f6ss\u00e9gi \u00e9lm\u00e9nyt a test \u00e9s a l\u00e9lek \u00f6sszehangol\u00e1s\u00e1ra. A program l\u00e9nyege, hogy a t\u00e1nc nem csup\u00e1n mozdulatok sorozata, hanem \u00f6nismereti gyakorlat, amely felh\u00edvja a figyelmet a test\u00fcnk lehet\u0151s\u00e9geire, a mozg\u00e1s \u00e9s a kreativit\u00e1s \u00f6sszef\u00fcgg\u00e9seire, valamint a k\u00f6z\u00f6ss\u00e9gi kapcsolatok er\u0151s\u00edt\u00e9s\u00e9re. Stern Lili a program vezet\u0151je \u00e9s a [&hellip;]<\/p>\n","protected":false},"author":6,"featured_media":0,"parent":0,"menu_order":0,"comment_status":"closed","ping_status":"closed","template":"","meta":{"footnotes":""},"class_list":["post-65130","page","type-page","status-publish","hentry"],"_links":{"self":[{"href":"https:\/\/cedt.hu\/en\/wp-json\/wp\/v2\/pages\/65130","targetHints":{"allow":["GET"]}}],"collection":[{"href":"https:\/\/cedt.hu\/en\/wp-json\/wp\/v2\/pages"}],"about":[{"href":"https:\/\/cedt.hu\/en\/wp-json\/wp\/v2\/types\/page"}],"author":[{"embeddable":true,"href":"https:\/\/cedt.hu\/en\/wp-json\/wp\/v2\/users\/6"}],"replies":[{"embeddable":true,"href":"https:\/\/cedt.hu\/en\/wp-json\/wp\/v2\/comments?post=65130"}],"version-history":[{"count":1,"href":"https:\/\/cedt.hu\/en\/wp-json\/wp\/v2\/pages\/65130\/revisions"}],"predecessor-version":[{"id":65148,"href":"https:\/\/cedt.hu\/en\/wp-json\/wp\/v2\/pages\/65130\/revisions\/65148"}],"wp:attachment":[{"href":"https:\/\/cedt.hu\/en\/wp-json\/wp\/v2\/media?parent=65130"}],"curies":[{"name":"wp","href":"https:\/\/api.w.org\/{rel}","templated":true}]}}