{"id":64891,"date":"2026-05-13T10:31:51","date_gmt":"2026-05-13T10:31:51","guid":{"rendered":"https:\/\/cedt.hu\/?page_id=64891"},"modified":"2026-05-13T10:57:56","modified_gmt":"2026-05-13T10:57:56","slug":"keten-2026","status":"publish","type":"page","link":"https:\/\/cedt.hu\/en\/keten-2026\/","title":{"rendered":"KETen3.0"},"content":{"rendered":"<div data-elementor-type=\"wp-page\" data-elementor-id=\"64891\" class=\"elementor elementor-64891\" data-elementor-post-type=\"page\">\n\t\t\t\t\t\t<section class=\"elementor-section elementor-top-section elementor-element elementor-element-ade19fc elementor-section-height-min-height elementor-section-items-stretch elementor-section-boxed elementor-section-height-default\" data-id=\"ade19fc\" data-element_type=\"section\" data-e-type=\"section\" data-settings=\"{&quot;background_background&quot;:&quot;classic&quot;}\">\n\t\t\t\t\t\t\t<div class=\"elementor-background-overlay\"><\/div>\n\t\t\t\t\t\t\t<div class=\"elementor-container elementor-column-gap-default\">\n\t\t\t\t\t<div class=\"elementor-column elementor-col-100 elementor-top-column elementor-element elementor-element-af405fe\" data-id=\"af405fe\" data-element_type=\"column\" data-e-type=\"column\">\n\t\t\t<div class=\"elementor-widget-wrap elementor-element-populated\">\n\t\t\t\t\t\t<div class=\"elementor-element elementor-element-557954a elementor-widget elementor-widget-heading\" data-id=\"557954a\" data-element_type=\"widget\" data-e-type=\"widget\" data-widget_type=\"heading.default\">\n\t\t\t\t<div class=\"elementor-widget-container\">\n\t\t\t\t\t<h2 class=\"elementor-heading-title elementor-size-default\">M\u00e9sz\u00e1ros M\u00e1t\u00e9: KETen3.0<\/h2>\t\t\t\t<\/div>\n\t\t\t\t<\/div>\n\t\t\t\t<div class=\"elementor-element elementor-element-06c46df elementor-widget elementor-widget-spacer\" data-id=\"06c46df\" data-element_type=\"widget\" data-e-type=\"widget\" data-widget_type=\"spacer.default\">\n\t\t\t\t<div class=\"elementor-widget-container\">\n\t\t\t\t\t\t\t<div class=\"elementor-spacer\">\n\t\t\t<div class=\"elementor-spacer-inner\"><\/div>\n\t\t<\/div>\n\t\t\t\t\t\t<\/div>\n\t\t\t\t<\/div>\n\t\t\t\t\t<\/div>\n\t\t<\/div>\n\t\t\t\t\t<\/div>\n\t\t<\/section>\n\t\t\t\t<section class=\"elementor-section elementor-top-section elementor-element elementor-element-3b5c2c3 elementor-section-boxed elementor-section-height-default elementor-section-height-default\" data-id=\"3b5c2c3\" data-element_type=\"section\" data-e-type=\"section\">\n\t\t\t\t\t\t<div class=\"elementor-container elementor-column-gap-default\">\n\t\t\t\t\t<div class=\"elementor-column elementor-col-100 elementor-top-column elementor-element elementor-element-6c978f2\" data-id=\"6c978f2\" data-element_type=\"column\" data-e-type=\"column\">\n\t\t\t<div class=\"elementor-widget-wrap elementor-element-populated\">\n\t\t\t\t\t\t<div class=\"elementor-element elementor-element-2172fc7 elementor-widget elementor-widget-text-editor\" data-id=\"2172fc7\" data-element_type=\"widget\" data-e-type=\"widget\" data-widget_type=\"text-editor.default\">\n\t\t\t\t<div class=\"elementor-widget-container\">\n\t\t\t\t\t\t\t\t\t<p>Az el\u0151ad\u00e1s \u00e9rz\u00e9kenyen reflekt\u00e1l arra, mik\u00e9nt form\u00e1l\u00f3dik az egy\u00e9n \u00e9s a \u201eMi\u201d viszonya a folyamatosan v\u00e1ltoz\u00f3 t\u00e1rsadalmi k\u00f6rnyezetben. A letisztult vizu\u00e1lis vil\u00e1g \u00e9s az epizodikus szerkezet teret ad a szem\u00e9lyes \u00e9rtelmez\u00e9seknek, egy \u00faj perspekt\u00edva az egy\u00fctt\u00e9l\u00e9s, az \u00f6nazonoss\u00e1g \u00e9s az emberi k\u00f6z\u00f6ss\u00e9gek m\u0171k\u00f6d\u00e9s\u00e9nek k\u00e9rd\u00e9seir\u0151l, mik\u00f6zben a test az \u00e9rzelmek \u00e9s gondolatok hordoz\u00f3j\u00e1v\u00e1 v\u00e1lik. Az absztrakt mozg\u00e1svil\u00e1g, a vizu\u00e1lis k\u00f6rnyezet \u00e9s az epizodikus szerkezet szem\u00e9lyes \u00e9rtelmez\u00e9si lehet\u0151s\u00e9get k\u00edn\u00e1l a n\u00e9z\u0151 sz\u00e1m\u00e1ra.<\/p><p><strong>Choreographer: <\/strong><em>M\u00e1t\u00e9 M\u00e9sz\u00e1ros<\/em><br \/><strong>Zene: <\/strong><em>Porteleki \u00c1ron<\/em><br \/><strong>L\u00e1tv\u00e1ny: <\/strong><em>Pet\u0151 J\u00f3zsef<\/em><br \/><strong>Light: <\/strong><em>Attila Matus<\/em><br \/><strong>M\u0171v\u00e9szeti tan\u00e1csad\u00f3: <\/strong><em>Csaba Sz\u00f6gi<\/em><br \/><strong>El\u0151ad\u00f3: <\/strong><em>Central Europe Dance Theatre<\/em><\/p>\t\t\t\t\t\t\t\t<\/div>\n\t\t\t\t<\/div>\n\t\t\t\t\t<\/div>\n\t\t<\/div>\n\t\t\t\t\t<\/div>\n\t\t<\/section>\n\t\t\t\t<\/div>","protected":false},"excerpt":{"rendered":"<p>M\u00e9sz\u00e1ros M\u00e1t\u00e9: KETen3.0 Az el\u0151ad\u00e1s \u00e9rz\u00e9kenyen reflekt\u00e1l arra, mik\u00e9nt form\u00e1l\u00f3dik az egy\u00e9n \u00e9s a \u201eMi\u201d viszonya a folyamatosan v\u00e1ltoz\u00f3 t\u00e1rsadalmi k\u00f6rnyezetben. A letisztult vizu\u00e1lis vil\u00e1g \u00e9s az epizodikus szerkezet teret ad a szem\u00e9lyes \u00e9rtelmez\u00e9seknek, egy \u00faj perspekt\u00edva az egy\u00fctt\u00e9l\u00e9s, az \u00f6nazonoss\u00e1g \u00e9s az emberi k\u00f6z\u00f6ss\u00e9gek m\u0171k\u00f6d\u00e9s\u00e9nek k\u00e9rd\u00e9seir\u0151l, mik\u00f6zben a test az \u00e9rzelmek \u00e9s gondolatok hordoz\u00f3j\u00e1v\u00e1 [&hellip;]<\/p>\n","protected":false},"author":6,"featured_media":0,"parent":0,"menu_order":0,"comment_status":"closed","ping_status":"closed","template":"elementor_header_footer","meta":{"footnotes":""},"class_list":["post-64891","page","type-page","status-publish","hentry"],"_links":{"self":[{"href":"https:\/\/cedt.hu\/en\/wp-json\/wp\/v2\/pages\/64891","targetHints":{"allow":["GET"]}}],"collection":[{"href":"https:\/\/cedt.hu\/en\/wp-json\/wp\/v2\/pages"}],"about":[{"href":"https:\/\/cedt.hu\/en\/wp-json\/wp\/v2\/types\/page"}],"author":[{"embeddable":true,"href":"https:\/\/cedt.hu\/en\/wp-json\/wp\/v2\/users\/6"}],"replies":[{"embeddable":true,"href":"https:\/\/cedt.hu\/en\/wp-json\/wp\/v2\/comments?post=64891"}],"version-history":[{"count":9,"href":"https:\/\/cedt.hu\/en\/wp-json\/wp\/v2\/pages\/64891\/revisions"}],"predecessor-version":[{"id":64950,"href":"https:\/\/cedt.hu\/en\/wp-json\/wp\/v2\/pages\/64891\/revisions\/64950"}],"wp:attachment":[{"href":"https:\/\/cedt.hu\/en\/wp-json\/wp\/v2\/media?parent=64891"}],"curies":[{"name":"wp","href":"https:\/\/api.w.org\/{rel}","templated":true}]}}