{"id":64053,"date":"2026-03-31T12:12:43","date_gmt":"2026-03-31T12:12:43","guid":{"rendered":"https:\/\/cedt.hu\/?page_id=64053"},"modified":"2026-03-31T12:55:27","modified_gmt":"2026-03-31T12:55:27","slug":"ket-dijak","status":"publish","type":"page","link":"https:\/\/cedt.hu\/en\/ket-dijak\/","title":{"rendered":"Awards"},"content":{"rendered":"<div data-elementor-type=\"wp-page\" data-elementor-id=\"64053\" class=\"elementor elementor-64053\" data-elementor-post-type=\"page\">\n\t\t\t\t\t\t<section class=\"elementor-section elementor-top-section elementor-element elementor-element-03ec3fe elementor-section-boxed elementor-section-height-default elementor-section-height-default\" data-id=\"03ec3fe\" data-element_type=\"section\" data-e-type=\"section\">\n\t\t\t\t\t\t<div class=\"elementor-container elementor-column-gap-default\">\n\t\t\t\t\t<div class=\"elementor-column elementor-col-100 elementor-top-column elementor-element elementor-element-d0199c2\" data-id=\"d0199c2\" data-element_type=\"column\" data-e-type=\"column\">\n\t\t\t<div class=\"elementor-widget-wrap elementor-element-populated\">\n\t\t\t\t\t\t<div class=\"elementor-element elementor-element-64b21f3 elementor-widget elementor-widget-text-editor\" data-id=\"64b21f3\" data-element_type=\"widget\" data-e-type=\"widget\" data-widget_type=\"text-editor.default\">\n\t\t\t\t<div class=\"elementor-widget-container\">\n\t\t\t\t\t\t\t\t\t<p><b><span data-contrast=\"auto\">2025<\/span><\/b>\u00a0<br \/><b><span data-contrast=\"auto\">Csaba Sz\u00f6gi<\/span><\/b>,\u00a0<span data-contrast=\"auto\">S\u00e1ndor Hevesi Prize<\/span><span data-ccp-props=\"{&quot;134233117&quot;:false,&quot;134233118&quot;:false,&quot;201341983&quot;:0,&quot;335551550&quot;:1,&quot;335551620&quot;:1,&quot;335557856&quot;:16777215,&quot;335559685&quot;:0,&quot;335559737&quot;:0,&quot;335559738&quot;:0,&quot;335559739&quot;:360,&quot;335559740&quot;:240}\">\u00a0<\/span><\/p><p><b><span data-contrast=\"auto\">2022<br \/><\/span><\/b><b><span data-contrast=\"auto\">L\u00e1szl\u00f3 M\u00e1di<\/span><\/b>, <span data-contrast=\"auto\">Award of the Hungarian Bronze Cross of Merit<\/span><span data-ccp-props=\"{&quot;201341983&quot;:0,&quot;335557856&quot;:16777215,&quot;335559739&quot;:360,&quot;335559740&quot;:240}\">\u00a0<\/span><\/p><p><b><span data-contrast=\"auto\">2020<\/span><\/b><br \/><b><span data-contrast=\"auto\">Adrienn Horv\u00e1th<\/span><\/b>, <span data-contrast=\"auto\">Award of the Hungarian Silver Cross of Merit<\/span><span data-ccp-props=\"{&quot;201341983&quot;:0,&quot;335557856&quot;:16777215,&quot;335559739&quot;:360,&quot;335559740&quot;:240}\">\u00a0<br \/><\/span><b><span data-contrast=\"auto\">Anna Szilv\u00e1si<\/span><\/b>, <span data-contrast=\"auto\">Viktor F\u00fcl\u00f6p scholarship<\/span><\/p><p><b><span data-contrast=\"auto\">2019<br \/><\/span><\/b><b><span data-contrast=\"auto\">Square wall<\/span><\/b>, <span data-contrast=\"auto\">Best Company Performance Award: to Central Europe Dance Theatre for L\u00e1szl\u00f3 M\u00e1di's production of Square Eaters<br \/><\/span><b><span data-contrast=\"auto\">Central Europe Dance Theatre<\/span><\/b>, <span data-contrast=\"auto\">Pro Artis Erzs\u00e9betv\u00e1ros Award 2019<\/span><span data-ccp-props=\"{&quot;201341983&quot;:0,&quot;335557856&quot;:16777215,&quot;335559739&quot;:360,&quot;335559740&quot;:240}\">\u00a0<br \/><\/span><b><span data-contrast=\"auto\">Csaba Sz\u00f6gi<\/span><\/b>, <span data-contrast=\"auto\">Artist of Merit of Hungary<\/span><span data-ccp-props=\"{&quot;201341983&quot;:0,&quot;335557856&quot;:16777215,&quot;335559739&quot;:360,&quot;335559740&quot;:240}\">\u00a0<\/span><\/p><p><b><span data-contrast=\"auto\">2018<\/span><\/b><span data-ccp-props=\"{&quot;201341983&quot;:0,&quot;335559739&quot;:0,&quot;335559740&quot;:240}\">\u00a0<br \/><\/span><b><span data-contrast=\"auto\">Kl\u00e1ra \u00c9berhardt<\/span><\/b>, <span data-contrast=\"auto\">Award of the Hungarian Silver Cross of Merit<\/span><span data-ccp-props=\"{&quot;201341983&quot;:0,&quot;335557856&quot;:16777215,&quot;335559739&quot;:360,&quot;335559740&quot;:240}\">\u00a0<br \/><\/span><b><span data-contrast=\"auto\">IKF Talent Programme - Simk\u00f3 Beatrix<\/span><\/b>, <span data-contrast=\"auto\">KERENG\u0150 - Rudolf L\u00e1b\u00e1n Award nominee<\/span><span data-ccp-props=\"{&quot;201341983&quot;:0,&quot;335557856&quot;:16777215,&quot;335559739&quot;:360,&quot;335559740&quot;:240}\">\u00a0<br \/><\/span><b><span data-contrast=\"auto\">LILITH<\/span><\/b>, <span data-contrast=\"auto\">Rudolf L\u00e1b\u00e1n Award nominee<br \/><\/span><b><span data-contrast=\"auto\">Zolt\u00e1n Fogarasi<\/span><\/b>, <span data-contrast=\"auto\">Awarded the Hungarian Gold Cross of Merit<br \/><\/span><b><span data-contrast=\"auto\">Zsanett Jakab<\/span><\/b>, <span data-contrast=\"auto\">Zsanett Jakab dance artist, Viktor F\u00fcl\u00f6p awarded a scholarship<\/span><span data-ccp-props=\"{&quot;201341983&quot;:0,&quot;335557856&quot;:16777215,&quot;335559739&quot;:360,&quot;335559740&quot;:240}\">\u00a0<\/span><\/p><p><b><span data-contrast=\"auto\">2017<\/span><\/b><span data-ccp-props=\"{&quot;201341983&quot;:0,&quot;335559739&quot;:0,&quot;335559740&quot;:240}\">\u00a0<br \/><\/span><b><span data-contrast=\"auto\">Csaba Sz\u00f6gi<\/span><\/b>, <span data-contrast=\"auto\">\u201ePro Urbe Erzs\u00e9betv\u00e1ros\u201d award 201<br \/><b>Csaba Sz\u00f6gi<\/b>, Hungarian Cross of the Order of Merit, civilian category\u00a0<br \/><\/span><b><span data-contrast=\"auto\">G\u00e1bor Ivanov<\/span><\/b>, <span data-contrast=\"auto\">Viktor F\u00fcl\u00f6p scholarship<\/span><\/p><p><b><span data-contrast=\"auto\">2016<\/span><\/b><span data-ccp-props=\"{&quot;201341983&quot;:0,&quot;335559739&quot;:0,&quot;335559740&quot;:240}\">\u00a0<br \/><\/span><b><span data-contrast=\"auto\">G\u00e1bor Ivanov<\/span><\/b>, <span data-contrast=\"auto\">Within the framework of the XVIII National Contemporary Arts Meeting - Dance Festival, G\u00e1bor Ivanov received the Performer Award for his performance in the Central European Dance Theatre's K-Arcsok - Gentlemen.<\/span><span data-ccp-props=\"{&quot;201341983&quot;:0,&quot;335557856&quot;:16777215,&quot;335559739&quot;:360,&quot;335559740&quot;:240}\">\u00a0<\/span><\/p><p><b><span data-contrast=\"auto\">2015<\/span><\/b><span data-ccp-props=\"{&quot;201341983&quot;:0,&quot;335559739&quot;:0,&quot;335559740&quot;:240}\">\u00a0<br \/><\/span><b><span data-contrast=\"auto\">Horda2<\/span><\/b><span data-ccp-props=\"{&quot;201341983&quot;:0,&quot;335557856&quot;:16777215,&quot;335559739&quot;:0,&quot;335559740&quot;:240}\">, <\/span><span data-contrast=\"auto\">Special Award for the Future of Dance - Festival of Dance, Veszpr\u00e9m<br \/><\/span><b><span data-contrast=\"auto\">\u00c1d\u00e1m Frigy<\/span><\/b>, <span data-contrast=\"auto\">\u00c1d\u00e1m Frigy, dance artist, received a Viktor F\u00fcl\u00f6p scholarship.<\/span><span data-ccp-props=\"{&quot;201341983&quot;:0,&quot;335557856&quot;:16777215,&quot;335559739&quot;:360,&quot;335559740&quot;:240}\">\u00a0<\/span><\/p><p><b><span data-contrast=\"auto\">2014<\/span><\/b><span data-ccp-props=\"{&quot;201341983&quot;:0,&quot;335559739&quot;:0,&quot;335559740&quot;:240}\">\u00a0<br \/><\/span><b><span data-contrast=\"auto\">Horda2<\/span><\/b>, <span data-contrast=\"auto\">Institute for Educational Development and Research Public Education Award for outstanding youth performance (National Dance Theatre - K\u00e1va - KET joint production)<\/span><span data-ccp-props=\"{&quot;201341983&quot;:0,&quot;335557856&quot;:16777215,&quot;335559739&quot;:360,&quot;335559740&quot;:240}\">\u00a0<\/span><\/p><p><b><span data-contrast=\"auto\">2013<\/span><\/b><span data-ccp-props=\"{&quot;201341983&quot;:0,&quot;335559739&quot;:0,&quot;335559740&quot;:240}\">\u00a0<br \/><\/span><b><span data-contrast=\"auto\">Adrienn Horv\u00e1th<\/span><\/b>, <span data-contrast=\"auto\">Viktor F\u00fcl\u00f6p scholarship<br \/><\/span><b><span data-contrast=\"auto\">S\u00e1ndor Petrovics<\/span><\/b>, <span data-contrast=\"auto\">Viktor F\u00fcl\u00f6p scholarship<br \/><\/span><b><span data-contrast=\"auto\">When Attila, <\/span><\/b><span data-contrast=\"auto\">Imre Zolt\u00e1n Prize<\/span><\/p><p><b><span data-contrast=\"auto\">2012<\/span><\/b><span data-ccp-props=\"{&quot;201341983&quot;:0,&quot;335559739&quot;:0,&quot;335559740&quot;:240}\">\u00a0<br \/><\/span><b><span data-contrast=\"auto\">ArTeRrOr<\/span><\/b> - <b><span data-contrast=\"auto\">Maday T\u00edmea Kinga<\/span><\/b>, <span data-contrast=\"auto\">At the Veszpr\u00e9m Dance Festival, dance artist and choreographer T\u00edmea Kinga Maday received the Best Choreographer award for her choreography Ocean's Five.<br \/><\/span><b><span data-contrast=\"auto\">Mariann Hargitai<\/span><\/b>, <span data-contrast=\"auto\">The Hungarian Dancers' Association awarded Mariann Hargitai with the Best Female Dancer of the Year Award<br \/><\/span><b><span data-contrast=\"auto\">J\u00f3zsef H\u00e1mor<\/span><\/b>, <span data-contrast=\"auto\">Imre Zolt\u00e1n Prize<\/span><\/p><p><b><span data-contrast=\"auto\">2011<\/span><\/b><span data-ccp-props=\"{&quot;201341983&quot;:0,&quot;335559739&quot;:0,&quot;335559740&quot;:240}\">\u00a0<br \/><\/span><b><span data-contrast=\"auto\">Irrevocable<\/span><\/b> - <b><span data-contrast=\"auto\">Zsuzsa J\u00f3n\u00e1s<\/span><\/b>, <span data-contrast=\"auto\">At the XIV Veszpr\u00e9m Dance Festival, Zsuzsa J\u00f3n\u00e1s received the Best First Choreography Award and KET the Best Company Award.<br \/><b>Zsuzsa J\u00f3n\u00e1s<\/b>, Viktor F\u00fcl\u00f6p creative grant<br \/><\/span><b><span data-contrast=\"auto\">Zolt\u00e1n Katonka<\/span><\/b><span data-ccp-props=\"{&quot;201341983&quot;:0,&quot;335557856&quot;:16777215,&quot;335559739&quot;:0,&quot;335559740&quot;:240}\">, <\/span><span data-contrast=\"auto\">The Hungarian Dance Artists Association voted Zoltan Katonka, member of the Central Europe Dance Theatre, the best male dancer of the season<br \/><\/span><b><span data-contrast=\"auto\">Melinda Vir\u00e1g<\/span><\/b>, <span data-contrast=\"auto\">Viktor F\u00fcl\u00f6p creative grant<br \/><\/span><b><span data-contrast=\"auto\">Maday T\u00edmea Kinga<\/span><\/b><span data-ccp-props=\"{&quot;201341983&quot;:0,&quot;335557856&quot;:16777215,&quot;335559739&quot;:0,&quot;335559740&quot;:240}\">, <\/span><span data-contrast=\"auto\">Viktor F\u00fcl\u00f6p Lecture Fellowship<br \/><strong>ArTeRrOr - Maday T\u00edmea Kinga<\/strong> Ocean's Five choreography wins the professional prize at the Budapest Fringe Festival<br \/><\/span><b><span data-contrast=\"auto\">Zsuzsa J\u00f3n\u00e1s<\/span><\/b><span data-ccp-props=\"{&quot;201341983&quot;:0,&quot;335557856&quot;:16777215,&quot;335559739&quot;:0,&quot;335559740&quot;:240}\">,\u00a0<\/span><span data-contrast=\"auto\">Gyula Harangoz\u00f3 Prize<\/span><\/p><p><b><span data-contrast=\"auto\">2010<\/span><\/b><span data-ccp-props=\"{&quot;201341983&quot;:0,&quot;335559739&quot;:0,&quot;335559740&quot;:240}\">\u00a0<br \/><\/span><b><span data-contrast=\"auto\">Something(s) happened<\/span><\/b><span data-ccp-props=\"{&quot;201341983&quot;:0,&quot;335557856&quot;:16777215,&quot;335559739&quot;:0,&quot;335559740&quot;:240}\">,<\/span><span data-contrast=\"auto\">\u00a0XIII Veszpr\u00e9m Dance Festival: Kl\u00e1ri Pataky Choreographer Award<br \/><\/span><b><span data-contrast=\"auto\">Storm<\/span><\/b><span data-ccp-props=\"{&quot;201341983&quot;:0,&quot;335557856&quot;:16777215,&quot;335559739&quot;:0,&quot;335559740&quot;:240}\">,\u00a0<\/span><span data-contrast=\"auto\">XIII Veszpr\u00e9m Dance Festival : Festival Photographer Award<br \/><\/span><b><span data-contrast=\"auto\">\u00c9va Duda<\/span><\/b><span data-ccp-props=\"{&quot;201341983&quot;:0,&quot;335557856&quot;:16777215,&quot;335559739&quot;:0,&quot;335559740&quot;:240}\">,\u00a0<\/span><span data-contrast=\"auto\">The Association of Hungarian Dance Artists awarded the \u201eBest Creator of the Year\u201d prize to \u00c9va Duda<br \/><\/span><b><span data-contrast=\"auto\">Zsuzsa J\u00f3n\u00e1s<\/span><\/b><span data-ccp-props=\"{&quot;201341983&quot;:0,&quot;335557856&quot;:16777215,&quot;335559739&quot;:0,&quot;335559740&quot;:240}\">,\u00a0<\/span><span data-contrast=\"auto\">The Association of Hungarian Dancers awarded the \u201eBest Female Dancer of the Year\u201d prize to Zsuzsa J\u00f3n\u00e1s<\/span>\u00a0<br \/><b><span data-contrast=\"auto\">Csaba Sz\u00f6gi<\/span><\/b><span data-ccp-props=\"{&quot;201341983&quot;:0,&quot;335557856&quot;:16777215,&quot;335559739&quot;:0,&quot;335559740&quot;:240}\">, <\/span><span data-contrast=\"auto\">The Association of Hungarian Dance Artists awarded the \u201eFor Dance Art\u201d prize to Csaba Sz\u00f6gi, Harangoz\u00f3 Prize-winning dance artist, choreographer and director of the Central Europe Dance Theatre<br \/><\/span><b><span data-contrast=\"auto\">Kriszti\u00e1n Gergye<\/span><\/b>,\u00a0<span data-contrast=\"auto\">Imre Zolt\u00e1n Prize<br \/><\/span><b><span data-contrast=\"auto\">Melinda Vir\u00e1g<\/span><\/b><span data-ccp-props=\"{&quot;201341983&quot;:0,&quot;335557856&quot;:16777215,&quot;335559739&quot;:0,&quot;335559740&quot;:240}\">,\u00a0<\/span><span data-contrast=\"auto\">Viktor F\u00fcl\u00f6p Choreography Scholarship<br \/><\/span><b><span data-contrast=\"auto\">J\u00f3zsef H\u00e1mor<\/span><\/b><span data-ccp-props=\"{&quot;201341983&quot;:0,&quot;335557856&quot;:16777215,&quot;335559739&quot;:0,&quot;335559740&quot;:240}\">,\u00a0<\/span><span data-contrast=\"auto\">Awarded the Gyula Harangoz\u00f3 Prize for his creative, performing, scientific and pedagogical activities in the field of dance to J\u00f3zsef H\u00e1mor, dance artist, choreographer and artistic director<br \/><\/span><b><span data-contrast=\"auto\">Sound images<\/span><\/b><span data-ccp-props=\"{&quot;201341983&quot;:0,&quot;335557856&quot;:16777215,&quot;335559739&quot;:0,&quot;335559740&quot;:240}\">,\u00a0<\/span><span data-contrast=\"auto\">Sound images Rudolf L\u00e1b\u00e1n nominated for a prize<br \/><\/span><b><span data-contrast=\"auto\">Something(s) happened<\/span><\/b><span data-ccp-props=\"{&quot;201341983&quot;:0,&quot;335557856&quot;:16777215,&quot;335559739&quot;:0,&quot;335559740&quot;:240}\">, <\/span><span data-contrast=\"auto\">He was nominated for the Rudolf L\u00e1b\u00e1n Prize.<\/span><span data-ccp-props=\"{&quot;201341983&quot;:0,&quot;335557856&quot;:16777215,&quot;335559739&quot;:360,&quot;335559740&quot;:240}\">\u00a0<\/span><\/p><p><b><span data-contrast=\"auto\">2009<\/span><\/b><span data-ccp-props=\"{&quot;201341983&quot;:0,&quot;335559739&quot;:0,&quot;335559740&quot;:240}\">\u00a0<br \/><\/span><b><span data-contrast=\"auto\">Zolt\u00e1n Katonka<\/span><\/b> - <b><span data-contrast=\"auto\">Carnival<\/span><\/b><span data-ccp-props=\"{&quot;201341983&quot;:0,&quot;335557856&quot;:16777215,&quot;335559739&quot;:0,&quot;335559740&quot;:240}\">,\u00a0<\/span><span data-contrast=\"auto\">XII Veszpr\u00e9m Dance Festival - Best male performer award shared by Zolt\u00e1n Katonka, R\u00f3bert Kiss and L\u00e1szl\u00f3 Major<br \/><\/span><b><span data-contrast=\"auto\">Csaba Sz\u00f6gi<\/span><\/b><span data-ccp-props=\"{&quot;201341983&quot;:0,&quot;335557856&quot;:16777215,&quot;335559739&quot;:0,&quot;335559740&quot;:240}\">, <\/span><span data-contrast=\"auto\">Imre Zolt\u00e1n Prize<br \/><\/span><b><span data-contrast=\"auto\">The Unknown<\/span><\/b><span data-ccp-props=\"{&quot;201341983&quot;:0,&quot;335557856&quot;:16777215,&quot;335559739&quot;:0,&quot;335559740&quot;:240}\">,\u00a0<\/span><span data-contrast=\"auto\">Veliky Novgorod, Kingfestival X International Theatre Festival (Russia) - Best Performer Award won by N\u00f3ra Palcs\u00f3<br \/><\/span><b><span data-contrast=\"auto\">Kriszti\u00e1n Gergye<\/span><\/b><span data-ccp-props=\"{&quot;201341983&quot;:0,&quot;335557856&quot;:16777215,&quot;335559739&quot;:0,&quot;335559740&quot;:240}\">,\u00a0<\/span><span data-contrast=\"auto\">Gyula Harangoz\u00f3 Prize<br \/><\/span><b><span data-contrast=\"auto\">\u00c9va Duda<\/span><\/b><span data-ccp-props=\"{&quot;201341983&quot;:0,&quot;335557856&quot;:16777215,&quot;335559739&quot;:0,&quot;335559740&quot;:240}\">,\u00a0<\/span><span data-contrast=\"auto\">Gyula Harangoz\u00f3 Prize<\/span><span data-ccp-props=\"{&quot;201341983&quot;:0,&quot;335557856&quot;:16777215,&quot;335559739&quot;:360,&quot;335559740&quot;:240}\">\u00a0<\/span><\/p><p><b><span data-contrast=\"auto\">2008<\/span><\/b><span data-ccp-props=\"{&quot;201341983&quot;:0,&quot;335559739&quot;:0,&quot;335559740&quot;:240}\">\u00a0<\/span><\/p><p><strong>T.E.S.T. \/ T.E.S.T. II.<\/strong>, <span data-contrast=\"auto\">III International Monodance Festival Audience Award Winner<br \/><\/span><b><span data-contrast=\"auto\">J\u00f3zsef H\u00e1mor<\/span><\/b> - <b><span data-contrast=\"auto\">Caravan<\/span><\/b><span data-ccp-props=\"{&quot;201341983&quot;:0,&quot;335557856&quot;:16777215,&quot;335559739&quot;:0,&quot;335559740&quot;:240}\">,\u00a0<\/span><span data-contrast=\"auto\">XI Veszpr\u00e9m Dance Festival - J\u00f3zse H\u00e1mor receives the Best Choreographer Award<\/span>f<br \/><b><span data-contrast=\"auto\">Zolt\u00e1n Katonka<\/span><\/b><span data-ccp-props=\"{&quot;201341983&quot;:0,&quot;335557856&quot;:16777215,&quot;335559739&quot;:0,&quot;335559740&quot;:240}\">,\u00a0<\/span><span data-contrast=\"auto\">Viktor F\u00fcl\u00f6p scholarship<\/span><span data-ccp-props=\"{&quot;201341983&quot;:0,&quot;335557856&quot;:16777215,&quot;335559739&quot;:360,&quot;335559740&quot;:240}\">\u00a0<br \/><\/span><b><span data-contrast=\"auto\">Altera Pars<\/span><\/b>,\u00a0<span data-contrast=\"auto\">Rudolf L\u00e1b\u00e1n nominated for an award<br \/><\/span><b><span data-contrast=\"auto\">T.E.S.T.<\/span><\/b><span data-ccp-props=\"{&quot;201341983&quot;:0,&quot;335557856&quot;:16777215,&quot;335559739&quot;:0,&quot;335559740&quot;:240}\">,<\/span><span data-contrast=\"auto\"> He was nominated for the Rudolf L\u00e1b\u00e1n Prize.<\/span><span data-ccp-props=\"{&quot;201341983&quot;:0,&quot;335557856&quot;:16777215,&quot;335559739&quot;:360,&quot;335559740&quot;:240}\">\u00a0<\/span><\/p><p><b><span data-contrast=\"auto\">2007<\/span><\/b><span data-ccp-props=\"{&quot;201341983&quot;:0,&quot;335559739&quot;:0,&quot;335559740&quot;:240}\">\u00a0<br \/><\/span><b><span data-contrast=\"auto\">Zolt\u00e1n Katonka<\/span><\/b>,\u00a0<span data-contrast=\"auto\">Viktor F\u00fcl\u00f6p scholarship<\/span><span data-ccp-props=\"{&quot;201341983&quot;:0,&quot;335557856&quot;:16777215,&quot;335559739&quot;:360,&quot;335559740&quot;:240}\">\u00a0<\/span><\/p><p><b><span data-contrast=\"auto\">2006<\/span><\/b><span data-ccp-props=\"{&quot;201341983&quot;:0,&quot;335559739&quot;:0,&quot;335559740&quot;:240}\">\u00a0<br \/><\/span><b><span data-contrast=\"auto\">Katalin Fodor<\/span><\/b>,\u00a0<span data-contrast=\"auto\">Gold Cross of Merit of the Republic of Hungary<\/span><\/p><p><b><span data-contrast=\"auto\">2005<br \/><\/span><\/b><b><span data-contrast=\"auto\">G\u00e1bor Katona<\/span><\/b>, <span data-contrast=\"auto\">Gyula Harangoz\u00f3 Prize<\/span><\/p><p><b><span data-contrast=\"auto\">2003<\/span><\/b><span data-ccp-props=\"{&quot;201341983&quot;:0,&quot;335559739&quot;:0,&quot;335559740&quot;:240}\">\u00a0<br \/><\/span><b><span data-contrast=\"auto\">Csaba Sz\u00f6gi<\/span><\/b><span data-ccp-props=\"{&quot;201341983&quot;:0,&quot;335557856&quot;:16777215,&quot;335559739&quot;:0,&quot;335559740&quot;:240}\">,\u00a0<\/span><span data-contrast=\"auto\">Gyula Harangoz\u00f3 received the award<\/span><\/p><p><b><span data-contrast=\"auto\">1999<\/span><\/b><span data-ccp-props=\"{&quot;201341983&quot;:0,&quot;335559739&quot;:0,&quot;335559740&quot;:240}\">\u00a0<br \/><\/span><b><span data-contrast=\"auto\">Csaba Sz\u00f6gi<\/span><\/b><span data-ccp-props=\"{&quot;201341983&quot;:0,&quot;335557856&quot;:16777215,&quot;335559739&quot;:0,&quot;335559740&quot;:240}\">,\u00a0<\/span><span data-contrast=\"auto\">Csaba Sz\u00f6gi, dance artist, choreographer and dance teacher was awarded the title of Knight of Hungarian Culture<\/span><\/p><p><b><span data-contrast=\"auto\">1998<\/span><\/b><span data-ccp-props=\"{&quot;201341983&quot;:0,&quot;335559739&quot;:0,&quot;335559740&quot;:240}\">\u00a0<br \/><\/span><b><span data-contrast=\"auto\">Csaba Sz\u00f6gi<\/span><\/b><span data-ccp-props=\"{&quot;201341983&quot;:0,&quot;335557856&quot;:16777215,&quot;335559739&quot;:0,&quot;335559740&quot;:240}\">, <\/span><span data-contrast=\"auto\">Csaba Sz\u00f6gi, Gyula Harangoz\u00f3 Award-winning dance artist, choreographer, dance teacher, director of the Central Europe Dance Theatre, received the Order of Merit of the Republic of Hungary (Knight's Cross)<\/span><\/p><p><b><span data-contrast=\"auto\">1996<br \/><\/span><\/b><b><span data-contrast=\"auto\">Katalin Fodor<\/span><\/b><span data-ccp-props=\"{&quot;201341983&quot;:0,&quot;335557856&quot;:16777215,&quot;335559739&quot;:0,&quot;335559740&quot;:240}\">,\u00a0<\/span><span data-contrast=\"auto\">Katalin Fodor, dance artist, winner of the Gyula Harangoz\u00f3 Prize<\/span><\/p>\t\t\t\t\t\t\t\t<\/div>\n\t\t\t\t<\/div>\n\t\t\t\t\t<\/div>\n\t\t<\/div>\n\t\t\t\t\t<\/div>\n\t\t<\/section>\n\t\t\t\t<\/div>","protected":false},"excerpt":{"rendered":"<p>2025\u00a0Sz\u00f6gi Csaba,\u00a0Hevesi S\u00e1ndor d\u00edj\u00a0 2022M\u00e1di L\u00e1szl\u00f3, Magyar Bronz \u00c9rdemkereszt kit\u00fcntet\u00e9s\u00a0 2020Horv\u00e1th Adrienn, Magyar Ez\u00fcst \u00c9rdemkereszt kit\u00fcntet\u00e9s\u00a0Szilv\u00e1si Anna, F\u00fcl\u00f6p Viktor \u00f6szt\u00f6nd\u00edj 2019T\u00e9rfal\u00f3k, Legjobb t\u00e1rsulati teljes\u00edtm\u00e9ny d\u00edj: K\u00f6z\u00e9p-Eur\u00f3pa T\u00e1ncsz\u00ednh\u00e1znak M\u00e1di L\u00e1szl\u00f3: T\u00e9rfal\u00f3k c\u00edm\u0171 produkci\u00f3j\u00e1\u00e9rtK\u00f6z\u00e9p-Eur\u00f3pa T\u00e1ncsz\u00ednh\u00e1z, Pro Artis Erzs\u00e9betv\u00e1ros d\u00edj 2019\u00a0Sz\u00f6gi Csaba, Magyarorsz\u00e1g \u00c9rdemes M\u0171v\u00e9sze\u00a0 2018\u00a0\u00c9berhardt Kl\u00e1ra, Magyar Ez\u00fcst \u00c9rdemkereszt kit\u00fcntet\u00e9s\u00a0IKF Tehets\u00e9gprogram \u2013 Simk\u00f3 Beatrix, KERENG\u0150 &#8211; L\u00e1b\u00e1n [&hellip;]<\/p>\n","protected":false},"author":6,"featured_media":0,"parent":0,"menu_order":0,"comment_status":"closed","ping_status":"closed","template":"","meta":{"footnotes":""},"class_list":["post-64053","page","type-page","status-publish","hentry"],"_links":{"self":[{"href":"https:\/\/cedt.hu\/en\/wp-json\/wp\/v2\/pages\/64053","targetHints":{"allow":["GET"]}}],"collection":[{"href":"https:\/\/cedt.hu\/en\/wp-json\/wp\/v2\/pages"}],"about":[{"href":"https:\/\/cedt.hu\/en\/wp-json\/wp\/v2\/types\/page"}],"author":[{"embeddable":true,"href":"https:\/\/cedt.hu\/en\/wp-json\/wp\/v2\/users\/6"}],"replies":[{"embeddable":true,"href":"https:\/\/cedt.hu\/en\/wp-json\/wp\/v2\/comments?post=64053"}],"version-history":[{"count":9,"href":"https:\/\/cedt.hu\/en\/wp-json\/wp\/v2\/pages\/64053\/revisions"}],"predecessor-version":[{"id":64109,"href":"https:\/\/cedt.hu\/en\/wp-json\/wp\/v2\/pages\/64053\/revisions\/64109"}],"wp:attachment":[{"href":"https:\/\/cedt.hu\/en\/wp-json\/wp\/v2\/media?parent=64053"}],"curies":[{"name":"wp","href":"https:\/\/api.w.org\/{rel}","templated":true}]}}