{"id":63574,"date":"2026-03-10T10:28:23","date_gmt":"2026-03-10T10:28:23","guid":{"rendered":"https:\/\/cedt.hu\/?page_id=63574"},"modified":"2026-03-10T13:09:57","modified_gmt":"2026-03-10T13:09:57","slug":"doktrina","status":"publish","type":"page","link":"https:\/\/cedt.hu\/en\/doktrina\/","title":{"rendered":"Doctrine"},"content":{"rendered":"<div data-elementor-type=\"wp-page\" data-elementor-id=\"63574\" class=\"elementor elementor-63574\" data-elementor-post-type=\"page\">\n\t\t\t\t\t\t<section class=\"elementor-section elementor-top-section elementor-element elementor-element-ade19fc elementor-section-height-min-height elementor-section-items-stretch elementor-section-boxed elementor-section-height-default\" data-id=\"ade19fc\" data-element_type=\"section\" data-e-type=\"section\" data-settings=\"{&quot;background_background&quot;:&quot;classic&quot;}\">\n\t\t\t\t\t\t\t<div class=\"elementor-background-overlay\"><\/div>\n\t\t\t\t\t\t\t<div class=\"elementor-container elementor-column-gap-default\">\n\t\t\t\t\t<div class=\"elementor-column elementor-col-100 elementor-top-column elementor-element elementor-element-af405fe\" data-id=\"af405fe\" data-element_type=\"column\" data-e-type=\"column\">\n\t\t\t<div class=\"elementor-widget-wrap elementor-element-populated\">\n\t\t\t\t\t\t<div class=\"elementor-element elementor-element-557954a elementor-widget elementor-widget-heading\" data-id=\"557954a\" data-element_type=\"widget\" data-e-type=\"widget\" data-widget_type=\"heading.default\">\n\t\t\t\t<div class=\"elementor-widget-container\">\n\t\t\t\t\t<h2 class=\"elementor-heading-title elementor-size-default\">K-Arcok: L\u00e1szl\u00f3 M\u00e1di - Doctrina <\/h2>\t\t\t\t<\/div>\n\t\t\t\t<\/div>\n\t\t\t\t<div class=\"elementor-element elementor-element-06c46df elementor-widget elementor-widget-spacer\" data-id=\"06c46df\" data-element_type=\"widget\" data-e-type=\"widget\" data-widget_type=\"spacer.default\">\n\t\t\t\t<div class=\"elementor-widget-container\">\n\t\t\t\t\t\t\t<div class=\"elementor-spacer\">\n\t\t\t<div class=\"elementor-spacer-inner\"><\/div>\n\t\t<\/div>\n\t\t\t\t\t\t<\/div>\n\t\t\t\t<\/div>\n\t\t\t\t\t<\/div>\n\t\t<\/div>\n\t\t\t\t\t<\/div>\n\t\t<\/section>\n\t\t\t\t<\/div>","protected":false},"excerpt":{"rendered":"<p>K-Arcok: M\u00e1di L\u00e1szl\u00f3 &#8211; Doktrina Bels\u0151 vil\u00e1g titkai, rejtett zugok,\u202f\u202f\u202f\u00a0Nyugtalans\u00e1g, elfojtott s\u00f3hajok.\u202f\u202f\u202f\u00a0Mozdulatok besz\u00e9lnek, szavak n\u00e9lk\u00fcl,\u202f\u202f\u202f\u00a0A l\u00e9lek t\u00e1ncol, szabadon \u00e9s v\u00e9g\u00fcl.\u202f\u00a0 \u00daj doktrin\u00e1t hozunk, konszenzus terem,\u202f\u202f\u202fF\u00fcstkarik\u00e1kban \u00faszik a rejtett jelen.\u202f\u202f\u202f\u00a0Paracelzusz \u00e9l, az id\u0151k m\u00e9ly\u00e9n,\u202f\u202f\u202fVar\u00e1zslatot f\u00faj a val\u00f3s\u00e1g szeg\u00e9ly\u00e9n.\u202f\u00a0 \u00c9rzelmek kavarognak, mint forg\u00f3sz\u00e9l,\u202f\u202f\u202f\u00a0Bels\u0151 agresszi\u00f3, ami r\u00e1nk k\u00e9l.\u202f\u202f\u202f\u00a0Kifejez\u00e9s v\u00e1gya, sz\u00edvet sz\u00e9tfesz\u00edt,\u202f\u202f\u202f\u00a0Minden mozdulat egy titkot elmes\u00edt.\u202f\u00a0 T\u00e1ncba borul az [&hellip;]<\/p>\n","protected":false},"author":6,"featured_media":0,"parent":0,"menu_order":0,"comment_status":"closed","ping_status":"closed","template":"elementor_header_footer","meta":{"footnotes":""},"class_list":["post-63574","page","type-page","status-publish","hentry"],"_links":{"self":[{"href":"https:\/\/cedt.hu\/en\/wp-json\/wp\/v2\/pages\/63574","targetHints":{"allow":["GET"]}}],"collection":[{"href":"https:\/\/cedt.hu\/en\/wp-json\/wp\/v2\/pages"}],"about":[{"href":"https:\/\/cedt.hu\/en\/wp-json\/wp\/v2\/types\/page"}],"author":[{"embeddable":true,"href":"https:\/\/cedt.hu\/en\/wp-json\/wp\/v2\/users\/6"}],"replies":[{"embeddable":true,"href":"https:\/\/cedt.hu\/en\/wp-json\/wp\/v2\/comments?post=63574"}],"version-history":[{"count":4,"href":"https:\/\/cedt.hu\/en\/wp-json\/wp\/v2\/pages\/63574\/revisions"}],"predecessor-version":[{"id":63746,"href":"https:\/\/cedt.hu\/en\/wp-json\/wp\/v2\/pages\/63574\/revisions\/63746"}],"wp:attachment":[{"href":"https:\/\/cedt.hu\/en\/wp-json\/wp\/v2\/media?parent=63574"}],"curies":[{"name":"wp","href":"https:\/\/api.w.org\/{rel}","templated":true}]}}