{"id":63314,"date":"2026-02-27T12:24:28","date_gmt":"2026-02-27T12:24:28","guid":{"rendered":"https:\/\/cedt.hu\/?page_id=63314"},"modified":"2026-03-04T11:39:03","modified_gmt":"2026-03-04T11:39:03","slug":"gobi-rita-tempo","status":"publish","type":"page","link":"https:\/\/cedt.hu\/en\/gobi-rita-tempo\/","title":{"rendered":"Rita G\u00f3bi: TEMPO"},"content":{"rendered":"<div data-elementor-type=\"wp-page\" data-elementor-id=\"63314\" class=\"elementor elementor-63314\" data-elementor-post-type=\"page\">\n\t\t\t\t\t\t<\/div>","protected":false},"excerpt":{"rendered":"<p>\u201cVedd fel a temp\u00f3t! Kil\u00e9gz\u00e9s-bel\u00e9gz\u00e9s, egyik l\u00e1b a m\u00e1sik ut\u00e1n. Gyorsabban. M\u00e9g gyorsabban. P\u00f6rgesd fel magad \u00e9s nyom\u00e1s! Neked ki dikt\u00e1lja a temp\u00f3t? Vajon a k\u00fcls\u0151 vil\u00e1g temp\u00f3ja gyorsabb vagy lassabb, mint a te bels\u0151 l\u00fcktet\u00e9sed?\u201d\u00a0 A K\u00f6z\u00e9p-Eur\u00f3pa T\u00e1ncsz\u00ednh\u00e1z Tempo c\u00edm\u0171 el\u0151ad\u00e1sa elgondolkodtatja \u00e9s \u00f6nreflexi\u00f3ra k\u00e9szteti a n\u00e9z\u0151t saj\u00e1t beidegz\u0151d\u00e9seivel kapcsolatban. Az elektronikus zene olyan [&hellip;]<\/p>\n","protected":false},"author":6,"featured_media":0,"parent":0,"menu_order":0,"comment_status":"closed","ping_status":"closed","template":"","meta":{"footnotes":""},"class_list":["post-63314","page","type-page","status-publish","hentry"],"_links":{"self":[{"href":"https:\/\/cedt.hu\/en\/wp-json\/wp\/v2\/pages\/63314","targetHints":{"allow":["GET"]}}],"collection":[{"href":"https:\/\/cedt.hu\/en\/wp-json\/wp\/v2\/pages"}],"about":[{"href":"https:\/\/cedt.hu\/en\/wp-json\/wp\/v2\/types\/page"}],"author":[{"embeddable":true,"href":"https:\/\/cedt.hu\/en\/wp-json\/wp\/v2\/users\/6"}],"replies":[{"embeddable":true,"href":"https:\/\/cedt.hu\/en\/wp-json\/wp\/v2\/comments?post=63314"}],"version-history":[{"count":7,"href":"https:\/\/cedt.hu\/en\/wp-json\/wp\/v2\/pages\/63314\/revisions"}],"predecessor-version":[{"id":63472,"href":"https:\/\/cedt.hu\/en\/wp-json\/wp\/v2\/pages\/63314\/revisions\/63472"}],"wp:attachment":[{"href":"https:\/\/cedt.hu\/en\/wp-json\/wp\/v2\/media?parent=63314"}],"curies":[{"name":"wp","href":"https:\/\/api.w.org\/{rel}","templated":true}]}}