{"id":5969,"date":"2019-08-28T14:49:44","date_gmt":"2019-08-28T14:49:44","guid":{"rendered":"https:\/\/cedt.hu\/?page_id=5969\/"},"modified":"2019-09-23T18:00:32","modified_gmt":"2019-09-23T18:00:32","slug":"open-class","status":"publish","type":"page","link":"https:\/\/cedt.hu\/en\/open-class\/","title":{"rendered":"Open Class - with Andrej Petrovic"},"content":{"rendered":"<p><span style=\"color: #333333;\">\u201e<span style=\"font-family: Georgia, 'Times New Roman', 'Bitstream Charter', Times, serif;\"><span style=\"font-size: medium;\"><b>Where quality matters\u201d<\/b><\/span><\/span><\/span><\/p>\n<p><span style=\"color: #333333;\"><span style=\"font-family: Georgia, 'Times New Roman', 'Bitstream Charter', Times, serif;\"><span style=\"font-size: medium;\">The Central Europe Dance Theatre will open its doors again on a seasonal basis. Our aim is to see how wide a range of young talents we can attract and give them the opportunity to develop.\u00a0<\/span><\/span><\/span><\/p>\n<p><b><strong>A\u00a0<\/strong><em>Central Europe Dance Theatre<\/em><strong>\u00a0and company are offering a free, open workshop for professional dancers from 1 to 5 October. The workshop will be hosted by the renowned\u00a0<\/strong><em>Akram Khan<\/em><strong>\u00a0dance artist and co-choreographer of the company,\u00a0<\/strong><em>Andrej Petrovic<\/em><strong>\u00a0who is renowned for his overwhelming physicality, sometimes esoteric, dance-sensitive and sensitive creative workshop work, and as a teacher, he places great emphasis on interpretation and creation.\u00a0<\/strong><\/b><\/p>\n<p>The workshop is open to dancers and dance artists who are pursuing higher education or have a higher education degree, who will participate in the five-day course together with the KET company. Due to the limited number of participants, please send your interest to\u00a0<em><b><a href=\"mailto:info@cedt.hu\" target=\"_blank\" rel=\"noopener noreferrer\">info@cedt.hu<\/a><\/b><\/em>\u00a0by sending an e-mail with a CV, and the selected dancers will be notified in advance on the contact details provided.<br \/>\nThe workshop will take place from 1 to 5 October, every day between 10 am and 1 pm at the\u00a0<em>S\u00cdN Cultural Centre<\/em>.<\/p>\n<p>Born in 1982 in Bojnice, Slovakia, Andrej Petrovic studied at the Dance Conservatory in Banska Bystrica before graduating from the\u00a0<strong><i>\u0160tudio Tanca Professional Dance Theatre \/ Zuzana H\u00e1jkov\u00e1\u00a0<\/i><\/strong>joined the company.<br \/>\nIn the course of his work he has visited places such as the\u00a0<em>Editta Braun Company<\/em>\u00a0In Salzburg, in the Brussels\u00a0<em><b>Fatou Traore<\/b><\/em>\u00a0or\u00a0<em><b>Giorgio Barberio Corsetti and Fatore Kappa<\/b><\/em>\u00a0physical theatre in Rome, the\u00a0<em><b>Jean Abreu Dance Company<\/b><\/em>\u00a0in London, and\u00a0<strong><i>Yaroslav Vinarsky<\/i><\/strong>-in Prague.<br \/>\nIn 2007 it joined the\u00a0<em><b>Akram Khan Company<\/b><\/em>-where, as a dancer and rehearsal director, he was\u00a0<em>Bahok<\/em>,\u00a0<em>Confluence<\/em>,\u00a0<em>Vertical Road\u00a0<\/em>c. This period of more than ten years not only developed his technique, but was also a breeding ground for his creativity. It gave her the opportunity to use her personal development to share her ideas with Akram Khan, making her a dancer and co-creator of the opening of the London 2012 Olympic Games or the company's\u00a0<em><b>iTMOi\u00a0<\/b><\/em>as well as his award-winning reimagining for the English National Ballet\u00a0<em><b>Giselle\u00a0<\/b><\/em>become a choreographer's assistant.<\/p>\n<p>Based on his experiences, Andrej Petrovic started his own creative work and collaborated with the following bands, building and developing his style:\u00a0<em><b>London\/Sadlers Wells Theatre<\/b><\/em>, a\u00a0<em><b>Slovak National Theatre<\/b><\/em>, a\u00a0<em><b>Kecskem\u00e9t City Ballet<\/b><\/em><strong>\u00a0<\/strong>and the\u00a0<em><b>National Youth Dance Company<\/b><\/em>.<\/p>\n<p>a solo performance created in 2016, the\u00a0<em><b>L\/One of the Seven<\/b><\/em>\u00a0is based on one of the seven deadly sins, especially lust. The speaker, Martina Hajdyla Lacova from the Czech\u00a0<em><b>Thalia Awards in Prague<\/b><\/em><strong>\u00a0<\/strong>for his performance in the production.<br \/>\nCurrently the\u00a0<em><b>Viliam Do\u010dolomanky\/Farm in the Cave International Theatre Studio<\/b><\/em>-and his professionalism shines through in all his work.<\/p>\n<p>A workshop, training on\u00a0<em>V4 young dance talents<\/em>\u00a0which provides young dancers with possible solutions to performing arts and human problems, from the basics to the creation of a finished dance production, enabling them to build a production that meets European contemporary standards on their own or to join a professional company.<\/p>\n<p><span style=\"color: #333333;\"><span style=\"font-family: Georgia, 'Times New Roman', 'Bitstream Charter', Times, serif;\"><span style=\"font-size: medium;\">We welcome all dance artists.<\/span><\/span><\/span><\/p>\n<p><img fetchpriority=\"high\" decoding=\"async\" class=\"alignnone wp-image-6118\" src=\"https:\/\/cedt.hu\/wp-content\/uploads\/2019\/09\/Andrej-Petrovic-by-Jean-LouisFernandez-web-300x203.jpg\" alt=\"\" width=\"946\" height=\"640\" data-id=\"6118\" srcset=\"https:\/\/cedt.hu\/wp-content\/uploads\/2019\/09\/Andrej-Petrovic-by-Jean-LouisFernandez-web-300x203.jpg 300w, https:\/\/cedt.hu\/wp-content\/uploads\/2019\/09\/Andrej-Petrovic-by-Jean-LouisFernandez-web-768x519.jpg 768w, https:\/\/cedt.hu\/wp-content\/uploads\/2019\/09\/Andrej-Petrovic-by-Jean-LouisFernandez-web-400x270.jpg 400w, https:\/\/cedt.hu\/wp-content\/uploads\/2019\/09\/Andrej-Petrovic-by-Jean-LouisFernandez-web.jpg 1000w\" sizes=\"(max-width: 946px) 100vw, 946px\" \/><\/p>\n<p>&nbsp;<\/p>","protected":false},"excerpt":{"rendered":"<p>\u201eAhol a min\u0151s\u00e9g fontos\u201d Ism\u00e9t kinyitja kapuit id\u0151szakosan a K\u00f6z\u00e9p-Eur\u00f3pa T\u00e1ncsz\u00ednh\u00e1z egy\u00fcttese. C\u00e9lunk felm\u00e9rni, milyen sz\u00e9les sk\u00e1l\u00e1n tudjuk megmozgatni a fiatal tehets\u00e9geket, illetve lehet\u0151s\u00e9get biztos\u00edtani a fejl\u0151d\u00e9s\u00fckre.\u00a0 A\u00a0K\u00f6z\u00e9p-Eur\u00f3pa T\u00e1ncsz\u00ednh\u00e1z\u00a0\u00e9s t\u00e1rsulata ingyenes, ny\u00edlt workshopot hirdet professzion\u00e1lis t\u00e1ncosok r\u00e9sz\u00e9re okt\u00f3ber 1. \u00e9s 5. k\u00f6z\u00f6tt. A workshopot a neves\u00a0Akram Khan\u00a0t\u00e1rsulat t\u00e1ncm\u0171v\u00e9sze, t\u00e1rskoreogr\u00e1fusa,\u00a0Andrej Petrovic\u00a0tartja, aki els\u00f6pr\u0151 fizikalit\u00e1s\u00fa, olykor ezoterikus, [&hellip;]<\/p>\n","protected":false},"author":7,"featured_media":0,"parent":0,"menu_order":0,"comment_status":"closed","ping_status":"closed","template":"","meta":{"footnotes":""},"class_list":["post-5969","page","type-page","status-publish","hentry"],"_links":{"self":[{"href":"https:\/\/cedt.hu\/en\/wp-json\/wp\/v2\/pages\/5969","targetHints":{"allow":["GET"]}}],"collection":[{"href":"https:\/\/cedt.hu\/en\/wp-json\/wp\/v2\/pages"}],"about":[{"href":"https:\/\/cedt.hu\/en\/wp-json\/wp\/v2\/types\/page"}],"author":[{"embeddable":true,"href":"https:\/\/cedt.hu\/en\/wp-json\/wp\/v2\/users\/7"}],"replies":[{"embeddable":true,"href":"https:\/\/cedt.hu\/en\/wp-json\/wp\/v2\/comments?post=5969"}],"version-history":[{"count":0,"href":"https:\/\/cedt.hu\/en\/wp-json\/wp\/v2\/pages\/5969\/revisions"}],"wp:attachment":[{"href":"https:\/\/cedt.hu\/en\/wp-json\/wp\/v2\/media?parent=5969"}],"curies":[{"name":"wp","href":"https:\/\/api.w.org\/{rel}","templated":true}]}}