{"id":4434,"date":"2018-09-10T08:38:43","date_gmt":"2018-09-10T08:38:43","guid":{"rendered":"https:\/\/cedt.hu\/?page_id=4434\/"},"modified":"2025-05-27T16:25:27","modified_gmt":"2025-05-27T16:25:27","slug":"nyit-nyari-intenziv-tanckurzus","status":"publish","type":"page","link":"https:\/\/cedt.hu\/en\/nyit-nyari-intenziv-tanckurzus\/","title":{"rendered":"NYIT - Summer Intensive Dance Course"},"content":{"rendered":"<p><img decoding=\"async\" class=\"alignnone size-medium wp-image-5898\" src=\"https:\/\/cedt.hu\/wp-content\/uploads\/2019\/07\/KETWebLogo-300x160.png\" alt=\"\" width=\"300\" height=\"160\" data-id=\"5898\" srcset=\"https:\/\/cedt.hu\/wp-content\/uploads\/2019\/07\/KETWebLogo-300x160.png 300w, https:\/\/cedt.hu\/wp-content\/uploads\/2019\/07\/KETWebLogo-768x409.png 768w, https:\/\/cedt.hu\/wp-content\/uploads\/2019\/07\/KETWebLogo-1024x545.png 1024w, https:\/\/cedt.hu\/wp-content\/uploads\/2019\/07\/KETWebLogo-400x213.png 400w, https:\/\/cedt.hu\/wp-content\/uploads\/2019\/07\/KETWebLogo.png 1877w\" sizes=\"(max-width: 300px) 100vw, 300px\" \/><\/p>\n<p><strong>NYIT<\/strong>Here's to Summer!<br \/>\nCentral Europe Dance Theatre is back with another intensive dance course in August 2019.<br \/>\nBefore the start of the September season, or just for the love of exercise, but just as curious and explorative as ever, we invite you to join us for a summer recharge.<\/p>\n<p>Our aim is to show that movement, dance and bodywork are a source of shared experiences and insights, a means of joyful creation.<br \/>\nCompared to previous years, this summer's focus is on creativity and experiential learning, in addition to individual professional development.<br \/>\nThis year, Zsuzsa J\u00f3n\u00e1s, KET's training leader and dance artist Adrienn Horv\u00e1th invite you to a joint summer workshop.<br \/>\nAt the end of the workshop, an open day will give everyone a glimpse of the work and the creative experiences that will be shared over the six days!<\/p>\n<p>Date: 21-25 August 2019.<\/p>\n<p>Hourly fee (90 minutes): 1.800 Ft<br \/>\nDaily fee (3x90min): 5.000 HUF<br \/>\nWeekly fee (5x270min): 22.500 Ft<\/p>\n<p>Daily schedule:<\/p>\n<p>9:30-11:00 \/ Yoga - Zsuzsa J\u00f3n\u00e1s<br \/>\n11:15-12:45 \/ Creation, Puzzle work - Zsuzsa J\u00f3n\u00e1s<br \/>\n13:00-14:30 \/ \u201eHow does dance work?\u201d Exploration, Combination - Adrienn Horv\u00e1th<\/p>\n<p>Location:<\/p>\n<p>S\u00edn Cultural Centre<br \/>\nBudapest, Gyutacs u. 10, 1139<\/p>\n<p>Registration and information:<\/p>\n<p><a href=\"https:\/\/l.facebook.com\/l.php?u=https%3A%2F%2Fcedtworkshop.wixsite.com%2Fdance%3Ffbclid%3DIwAR3MTFlGtOwjkSkup7g7tnrpOiXZ1N1exrkllyv2LznvNY3FiTvWmLlJdvw&amp;h=AT09tbYj6OEj7lvp5ToBa-v30x3j2vGcMDJ4knlnGcDQP1jsyXTqXlyzVJW6GxAN_NSts-3beMD_IuXh35mo3byCiz9lKpqBDwCqXNSJ3IJOoIYYuPz7ZRBvNlR-7wGEC6I8\" target=\"_blank\" rel=\"nofollow noopener noreferrer\" data-lynx-mode=\"hover\">https:\/\/cedtworkshop.wixsite.com\/dance<\/a><\/p>","protected":false},"excerpt":{"rendered":"<p>NYITunk a Ny\u00e1rra! A K\u00f6z\u00e9p-Eur\u00f3pa T\u00e1ncsz\u00ednh\u00e1z 2019 augusztus\u00e1ban \u00fajra egy intenz\u00edv t\u00e1nckurzussal v\u00e1r. A szeptemberi \u00e9vadkezd\u00e9s el\u0151tt, vagy ak\u00e1r csak a mozg\u00e1s szeretet\u00e9rt, de \u00e9pp \u00fagy a kiv\u00e1ncsis\u00e1g \u00e9s felfedez\u00e9s jegy\u00e9ben mint eddig, megh\u00edvunk egy k\u00f6z\u00f6s ny\u00e1rv\u00e9gi felt\u00f6lt\u0151d\u00e9sre. A c\u00e9lunk, hogy megmutassuk: a mozg\u00e1s, a t\u00e1nc, a testtel val\u00f3 foglalkoz\u00e1s a k\u00f6z\u00f6s \u00e9lm\u00e9nyek,felismer\u00e9sek forr\u00e1sa, az [&hellip;]<\/p>\n","protected":false},"author":6,"featured_media":0,"parent":0,"menu_order":0,"comment_status":"closed","ping_status":"closed","template":"","meta":{"footnotes":""},"class_list":["post-4434","page","type-page","status-publish","hentry"],"_links":{"self":[{"href":"https:\/\/cedt.hu\/en\/wp-json\/wp\/v2\/pages\/4434","targetHints":{"allow":["GET"]}}],"collection":[{"href":"https:\/\/cedt.hu\/en\/wp-json\/wp\/v2\/pages"}],"about":[{"href":"https:\/\/cedt.hu\/en\/wp-json\/wp\/v2\/types\/page"}],"author":[{"embeddable":true,"href":"https:\/\/cedt.hu\/en\/wp-json\/wp\/v2\/users\/6"}],"replies":[{"embeddable":true,"href":"https:\/\/cedt.hu\/en\/wp-json\/wp\/v2\/comments?post=4434"}],"version-history":[{"count":0,"href":"https:\/\/cedt.hu\/en\/wp-json\/wp\/v2\/pages\/4434\/revisions"}],"wp:attachment":[{"href":"https:\/\/cedt.hu\/en\/wp-json\/wp\/v2\/media?parent=4434"}],"curies":[{"name":"wp","href":"https:\/\/api.w.org\/{rel}","templated":true}]}}