{"id":3553,"date":"2017-03-26T10:17:30","date_gmt":"2017-03-26T10:17:30","guid":{"rendered":"http:\/\/cedt.hu\/?page_id=3553\/"},"modified":"2017-03-26T10:25:59","modified_gmt":"2017-03-26T10:25:59","slug":"v4-young-dance-talents","status":"publish","type":"page","link":"https:\/\/cedt.hu\/en\/v4-young-dance-talents\/","title":{"rendered":"V4 Young Dance Talents"},"content":{"rendered":"<p>2016 tavasz\u00e1n\u00a0\u00fatj\u00e1ra ind\u00edtottuk a n\u00e9gy visegr\u00e1di orsz\u00e1g partnerint\u00e9zm\u00e9nyinek egy\u00fcttm\u0171k\u00f6d\u00e9s\u00e9ben a <em>V4 young dance talents<\/em> programsorozatot, melynek kifejezett c\u00e9lja a fiatal, tehets\u00e9ges t\u00e1ncosok eur\u00f3pai el\u0151ad\u00f3m\u0171v\u00e9szeti szc\u00e9n\u00e1ba val\u00f3 integr\u00e1l\u00e1sa.<\/p>\n<p><a href=\"http:\/\/www.v4ydt.com\/\">Tov\u00e1bbi inform\u00e1ci\u00f3 a program weboldal\u00e1n<\/a><\/p>\n<p>&nbsp;<\/p>\n<p><img fetchpriority=\"high\" decoding=\"async\" class=\"alignnone  wp-image-3561\" src=\"http:\/\/cedt.hu\/wp-content\/uploads\/2017\/03\/foto_dusa_gabor-300x200.jpg\" alt=\"\" width=\"365\" height=\"243\" srcset=\"https:\/\/cedt.hu\/wp-content\/uploads\/2017\/03\/foto_dusa_gabor-300x200.jpg 300w, https:\/\/cedt.hu\/wp-content\/uploads\/2017\/03\/foto_dusa_gabor-768x513.jpg 768w, https:\/\/cedt.hu\/wp-content\/uploads\/2017\/03\/foto_dusa_gabor-400x267.jpg 400w, https:\/\/cedt.hu\/wp-content\/uploads\/2017\/03\/foto_dusa_gabor-20x13.jpg 20w, https:\/\/cedt.hu\/wp-content\/uploads\/2017\/03\/foto_dusa_gabor.jpg 960w\" sizes=\"(max-width: 365px) 100vw, 365px\" \/><\/p>\n<p>&nbsp;<\/p>","protected":false},"excerpt":{"rendered":"<p>2016 tavasz\u00e1n\u00a0\u00fatj\u00e1ra ind\u00edtottuk a n\u00e9gy visegr\u00e1di orsz\u00e1g partnerint\u00e9zm\u00e9nyinek egy\u00fcttm\u0171k\u00f6d\u00e9s\u00e9ben a V4 young dance talents programsorozatot, melynek kifejezett c\u00e9lja a fiatal, tehets\u00e9ges t\u00e1ncosok eur\u00f3pai el\u0151ad\u00f3m\u0171v\u00e9szeti szc\u00e9n\u00e1ba val\u00f3 integr\u00e1l\u00e1sa. Tov\u00e1bbi inform\u00e1ci\u00f3 a program weboldal\u00e1n &nbsp; &nbsp;<\/p>","protected":false},"author":4,"featured_media":0,"parent":0,"menu_order":0,"comment_status":"closed","ping_status":"closed","template":"","meta":{"footnotes":""},"class_list":["post-3553","page","type-page","status-publish","hentry"],"_links":{"self":[{"href":"https:\/\/cedt.hu\/en\/wp-json\/wp\/v2\/pages\/3553","targetHints":{"allow":["GET"]}}],"collection":[{"href":"https:\/\/cedt.hu\/en\/wp-json\/wp\/v2\/pages"}],"about":[{"href":"https:\/\/cedt.hu\/en\/wp-json\/wp\/v2\/types\/page"}],"author":[{"embeddable":true,"href":"https:\/\/cedt.hu\/en\/wp-json\/wp\/v2\/users\/4"}],"replies":[{"embeddable":true,"href":"https:\/\/cedt.hu\/en\/wp-json\/wp\/v2\/comments?post=3553"}],"version-history":[{"count":0,"href":"https:\/\/cedt.hu\/en\/wp-json\/wp\/v2\/pages\/3553\/revisions"}],"wp:attachment":[{"href":"https:\/\/cedt.hu\/en\/wp-json\/wp\/v2\/media?parent=3553"}],"curies":[{"name":"wp","href":"https:\/\/api.w.org\/{rel}","templated":true}]}}