{"id":319,"date":"2017-02-04T23:49:04","date_gmt":"2017-02-04T23:49:04","guid":{"rendered":"http:\/\/185.43.206.2\/~cedthu\/?page_id=319\/"},"modified":"2026-02-10T12:34:37","modified_gmt":"2026-02-10T12:34:37","slug":"a-ket","status":"publish","type":"page","link":"https:\/\/cedt.hu\/en\/a-ket\/","title":{"rendered":"History of the KET"},"content":{"rendered":"<div data-elementor-type=\"wp-post\" data-elementor-id=\"319\" class=\"elementor elementor-319\" data-elementor-post-type=\"page\">\n\t\t\t\t\t\t<section class=\"elementor-section elementor-top-section elementor-element elementor-element-3044123b elementor-section-height-min-height elementor-section-items-stretch elementor-section-boxed elementor-section-height-default\" data-id=\"3044123b\" data-element_type=\"section\" data-e-type=\"section\" data-settings=\"{&quot;background_background&quot;:&quot;classic&quot;}\">\n\t\t\t\t\t\t\t<div class=\"elementor-background-overlay\"><\/div>\n\t\t\t\t\t\t\t<div class=\"elementor-container elementor-column-gap-default\">\n\t\t\t\t\t<div class=\"elementor-column elementor-col-100 elementor-top-column elementor-element elementor-element-5142e781\" data-id=\"5142e781\" data-element_type=\"column\" data-e-type=\"column\">\n\t\t\t<div class=\"elementor-widget-wrap elementor-element-populated\">\n\t\t\t\t\t\t<div class=\"elementor-element elementor-element-a2932d0 elementor-widget elementor-widget-heading\" data-id=\"a2932d0\" data-element_type=\"widget\" data-e-type=\"widget\" data-widget_type=\"heading.default\">\n\t\t\t\t<div class=\"elementor-widget-container\">\n\t\t\t\t\t<h2 class=\"elementor-heading-title elementor-size-default\">About us<\/h2>\t\t\t\t<\/div>\n\t\t\t\t<\/div>\n\t\t\t\t<div class=\"elementor-element elementor-element-64bebc7b elementor-widget elementor-widget-spacer\" data-id=\"64bebc7b\" data-element_type=\"widget\" data-e-type=\"widget\" data-widget_type=\"spacer.default\">\n\t\t\t\t<div class=\"elementor-widget-container\">\n\t\t\t\t\t\t\t<div class=\"elementor-spacer\">\n\t\t\t<div class=\"elementor-spacer-inner\"><\/div>\n\t\t<\/div>\n\t\t\t\t\t\t<\/div>\n\t\t\t\t<\/div>\n\t\t\t\t\t<\/div>\n\t\t<\/div>\n\t\t\t\t\t<\/div>\n\t\t<\/section>\n\t\t\t\t<section class=\"elementor-section elementor-top-section elementor-element elementor-element-e9957df elementor-section-boxed elementor-section-height-default elementor-section-height-default\" data-id=\"e9957df\" data-element_type=\"section\" data-e-type=\"section\">\n\t\t\t\t\t\t<div class=\"elementor-container elementor-column-gap-default\">\n\t\t\t\t\t<div class=\"elementor-column elementor-col-50 elementor-top-column elementor-element elementor-element-1877c5d4\" data-id=\"1877c5d4\" data-element_type=\"column\" data-e-type=\"column\">\n\t\t\t<div class=\"elementor-widget-wrap elementor-element-populated\">\n\t\t\t\t\t\t<div class=\"elementor-element elementor-element-51ee54ba elementor-widget elementor-widget-heading\" data-id=\"51ee54ba\" data-element_type=\"widget\" data-e-type=\"widget\" data-widget_type=\"heading.default\">\n\t\t\t\t<div class=\"elementor-widget-container\">\n\t\t\t\t\t<h5 class=\"elementor-heading-title elementor-size-default\">About<\/h5>\t\t\t\t<\/div>\n\t\t\t\t<\/div>\n\t\t\t\t<div class=\"elementor-element elementor-element-68d41838 animated-slow elementor-invisible elementor-widget elementor-widget-heading\" data-id=\"68d41838\" data-element_type=\"widget\" data-e-type=\"widget\" data-settings=\"{&quot;_animation&quot;:&quot;fadeInUp&quot;}\" data-widget_type=\"heading.default\">\n\t\t\t\t<div class=\"elementor-widget-container\">\n\t\t\t\t\t<h2 class=\"elementor-heading-title elementor-size-default\">THE DANCE THEATRE OF CENTRAL EUROPE<\/h2>\t\t\t\t<\/div>\n\t\t\t\t<\/div>\n\t\t\t\t<div class=\"elementor-element elementor-element-477f31a9 elementor-widget elementor-widget-text-editor\" data-id=\"477f31a9\" data-element_type=\"widget\" data-e-type=\"widget\" data-widget_type=\"text-editor.default\">\n\t\t\t\t<div class=\"elementor-widget-container\">\n\t\t\t\t\t\t\t\t\t<p><span style=\"font-weight: 400;\">The Central Europe Dance Theatre (KET) is one of the most adaptive and innovative dance companies in Hungary, which creates in the spirit of topicality and reflectivity. KET's shows speak to the audience in the diverse language of contemporary dance, presenting the unique movement world and themes of the Carpathian Basin. Its international presence and its Central European network of contacts give rise to collaborations that create unique collaborations, niche initiatives and exceptional projects - programmes.\u00a0\u00a0<\/span><\/p><p><span style=\"font-weight: 400;\">Among the Hungarian artists, it encourages the presentation of hidden or lesser-known talents, while among its recognised international artists, it seeks out and invites outstanding talents and high quality choreographers - performers to colour the palette of the Hungarian dance scene with personalities who are unattainable in Hungary. Its performances and programmes create impulsive events in traditional theatre settings as well as in space and site specific environments to offer audiences innovative and unique experiences.\u00a0\u00a0\u00a0<\/span><\/p><p><span style=\"font-weight: 400;\">It also aims to promote and spread knowledge of the art of dance, forming fusions where professionals, masters, young artists at the top or beginning of their careers, choreographers and dance artists can step into the spotlight and connect. Its dance theatre education and awareness programmes and workshops explore new ways to stimulate interest in the profession and the arts. The focus of its ever-evolving festivals, both more classical dance theatre and revisionist-progressive genres can be traced.\u00a0\u00a0\u00a0<\/span><\/p><p><span style=\"font-weight: 400;\">The KET, following in its tradition, carries out its research and workshop work as intended by its founders, while creating a future for today's performers.\u00a0\u00a0\u00a0\u00a0<\/span><\/p>\t\t\t\t\t\t\t\t<\/div>\n\t\t\t\t<\/div>\n\t\t\t\t\t<\/div>\n\t\t<\/div>\n\t\t\t\t<div class=\"elementor-column elementor-col-50 elementor-top-column elementor-element elementor-element-57b4004f\" data-id=\"57b4004f\" data-element_type=\"column\" data-e-type=\"column\" data-settings=\"{&quot;background_background&quot;:&quot;classic&quot;}\">\n\t\t\t<div class=\"elementor-widget-wrap elementor-element-populated\">\n\t\t\t\t\t\t<div class=\"elementor-element elementor-element-e9ecdff elementor-widget elementor-widget-spacer\" data-id=\"e9ecdff\" data-element_type=\"widget\" data-e-type=\"widget\" data-widget_type=\"spacer.default\">\n\t\t\t\t<div class=\"elementor-widget-container\">\n\t\t\t\t\t\t\t<div class=\"elementor-spacer\">\n\t\t\t<div class=\"elementor-spacer-inner\"><\/div>\n\t\t<\/div>\n\t\t\t\t\t\t<\/div>\n\t\t\t\t<\/div>\n\t\t\t\t\t<\/div>\n\t\t<\/div>\n\t\t\t\t\t<\/div>\n\t\t<\/section>\n\t\t\t\t<section class=\"elementor-section elementor-top-section elementor-element elementor-element-52e2906f elementor-reverse-tablet elementor-reverse-mobile elementor-section-boxed elementor-section-height-default elementor-section-height-default\" data-id=\"52e2906f\" data-element_type=\"section\" data-e-type=\"section\" data-settings=\"{&quot;background_background&quot;:&quot;gradient&quot;}\">\n\t\t\t\t\t\t<div class=\"elementor-container elementor-column-gap-default\">\n\t\t\t\t\t<div class=\"elementor-column elementor-col-100 elementor-top-column elementor-element elementor-element-32a5b902\" data-id=\"32a5b902\" data-element_type=\"column\" data-e-type=\"column\">\n\t\t\t<div class=\"elementor-widget-wrap elementor-element-populated\">\n\t\t\t\t\t\t<section class=\"elementor-section elementor-inner-section elementor-element elementor-element-7d1f7795 elementor-section-boxed elementor-section-height-default elementor-section-height-default\" data-id=\"7d1f7795\" data-element_type=\"section\" data-e-type=\"section\">\n\t\t\t\t\t\t<div class=\"elementor-container elementor-column-gap-default\">\n\t\t\t\t\t<div class=\"elementor-column elementor-col-25 elementor-inner-column elementor-element elementor-element-1249285b\" data-id=\"1249285b\" data-element_type=\"column\" data-e-type=\"column\">\n\t\t\t<div class=\"elementor-widget-wrap elementor-element-populated\">\n\t\t\t\t\t\t<div class=\"elementor-element elementor-element-15c8d44 elementor-widget elementor-widget-counter\" data-id=\"15c8d44\" data-element_type=\"widget\" data-e-type=\"widget\" data-widget_type=\"counter.default\">\n\t\t\t\t<div class=\"elementor-widget-container\">\n\t\t\t\t\t\t\t<div class=\"elementor-counter\">\n\t\t\t<div class=\"elementor-counter-title\">Country<\/div>\t\t\t<div class=\"elementor-counter-number-wrapper\">\n\t\t\t\t<span class=\"elementor-counter-number-prefix\">+<\/span>\n\t\t\t\t<span class=\"elementor-counter-number\" data-duration=\"2000\" data-to-value=\"29\" data-from-value=\"0\" data-delimiter=\",\">0<\/span>\n\t\t\t\t<span class=\"elementor-counter-number-suffix\"> <\/span>\n\t\t\t<\/div>\n\t\t<\/div>\n\t\t\t\t\t\t<\/div>\n\t\t\t\t<\/div>\n\t\t\t\t\t<\/div>\n\t\t<\/div>\n\t\t\t\t<div class=\"elementor-column elementor-col-25 elementor-inner-column elementor-element elementor-element-7aaa9f96\" data-id=\"7aaa9f96\" data-element_type=\"column\" data-e-type=\"column\">\n\t\t\t<div class=\"elementor-widget-wrap elementor-element-populated\">\n\t\t\t\t\t\t<div class=\"elementor-element elementor-element-644f071d elementor-widget elementor-widget-counter\" data-id=\"644f071d\" data-element_type=\"widget\" data-e-type=\"widget\" data-widget_type=\"counter.default\">\n\t\t\t\t<div class=\"elementor-widget-container\">\n\t\t\t\t\t\t\t<div class=\"elementor-counter\">\n\t\t\t<div class=\"elementor-counter-title\">City<\/div>\t\t\t<div class=\"elementor-counter-number-wrapper\">\n\t\t\t\t<span class=\"elementor-counter-number-prefix\">#<\/span>\n\t\t\t\t<span class=\"elementor-counter-number\" data-duration=\"2000\" data-to-value=\"289\" data-from-value=\"0\" data-delimiter=\",\">0<\/span>\n\t\t\t\t<span class=\"elementor-counter-number-suffix\"><\/span>\n\t\t\t<\/div>\n\t\t<\/div>\n\t\t\t\t\t\t<\/div>\n\t\t\t\t<\/div>\n\t\t\t\t\t<\/div>\n\t\t<\/div>\n\t\t\t\t<div class=\"elementor-column elementor-col-25 elementor-inner-column elementor-element elementor-element-23cbb932\" data-id=\"23cbb932\" data-element_type=\"column\" data-e-type=\"column\">\n\t\t\t<div class=\"elementor-widget-wrap elementor-element-populated\">\n\t\t\t\t\t\t<div class=\"elementor-element elementor-element-6757e6f9 elementor-widget elementor-widget-counter\" data-id=\"6757e6f9\" data-element_type=\"widget\" data-e-type=\"widget\" data-widget_type=\"counter.default\">\n\t\t\t\t<div class=\"elementor-widget-container\">\n\t\t\t\t\t\t\t<div class=\"elementor-counter\">\n\t\t\t<div class=\"elementor-counter-title\">Prize<\/div>\t\t\t<div class=\"elementor-counter-number-wrapper\">\n\t\t\t\t<span class=\"elementor-counter-number-prefix\"><\/span>\n\t\t\t\t<span class=\"elementor-counter-number\" data-duration=\"2000\" data-to-value=\"64\" data-from-value=\"0\" data-delimiter=\",\">0<\/span>\n\t\t\t\t<span class=\"elementor-counter-number-suffix\">+<\/span>\n\t\t\t<\/div>\n\t\t<\/div>\n\t\t\t\t\t\t<\/div>\n\t\t\t\t<\/div>\n\t\t\t\t\t<\/div>\n\t\t<\/div>\n\t\t\t\t<div class=\"elementor-column elementor-col-25 elementor-inner-column elementor-element elementor-element-66ab0c09\" data-id=\"66ab0c09\" data-element_type=\"column\" data-e-type=\"column\">\n\t\t\t<div class=\"elementor-widget-wrap elementor-element-populated\">\n\t\t\t\t\t\t<div class=\"elementor-element elementor-element-67c4cc38 elementor-widget elementor-widget-counter\" data-id=\"67c4cc38\" data-element_type=\"widget\" data-e-type=\"widget\" data-widget_type=\"counter.default\">\n\t\t\t\t<div class=\"elementor-widget-container\">\n\t\t\t\t\t\t\t<div class=\"elementor-counter\">\n\t\t\t<div class=\"elementor-counter-title\">Presentation<\/div>\t\t\t<div class=\"elementor-counter-number-wrapper\">\n\t\t\t\t<span class=\"elementor-counter-number-prefix\"><\/span>\n\t\t\t\t<span class=\"elementor-counter-number\" data-duration=\"2000\" data-to-value=\"100\" data-from-value=\"0\" data-delimiter=\",\">0<\/span>\n\t\t\t\t<span class=\"elementor-counter-number-suffix\"><\/span>\n\t\t\t<\/div>\n\t\t<\/div>\n\t\t\t\t\t\t<\/div>\n\t\t\t\t<\/div>\n\t\t\t\t\t<\/div>\n\t\t<\/div>\n\t\t\t\t\t<\/div>\n\t\t<\/section>\n\t\t\t\t\t<\/div>\n\t\t<\/div>\n\t\t\t\t\t<\/div>\n\t\t<\/section>\n\t\t\t\t<section class=\"elementor-section elementor-top-section elementor-element elementor-element-2ee31307 elementor-section-height-min-height elementor-section-items-stretch elementor-reverse-tablet elementor-reverse-mobile elementor-section-boxed elementor-section-height-default\" data-id=\"2ee31307\" data-element_type=\"section\" data-e-type=\"section\">\n\t\t\t\t\t\t<div class=\"elementor-container elementor-column-gap-default\">\n\t\t\t\t\t<div class=\"elementor-column elementor-col-50 elementor-top-column elementor-element elementor-element-5581a5c2\" data-id=\"5581a5c2\" data-element_type=\"column\" data-e-type=\"column\" data-settings=\"{&quot;background_background&quot;:&quot;classic&quot;}\">\n\t\t\t<div class=\"elementor-widget-wrap elementor-element-populated\">\n\t\t\t\t\t\t<div class=\"elementor-element elementor-element-2a3e564b animated-slow elementor-invisible elementor-widget elementor-widget-image\" data-id=\"2a3e564b\" data-element_type=\"widget\" data-e-type=\"widget\" data-settings=\"{&quot;_animation&quot;:&quot;rollIn&quot;}\" data-widget_type=\"image.default\">\n\t\t\t\t<div class=\"elementor-widget-container\">\n\t\t\t\t\t\t\t\t\t\t\t\t\t\t\t<img fetchpriority=\"high\" decoding=\"async\" width=\"672\" height=\"680\" src=\"https:\/\/cedt.hu\/wp-content\/uploads\/2025\/03\/cedt-logo.png\" class=\"attachment-full size-full wp-image-15837\" alt=\"\" srcset=\"https:\/\/cedt.hu\/wp-content\/uploads\/2025\/03\/cedt-logo.png 672w, https:\/\/cedt.hu\/wp-content\/uploads\/2025\/03\/cedt-logo-296x300.png 296w\" sizes=\"(max-width: 672px) 100vw, 672px\" \/>\t\t\t\t\t\t\t\t\t\t\t\t\t\t\t<\/div>\n\t\t\t\t<\/div>\n\t\t\t\t\t<\/div>\n\t\t<\/div>\n\t\t\t\t<div class=\"elementor-column elementor-col-50 elementor-top-column elementor-element elementor-element-667444ed\" data-id=\"667444ed\" data-element_type=\"column\" data-e-type=\"column\">\n\t\t\t<div class=\"elementor-widget-wrap elementor-element-populated\">\n\t\t\t\t\t\t<div class=\"elementor-element elementor-element-34dae22e elementor-widget elementor-widget-heading\" data-id=\"34dae22e\" data-element_type=\"widget\" data-e-type=\"widget\" data-widget_type=\"heading.default\">\n\t\t\t\t<div class=\"elementor-widget-container\">\n\t\t\t\t\t<h5 class=\"elementor-heading-title elementor-size-default\">Our story<\/h5>\t\t\t\t<\/div>\n\t\t\t\t<\/div>\n\t\t\t\t<div class=\"elementor-element elementor-element-452f6e92 animated-slow elementor-invisible elementor-widget elementor-widget-heading\" data-id=\"452f6e92\" data-element_type=\"widget\" data-e-type=\"widget\" data-settings=\"{&quot;_animation&quot;:&quot;fadeInDown&quot;}\" data-widget_type=\"heading.default\">\n\t\t\t\t<div class=\"elementor-widget-container\">\n\t\t\t\t\t<h2 class=\"elementor-heading-title elementor-size-default\">THE ASSOCIATION <\/h2>\t\t\t\t<\/div>\n\t\t\t\t<\/div>\n\t\t\t\t<div class=\"elementor-element elementor-element-36881aa2 elementor-widget elementor-widget-text-editor\" data-id=\"36881aa2\" data-element_type=\"widget\" data-e-type=\"widget\" data-widget_type=\"text-editor.default\">\n\t\t\t\t<div class=\"elementor-widget-container\">\n\t\t\t\t\t\t\t\t\t<p><span style=\"font-weight: 400;\">The Central Europe Dance Theatre (KET) has a long history: the first dance theatre in Hungary, it is one of the best known independent contemporary dance companies.<\/span><\/p><p><span style=\"font-weight: 400;\">The predecessor of the KET was founded in 1978 by the Ministry of Culture as a branch of the People's Theatre, merged from the 25th Theatre and the D\u00e9ryn\u00e9 Theatre in the Castle Theatre. The N\u00e9psz\u00ednh\u00e1z T\u00e1ncegy\u00fcttes represented a particular colour in the Hungarian dance art: the company's artistic work was based on folklore, yet its aspirations were still close to modern theatrical trends. The face of the repertoire was defined by the creative work of artistic director Katalin Gy\u00f6rgyfalvay. In 1988, Istv\u00e1n \u00c9nekes and Csaba Sz\u00f6gi took over the management of the N\u00e9psz\u00ednh\u00e1z Dance Ensemble. In 1989, the N\u00e9psz\u00ednh\u00e1z Dance Ensemble was renamed, and thus the Central European Dance Theatre was born, which operated as a branch of the N\u00e9psz\u00ednh\u00e1z until 1991, and then as a branch of the Budapest Chamber Theatre until 1996, becoming an independent public association in 1997.<\/span><\/p><p><span style=\"font-weight: 400;\">The company has performed in 44 cities in 22 countries, from the United States to Armenia, Finland and Egypt, and has given more than 120 premieres. KET is the first Hungarian company to perform on Broadway in New York.<\/span><\/p><p><span style=\"font-weight: 400;\">In September 1996, the Ministry of Culture decided to move the company to the former Bethlen Cinema. In 1997, the former theatre at 3 Bethlen Square was reopened as a rehearsal space, and since then, many unforgettable theatre evenings and performances have proven that they made the right decision. The results of their theatre-rehabilitating, home-making work are now widely known, both at home and abroad. In January 2012, the venue was renamed Bethlen Square Theatre, in which the dance theatre has played a lion's share.<\/span><\/p><p><span style=\"font-weight: 400;\">The ensemble is an open workshop led by the founder-director Csaba Sz\u00f6gi. During this time, more than 70 choreographers have worked with the constantly renewing company. Artists are invited who do not realise their artistic ideas in the clich\u00e9s of safe and proven forms of movement language, but who take the risks of the uncharted path and create their performances with courageous, original means of expression. KET's workshop remains a space for experimentation, a place of new exploration for creators and dancers alike, as the founders intended.<\/span><\/p><p><span style=\"font-weight: 400;\">They have created the first dance theatre performance for children (Prince Mesenincs) and the first educational dance theatre performance (Horda2), they are the creators and organisers of festivals (International Monodance Festival, Sissi Autumn Dance Week), they run their own talent search programme (Young Choreographers Forum), they hold workshops and are constantly expanding their contacts with Central European performing arts organisations.<\/span><\/p><p><span style=\"font-weight: 400;\">Since 1988, five of the creators have been involved in the company's work as artistic directors: Istv\u00e1n \u00c9nekes (1988-1993), Csaba Sz\u00f6gi (1993-1994), Mikl\u00f3s K\u00f6ll\u0151 (1994-1997), Csaba Sz\u00f6gi (1997-2000), Csaba Horv\u00e1th (2000-2006), Csaba Sz\u00f6gi (2006-2013) and Attila Kun (2013-2018), each of whom marked an era in dance theatre.<\/span><\/p><p><span style=\"font-weight: 400;\">For the 2018\/19 season, J\u00e1nos Feledi became Artistic Director of the company and, as part of his application, he developed the programme for the next three seasons.<\/span><\/p><p><span style=\"font-weight: 400;\">After that, the daily artistic work of the company was taken over by Csaba Sz\u00f6gi, director, L\u00e1szl\u00f3 M\u00e1di, artistic director, Katalin Fodor, artistic collaborator, Vir\u00e1g S\u00f3thy, artistic manager, Adrienn M\u00e1di-Horv\u00e1th, training manager. The Presidium Csaba Sz\u00f6gi (President), Katalin Kov\u00e1csn\u00e9 Fodor (Vice President), Kl\u00e1ra \u00c9berhardt (Vice President).<\/span><\/p><p>The association has been classified as a public benefit organisation since 2002, and in 2016 it was awarded the status of \u201eOutstanding Performing Arts Organisation\u201d.<\/p>\t\t\t\t\t\t\t\t<\/div>\n\t\t\t\t<\/div>\n\t\t\t\t\t<\/div>\n\t\t<\/div>\n\t\t\t\t\t<\/div>\n\t\t<\/section>\n\t\t\t\t<section class=\"elementor-section elementor-top-section elementor-element elementor-element-0c6c316 elementor-section-boxed elementor-section-height-default elementor-section-height-default\" data-id=\"0c6c316\" data-element_type=\"section\" data-e-type=\"section\">\n\t\t\t\t\t\t<div class=\"elementor-container elementor-column-gap-default\">\n\t\t\t\t\t<div class=\"elementor-column elementor-col-50 elementor-top-column elementor-element elementor-element-16a0cdd\" data-id=\"16a0cdd\" data-element_type=\"column\" data-e-type=\"column\">\n\t\t\t<div class=\"elementor-widget-wrap elementor-element-populated\">\n\t\t\t\t\t\t<div class=\"elementor-element elementor-element-eeb833e elementor-widget elementor-widget-heading\" data-id=\"eeb833e\" data-element_type=\"widget\" data-e-type=\"widget\" data-widget_type=\"heading.default\">\n\t\t\t\t<div class=\"elementor-widget-container\">\n\t\t\t\t\t<h5 class=\"elementor-heading-title elementor-size-default\">Our story<\/h5>\t\t\t\t<\/div>\n\t\t\t\t<\/div>\n\t\t\t\t<div class=\"elementor-element elementor-element-b4d7429 animated-slow elementor-invisible elementor-widget elementor-widget-heading\" data-id=\"b4d7429\" data-element_type=\"widget\" data-e-type=\"widget\" data-settings=\"{&quot;_animation&quot;:&quot;fadeInUp&quot;}\" data-widget_type=\"heading.default\">\n\t\t\t\t<div class=\"elementor-widget-container\">\n\t\t\t\t\t<h2 class=\"elementor-heading-title elementor-size-default\">THE FUNDING\n<\/h2>\t\t\t\t<\/div>\n\t\t\t\t<\/div>\n\t\t\t\t<div class=\"elementor-element elementor-element-692c2c6 elementor-widget elementor-widget-text-editor\" data-id=\"692c2c6\" data-element_type=\"widget\" data-e-type=\"widget\" data-widget_type=\"text-editor.default\">\n\t\t\t\t<div class=\"elementor-widget-container\">\n\t\t\t\t\t\t\t\t\t<p><span style=\"font-weight: 400;\">In 1995, Dr. Imre Vil\u00e1gos created the Foundation with the aim of helping young performers and creators in the field of movement culture, dance and non-verbal theatre: it continues its educational, training and further training activities for the continuous renewal, preservation of cultural heritage and cultural promotion. It is responsible for identifying the professional, technical and financial conditions, applications, grants and potential partners and supporters necessary for the realisation of these objectives. <\/span><span style=\"font-weight: 400;\">The founder is Vir\u00e1g S\u00f3thy, the members of the Board of Trustees are J\u00f3zsef Karlik (chairman), Kl\u00e1ra \u00c9berhardt, Zolt\u00e1n Sz\u00e9plaki.<\/span><\/p>\t\t\t\t\t\t\t\t<\/div>\n\t\t\t\t<\/div>\n\t\t\t\t\t<\/div>\n\t\t<\/div>\n\t\t\t\t<div class=\"elementor-column elementor-col-50 elementor-top-column elementor-element elementor-element-41b7733\" data-id=\"41b7733\" data-element_type=\"column\" data-e-type=\"column\" data-settings=\"{&quot;background_background&quot;:&quot;classic&quot;}\">\n\t\t\t<div class=\"elementor-widget-wrap elementor-element-populated\">\n\t\t\t\t\t\t<div class=\"elementor-element elementor-element-bee34f7 elementor-widget elementor-widget-spacer\" data-id=\"bee34f7\" data-element_type=\"widget\" data-e-type=\"widget\" data-widget_type=\"spacer.default\">\n\t\t\t\t<div class=\"elementor-widget-container\">\n\t\t\t\t\t\t\t<div class=\"elementor-spacer\">\n\t\t\t<div class=\"elementor-spacer-inner\"><\/div>\n\t\t<\/div>\n\t\t\t\t\t\t<\/div>\n\t\t\t\t<\/div>\n\t\t\t\t<div class=\"elementor-element elementor-element-61d41f8 animated-slow elementor-invisible elementor-widget elementor-widget-image\" data-id=\"61d41f8\" data-element_type=\"widget\" data-e-type=\"widget\" data-settings=\"{&quot;_animation&quot;:&quot;rollIn&quot;}\" data-widget_type=\"image.default\">\n\t\t\t\t<div class=\"elementor-widget-container\">\n\t\t\t\t\t\t\t\t\t\t\t\t\t\t\t<img decoding=\"async\" width=\"1527\" height=\"1796\" src=\"https:\/\/cedt.hu\/wp-content\/uploads\/2025\/05\/KET-Alapitvany-Feher.png\" class=\"attachment-full size-full wp-image-16842\" alt=\"\" srcset=\"https:\/\/cedt.hu\/wp-content\/uploads\/2025\/05\/KET-Alapitvany-Feher.png 1527w, https:\/\/cedt.hu\/wp-content\/uploads\/2025\/05\/KET-Alapitvany-Feher-255x300.png 255w, https:\/\/cedt.hu\/wp-content\/uploads\/2025\/05\/KET-Alapitvany-Feher-871x1024.png 871w, https:\/\/cedt.hu\/wp-content\/uploads\/2025\/05\/KET-Alapitvany-Feher-768x903.png 768w, https:\/\/cedt.hu\/wp-content\/uploads\/2025\/05\/KET-Alapitvany-Feher-1306x1536.png 1306w\" sizes=\"(max-width: 1527px) 100vw, 1527px\" \/>\t\t\t\t\t\t\t\t\t\t\t\t\t\t\t<\/div>\n\t\t\t\t<\/div>\n\t\t\t\t\t<\/div>\n\t\t<\/div>\n\t\t\t\t\t<\/div>\n\t\t<\/section>\n\t\t\t\t<\/div>","protected":false},"excerpt":{"rendered":"<p>R\u00f3lunk Bemutatkoz\u00e1s A K\u00d6Z\u00c9P-EUR\u00d3PA T\u00c1NCSZ\u00cdNH\u00c1Z A K\u00f6z\u00e9p-Eur\u00f3pa T\u00e1ncsz\u00ednh\u00e1z (KET) Magyarorsz\u00e1g egyik legadapt\u00edvabb \u00e9s leginnovat\u00edvabb t\u00e1nct\u00e1rsulata, amely az aktualit\u00e1s \u00e9s reflektivit\u00e1s jegy\u00e9ben alkot. A KET m\u0171sorai a kort\u00e1rst\u00e1nc v\u00e1ltozatos nyelv\u00e9n sz\u00f3lnak a k\u00f6z\u00f6ns\u00e9ghez, bemutatva a K\u00e1rp\u00e1t-medence egyedi mozg\u00e1svil\u00e1g\u00e1t \u00e9s t\u00e9mav\u00e1laszt\u00e1sait. Nemzetk\u00f6zi jelenl\u00e9te, \u00e9s k\u00f6z\u00e9p-eur\u00f3pai kapcsolatrendszere, olyan egy\u00fcttm\u0171k\u00f6d\u00e9seket h\u00edv \u00e9letre, amelyek unik\u00e1lis kollabor\u00e1ci\u00f3kat, hi\u00e1nyp\u00f3tl\u00f3 kezdem\u00e9nyez\u00e9seket, \u00e9s kiv\u00e9teles [&hellip;]<\/p>\n","protected":false},"author":1,"featured_media":0,"parent":0,"menu_order":0,"comment_status":"closed","ping_status":"closed","template":"elementor_header_footer","meta":{"footnotes":""},"class_list":["post-319","page","type-page","status-publish","hentry"],"_links":{"self":[{"href":"https:\/\/cedt.hu\/en\/wp-json\/wp\/v2\/pages\/319","targetHints":{"allow":["GET"]}}],"collection":[{"href":"https:\/\/cedt.hu\/en\/wp-json\/wp\/v2\/pages"}],"about":[{"href":"https:\/\/cedt.hu\/en\/wp-json\/wp\/v2\/types\/page"}],"author":[{"embeddable":true,"href":"https:\/\/cedt.hu\/en\/wp-json\/wp\/v2\/users\/1"}],"replies":[{"embeddable":true,"href":"https:\/\/cedt.hu\/en\/wp-json\/wp\/v2\/comments?post=319"}],"version-history":[{"count":6,"href":"https:\/\/cedt.hu\/en\/wp-json\/wp\/v2\/pages\/319\/revisions"}],"predecessor-version":[{"id":61723,"href":"https:\/\/cedt.hu\/en\/wp-json\/wp\/v2\/pages\/319\/revisions\/61723"}],"wp:attachment":[{"href":"https:\/\/cedt.hu\/en\/wp-json\/wp\/v2\/media?parent=319"}],"curies":[{"name":"wp","href":"https:\/\/api.w.org\/{rel}","templated":true}]}}