{"id":316,"date":"2017-02-04T23:38:51","date_gmt":"2017-02-04T23:38:51","guid":{"rendered":"http:\/\/185.43.206.2\/~cedthu\/?page_id=316\/"},"modified":"2018-07-23T13:27:44","modified_gmt":"2018-07-23T13:27:44","slug":"rolunk","status":"publish","type":"page","link":"https:\/\/cedt.hu\/en\/rolunk\/","title":{"rendered":"About us"},"content":{"rendered":"<div class=\"hirCim\">\n<p style=\"text-align: justify;\"><em>Progressive. Stylish. Contemporary.<\/em> KET is one of the most innovative dance companies in Hungary. The pieces of its unique repertoire strive for topicality and reflectivity. They have chosen the diverse language of contemporary dance to address and respond to everyday issues. The KET, as its name suggests, is committed to a specific geographical region, the Carpathian Basin and its region determining not only the main area of its activities but also the unique world of movement and choice of themes.<\/p>\n<\/div>\n<div class=\"hirLead\">\n<p><a href=\"http:\/\/cedt.hu\/en\/a-ket\/\" target=\"_blank\" rel=\"noopener noreferrer\"><em style=\"color: #ffffff; text-decoration: underline;\">History of the KET<\/em><\/a><\/p>\n<p>&nbsp;<\/p>\n<\/div>\n<p>&nbsp;<\/p>\n<div class=\"hirLead\"><\/div>","protected":false},"excerpt":{"rendered":"<p>Progressz\u00edv. St\u00edlusos. Kort\u00e1rs. A K\u00f6z\u00e9p-Eur\u00f3pa T\u00e1ncsz\u00ednh\u00e1z (KET) Magyarorsz\u00e1g egyik legmeghat\u00e1roz\u00f3bb t\u00e1nct\u00e1rsulata. Folyamatosan fejl\u0151d\u0151 reperto\u00e1runk mellett \u2013 a r\u00e9gi\u00f3ban egyed\u00fcl\u00e1ll\u00f3 m\u00f3don \u2013 a DTIE, az IKF \u00e9s a D.E.E.P programsorozataink is m\u0171k\u00f6d\u00e9s\u00fcnk fontos r\u00e9sz\u00e9t alkotj\u00e1k.<\/p>","protected":false},"author":1,"featured_media":0,"parent":0,"menu_order":0,"comment_status":"closed","ping_status":"closed","template":"","meta":{"footnotes":""},"class_list":["post-316","page","type-page","status-publish","hentry"],"_links":{"self":[{"href":"https:\/\/cedt.hu\/en\/wp-json\/wp\/v2\/pages\/316","targetHints":{"allow":["GET"]}}],"collection":[{"href":"https:\/\/cedt.hu\/en\/wp-json\/wp\/v2\/pages"}],"about":[{"href":"https:\/\/cedt.hu\/en\/wp-json\/wp\/v2\/types\/page"}],"author":[{"embeddable":true,"href":"https:\/\/cedt.hu\/en\/wp-json\/wp\/v2\/users\/1"}],"replies":[{"embeddable":true,"href":"https:\/\/cedt.hu\/en\/wp-json\/wp\/v2\/comments?post=316"}],"version-history":[{"count":0,"href":"https:\/\/cedt.hu\/en\/wp-json\/wp\/v2\/pages\/316\/revisions"}],"wp:attachment":[{"href":"https:\/\/cedt.hu\/en\/wp-json\/wp\/v2\/media?parent=316"}],"curies":[{"name":"wp","href":"https:\/\/api.w.org\/{rel}","templated":true}]}}