{"id":2886,"date":"2017-02-15T10:35:38","date_gmt":"2017-02-15T10:35:38","guid":{"rendered":"http:\/\/185.43.206.2\/~cedthu\/?page_id=2886\/"},"modified":"2017-02-15T10:35:38","modified_gmt":"2017-02-15T10:35:38","slug":"young-choreographers-platform-ikf","status":"publish","type":"page","link":"https:\/\/cedt.hu\/en\/young-choreographers-platform-ikf\/","title":{"rendered":"Young Choreographers&#8217; Platform (IKF)"},"content":{"rendered":"<p>Few times a year \u2013 within the framework of the Young Choreographers\u2019 Platform (IKF) \u2013 we give the possibility for young and progressive choreographers to work with the dancers of our company. Meeting of high professionalism and the youth\u2019s unbroken imagination, we have a great opportunity to make something fancy, new and uncommon year by year. We like courage \u2013 even if not every experiment is a success story \u2013 and we all can learn a lot from this project.<\/p>\n<p>&nbsp;<\/p>\n<p>IKF-winners:<\/p>\n<p><strong>2013<\/strong><\/p>\n<p>Jobb\u00e1gy Bernadett\u00a0\u00a0&#8211;\u00a0demonstration: 9. March<\/p>\n<p>\u00dajv\u00e1ri Mil\u00e1n\u00a0&#8211;\u00a0demonstration: 18. May<\/p>\n<p>P\u00e1lfi Gabriella\u00a0&#8211; demonstration: 28. September<\/p>\n<p><strong>2014<\/strong><\/p>\n<p>Grecs\u00f3 Zolt\u00e1n\u00a0&#8211;\u00a0demonstration: 7. June<\/p>\n<p>\u00dajsz\u00e1szi Dorottya\u00a0&#8211;\u00a0demonstration: 6. September<\/p>\n<p>Varga Kinga\u00a0&#8211;\u00a0demonstration: 13. September<\/p>\n<p><strong>2015<\/strong><\/p>\n<p>Gyulai J\u00falia\u00a0&#8211; demonstration: 17. January<\/p>\n<p>Hal\u00e1sz G\u00e1bor\u00a0&#8211; demonstration: 6. June<\/p>\n<p>Szamosi Judit\u00a0&#8211; demonstration: 12. Semtember<\/p>\n<p>2016<\/p>\n<p>jr Zolt\u00e1n\u00a0Zsur\u00e1fszky &#8211; demonstration: 12.11.2016.<\/p>\n<p>Beatrix Simk\u00f3 &#8211; demonstration: 14.01.2017.<\/p>\n<p>Lajos Turi &#8211; demonstration: 11.03.2017.<\/p>","protected":false},"excerpt":{"rendered":"<p>Few times a year \u2013 within the framework of the Young Choreographers\u2019 Platform (IKF) \u2013 we give the possibility for young and progressive choreographers to work with the dancers of our company. Meeting of high professionalism and the youth\u2019s unbroken imagination, we have a great opportunity to make something fancy, new and uncommon year by [&hellip;]<\/p>\n","protected":false},"author":4,"featured_media":0,"parent":0,"menu_order":0,"comment_status":"closed","ping_status":"closed","template":"","meta":{"footnotes":""},"class_list":["post-2886","page","type-page","status-publish","hentry"],"_links":{"self":[{"href":"https:\/\/cedt.hu\/en\/wp-json\/wp\/v2\/pages\/2886","targetHints":{"allow":["GET"]}}],"collection":[{"href":"https:\/\/cedt.hu\/en\/wp-json\/wp\/v2\/pages"}],"about":[{"href":"https:\/\/cedt.hu\/en\/wp-json\/wp\/v2\/types\/page"}],"author":[{"embeddable":true,"href":"https:\/\/cedt.hu\/en\/wp-json\/wp\/v2\/users\/4"}],"replies":[{"embeddable":true,"href":"https:\/\/cedt.hu\/en\/wp-json\/wp\/v2\/comments?post=2886"}],"version-history":[{"count":0,"href":"https:\/\/cedt.hu\/en\/wp-json\/wp\/v2\/pages\/2886\/revisions"}],"wp:attachment":[{"href":"https:\/\/cedt.hu\/en\/wp-json\/wp\/v2\/media?parent=2886"}],"curies":[{"name":"wp","href":"https:\/\/api.w.org\/{rel}","templated":true}]}}