{"id":19831,"date":"2025-06-03T08:32:56","date_gmt":"2025-06-03T08:32:56","guid":{"rendered":"https:\/\/cedthu.rwpstaging.site\/?page_id=19831"},"modified":"2025-06-03T08:35:55","modified_gmt":"2025-06-03T08:35:55","slug":"kocbaba","status":"publish","type":"page","link":"https:\/\/cedt.hu\/en\/kocbaba\/","title":{"rendered":"Baby Carrot"},"content":{"rendered":"<div data-elementor-type=\"wp-page\" data-elementor-id=\"19831\" class=\"elementor elementor-19831\" data-elementor-post-type=\"page\">\n\t\t\t\t\t\t<section class=\"elementor-section elementor-top-section elementor-element elementor-element-71ffcd29 elementor-section-boxed elementor-section-height-default elementor-section-height-default\" data-id=\"71ffcd29\" data-element_type=\"section\" data-e-type=\"section\" data-settings=\"{&quot;background_background&quot;:&quot;classic&quot;}\">\n\t\t\t\t\t\t<div class=\"elementor-container elementor-column-gap-default\">\n\t\t\t\t\t<div class=\"elementor-column elementor-col-100 elementor-top-column elementor-element elementor-element-5c48ec68\" data-id=\"5c48ec68\" data-element_type=\"column\" data-e-type=\"column\">\n\t\t\t<div class=\"elementor-widget-wrap elementor-element-populated\">\n\t\t\t\t\t\t<section class=\"elementor-section elementor-inner-section elementor-element elementor-element-7e5c17df elementor-section-boxed elementor-section-height-default elementor-section-height-default\" data-id=\"7e5c17df\" data-element_type=\"section\" data-e-type=\"section\">\n\t\t\t\t\t\t<div class=\"elementor-container elementor-column-gap-default\">\n\t\t\t\t\t<div class=\"elementor-column elementor-col-50 elementor-inner-column elementor-element elementor-element-50d81b08\" data-id=\"50d81b08\" data-element_type=\"column\" data-e-type=\"column\">\n\t\t\t<div class=\"elementor-widget-wrap elementor-element-populated\">\n\t\t\t\t\t\t<div class=\"elementor-element elementor-element-34c74234 elementor-widget elementor-widget-image\" data-id=\"34c74234\" data-element_type=\"widget\" data-e-type=\"widget\" data-widget_type=\"image.default\">\n\t\t\t\t<div class=\"elementor-widget-container\">\n\t\t\t\t\t\t\t\t\t\t\t\t\t\t\t<img fetchpriority=\"high\" decoding=\"async\" width=\"547\" height=\"820\" src=\"https:\/\/cedt.hu\/wp-content\/uploads\/2024\/03\/ff971cfb-860a-45c6-8b85-e2e40c1ad550-_1_.jpg\" class=\"attachment-full size-full wp-image-11747\" alt=\"\" srcset=\"https:\/\/cedt.hu\/wp-content\/uploads\/2024\/03\/ff971cfb-860a-45c6-8b85-e2e40c1ad550-_1_.jpg 547w, https:\/\/cedt.hu\/wp-content\/uploads\/2024\/03\/ff971cfb-860a-45c6-8b85-e2e40c1ad550-_1_-200x300.jpg 200w, https:\/\/cedt.hu\/wp-content\/uploads\/2024\/03\/ff971cfb-860a-45c6-8b85-e2e40c1ad550-_1_-267x400.jpg 267w, https:\/\/cedt.hu\/wp-content\/uploads\/2024\/03\/ff971cfb-860a-45c6-8b85-e2e40c1ad550-_1_-13x20.jpg 13w\" sizes=\"(max-width: 547px) 100vw, 547px\" \/>\t\t\t\t\t\t\t\t\t\t\t\t\t\t\t<\/div>\n\t\t\t\t<\/div>\n\t\t\t\t\t<\/div>\n\t\t<\/div>\n\t\t\t\t<div class=\"elementor-column elementor-col-50 elementor-inner-column elementor-element elementor-element-1fa511ca\" data-id=\"1fa511ca\" data-element_type=\"column\" data-e-type=\"column\">\n\t\t\t<div class=\"elementor-widget-wrap elementor-element-populated\">\n\t\t\t\t\t\t<div class=\"elementor-element elementor-element-1b14b633 elementor-widget elementor-widget-text-editor\" data-id=\"1b14b633\" data-element_type=\"widget\" data-e-type=\"widget\" data-widget_type=\"text-editor.default\">\n\t\t\t\t<div class=\"elementor-widget-container\">\n\t\t\t\t\t\t\t\t\t<div class=\"x11i5rnm xat24cr x1mh8g0r x1vvkbs xtlvy1s\"><div class=\"show-description\"><p>Interactive dance story to the songs of Judit Hal\u00e1sz<\/p><p>The company of the Central-Europe Dance Theatre is targeting the kindergarten and school age group with its performance inspired by the songs of Kossuth and J\u00e1szai Mari Prize winner Judit Hal\u00e1sz. It brings to life the famous doll who takes a boy and a girl on exciting adventures. In between, the title song is accompanied by classics such as \"Papa's Dance\", \"Marci dresses up\" and \"Dragonfly! Fun songs, exciting dancers and games to play with the little ones.<\/p><p>\u00a0<\/p><p>The age limit is +3 .<\/p><\/div><\/div>\t\t\t\t\t\t\t\t<\/div>\n\t\t\t\t<\/div>\n\t\t\t\t\t<\/div>\n\t\t<\/div>\n\t\t\t\t\t<\/div>\n\t\t<\/section>\n\t\t\t\t<section class=\"elementor-section elementor-inner-section elementor-element elementor-element-3aa39ba1 elementor-section-boxed elementor-section-height-default elementor-section-height-default\" data-id=\"3aa39ba1\" data-element_type=\"section\" data-e-type=\"section\">\n\t\t\t\t\t\t<div class=\"elementor-container elementor-column-gap-default\">\n\t\t\t\t\t<div class=\"elementor-column elementor-col-50 elementor-inner-column elementor-element elementor-element-41d1205e\" data-id=\"41d1205e\" data-element_type=\"column\" data-e-type=\"column\">\n\t\t\t<div class=\"elementor-widget-wrap\">\n\t\t\t\t\t\t\t<\/div>\n\t\t<\/div>\n\t\t\t\t<div class=\"elementor-column elementor-col-50 elementor-inner-column elementor-element elementor-element-2a63b924\" data-id=\"2a63b924\" data-element_type=\"column\" data-e-type=\"column\">\n\t\t\t<div class=\"elementor-widget-wrap elementor-element-populated\">\n\t\t\t\t\t\t<div class=\"elementor-element elementor-element-576bf014 elementor-widget elementor-widget-image\" data-id=\"576bf014\" data-element_type=\"widget\" data-e-type=\"widget\" data-widget_type=\"image.default\">\n\t\t\t\t<div class=\"elementor-widget-container\">\n\t\t\t\t\t\t\t\t\t\t\t\t\t\t\t<img decoding=\"async\" width=\"6000\" height=\"4002\" src=\"https:\/\/cedt.hu\/wp-content\/uploads\/2024\/03\/RAJZ.jpg\" class=\"attachment-full size-full wp-image-12075\" alt=\"\" srcset=\"https:\/\/cedt.hu\/wp-content\/uploads\/2024\/03\/RAJZ.jpg 6000w, https:\/\/cedt.hu\/wp-content\/uploads\/2024\/03\/RAJZ-300x200.jpg 300w, https:\/\/cedt.hu\/wp-content\/uploads\/2024\/03\/RAJZ-768x512.jpg 768w, https:\/\/cedt.hu\/wp-content\/uploads\/2024\/03\/RAJZ-1024x683.jpg 1024w, https:\/\/cedt.hu\/wp-content\/uploads\/2024\/03\/RAJZ-400x267.jpg 400w\" sizes=\"(max-width: 6000px) 100vw, 6000px\" \/>\t\t\t\t\t\t\t\t\t\t\t\t\t\t\t<\/div>\n\t\t\t\t<\/div>\n\t\t\t\t\t<\/div>\n\t\t<\/div>\n\t\t\t\t\t<\/div>\n\t\t<\/section>\n\t\t\t\t<div class=\"elementor-element elementor-element-701b5ef4 elementor-widget elementor-widget-heading\" data-id=\"701b5ef4\" data-element_type=\"widget\" data-e-type=\"widget\" data-widget_type=\"heading.default\">\n\t\t\t\t<div class=\"elementor-widget-container\">\n\t\t\t\t\t<h2 class=\"elementor-heading-title elementor-size-default\">creators<\/h2>\t\t\t\t<\/div>\n\t\t\t\t<\/div>\n\t\t\t\t<div class=\"elementor-element elementor-element-c668986 elementor-widget-divider--view-line elementor-widget elementor-widget-divider\" data-id=\"c668986\" data-element_type=\"widget\" data-e-type=\"widget\" data-widget_type=\"divider.default\">\n\t\t\t\t<div class=\"elementor-widget-container\">\n\t\t\t\t\t\t\t<div class=\"elementor-divider\">\n\t\t\t<span class=\"elementor-divider-separator\">\n\t\t\t\t\t\t<\/span>\n\t\t<\/div>\n\t\t\t\t\t\t<\/div>\n\t\t\t\t<\/div>\n\t\t\t\t<div class=\"elementor-element elementor-element-467a97b6 elementor-widget elementor-widget-text-editor\" data-id=\"467a97b6\" data-element_type=\"widget\" data-e-type=\"widget\" data-widget_type=\"text-editor.default\">\n\t\t\t\t<div class=\"elementor-widget-container\">\n\t\t\t\t\t\t\t\t\t<div class=\"show-actors\"><div id=\"nested-actors\"><div class=\"show-actors\"><div id=\"nested-actors\"><div class=\"show-actors\"><div id=\"nested-actors\"><div><div><h3>Choreographer<\/h3><ul><li>No\u00e9mi Kulcs\u00e1r<\/li><\/ul><\/div><div><h3>Dance artists<\/h3><ul><li>Sinka L\u00eddia<\/li><\/ul><ul><li>Edmond Kisbakonyi<\/li><\/ul><ul><li>G\u00e1bor Kindl<\/li><\/ul><ul><li>R\u00e9ka Gyevn\u00e1r<\/li><\/ul><ul><li>Gizella No\u00e9mi Nagy<\/li><li>Berta Pucsek<\/li><li>Marcell Hov\u00e1n<\/li><\/ul><\/div><div><h3>Dramaturg<\/h3><ul><li>Czech David<\/li><\/ul><\/div><div><h3>Costume and set design<\/h3><ul><li>Bati Nikoletta<\/li><\/ul><\/div><div><h3>Video installation<\/h3><ul><li>Zsombor Czegl\u00e9di<\/li><\/ul><\/div><div><h3>Light plan<\/h3><ul><li>Merc\u00e9desz Selmeczi<\/li><\/ul><\/div><div><h3>Music editor<\/h3><ul><li>madla<\/li><\/ul><\/div><div><h3>Arts Manager<\/h3><ul><li>Vir\u00e1g S\u00f3thy<\/li><\/ul><\/div><div><h3>General Manager<\/h3><ul><li>R\u00e9ka Gerlits<\/li><\/ul><\/div><div><h3>Composer<\/h3><ul><li>J\u00e1nos Br\u00f3dy<\/li><li>Anti Tam\u00e1s<\/li><li>Zolt\u00e1n Pom\u00e1zi<\/li><li>Andor B\u00e1lint Red<\/li><li>L\u00e1szl\u00f3 Nagy Tolcsvay Nagy<\/li><li>B\u00e9la Fesztbaum<\/li><li>Zolt\u00e1n Lajos Barna<\/li><li>Levente Sz\u00f6r\u00e9nyi<\/li><li>L\u00e1szl\u00f3 B\u00f3di<\/li><\/ul><\/div><div><h3>Copywriter<\/h3><ul><li>L\u00e1szl\u00f3 Barak<\/li><li>Krisztina T\u00f3th<\/li><li>S\u00e1ndor Cso\u00f3ri<\/li><li>L\u0151rinc Szab\u00f3<\/li><li>Tibor Simk\u00f3<\/li><li>S\u00e1ndor K\u00e1ny\u00e1di<\/li><li>Istv\u00e1n Csuk\u00e1s<\/li><li>K\u00e1roly Tamk\u00f3 Sirat\u00f3<\/li><\/ul><\/div><\/div><\/div><\/div><\/div><\/div><\/div><\/div>\t\t\t\t\t\t\t\t<\/div>\n\t\t\t\t<\/div>\n\t\t\t\t<div class=\"elementor-element elementor-element-25b71245 elementor-widget elementor-widget-heading\" data-id=\"25b71245\" data-element_type=\"widget\" data-e-type=\"widget\" data-widget_type=\"heading.default\">\n\t\t\t\t<div class=\"elementor-widget-container\">\n\t\t\t\t\t<h2 class=\"elementor-heading-title elementor-size-default\">COCOBAB<\/h2>\t\t\t\t<\/div>\n\t\t\t\t<\/div>\n\t\t\t\t<div class=\"elementor-element elementor-element-1252439c elementor-widget elementor-widget-gallery\" data-id=\"1252439c\" data-element_type=\"widget\" data-e-type=\"widget\" data-settings=\"{&quot;columns&quot;:3,&quot;lazyload&quot;:&quot;yes&quot;,&quot;gallery_layout&quot;:&quot;grid&quot;,&quot;columns_tablet&quot;:2,&quot;columns_mobile&quot;:1,&quot;gap&quot;:{&quot;unit&quot;:&quot;px&quot;,&quot;size&quot;:10,&quot;sizes&quot;:[]},&quot;gap_tablet&quot;:{&quot;unit&quot;:&quot;px&quot;,&quot;size&quot;:10,&quot;sizes&quot;:[]},&quot;gap_mobile&quot;:{&quot;unit&quot;:&quot;px&quot;,&quot;size&quot;:10,&quot;sizes&quot;:[]},&quot;link_to&quot;:&quot;file&quot;,&quot;aspect_ratio&quot;:&quot;3:2&quot;,&quot;overlay_background&quot;:&quot;yes&quot;,&quot;content_hover_animation&quot;:&quot;fade-in&quot;}\" data-widget_type=\"gallery.default\">\n\t\t\t\t<div class=\"elementor-widget-container\">\n\t\t\t\t\t\t\t<div class=\"elementor-gallery__container\">\n\t\t\t\t\t\t\t<a class=\"e-gallery-item elementor-gallery-item elementor-animated-content\" href=\"https:\/\/cedt.hu\/wp-content\/uploads\/2024\/03\/Kocb_637.jpg\" data-elementor-open-lightbox=\"yes\" data-elementor-lightbox-slideshow=\"1252439c\" data-elementor-lightbox-title=\"Kocb_637\" data-e-action-hash=\"#elementor-action%3Aaction%3Dlightbox%26settings%3DeyJpZCI6MTIwNTgsInVybCI6Imh0dHBzOlwvXC9jZWR0Lmh1XC93cC1jb250ZW50XC91cGxvYWRzXC8yMDI0XC8wM1wvS29jYl82MzcuanBnIiwic2xpZGVzaG93IjoiMTI1MjQzOWMifQ%3D%3D\">\n\t\t\t\t\t<div class=\"e-gallery-image elementor-gallery-item__image\" data-thumbnail=\"https:\/\/cedt.hu\/wp-content\/uploads\/2024\/03\/Kocb_637-300x200.jpg\" data-width=\"300\" data-height=\"200\" aria-label=\"\" role=\"img\" ><\/div>\n\t\t\t\t\t\t\t\t\t\t\t<div class=\"elementor-gallery-item__overlay\"><\/div>\n\t\t\t\t\t\t\t\t\t\t\t\t\t\t<\/a>\n\t\t\t\t\t\t\t<a class=\"e-gallery-item elementor-gallery-item elementor-animated-content\" href=\"https:\/\/cedt.hu\/wp-content\/uploads\/2024\/03\/Kocb_654.jpg\" data-elementor-open-lightbox=\"yes\" data-elementor-lightbox-slideshow=\"1252439c\" data-elementor-lightbox-title=\"Kocb_654\" data-e-action-hash=\"#elementor-action%3Aaction%3Dlightbox%26settings%3DeyJpZCI6MTIwNjAsInVybCI6Imh0dHBzOlwvXC9jZWR0Lmh1XC93cC1jb250ZW50XC91cGxvYWRzXC8yMDI0XC8wM1wvS29jYl82NTQuanBnIiwic2xpZGVzaG93IjoiMTI1MjQzOWMifQ%3D%3D\">\n\t\t\t\t\t<div class=\"e-gallery-image elementor-gallery-item__image\" data-thumbnail=\"https:\/\/cedt.hu\/wp-content\/uploads\/2024\/03\/Kocb_654-300x200.jpg\" data-width=\"300\" data-height=\"200\" aria-label=\"\" role=\"img\" ><\/div>\n\t\t\t\t\t\t\t\t\t\t\t<div class=\"elementor-gallery-item__overlay\"><\/div>\n\t\t\t\t\t\t\t\t\t\t\t\t\t\t<\/a>\n\t\t\t\t\t\t\t<a class=\"e-gallery-item elementor-gallery-item elementor-animated-content\" href=\"https:\/\/cedt.hu\/wp-content\/uploads\/2024\/03\/Kocb_716.jpg\" data-elementor-open-lightbox=\"yes\" data-elementor-lightbox-slideshow=\"1252439c\" data-elementor-lightbox-title=\"Kocb_716\" data-e-action-hash=\"#elementor-action%3Aaction%3Dlightbox%26settings%3DeyJpZCI6MTIwNjQsInVybCI6Imh0dHBzOlwvXC9jZWR0Lmh1XC93cC1jb250ZW50XC91cGxvYWRzXC8yMDI0XC8wM1wvS29jYl83MTYuanBnIiwic2xpZGVzaG93IjoiMTI1MjQzOWMifQ%3D%3D\">\n\t\t\t\t\t<div class=\"e-gallery-image elementor-gallery-item__image\" data-thumbnail=\"https:\/\/cedt.hu\/wp-content\/uploads\/2024\/03\/Kocb_716-300x200.jpg\" data-width=\"300\" data-height=\"200\" aria-label=\"\" role=\"img\" ><\/div>\n\t\t\t\t\t\t\t\t\t\t\t<div class=\"elementor-gallery-item__overlay\"><\/div>\n\t\t\t\t\t\t\t\t\t\t\t\t\t\t<\/a>\n\t\t\t\t\t<\/div>\n\t\t\t\t\t<\/div>\n\t\t\t\t<\/div>\n\t\t\t\t\t<\/div>\n\t\t<\/div>\n\t\t\t\t\t<\/div>\n\t\t<\/section>\n\t\t\t\t<\/div>","protected":false},"excerpt":{"rendered":"<p>Interakt\u00edv t\u00e1ncmese Hal\u00e1sz Judit dalaira A K\u00f6z\u00e9p-Eur\u00f3pa T\u00e1ncsz\u00ednh\u00e1z t\u00e1rsulata az \u00f3vod\u00e1s \u00e9s kisiskol\u00e1s koroszt\u00e1lyt c\u00e9lozza meg el\u0151ad\u00e1s\u00e1val, amelyet a Kossuth- \u00e9s J\u00e1szai Mari-d\u00edjas Hal\u00e1sz Judit dalai inspir\u00e1ltak. \u00c9letre kel benne a h\u00edres-neves K\u00f3cbaba, aki egy kisfi\u00fat \u00e9s kisl\u00e1nyt izgalmas kalandokra visz mag\u00e1val. K\u00f6zben pedig a c\u00edmad\u00f3 dal mellett, olyan klasszikusok hangzanak m\u00e9g el, mint a [&hellip;]<\/p>\n","protected":false},"author":1,"featured_media":0,"parent":0,"menu_order":0,"comment_status":"closed","ping_status":"closed","template":"elementor_header_footer","meta":{"footnotes":""},"class_list":["post-19831","page","type-page","status-publish","hentry"],"_links":{"self":[{"href":"https:\/\/cedt.hu\/en\/wp-json\/wp\/v2\/pages\/19831","targetHints":{"allow":["GET"]}}],"collection":[{"href":"https:\/\/cedt.hu\/en\/wp-json\/wp\/v2\/pages"}],"about":[{"href":"https:\/\/cedt.hu\/en\/wp-json\/wp\/v2\/types\/page"}],"author":[{"embeddable":true,"href":"https:\/\/cedt.hu\/en\/wp-json\/wp\/v2\/users\/1"}],"replies":[{"embeddable":true,"href":"https:\/\/cedt.hu\/en\/wp-json\/wp\/v2\/comments?post=19831"}],"version-history":[{"count":0,"href":"https:\/\/cedt.hu\/en\/wp-json\/wp\/v2\/pages\/19831\/revisions"}],"wp:attachment":[{"href":"https:\/\/cedt.hu\/en\/wp-json\/wp\/v2\/media?parent=19831"}],"curies":[{"name":"wp","href":"https:\/\/api.w.org\/{rel}","templated":true}]}}