{"id":19738,"date":"2025-06-03T08:14:59","date_gmt":"2025-06-03T08:14:59","guid":{"rendered":"https:\/\/cedthu.rwpstaging.site\/?page_id=19738"},"modified":"2025-06-03T08:21:57","modified_gmt":"2025-06-03T08:21:57","slug":"aranyalma-a-lelek-voros-gyumolcse","status":"publish","type":"page","link":"https:\/\/cedt.hu\/en\/aranyalma-a-lelek-voros-gyumolcse\/","title":{"rendered":"ARANYALMA \u2013 A l\u00e9lek v\u00f6r\u00f6s gy\u00fcm\u00f6lcse"},"content":{"rendered":"<div data-elementor-type=\"wp-page\" data-elementor-id=\"19738\" class=\"elementor elementor-19738\" data-elementor-post-type=\"page\">\n\t\t\t\t\t\t<section class=\"elementor-section elementor-top-section elementor-element elementor-element-67988a3d elementor-section-boxed elementor-section-height-default elementor-section-height-default\" data-id=\"67988a3d\" data-element_type=\"section\" data-e-type=\"section\" data-settings=\"{&quot;background_background&quot;:&quot;classic&quot;}\">\n\t\t\t\t\t\t<div class=\"elementor-container elementor-column-gap-default\">\n\t\t\t\t\t<div class=\"elementor-column elementor-col-100 elementor-top-column elementor-element elementor-element-746ce0d1\" data-id=\"746ce0d1\" data-element_type=\"column\" data-e-type=\"column\">\n\t\t\t<div class=\"elementor-widget-wrap elementor-element-populated\">\n\t\t\t\t\t\t<section class=\"elementor-section elementor-inner-section elementor-element elementor-element-e5e22ff elementor-section-boxed elementor-section-height-default elementor-section-height-default\" data-id=\"e5e22ff\" data-element_type=\"section\" data-e-type=\"section\">\n\t\t\t\t\t\t<div class=\"elementor-container elementor-column-gap-default\">\n\t\t\t\t\t<div class=\"elementor-column elementor-col-33 elementor-inner-column elementor-element elementor-element-4c7bd96\" data-id=\"4c7bd96\" data-element_type=\"column\" data-e-type=\"column\">\n\t\t\t<div class=\"elementor-widget-wrap elementor-element-populated\">\n\t\t\t\t\t\t<div class=\"elementor-element elementor-element-171ea103 elementor-widget elementor-widget-image\" data-id=\"171ea103\" data-element_type=\"widget\" data-e-type=\"widget\" data-widget_type=\"image.default\">\n\t\t\t\t<div class=\"elementor-widget-container\">\n\t\t\t\t\t\t\t\t\t\t\t\t\t\t\t<img fetchpriority=\"high\" decoding=\"async\" width=\"980\" height=\"1410\" src=\"https:\/\/cedt.hu\/wp-content\/uploads\/2024\/09\/DSC00976_edited-2-scaled-e1730380646438.jpg\" class=\"attachment-full size-full wp-image-13112\" alt=\"\" srcset=\"https:\/\/cedt.hu\/wp-content\/uploads\/2024\/09\/DSC00976_edited-2-scaled-e1730380646438.jpg 980w, https:\/\/cedt.hu\/wp-content\/uploads\/2024\/09\/DSC00976_edited-2-scaled-e1730380646438-209x300.jpg 209w, https:\/\/cedt.hu\/wp-content\/uploads\/2024\/09\/DSC00976_edited-2-scaled-e1730380646438-712x1024.jpg 712w, https:\/\/cedt.hu\/wp-content\/uploads\/2024\/09\/DSC00976_edited-2-scaled-e1730380646438-768x1105.jpg 768w, https:\/\/cedt.hu\/wp-content\/uploads\/2024\/09\/DSC00976_edited-2-scaled-e1730380646438-278x400.jpg 278w\" sizes=\"(max-width: 980px) 100vw, 980px\" \/>\t\t\t\t\t\t\t\t\t\t\t\t\t\t\t<\/div>\n\t\t\t\t<\/div>\n\t\t\t\t\t<\/div>\n\t\t<\/div>\n\t\t\t\t<div class=\"elementor-column elementor-col-33 elementor-inner-column elementor-element elementor-element-0828346\" data-id=\"0828346\" data-element_type=\"column\" data-e-type=\"column\">\n\t\t\t<div class=\"elementor-widget-wrap elementor-element-populated\">\n\t\t\t\t\t\t<div class=\"elementor-element elementor-element-51294e55 elementor-widget elementor-widget-text-editor\" data-id=\"51294e55\" data-element_type=\"widget\" data-e-type=\"widget\" data-widget_type=\"text-editor.default\">\n\t\t\t\t<div class=\"elementor-widget-container\">\n\t\t\t\t\t\t\t\t\t<div class=\"x11i5rnm xat24cr x1mh8g0r x1vvkbs xtlvy1s\"><div class=\"show-description\"><p>A Kizil Elma transzcendens gondolkod\u00e1s az iszl\u00e1m filoz\u00f3fiai hagyom\u00e1ny\u00e1ban szerepl\u0151 fogalom, amelyet az ir\u00e1ni iszl\u00e1m filoz\u00f3fus \u00e9s b\u00f6lcseleti gondolkod\u00f3, Molla Sadra al-Shirazi fejlesztett ki. A Kizil Elma sz\u00f3 szerinti ford\u00edt\u00e1sa \u201ev\u00f6r\u00f6s alma\u201d, de a filoz\u00f3fiai \u00e9rtelemben ink\u00e1bb a \u201etranszcendens gy\u00fcm\u00f6lcs\u201d vagy \u201etranszcendens tud\u00e1s\u201d jelent\u00e9s\u00e9t viseli. A Kizil Elma transzcendens gondolkod\u00e1s azt jelenti, hogy a tud\u00e1s forr\u00e1sa a transzcendenci\u00e1ban tal\u00e1lhat\u00f3, \u00e9s nem az \u00e9rz\u00e9kel\u00e9sen alapul. Ez a tud\u00e1sforr\u00e1s az emberi l\u00e9lekbe van bev\u00e9sve, \u00e9s k\u00f6zvetlen kapcsolatban \u00e1ll az Istennel, aki a legfels\u0151bb transzcendens val\u00f3s\u00e1g. Ez a fajta gondolkod\u00e1s alapvet\u0151en azt \u00e1ll\u00edtja, hogy az \u00e9rz\u00e9kel\u00e9sen kereszt\u00fcl nyert tapasztalatok hib\u00e1kra \u00e9s korl\u00e1tokra \u00e9p\u00fclnek, m\u00edg a transzcendens tud\u00e1s mindenek felett \u00e1ll, \u00e9s a val\u00f3s\u00e1got mutatja meg az emberi l\u00e9lek sz\u00e1m\u00e1ra. Ez a tud\u00e1s k\u00e9pes arra, hogy \u00e1tform\u00e1lja az embert, \u00e9s utat mutasson sz\u00e1m\u00e1ra a szellemi fejl\u0151d\u00e9s \u00fatj\u00e1n. Fontos eleme a hagyom\u00e1nyos iszl\u00e1m filoz\u00f3fiai \u00e9rt\u00e9krendnek. Ez az \u00e9rt\u00e9krend felh\u00edvja a vall\u00e1si vezet\u0151ket, hogy ne csak a hagyom\u00e1nyos dogm\u00e1kat \u00e9s doktr\u00edn\u00e1kat tan\u00edts\u00e1k, hanem szellemi fejl\u0151d\u00e9s\u00e9nek t\u00e1mogat\u00e1s\u00e1val seg\u00edtsenek az embereknek eljutni a transzcendens tud\u00e1s forr\u00e1s\u00e1ig, \u00e9s \u00faj szintre emelkedni a szellemi fejl\u0151d\u00e9sben.<\/p><\/div><\/div>\t\t\t\t\t\t\t\t<\/div>\n\t\t\t\t<\/div>\n\t\t\t\t\t<\/div>\n\t\t<\/div>\n\t\t\t\t<div class=\"elementor-column elementor-col-33 elementor-inner-column elementor-element elementor-element-0cbd83a\" data-id=\"0cbd83a\" data-element_type=\"column\" data-e-type=\"column\">\n\t\t\t<div class=\"elementor-widget-wrap elementor-element-populated\">\n\t\t\t\t\t\t<div class=\"elementor-element elementor-element-55e69cd elementor-widget elementor-widget-image\" data-id=\"55e69cd\" data-element_type=\"widget\" data-e-type=\"widget\" data-widget_type=\"image.default\">\n\t\t\t\t<div class=\"elementor-widget-container\">\n\t\t\t\t\t\t\t\t\t\t\t\t\t\t\t<img decoding=\"async\" width=\"721\" height=\"1024\" src=\"https:\/\/cedt.hu\/wp-content\/uploads\/2024\/10\/aranyalma_PLAKATALAP_logo_egetve_a3_arany_2_kicsi-1-721x1024.jpg\" class=\"attachment-large size-large wp-image-13380\" alt=\"\" srcset=\"https:\/\/cedt.hu\/wp-content\/uploads\/2024\/10\/aranyalma_PLAKATALAP_logo_egetve_a3_arany_2_kicsi-1-721x1024.jpg 721w, https:\/\/cedt.hu\/wp-content\/uploads\/2024\/10\/aranyalma_PLAKATALAP_logo_egetve_a3_arany_2_kicsi-1-211x300.jpg 211w, https:\/\/cedt.hu\/wp-content\/uploads\/2024\/10\/aranyalma_PLAKATALAP_logo_egetve_a3_arany_2_kicsi-1-768x1091.jpg 768w, https:\/\/cedt.hu\/wp-content\/uploads\/2024\/10\/aranyalma_PLAKATALAP_logo_egetve_a3_arany_2_kicsi-1-1081x1536.jpg 1081w, https:\/\/cedt.hu\/wp-content\/uploads\/2024\/10\/aranyalma_PLAKATALAP_logo_egetve_a3_arany_2_kicsi-1-1441x2048.jpg 1441w, https:\/\/cedt.hu\/wp-content\/uploads\/2024\/10\/aranyalma_PLAKATALAP_logo_egetve_a3_arany_2_kicsi-1-281x400.jpg 281w, https:\/\/cedt.hu\/wp-content\/uploads\/2024\/10\/aranyalma_PLAKATALAP_logo_egetve_a3_arany_2_kicsi-1-scaled.jpg 1801w\" sizes=\"(max-width: 721px) 100vw, 721px\" \/>\t\t\t\t\t\t\t\t\t\t\t\t\t\t\t<\/div>\n\t\t\t\t<\/div>\n\t\t\t\t\t<\/div>\n\t\t<\/div>\n\t\t\t\t\t<\/div>\n\t\t<\/section>\n\t\t\t\t<div class=\"elementor-element elementor-element-724ea917 elementor-widget elementor-widget-heading\" data-id=\"724ea917\" data-element_type=\"widget\" data-e-type=\"widget\" data-widget_type=\"heading.default\">\n\t\t\t\t<div class=\"elementor-widget-container\">\n\t\t\t\t\t<h2 class=\"elementor-heading-title elementor-size-default\">creators<\/h2>\t\t\t\t<\/div>\n\t\t\t\t<\/div>\n\t\t\t\t<div class=\"elementor-element elementor-element-d6b9017 elementor-widget-divider--view-line elementor-widget elementor-widget-divider\" data-id=\"d6b9017\" data-element_type=\"widget\" data-e-type=\"widget\" data-widget_type=\"divider.default\">\n\t\t\t\t<div class=\"elementor-widget-container\">\n\t\t\t\t\t\t\t<div class=\"elementor-divider\">\n\t\t\t<span class=\"elementor-divider-separator\">\n\t\t\t\t\t\t<\/span>\n\t\t<\/div>\n\t\t\t\t\t\t<\/div>\n\t\t\t\t<\/div>\n\t\t\t\t<div class=\"elementor-element elementor-element-1dd1f3bb elementor-widget elementor-widget-text-editor\" data-id=\"1dd1f3bb\" data-element_type=\"widget\" data-e-type=\"widget\" data-widget_type=\"text-editor.default\">\n\t\t\t\t<div class=\"elementor-widget-container\">\n\t\t\t\t\t\t\t\t\t<div class=\"show-actors\"><div id=\"nested-actors\"><div class=\"show-actors\"><div id=\"nested-actors\"><div><h3>Choreographer<\/h3><ul><li>L\u00e1szl\u00f3 M\u00e1di<\/li><\/ul><\/div><div><h3>Music editor<\/h3><ul><li>madla<\/li><\/ul><\/div><div><h3>Dance artist<\/h3><ul><li>Sinka L\u00eddia<\/li><li>R\u00e9ka Gyevn\u00e1r<\/li><li>G\u00e1bor Kindl<\/li><li>Edmond Kisbakonyi<\/li><li>Marcell Hov\u00e1n<\/li><li>Berta Pucsek<\/li><li>Gizella No\u00e9mi Nagy<\/li><\/ul><\/div><div><h3>K\u00f6zrem\u0171k\u00f6d\u0151<\/h3><ul><li>A Magyar T\u00e1ncm\u0171v\u00e9szeti Egyetem hallgat\u00f3ja<\/li><li>Kiss Dorina<\/li><\/ul><\/div><\/div><\/div><\/div><\/div>\t\t\t\t\t\t\t\t<\/div>\n\t\t\t\t<\/div>\n\t\t\t\t<div class=\"elementor-element elementor-element-4030a43 elementor-widget elementor-widget-heading\" data-id=\"4030a43\" data-element_type=\"widget\" data-e-type=\"widget\" data-widget_type=\"heading.default\">\n\t\t\t\t<div class=\"elementor-widget-container\">\n\t\t\t\t\t<h2 class=\"elementor-heading-title elementor-size-default\">ARANYALMA \u2013 A l\u00e9lek v\u00f6r\u00f6s gy\u00fcm\u00f6lcse<\/h2>\t\t\t\t<\/div>\n\t\t\t\t<\/div>\n\t\t\t\t<div class=\"elementor-element elementor-element-15b93a8 elementor-widget elementor-widget-gallery\" data-id=\"15b93a8\" data-element_type=\"widget\" data-e-type=\"widget\" data-settings=\"{&quot;lazyload&quot;:&quot;yes&quot;,&quot;gallery_layout&quot;:&quot;grid&quot;,&quot;columns&quot;:4,&quot;columns_tablet&quot;:2,&quot;columns_mobile&quot;:1,&quot;gap&quot;:{&quot;unit&quot;:&quot;px&quot;,&quot;size&quot;:10,&quot;sizes&quot;:[]},&quot;gap_tablet&quot;:{&quot;unit&quot;:&quot;px&quot;,&quot;size&quot;:10,&quot;sizes&quot;:[]},&quot;gap_mobile&quot;:{&quot;unit&quot;:&quot;px&quot;,&quot;size&quot;:10,&quot;sizes&quot;:[]},&quot;link_to&quot;:&quot;file&quot;,&quot;aspect_ratio&quot;:&quot;3:2&quot;,&quot;overlay_background&quot;:&quot;yes&quot;,&quot;content_hover_animation&quot;:&quot;fade-in&quot;}\" data-widget_type=\"gallery.default\">\n\t\t\t\t<div class=\"elementor-widget-container\">\n\t\t\t\t\t\t\t<div class=\"elementor-gallery__container\">\n\t\t\t\t\t\t\t<a class=\"e-gallery-item elementor-gallery-item elementor-animated-content\" href=\"https:\/\/cedt.hu\/wp-content\/uploads\/2024\/09\/Alma_603.jpg\" data-elementor-open-lightbox=\"yes\" data-elementor-lightbox-slideshow=\"15b93a8\" data-elementor-lightbox-title=\"Alma_603\" data-e-action-hash=\"#elementor-action%3Aaction%3Dlightbox%26settings%3DeyJpZCI6MTM1ODksInVybCI6Imh0dHBzOlwvXC9jZWR0Lmh1XC93cC1jb250ZW50XC91cGxvYWRzXC8yMDI0XC8wOVwvQWxtYV82MDMuanBnIiwic2xpZGVzaG93IjoiMTViOTNhOCJ9\">\n\t\t\t\t\t<div class=\"e-gallery-image elementor-gallery-item__image\" data-thumbnail=\"https:\/\/cedt.hu\/wp-content\/uploads\/2024\/09\/Alma_603-300x200.jpg\" data-width=\"300\" data-height=\"200\" aria-label=\"\" role=\"img\" ><\/div>\n\t\t\t\t\t\t\t\t\t\t\t<div class=\"elementor-gallery-item__overlay\"><\/div>\n\t\t\t\t\t\t\t\t\t\t\t\t\t\t<\/a>\n\t\t\t\t\t\t\t<a class=\"e-gallery-item elementor-gallery-item elementor-animated-content\" href=\"https:\/\/cedt.hu\/wp-content\/uploads\/2024\/09\/Alma_598.jpg\" data-elementor-open-lightbox=\"yes\" data-elementor-lightbox-slideshow=\"15b93a8\" data-elementor-lightbox-title=\"Alma_598\" data-e-action-hash=\"#elementor-action%3Aaction%3Dlightbox%26settings%3DeyJpZCI6MTM1ODcsInVybCI6Imh0dHBzOlwvXC9jZWR0Lmh1XC93cC1jb250ZW50XC91cGxvYWRzXC8yMDI0XC8wOVwvQWxtYV81OTguanBnIiwic2xpZGVzaG93IjoiMTViOTNhOCJ9\">\n\t\t\t\t\t<div class=\"e-gallery-image elementor-gallery-item__image\" data-thumbnail=\"https:\/\/cedt.hu\/wp-content\/uploads\/2024\/09\/Alma_598-200x300.jpg\" data-width=\"200\" data-height=\"300\" aria-label=\"\" role=\"img\" ><\/div>\n\t\t\t\t\t\t\t\t\t\t\t<div class=\"elementor-gallery-item__overlay\"><\/div>\n\t\t\t\t\t\t\t\t\t\t\t\t\t\t<\/a>\n\t\t\t\t\t\t\t<a class=\"e-gallery-item elementor-gallery-item elementor-animated-content\" href=\"https:\/\/cedt.hu\/wp-content\/uploads\/2024\/09\/Alma_461.jpg\" data-elementor-open-lightbox=\"yes\" data-elementor-lightbox-slideshow=\"15b93a8\" data-elementor-lightbox-title=\"Alma_461\" data-e-action-hash=\"#elementor-action%3Aaction%3Dlightbox%26settings%3DeyJpZCI6MTM1NzMsInVybCI6Imh0dHBzOlwvXC9jZWR0Lmh1XC93cC1jb250ZW50XC91cGxvYWRzXC8yMDI0XC8wOVwvQWxtYV80NjEuanBnIiwic2xpZGVzaG93IjoiMTViOTNhOCJ9\">\n\t\t\t\t\t<div class=\"e-gallery-image elementor-gallery-item__image\" data-thumbnail=\"https:\/\/cedt.hu\/wp-content\/uploads\/2024\/09\/Alma_461-300x200.jpg\" data-width=\"300\" data-height=\"200\" aria-label=\"\" role=\"img\" ><\/div>\n\t\t\t\t\t\t\t\t\t\t\t<div class=\"elementor-gallery-item__overlay\"><\/div>\n\t\t\t\t\t\t\t\t\t\t\t\t\t\t<\/a>\n\t\t\t\t\t<\/div>\n\t\t\t\t\t<\/div>\n\t\t\t\t<\/div>\n\t\t\t\t\t<\/div>\n\t\t<\/div>\n\t\t\t\t\t<\/div>\n\t\t<\/section>\n\t\t\t\t<\/div>","protected":false},"excerpt":{"rendered":"<p>A Kizil Elma transzcendens gondolkod\u00e1s az iszl\u00e1m filoz\u00f3fiai hagyom\u00e1ny\u00e1ban szerepl\u0151 fogalom, amelyet az ir\u00e1ni iszl\u00e1m filoz\u00f3fus \u00e9s b\u00f6lcseleti gondolkod\u00f3, Molla Sadra al-Shirazi fejlesztett ki. A Kizil Elma sz\u00f3 szerinti ford\u00edt\u00e1sa \u201ev\u00f6r\u00f6s alma\u201d, de a filoz\u00f3fiai \u00e9rtelemben ink\u00e1bb a \u201etranszcendens gy\u00fcm\u00f6lcs\u201d vagy \u201etranszcendens tud\u00e1s\u201d jelent\u00e9s\u00e9t viseli. A Kizil Elma transzcendens gondolkod\u00e1s azt jelenti, hogy a tud\u00e1s [&hellip;]<\/p>\n","protected":false},"author":1,"featured_media":0,"parent":0,"menu_order":0,"comment_status":"closed","ping_status":"closed","template":"","meta":{"footnotes":""},"class_list":["post-19738","page","type-page","status-publish","hentry"],"_links":{"self":[{"href":"https:\/\/cedt.hu\/en\/wp-json\/wp\/v2\/pages\/19738","targetHints":{"allow":["GET"]}}],"collection":[{"href":"https:\/\/cedt.hu\/en\/wp-json\/wp\/v2\/pages"}],"about":[{"href":"https:\/\/cedt.hu\/en\/wp-json\/wp\/v2\/types\/page"}],"author":[{"embeddable":true,"href":"https:\/\/cedt.hu\/en\/wp-json\/wp\/v2\/users\/1"}],"replies":[{"embeddable":true,"href":"https:\/\/cedt.hu\/en\/wp-json\/wp\/v2\/comments?post=19738"}],"version-history":[{"count":0,"href":"https:\/\/cedt.hu\/en\/wp-json\/wp\/v2\/pages\/19738\/revisions"}],"wp:attachment":[{"href":"https:\/\/cedt.hu\/en\/wp-json\/wp\/v2\/media?parent=19738"}],"curies":[{"name":"wp","href":"https:\/\/api.w.org\/{rel}","templated":true}]}}