{"id":19701,"date":"2025-06-03T08:10:36","date_gmt":"2025-06-03T08:10:36","guid":{"rendered":"https:\/\/cedthu.rwpstaging.site\/?page_id=19701"},"modified":"2025-06-03T08:14:39","modified_gmt":"2025-06-03T08:14:39","slug":"a-negy-evszak","status":"publish","type":"page","link":"https:\/\/cedt.hu\/en\/a-negy-evszak\/","title":{"rendered":"The four seasons"},"content":{"rendered":"<div data-elementor-type=\"wp-page\" data-elementor-id=\"19701\" class=\"elementor elementor-19701\" data-elementor-post-type=\"page\">\n\t\t\t\t\t\t<section class=\"elementor-section elementor-top-section elementor-element elementor-element-1aed5ce1 elementor-section-boxed elementor-section-height-default elementor-section-height-default\" data-id=\"1aed5ce1\" data-element_type=\"section\" data-e-type=\"section\" data-settings=\"{&quot;background_background&quot;:&quot;classic&quot;}\">\n\t\t\t\t\t\t<div class=\"elementor-container elementor-column-gap-default\">\n\t\t\t\t\t<div class=\"elementor-column elementor-col-100 elementor-top-column elementor-element elementor-element-12660cd3\" data-id=\"12660cd3\" data-element_type=\"column\" data-e-type=\"column\">\n\t\t\t<div class=\"elementor-widget-wrap elementor-element-populated\">\n\t\t\t\t\t\t<div class=\"elementor-element elementor-element-13e102b8 elementor-widget elementor-widget-image\" data-id=\"13e102b8\" data-element_type=\"widget\" data-e-type=\"widget\" data-widget_type=\"image.default\">\n\t\t\t\t<div class=\"elementor-widget-container\">\n\t\t\t\t\t\t\t\t\t\t\t\t\t\t\t<img fetchpriority=\"high\" decoding=\"async\" width=\"1361\" height=\"1024\" src=\"https:\/\/cedt.hu\/wp-content\/uploads\/2024\/11\/Media-3-1.jpg\" class=\"attachment-full size-full wp-image-14211\" alt=\"\" srcset=\"https:\/\/cedt.hu\/wp-content\/uploads\/2024\/11\/Media-3-1.jpg 1361w, https:\/\/cedt.hu\/wp-content\/uploads\/2024\/11\/Media-3-1-300x226.jpg 300w, https:\/\/cedt.hu\/wp-content\/uploads\/2024\/11\/Media-3-1-1024x770.jpg 1024w, https:\/\/cedt.hu\/wp-content\/uploads\/2024\/11\/Media-3-1-768x578.jpg 768w, https:\/\/cedt.hu\/wp-content\/uploads\/2024\/11\/Media-3-1-400x301.jpg 400w, https:\/\/cedt.hu\/wp-content\/uploads\/2024\/11\/Media-3-1-20x15.jpg 20w\" sizes=\"(max-width: 1361px) 100vw, 1361px\" \/>\t\t\t\t\t\t\t\t\t\t\t\t\t\t\t<\/div>\n\t\t\t\t<\/div>\n\t\t\t\t<div class=\"elementor-element elementor-element-409318e0 elementor-widget elementor-widget-text-editor\" data-id=\"409318e0\" data-element_type=\"widget\" data-e-type=\"widget\" data-widget_type=\"text-editor.default\">\n\t\t\t\t<div class=\"elementor-widget-container\">\n\t\t\t\t\t\t\t\t\t<div class=\"x11i5rnm xat24cr x1mh8g0r x1vvkbs xtlvy1s\"><div class=\"show-description\"><p>Maciej Ku\u017ami\u0144ski's Four Seasons celebrates life, presented in kaleidoscope-like images in an almost hypnotic and complex dance composition. Created for one of Hungary's oldest dance theatres, Central Europe Dance Theatre, a company of seven dancers, the work brings to the stage the most characteristic elements of Ku\u017ami\u0144ski's choreographic style, mixed with a reinterpretation of folk traditions. In the ever-changing structure of Four Seasons, nature and culture, rebirth and return, are intertwined, becoming a broader metaphor for life as change.<\/p><p>Photo by Aleksander Joachimiak<\/p><\/div><\/div>\t\t\t\t\t\t\t\t<\/div>\n\t\t\t\t<\/div>\n\t\t\t\t<div class=\"elementor-element elementor-element-304d389a elementor-widget elementor-widget-heading\" data-id=\"304d389a\" data-element_type=\"widget\" data-e-type=\"widget\" data-widget_type=\"heading.default\">\n\t\t\t\t<div class=\"elementor-widget-container\">\n\t\t\t\t\t<h2 class=\"elementor-heading-title elementor-size-default\">creators<\/h2>\t\t\t\t<\/div>\n\t\t\t\t<\/div>\n\t\t\t\t<div class=\"elementor-element elementor-element-63163c37 elementor-widget-divider--view-line elementor-widget elementor-widget-divider\" data-id=\"63163c37\" data-element_type=\"widget\" data-e-type=\"widget\" data-widget_type=\"divider.default\">\n\t\t\t\t<div class=\"elementor-widget-container\">\n\t\t\t\t\t\t\t<div class=\"elementor-divider\">\n\t\t\t<span class=\"elementor-divider-separator\">\n\t\t\t\t\t\t<\/span>\n\t\t<\/div>\n\t\t\t\t\t\t<\/div>\n\t\t\t\t<\/div>\n\t\t\t\t<div class=\"elementor-element elementor-element-5545cc7d elementor-widget elementor-widget-text-editor\" data-id=\"5545cc7d\" data-element_type=\"widget\" data-e-type=\"widget\" data-widget_type=\"text-editor.default\">\n\t\t\t\t<div class=\"elementor-widget-container\">\n\t\t\t\t\t\t\t\t\t<div class=\"show-actors\"><div id=\"nested-actors\"><div><div class=\"show-actors\"><div id=\"nested-actors\"><div><div><h3>Special thanks to<\/h3><ul><li>Katalin Fodor<\/li><\/ul><ul><li>Tam\u00e1s Kapit\u00e1ny<\/li><li>P\u00e1l K\u00f6rmendy<\/li><li>M\u00e1rton Debreczeni<\/li><li>Ren\u00e1ta Teket<\/li><li>L\u00e1szl\u00f3 Hudi<\/li><\/ul><\/div><div><h3>Hangkulisa<\/h3><ul><li>M\u00e1rton Debreczeni<\/li><\/ul><\/div><div><h3>Dance artist<\/h3><ul><li>Mariann Hargitai<\/li><\/ul><\/div><div><h3>Space<\/h3><ul><li>Anna R\u00e9ti<\/li><\/ul><\/div><div><h3>Production partner<\/h3><ul><li>Katlan Group<\/li><\/ul><\/div><\/div><\/div><\/div><\/div><\/div><\/div>\t\t\t\t\t\t\t\t<\/div>\n\t\t\t\t<\/div>\n\t\t\t\t\t<\/div>\n\t\t<\/div>\n\t\t\t\t\t<\/div>\n\t\t<\/section>\n\t\t\t\t<\/div>","protected":false},"excerpt":{"rendered":"<p>Maciej Ku\u017ami\u0144ski N\u00e9gy \u00e9vszak c\u00edm\u0171 munk\u00e1ja az \u00e9letet \u00fcnnepli, amelyet kaleidoszk\u00f3p-szer\u0171 k\u00e9pekben jelen\u00edt meg egy szinte m\u00e1r hipnotikus \u00e9s \u00f6sszetett t\u00e1nckompoz\u00edci\u00f3ban. Magyarorsz\u00e1g egyik legr\u00e9gebbi t\u00e1ncsz\u00ednh\u00e1za, a K\u00f6z\u00e9p-Eur\u00f3pa T\u00e1ncsz\u00ednh\u00e1z h\u00e9t t\u00e1ncosb\u00f3l \u00e1ll\u00f3 t\u00e1rsulata sz\u00e1m\u00e1ra k\u00e9sz\u00fclt alkot\u00e1s Ku\u017ami\u0144ski koreogr\u00e1fiai st\u00edlus\u00e1nak legjellemz\u0151bb elemeit viszi sz\u00ednpadra, amit a n\u00e9pi hagyom\u00e1nyok \u00fajra\u00e9rtelmez\u00e9s\u00e9vel vegy\u00edt. A N\u00e9gy \u00e9vszak folyamatosan v\u00e1ltoz\u00f3 szerkezet\u00e9ben a [&hellip;]<\/p>\n","protected":false},"author":1,"featured_media":0,"parent":0,"menu_order":0,"comment_status":"closed","ping_status":"closed","template":"elementor_header_footer","meta":{"footnotes":""},"class_list":["post-19701","page","type-page","status-publish","hentry"],"_links":{"self":[{"href":"https:\/\/cedt.hu\/en\/wp-json\/wp\/v2\/pages\/19701","targetHints":{"allow":["GET"]}}],"collection":[{"href":"https:\/\/cedt.hu\/en\/wp-json\/wp\/v2\/pages"}],"about":[{"href":"https:\/\/cedt.hu\/en\/wp-json\/wp\/v2\/types\/page"}],"author":[{"embeddable":true,"href":"https:\/\/cedt.hu\/en\/wp-json\/wp\/v2\/users\/1"}],"replies":[{"embeddable":true,"href":"https:\/\/cedt.hu\/en\/wp-json\/wp\/v2\/comments?post=19701"}],"version-history":[{"count":0,"href":"https:\/\/cedt.hu\/en\/wp-json\/wp\/v2\/pages\/19701\/revisions"}],"wp:attachment":[{"href":"https:\/\/cedt.hu\/en\/wp-json\/wp\/v2\/media?parent=19701"}],"curies":[{"name":"wp","href":"https:\/\/api.w.org\/{rel}","templated":true}]}}