{"id":19680,"date":"2025-06-03T08:16:28","date_gmt":"2025-06-03T08:16:28","guid":{"rendered":"https:\/\/cedthu.rwpstaging.site\/?page_id=19680"},"modified":"2026-03-10T12:18:32","modified_gmt":"2026-03-10T12:18:32","slug":"aktualis-eloadasok","status":"publish","type":"page","link":"https:\/\/cedt.hu\/en\/aktualis-eloadasok\/","title":{"rendered":"Current presentations"},"content":{"rendered":"<div data-elementor-type=\"wp-page\" data-elementor-id=\"19680\" class=\"elementor elementor-19680\" data-elementor-post-type=\"page\">\n\t\t\t\t\t\t<section class=\"elementor-section elementor-top-section elementor-element elementor-element-5ab6aa7f elementor-section-boxed elementor-section-height-default elementor-section-height-default\" data-id=\"5ab6aa7f\" data-element_type=\"section\" data-e-type=\"section\">\n\t\t\t\t\t\t<div class=\"elementor-container elementor-column-gap-default\">\n\t\t\t\t\t<div class=\"elementor-column elementor-col-100 elementor-top-column elementor-element elementor-element-20808a7\" data-id=\"20808a7\" data-element_type=\"column\" data-e-type=\"column\">\n\t\t\t<div class=\"elementor-widget-wrap elementor-element-populated\">\n\t\t\t\t\t\t<div class=\"elementor-element elementor-element-56b290b7 elementor-widget elementor-widget-text-editor\" data-id=\"56b290b7\" data-element_type=\"widget\" data-e-type=\"widget\" data-widget_type=\"text-editor.default\">\n\t\t\t\t<div class=\"elementor-widget-container\">\n\t\t\t\t\t\t\t\t\t<p>Our K-Faces series is an exceptional professional initiative that has enjoyed three successful seasons. The aim of the series is to capture the essence of Hungarian contemporary dance with the help of exceptional artists such as Anna R\u00e9ti, Adrienn H\u00f3d, G\u00e1bor Hal\u00e1sz and Attila Kun, Csaba Moln\u00e1r, M\u00e1t\u00e9 M\u00e9sz\u00e1ros, L\u00e1szl\u00f3 M\u00e1di, Bea Egyed, M\u00e1rta Ladj\u00e1nszki. Kl\u00e1ri Pataky or Erika Vasas. Thanks to the solo genre, the dancer's presence on stage and the choreographer's responses to the ideas offered during the rehearsal process reveal the performer's personality, thus turning the joint work of two creative entities into a single caricature, a portrait.<\/p>\t\t\t\t\t\t\t\t<\/div>\n\t\t\t\t<\/div>\n\t\t\t\t\t<\/div>\n\t\t<\/div>\n\t\t\t\t\t<\/div>\n\t\t<\/section>\n\t\t\t\t<section class=\"elementor-section elementor-top-section elementor-element elementor-element-46c5cd87 elementor-section-content-middle elementor-section-boxed elementor-section-height-default elementor-section-height-default\" data-id=\"46c5cd87\" data-element_type=\"section\" data-e-type=\"section\">\n\t\t\t\t\t\t<div class=\"elementor-container elementor-column-gap-default\">\n\t\t\t\t\t<div class=\"elementor-column elementor-col-50 elementor-top-column elementor-element elementor-element-62882d4a\" data-id=\"62882d4a\" data-element_type=\"column\" data-e-type=\"column\">\n\t\t\t<div class=\"elementor-widget-wrap elementor-element-populated\">\n\t\t\t\t\t\t<div class=\"elementor-element elementor-element-5ea39dc7 elementor-widget elementor-widget-heading\" data-id=\"5ea39dc7\" data-element_type=\"widget\" data-e-type=\"widget\" data-widget_type=\"heading.default\">\n\t\t\t\t<div class=\"elementor-widget-container\">\n\t\t\t\t\t<h2 class=\"elementor-heading-title elementor-size-default\">TEMPO<\/h2>\t\t\t\t<\/div>\n\t\t\t\t<\/div>\n\t\t\t\t<div class=\"elementor-element elementor-element-79072f7 elementor-widget elementor-widget-heading\" data-id=\"79072f7\" data-element_type=\"widget\" data-e-type=\"widget\" data-widget_type=\"heading.default\">\n\t\t\t\t<div class=\"elementor-widget-container\">\n\t\t\t\t\t<h4 class=\"elementor-heading-title elementor-size-default\">Presentation: 2026.03.06.<\/h4>\t\t\t\t<\/div>\n\t\t\t\t<\/div>\n\t\t\t\t<div class=\"elementor-element elementor-element-17ec39b5 elementor-blockquote--skin-quotation elementor-widget elementor-widget-blockquote\" data-id=\"17ec39b5\" data-element_type=\"widget\" data-e-type=\"widget\" data-widget_type=\"blockquote.default\">\n\t\t\t\t<div class=\"elementor-widget-container\">\n\t\t\t\t\t\t\t<blockquote class=\"elementor-blockquote\">\n\t\t\t<p class=\"elementor-blockquote__content\">\n\t\t\t\tPick up the pace! Exhale-inhale, one foot after the other. Faster. Faster still. Pump up and go! Who's setting the pace for you? Is the pace of the outside world faster or slower than your inner pulse?\t\t\t<\/p>\n\t\t\t\t\t<\/blockquote>\n\t\t\t\t\t\t<\/div>\n\t\t\t\t<\/div>\n\t\t\t\t<div class=\"elementor-element elementor-element-6b046c06 elementor-widget elementor-widget-button\" data-id=\"6b046c06\" data-element_type=\"widget\" data-e-type=\"widget\" data-widget_type=\"button.default\">\n\t\t\t\t<div class=\"elementor-widget-container\">\n\t\t\t\t\t\t\t\t\t<div class=\"elementor-button-wrapper\">\n\t\t\t\t\t<a class=\"elementor-button elementor-button-link elementor-size-sm\" href=\"https:\/\/cedt.hu\/en\/gobi-rita-tempo\/\">\n\t\t\t\t\t\t<span class=\"elementor-button-content-wrapper\">\n\t\t\t\t\t\t\t\t\t<span class=\"elementor-button-text\">I am interested in<\/span>\n\t\t\t\t\t<\/span>\n\t\t\t\t\t<\/a>\n\t\t\t\t<\/div>\n\t\t\t\t\t\t\t\t<\/div>\n\t\t\t\t<\/div>\n\t\t\t\t\t<\/div>\n\t\t<\/div>\n\t\t\t\t<div class=\"elementor-column elementor-col-50 elementor-top-column elementor-element elementor-element-b5b631d\" data-id=\"b5b631d\" data-element_type=\"column\" data-e-type=\"column\">\n\t\t\t<div class=\"elementor-widget-wrap elementor-element-populated\">\n\t\t\t\t\t\t<div class=\"elementor-element elementor-element-5831bda2 elementor-widget elementor-widget-image\" data-id=\"5831bda2\" data-element_type=\"widget\" data-e-type=\"widget\" data-widget_type=\"image.default\">\n\t\t\t\t<div class=\"elementor-widget-container\">\n\t\t\t\t\t\t\t\t\t\t\t\t\t\t\t<img fetchpriority=\"high\" decoding=\"async\" width=\"800\" height=\"983\" src=\"https:\/\/cedt.hu\/wp-content\/uploads\/2026\/02\/Gobi-Rita-833x1024.jpg\" class=\"attachment-large size-large wp-image-63265\" alt=\"\" srcset=\"https:\/\/cedt.hu\/wp-content\/uploads\/2026\/02\/Gobi-Rita-833x1024.jpg 833w, https:\/\/cedt.hu\/wp-content\/uploads\/2026\/02\/Gobi-Rita-244x300.jpg 244w, https:\/\/cedt.hu\/wp-content\/uploads\/2026\/02\/Gobi-Rita-768x944.jpg 768w, https:\/\/cedt.hu\/wp-content\/uploads\/2026\/02\/Gobi-Rita-10x12.jpg 10w, https:\/\/cedt.hu\/wp-content\/uploads\/2026\/02\/Gobi-Rita.jpg 976w\" sizes=\"(max-width: 800px) 100vw, 800px\" \/>\t\t\t\t\t\t\t\t\t\t\t\t\t\t\t<\/div>\n\t\t\t\t<\/div>\n\t\t\t\t\t<\/div>\n\t\t<\/div>\n\t\t\t\t\t<\/div>\n\t\t<\/section>\n\t\t\t\t<section class=\"elementor-section elementor-top-section elementor-element elementor-element-e55aa7b elementor-section-content-middle elementor-section-boxed elementor-section-height-default elementor-section-height-default\" data-id=\"e55aa7b\" data-element_type=\"section\" data-e-type=\"section\">\n\t\t\t\t\t\t<div class=\"elementor-container elementor-column-gap-default\">\n\t\t\t\t\t<div class=\"elementor-column elementor-col-50 elementor-top-column elementor-element elementor-element-9b0a089\" data-id=\"9b0a089\" data-element_type=\"column\" data-e-type=\"column\">\n\t\t\t<div class=\"elementor-widget-wrap elementor-element-populated\">\n\t\t\t\t\t\t<div class=\"elementor-element elementor-element-967921b elementor-widget elementor-widget-image\" data-id=\"967921b\" data-element_type=\"widget\" data-e-type=\"widget\" data-widget_type=\"image.default\">\n\t\t\t\t<div class=\"elementor-widget-container\">\n\t\t\t\t\t\t\t\t\t\t\t\t\t\t\t<img decoding=\"async\" width=\"800\" height=\"534\" src=\"https:\/\/cedt.hu\/wp-content\/uploads\/2026\/03\/Dokt_379-1024x683.jpg\" class=\"attachment-large size-large wp-image-63644\" alt=\"\" srcset=\"https:\/\/cedt.hu\/wp-content\/uploads\/2026\/03\/Dokt_379-1024x683.jpg 1024w, https:\/\/cedt.hu\/wp-content\/uploads\/2026\/03\/Dokt_379-300x200.jpg 300w, https:\/\/cedt.hu\/wp-content\/uploads\/2026\/03\/Dokt_379-768x512.jpg 768w, https:\/\/cedt.hu\/wp-content\/uploads\/2026\/03\/Dokt_379-1536x1025.jpg 1536w, https:\/\/cedt.hu\/wp-content\/uploads\/2026\/03\/Dokt_379-18x12.jpg 18w, https:\/\/cedt.hu\/wp-content\/uploads\/2026\/03\/Dokt_379.jpg 2000w\" sizes=\"(max-width: 800px) 100vw, 800px\" \/>\t\t\t\t\t\t\t\t\t\t\t\t\t\t\t<\/div>\n\t\t\t\t<\/div>\n\t\t\t\t\t<\/div>\n\t\t<\/div>\n\t\t\t\t<div class=\"elementor-column elementor-col-50 elementor-top-column elementor-element elementor-element-65ca34b\" data-id=\"65ca34b\" data-element_type=\"column\" data-e-type=\"column\">\n\t\t\t<div class=\"elementor-widget-wrap elementor-element-populated\">\n\t\t\t\t\t\t<div class=\"elementor-element elementor-element-afc9314 elementor-widget elementor-widget-heading\" data-id=\"afc9314\" data-element_type=\"widget\" data-e-type=\"widget\" data-widget_type=\"heading.default\">\n\t\t\t\t<div class=\"elementor-widget-container\">\n\t\t\t\t\t<h2 class=\"elementor-heading-title elementor-size-default\">Doctrine<\/h2>\t\t\t\t<\/div>\n\t\t\t\t<\/div>\n\t\t\t\t<div class=\"elementor-element elementor-element-912dbaf elementor-widget elementor-widget-heading\" data-id=\"912dbaf\" data-element_type=\"widget\" data-e-type=\"widget\" data-widget_type=\"heading.default\">\n\t\t\t\t<div class=\"elementor-widget-container\">\n\t\t\t\t\t<h4 class=\"elementor-heading-title elementor-size-default\">Presentation: 27.03.2025.<\/h4>\t\t\t\t<\/div>\n\t\t\t\t<\/div>\n\t\t\t\t<div class=\"elementor-element elementor-element-3799e5e elementor-blockquote--skin-quotation elementor-widget elementor-widget-blockquote\" data-id=\"3799e5e\" data-element_type=\"widget\" data-e-type=\"widget\" data-widget_type=\"blockquote.default\">\n\t\t\t\t<div class=\"elementor-widget-container\">\n\t\t\t\t\t\t\t<blockquote class=\"elementor-blockquote\">\n\t\t\t<p class=\"elementor-blockquote__content\">\n\t\t\t\tDoctrina is an emotional and intellectual journey where the body's movements and gestures reveal hidden layers of the soul. The performance is not only about the dancer's self-expression, but also about how he can inspire the audience to formulate their own inner truth and doctrine.\t\t\t<\/p>\n\t\t\t\t\t<\/blockquote>\n\t\t\t\t\t\t<\/div>\n\t\t\t\t<\/div>\n\t\t\t\t<div class=\"elementor-element elementor-element-25f1011 elementor-widget elementor-widget-button\" data-id=\"25f1011\" data-element_type=\"widget\" data-e-type=\"widget\" data-widget_type=\"button.default\">\n\t\t\t\t<div class=\"elementor-widget-container\">\n\t\t\t\t\t\t\t\t\t<div class=\"elementor-button-wrapper\">\n\t\t\t\t\t<a class=\"elementor-button elementor-button-link elementor-size-sm\" href=\"https:\/\/cedt.hu\/en\/doktrina\/\">\n\t\t\t\t\t\t<span class=\"elementor-button-content-wrapper\">\n\t\t\t\t\t\t\t\t\t<span class=\"elementor-button-text\">I am interested in<\/span>\n\t\t\t\t\t<\/span>\n\t\t\t\t\t<\/a>\n\t\t\t\t<\/div>\n\t\t\t\t\t\t\t\t<\/div>\n\t\t\t\t<\/div>\n\t\t\t\t\t<\/div>\n\t\t<\/div>\n\t\t\t\t\t<\/div>\n\t\t<\/section>\n\t\t\t\t<section class=\"elementor-section elementor-top-section elementor-element elementor-element-f59effb elementor-section-content-middle elementor-section-boxed elementor-section-height-default elementor-section-height-default\" data-id=\"f59effb\" data-element_type=\"section\" data-e-type=\"section\">\n\t\t\t\t\t\t<div class=\"elementor-container elementor-column-gap-default\">\n\t\t\t\t\t<div class=\"elementor-column elementor-col-50 elementor-top-column elementor-element elementor-element-32b4aa8\" data-id=\"32b4aa8\" data-element_type=\"column\" data-e-type=\"column\">\n\t\t\t<div class=\"elementor-widget-wrap elementor-element-populated\">\n\t\t\t\t\t\t<div class=\"elementor-element elementor-element-325713b elementor-widget elementor-widget-heading\" data-id=\"325713b\" data-element_type=\"widget\" data-e-type=\"widget\" data-widget_type=\"heading.default\">\n\t\t\t\t<div class=\"elementor-widget-container\">\n\t\t\t\t\t<h2 class=\"elementor-heading-title elementor-size-default\">The four seasons<\/h2>\t\t\t\t<\/div>\n\t\t\t\t<\/div>\n\t\t\t\t<div class=\"elementor-element elementor-element-26e2cff elementor-widget elementor-widget-heading\" data-id=\"26e2cff\" data-element_type=\"widget\" data-e-type=\"widget\" data-widget_type=\"heading.default\">\n\t\t\t\t<div class=\"elementor-widget-container\">\n\t\t\t\t\t<h4 class=\"elementor-heading-title elementor-size-default\">Presentation: 2025.02.07.<\/h4>\t\t\t\t<\/div>\n\t\t\t\t<\/div>\n\t\t\t\t<div class=\"elementor-element elementor-element-ca89c11 elementor-blockquote--skin-quotation elementor-widget elementor-widget-blockquote\" data-id=\"ca89c11\" data-element_type=\"widget\" data-e-type=\"widget\" data-widget_type=\"blockquote.default\">\n\t\t\t\t<div class=\"elementor-widget-container\">\n\t\t\t\t\t\t\t<blockquote class=\"elementor-blockquote\">\n\t\t\t<p class=\"elementor-blockquote__content\">\n\t\t\t\tThe lecture deals with existential issues such as rebirth in life, the role of the individual in society, the existential utility of chaos and harmony.\t\t\t<\/p>\n\t\t\t\t\t<\/blockquote>\n\t\t\t\t\t\t<\/div>\n\t\t\t\t<\/div>\n\t\t\t\t<div class=\"elementor-element elementor-element-a030735 elementor-widget elementor-widget-button\" data-id=\"a030735\" data-element_type=\"widget\" data-e-type=\"widget\" data-widget_type=\"button.default\">\n\t\t\t\t<div class=\"elementor-widget-container\">\n\t\t\t\t\t\t\t\t\t<div class=\"elementor-button-wrapper\">\n\t\t\t\t\t<a class=\"elementor-button elementor-button-link elementor-size-sm\" href=\"https:\/\/cedt.hu\/en\/a-negy-evszak\/\">\n\t\t\t\t\t\t<span class=\"elementor-button-content-wrapper\">\n\t\t\t\t\t\t\t\t\t<span class=\"elementor-button-text\">I am interested in<\/span>\n\t\t\t\t\t<\/span>\n\t\t\t\t\t<\/a>\n\t\t\t\t<\/div>\n\t\t\t\t\t\t\t\t<\/div>\n\t\t\t\t<\/div>\n\t\t\t\t\t<\/div>\n\t\t<\/div>\n\t\t\t\t<div class=\"elementor-column elementor-col-50 elementor-top-column elementor-element elementor-element-28ca695\" data-id=\"28ca695\" data-element_type=\"column\" data-e-type=\"column\">\n\t\t\t<div class=\"elementor-widget-wrap elementor-element-populated\">\n\t\t\t\t\t\t<div class=\"elementor-element elementor-element-d1ba462 elementor-widget elementor-widget-image\" data-id=\"d1ba462\" data-element_type=\"widget\" data-e-type=\"widget\" data-widget_type=\"image.default\">\n\t\t\t\t<div class=\"elementor-widget-container\">\n\t\t\t\t\t\t\t\t\t\t\t\t\t\t\t<img decoding=\"async\" width=\"800\" height=\"602\" src=\"https:\/\/cedt.hu\/wp-content\/uploads\/2024\/11\/Media-3-1-1024x770.jpg\" class=\"attachment-large size-large wp-image-14210\" alt=\"\" srcset=\"https:\/\/cedt.hu\/wp-content\/uploads\/2024\/11\/Media-3-1-1024x770.jpg 1024w, https:\/\/cedt.hu\/wp-content\/uploads\/2024\/11\/Media-3-1-300x226.jpg 300w, https:\/\/cedt.hu\/wp-content\/uploads\/2024\/11\/Media-3-1-768x578.jpg 768w, https:\/\/cedt.hu\/wp-content\/uploads\/2024\/11\/Media-3-1-400x301.jpg 400w, https:\/\/cedt.hu\/wp-content\/uploads\/2024\/11\/Media-3-1-20x15.jpg 20w, https:\/\/cedt.hu\/wp-content\/uploads\/2024\/11\/Media-3-1.jpg 1361w\" sizes=\"(max-width: 800px) 100vw, 800px\" \/>\t\t\t\t\t\t\t\t\t\t\t\t\t\t\t<\/div>\n\t\t\t\t<\/div>\n\t\t\t\t\t<\/div>\n\t\t<\/div>\n\t\t\t\t\t<\/div>\n\t\t<\/section>\n\t\t\t\t<section class=\"elementor-section elementor-top-section elementor-element elementor-element-10ae6b43 elementor-section-content-middle elementor-reverse-tablet elementor-reverse-mobile elementor-section-boxed elementor-section-height-default elementor-section-height-default\" data-id=\"10ae6b43\" data-element_type=\"section\" data-e-type=\"section\">\n\t\t\t\t\t\t<div class=\"elementor-container elementor-column-gap-default\">\n\t\t\t\t\t<div class=\"elementor-column elementor-col-50 elementor-top-column elementor-element elementor-element-2ab77ee\" data-id=\"2ab77ee\" data-element_type=\"column\" data-e-type=\"column\">\n\t\t\t<div class=\"elementor-widget-wrap elementor-element-populated\">\n\t\t\t\t\t\t<div class=\"elementor-element elementor-element-7ff4ff8 elementor-widget elementor-widget-image\" data-id=\"7ff4ff8\" data-element_type=\"widget\" data-e-type=\"widget\" data-widget_type=\"image.default\">\n\t\t\t\t<div class=\"elementor-widget-container\">\n\t\t\t\t\t\t\t\t\t\t\t\t\t\t\t<img loading=\"lazy\" decoding=\"async\" width=\"547\" height=\"820\" src=\"https:\/\/cedt.hu\/wp-content\/uploads\/2024\/03\/ff971cfb-860a-45c6-8b85-e2e40c1ad550-_1_.jpg\" class=\"attachment-large size-large wp-image-11747\" alt=\"\" srcset=\"https:\/\/cedt.hu\/wp-content\/uploads\/2024\/03\/ff971cfb-860a-45c6-8b85-e2e40c1ad550-_1_.jpg 547w, https:\/\/cedt.hu\/wp-content\/uploads\/2024\/03\/ff971cfb-860a-45c6-8b85-e2e40c1ad550-_1_-200x300.jpg 200w, https:\/\/cedt.hu\/wp-content\/uploads\/2024\/03\/ff971cfb-860a-45c6-8b85-e2e40c1ad550-_1_-267x400.jpg 267w, https:\/\/cedt.hu\/wp-content\/uploads\/2024\/03\/ff971cfb-860a-45c6-8b85-e2e40c1ad550-_1_-13x20.jpg 13w\" sizes=\"(max-width: 547px) 100vw, 547px\" \/>\t\t\t\t\t\t\t\t\t\t\t\t\t\t\t<\/div>\n\t\t\t\t<\/div>\n\t\t\t\t\t<\/div>\n\t\t<\/div>\n\t\t\t\t<div class=\"elementor-column elementor-col-50 elementor-top-column elementor-element elementor-element-13961260\" data-id=\"13961260\" data-element_type=\"column\" data-e-type=\"column\">\n\t\t\t<div class=\"elementor-widget-wrap elementor-element-populated\">\n\t\t\t\t\t\t<div class=\"elementor-element elementor-element-193e77e8 elementor-widget elementor-widget-heading\" data-id=\"193e77e8\" data-element_type=\"widget\" data-e-type=\"widget\" data-widget_type=\"heading.default\">\n\t\t\t\t<div class=\"elementor-widget-container\">\n\t\t\t\t\t<h2 class=\"elementor-heading-title elementor-size-default\">COCOBAB<\/h2>\t\t\t\t<\/div>\n\t\t\t\t<\/div>\n\t\t\t\t<div class=\"elementor-element elementor-element-49584b3 elementor-widget elementor-widget-heading\" data-id=\"49584b3\" data-element_type=\"widget\" data-e-type=\"widget\" data-widget_type=\"heading.default\">\n\t\t\t\t<div class=\"elementor-widget-container\">\n\t\t\t\t\t<h4 class=\"elementor-heading-title elementor-size-default\">Presentation: 10.04.2024.<\/h4>\t\t\t\t<\/div>\n\t\t\t\t<\/div>\n\t\t\t\t<div class=\"elementor-element elementor-element-3bf96561 elementor-blockquote--skin-quotation elementor-widget elementor-widget-blockquote\" data-id=\"3bf96561\" data-element_type=\"widget\" data-e-type=\"widget\" data-widget_type=\"blockquote.default\">\n\t\t\t\t<div class=\"elementor-widget-container\">\n\t\t\t\t\t\t\t<blockquote class=\"elementor-blockquote\">\n\t\t\t<p class=\"elementor-blockquote__content\">\n\t\t\t\tIt features the famous and famous SpongeBob, who takes a little boy and girl on exciting adventures. And alongside the title song, there are classics such as Poppy's Dance, Marci dresses up and Dragonfly! Fun songs, exciting dancers and games to play with the little ones.\t\t\t<\/p>\n\t\t\t\t\t<\/blockquote>\n\t\t\t\t\t\t<\/div>\n\t\t\t\t<\/div>\n\t\t\t\t<div class=\"elementor-element elementor-element-51a4723f elementor-widget elementor-widget-button\" data-id=\"51a4723f\" data-element_type=\"widget\" data-e-type=\"widget\" data-widget_type=\"button.default\">\n\t\t\t\t<div class=\"elementor-widget-container\">\n\t\t\t\t\t\t\t\t\t<div class=\"elementor-button-wrapper\">\n\t\t\t\t\t<a class=\"elementor-button elementor-button-link elementor-size-sm\" href=\"https:\/\/cedt.hu\/en\/kocbaba\/\">\n\t\t\t\t\t\t<span class=\"elementor-button-content-wrapper\">\n\t\t\t\t\t\t\t\t\t<span class=\"elementor-button-text\">I am interested in<\/span>\n\t\t\t\t\t<\/span>\n\t\t\t\t\t<\/a>\n\t\t\t\t<\/div>\n\t\t\t\t\t\t\t\t<\/div>\n\t\t\t\t<\/div>\n\t\t\t\t\t<\/div>\n\t\t<\/div>\n\t\t\t\t\t<\/div>\n\t\t<\/section>\n\t\t\t\t<\/div>","protected":false},"excerpt":{"rendered":"<p>K-Arcok c\u00edm\u0171 sorozatunk kiv\u00e9teles szakmai kezdem\u00e9nyez\u00e9s, mely h\u00e1rom sikeres \u00e9vadot tudhat maga m\u00f6g\u00f6tt. A sorozat c\u00e9lja, hogy lek\u00e9pezze a hazai kort\u00e1rst\u00e1nc esszenci\u00e1j\u00e1t olyan kiv\u00e9teles alkot\u00f3i egy\u00e9nis\u00e9gek seg\u00edts\u00e9g\u00e9vel, mint R\u00e9ti Anna, H\u00f3d Adrienn, Hal\u00e1sz G\u00e1bor \u00e9s Kun Attila, Moln\u00e1r Csaba, M\u00e9sz\u00e1ros M\u00e1t\u00e9, M\u00e1di L\u00e1szl\u00f3, Egyed Bea, Ladj\u00e1nszki M\u00e1rta. Pataky Kl\u00e1ri vagy Vasas Erika. A sz\u00f3l\u00f3 m\u0171faj\u00e1nak [&hellip;]<\/p>\n","protected":false},"author":1,"featured_media":0,"parent":0,"menu_order":0,"comment_status":"closed","ping_status":"closed","template":"","meta":{"footnotes":""},"class_list":["post-19680","page","type-page","status-publish","hentry"],"_links":{"self":[{"href":"https:\/\/cedt.hu\/en\/wp-json\/wp\/v2\/pages\/19680","targetHints":{"allow":["GET"]}}],"collection":[{"href":"https:\/\/cedt.hu\/en\/wp-json\/wp\/v2\/pages"}],"about":[{"href":"https:\/\/cedt.hu\/en\/wp-json\/wp\/v2\/types\/page"}],"author":[{"embeddable":true,"href":"https:\/\/cedt.hu\/en\/wp-json\/wp\/v2\/users\/1"}],"replies":[{"embeddable":true,"href":"https:\/\/cedt.hu\/en\/wp-json\/wp\/v2\/comments?post=19680"}],"version-history":[{"count":21,"href":"https:\/\/cedt.hu\/en\/wp-json\/wp\/v2\/pages\/19680\/revisions"}],"predecessor-version":[{"id":63725,"href":"https:\/\/cedt.hu\/en\/wp-json\/wp\/v2\/pages\/19680\/revisions\/63725"}],"wp:attachment":[{"href":"https:\/\/cedt.hu\/en\/wp-json\/wp\/v2\/media?parent=19680"}],"curies":[{"name":"wp","href":"https:\/\/api.w.org\/{rel}","templated":true}]}}