{"id":19487,"date":"2025-05-27T16:39:27","date_gmt":"2025-05-27T16:39:27","guid":{"rendered":"https:\/\/cedthu.rwpstaging.site\/?page_id=19487"},"modified":"2026-03-25T10:57:30","modified_gmt":"2026-03-25T10:57:30","slug":"danceua","status":"publish","type":"page","link":"https:\/\/cedt.hu\/en\/danceua\/","title":{"rendered":"About the DancEUA project\u00a0"},"content":{"rendered":"<div data-elementor-type=\"wp-page\" data-elementor-id=\"19487\" class=\"elementor elementor-19487\" data-elementor-post-type=\"page\">\n\t\t\t\t\t\t<section class=\"elementor-section elementor-top-section elementor-element elementor-element-24a10ea0 elementor-section-boxed elementor-section-height-default elementor-section-height-default\" data-id=\"24a10ea0\" data-element_type=\"section\" data-e-type=\"section\">\n\t\t\t\t\t\t<div class=\"elementor-container elementor-column-gap-default\">\n\t\t\t\t\t<div class=\"elementor-column elementor-col-100 elementor-top-column elementor-element elementor-element-5f05e9e2\" data-id=\"5f05e9e2\" data-element_type=\"column\" data-e-type=\"column\">\n\t\t\t<div class=\"elementor-widget-wrap elementor-element-populated\">\n\t\t\t\t\t\t<div class=\"elementor-element elementor-element-51a54ab1 elementor-widget elementor-widget-text-editor\" data-id=\"51a54ab1\" data-element_type=\"widget\" data-e-type=\"widget\" data-widget_type=\"text-editor.default\">\n\t\t\t\t<div class=\"elementor-widget-container\">\n\t\t\t\t\t\t\t\t\t<p><span data-contrast=\"auto\">A <\/span><i><span data-contrast=\"auto\">Contemporary Resilience: Reinventing Dance in Ukraine (dancEUA)<\/span><\/i><span data-contrast=\"auto\"> a cultural cooperation project co-funded by the Creative Europe programme of the European Union from 2024 to 2027. Its aim is to strengthen the Ukrainian contemporary dance sector and to deepen long-term professional relations between Ukrainian and European artists. The project responds to the challenges facing Ukrainian dance artists by providing a platform for artistic exchange, professional development and enhancing cultural resilience through cross-border partnerships.<\/span><span data-ccp-props=\"{&quot;335551550&quot;:6,&quot;335551620&quot;:6}\">\u00a0<\/span><\/p>\n<p><span data-contrast=\"auto\">The Croatian <\/span><i><span data-contrast=\"auto\">Studio Contemporary Dance Company <\/span><\/i><span data-contrast=\"auto\">and the <\/span><i><span data-contrast=\"auto\">Central Europe Dance Theatre<\/span><\/i><span data-contrast=\"auto\"> (Hungary), the <\/span><i><span data-contrast=\"auto\">M Studio <\/span><\/i><span data-contrast=\"auto\">(Romania), the <\/span><i><span data-contrast=\"auto\">Vitlycke Centre for Performing Arts<\/span><\/i><span data-contrast=\"auto\"> (Sweden) and the <\/span><i><span data-contrast=\"auto\">UA Contemporary Dance Platform<\/span><\/i><span data-contrast=\"auto\"> (Ukraine) in cooperation with <\/span><i><span data-contrast=\"auto\">dancEUA <\/span><\/i><span data-contrast=\"auto\">brings together leading cultural organisations committed to the development of contemporary dance. The project's activities are very diverse, including artistic residencies, professional training, international performances, networking initiatives and policy engagement - all in support of dancers and the wider cultural sector.<\/span><span data-ccp-props=\"{&quot;335551550&quot;:6,&quot;335551620&quot;:6}\">\u00a0<\/span><\/p>\n<p><span data-contrast=\"auto\">Through these activities, the project will provide opportunities for choreographers, dancers and cultural professionals to work together, create new works and connect with national and international audiences. By integrating digital strategies, knowledge-sharing platforms and public events, the <\/span><i><span data-contrast=\"auto\">dancEUA <\/span><\/i><span data-contrast=\"auto\">ensure wide visibility of the achievements, increasing the sustainability and recognition of Ukrainian contemporary dance within the European performing arts community.<\/span><span data-ccp-props=\"{&quot;335551550&quot;:6,&quot;335551620&quot;:6}\">\u00a0<\/span><\/p>\n<p><span data-contrast=\"auto\">The project website: <\/span><a href=\"https:\/\/www.danceua.eu\/\"><span data-contrast=\"none\">https:\/\/www.danceua.eu\/<\/span><\/a><span data-ccp-props=\"{&quot;335551550&quot;:6,&quot;335551620&quot;:6}\">\u00a0<\/span><\/p>\t\t\t\t\t\t\t\t<\/div>\n\t\t\t\t<\/div>\n\t\t\t\t\t<\/div>\n\t\t<\/div>\n\t\t\t\t\t<\/div>\n\t\t<\/section>\n\t\t\t\t<section class=\"elementor-section elementor-top-section elementor-element elementor-element-e7f3ed3 elementor-section-boxed elementor-section-height-default elementor-section-height-default\" data-id=\"e7f3ed3\" data-element_type=\"section\" data-e-type=\"section\">\n\t\t\t\t\t\t<div class=\"elementor-container elementor-column-gap-default\">\n\t\t\t\t\t<div class=\"elementor-column elementor-col-20 elementor-top-column elementor-element elementor-element-2fc5417\" data-id=\"2fc5417\" data-element_type=\"column\" data-e-type=\"column\">\n\t\t\t<div class=\"elementor-widget-wrap elementor-element-populated\">\n\t\t\t\t\t\t<div class=\"elementor-element elementor-element-a76784c elementor-widget elementor-widget-image\" data-id=\"a76784c\" data-element_type=\"widget\" data-e-type=\"widget\" data-widget_type=\"image.default\">\n\t\t\t\t<div class=\"elementor-widget-container\">\n\t\t\t\t\t\t\t\t\t\t\t\t\t\t\t<img fetchpriority=\"high\" decoding=\"async\" width=\"800\" height=\"168\" src=\"https:\/\/cedt.hu\/wp-content\/uploads\/2026\/03\/eu_co_funded_en-1024x215.jpg\" class=\"attachment-large size-large wp-image-63898\" alt=\"\" srcset=\"https:\/\/cedt.hu\/wp-content\/uploads\/2026\/03\/eu_co_funded_en-1024x215.jpg 1024w, https:\/\/cedt.hu\/wp-content\/uploads\/2026\/03\/eu_co_funded_en-300x63.jpg 300w, https:\/\/cedt.hu\/wp-content\/uploads\/2026\/03\/eu_co_funded_en-768x161.jpg 768w, https:\/\/cedt.hu\/wp-content\/uploads\/2026\/03\/eu_co_funded_en-18x4.jpg 18w, https:\/\/cedt.hu\/wp-content\/uploads\/2026\/03\/eu_co_funded_en.jpg 1100w\" sizes=\"(max-width: 800px) 100vw, 800px\" \/>\t\t\t\t\t\t\t\t\t\t\t\t\t\t\t<\/div>\n\t\t\t\t<\/div>\n\t\t\t\t\t<\/div>\n\t\t<\/div>\n\t\t\t\t<div class=\"elementor-column elementor-col-20 elementor-top-column elementor-element elementor-element-3a21c39\" data-id=\"3a21c39\" data-element_type=\"column\" data-e-type=\"column\">\n\t\t\t<div class=\"elementor-widget-wrap\">\n\t\t\t\t\t\t\t<\/div>\n\t\t<\/div>\n\t\t\t\t<div class=\"elementor-column elementor-col-20 elementor-top-column elementor-element elementor-element-0d12ee8\" data-id=\"0d12ee8\" data-element_type=\"column\" data-e-type=\"column\">\n\t\t\t<div class=\"elementor-widget-wrap\">\n\t\t\t\t\t\t\t<\/div>\n\t\t<\/div>\n\t\t\t\t<div class=\"elementor-column elementor-col-20 elementor-top-column elementor-element elementor-element-3805719\" data-id=\"3805719\" data-element_type=\"column\" data-e-type=\"column\">\n\t\t\t<div class=\"elementor-widget-wrap\">\n\t\t\t\t\t\t\t<\/div>\n\t\t<\/div>\n\t\t\t\t<div class=\"elementor-column elementor-col-20 elementor-top-column elementor-element elementor-element-541f899\" data-id=\"541f899\" data-element_type=\"column\" data-e-type=\"column\">\n\t\t\t<div class=\"elementor-widget-wrap\">\n\t\t\t\t\t\t\t<\/div>\n\t\t<\/div>\n\t\t\t\t\t<\/div>\n\t\t<\/section>\n\t\t\t\t<section class=\"elementor-section elementor-top-section elementor-element elementor-element-4a5fb11 elementor-section-boxed elementor-section-height-default elementor-section-height-default\" data-id=\"4a5fb11\" data-element_type=\"section\" data-e-type=\"section\">\n\t\t\t\t\t\t<div class=\"elementor-container elementor-column-gap-default\">\n\t\t\t\t\t<div class=\"elementor-column elementor-col-100 elementor-top-column elementor-element elementor-element-8431375\" data-id=\"8431375\" data-element_type=\"column\" data-e-type=\"column\">\n\t\t\t<div class=\"elementor-widget-wrap elementor-element-populated\">\n\t\t\t\t\t\t<div class=\"elementor-element elementor-element-2e11a6f elementor-widget elementor-widget-spacer\" data-id=\"2e11a6f\" data-element_type=\"widget\" data-e-type=\"widget\" data-widget_type=\"spacer.default\">\n\t\t\t\t<div class=\"elementor-widget-container\">\n\t\t\t\t\t\t\t<div class=\"elementor-spacer\">\n\t\t\t<div class=\"elementor-spacer-inner\"><\/div>\n\t\t<\/div>\n\t\t\t\t\t\t<\/div>\n\t\t\t\t<\/div>\n\t\t\t\t\t<\/div>\n\t\t<\/div>\n\t\t\t\t\t<\/div>\n\t\t<\/section>\n\t\t\t\t<\/div>","protected":false},"excerpt":{"rendered":"<p>A Contemporary Resilience: Reinventing Dance in Ukraine (dancEUA) az Eur\u00f3pai Uni\u00f3 Kreat\u00edv Eur\u00f3pa programj\u00e1nak t\u00e1rsfinansz\u00edroz\u00e1s\u00e1val, 2024 \u00e9s 2027 k\u00f6z\u00f6tt megval\u00f3sul\u00f3 kultur\u00e1lis egy\u00fcttm\u0171k\u00f6d\u00e9si projekt. C\u00e9lja az ukr\u00e1n kort\u00e1rst\u00e1nc-szektor meger\u0151s\u00edt\u00e9se, valamint az ukr\u00e1n \u00e9s eur\u00f3pai m\u0171v\u00e9szek k\u00f6z\u00f6tti hossz\u00fa t\u00e1v\u00fa szakmai kapcsolatok elm\u00e9ly\u00edt\u00e9se. A projekt az ukr\u00e1n t\u00e1ncm\u0171v\u00e9szeket \u00e9rint\u0151 kih\u00edv\u00e1sokra reag\u00e1l: platformot biztos\u00edt a m\u0171v\u00e9szi eszmecser\u00e9hez, a szakmai [&hellip;]<\/p>\n","protected":false},"author":1,"featured_media":0,"parent":0,"menu_order":0,"comment_status":"closed","ping_status":"closed","template":"","meta":{"footnotes":""},"class_list":["post-19487","page","type-page","status-publish","hentry"],"_links":{"self":[{"href":"https:\/\/cedt.hu\/en\/wp-json\/wp\/v2\/pages\/19487","targetHints":{"allow":["GET"]}}],"collection":[{"href":"https:\/\/cedt.hu\/en\/wp-json\/wp\/v2\/pages"}],"about":[{"href":"https:\/\/cedt.hu\/en\/wp-json\/wp\/v2\/types\/page"}],"author":[{"embeddable":true,"href":"https:\/\/cedt.hu\/en\/wp-json\/wp\/v2\/users\/1"}],"replies":[{"embeddable":true,"href":"https:\/\/cedt.hu\/en\/wp-json\/wp\/v2\/comments?post=19487"}],"version-history":[{"count":4,"href":"https:\/\/cedt.hu\/en\/wp-json\/wp\/v2\/pages\/19487\/revisions"}],"predecessor-version":[{"id":63904,"href":"https:\/\/cedt.hu\/en\/wp-json\/wp\/v2\/pages\/19487\/revisions\/63904"}],"wp:attachment":[{"href":"https:\/\/cedt.hu\/en\/wp-json\/wp\/v2\/media?parent=19487"}],"curies":[{"name":"wp","href":"https:\/\/api.w.org\/{rel}","templated":true}]}}