{"id":19361,"date":"2025-05-27T16:15:39","date_gmt":"2025-05-27T16:15:39","guid":{"rendered":"https:\/\/cedthu.rwpstaging.site\/?page_id=19361"},"modified":"2026-02-11T13:20:20","modified_gmt":"2026-02-11T13:20:20","slug":"nemzetkozi-monotanc-fesztival","status":"publish","type":"page","link":"https:\/\/cedt.hu\/en\/nemzetkozi-monotanc-fesztival\/","title":{"rendered":"International Monodance Festival"},"content":{"rendered":"<div data-elementor-type=\"wp-page\" data-elementor-id=\"19361\" class=\"elementor elementor-19361\" data-elementor-post-type=\"page\">\n\t\t\t\t\t\t<section class=\"elementor-section elementor-top-section elementor-element elementor-element-89c393c elementor-section-height-min-height elementor-section-items-stretch elementor-section-boxed elementor-section-height-default\" data-id=\"89c393c\" data-element_type=\"section\" data-e-type=\"section\" data-settings=\"{&quot;background_background&quot;:&quot;classic&quot;}\">\n\t\t\t\t\t\t\t<div class=\"elementor-background-overlay\"><\/div>\n\t\t\t\t\t\t\t<div class=\"elementor-container elementor-column-gap-default\">\n\t\t\t\t\t<div class=\"elementor-column elementor-col-100 elementor-top-column elementor-element elementor-element-a96ea55\" data-id=\"a96ea55\" data-element_type=\"column\" data-e-type=\"column\">\n\t\t\t<div class=\"elementor-widget-wrap elementor-element-populated\">\n\t\t\t\t\t\t<div class=\"elementor-element elementor-element-0026da4 elementor-widget elementor-widget-heading\" data-id=\"0026da4\" data-element_type=\"widget\" data-e-type=\"widget\" data-widget_type=\"heading.default\">\n\t\t\t\t<div class=\"elementor-widget-container\">\n\t\t\t\t\t<h2 class=\"elementor-heading-title elementor-size-default\">International Monodance Festival<\/h2>\t\t\t\t<\/div>\n\t\t\t\t<\/div>\n\t\t\t\t<div class=\"elementor-element elementor-element-ac6f260 elementor-widget elementor-widget-spacer\" data-id=\"ac6f260\" data-element_type=\"widget\" data-e-type=\"widget\" data-widget_type=\"spacer.default\">\n\t\t\t\t<div class=\"elementor-widget-container\">\n\t\t\t\t\t\t\t<div class=\"elementor-spacer\">\n\t\t\t<div class=\"elementor-spacer-inner\"><\/div>\n\t\t<\/div>\n\t\t\t\t\t\t<\/div>\n\t\t\t\t<\/div>\n\t\t\t\t\t<\/div>\n\t\t<\/div>\n\t\t\t\t\t<\/div>\n\t\t<\/section>\n\t\t\t\t<section class=\"elementor-section elementor-top-section elementor-element elementor-element-a371e3e elementor-section-height-min-height elementor-section-items-stretch elementor-reverse-tablet elementor-reverse-mobile elementor-section-boxed elementor-section-height-default\" data-id=\"a371e3e\" data-element_type=\"section\" data-e-type=\"section\">\n\t\t\t\t\t\t<div class=\"elementor-container elementor-column-gap-default\">\n\t\t\t\t\t<div class=\"elementor-column elementor-col-50 elementor-top-column elementor-element elementor-element-15cdd4e\" data-id=\"15cdd4e\" data-element_type=\"column\" data-e-type=\"column\" data-settings=\"{&quot;background_background&quot;:&quot;classic&quot;}\">\n\t\t\t<div class=\"elementor-widget-wrap elementor-element-populated\">\n\t\t\t\t\t\t<div class=\"elementor-element elementor-element-a9a44e3 animated-slow elementor-invisible elementor-widget elementor-widget-image\" data-id=\"a9a44e3\" data-element_type=\"widget\" data-e-type=\"widget\" data-settings=\"{&quot;_animation&quot;:&quot;rollIn&quot;}\" data-widget_type=\"image.default\">\n\t\t\t\t<div class=\"elementor-widget-container\">\n\t\t\t\t\t\t\t\t\t\t\t\t\t\t\t<img fetchpriority=\"high\" decoding=\"async\" width=\"1849\" height=\"1040\" src=\"https:\/\/cedt.hu\/wp-content\/uploads\/2024\/05\/NYIT-2024-plak\u00e1t-fekv\u0151.png\" class=\"attachment-full size-full wp-image-12208\" alt=\"\" srcset=\"https:\/\/cedt.hu\/wp-content\/uploads\/2024\/05\/NYIT-2024-plak\u00e1t-fekv\u0151.png 1849w, https:\/\/cedt.hu\/wp-content\/uploads\/2024\/05\/NYIT-2024-plak\u00e1t-fekv\u0151-300x169.png 300w, https:\/\/cedt.hu\/wp-content\/uploads\/2024\/05\/NYIT-2024-plak\u00e1t-fekv\u0151-1024x576.png 1024w, https:\/\/cedt.hu\/wp-content\/uploads\/2024\/05\/NYIT-2024-plak\u00e1t-fekv\u0151-768x432.png 768w, https:\/\/cedt.hu\/wp-content\/uploads\/2024\/05\/NYIT-2024-plak\u00e1t-fekv\u0151-1536x864.png 1536w, https:\/\/cedt.hu\/wp-content\/uploads\/2024\/05\/NYIT-2024-plak\u00e1t-fekv\u0151-400x225.png 400w, https:\/\/cedt.hu\/wp-content\/uploads\/2024\/05\/NYIT-2024-plak\u00e1t-fekv\u0151-20x11.png 20w\" sizes=\"(max-width: 1849px) 100vw, 1849px\" \/>\t\t\t\t\t\t\t\t\t\t\t\t\t\t\t<\/div>\n\t\t\t\t<\/div>\n\t\t\t\t\t<\/div>\n\t\t<\/div>\n\t\t\t\t<div class=\"elementor-column elementor-col-50 elementor-top-column elementor-element elementor-element-5886cfc\" data-id=\"5886cfc\" data-element_type=\"column\" data-e-type=\"column\">\n\t\t\t<div class=\"elementor-widget-wrap elementor-element-populated\">\n\t\t\t\t\t\t<div class=\"elementor-element elementor-element-137155c elementor-widget elementor-widget-heading\" data-id=\"137155c\" data-element_type=\"widget\" data-e-type=\"widget\" data-widget_type=\"heading.default\">\n\t\t\t\t<div class=\"elementor-widget-container\">\n\t\t\t\t\t<h5 class=\"elementor-heading-title elementor-size-default\">International Monodance Festival<\/h5>\t\t\t\t<\/div>\n\t\t\t\t<\/div>\n\t\t\t\t<div class=\"elementor-element elementor-element-7be94e6 elementor-widget elementor-widget-text-editor\" data-id=\"7be94e6\" data-element_type=\"widget\" data-e-type=\"widget\" data-widget_type=\"text-editor.default\">\n\t\t\t\t<div class=\"elementor-widget-container\">\n\t\t\t\t\t\t\t\t\t<p>Dance Workshop Accompanying programme at the S\u00cdN Arts Centre Masters at the workshop:<\/p><p>05.27. Seungkwan Yang: Improvisation, dance film study.\u00a0<\/p><p>05.28. Won Kim: performance performance, professional dancers\u00a0<\/p><p>05.29. Yelim Kim: K-pop<\/p><p>Each workshop starts at 10 am and lasts up to two hours.<\/p><p>Registration:Participation in the workshop is free, but registration is required! Registration is free but registration is required. Participants will be selected by a professional team based on their CVs and will be notified. Please include a video link in your CV to showcase your skills. Please send CVs to info@cedt.hu!<\/p><p>Time: 10-12 every day<\/p>\t\t\t\t\t\t\t\t<\/div>\n\t\t\t\t<\/div>\n\t\t\t\t\t<\/div>\n\t\t<\/div>\n\t\t\t\t\t<\/div>\n\t\t<\/section>\n\t\t\t\t<\/div>","protected":false},"excerpt":{"rendered":"<p>Nemzetk\u00f6zi Monot\u00e1nc Fesztiv\u00e1l Nemzetk\u00f6zi Monot\u00e1nc Fesztiv\u00e1l T\u00e1ncszakmai M\u0171hely k\u00eds\u00e9r\u0151programja a S\u00cdN M\u0171v\u00e9szeti K\u00f6zpontban Mesterek a workshopon: 05.27. Seungkwan Yang: Improviz\u00e1ci\u00f3, t\u00e1ncfilm tanulm\u00e1ny.\u00a0 05.28. Won Kim: el\u0151ad\u00e1s el\u0151ad\u00e1s, profi t\u00e1ncosok\u00a0 05.29. Yelim Kim: K-pop Minden workshop d\u00e9lel\u0151tt 10 \u00f3rakor kezd\u0151dik \u00e9s maximum k\u00e9t \u00f3r\u00e1ig tart. Regisztr\u00e1ci\u00f3: A workshopon val\u00f3 r\u00e9szv\u00e9tel ingyenes, de regisztr\u00e1ci\u00f3hoz k\u00f6t\u00f6tt! A jelentkez\u0151k [&hellip;]<\/p>\n","protected":false},"author":1,"featured_media":0,"parent":0,"menu_order":0,"comment_status":"closed","ping_status":"closed","template":"","meta":{"footnotes":""},"class_list":["post-19361","page","type-page","status-publish","hentry"],"_links":{"self":[{"href":"https:\/\/cedt.hu\/en\/wp-json\/wp\/v2\/pages\/19361","targetHints":{"allow":["GET"]}}],"collection":[{"href":"https:\/\/cedt.hu\/en\/wp-json\/wp\/v2\/pages"}],"about":[{"href":"https:\/\/cedt.hu\/en\/wp-json\/wp\/v2\/types\/page"}],"author":[{"embeddable":true,"href":"https:\/\/cedt.hu\/en\/wp-json\/wp\/v2\/users\/1"}],"replies":[{"embeddable":true,"href":"https:\/\/cedt.hu\/en\/wp-json\/wp\/v2\/comments?post=19361"}],"version-history":[{"count":3,"href":"https:\/\/cedt.hu\/en\/wp-json\/wp\/v2\/pages\/19361\/revisions"}],"predecessor-version":[{"id":61900,"href":"https:\/\/cedt.hu\/en\/wp-json\/wp\/v2\/pages\/19361\/revisions\/61900"}],"wp:attachment":[{"href":"https:\/\/cedt.hu\/en\/wp-json\/wp\/v2\/media?parent=19361"}],"curies":[{"name":"wp","href":"https:\/\/api.w.org\/{rel}","templated":true}]}}