{"id":18919,"date":"2025-05-15T17:50:44","date_gmt":"2025-05-15T17:50:44","guid":{"rendered":"https:\/\/cedthu.rwpstaging.site\/?page_id=18919"},"modified":"2025-05-15T17:52:48","modified_gmt":"2025-05-15T17:52:48","slug":"ii-ikf-tehetsegprogram-ujvari-milan","status":"publish","type":"page","link":"https:\/\/cedt.hu\/en\/ii-ikf-tehetsegprogram-ujvari-milan\/","title":{"rendered":"II IKF Talent Programme - Mil\u00e1n \u00dajv\u00e1ri"},"content":{"rendered":"<div data-elementor-type=\"wp-page\" data-elementor-id=\"18919\" class=\"elementor elementor-18919\" data-elementor-post-type=\"page\">\n\t\t\t\t\t\t<section class=\"elementor-section elementor-top-section elementor-element elementor-element-74dfcf35 elementor-section-boxed elementor-section-height-default elementor-section-height-default\" data-id=\"74dfcf35\" data-element_type=\"section\" data-e-type=\"section\" data-settings=\"{&quot;background_background&quot;:&quot;classic&quot;}\">\n\t\t\t\t\t\t<div class=\"elementor-container elementor-column-gap-default\">\n\t\t\t\t\t<div class=\"elementor-column elementor-col-100 elementor-top-column elementor-element elementor-element-aae332c\" data-id=\"aae332c\" data-element_type=\"column\" data-e-type=\"column\">\n\t\t\t<div class=\"elementor-widget-wrap elementor-element-populated\">\n\t\t\t\t\t\t<div class=\"elementor-element elementor-element-46c0fd7c elementor-widget elementor-widget-image\" data-id=\"46c0fd7c\" data-element_type=\"widget\" data-e-type=\"widget\" data-widget_type=\"image.default\">\n\t\t\t\t<div class=\"elementor-widget-container\">\n\t\t\t\t\t\t\t\t\t\t\t\t\t\t\t<img fetchpriority=\"high\" decoding=\"async\" width=\"768\" height=\"904\" src=\"https:\/\/cedt.hu\/wp-content\/uploads\/2017\/02\/Ujvari-Mil\u00e1n.jpg\" class=\"attachment-full size-full wp-image-4324\" alt=\"\" srcset=\"https:\/\/cedt.hu\/wp-content\/uploads\/2017\/02\/Ujvari-Mil\u00e1n.jpg 768w, https:\/\/cedt.hu\/wp-content\/uploads\/2017\/02\/Ujvari-Mil\u00e1n-255x300.jpg 255w, https:\/\/cedt.hu\/wp-content\/uploads\/2017\/02\/Ujvari-Mil\u00e1n-340x400.jpg 340w, https:\/\/cedt.hu\/wp-content\/uploads\/2017\/02\/Ujvari-Mil\u00e1n-17x20.jpg 17w\" sizes=\"(max-width: 768px) 100vw, 768px\" \/>\t\t\t\t\t\t\t\t\t\t\t\t\t\t\t<\/div>\n\t\t\t\t<\/div>\n\t\t\t\t<div class=\"elementor-element elementor-element-3d5c926b elementor-widget elementor-widget-text-editor\" data-id=\"3d5c926b\" data-element_type=\"widget\" data-e-type=\"widget\" data-widget_type=\"text-editor.default\">\n\t\t\t\t<div class=\"elementor-widget-container\">\n\t\t\t\t\t\t\t\t\t<div class=\"x11i5rnm xat24cr x1mh8g0r x1vvkbs xtlvy1s\"><div class=\"show-description\"><div class=\"show-description\"><p>Az IKF (Ifj\u00fa Koreogr\u00e1fusok F\u00f3ruma) egy \u00faj tehets\u00e9ggondoz\u00f3- \u00e9s kutat\u00f3program, melynek els\u00f5dleges c\u00e9lja a koreogr\u00e1fusi ut\u00e1np\u00f3tl\u00e1s lehet\u00f5s\u00e9geinek jav\u00edt\u00e1sa, a fiatal koreogr\u00e1fusok helyzetbehoz\u00e1sa. A k\u00f6zelm\u00falt tapasztalatai azt mutatj\u00e1k, hogy az els\u00f5 darabjukra p\u00e1ly\u00e1z\u00f3 alkot\u00f3k a kor\u00e1bbin\u00e1l is kevesebb t\u00e1mogat\u00e1st kapnak, ha kapnak egy\u00e1ltal\u00e1n.<\/p><p>A K\u00f6z\u00e9p-Eur\u00f3pa T\u00e1ncsz\u00ednh\u00e1z \u00faj strat\u00e9gia kidolgoz\u00e1s\u00e1ra v\u00e1llalkozott, hogy folytathassa a legfiatalabb alkot\u00f3kkal val\u00f3 egy\u00fcttm\u00fbk\u00f6d\u00e9st. Az IKF ny\u00edlt p\u00e1ly\u00e1zat\u00e1n fiatal koreogr\u00e1fusok kapnak lehet\u00f5s\u00e9get az alkot\u00e1sra. A nyertesek egy h\u00e9tig dolgozhatnak a KET t\u00e1ncosaival, a h\u00e9t v\u00e9g\u00e9n pedig nyilv\u00e1nos bemutat\u00f3t, demonstr\u00e1ci\u00f3t tartanak sz\u00ednh\u00e1zi k\u00f6r\u00fclm\u00e9nyek k\u00f6z\u00f6tt.<\/p><p>A m\u00e1jusi lehet\u00f5s\u00e9get \u00dajv\u00e1ri Mil\u00e1n nyerte.<\/p><p>A Nemzeti Kultur\u00e1lis Alap Imre Zolt\u00e1n Program t\u00e1mogat\u00e1s\u00e1val.<\/p><\/div><\/div><\/div>\t\t\t\t\t\t\t\t<\/div>\n\t\t\t\t<\/div>\n\t\t\t\t<div class=\"elementor-element elementor-element-256484b4 elementor-widget elementor-widget-heading\" data-id=\"256484b4\" data-element_type=\"widget\" data-e-type=\"widget\" data-widget_type=\"heading.default\">\n\t\t\t\t<div class=\"elementor-widget-container\">\n\t\t\t\t\t<h2 class=\"elementor-heading-title elementor-size-default\">creators<\/h2>\t\t\t\t<\/div>\n\t\t\t\t<\/div>\n\t\t\t\t<div class=\"elementor-element elementor-element-354e0360 elementor-widget-divider--view-line elementor-widget elementor-widget-divider\" data-id=\"354e0360\" data-element_type=\"widget\" data-e-type=\"widget\" data-widget_type=\"divider.default\">\n\t\t\t\t<div class=\"elementor-widget-container\">\n\t\t\t\t\t\t\t<div class=\"elementor-divider\">\n\t\t\t<span class=\"elementor-divider-separator\">\n\t\t\t\t\t\t<\/span>\n\t\t<\/div>\n\t\t\t\t\t\t<\/div>\n\t\t\t\t<\/div>\n\t\t\t\t<div class=\"elementor-element elementor-element-2ec9e789 elementor-widget elementor-widget-text-editor\" data-id=\"2ec9e789\" data-element_type=\"widget\" data-e-type=\"widget\" data-widget_type=\"text-editor.default\">\n\t\t\t\t<div class=\"elementor-widget-container\">\n\t\t\t\t\t\t\t\t\t<div class=\"show-actors\"><div id=\"nested-actors\"><div class=\"show-actors\"><div id=\"nested-actors\"><div class=\"show-actors\"><div id=\"nested-actors\"><div><h3>Choreographer<\/h3><ul><li>\u00dajv\u00e1ri Mil\u00e1n<\/li><\/ul><\/div><div><h3>Light<\/h3><ul><li>Zolt\u00e1n Fogarasi<\/li><\/ul><\/div><div><h3>Presenters<\/h3><ul><li>F\u00e1bi\u00e1n Anik\u00f3<\/li><li>Mariann Hargitai<\/li><li>Adrienn Horv\u00e1th<\/li><li>Palcs\u00f3 N\u00f3ra<\/li><li>Eller Guszt\u00e1v<\/li><li>\u00c1d\u00e1m Frigy<\/li><li>L\u00e1szl\u00f3 M\u00e1di<\/li><\/ul><\/div><\/div><\/div><div class=\"show-images\"><div class=\"row no-margin\"><div class=\"col-md-12 no-padding\">\u00a0<\/div><\/div><\/div><\/div><\/div><\/div><\/div>\t\t\t\t\t\t\t\t<\/div>\n\t\t\t\t<\/div>\n\t\t\t\t<div class=\"elementor-element elementor-element-18298e55 elementor-widget elementor-widget-heading\" data-id=\"18298e55\" data-element_type=\"widget\" data-e-type=\"widget\" data-widget_type=\"heading.default\">\n\t\t\t\t<div class=\"elementor-widget-container\">\n\t\t\t\t\t<h2 class=\"elementor-heading-title elementor-size-default\">II IKF Talent Programme - Mil\u00e1n \u00dajv\u00e1ri<\/h2>\t\t\t\t<\/div>\n\t\t\t\t<\/div>\n\t\t\t\t<div class=\"elementor-element elementor-element-2a0f1828 elementor-widget elementor-widget-gallery\" data-id=\"2a0f1828\" data-element_type=\"widget\" data-e-type=\"widget\" data-settings=\"{&quot;columns&quot;:3,&quot;lazyload&quot;:&quot;yes&quot;,&quot;gallery_layout&quot;:&quot;grid&quot;,&quot;columns_tablet&quot;:2,&quot;columns_mobile&quot;:1,&quot;gap&quot;:{&quot;unit&quot;:&quot;px&quot;,&quot;size&quot;:10,&quot;sizes&quot;:[]},&quot;gap_tablet&quot;:{&quot;unit&quot;:&quot;px&quot;,&quot;size&quot;:10,&quot;sizes&quot;:[]},&quot;gap_mobile&quot;:{&quot;unit&quot;:&quot;px&quot;,&quot;size&quot;:10,&quot;sizes&quot;:[]},&quot;link_to&quot;:&quot;file&quot;,&quot;aspect_ratio&quot;:&quot;3:2&quot;,&quot;overlay_background&quot;:&quot;yes&quot;,&quot;content_hover_animation&quot;:&quot;fade-in&quot;}\" data-widget_type=\"gallery.default\">\n\t\t\t\t<div class=\"elementor-widget-container\">\n\t\t\t\t\t\t\t<div class=\"elementor-gallery__container\">\n\t\t\t\t\t\t\t<a class=\"e-gallery-item elementor-gallery-item elementor-animated-content\" href=\"https:\/\/cedt.hu\/wp-content\/uploads\/2017\/02\/foto_621.jpg\" data-elementor-open-lightbox=\"yes\" data-elementor-lightbox-slideshow=\"2a0f1828\" data-elementor-lightbox-title=\"foto_621\" data-elementor-lightbox-description=\"Dusa G\u00e1bor\/ Gabor Dusa\" data-e-action-hash=\"#elementor-action%3Aaction%3Dlightbox%26settings%3DeyJpZCI6MjI5MSwidXJsIjoiaHR0cHM6XC9cL2NlZHQuaHVcL3dwLWNvbnRlbnRcL3VwbG9hZHNcLzIwMTdcLzAyXC9mb3RvXzYyMS5qcGciLCJzbGlkZXNob3ciOiIyYTBmMTgyOCJ9\">\n\t\t\t\t\t<div class=\"e-gallery-image elementor-gallery-item__image\" data-thumbnail=\"https:\/\/cedt.hu\/wp-content\/uploads\/2017\/02\/foto_621-188x300.jpg\" data-width=\"188\" data-height=\"300\" aria-label=\"\" role=\"img\" ><\/div>\n\t\t\t\t\t\t\t\t\t\t\t<div class=\"elementor-gallery-item__overlay\"><\/div>\n\t\t\t\t\t\t\t\t\t\t\t\t\t\t<\/a>\n\t\t\t\t\t\t\t<a class=\"e-gallery-item elementor-gallery-item elementor-animated-content\" href=\"https:\/\/cedt.hu\/wp-content\/uploads\/2017\/02\/foto_622.jpg\" data-elementor-open-lightbox=\"yes\" data-elementor-lightbox-slideshow=\"2a0f1828\" data-elementor-lightbox-title=\"foto_622\" data-elementor-lightbox-description=\"Dusa G\u00e1bor\/ Gabor Dusa\" data-e-action-hash=\"#elementor-action%3Aaction%3Dlightbox%26settings%3DeyJpZCI6MjI5MiwidXJsIjoiaHR0cHM6XC9cL2NlZHQuaHVcL3dwLWNvbnRlbnRcL3VwbG9hZHNcLzIwMTdcLzAyXC9mb3RvXzYyMi5qcGciLCJzbGlkZXNob3ciOiIyYTBmMTgyOCJ9\">\n\t\t\t\t\t<div class=\"e-gallery-image elementor-gallery-item__image\" data-thumbnail=\"https:\/\/cedt.hu\/wp-content\/uploads\/2017\/02\/foto_622-179x300.jpg\" data-width=\"179\" data-height=\"300\" aria-label=\"\" role=\"img\" ><\/div>\n\t\t\t\t\t\t\t\t\t\t\t<div class=\"elementor-gallery-item__overlay\"><\/div>\n\t\t\t\t\t\t\t\t\t\t\t\t\t\t<\/a>\n\t\t\t\t\t\t\t<a class=\"e-gallery-item elementor-gallery-item elementor-animated-content\" href=\"https:\/\/cedt.hu\/wp-content\/uploads\/2017\/02\/foto_623.jpg\" data-elementor-open-lightbox=\"yes\" data-elementor-lightbox-slideshow=\"2a0f1828\" data-elementor-lightbox-title=\"foto_623\" data-elementor-lightbox-description=\"Dusa G\u00e1bor\/ Gabor Dusa\" data-e-action-hash=\"#elementor-action%3Aaction%3Dlightbox%26settings%3DeyJpZCI6MjI5MywidXJsIjoiaHR0cHM6XC9cL2NlZHQuaHVcL3dwLWNvbnRlbnRcL3VwbG9hZHNcLzIwMTdcLzAyXC9mb3RvXzYyMy5qcGciLCJzbGlkZXNob3ciOiIyYTBmMTgyOCJ9\">\n\t\t\t\t\t<div class=\"e-gallery-image elementor-gallery-item__image\" data-thumbnail=\"https:\/\/cedt.hu\/wp-content\/uploads\/2017\/02\/foto_623-300x198.jpg\" data-width=\"300\" data-height=\"198\" aria-label=\"\" role=\"img\" ><\/div>\n\t\t\t\t\t\t\t\t\t\t\t<div class=\"elementor-gallery-item__overlay\"><\/div>\n\t\t\t\t\t\t\t\t\t\t\t\t\t\t<\/a>\n\t\t\t\t\t<\/div>\n\t\t\t\t\t<\/div>\n\t\t\t\t<\/div>\n\t\t\t\t<div class=\"elementor-element elementor-element-156f1870 elementor-widget elementor-widget-heading\" data-id=\"156f1870\" data-element_type=\"widget\" data-e-type=\"widget\" data-widget_type=\"heading.default\">\n\t\t\t\t<div class=\"elementor-widget-container\">\n\t\t\t\t\t<h2 class=\"elementor-heading-title elementor-size-default\">Related Press Releases<\/h2>\t\t\t\t<\/div>\n\t\t\t\t<\/div>\n\t\t\t\t<div class=\"elementor-element elementor-element-710219ce elementor-widget-divider--view-line elementor-widget elementor-widget-divider\" data-id=\"710219ce\" data-element_type=\"widget\" data-e-type=\"widget\" data-widget_type=\"divider.default\">\n\t\t\t\t<div class=\"elementor-widget-container\">\n\t\t\t\t\t\t\t<div class=\"elementor-divider\">\n\t\t\t<span class=\"elementor-divider-separator\">\n\t\t\t\t\t\t<\/span>\n\t\t<\/div>\n\t\t\t\t\t\t<\/div>\n\t\t\t\t<\/div>\n\t\t\t\t<div class=\"elementor-element elementor-element-61f226ee elementor-widget elementor-widget-text-editor\" data-id=\"61f226ee\" data-element_type=\"widget\" data-e-type=\"widget\" data-widget_type=\"text-editor.default\">\n\t\t\t\t<div class=\"elementor-widget-container\">\n\t\t\t\t\t\t\t\t\t<div class=\"pressauthor\"><div class=\"pressauthor\"><div class=\"pressauthor\">Andr\u00e1s Fel\u00edcia:\u00a0<a href=\"http:\/\/www.ellenfeny.hu\/tanc\/onallo-produkciok\/jazz-es-kortars-tanc-kozep-europa-tancszinhaz-ujvari-milan\">Jazz \u00e9s kort\u00e1rs t\u00e1nc\u00a0 <\/a>(backlight) <span style=\"font-family: -apple-system, BlinkMacSystemFont, 'Segoe UI', Roboto, 'Helvetica Neue', Arial, 'Noto Sans', sans-serif, 'Apple Color Emoji', 'Segoe UI Emoji', 'Segoe UI Symbol', 'Noto Color Emoji';\">&#8211; 18\/05\/2013 <\/span><span style=\"font-family: -apple-system, BlinkMacSystemFont, 'Segoe UI', Roboto, 'Helvetica Neue', Arial, 'Noto Sans', sans-serif, 'Apple Color Emoji', 'Segoe UI Emoji', 'Segoe UI Symbol', 'Noto Color Emoji';\">\u00dajv\u00e1ri Mil\u00e1n sokkal t\u00f6bb \u00f6tletet vonultat fel, mint amennyi egy ilyen v\u00e1zlatt\u00f3l elv\u00e1rhat\u00f3 lenne. Tal\u00e1n \u00e9ppen ez az egyik h\u00e1tr\u00e1nya az el\u00f5ad\u00e1snak. Halmozza a kreat\u00edv \u00f6tleteket \u00e9s megold\u00e1sokat, de kibontani term\u00e9szetesen egyet sem tud, kicsit mindenbe belekap. Ugyanakkor az legyen a legkisebb gond, ha egy alkot\u00f3 nem tud v\u00e1lasztani a jobbn\u00e1l jobb \u00f6tleteib\u00f5l.<\/span><\/div><\/div><\/div>\t\t\t\t\t\t\t\t<\/div>\n\t\t\t\t<\/div>\n\t\t\t\t\t<\/div>\n\t\t<\/div>\n\t\t\t\t\t<\/div>\n\t\t<\/section>\n\t\t\t\t<\/div>","protected":false},"excerpt":{"rendered":"<p>Az IKF (Ifj\u00fa Koreogr\u00e1fusok F\u00f3ruma) egy \u00faj tehets\u00e9ggondoz\u00f3- \u00e9s kutat\u00f3program, melynek els\u00f5dleges c\u00e9lja a koreogr\u00e1fusi ut\u00e1np\u00f3tl\u00e1s lehet\u00f5s\u00e9geinek jav\u00edt\u00e1sa, a fiatal koreogr\u00e1fusok helyzetbehoz\u00e1sa. A k\u00f6zelm\u00falt tapasztalatai azt mutatj\u00e1k, hogy az els\u00f5 darabjukra p\u00e1ly\u00e1z\u00f3 alkot\u00f3k a kor\u00e1bbin\u00e1l is kevesebb t\u00e1mogat\u00e1st kapnak, ha kapnak egy\u00e1ltal\u00e1n. A K\u00f6z\u00e9p-Eur\u00f3pa T\u00e1ncsz\u00ednh\u00e1z \u00faj strat\u00e9gia kidolgoz\u00e1s\u00e1ra v\u00e1llalkozott, hogy folytathassa a legfiatalabb alkot\u00f3kkal val\u00f3 [&hellip;]<\/p>\n","protected":false},"author":1,"featured_media":0,"parent":0,"menu_order":0,"comment_status":"closed","ping_status":"closed","template":"elementor_header_footer","meta":{"footnotes":""},"class_list":["post-18919","page","type-page","status-publish","hentry"],"_links":{"self":[{"href":"https:\/\/cedt.hu\/en\/wp-json\/wp\/v2\/pages\/18919","targetHints":{"allow":["GET"]}}],"collection":[{"href":"https:\/\/cedt.hu\/en\/wp-json\/wp\/v2\/pages"}],"about":[{"href":"https:\/\/cedt.hu\/en\/wp-json\/wp\/v2\/types\/page"}],"author":[{"embeddable":true,"href":"https:\/\/cedt.hu\/en\/wp-json\/wp\/v2\/users\/1"}],"replies":[{"embeddable":true,"href":"https:\/\/cedt.hu\/en\/wp-json\/wp\/v2\/comments?post=18919"}],"version-history":[{"count":0,"href":"https:\/\/cedt.hu\/en\/wp-json\/wp\/v2\/pages\/18919\/revisions"}],"wp:attachment":[{"href":"https:\/\/cedt.hu\/en\/wp-json\/wp\/v2\/media?parent=18919"}],"curies":[{"name":"wp","href":"https:\/\/api.w.org\/{rel}","templated":true}]}}