{"id":18822,"date":"2025-05-15T17:42:18","date_gmt":"2025-05-15T17:42:18","guid":{"rendered":"https:\/\/cedthu.rwpstaging.site\/?page_id=18822"},"modified":"2025-05-15T17:44:26","modified_gmt":"2025-05-15T17:44:26","slug":"v-ikf-tehetsegprogram-ujszaszi-dorottya","status":"publish","type":"page","link":"https:\/\/cedt.hu\/en\/v-ikf-tehetsegprogram-ujszaszi-dorottya\/","title":{"rendered":"V. IKF Talent Programme - UJSZ\u00c1SZI DOROTTYA"},"content":{"rendered":"<div data-elementor-type=\"wp-page\" data-elementor-id=\"18822\" class=\"elementor elementor-18822\" data-elementor-post-type=\"page\">\n\t\t\t\t\t\t<section class=\"elementor-section elementor-top-section elementor-element elementor-element-bcc1e3f elementor-section-boxed elementor-section-height-default elementor-section-height-default\" data-id=\"bcc1e3f\" data-element_type=\"section\" data-e-type=\"section\" data-settings=\"{&quot;background_background&quot;:&quot;classic&quot;}\">\n\t\t\t\t\t\t<div class=\"elementor-container elementor-column-gap-default\">\n\t\t\t\t\t<div class=\"elementor-column elementor-col-100 elementor-top-column elementor-element elementor-element-ae0cdbc\" data-id=\"ae0cdbc\" data-element_type=\"column\" data-e-type=\"column\">\n\t\t\t<div class=\"elementor-widget-wrap elementor-element-populated\">\n\t\t\t\t\t\t<div class=\"elementor-element elementor-element-492739ff elementor-widget elementor-widget-image\" data-id=\"492739ff\" data-element_type=\"widget\" data-e-type=\"widget\" data-widget_type=\"image.default\">\n\t\t\t\t<div class=\"elementor-widget-container\">\n\t\t\t\t\t\t\t\t\t\t\t\t\t\t\t<img fetchpriority=\"high\" decoding=\"async\" width=\"500\" height=\"400\" src=\"https:\/\/cedt.hu\/wp-content\/uploads\/2020\/05\/\u00dajsz\u00e1szi-Dorottya-500x400.jpg\" class=\"attachment-full size-full wp-image-6833\" alt=\"\" srcset=\"https:\/\/cedt.hu\/wp-content\/uploads\/2020\/05\/\u00dajsz\u00e1szi-Dorottya-500x400.jpg 500w, https:\/\/cedt.hu\/wp-content\/uploads\/2020\/05\/\u00dajsz\u00e1szi-Dorottya-500x400-300x240.jpg 300w, https:\/\/cedt.hu\/wp-content\/uploads\/2020\/05\/\u00dajsz\u00e1szi-Dorottya-500x400-400x320.jpg 400w, https:\/\/cedt.hu\/wp-content\/uploads\/2020\/05\/\u00dajsz\u00e1szi-Dorottya-500x400-20x16.jpg 20w\" sizes=\"(max-width: 500px) 100vw, 500px\" \/>\t\t\t\t\t\t\t\t\t\t\t\t\t\t\t<\/div>\n\t\t\t\t<\/div>\n\t\t\t\t<div class=\"elementor-element elementor-element-1a9ae3f9 elementor-widget elementor-widget-text-editor\" data-id=\"1a9ae3f9\" data-element_type=\"widget\" data-e-type=\"widget\" data-widget_type=\"text-editor.default\">\n\t\t\t\t<div class=\"elementor-widget-container\">\n\t\t\t\t\t\t\t\t\t<div class=\"x11i5rnm xat24cr x1mh8g0r x1vvkbs xtlvy1s\"><div class=\"show-description\"><p>Ujsz\u00e1szi Dorottya a Gy\u0151ri T\u00e1nc- \u00e9s K\u00e9pz\u0151m\u0171v\u00e9szeti Iskol\u00e1j\u00e1t szakmai N\u00edv\u00f3-d\u00edjjal v\u00e9gzi. Budapest T\u00e1ncsz\u00ednh\u00e1z, PR-Evolution, Inverse Dance, Badora T\u00e1rsulat, \u00e9s a Magyar Nemzeti Balett modern estjeiben szerepel. Jardin d\u2019Europe \u00e9s t\u00f6bbsz\u00f6r\u00f6s F\u00fcl\u00f6p-Viktor \u00f6szt\u00f6nd\u00edjas. K\u00fclf\u00f6ld\u00f6n Hubert Essakow Dance (UK), Quan Bui Ngoch, \u2013 Les Ballet C de la B t\u00e1ncos\u00e1nak \u2013 \u20183art3 Company\u2019 (CH) darabjaiban t\u00e1ncol. Ranglista vezet\u0151 versenyt\u00e1ncos, 2011-t\u0151l a nemzetk\u00f6zi salsa \u00e9let meghat\u00e1roz\u00f3 alakj\u00e1v\u00e1 v\u00e1lt Leon Rose-zal.(UK\/FR). Sokr\u00e9t\u0171 tud\u00e1s\u00e1t a kort\u00e1rs t\u00e1nc, kontakt improviz\u00e1ci\u00f3 \u00e9s salsa \u00f6tv\u00f6zet\u00e9b\u0151l alkotott CONSLA m\u0171faj\u00e1ban \u00f6sszegzi, melynek kutat\u00e1s\u00e1n, fejleszt\u00e9s\u00e9n 2010 \u00f3ta dolgozik.<\/p><p>Ujsz\u00e1szi Dorottya egy \u00faj t\u00e1ncst\u00edlus, a consla megalap\u00edt\u00f3ja, ami a salsa, a kort\u00e1rs t\u00e1nc \u00e9s a kontakt t\u00e1nc elemeit \u00f6tv\u00f6zi, melyet most egy profi t\u00e1rsulattal fejleszt tov\u00e1bb.<\/p><p><br \/>A Nemzeti Kultur\u00e1lis Alap Imre Zolt\u00e1n Program t\u00e1mogat\u00e1s\u00e1val.<\/p><\/div><\/div>\t\t\t\t\t\t\t\t<\/div>\n\t\t\t\t<\/div>\n\t\t\t\t<div class=\"elementor-element elementor-element-51915cec elementor-widget elementor-widget-heading\" data-id=\"51915cec\" data-element_type=\"widget\" data-e-type=\"widget\" data-widget_type=\"heading.default\">\n\t\t\t\t<div class=\"elementor-widget-container\">\n\t\t\t\t\t<h2 class=\"elementor-heading-title elementor-size-default\">creators<\/h2>\t\t\t\t<\/div>\n\t\t\t\t<\/div>\n\t\t\t\t<div class=\"elementor-element elementor-element-7df99662 elementor-widget-divider--view-line elementor-widget elementor-widget-divider\" data-id=\"7df99662\" data-element_type=\"widget\" data-e-type=\"widget\" data-widget_type=\"divider.default\">\n\t\t\t\t<div class=\"elementor-widget-container\">\n\t\t\t\t\t\t\t<div class=\"elementor-divider\">\n\t\t\t<span class=\"elementor-divider-separator\">\n\t\t\t\t\t\t<\/span>\n\t\t<\/div>\n\t\t\t\t\t\t<\/div>\n\t\t\t\t<\/div>\n\t\t\t\t<div class=\"elementor-element elementor-element-5164c06a elementor-widget elementor-widget-text-editor\" data-id=\"5164c06a\" data-element_type=\"widget\" data-e-type=\"widget\" data-widget_type=\"text-editor.default\">\n\t\t\t\t<div class=\"elementor-widget-container\">\n\t\t\t\t\t\t\t\t\t<div class=\"show-actors\"><div id=\"nested-actors\"><div class=\"show-actors\"><div id=\"nested-actors\"><div><h3>Choreographer<\/h3><ul><li>Ujsz\u00e1szi Dorottya<\/li><\/ul><\/div><div><h3>Light<\/h3><ul><li>Zolt\u00e1n Fogarasi<\/li><\/ul><\/div><div><h3>Konzult\u00e1ns<\/h3><ul><li>When Attila<\/li><\/ul><\/div><div><h3>Presenters<\/h3><ul><li>Mariann Hargitai<\/li><li>Adrienn Horv\u00e1th<\/li><li>Zsanett Jakab<\/li><li>Palcs\u00f3 N\u00f3ra<\/li><li>G\u00e1bor Ivanov<\/li><li>Kov\u00e1cs P\u00e9ter<\/li><li>L\u00e1szl\u00f3 M\u00e1di<\/li><li>\u00c1d\u00e1m Frigy<\/li><\/ul><\/div><\/div><\/div><\/div><\/div>\t\t\t\t\t\t\t\t<\/div>\n\t\t\t\t<\/div>\n\t\t\t\t<div class=\"elementor-element elementor-element-532f0715 elementor-widget elementor-widget-heading\" data-id=\"532f0715\" data-element_type=\"widget\" data-e-type=\"widget\" data-widget_type=\"heading.default\">\n\t\t\t\t<div class=\"elementor-widget-container\">\n\t\t\t\t\t<h2 class=\"elementor-heading-title elementor-size-default\">L\u00c9PCS\u0150 - Central Europe Dance Theatre\n<\/h2>\t\t\t\t<\/div>\n\t\t\t\t<\/div>\n\t\t\t\t<div class=\"elementor-element elementor-element-6557c66e elementor-widget elementor-widget-gallery\" data-id=\"6557c66e\" data-element_type=\"widget\" data-e-type=\"widget\" data-settings=\"{&quot;columns&quot;:3,&quot;lazyload&quot;:&quot;yes&quot;,&quot;gallery_layout&quot;:&quot;grid&quot;,&quot;columns_tablet&quot;:2,&quot;columns_mobile&quot;:1,&quot;gap&quot;:{&quot;unit&quot;:&quot;px&quot;,&quot;size&quot;:10,&quot;sizes&quot;:[]},&quot;gap_tablet&quot;:{&quot;unit&quot;:&quot;px&quot;,&quot;size&quot;:10,&quot;sizes&quot;:[]},&quot;gap_mobile&quot;:{&quot;unit&quot;:&quot;px&quot;,&quot;size&quot;:10,&quot;sizes&quot;:[]},&quot;link_to&quot;:&quot;file&quot;,&quot;aspect_ratio&quot;:&quot;3:2&quot;,&quot;overlay_background&quot;:&quot;yes&quot;,&quot;content_hover_animation&quot;:&quot;fade-in&quot;}\" data-widget_type=\"gallery.default\">\n\t\t\t\t<div class=\"elementor-widget-container\">\n\t\t\t\t\t\t\t<div class=\"elementor-gallery__container\">\n\t\t\t\t\t\t\t<a class=\"e-gallery-item elementor-gallery-item elementor-animated-content\" href=\"https:\/\/cedt.hu\/wp-content\/uploads\/2017\/02\/bg_62.jpg\" data-elementor-open-lightbox=\"yes\" data-elementor-lightbox-slideshow=\"6557c66e\" data-elementor-lightbox-title=\"One soul two bodies\" data-e-action-hash=\"#elementor-action%3Aaction%3Dlightbox%26settings%3DeyJpZCI6MTg1MywidXJsIjoiaHR0cHM6XC9cL2NlZHQuaHVcL3dwLWNvbnRlbnRcL3VwbG9hZHNcLzIwMTdcLzAyXC9iZ182Mi5qcGciLCJzbGlkZXNob3ciOiI2NTU3YzY2ZSJ9\">\n\t\t\t\t\t<div class=\"e-gallery-image elementor-gallery-item__image\" data-thumbnail=\"https:\/\/cedt.hu\/wp-content\/uploads\/2017\/02\/bg_62-300x200.jpg\" data-width=\"300\" data-height=\"200\" aria-label=\"\" role=\"img\" ><\/div>\n\t\t\t\t\t\t\t\t\t\t\t<div class=\"elementor-gallery-item__overlay\"><\/div>\n\t\t\t\t\t\t\t\t\t\t\t\t\t\t<\/a>\n\t\t\t\t\t\t\t<a class=\"e-gallery-item elementor-gallery-item elementor-animated-content\" href=\"https:\/\/cedt.hu\/wp-content\/uploads\/2017\/02\/pic_62.jpg\" data-elementor-open-lightbox=\"yes\" data-elementor-lightbox-slideshow=\"6557c66e\" data-elementor-lightbox-title=\"pic_62\" data-e-action-hash=\"#elementor-action%3Aaction%3Dlightbox%26settings%3DeyJpZCI6MTg1NCwidXJsIjoiaHR0cHM6XC9cL2NlZHQuaHVcL3dwLWNvbnRlbnRcL3VwbG9hZHNcLzIwMTdcLzAyXC9waWNfNjIuanBnIiwic2xpZGVzaG93IjoiNjU1N2M2NmUifQ%3D%3D\">\n\t\t\t\t\t<div class=\"e-gallery-image elementor-gallery-item__image\" data-thumbnail=\"https:\/\/cedt.hu\/wp-content\/uploads\/2017\/02\/pic_62-202x300.jpg\" data-width=\"202\" data-height=\"300\" aria-label=\"\" role=\"img\" ><\/div>\n\t\t\t\t\t\t\t\t\t\t\t<div class=\"elementor-gallery-item__overlay\"><\/div>\n\t\t\t\t\t\t\t\t\t\t\t\t\t\t<\/a>\n\t\t\t\t\t\t\t<a class=\"e-gallery-item elementor-gallery-item elementor-animated-content\" href=\"https:\/\/cedt.hu\/wp-content\/uploads\/2017\/02\/foto_999.jpg\" data-elementor-open-lightbox=\"yes\" data-elementor-lightbox-slideshow=\"6557c66e\" data-elementor-lightbox-title=\"foto_999\" data-elementor-lightbox-description=\"Dusa G\u00e1bor \/ Dusa G\u00e1bor\" data-e-action-hash=\"#elementor-action%3Aaction%3Dlightbox%26settings%3DeyJpZCI6MTg1NSwidXJsIjoiaHR0cHM6XC9cL2NlZHQuaHVcL3dwLWNvbnRlbnRcL3VwbG9hZHNcLzIwMTdcLzAyXC9mb3RvXzk5OS5qcGciLCJzbGlkZXNob3ciOiI2NTU3YzY2ZSJ9\">\n\t\t\t\t\t<div class=\"e-gallery-image elementor-gallery-item__image\" data-thumbnail=\"https:\/\/cedt.hu\/wp-content\/uploads\/2017\/02\/foto_999-300x200.jpg\" data-width=\"300\" data-height=\"200\" aria-label=\"\" role=\"img\" ><\/div>\n\t\t\t\t\t\t\t\t\t\t\t<div class=\"elementor-gallery-item__overlay\"><\/div>\n\t\t\t\t\t\t\t\t\t\t\t\t\t\t<\/a>\n\t\t\t\t\t<\/div>\n\t\t\t\t\t<\/div>\n\t\t\t\t<\/div>\n\t\t\t\t<div class=\"elementor-element elementor-element-417c8f65 elementor-widget elementor-widget-heading\" data-id=\"417c8f65\" data-element_type=\"widget\" data-e-type=\"widget\" data-widget_type=\"heading.default\">\n\t\t\t\t<div class=\"elementor-widget-container\">\n\t\t\t\t\t<h2 class=\"elementor-heading-title elementor-size-default\">Related Press Releases<\/h2>\t\t\t\t<\/div>\n\t\t\t\t<\/div>\n\t\t\t\t<div class=\"elementor-element elementor-element-3af4835a elementor-widget-divider--view-line elementor-widget elementor-widget-divider\" data-id=\"3af4835a\" data-element_type=\"widget\" data-e-type=\"widget\" data-widget_type=\"divider.default\">\n\t\t\t\t<div class=\"elementor-widget-container\">\n\t\t\t\t\t\t\t<div class=\"elementor-divider\">\n\t\t\t<span class=\"elementor-divider-separator\">\n\t\t\t\t\t\t<\/span>\n\t\t<\/div>\n\t\t\t\t\t\t<\/div>\n\t\t\t\t<\/div>\n\t\t\t\t<div class=\"elementor-element elementor-element-3180fad5 elementor-widget elementor-widget-text-editor\" data-id=\"3180fad5\" data-element_type=\"widget\" data-e-type=\"widget\" data-widget_type=\"text-editor.default\">\n\t\t\t\t<div class=\"elementor-widget-container\">\n\t\t\t\t\t\t\t\t\t<div class=\"pressauthor\"><div class=\"pressauthor\"><div class=\"pressauthor\">Csaba Kutszegi:\u00a0<a href=\"http:\/\/www.tanckritika.hu\/index.php?option=com_content&amp;view=article&amp;id=659:kutszegi-csaba-a-fuegges-fazisaban&amp;catid=5:jegyzet&amp;Itemid=4\">A f\u00fcgg\u00e9s f\u00e1zis\u00e1ban\u00a0 <\/a>(t\u00e1nckritika.hu) <span style=\"font-family: -apple-system, BlinkMacSystemFont, 'Segoe UI', Roboto, 'Helvetica Neue', Arial, 'Noto Sans', sans-serif, 'Apple Color Emoji', 'Segoe UI Emoji', 'Segoe UI Symbol', 'Noto Color Emoji';\">&#8211; 03\/10\/2014 <\/span><span style=\"font-family: -apple-system, BlinkMacSystemFont, 'Segoe UI', Roboto, 'Helvetica Neue', Arial, 'Noto Sans', sans-serif, 'Apple Color Emoji', 'Segoe UI Emoji', 'Segoe UI Symbol', 'Noto Color Emoji';\">\u201eMindegy is, hogy ki mit mivel keresztez, a l\u00e9nyeg az, hogy tudjon koreograf\u00e1lni, \u00e9s legyen k\u00f6zl\u00e9sre \u00e9rdemes v\u00e9lem\u00e9nye a vil\u00e1gr\u00f3l (azokat az \u00f3sdi fogalmakat, hogy \u201emondanival\u00f3\u201d, \u201e\u00fczenet\u201d m\u00e1r nem merem haszn\u00e1lni). Az biztos, hogy \u00dajsz\u00e1szi tud koreograf\u00e1lni. Tud t\u00e9rform\u00e1ban gondolkodni, sz\u00f3lisztikus \u00e9s csoportjelenetekkel oper\u00e1l, magabiztosan ellenpontoz hangulatban, mozdulatban egyar\u00e1nt, a t\u00e1ncosok test\u00e9vel (vagy ink\u00e1bb: test\u00e9n) \u00fcgyesen j\u00e1tszik: a fegyelmezett, t\u00e1rsast\u00e1ncos alapokat l\u00e1tv\u00e1nyosan d\u00edsz\u00edti, d\u00fas\u00edtja, bolond\u00edtja minden k\u00f6t\u00f6tts\u00e9gt\u0151l mentes kort\u00e1rst\u00e1nc-elemekkel \u00e9s -gesztusokkal. Ez ut\u00f3bbi j\u00e1t\u00e9kra m\u00e9g r\u00e1 is j\u00e1tszik: tudniillik tartalmas, l\u00e9lekvez\u00e9relte t\u00e1nc ott \u00e9s akkor mutatkozik, amikor a t\u00e1ncos (professzionalizmusb\u00f3l vagy kedvtel\u00e9sb\u0151l) ki akar t\u00f6rni a t\u00e1nc el\u0151\u00edrt szab\u00e1lyai al\u00f3l, mik\u00f6zben be is akarja tartani azokat. Mert a l\u00e9lek sz\u00e1rnyalni akar, a testnek meg korl\u00e1tai vannak \u2013 tal\u00e1n \u00f6sszesen ennyi a l\u00e9nyege minden t\u00e1ncnak (meg az \u00e9letnek is, de ne filozof\u00e1ljunk\u2026).\u201d<\/span><\/div><\/div><\/div>\t\t\t\t\t\t\t\t<\/div>\n\t\t\t\t<\/div>\n\t\t\t\t\t<\/div>\n\t\t<\/div>\n\t\t\t\t\t<\/div>\n\t\t<\/section>\n\t\t\t\t<\/div>","protected":false},"excerpt":{"rendered":"<p>Ujsz\u00e1szi Dorottya a Gy\u0151ri T\u00e1nc- \u00e9s K\u00e9pz\u0151m\u0171v\u00e9szeti Iskol\u00e1j\u00e1t szakmai N\u00edv\u00f3-d\u00edjjal v\u00e9gzi. Budapest T\u00e1ncsz\u00ednh\u00e1z, PR-Evolution, Inverse Dance, Badora T\u00e1rsulat, \u00e9s a Magyar Nemzeti Balett modern estjeiben szerepel. Jardin d\u2019Europe \u00e9s t\u00f6bbsz\u00f6r\u00f6s F\u00fcl\u00f6p-Viktor \u00f6szt\u00f6nd\u00edjas. K\u00fclf\u00f6ld\u00f6n Hubert Essakow Dance (UK), Quan Bui Ngoch, \u2013 Les Ballet C de la B t\u00e1ncos\u00e1nak \u2013 \u20183art3 Company\u2019 (CH) darabjaiban t\u00e1ncol. Ranglista [&hellip;]<\/p>\n","protected":false},"author":1,"featured_media":0,"parent":0,"menu_order":0,"comment_status":"closed","ping_status":"closed","template":"elementor_header_footer","meta":{"footnotes":""},"class_list":["post-18822","page","type-page","status-publish","hentry"],"_links":{"self":[{"href":"https:\/\/cedt.hu\/en\/wp-json\/wp\/v2\/pages\/18822","targetHints":{"allow":["GET"]}}],"collection":[{"href":"https:\/\/cedt.hu\/en\/wp-json\/wp\/v2\/pages"}],"about":[{"href":"https:\/\/cedt.hu\/en\/wp-json\/wp\/v2\/types\/page"}],"author":[{"embeddable":true,"href":"https:\/\/cedt.hu\/en\/wp-json\/wp\/v2\/users\/1"}],"replies":[{"embeddable":true,"href":"https:\/\/cedt.hu\/en\/wp-json\/wp\/v2\/comments?post=18822"}],"version-history":[{"count":0,"href":"https:\/\/cedt.hu\/en\/wp-json\/wp\/v2\/pages\/18822\/revisions"}],"wp:attachment":[{"href":"https:\/\/cedt.hu\/en\/wp-json\/wp\/v2\/media?parent=18822"}],"curies":[{"name":"wp","href":"https:\/\/api.w.org\/{rel}","templated":true}]}}