{"id":18704,"date":"2025-05-15T17:30:53","date_gmt":"2025-05-15T17:30:53","guid":{"rendered":"https:\/\/cedthu.rwpstaging.site\/?page_id=18704"},"modified":"2025-05-15T17:31:25","modified_gmt":"2025-05-15T17:31:25","slug":"ix-ikf-tehetsegprogram-szamosi-judit","status":"publish","type":"page","link":"https:\/\/cedt.hu\/en\/ix-ikf-tehetsegprogram-szamosi-judit\/","title":{"rendered":"IX IKF Talent Programme - Judit Szamosi"},"content":{"rendered":"<div data-elementor-type=\"wp-page\" data-elementor-id=\"18704\" class=\"elementor elementor-18704\" data-elementor-post-type=\"page\">\n\t\t\t\t\t\t<section class=\"elementor-section elementor-top-section elementor-element elementor-element-78846129 elementor-section-boxed elementor-section-height-default elementor-section-height-default\" data-id=\"78846129\" data-element_type=\"section\" data-e-type=\"section\" data-settings=\"{&quot;background_background&quot;:&quot;classic&quot;}\">\n\t\t\t\t\t\t<div class=\"elementor-container elementor-column-gap-default\">\n\t\t\t\t\t<div class=\"elementor-column elementor-col-100 elementor-top-column elementor-element elementor-element-18a69553\" data-id=\"18a69553\" data-element_type=\"column\" data-e-type=\"column\">\n\t\t\t<div class=\"elementor-widget-wrap elementor-element-populated\">\n\t\t\t\t\t\t<div class=\"elementor-element elementor-element-61c4dafb elementor-widget elementor-widget-image\" data-id=\"61c4dafb\" data-element_type=\"widget\" data-e-type=\"widget\" data-widget_type=\"image.default\">\n\t\t\t\t<div class=\"elementor-widget-container\">\n\t\t\t\t\t\t\t\t\t\t\t\t\t\t\t<img fetchpriority=\"high\" decoding=\"async\" width=\"300\" height=\"278\" src=\"https:\/\/cedt.hu\/wp-content\/uploads\/2017\/02\/pic_71-1.jpg\" class=\"attachment-full size-full wp-image-4319\" alt=\"\" srcset=\"https:\/\/cedt.hu\/wp-content\/uploads\/2017\/02\/pic_71-1.jpg 300w, https:\/\/cedt.hu\/wp-content\/uploads\/2017\/02\/pic_71-1-20x20.jpg 20w\" sizes=\"(max-width: 300px) 100vw, 300px\" \/>\t\t\t\t\t\t\t\t\t\t\t\t\t\t\t<\/div>\n\t\t\t\t<\/div>\n\t\t\t\t<div class=\"elementor-element elementor-element-705a6dc4 elementor-widget elementor-widget-text-editor\" data-id=\"705a6dc4\" data-element_type=\"widget\" data-e-type=\"widget\" data-widget_type=\"text-editor.default\">\n\t\t\t\t<div class=\"elementor-widget-container\">\n\t\t\t\t\t\t\t\t\t<div class=\"x11i5rnm xat24cr x1mh8g0r x1vvkbs xtlvy1s\"><div class=\"show-description\"><p>Szamosi Judit 2013-ban v\u00e9gzett a Magyar T\u00e1ncm\u0171v\u00e9szeti F\u0151sikol\u00e1n, egy \u00f6szt\u00f6nd\u00edjnak k\u00f6sz\u00f6nhet\u0151en a Ponderosa Tanzland gyakornoki programj\u00e1ban is r\u00e9szt vett. Mi ketten vagyunk c\u00edm\u0171 alkot\u00e1sa a 2014-es Sz\u00f3l\u00f3Du\u00f3 Fesztiv\u00e1l k\u00f6z\u00f6ns\u00e9gd\u00edjasa volt.<\/p><p>\u201eAzt tapasztalom, hogy a mozg\u00e1s benn\u00fcnk emberekben \u00f6sz\u00f6n\u00f6sen \u00e9l. Nem tudunk nem mozogni. Nem mi j\u00e1rjuk a t\u00e1ncot, hanem a t\u00e1nc j\u00e1r minket\u2026 Sokszor mindez an\u00e9lk\u00fcl t\u00f6rt\u00e9nik, hogy ennek tudat\u00e1ban lenn\u00e9nk. Az \u00e9n \u00e9rtelmez\u00e9sembern ez a benn\u00fcnnk \u00e9l\u0151 mozg\u00e1s maga a testbesz\u00e9d, mely nem tesz k\u00fcl\u00f6nbs\u00e9get k\u00f6zt\u00fcnk: nemt\u0151l, kult\u00far\u00e1t\u00f3l, szoci\u00e1lis h\u00e1tt\u00e9rt\u0151l, vall\u00e1st\u00f3l f\u00fcggetlen\u00fcl mindny\u00e1junkat \u00e1tmozgat nap mint nap.<br \/>Szeretn\u00e9m jobban meg\u00e9rteni, mi k\u00f6t \u00f6ssze minket emberi l\u00e9nyeket ezen a non-verb\u00e1lis szinten. A testbesz\u00e9d vil\u00e1g\u00e1nak m\u00e9lyebb megismer\u00e9se, kutat\u00e1sa \u00e1ltal szeretn\u00e9m megtal\u00e1lni a mozdulatok m\u00f6g\u00f6tti f\u0151 motiv\u00e1ci\u00f3t. Leny\u0171g\u00f6z\u0151nek \u00e9s inspir\u00e1l\u00f3nak tal\u00e1lom, hogy ez a t\u00e1nc ak\u00e1r tudunk r\u00f3la, ak\u00e1r nem benn\u00fcnk \u00e9l.\u201d (Szamosi Judit)<\/p><p><br \/>A Nemzeti Kultur\u00e1lis Alap Imre Zolt\u00e1n Program t\u00e1mogat\u00e1s\u00e1val.<\/p><p>\u00a0<\/p><\/div><\/div>\t\t\t\t\t\t\t\t<\/div>\n\t\t\t\t<\/div>\n\t\t\t\t<div class=\"elementor-element elementor-element-180bc47f elementor-widget elementor-widget-heading\" data-id=\"180bc47f\" data-element_type=\"widget\" data-e-type=\"widget\" data-widget_type=\"heading.default\">\n\t\t\t\t<div class=\"elementor-widget-container\">\n\t\t\t\t\t<h2 class=\"elementor-heading-title elementor-size-default\">creators<\/h2>\t\t\t\t<\/div>\n\t\t\t\t<\/div>\n\t\t\t\t<div class=\"elementor-element elementor-element-444c2de4 elementor-widget-divider--view-line elementor-widget elementor-widget-divider\" data-id=\"444c2de4\" data-element_type=\"widget\" data-e-type=\"widget\" data-widget_type=\"divider.default\">\n\t\t\t\t<div class=\"elementor-widget-container\">\n\t\t\t\t\t\t\t<div class=\"elementor-divider\">\n\t\t\t<span class=\"elementor-divider-separator\">\n\t\t\t\t\t\t<\/span>\n\t\t<\/div>\n\t\t\t\t\t\t<\/div>\n\t\t\t\t<\/div>\n\t\t\t\t<div class=\"elementor-element elementor-element-358c0fc9 elementor-widget elementor-widget-text-editor\" data-id=\"358c0fc9\" data-element_type=\"widget\" data-e-type=\"widget\" data-widget_type=\"text-editor.default\">\n\t\t\t\t<div class=\"elementor-widget-container\">\n\t\t\t\t\t\t\t\t\t<div class=\"show-actors\"><div id=\"nested-actors\"><div class=\"show-actors\"><div id=\"nested-actors\"><div class=\"show-actors\"><div id=\"nested-actors\"><div><h3>Choreographer<\/h3><ul><li>Szamosi Judit<\/li><\/ul><\/div><div><h3>Light<\/h3><ul><li>Zolt\u00e1n Fogarasi<\/li><\/ul><\/div><div><h3>El\u0151ad\u00e1s<\/h3><ul><li>Zsanett Jakab<\/li><li>Mariann Hargitai<\/li><li>Adrienn Horv\u00e1th<\/li><li>G\u00e1bor Ivanov<\/li><li>Kov\u00e1cs P\u00e9ter<\/li><li>L\u00e1szl\u00f3 M\u00e1di<\/li><li>Szab\u00f3 Andr\u00e1s<\/li><li>Weringer Dalma<\/li><\/ul><\/div><\/div><\/div><div class=\"show-images\"><div class=\"row no-margin\"><div class=\"col-md-12 no-padding\">\u00a0<\/div><\/div><\/div><\/div><\/div><\/div><\/div>\t\t\t\t\t\t\t\t<\/div>\n\t\t\t\t<\/div>\n\t\t\t\t<div class=\"elementor-element elementor-element-436a8e84 elementor-widget elementor-widget-heading\" data-id=\"436a8e84\" data-element_type=\"widget\" data-e-type=\"widget\" data-widget_type=\"heading.default\">\n\t\t\t\t<div class=\"elementor-widget-container\">\n\t\t\t\t\t<h2 class=\"elementor-heading-title elementor-size-default\">IX IKF Talent Programme - Judit Szamosi<\/h2>\t\t\t\t<\/div>\n\t\t\t\t<\/div>\n\t\t\t\t<div class=\"elementor-element elementor-element-613428af elementor-widget elementor-widget-gallery\" data-id=\"613428af\" data-element_type=\"widget\" data-e-type=\"widget\" data-settings=\"{&quot;columns&quot;:3,&quot;lazyload&quot;:&quot;yes&quot;,&quot;gallery_layout&quot;:&quot;grid&quot;,&quot;columns_tablet&quot;:2,&quot;columns_mobile&quot;:1,&quot;gap&quot;:{&quot;unit&quot;:&quot;px&quot;,&quot;size&quot;:10,&quot;sizes&quot;:[]},&quot;gap_tablet&quot;:{&quot;unit&quot;:&quot;px&quot;,&quot;size&quot;:10,&quot;sizes&quot;:[]},&quot;gap_mobile&quot;:{&quot;unit&quot;:&quot;px&quot;,&quot;size&quot;:10,&quot;sizes&quot;:[]},&quot;link_to&quot;:&quot;file&quot;,&quot;aspect_ratio&quot;:&quot;3:2&quot;,&quot;overlay_background&quot;:&quot;yes&quot;,&quot;content_hover_animation&quot;:&quot;fade-in&quot;}\" data-widget_type=\"gallery.default\">\n\t\t\t\t<div class=\"elementor-widget-container\">\n\t\t\t\t\t\t\t<div class=\"elementor-gallery__container\">\n\t\t\t\t\t\t\t<a class=\"e-gallery-item elementor-gallery-item elementor-animated-content\" href=\"https:\/\/cedt.hu\/wp-content\/uploads\/2017\/02\/IKF_szj_foto_Dusa_G\u00e1bor-2.jpg\" data-elementor-open-lightbox=\"yes\" data-elementor-lightbox-slideshow=\"613428af\" data-elementor-lightbox-title=\"IKF_szj_foto_Dusa_G\u00e1bor (2)\" data-e-action-hash=\"#elementor-action%3Aaction%3Dlightbox%26settings%3DeyJpZCI6NTI0MywidXJsIjoiaHR0cHM6XC9cL2NlZHQuaHVcL3dwLWNvbnRlbnRcL3VwbG9hZHNcLzIwMTdcLzAyXC9JS0Zfc3pqX2ZvdG9fRHVzYV9HXHUwMGUxYm9yLTIuanBnIiwic2xpZGVzaG93IjoiNjEzNDI4YWYifQ%3D%3D\">\n\t\t\t\t\t<div class=\"e-gallery-image elementor-gallery-item__image\" data-thumbnail=\"https:\/\/cedt.hu\/wp-content\/uploads\/2017\/02\/IKF_szj_foto_Dusa_G\u00e1bor-2-300x200.jpg\" data-width=\"300\" data-height=\"200\" aria-label=\"\" role=\"img\" ><\/div>\n\t\t\t\t\t\t\t\t\t\t\t<div class=\"elementor-gallery-item__overlay\"><\/div>\n\t\t\t\t\t\t\t\t\t\t\t\t\t\t<\/a>\n\t\t\t\t\t\t\t<a class=\"e-gallery-item elementor-gallery-item elementor-animated-content\" href=\"https:\/\/cedt.hu\/wp-content\/uploads\/2017\/02\/IKF_szj_foto_Dusa_G\u00e1bor-6-scaled.jpg\" data-elementor-open-lightbox=\"yes\" data-elementor-lightbox-slideshow=\"613428af\" data-elementor-lightbox-title=\"IKF_szj_foto_Dusa_G\u00e1bor (6)\" data-e-action-hash=\"#elementor-action%3Aaction%3Dlightbox%26settings%3DeyJpZCI6NTI0NiwidXJsIjoiaHR0cHM6XC9cL2NlZHQuaHVcL3dwLWNvbnRlbnRcL3VwbG9hZHNcLzIwMTdcLzAyXC9JS0Zfc3pqX2ZvdG9fRHVzYV9HXHUwMGUxYm9yLTYtc2NhbGVkLmpwZyIsInNsaWRlc2hvdyI6IjYxMzQyOGFmIn0%3D\">\n\t\t\t\t\t<div class=\"e-gallery-image elementor-gallery-item__image\" data-thumbnail=\"https:\/\/cedt.hu\/wp-content\/uploads\/2017\/02\/IKF_szj_foto_Dusa_G\u00e1bor-6-300x150.jpg\" data-width=\"300\" data-height=\"150\" aria-label=\"\" role=\"img\" ><\/div>\n\t\t\t\t\t\t\t\t\t\t\t<div class=\"elementor-gallery-item__overlay\"><\/div>\n\t\t\t\t\t\t\t\t\t\t\t\t\t\t<\/a>\n\t\t\t\t\t\t\t<a class=\"e-gallery-item elementor-gallery-item elementor-animated-content\" href=\"https:\/\/cedt.hu\/wp-content\/uploads\/2017\/02\/IKF_szj_foto_Dusa_G\u00e1bor-8.jpg\" data-elementor-open-lightbox=\"yes\" data-elementor-lightbox-slideshow=\"613428af\" data-elementor-lightbox-title=\"IKF_szj_foto_Dusa_G\u00e1bor (8)\" data-e-action-hash=\"#elementor-action%3Aaction%3Dlightbox%26settings%3DeyJpZCI6NTI0NywidXJsIjoiaHR0cHM6XC9cL2NlZHQuaHVcL3dwLWNvbnRlbnRcL3VwbG9hZHNcLzIwMTdcLzAyXC9JS0Zfc3pqX2ZvdG9fRHVzYV9HXHUwMGUxYm9yLTguanBnIiwic2xpZGVzaG93IjoiNjEzNDI4YWYifQ%3D%3D\">\n\t\t\t\t\t<div class=\"e-gallery-image elementor-gallery-item__image\" data-thumbnail=\"https:\/\/cedt.hu\/wp-content\/uploads\/2017\/02\/IKF_szj_foto_Dusa_G\u00e1bor-8-300x200.jpg\" data-width=\"300\" data-height=\"200\" aria-label=\"\" role=\"img\" ><\/div>\n\t\t\t\t\t\t\t\t\t\t\t<div class=\"elementor-gallery-item__overlay\"><\/div>\n\t\t\t\t\t\t\t\t\t\t\t\t\t\t<\/a>\n\t\t\t\t\t<\/div>\n\t\t\t\t\t<\/div>\n\t\t\t\t<\/div>\n\t\t\t\t\t<\/div>\n\t\t<\/div>\n\t\t\t\t\t<\/div>\n\t\t<\/section>\n\t\t\t\t<\/div>","protected":false},"excerpt":{"rendered":"<p>Szamosi Judit 2013-ban v\u00e9gzett a Magyar T\u00e1ncm\u0171v\u00e9szeti F\u0151sikol\u00e1n, egy \u00f6szt\u00f6nd\u00edjnak k\u00f6sz\u00f6nhet\u0151en a Ponderosa Tanzland gyakornoki programj\u00e1ban is r\u00e9szt vett. Mi ketten vagyunk c\u00edm\u0171 alkot\u00e1sa a 2014-es Sz\u00f3l\u00f3Du\u00f3 Fesztiv\u00e1l k\u00f6z\u00f6ns\u00e9gd\u00edjasa volt. \u201eAzt tapasztalom, hogy a mozg\u00e1s benn\u00fcnk emberekben \u00f6sz\u00f6n\u00f6sen \u00e9l. Nem tudunk nem mozogni. Nem mi j\u00e1rjuk a t\u00e1ncot, hanem a t\u00e1nc j\u00e1r minket\u2026 Sokszor mindez [&hellip;]<\/p>\n","protected":false},"author":1,"featured_media":0,"parent":0,"menu_order":0,"comment_status":"closed","ping_status":"closed","template":"elementor_header_footer","meta":{"footnotes":""},"class_list":["post-18704","page","type-page","status-publish","hentry"],"_links":{"self":[{"href":"https:\/\/cedt.hu\/en\/wp-json\/wp\/v2\/pages\/18704","targetHints":{"allow":["GET"]}}],"collection":[{"href":"https:\/\/cedt.hu\/en\/wp-json\/wp\/v2\/pages"}],"about":[{"href":"https:\/\/cedt.hu\/en\/wp-json\/wp\/v2\/types\/page"}],"author":[{"embeddable":true,"href":"https:\/\/cedt.hu\/en\/wp-json\/wp\/v2\/users\/1"}],"replies":[{"embeddable":true,"href":"https:\/\/cedt.hu\/en\/wp-json\/wp\/v2\/comments?post=18704"}],"version-history":[{"count":0,"href":"https:\/\/cedt.hu\/en\/wp-json\/wp\/v2\/pages\/18704\/revisions"}],"wp:attachment":[{"href":"https:\/\/cedt.hu\/en\/wp-json\/wp\/v2\/media?parent=18704"}],"curies":[{"name":"wp","href":"https:\/\/api.w.org\/{rel}","templated":true}]}}