{"id":18673,"date":"2025-05-15T17:25:56","date_gmt":"2025-05-15T17:25:56","guid":{"rendered":"https:\/\/cedthu.rwpstaging.site\/?page_id=18673"},"modified":"2025-05-15T17:28:18","modified_gmt":"2025-05-15T17:28:18","slug":"x-ikf-tehetsegprogram-kiss-aniko","status":"publish","type":"page","link":"https:\/\/cedt.hu\/en\/x-ikf-tehetsegprogram-kiss-aniko\/","title":{"rendered":"X IKF Talent Programme -Kiss Anik\u00f3"},"content":{"rendered":"<div data-elementor-type=\"wp-page\" data-elementor-id=\"18673\" class=\"elementor elementor-18673\" data-elementor-post-type=\"page\">\n\t\t\t\t\t\t<section class=\"elementor-section elementor-top-section elementor-element elementor-element-11105827 elementor-section-boxed elementor-section-height-default elementor-section-height-default\" data-id=\"11105827\" data-element_type=\"section\" data-e-type=\"section\" data-settings=\"{&quot;background_background&quot;:&quot;classic&quot;}\">\n\t\t\t\t\t\t<div class=\"elementor-container elementor-column-gap-default\">\n\t\t\t\t\t<div class=\"elementor-column elementor-col-100 elementor-top-column elementor-element elementor-element-60d58983\" data-id=\"60d58983\" data-element_type=\"column\" data-e-type=\"column\">\n\t\t\t<div class=\"elementor-widget-wrap elementor-element-populated\">\n\t\t\t\t\t\t<div class=\"elementor-element elementor-element-629864ee elementor-widget elementor-widget-image\" data-id=\"629864ee\" data-element_type=\"widget\" data-e-type=\"widget\" data-widget_type=\"image.default\">\n\t\t\t\t<div class=\"elementor-widget-container\">\n\t\t\t\t\t\t\t\t\t\t\t\t\t\t\t<img fetchpriority=\"high\" decoding=\"async\" width=\"720\" height=\"720\" src=\"https:\/\/cedt.hu\/wp-content\/uploads\/2017\/02\/kiss-anik\u00f3-Fot\u00f3_Fut\u00e1r-Enik\u0151.jpg\" class=\"attachment-full size-full wp-image-4316\" alt=\"\" srcset=\"https:\/\/cedt.hu\/wp-content\/uploads\/2017\/02\/kiss-anik\u00f3-Fot\u00f3_Fut\u00e1r-Enik\u0151.jpg 720w, https:\/\/cedt.hu\/wp-content\/uploads\/2017\/02\/kiss-anik\u00f3-Fot\u00f3_Fut\u00e1r-Enik\u0151-300x300.jpg 300w, https:\/\/cedt.hu\/wp-content\/uploads\/2017\/02\/kiss-anik\u00f3-Fot\u00f3_Fut\u00e1r-Enik\u0151-150x150.jpg 150w, https:\/\/cedt.hu\/wp-content\/uploads\/2017\/02\/kiss-anik\u00f3-Fot\u00f3_Fut\u00e1r-Enik\u0151-400x400.jpg 400w, https:\/\/cedt.hu\/wp-content\/uploads\/2017\/02\/kiss-anik\u00f3-Fot\u00f3_Fut\u00e1r-Enik\u0151-20x20.jpg 20w\" sizes=\"(max-width: 720px) 100vw, 720px\" \/>\t\t\t\t\t\t\t\t\t\t\t\t\t\t\t<\/div>\n\t\t\t\t<\/div>\n\t\t\t\t<div class=\"elementor-element elementor-element-2340df70 elementor-widget elementor-widget-text-editor\" data-id=\"2340df70\" data-element_type=\"widget\" data-e-type=\"widget\" data-widget_type=\"text-editor.default\">\n\t\t\t\t<div class=\"elementor-widget-container\">\n\t\t\t\t\t\t\t\t\t<div class=\"x11i5rnm xat24cr x1mh8g0r x1vvkbs xtlvy1s\"><div class=\"show-description\"><p>Kaz\u00e1r sz\u00f3t\u00e1r<\/p><p>A 2013-ban indult tehets\u00e9gkutat\u00f3 program els\u0151dleges c\u00e9lja a koreogr\u00e1fusi ut\u00e1np\u00f3tl\u00e1s lehet\u0151s\u00e9geinek jav\u00edt\u00e1sa, a fiatal koreogr\u00e1fusok helyzetbehoz\u00e1sa. Az IKF ny\u00edlt p\u00e1ly\u00e1zat\u00e1n fiatal koreogr\u00e1fusok kapnak lehet\u0151s\u00e9get az alkot\u00e1sra. A nyertesek egy h\u00e9tig dolgozhatnak a KET t\u00e1ncosaival, a h\u00e9t v\u00e9g\u00e9n pedig nyilv\u00e1nos bemutat\u00f3t, demonstr\u00e1ci\u00f3t tartanak sz\u00ednh\u00e1zi k\u00f6r\u00fclm\u00e9nyek k\u00f6z\u00f6tt. Ez alkalommal Kiss Anik\u00f3 munk\u00e1j\u00e1t mutatj\u00e1k be a KET t\u00e1ncm\u0171v\u00e9szei.<\/p><p>Az el\u0151ad\u00e1s kiindul\u00f3pontja Milorad Pavi\u0107 Kaz\u00e1r sz\u00f3t\u00e1r c\u00edm\u0171 reg\u00e9nye, amely a kaz\u00e1r n\u00e9p t\u00f6rt\u00e9net\u00e9t vizsg\u00e1lja h\u00e1rom k\u00fcl\u00f6nb\u00f6z\u0151 aspektusb\u00f3l kereszt\u00e9ny, iszl\u00e1m \u00e9s h\u00e9ber forr\u00e1sok felhaszn\u00e1l\u00e1s\u00e1val. A t\u00f6rt\u00e9net szerepl\u0151i egy\u00fattal kulcsfigur\u00e1i is a kaz\u00e1r k\u00e9rd\u00e9s megvitat\u00e1s\u00e1nak, ami val\u00f3j\u00e1ban csup\u00e1n aprop\u00f3k\u00e9nt szolg\u00e1l arra, hogy \u00e9szrevegy\u00fck, a h\u00e1rom vall\u00e1s k\u00e9pvisel\u0151i mennyire m\u00e1sk\u00e9nt \u00e9rtelmezik, magyar\u00e1zz\u00e1k ugyanazt a m\u00faltbeli t\u00f6rt\u00e9n\u00e9st. Kinek van igaza, egy\u00e1ltal\u00e1n mi az igazs\u00e1g?<br \/>Az el\u0151ad\u00e1s \u2013 a reg\u00e9nyhez hasonl\u00f3an \u2013 arra k\u00edv\u00e1nja \u00f6szt\u00f6n\u00f6zni a n\u00e9z\u0151t, hogy keresse meg a saj\u00e1t, egy\u00e9ni olvasat\u00e1t, v\u00e1lassza ki a saj\u00e1t verzi\u00f3j\u00e1t, haszn\u00e1lja a fant\u00e1zi\u00e1j\u00e1t, \u00e9s mindenekel\u0151tt szabadon asszoci\u00e1ljon.<br \/>A reg\u00e9nyb\u0151l kiragadott, mont\u00e1zsszer\u0171en \u00f6sszeszerkesztett jelenetekben\/et\u0171d\u00f6kben a t\u00e1ncosok egy\u00e9ni gondolkod\u00e1sa, mozg\u00e1svil\u00e1ga is fontos szerepet kap.<\/p><p><br \/>A Nemzeti Kultur\u00e1lis Alap Imre Zolt\u00e1n Program t\u00e1mogat\u00e1s\u00e1val.<\/p><\/div><\/div>\t\t\t\t\t\t\t\t<\/div>\n\t\t\t\t<\/div>\n\t\t\t\t<div class=\"elementor-element elementor-element-1e7946e3 elementor-widget elementor-widget-heading\" data-id=\"1e7946e3\" data-element_type=\"widget\" data-e-type=\"widget\" data-widget_type=\"heading.default\">\n\t\t\t\t<div class=\"elementor-widget-container\">\n\t\t\t\t\t<h2 class=\"elementor-heading-title elementor-size-default\">creators<\/h2>\t\t\t\t<\/div>\n\t\t\t\t<\/div>\n\t\t\t\t<div class=\"elementor-element elementor-element-39655b30 elementor-widget-divider--view-line elementor-widget elementor-widget-divider\" data-id=\"39655b30\" data-element_type=\"widget\" data-e-type=\"widget\" data-widget_type=\"divider.default\">\n\t\t\t\t<div class=\"elementor-widget-container\">\n\t\t\t\t\t\t\t<div class=\"elementor-divider\">\n\t\t\t<span class=\"elementor-divider-separator\">\n\t\t\t\t\t\t<\/span>\n\t\t<\/div>\n\t\t\t\t\t\t<\/div>\n\t\t\t\t<\/div>\n\t\t\t\t<div class=\"elementor-element elementor-element-66f47947 elementor-widget elementor-widget-text-editor\" data-id=\"66f47947\" data-element_type=\"widget\" data-e-type=\"widget\" data-widget_type=\"text-editor.default\">\n\t\t\t\t<div class=\"elementor-widget-container\">\n\t\t\t\t\t\t\t\t\t<div class=\"show-actors\"><div id=\"nested-actors\"><div class=\"show-actors\"><div id=\"nested-actors\"><div class=\"show-actors\"><div id=\"nested-actors\"><div><h3>Konzult\u00e1ns<\/h3><ul><li>Kiss Anik\u00f3<\/li><\/ul><\/div><div><h3>Light<\/h3><ul><li>Zolt\u00e1n Fogarasi<\/li><\/ul><\/div><div><h3>Presenters<\/h3><ul><li>Zsanett Jakab<\/li><li>Mariann Hargitai<\/li><li>Adrienn Horv\u00e1th<\/li><li>G\u00e1bor Ivanov<\/li><li>Kov\u00e1cs P\u00e9ter<\/li><li>Szab\u00f3 Andr\u00e1s<\/li><\/ul><\/div><\/div><\/div><div class=\"show-images\"><div class=\"row no-margin\"><div class=\"col-md-12 no-padding\">\u00a0<\/div><\/div><\/div><\/div><\/div><\/div><\/div>\t\t\t\t\t\t\t\t<\/div>\n\t\t\t\t<\/div>\n\t\t\t\t<div class=\"elementor-element elementor-element-8ce33c4 elementor-widget elementor-widget-heading\" data-id=\"8ce33c4\" data-element_type=\"widget\" data-e-type=\"widget\" data-widget_type=\"heading.default\">\n\t\t\t\t<div class=\"elementor-widget-container\">\n\t\t\t\t\t<h2 class=\"elementor-heading-title elementor-size-default\">X IKF Talent Programme -Kiss Anik\u00f3<\/h2>\t\t\t\t<\/div>\n\t\t\t\t<\/div>\n\t\t\t\t<div class=\"elementor-element elementor-element-62b6b91f elementor-widget elementor-widget-gallery\" data-id=\"62b6b91f\" data-element_type=\"widget\" data-e-type=\"widget\" data-settings=\"{&quot;columns&quot;:3,&quot;lazyload&quot;:&quot;yes&quot;,&quot;gallery_layout&quot;:&quot;grid&quot;,&quot;columns_tablet&quot;:2,&quot;columns_mobile&quot;:1,&quot;gap&quot;:{&quot;unit&quot;:&quot;px&quot;,&quot;size&quot;:10,&quot;sizes&quot;:[]},&quot;gap_tablet&quot;:{&quot;unit&quot;:&quot;px&quot;,&quot;size&quot;:10,&quot;sizes&quot;:[]},&quot;gap_mobile&quot;:{&quot;unit&quot;:&quot;px&quot;,&quot;size&quot;:10,&quot;sizes&quot;:[]},&quot;link_to&quot;:&quot;file&quot;,&quot;aspect_ratio&quot;:&quot;3:2&quot;,&quot;overlay_background&quot;:&quot;yes&quot;,&quot;content_hover_animation&quot;:&quot;fade-in&quot;}\" data-widget_type=\"gallery.default\">\n\t\t\t\t<div class=\"elementor-widget-container\">\n\t\t\t\t\t\t\t<div class=\"elementor-gallery__container\">\n\t\t\t\t\t\t\t<a class=\"e-gallery-item elementor-gallery-item elementor-animated-content\" href=\"https:\/\/cedt.hu\/wp-content\/uploads\/2017\/02\/IKF_Kiss_Aniko_foto_Kenyeres_Csilla-8.jpg\" data-elementor-open-lightbox=\"yes\" data-elementor-lightbox-slideshow=\"62b6b91f\" data-elementor-lightbox-title=\"IKF_Kiss_Aniko_foto_Kenyeres_Csilla (8)\" data-e-action-hash=\"#elementor-action%3Aaction%3Dlightbox%26settings%3DeyJpZCI6NTIyMCwidXJsIjoiaHR0cHM6XC9cL2NlZHQuaHVcL3dwLWNvbnRlbnRcL3VwbG9hZHNcLzIwMTdcLzAyXC9JS0ZfS2lzc19Bbmlrb19mb3RvX0tlbnllcmVzX0NzaWxsYS04LmpwZyIsInNsaWRlc2hvdyI6IjYyYjZiOTFmIn0%3D\">\n\t\t\t\t\t<div class=\"e-gallery-image elementor-gallery-item__image\" data-thumbnail=\"https:\/\/cedt.hu\/wp-content\/uploads\/2017\/02\/IKF_Kiss_Aniko_foto_Kenyeres_Csilla-8-300x300.jpg\" data-width=\"300\" data-height=\"300\" aria-label=\"\" role=\"img\" ><\/div>\n\t\t\t\t\t\t\t\t\t\t\t<div class=\"elementor-gallery-item__overlay\"><\/div>\n\t\t\t\t\t\t\t\t\t\t\t\t\t\t<\/a>\n\t\t\t\t\t\t\t<a class=\"e-gallery-item elementor-gallery-item elementor-animated-content\" href=\"https:\/\/cedt.hu\/wp-content\/uploads\/2017\/02\/IKF_Kiss_Aniko_foto_Kenyeres_Csilla-12.jpg\" data-elementor-open-lightbox=\"yes\" data-elementor-lightbox-slideshow=\"62b6b91f\" data-elementor-lightbox-title=\"IKF_Kiss_Aniko_foto_Kenyeres_Csilla (12)\" data-e-action-hash=\"#elementor-action%3Aaction%3Dlightbox%26settings%3DeyJpZCI6NTIyMiwidXJsIjoiaHR0cHM6XC9cL2NlZHQuaHVcL3dwLWNvbnRlbnRcL3VwbG9hZHNcLzIwMTdcLzAyXC9JS0ZfS2lzc19Bbmlrb19mb3RvX0tlbnllcmVzX0NzaWxsYS0xMi5qcGciLCJzbGlkZXNob3ciOiI2MmI2YjkxZiJ9\">\n\t\t\t\t\t<div class=\"e-gallery-image elementor-gallery-item__image\" data-thumbnail=\"https:\/\/cedt.hu\/wp-content\/uploads\/2017\/02\/IKF_Kiss_Aniko_foto_Kenyeres_Csilla-12-300x300.jpg\" data-width=\"300\" data-height=\"300\" aria-label=\"\" role=\"img\" ><\/div>\n\t\t\t\t\t\t\t\t\t\t\t<div class=\"elementor-gallery-item__overlay\"><\/div>\n\t\t\t\t\t\t\t\t\t\t\t\t\t\t<\/a>\n\t\t\t\t\t\t\t<a class=\"e-gallery-item elementor-gallery-item elementor-animated-content\" href=\"https:\/\/cedt.hu\/wp-content\/uploads\/2017\/02\/IKF_Kiss_Anik\u00f3_fot\u00f3_Kenyeres_Csilla-10.jpg\" data-elementor-open-lightbox=\"yes\" data-elementor-lightbox-slideshow=\"62b6b91f\" data-elementor-lightbox-title=\"IKF_Kiss_Anik\u00f3_fot\u00f3_Kenyeres_Csilla (10)\" data-e-action-hash=\"#elementor-action%3Aaction%3Dlightbox%26settings%3DeyJpZCI6NTIyNCwidXJsIjoiaHR0cHM6XC9cL2NlZHQuaHVcL3dwLWNvbnRlbnRcL3VwbG9hZHNcLzIwMTdcLzAyXC9JS0ZfS2lzc19BbmlrXHUwMGYzX2ZvdFx1MDBmM19LZW55ZXJlc19Dc2lsbGEtMTAuanBnIiwic2xpZGVzaG93IjoiNjJiNmI5MWYifQ%3D%3D\">\n\t\t\t\t\t<div class=\"e-gallery-image elementor-gallery-item__image\" data-thumbnail=\"https:\/\/cedt.hu\/wp-content\/uploads\/2017\/02\/IKF_Kiss_Anik\u00f3_fot\u00f3_Kenyeres_Csilla-10-300x169.jpg\" data-width=\"300\" data-height=\"169\" aria-label=\"\" role=\"img\" ><\/div>\n\t\t\t\t\t\t\t\t\t\t\t<div class=\"elementor-gallery-item__overlay\"><\/div>\n\t\t\t\t\t\t\t\t\t\t\t\t\t\t<\/a>\n\t\t\t\t\t<\/div>\n\t\t\t\t\t<\/div>\n\t\t\t\t<\/div>\n\t\t\t\t\t<\/div>\n\t\t<\/div>\n\t\t\t\t\t<\/div>\n\t\t<\/section>\n\t\t\t\t<\/div>","protected":false},"excerpt":{"rendered":"<p>Kaz\u00e1r sz\u00f3t\u00e1r A 2013-ban indult tehets\u00e9gkutat\u00f3 program els\u0151dleges c\u00e9lja a koreogr\u00e1fusi ut\u00e1np\u00f3tl\u00e1s lehet\u0151s\u00e9geinek jav\u00edt\u00e1sa, a fiatal koreogr\u00e1fusok helyzetbehoz\u00e1sa. Az IKF ny\u00edlt p\u00e1ly\u00e1zat\u00e1n fiatal koreogr\u00e1fusok kapnak lehet\u0151s\u00e9get az alkot\u00e1sra. A nyertesek egy h\u00e9tig dolgozhatnak a KET t\u00e1ncosaival, a h\u00e9t v\u00e9g\u00e9n pedig nyilv\u00e1nos bemutat\u00f3t, demonstr\u00e1ci\u00f3t tartanak sz\u00ednh\u00e1zi k\u00f6r\u00fclm\u00e9nyek k\u00f6z\u00f6tt. Ez alkalommal Kiss Anik\u00f3 munk\u00e1j\u00e1t mutatj\u00e1k be a [&hellip;]<\/p>\n","protected":false},"author":1,"featured_media":0,"parent":0,"menu_order":0,"comment_status":"closed","ping_status":"closed","template":"elementor_header_footer","meta":{"footnotes":""},"class_list":["post-18673","page","type-page","status-publish","hentry"],"_links":{"self":[{"href":"https:\/\/cedt.hu\/en\/wp-json\/wp\/v2\/pages\/18673","targetHints":{"allow":["GET"]}}],"collection":[{"href":"https:\/\/cedt.hu\/en\/wp-json\/wp\/v2\/pages"}],"about":[{"href":"https:\/\/cedt.hu\/en\/wp-json\/wp\/v2\/types\/page"}],"author":[{"embeddable":true,"href":"https:\/\/cedt.hu\/en\/wp-json\/wp\/v2\/users\/1"}],"replies":[{"embeddable":true,"href":"https:\/\/cedt.hu\/en\/wp-json\/wp\/v2\/comments?post=18673"}],"version-history":[{"count":0,"href":"https:\/\/cedt.hu\/en\/wp-json\/wp\/v2\/pages\/18673\/revisions"}],"wp:attachment":[{"href":"https:\/\/cedt.hu\/en\/wp-json\/wp\/v2\/media?parent=18673"}],"curies":[{"name":"wp","href":"https:\/\/api.w.org\/{rel}","templated":true}]}}