{"id":18600,"date":"2025-05-15T17:20:44","date_gmt":"2025-05-15T17:20:44","guid":{"rendered":"https:\/\/cedthu.rwpstaging.site\/?page_id=18600"},"modified":"2025-05-15T17:22:50","modified_gmt":"2025-05-15T17:22:50","slug":"xii-ikf-tehetsegprogram-turi-lajos-peter","status":"publish","type":"page","link":"https:\/\/cedt.hu\/en\/xii-ikf-tehetsegprogram-turi-lajos-peter\/","title":{"rendered":"XII IKF Talent Programme - Lajos P\u00e9ter T\u00fari"},"content":{"rendered":"<div data-elementor-type=\"wp-page\" data-elementor-id=\"18600\" class=\"elementor elementor-18600\" data-elementor-post-type=\"page\">\n\t\t\t\t\t\t<section class=\"elementor-section elementor-top-section elementor-element elementor-element-6d8996f5 elementor-section-boxed elementor-section-height-default elementor-section-height-default\" data-id=\"6d8996f5\" data-element_type=\"section\" data-e-type=\"section\" data-settings=\"{&quot;background_background&quot;:&quot;classic&quot;}\">\n\t\t\t\t\t\t<div class=\"elementor-container elementor-column-gap-default\">\n\t\t\t\t\t<div class=\"elementor-column elementor-col-100 elementor-top-column elementor-element elementor-element-1aeb61b\" data-id=\"1aeb61b\" data-element_type=\"column\" data-e-type=\"column\">\n\t\t\t<div class=\"elementor-widget-wrap elementor-element-populated\">\n\t\t\t\t\t\t<div class=\"elementor-element elementor-element-5d5326ec elementor-widget elementor-widget-image\" data-id=\"5d5326ec\" data-element_type=\"widget\" data-e-type=\"widget\" data-widget_type=\"image.default\">\n\t\t\t\t<div class=\"elementor-widget-container\">\n\t\t\t\t\t\t\t\t\t\t\t\t\t\t\t<img fetchpriority=\"high\" decoding=\"async\" width=\"571\" height=\"638\" src=\"https:\/\/cedt.hu\/wp-content\/uploads\/2017\/02\/turi-lajos.jpg\" class=\"attachment-full size-full wp-image-4313\" alt=\"\" srcset=\"https:\/\/cedt.hu\/wp-content\/uploads\/2017\/02\/turi-lajos.jpg 571w, https:\/\/cedt.hu\/wp-content\/uploads\/2017\/02\/turi-lajos-268x300.jpg 268w, https:\/\/cedt.hu\/wp-content\/uploads\/2017\/02\/turi-lajos-358x400.jpg 358w, https:\/\/cedt.hu\/wp-content\/uploads\/2017\/02\/turi-lajos-18x20.jpg 18w\" sizes=\"(max-width: 571px) 100vw, 571px\" \/>\t\t\t\t\t\t\t\t\t\t\t\t\t\t\t<\/div>\n\t\t\t\t<\/div>\n\t\t\t\t<div class=\"elementor-element elementor-element-2c6bca1a elementor-widget elementor-widget-text-editor\" data-id=\"2c6bca1a\" data-element_type=\"widget\" data-e-type=\"widget\" data-widget_type=\"text-editor.default\">\n\t\t\t\t<div class=\"elementor-widget-container\">\n\t\t\t\t\t\t\t\t\t<div class=\"x11i5rnm xat24cr x1mh8g0r x1vvkbs xtlvy1s\"><div class=\"show-description\"><p>777<\/p><p>A darab felfedi \u00e9s megmutatja, milyen egyszer\u0171 is az ember \u00e9s milyen k\u00f6nnyen becsaphatja \u00f6nmag\u00e1t. Fejtegeti azt a dilemm\u00e1t, hogy technokrata vil\u00e1gunkban az emberi \u00e9rt\u00e9kek elveszni l\u00e1tszanak, hogyan v\u00e1lunk f\u00fcgg\u0151v\u00e9 \u00e9s szem\u00e9lytelenn\u00e9. K\u00fcls\u0151s\u00e9gek, hatalmi poz\u00edci\u00f3k, szereph\u00e1l\u00f3k, melyeket mind megtanulunk, \u00e9s mindezeket levetk\u0151zve, mag\u00e1nyunkban j\u00f6v\u00fcnk r\u00e1, hogy csak magunkra sz\u00e1m\u00edthatunk. Erre vil\u00e1g\u00edt r\u00e1 a \u201et\u00f6k\u00e9letes\u201d 777.<\/p><p>\u00a0<\/p><p>A Nemzeti Kultur\u00e1lis Alap Imre Zolt\u00e1n Program t\u00e1mogat\u00e1s\u00e1val.<\/p><p>\u00a0<\/p><\/div><\/div>\t\t\t\t\t\t\t\t<\/div>\n\t\t\t\t<\/div>\n\t\t\t\t<div class=\"elementor-element elementor-element-51d4f6cd elementor-widget elementor-widget-heading\" data-id=\"51d4f6cd\" data-element_type=\"widget\" data-e-type=\"widget\" data-widget_type=\"heading.default\">\n\t\t\t\t<div class=\"elementor-widget-container\">\n\t\t\t\t\t<h2 class=\"elementor-heading-title elementor-size-default\">creators<\/h2>\t\t\t\t<\/div>\n\t\t\t\t<\/div>\n\t\t\t\t<div class=\"elementor-element elementor-element-3b0b19d5 elementor-widget-divider--view-line elementor-widget elementor-widget-divider\" data-id=\"3b0b19d5\" data-element_type=\"widget\" data-e-type=\"widget\" data-widget_type=\"divider.default\">\n\t\t\t\t<div class=\"elementor-widget-container\">\n\t\t\t\t\t\t\t<div class=\"elementor-divider\">\n\t\t\t<span class=\"elementor-divider-separator\">\n\t\t\t\t\t\t<\/span>\n\t\t<\/div>\n\t\t\t\t\t\t<\/div>\n\t\t\t\t<\/div>\n\t\t\t\t<div class=\"elementor-element elementor-element-6a553ecb elementor-widget elementor-widget-text-editor\" data-id=\"6a553ecb\" data-element_type=\"widget\" data-e-type=\"widget\" data-widget_type=\"text-editor.default\">\n\t\t\t\t<div class=\"elementor-widget-container\">\n\t\t\t\t\t\t\t\t\t<div class=\"show-actors\"><div id=\"nested-actors\"><div class=\"show-actors\"><div id=\"nested-actors\"><div class=\"show-actors\"><div id=\"nested-actors\"><div><h3>Choreographer<\/h3><ul><li>T\u00fari Lajos P\u00e9ter<\/li><\/ul><\/div><div><h3>Koreogr\u00e1fus asszisztens<\/h3><ul><li>Hajsz\u00e1n Kitti<\/li><\/ul><\/div><div><h3>Dramaturg<\/h3><ul><li>Kelemen Kriszti\u00e1n<\/li><\/ul><\/div><div><h3>Jelmez, d\u00edszlet<\/h3><ul><li>T\u00fari Lajos P\u00e9ter<\/li><\/ul><\/div><div><h3>Light<\/h3><ul><li>Zolt\u00e1n Fogarasi<\/li><\/ul><\/div><div><h3>Konzult\u00e1ns<\/h3><ul><li>When Attila<\/li><\/ul><\/div><div><h3>Presenters<\/h3><ul><li>Zsanett Jakab<\/li><li>Mariann Hargitai<\/li><li>Adrienn Horv\u00e1th<\/li><li>G\u00e1bor Ivanov<\/li><li>Kov\u00e1cs P\u00e9ter<\/li><li>Csaba M\u00e1ty\u00e1s Nagy<\/li><li>Adrienn Nyeste<\/li><\/ul><\/div><\/div><\/div><div class=\"show-images\"><div class=\"row no-margin\"><div class=\"col-md-12 no-padding\">\u00a0<\/div><\/div><\/div><\/div><\/div><\/div><\/div>\t\t\t\t\t\t\t\t<\/div>\n\t\t\t\t<\/div>\n\t\t\t\t<div class=\"elementor-element elementor-element-25389611 elementor-widget elementor-widget-heading\" data-id=\"25389611\" data-element_type=\"widget\" data-e-type=\"widget\" data-widget_type=\"heading.default\">\n\t\t\t\t<div class=\"elementor-widget-container\">\n\t\t\t\t\t<h2 class=\"elementor-heading-title elementor-size-default\">XII IKF Talent Programme - Lajos P\u00e9ter T\u00fari<\/h2>\t\t\t\t<\/div>\n\t\t\t\t<\/div>\n\t\t\t\t<div class=\"elementor-element elementor-element-2e38cacd elementor-widget elementor-widget-gallery\" data-id=\"2e38cacd\" data-element_type=\"widget\" data-e-type=\"widget\" data-settings=\"{&quot;columns&quot;:3,&quot;lazyload&quot;:&quot;yes&quot;,&quot;gallery_layout&quot;:&quot;grid&quot;,&quot;columns_tablet&quot;:2,&quot;columns_mobile&quot;:1,&quot;gap&quot;:{&quot;unit&quot;:&quot;px&quot;,&quot;size&quot;:10,&quot;sizes&quot;:[]},&quot;gap_tablet&quot;:{&quot;unit&quot;:&quot;px&quot;,&quot;size&quot;:10,&quot;sizes&quot;:[]},&quot;gap_mobile&quot;:{&quot;unit&quot;:&quot;px&quot;,&quot;size&quot;:10,&quot;sizes&quot;:[]},&quot;link_to&quot;:&quot;file&quot;,&quot;aspect_ratio&quot;:&quot;3:2&quot;,&quot;overlay_background&quot;:&quot;yes&quot;,&quot;content_hover_animation&quot;:&quot;fade-in&quot;}\" data-widget_type=\"gallery.default\">\n\t\t\t\t<div class=\"elementor-widget-container\">\n\t\t\t\t\t\t\t<div class=\"elementor-gallery__container\">\n\t\t\t\t\t\t\t<a class=\"e-gallery-item elementor-gallery-item elementor-animated-content\" href=\"https:\/\/cedt.hu\/wp-content\/uploads\/2017\/02\/777_002.jpg\" data-elementor-open-lightbox=\"yes\" data-elementor-lightbox-slideshow=\"2e38cacd\" data-elementor-lightbox-title=\"777_002\" data-e-action-hash=\"#elementor-action%3Aaction%3Dlightbox%26settings%3DeyJpZCI6NTIwNSwidXJsIjoiaHR0cHM6XC9cL2NlZHQuaHVcL3dwLWNvbnRlbnRcL3VwbG9hZHNcLzIwMTdcLzAyXC83NzdfMDAyLmpwZyIsInNsaWRlc2hvdyI6IjJlMzhjYWNkIn0%3D\">\n\t\t\t\t\t<div class=\"e-gallery-image elementor-gallery-item__image\" data-thumbnail=\"https:\/\/cedt.hu\/wp-content\/uploads\/2017\/02\/777_002-216x300.jpg\" data-width=\"216\" data-height=\"300\" aria-label=\"\" role=\"img\" ><\/div>\n\t\t\t\t\t\t\t\t\t\t\t<div class=\"elementor-gallery-item__overlay\"><\/div>\n\t\t\t\t\t\t\t\t\t\t\t\t\t\t<\/a>\n\t\t\t\t\t\t\t<a class=\"e-gallery-item elementor-gallery-item elementor-animated-content\" href=\"https:\/\/cedt.hu\/wp-content\/uploads\/2017\/02\/777_020.jpg\" data-elementor-open-lightbox=\"yes\" data-elementor-lightbox-slideshow=\"2e38cacd\" data-elementor-lightbox-title=\"777_020\" data-e-action-hash=\"#elementor-action%3Aaction%3Dlightbox%26settings%3DeyJpZCI6NTIwNiwidXJsIjoiaHR0cHM6XC9cL2NlZHQuaHVcL3dwLWNvbnRlbnRcL3VwbG9hZHNcLzIwMTdcLzAyXC83NzdfMDIwLmpwZyIsInNsaWRlc2hvdyI6IjJlMzhjYWNkIn0%3D\">\n\t\t\t\t\t<div class=\"e-gallery-image elementor-gallery-item__image\" data-thumbnail=\"https:\/\/cedt.hu\/wp-content\/uploads\/2017\/02\/777_020-300x200.jpg\" data-width=\"300\" data-height=\"200\" aria-label=\"\" role=\"img\" ><\/div>\n\t\t\t\t\t\t\t\t\t\t\t<div class=\"elementor-gallery-item__overlay\"><\/div>\n\t\t\t\t\t\t\t\t\t\t\t\t\t\t<\/a>\n\t\t\t\t\t\t\t<a class=\"e-gallery-item elementor-gallery-item elementor-animated-content\" href=\"https:\/\/cedt.hu\/wp-content\/uploads\/2017\/02\/777_024.jpg\" data-elementor-open-lightbox=\"yes\" data-elementor-lightbox-slideshow=\"2e38cacd\" data-elementor-lightbox-title=\"777_024\" data-e-action-hash=\"#elementor-action%3Aaction%3Dlightbox%26settings%3DeyJpZCI6NTIwOSwidXJsIjoiaHR0cHM6XC9cL2NlZHQuaHVcL3dwLWNvbnRlbnRcL3VwbG9hZHNcLzIwMTdcLzAyXC83NzdfMDI0LmpwZyIsInNsaWRlc2hvdyI6IjJlMzhjYWNkIn0%3D\">\n\t\t\t\t\t<div class=\"e-gallery-image elementor-gallery-item__image\" data-thumbnail=\"https:\/\/cedt.hu\/wp-content\/uploads\/2017\/02\/777_024-300x200.jpg\" data-width=\"300\" data-height=\"200\" aria-label=\"\" role=\"img\" ><\/div>\n\t\t\t\t\t\t\t\t\t\t\t<div class=\"elementor-gallery-item__overlay\"><\/div>\n\t\t\t\t\t\t\t\t\t\t\t\t\t\t<\/a>\n\t\t\t\t\t<\/div>\n\t\t\t\t\t<\/div>\n\t\t\t\t<\/div>\n\t\t\t\t<div class=\"elementor-element elementor-element-562fe796 elementor-widget elementor-widget-heading\" data-id=\"562fe796\" data-element_type=\"widget\" data-e-type=\"widget\" data-widget_type=\"heading.default\">\n\t\t\t\t<div class=\"elementor-widget-container\">\n\t\t\t\t\t<h2 class=\"elementor-heading-title elementor-size-default\">Related Press Releases<\/h2>\t\t\t\t<\/div>\n\t\t\t\t<\/div>\n\t\t\t\t<div class=\"elementor-element elementor-element-6a388f6 elementor-widget-divider--view-line elementor-widget elementor-widget-divider\" data-id=\"6a388f6\" data-element_type=\"widget\" data-e-type=\"widget\" data-widget_type=\"divider.default\">\n\t\t\t\t<div class=\"elementor-widget-container\">\n\t\t\t\t\t\t\t<div class=\"elementor-divider\">\n\t\t\t<span class=\"elementor-divider-separator\">\n\t\t\t\t\t\t<\/span>\n\t\t<\/div>\n\t\t\t\t\t\t<\/div>\n\t\t\t\t<\/div>\n\t\t\t\t<div class=\"elementor-element elementor-element-58b8c02b elementor-widget elementor-widget-text-editor\" data-id=\"58b8c02b\" data-element_type=\"widget\" data-e-type=\"widget\" data-widget_type=\"text-editor.default\">\n\t\t\t\t<div class=\"elementor-widget-container\">\n\t\t\t\t\t\t\t\t\t<div class=\"pressauthor\"><div class=\"pressauthor\"><div class=\"pressauthor\">P\u00e9ter M\u00e1rta:\u00a0<a href=\"http:\/\/tanckritika.hu\/kategoriak\/kritika\/1088-peter-marta-a-hetedik-te-magad-legy\">A HETEDIK TE MAGAD L\u00c9GY <\/a>(Dance review) <span style=\"font-family: -apple-system, BlinkMacSystemFont, 'Segoe UI', Roboto, 'Helvetica Neue', Arial, 'Noto Sans', sans-serif, 'Apple Color Emoji', 'Segoe UI Emoji', 'Segoe UI Symbol', 'Noto Color Emoji';\">&#8211; 11\/03\/2017 <\/span><span style=\"font-family: -apple-system, BlinkMacSystemFont, 'Segoe UI', Roboto, 'Helvetica Neue', Arial, 'Noto Sans', sans-serif, 'Apple Color Emoji', 'Segoe UI Emoji', 'Segoe UI Symbol', 'Noto Color Emoji';\">A nagyj\u00e1b\u00f3l 35 perces darab ut\u00e1ni besz\u00e9lget\u00e9sb\u0151l is kit\u0171nt, hogy T\u00fari gyakorlott t\u00e1ncrendez\u0151, vagyis a telev\u00edzi\u00f3s sz\u00e9ri\u00e1k \u00e9s a musicalek \u00e1lland\u00f3 koreogr\u00e1fusak\u00e9nt a darab-eg\u00e9sz \u00e1tl\u00e1that\u00f3s\u00e1ga, a karakterek kital\u00e1l\u00e1sa \u00e9s sz\u00ednpadi\/szcenogr\u00e1fiai hangs\u00falyoz\u00e1sa nem okoz gondot neki \u2013 ezek megold\u00e1sait, ha kell, val\u00f3sz\u00edn\u0171leg \u00e1lm\u00e1ban is zsebb\u0151l h\u00fazza el\u0151.<\/span><\/div><\/div><\/div>\t\t\t\t\t\t\t\t<\/div>\n\t\t\t\t<\/div>\n\t\t\t\t\t<\/div>\n\t\t<\/div>\n\t\t\t\t\t<\/div>\n\t\t<\/section>\n\t\t\t\t<\/div>","protected":false},"excerpt":{"rendered":"<p>777 A darab felfedi \u00e9s megmutatja, milyen egyszer\u0171 is az ember \u00e9s milyen k\u00f6nnyen becsaphatja \u00f6nmag\u00e1t. Fejtegeti azt a dilemm\u00e1t, hogy technokrata vil\u00e1gunkban az emberi \u00e9rt\u00e9kek elveszni l\u00e1tszanak, hogyan v\u00e1lunk f\u00fcgg\u0151v\u00e9 \u00e9s szem\u00e9lytelenn\u00e9. K\u00fcls\u0151s\u00e9gek, hatalmi poz\u00edci\u00f3k, szereph\u00e1l\u00f3k, melyeket mind megtanulunk, \u00e9s mindezeket levetk\u0151zve, mag\u00e1nyunkban j\u00f6v\u00fcnk r\u00e1, hogy csak magunkra sz\u00e1m\u00edthatunk. Erre vil\u00e1g\u00edt r\u00e1 a \u201et\u00f6k\u00e9letes\u201d [&hellip;]<\/p>\n","protected":false},"author":1,"featured_media":0,"parent":0,"menu_order":0,"comment_status":"closed","ping_status":"closed","template":"elementor_header_footer","meta":{"footnotes":""},"class_list":["post-18600","page","type-page","status-publish","hentry"],"_links":{"self":[{"href":"https:\/\/cedt.hu\/en\/wp-json\/wp\/v2\/pages\/18600","targetHints":{"allow":["GET"]}}],"collection":[{"href":"https:\/\/cedt.hu\/en\/wp-json\/wp\/v2\/pages"}],"about":[{"href":"https:\/\/cedt.hu\/en\/wp-json\/wp\/v2\/types\/page"}],"author":[{"embeddable":true,"href":"https:\/\/cedt.hu\/en\/wp-json\/wp\/v2\/users\/1"}],"replies":[{"embeddable":true,"href":"https:\/\/cedt.hu\/en\/wp-json\/wp\/v2\/comments?post=18600"}],"version-history":[{"count":0,"href":"https:\/\/cedt.hu\/en\/wp-json\/wp\/v2\/pages\/18600\/revisions"}],"wp:attachment":[{"href":"https:\/\/cedt.hu\/en\/wp-json\/wp\/v2\/media?parent=18600"}],"curies":[{"name":"wp","href":"https:\/\/api.w.org\/{rel}","templated":true}]}}