{"id":18571,"date":"2025-05-15T17:16:41","date_gmt":"2025-05-15T17:16:41","guid":{"rendered":"https:\/\/cedthu.rwpstaging.site\/?page_id=18571"},"modified":"2025-05-15T17:18:53","modified_gmt":"2025-05-15T17:18:53","slug":"xiii-ikf-tehetsegprogram-szarvas-krisztina","status":"publish","type":"page","link":"https:\/\/cedt.hu\/en\/xiii-ikf-tehetsegprogram-szarvas-krisztina\/","title":{"rendered":"XIII IKF Talent Programme - Krisztina Szarvas"},"content":{"rendered":"<div data-elementor-type=\"wp-page\" data-elementor-id=\"18571\" class=\"elementor elementor-18571\" data-elementor-post-type=\"page\">\n\t\t\t\t\t\t<section class=\"elementor-section elementor-top-section elementor-element elementor-element-2635894a elementor-section-boxed elementor-section-height-default elementor-section-height-default\" data-id=\"2635894a\" data-element_type=\"section\" data-e-type=\"section\" data-settings=\"{&quot;background_background&quot;:&quot;classic&quot;}\">\n\t\t\t\t\t\t<div class=\"elementor-container elementor-column-gap-default\">\n\t\t\t\t\t<div class=\"elementor-column elementor-col-100 elementor-top-column elementor-element elementor-element-2d39e22\" data-id=\"2d39e22\" data-element_type=\"column\" data-e-type=\"column\">\n\t\t\t<div class=\"elementor-widget-wrap elementor-element-populated\">\n\t\t\t\t\t\t<div class=\"elementor-element elementor-element-3db7de57 elementor-widget elementor-widget-image\" data-id=\"3db7de57\" data-element_type=\"widget\" data-e-type=\"widget\" data-widget_type=\"image.default\">\n\t\t\t\t<div class=\"elementor-widget-container\">\n\t\t\t\t\t\t\t\t\t\t\t\t\t\t\t<img fetchpriority=\"high\" decoding=\"async\" width=\"1384\" height=\"2020\" src=\"https:\/\/cedt.hu\/wp-content\/uploads\/2018\/03\/C83A6399-6715-4DB5-8D62-E8C78413076A-1.jpeg\" class=\"attachment-full size-full wp-image-4309\" alt=\"\" srcset=\"https:\/\/cedt.hu\/wp-content\/uploads\/2018\/03\/C83A6399-6715-4DB5-8D62-E8C78413076A-1.jpeg 1384w, https:\/\/cedt.hu\/wp-content\/uploads\/2018\/03\/C83A6399-6715-4DB5-8D62-E8C78413076A-1-206x300.jpeg 206w, https:\/\/cedt.hu\/wp-content\/uploads\/2018\/03\/C83A6399-6715-4DB5-8D62-E8C78413076A-1-702x1024.jpeg 702w, https:\/\/cedt.hu\/wp-content\/uploads\/2018\/03\/C83A6399-6715-4DB5-8D62-E8C78413076A-1-768x1121.jpeg 768w, https:\/\/cedt.hu\/wp-content\/uploads\/2018\/03\/C83A6399-6715-4DB5-8D62-E8C78413076A-1-1052x1536.jpeg 1052w, https:\/\/cedt.hu\/wp-content\/uploads\/2018\/03\/C83A6399-6715-4DB5-8D62-E8C78413076A-1-274x400.jpeg 274w, https:\/\/cedt.hu\/wp-content\/uploads\/2018\/03\/C83A6399-6715-4DB5-8D62-E8C78413076A-1-14x20.jpeg 14w\" sizes=\"(max-width: 1384px) 100vw, 1384px\" \/>\t\t\t\t\t\t\t\t\t\t\t\t\t\t\t<\/div>\n\t\t\t\t<\/div>\n\t\t\t\t<div class=\"elementor-element elementor-element-18bef759 elementor-widget elementor-widget-text-editor\" data-id=\"18bef759\" data-element_type=\"widget\" data-e-type=\"widget\" data-widget_type=\"text-editor.default\">\n\t\t\t\t<div class=\"elementor-widget-container\">\n\t\t\t\t\t\t\t\t\t<div class=\"x11i5rnm xat24cr x1mh8g0r x1vvkbs xtlvy1s\"><div class=\"show-description\"><p>Eggyel t\u00f6bben!<\/p><p>Mindannyiunk \u00e9let\u00e9ben megt\u00f6rt\u00e9nt m\u00e1r, hogy \u00fagy \u00e9rezt\u00fck, hogy az adott helyen \u00e9s id\u0151ben (p\u00e1rkapcsolat, szakmais\u00e1g, ment\u00e1lis s\u00edk) ebben a pillanatban ezen a helyen eggyel t\u00f6bben vagyunk. Pont csak eggyel t\u00f6bben, mint k\u00e9ne. Mindannyiunk \u00e9let\u00e9t befoly\u00e1solj\u00e1k a vil\u00e1g dolgai. Alkalmazkodik a zen\u00e9hez, amit sok\u00e1ig hall, megszereti azt a sz\u00ednt amit r\u00e1h\u00faznak, \u00e9s elfogadja azt a habitust amibe bekategoriz\u00e1lj\u00e1k. De vajon \u00edgy is marad? Hiszen a megszokni megsz\u00f6kni elv id\u0151tlen id\u0151k \u00f3ta fel\u00fcl\u00edrta a t\u00e1rsadalom \u00e1ltal elfogadott norma k\u00f6telezetts\u00e9geit. N\u0151k\u00e9nt felv\u00e1llalni a hat\u00e1rozotts\u00e1got, az \u00e9let igenl\u00e9st \u00e9s meg\u00e9lni mag\u00e1t a n\u0151iess\u00e9get m\u00e1r \u00f6nmag\u00e1ban is feladat.<\/p><p>A Nemzeti Kultur\u00e1lis Alap Imre Zolt\u00e1n Program t\u00e1mogat\u00e1s\u00e1val.<\/p><\/div><\/div>\t\t\t\t\t\t\t\t<\/div>\n\t\t\t\t<\/div>\n\t\t\t\t<div class=\"elementor-element elementor-element-308c1e1 elementor-widget elementor-widget-heading\" data-id=\"308c1e1\" data-element_type=\"widget\" data-e-type=\"widget\" data-widget_type=\"heading.default\">\n\t\t\t\t<div class=\"elementor-widget-container\">\n\t\t\t\t\t<h2 class=\"elementor-heading-title elementor-size-default\">creators<\/h2>\t\t\t\t<\/div>\n\t\t\t\t<\/div>\n\t\t\t\t<div class=\"elementor-element elementor-element-23200339 elementor-widget-divider--view-line elementor-widget elementor-widget-divider\" data-id=\"23200339\" data-element_type=\"widget\" data-e-type=\"widget\" data-widget_type=\"divider.default\">\n\t\t\t\t<div class=\"elementor-widget-container\">\n\t\t\t\t\t\t\t<div class=\"elementor-divider\">\n\t\t\t<span class=\"elementor-divider-separator\">\n\t\t\t\t\t\t<\/span>\n\t\t<\/div>\n\t\t\t\t\t\t<\/div>\n\t\t\t\t<\/div>\n\t\t\t\t<div class=\"elementor-element elementor-element-1ed443e3 elementor-widget elementor-widget-text-editor\" data-id=\"1ed443e3\" data-element_type=\"widget\" data-e-type=\"widget\" data-widget_type=\"text-editor.default\">\n\t\t\t\t<div class=\"elementor-widget-container\">\n\t\t\t\t\t\t\t\t\t<div class=\"show-actors\"><div id=\"nested-actors\"><div class=\"show-actors\"><div id=\"nested-actors\"><div class=\"show-actors\"><div id=\"nested-actors\"><div><h3>Choreographer<\/h3><ul><li>Szarvas Krisztina<\/li><\/ul><\/div><div><h3>Light<\/h3><ul><li>Zolt\u00e1n Fogarasi<\/li><\/ul><\/div><div><h3>Konzult\u00e1ns<\/h3><ul><li>When Attila<\/li><\/ul><\/div><div><h3>Presenters<\/h3><ul><li>Mariann Hargitai<\/li><li>L\u00e1szl\u00f3 M\u00e1di<\/li><li>Golubkovics Gerg\u0151 MTE<\/li><li>Stupek Mira MTE<\/li><li>Taba Benjamin MTE<\/li><li>Szilv\u00e1si Anna MTE<\/li><\/ul><\/div><\/div><\/div><div class=\"show-images\"><div class=\"row no-margin\"><div class=\"col-md-12 no-padding\">\u00a0<\/div><\/div><\/div><\/div><\/div><\/div><\/div>\t\t\t\t\t\t\t\t<\/div>\n\t\t\t\t<\/div>\n\t\t\t\t<div class=\"elementor-element elementor-element-b925f51 elementor-widget elementor-widget-heading\" data-id=\"b925f51\" data-element_type=\"widget\" data-e-type=\"widget\" data-widget_type=\"heading.default\">\n\t\t\t\t<div class=\"elementor-widget-container\">\n\t\t\t\t\t<h2 class=\"elementor-heading-title elementor-size-default\">XIII IKF Talent Programme - Krisztina Szarvas<\/h2>\t\t\t\t<\/div>\n\t\t\t\t<\/div>\n\t\t\t\t<div class=\"elementor-element elementor-element-30e0bfe9 elementor-widget elementor-widget-gallery\" data-id=\"30e0bfe9\" data-element_type=\"widget\" data-e-type=\"widget\" data-settings=\"{&quot;columns&quot;:3,&quot;lazyload&quot;:&quot;yes&quot;,&quot;gallery_layout&quot;:&quot;grid&quot;,&quot;columns_tablet&quot;:2,&quot;columns_mobile&quot;:1,&quot;gap&quot;:{&quot;unit&quot;:&quot;px&quot;,&quot;size&quot;:10,&quot;sizes&quot;:[]},&quot;gap_tablet&quot;:{&quot;unit&quot;:&quot;px&quot;,&quot;size&quot;:10,&quot;sizes&quot;:[]},&quot;gap_mobile&quot;:{&quot;unit&quot;:&quot;px&quot;,&quot;size&quot;:10,&quot;sizes&quot;:[]},&quot;link_to&quot;:&quot;file&quot;,&quot;aspect_ratio&quot;:&quot;3:2&quot;,&quot;overlay_background&quot;:&quot;yes&quot;,&quot;content_hover_animation&quot;:&quot;fade-in&quot;}\" data-widget_type=\"gallery.default\">\n\t\t\t\t<div class=\"elementor-widget-container\">\n\t\t\t\t\t\t\t<div class=\"elementor-gallery__container\">\n\t\t\t\t\t\t\t<a class=\"e-gallery-item elementor-gallery-item elementor-animated-content\" href=\"https:\/\/cedt.hu\/wp-content\/uploads\/2018\/03\/C83A6399-6715-4DB5-8D62-E8C78413076A-1.jpeg\" data-elementor-open-lightbox=\"yes\" data-elementor-lightbox-slideshow=\"30e0bfe9\" data-elementor-lightbox-title=\"C83A6399-6715-4DB5-8D62-E8C78413076A\" data-e-action-hash=\"#elementor-action%3Aaction%3Dlightbox%26settings%3DeyJpZCI6NDMwOSwidXJsIjoiaHR0cHM6XC9cL2NlZHQuaHVcL3dwLWNvbnRlbnRcL3VwbG9hZHNcLzIwMThcLzAzXC9DODNBNjM5OS02NzE1LTREQjUtOEQ2Mi1FOEM3ODQxMzA3NkEtMS5qcGVnIiwic2xpZGVzaG93IjoiMzBlMGJmZTkifQ%3D%3D\">\n\t\t\t\t\t<div class=\"e-gallery-image elementor-gallery-item__image\" data-thumbnail=\"https:\/\/cedt.hu\/wp-content\/uploads\/2018\/03\/C83A6399-6715-4DB5-8D62-E8C78413076A-1-206x300.jpeg\" data-width=\"206\" data-height=\"300\" aria-label=\"\" role=\"img\" ><\/div>\n\t\t\t\t\t\t\t\t\t\t\t<div class=\"elementor-gallery-item__overlay\"><\/div>\n\t\t\t\t\t\t\t\t\t\t\t\t\t\t<\/a>\n\t\t\t\t\t\t\t<a class=\"e-gallery-item elementor-gallery-item elementor-animated-content\" href=\"https:\/\/cedt.hu\/wp-content\/uploads\/2018\/03\/eggy_003_DusaG\u00e1bor.jpg\" data-elementor-open-lightbox=\"yes\" data-elementor-lightbox-slideshow=\"30e0bfe9\" data-elementor-lightbox-title=\"eggy_003_DusaG\u00e1bor\" data-e-action-hash=\"#elementor-action%3Aaction%3Dlightbox%26settings%3DeyJpZCI6NTE4OSwidXJsIjoiaHR0cHM6XC9cL2NlZHQuaHVcL3dwLWNvbnRlbnRcL3VwbG9hZHNcLzIwMThcLzAzXC9lZ2d5XzAwM19EdXNhR1x1MDBlMWJvci5qcGciLCJzbGlkZXNob3ciOiIzMGUwYmZlOSJ9\">\n\t\t\t\t\t<div class=\"e-gallery-image elementor-gallery-item__image\" data-thumbnail=\"https:\/\/cedt.hu\/wp-content\/uploads\/2018\/03\/eggy_003_DusaG\u00e1bor-300x200.jpg\" data-width=\"300\" data-height=\"200\" aria-label=\"\" role=\"img\" ><\/div>\n\t\t\t\t\t\t\t\t\t\t\t<div class=\"elementor-gallery-item__overlay\"><\/div>\n\t\t\t\t\t\t\t\t\t\t\t\t\t\t<\/a>\n\t\t\t\t\t\t\t<a class=\"e-gallery-item elementor-gallery-item elementor-animated-content\" href=\"https:\/\/cedt.hu\/wp-content\/uploads\/2018\/03\/eggy_056.jpg\" data-elementor-open-lightbox=\"yes\" data-elementor-lightbox-slideshow=\"30e0bfe9\" data-elementor-lightbox-title=\"eggy_056\" data-e-action-hash=\"#elementor-action%3Aaction%3Dlightbox%26settings%3DeyJpZCI6NTE5MSwidXJsIjoiaHR0cHM6XC9cL2NlZHQuaHVcL3dwLWNvbnRlbnRcL3VwbG9hZHNcLzIwMThcLzAzXC9lZ2d5XzA1Ni5qcGciLCJzbGlkZXNob3ciOiIzMGUwYmZlOSJ9\">\n\t\t\t\t\t<div class=\"e-gallery-image elementor-gallery-item__image\" data-thumbnail=\"https:\/\/cedt.hu\/wp-content\/uploads\/2018\/03\/eggy_056-300x200.jpg\" data-width=\"300\" data-height=\"200\" aria-label=\"\" role=\"img\" ><\/div>\n\t\t\t\t\t\t\t\t\t\t\t<div class=\"elementor-gallery-item__overlay\"><\/div>\n\t\t\t\t\t\t\t\t\t\t\t\t\t\t<\/a>\n\t\t\t\t\t<\/div>\n\t\t\t\t\t<\/div>\n\t\t\t\t<\/div>\n\t\t\t\t<div class=\"elementor-element elementor-element-7914546a elementor-widget elementor-widget-heading\" data-id=\"7914546a\" data-element_type=\"widget\" data-e-type=\"widget\" data-widget_type=\"heading.default\">\n\t\t\t\t<div class=\"elementor-widget-container\">\n\t\t\t\t\t<h2 class=\"elementor-heading-title elementor-size-default\">Related Press Releases<\/h2>\t\t\t\t<\/div>\n\t\t\t\t<\/div>\n\t\t\t\t<div class=\"elementor-element elementor-element-c35a7d2 elementor-widget-divider--view-line elementor-widget elementor-widget-divider\" data-id=\"c35a7d2\" data-element_type=\"widget\" data-e-type=\"widget\" data-widget_type=\"divider.default\">\n\t\t\t\t<div class=\"elementor-widget-container\">\n\t\t\t\t\t\t\t<div class=\"elementor-divider\">\n\t\t\t<span class=\"elementor-divider-separator\">\n\t\t\t\t\t\t<\/span>\n\t\t<\/div>\n\t\t\t\t\t\t<\/div>\n\t\t\t\t<\/div>\n\t\t\t\t<div class=\"elementor-element elementor-element-2e270723 elementor-widget elementor-widget-text-editor\" data-id=\"2e270723\" data-element_type=\"widget\" data-e-type=\"widget\" data-widget_type=\"text-editor.default\">\n\t\t\t\t<div class=\"elementor-widget-container\">\n\t\t\t\t\t\t\t\t\t<div class=\"pressauthor\"><div class=\"pressauthor\"><div class=\"pressauthor\">S\u00c1ROSI EM\u0150KE: <a href=\"http:\/\/tanckritika.hu\/kategoriak\/kritika\/1277-sarosi-emoke-droidok-es-farkasok\">DROIDOK \u00c9S FARKASOK\u00a0 <\/a>(t\u00e1nckritika.hu) <span style=\"font-family: -apple-system, BlinkMacSystemFont, 'Segoe UI', Roboto, 'Helvetica Neue', Arial, 'Noto Sans', sans-serif, 'Apple Color Emoji', 'Segoe UI Emoji', 'Segoe UI Symbol', 'Noto Color Emoji';\">&#8211; 28\/04\/2018 <\/span><span style=\"font-family: -apple-system, BlinkMacSystemFont, 'Segoe UI', Roboto, 'Helvetica Neue', Arial, 'Noto Sans', sans-serif, 'Apple Color Emoji', 'Segoe UI Emoji', 'Segoe UI Symbol', 'Noto Color Emoji';\">A KET-eseket j\u00f3 n\u00e9zni. Sz\u00e9pek, tehets\u00e9gesek, reflexi\u00f3k\u00e9szek. Er\u0151ss\u00e9g\u00fck a szellem \u00e9s a szem szinkronit\u00e1s\u00e1nak m\u0171v\u00e9szi szabads\u00e1ga.<\/span><\/div><\/div><\/div>\t\t\t\t\t\t\t\t<\/div>\n\t\t\t\t<\/div>\n\t\t\t\t\t<\/div>\n\t\t<\/div>\n\t\t\t\t\t<\/div>\n\t\t<\/section>\n\t\t\t\t<\/div>","protected":false},"excerpt":{"rendered":"<p>Eggyel t\u00f6bben! Mindannyiunk \u00e9let\u00e9ben megt\u00f6rt\u00e9nt m\u00e1r, hogy \u00fagy \u00e9rezt\u00fck, hogy az adott helyen \u00e9s id\u0151ben (p\u00e1rkapcsolat, szakmais\u00e1g, ment\u00e1lis s\u00edk) ebben a pillanatban ezen a helyen eggyel t\u00f6bben vagyunk. Pont csak eggyel t\u00f6bben, mint k\u00e9ne. Mindannyiunk \u00e9let\u00e9t befoly\u00e1solj\u00e1k a vil\u00e1g dolgai. Alkalmazkodik a zen\u00e9hez, amit sok\u00e1ig hall, megszereti azt a sz\u00ednt amit r\u00e1h\u00faznak, \u00e9s elfogadja azt [&hellip;]<\/p>\n","protected":false},"author":1,"featured_media":0,"parent":0,"menu_order":0,"comment_status":"closed","ping_status":"closed","template":"elementor_header_footer","meta":{"footnotes":""},"class_list":["post-18571","page","type-page","status-publish","hentry"],"_links":{"self":[{"href":"https:\/\/cedt.hu\/en\/wp-json\/wp\/v2\/pages\/18571","targetHints":{"allow":["GET"]}}],"collection":[{"href":"https:\/\/cedt.hu\/en\/wp-json\/wp\/v2\/pages"}],"about":[{"href":"https:\/\/cedt.hu\/en\/wp-json\/wp\/v2\/types\/page"}],"author":[{"embeddable":true,"href":"https:\/\/cedt.hu\/en\/wp-json\/wp\/v2\/users\/1"}],"replies":[{"embeddable":true,"href":"https:\/\/cedt.hu\/en\/wp-json\/wp\/v2\/comments?post=18571"}],"version-history":[{"count":0,"href":"https:\/\/cedt.hu\/en\/wp-json\/wp\/v2\/pages\/18571\/revisions"}],"wp:attachment":[{"href":"https:\/\/cedt.hu\/en\/wp-json\/wp\/v2\/media?parent=18571"}],"curies":[{"name":"wp","href":"https:\/\/api.w.org\/{rel}","templated":true}]}}