{"id":18273,"date":"2025-05-15T16:45:26","date_gmt":"2025-05-15T16:45:26","guid":{"rendered":"https:\/\/cedthu.rwpstaging.site\/?page_id=18273"},"modified":"2025-05-15T16:47:03","modified_gmt":"2025-05-15T16:47:03","slug":"light-room-ikf","status":"publish","type":"page","link":"https:\/\/cedt.hu\/en\/light-room-ikf\/","title":{"rendered":"Light Room (IKF+)"},"content":{"rendered":"<div data-elementor-type=\"wp-page\" data-elementor-id=\"18273\" class=\"elementor elementor-18273\" data-elementor-post-type=\"page\">\n\t\t\t\t\t\t<section class=\"elementor-section elementor-top-section elementor-element elementor-element-4a2f487e elementor-section-boxed elementor-section-height-default elementor-section-height-default\" data-id=\"4a2f487e\" data-element_type=\"section\" data-e-type=\"section\" data-settings=\"{&quot;background_background&quot;:&quot;classic&quot;}\">\n\t\t\t\t\t\t<div class=\"elementor-container elementor-column-gap-default\">\n\t\t\t\t\t<div class=\"elementor-column elementor-col-100 elementor-top-column elementor-element elementor-element-763b6de6\" data-id=\"763b6de6\" data-element_type=\"column\" data-e-type=\"column\">\n\t\t\t<div class=\"elementor-widget-wrap elementor-element-populated\">\n\t\t\t\t\t\t<div class=\"elementor-element elementor-element-3355ffeb elementor-widget elementor-widget-image\" data-id=\"3355ffeb\" data-element_type=\"widget\" data-e-type=\"widget\" data-widget_type=\"image.default\">\n\t\t\t\t<div class=\"elementor-widget-container\">\n\t\t\t\t\t\t\t\t\t\t\t\t\t\t\t<img fetchpriority=\"high\" decoding=\"async\" width=\"639\" height=\"480\" src=\"https:\/\/cedt.hu\/wp-content\/uploads\/2017\/02\/foto_1143.jpg\" class=\"attachment-full size-full wp-image-1828\" alt=\"\" srcset=\"https:\/\/cedt.hu\/wp-content\/uploads\/2017\/02\/foto_1143.jpg 639w, https:\/\/cedt.hu\/wp-content\/uploads\/2017\/02\/foto_1143-300x225.jpg 300w, https:\/\/cedt.hu\/wp-content\/uploads\/2017\/02\/foto_1143-400x300.jpg 400w, https:\/\/cedt.hu\/wp-content\/uploads\/2017\/02\/foto_1143-20x15.jpg 20w\" sizes=\"(max-width: 639px) 100vw, 639px\" \/>\t\t\t\t\t\t\t\t\t\t\t\t\t\t\t<\/div>\n\t\t\t\t<\/div>\n\t\t\t\t<div class=\"elementor-element elementor-element-15d7952e elementor-widget elementor-widget-text-editor\" data-id=\"15d7952e\" data-element_type=\"widget\" data-e-type=\"widget\" data-widget_type=\"text-editor.default\">\n\t\t\t\t<div class=\"elementor-widget-container\">\n\t\t\t\t\t\t\t\t\t<div class=\"x11i5rnm xat24cr x1mh8g0r x1vvkbs xtlvy1s\"><div class=\"show-description\"><p>A projekt ihlet\u0151je a testnek a f\u00e9nyhez \u00e9s a s\u00f6t\u00e9ts\u00e9ghez val\u00f3 viszonya. Azt vizsg\u00e1ljuk, hogy a s\u00f6t\u00e9ts\u00e9g jelenl\u00e9te hogyan befoly\u00e1solja az emberi viselked\u00e9st. Az, hogy nem l\u00e1tjuk, \u00e9s nem l\u00e1tjuk teljesen a fizikai k\u00f6rnyezetet \u00e9s m\u00e1s testeket, megv\u00e1ltoztatja a perspekt\u00edv\u00e1t, \u00e9s m\u00e1s m\u00f3don \u00e9breszti fel f\u00f3kuszunkat. A spektrum m\u00e1sik oldal\u00e1n a f\u00e9nysugarak \u00e1thatolnak a sz\u00f6veteken, k\u00fcl\u00f6n\u00f6sen a b\u0151r\u00f6n \u00e9s a fasci\u00e1kon, m\u00e9lyen behatolva azok strukt\u00far\u00e1iba. A v\u00edzben l\u00e9v\u0151 napf\u00e9nyhez hasonl\u00f3an az UV-, a l\u00e1that\u00f3 \u00e9s az infrav\u00f6r\u00f6s f\u00e9ny r\u00e9szben visszaver\u0151dhet a b\u0151r \u00e9s a szem k\u00fcls\u0151 fel\u00fclet\u00e9r\u0151l, \u00e9s a sz\u00f6vetekbe bel\u00e9pve k\u00fcl\u00f6nb\u00f6z\u0151 ir\u00e1nyokba (bele\u00e9rtve a h\u00e1trafel\u00e9 ir\u00e1nyul\u00f3t is) sz\u00f3r\u00f3dnak a mikroszkopikus r\u00e9szecsk\u00e9k \u00e9s strukt\u00far\u00e1k, p\u00e9ld\u00e1ul a rostok \u00e1ltal. A l\u00e1that\u00f3 f\u00e9nyspektrumot a pigmentek \u00e9s a v\u00e9r er\u0151sen elnyelik. Ezek a mozg\u00e1si tulajdons\u00e1gok, amelyek a f\u00e9ny b\u0151rrel val\u00f3 reakci\u00f3j\u00e1t alkotj\u00e1k \u2013 abszorpci\u00f3, reflexi\u00f3, transzmisszi\u00f3 \u00e9s sz\u00f3r\u00f3d\u00e1s \u2013 a t\u00e1ncstrukt\u00far\u00e1k l\u00e9trehoz\u00e1s\u00e1nak inspir\u00e1ci\u00f3j\u00e1v\u00e1 v\u00e1lnak.<\/p><p>A modern tudom\u00e1ny meger\u0151s\u00edti, hogy a test\u00fcnk nemcsak elnyeli a f\u00e9nyt, hanem termeli is, m\u00e9ghozz\u00e1 olyan mennyis\u00e9gben, amelyet az emberi szem nem ismer fel \u2013 sz\u00f3 szerint ragyogunk. A s\u00f6t\u00e9ts\u00e9g \u00e9s a f\u00e9ny k\u00f6z\u00f6tti j\u00e1t\u00e9k ir\u00e1ny\u00edtja a k\u00f6z\u00f6ns\u00e9g figyelm\u00e9t, \u00e9s szervezi az el\u0151ad\u00e1s dramaturgi\u00e1j\u00e1t.<\/p><p>Az el\u0151ad\u00e1s a XXIII. Ifj\u00fa Koreogr\u00e1fusok F\u00f3ruma + programsorozat r\u00e9szek\u00e9nt j\u00f6n l\u00e9tre.<\/p><p><strong>Az el\u0151ad\u00e1s t\u00e1mogat\u00f3ja a 10. Sz\u00ednh\u00e1zi Olimpia \u00e9s a Kultur\u00e1lis \u00e9s Innov\u00e1ci\u00f3s Miniszt\u00e9rium.<\/strong><\/p><\/div><\/div>\t\t\t\t\t\t\t\t<\/div>\n\t\t\t\t<\/div>\n\t\t\t\t<div class=\"elementor-element elementor-element-44cacfc elementor-widget elementor-widget-heading\" data-id=\"44cacfc\" data-element_type=\"widget\" data-e-type=\"widget\" data-widget_type=\"heading.default\">\n\t\t\t\t<div class=\"elementor-widget-container\">\n\t\t\t\t\t<h2 class=\"elementor-heading-title elementor-size-default\">creators<\/h2>\t\t\t\t<\/div>\n\t\t\t\t<\/div>\n\t\t\t\t<div class=\"elementor-element elementor-element-771a630 elementor-widget-divider--view-line elementor-widget elementor-widget-divider\" data-id=\"771a630\" data-element_type=\"widget\" data-e-type=\"widget\" data-widget_type=\"divider.default\">\n\t\t\t\t<div class=\"elementor-widget-container\">\n\t\t\t\t\t\t\t<div class=\"elementor-divider\">\n\t\t\t<span class=\"elementor-divider-separator\">\n\t\t\t\t\t\t<\/span>\n\t\t<\/div>\n\t\t\t\t\t\t<\/div>\n\t\t\t\t<\/div>\n\t\t\t\t<div class=\"elementor-element elementor-element-47bd78f elementor-widget elementor-widget-text-editor\" data-id=\"47bd78f\" data-element_type=\"widget\" data-e-type=\"widget\" data-widget_type=\"text-editor.default\">\n\t\t\t\t<div class=\"elementor-widget-container\">\n\t\t\t\t\t\t\t\t\t<div class=\"show-actors\"><div id=\"nested-actors\"><div class=\"show-actors\"><div id=\"nested-actors\"><div class=\"show-actors\"><div id=\"nested-actors\"><div><h3>Dance artists<\/h3><ul><li>Kriszti\u00e1n Barna<\/li><li>D\u00e1vid Dab\u00f3czi<\/li><li>R\u00e9ka Gyevn\u00e1r<\/li><li>L\u00e9na Horv\u00e1th<\/li><li>G\u00e1bor Kindl<\/li><li>Edmond Kisbakonyi<\/li><li>Mohai Cintia<\/li><li>Sinka L\u00eddia<\/li><\/ul><\/div><div><h3>Light<\/h3><ul><li>Zolt\u00e1n Fogarasi<\/li><\/ul><\/div><div><h3>Music<\/h3><ul><li>\u00d6zg\u00fcr Ede<\/li><\/ul><\/div><div><h3>D\u00edszlet\/Jelmez<\/h3><ul><li>Magda Niedzielska<\/li><\/ul><\/div><div><h3>Dramaturg<\/h3><ul><li>Krist\u00f3f Farkas<\/li><\/ul><\/div><div><h3>Choreographer<\/h3><ul><li>Magda Niedzielska<\/li><\/ul><\/div><\/div><\/div><div class=\"show-images\"><div class=\"row no-margin\"><div class=\"col-md-12 no-padding\"><div class=\"show-gallery-box w-overlay5\"><div class=\"text-uppercase show-title\">\u00a0<\/div><\/div><\/div><\/div><\/div><\/div><\/div><\/div><\/div>\t\t\t\t\t\t\t\t<\/div>\n\t\t\t\t<\/div>\n\t\t\t\t<div class=\"elementor-element elementor-element-75dbbd00 elementor-widget elementor-widget-gallery\" data-id=\"75dbbd00\" data-element_type=\"widget\" data-e-type=\"widget\" data-settings=\"{&quot;columns&quot;:3,&quot;lazyload&quot;:&quot;yes&quot;,&quot;gallery_layout&quot;:&quot;grid&quot;,&quot;columns_tablet&quot;:2,&quot;columns_mobile&quot;:1,&quot;gap&quot;:{&quot;unit&quot;:&quot;px&quot;,&quot;size&quot;:10,&quot;sizes&quot;:[]},&quot;gap_tablet&quot;:{&quot;unit&quot;:&quot;px&quot;,&quot;size&quot;:10,&quot;sizes&quot;:[]},&quot;gap_mobile&quot;:{&quot;unit&quot;:&quot;px&quot;,&quot;size&quot;:10,&quot;sizes&quot;:[]},&quot;link_to&quot;:&quot;file&quot;,&quot;aspect_ratio&quot;:&quot;3:2&quot;,&quot;overlay_background&quot;:&quot;yes&quot;,&quot;content_hover_animation&quot;:&quot;fade-in&quot;}\" data-widget_type=\"gallery.default\">\n\t\t\t\t<div class=\"elementor-widget-container\">\n\t\t\t\t\t\t\t<div class=\"elementor-gallery__container\">\n\t\t\t\t\t\t\t<a class=\"e-gallery-item elementor-gallery-item elementor-animated-content\" href=\"https:\/\/cedt.hu\/wp-content\/uploads\/2022\/11\/KIM_logo_black_logo_txt_black-copy-2048x1024.jpg\" data-elementor-open-lightbox=\"yes\" data-elementor-lightbox-slideshow=\"75dbbd00\" data-elementor-lightbox-title=\"KIM_logo_black_logo_txt_black-copy-2048x1024\" data-e-action-hash=\"#elementor-action%3Aaction%3Dlightbox%26settings%3DeyJpZCI6MTA5MjMsInVybCI6Imh0dHBzOlwvXC9jZWR0Lmh1XC93cC1jb250ZW50XC91cGxvYWRzXC8yMDIyXC8xMVwvS0lNX2xvZ29fYmxhY2tfbG9nb190eHRfYmxhY2stY29weS0yMDQ4eDEwMjQuanBnIiwic2xpZGVzaG93IjoiNzVkYmJkMDAifQ%3D%3D\">\n\t\t\t\t\t<div class=\"e-gallery-image elementor-gallery-item__image\" data-thumbnail=\"https:\/\/cedt.hu\/wp-content\/uploads\/2022\/11\/KIM_logo_black_logo_txt_black-copy-2048x1024-300x150.jpg\" data-width=\"300\" data-height=\"150\" aria-label=\"\" role=\"img\" ><\/div>\n\t\t\t\t\t\t\t\t\t\t\t<div class=\"elementor-gallery-item__overlay\"><\/div>\n\t\t\t\t\t\t\t\t\t\t\t\t\t\t<\/a>\n\t\t\t\t\t\t\t<a class=\"e-gallery-item elementor-gallery-item elementor-animated-content\" href=\"https:\/\/cedt.hu\/wp-content\/uploads\/2022\/11\/OLYMTPICS_10_black.png\" data-elementor-open-lightbox=\"yes\" data-elementor-lightbox-slideshow=\"75dbbd00\" data-elementor-lightbox-title=\"OLYMTPICS_10_black\" data-e-action-hash=\"#elementor-action%3Aaction%3Dlightbox%26settings%3DeyJpZCI6MTA5MjEsInVybCI6Imh0dHBzOlwvXC9jZWR0Lmh1XC93cC1jb250ZW50XC91cGxvYWRzXC8yMDIyXC8xMVwvT0xZTVRQSUNTXzEwX2JsYWNrLnBuZyIsInNsaWRlc2hvdyI6Ijc1ZGJiZDAwIn0%3D\">\n\t\t\t\t\t<div class=\"e-gallery-image elementor-gallery-item__image\" data-thumbnail=\"https:\/\/cedt.hu\/wp-content\/uploads\/2022\/11\/OLYMTPICS_10_black-183x300.png\" data-width=\"183\" data-height=\"300\" aria-label=\"\" role=\"img\" ><\/div>\n\t\t\t\t\t\t\t\t\t\t\t<div class=\"elementor-gallery-item__overlay\"><\/div>\n\t\t\t\t\t\t\t\t\t\t\t\t\t\t<\/a>\n\t\t\t\t\t\t\t<a class=\"e-gallery-item elementor-gallery-item elementor-animated-content\" href=\"https:\/\/cedt.hu\/wp-content\/uploads\/2022\/11\/lroom014.jpg\" data-elementor-open-lightbox=\"yes\" data-elementor-lightbox-slideshow=\"75dbbd00\" data-elementor-lightbox-title=\"lroom014\" data-e-action-hash=\"#elementor-action%3Aaction%3Dlightbox%26settings%3DeyJpZCI6MTAyMDQsInVybCI6Imh0dHBzOlwvXC9jZWR0Lmh1XC93cC1jb250ZW50XC91cGxvYWRzXC8yMDIyXC8xMVwvbHJvb20wMTQuanBnIiwic2xpZGVzaG93IjoiNzVkYmJkMDAifQ%3D%3D\">\n\t\t\t\t\t<div class=\"e-gallery-image elementor-gallery-item__image\" data-thumbnail=\"https:\/\/cedt.hu\/wp-content\/uploads\/2022\/11\/lroom014-300x200.jpg\" data-width=\"300\" data-height=\"200\" aria-label=\"\" role=\"img\" ><\/div>\n\t\t\t\t\t\t\t\t\t\t\t<div class=\"elementor-gallery-item__overlay\"><\/div>\n\t\t\t\t\t\t\t\t\t\t\t\t\t\t<\/a>\n\t\t\t\t\t<\/div>\n\t\t\t\t\t<\/div>\n\t\t\t\t<\/div>\n\t\t\t\t<div class=\"elementor-element elementor-element-60531930 elementor-widget elementor-widget-heading\" data-id=\"60531930\" data-element_type=\"widget\" data-e-type=\"widget\" data-widget_type=\"heading.default\">\n\t\t\t\t<div class=\"elementor-widget-container\">\n\t\t\t\t\t<h2 class=\"elementor-heading-title elementor-size-default\">Magda Niedzielska: Light Room \u2013 official trailer #1<\/h2>\t\t\t\t<\/div>\n\t\t\t\t<\/div>\n\t\t\t\t<div class=\"elementor-element elementor-element-5bac8bf9 elementor-widget elementor-widget-video\" data-id=\"5bac8bf9\" data-element_type=\"widget\" data-e-type=\"widget\" data-settings=\"{&quot;youtube_url&quot;:&quot;https:\\\/\\\/youtu.be\\\/PEC5SIvVTXs&quot;,&quot;video_type&quot;:&quot;youtube&quot;,&quot;controls&quot;:&quot;yes&quot;}\" data-widget_type=\"video.default\">\n\t\t\t\t<div class=\"elementor-widget-container\">\n\t\t\t\t\t\t\t<div class=\"elementor-wrapper elementor-open-inline\">\n\t\t\t<div class=\"elementor-video\"><\/div>\t\t<\/div>\n\t\t\t\t\t\t<\/div>\n\t\t\t\t<\/div>\n\t\t\t\t<div class=\"elementor-element elementor-element-040955b elementor-widget elementor-widget-heading\" data-id=\"040955b\" data-element_type=\"widget\" data-e-type=\"widget\" data-widget_type=\"heading.default\">\n\t\t\t\t<div class=\"elementor-widget-container\">\n\t\t\t\t\t<h2 class=\"elementor-heading-title elementor-size-default\">Magda Niedzielska: Light Room \u2013 official trailer #2<\/h2>\t\t\t\t<\/div>\n\t\t\t\t<\/div>\n\t\t\t\t<div class=\"elementor-element elementor-element-f6bcd24 elementor-widget elementor-widget-video\" data-id=\"f6bcd24\" data-element_type=\"widget\" data-e-type=\"widget\" data-settings=\"{&quot;youtube_url&quot;:&quot;https:\\\/\\\/youtu.be\\\/Xvhu9xX0lZc&quot;,&quot;video_type&quot;:&quot;youtube&quot;,&quot;controls&quot;:&quot;yes&quot;}\" data-widget_type=\"video.default\">\n\t\t\t\t<div class=\"elementor-widget-container\">\n\t\t\t\t\t\t\t<div class=\"elementor-wrapper elementor-open-inline\">\n\t\t\t<div class=\"elementor-video\"><\/div>\t\t<\/div>\n\t\t\t\t\t\t<\/div>\n\t\t\t\t<\/div>\n\t\t\t\t<div class=\"elementor-element elementor-element-3515d785 elementor-widget elementor-widget-heading\" data-id=\"3515d785\" data-element_type=\"widget\" data-e-type=\"widget\" data-widget_type=\"heading.default\">\n\t\t\t\t<div class=\"elementor-widget-container\">\n\t\t\t\t\t<h2 class=\"elementor-heading-title elementor-size-default\">Related Press Releases<\/h2>\t\t\t\t<\/div>\n\t\t\t\t<\/div>\n\t\t\t\t<div class=\"elementor-element elementor-element-21482064 elementor-widget-divider--view-line elementor-widget elementor-widget-divider\" data-id=\"21482064\" data-element_type=\"widget\" data-e-type=\"widget\" data-widget_type=\"divider.default\">\n\t\t\t\t<div class=\"elementor-widget-container\">\n\t\t\t\t\t\t\t<div class=\"elementor-divider\">\n\t\t\t<span class=\"elementor-divider-separator\">\n\t\t\t\t\t\t<\/span>\n\t\t<\/div>\n\t\t\t\t\t\t<\/div>\n\t\t\t\t<\/div>\n\t\t\t\t<div class=\"elementor-element elementor-element-28a54974 elementor-widget elementor-widget-text-editor\" data-id=\"28a54974\" data-element_type=\"widget\" data-e-type=\"widget\" data-widget_type=\"text-editor.default\">\n\t\t\t\t<div class=\"elementor-widget-container\">\n\t\t\t\t\t\t\t\t\t<div class=\"pressauthor\"><div class=\"pressauthor\">Varga Anik\u00f3:\u00a0<a href=\"http:\/\/szinhaz.net\/2016\/03\/07\/varga-aniko-ket-arc\/\">K\u00e9t arc\u00a0 <\/a>(Theatre) <span style=\"font-family: -apple-system, BlinkMacSystemFont, 'Segoe UI', Roboto, 'Helvetica Neue', Arial, 'Noto Sans', sans-serif, 'Apple Color Emoji', 'Segoe UI Emoji', 'Segoe UI Symbol', 'Noto Color Emoji';\">&#8211; 07\/03\/2016 <\/span><span style=\"font-family: -apple-system, BlinkMacSystemFont, 'Segoe UI', Roboto, 'Helvetica Neue', Arial, 'Noto Sans', sans-serif, 'Apple Color Emoji', 'Segoe UI Emoji', 'Segoe UI Symbol', 'Noto Color Emoji';\">Van valami egzotikus, \u201em\u00e1s vil\u00e1gb\u00f3l\u201d sz\u00e1rmaz\u00f3 ebben az er\u0151s vizu\u00e1lis ellent\u00e9tet felmutat\u00f3 k\u00f6lt\u0151i k\u00e9pben, valami jap\u00e1nos hangulat, ahogyan Hargitai Mariann cseresznyevir\u00e1gos ruh\u00e1j\u00e1ban a sz\u00ednpad sz\u00e9l\u00e9n megf\u00e9s\u00fclk\u00f6dik, befonja a haj\u00e1t, majd bel\u00e9p a sz\u00f3l\u00f3 id\u0151tlen napot k\u00f6vet\u0151 vil\u00e1g\u00e1ba.<\/span><\/div><\/div>\t\t\t\t\t\t\t\t<\/div>\n\t\t\t\t<\/div>\n\t\t\t\t\t<\/div>\n\t\t<\/div>\n\t\t\t\t\t<\/div>\n\t\t<\/section>\n\t\t\t\t<\/div>","protected":false},"excerpt":{"rendered":"<p>A projekt ihlet\u0151je a testnek a f\u00e9nyhez \u00e9s a s\u00f6t\u00e9ts\u00e9ghez val\u00f3 viszonya. Azt vizsg\u00e1ljuk, hogy a s\u00f6t\u00e9ts\u00e9g jelenl\u00e9te hogyan befoly\u00e1solja az emberi viselked\u00e9st. Az, hogy nem l\u00e1tjuk, \u00e9s nem l\u00e1tjuk teljesen a fizikai k\u00f6rnyezetet \u00e9s m\u00e1s testeket, megv\u00e1ltoztatja a perspekt\u00edv\u00e1t, \u00e9s m\u00e1s m\u00f3don \u00e9breszti fel f\u00f3kuszunkat. A spektrum m\u00e1sik oldal\u00e1n a f\u00e9nysugarak \u00e1thatolnak a sz\u00f6veteken, [&hellip;]<\/p>\n","protected":false},"author":1,"featured_media":0,"parent":0,"menu_order":0,"comment_status":"closed","ping_status":"closed","template":"elementor_header_footer","meta":{"footnotes":""},"class_list":["post-18273","page","type-page","status-publish","hentry"],"_links":{"self":[{"href":"https:\/\/cedt.hu\/en\/wp-json\/wp\/v2\/pages\/18273","targetHints":{"allow":["GET"]}}],"collection":[{"href":"https:\/\/cedt.hu\/en\/wp-json\/wp\/v2\/pages"}],"about":[{"href":"https:\/\/cedt.hu\/en\/wp-json\/wp\/v2\/types\/page"}],"author":[{"embeddable":true,"href":"https:\/\/cedt.hu\/en\/wp-json\/wp\/v2\/users\/1"}],"replies":[{"embeddable":true,"href":"https:\/\/cedt.hu\/en\/wp-json\/wp\/v2\/comments?post=18273"}],"version-history":[{"count":0,"href":"https:\/\/cedt.hu\/en\/wp-json\/wp\/v2\/pages\/18273\/revisions"}],"wp:attachment":[{"href":"https:\/\/cedt.hu\/en\/wp-json\/wp\/v2\/media?parent=18273"}],"curies":[{"name":"wp","href":"https:\/\/api.w.org\/{rel}","templated":true}]}}