{"id":18238,"date":"2025-05-15T16:38:53","date_gmt":"2025-05-15T16:38:53","guid":{"rendered":"https:\/\/cedthu.rwpstaging.site\/?page_id=18238"},"modified":"2025-05-15T16:40:41","modified_gmt":"2025-05-15T16:40:41","slug":"xxiv-ifju-koreografusok-foruma-barna-krisztian-daboczi-david","status":"publish","type":"page","link":"https:\/\/cedt.hu\/en\/xxiv-ifju-koreografusok-foruma-barna-krisztian-daboczi-david\/","title":{"rendered":"XXIV Forum of Young Choreographers - KRISZTI\u00c1N BARNA \/ D\u00c1VID DAB\u00d3CZI"},"content":{"rendered":"<div data-elementor-type=\"wp-page\" data-elementor-id=\"18238\" class=\"elementor elementor-18238\" data-elementor-post-type=\"page\">\n\t\t\t\t\t\t<section class=\"elementor-section elementor-top-section elementor-element elementor-element-752ee972 elementor-section-boxed elementor-section-height-default elementor-section-height-default\" data-id=\"752ee972\" data-element_type=\"section\" data-e-type=\"section\" data-settings=\"{&quot;background_background&quot;:&quot;classic&quot;}\">\n\t\t\t\t\t\t<div class=\"elementor-container elementor-column-gap-default\">\n\t\t\t\t\t<div class=\"elementor-column elementor-col-100 elementor-top-column elementor-element elementor-element-56eacd5\" data-id=\"56eacd5\" data-element_type=\"column\" data-e-type=\"column\">\n\t\t\t<div class=\"elementor-widget-wrap elementor-element-populated\">\n\t\t\t\t\t\t<div class=\"elementor-element elementor-element-29111095 elementor-widget elementor-widget-image\" data-id=\"29111095\" data-element_type=\"widget\" data-e-type=\"widget\" data-widget_type=\"image.default\">\n\t\t\t\t<div class=\"elementor-widget-container\">\n\t\t\t\t\t\t\t\t\t\t\t\t\t\t\t<img fetchpriority=\"high\" decoding=\"async\" width=\"2083\" height=\"1667\" src=\"https:\/\/cedt.hu\/wp-content\/uploads\/2024\/11\/default500x400image.png\" class=\"attachment-full size-full wp-image-16159\" alt=\"\" srcset=\"https:\/\/cedt.hu\/wp-content\/uploads\/2024\/11\/default500x400image.png 2083w, https:\/\/cedt.hu\/wp-content\/uploads\/2024\/11\/default500x400image-300x240.png 300w, https:\/\/cedt.hu\/wp-content\/uploads\/2024\/11\/default500x400image-1024x819.png 1024w, https:\/\/cedt.hu\/wp-content\/uploads\/2024\/11\/default500x400image-768x615.png 768w, https:\/\/cedt.hu\/wp-content\/uploads\/2024\/11\/default500x400image-1536x1229.png 1536w, https:\/\/cedt.hu\/wp-content\/uploads\/2024\/11\/default500x400image-2048x1639.png 2048w\" sizes=\"(max-width: 2083px) 100vw, 2083px\" \/>\t\t\t\t\t\t\t\t\t\t\t\t\t\t\t<\/div>\n\t\t\t\t<\/div>\n\t\t\t\t<div class=\"elementor-element elementor-element-6711fa47 elementor-widget elementor-widget-text-editor\" data-id=\"6711fa47\" data-element_type=\"widget\" data-e-type=\"widget\" data-widget_type=\"text-editor.default\">\n\t\t\t\t<div class=\"elementor-widget-container\">\n\t\t\t\t\t\t\t\t\t<div class=\"x11i5rnm xat24cr x1mh8g0r x1vvkbs xtlvy1s\"><div class=\"show-description\"><p>Barna Kriszti\u00e1n \u00e9s Dab\u00f3czi D\u00e1vid, a K\u00f6z\u00e9p-Eur\u00f3pa T\u00e1ncs\u00ednh\u00e1z t\u00e1ncm\u0171v\u00e9szeinek demonstr\u00e1ci\u00f3ja, ahol els\u0151 alkalommal koreograf\u00e1lnak saj\u00e1t t\u00e1rsulatuknak.<\/p><p>\u2014\u2014\u2014\u2014\u2014\u2014-<\/p><p>Dichot\u00f3mia<\/p><p>\u201eAkkor h\u00e1t mit v\u00e1lasszunk ? A nehezet vagy a k\u00f6nny\u0171t? (\u2026) Az eg\u00e9sz vil\u00e1g ellent\u00e9tp\u00e1rokra van felosztva: f\u00e9ny-s\u00f6t\u00e9ts\u00e9g, finoms\u00e1g-durvas\u00e1g, meleg-hideg, l\u00e9t-neml\u00e9t. Az ellent\u00e9tp\u00e1r egyik p\u00f3lus\u00e1t pozit\u00edvnak tartotta (f\u00e9ny, meleg, finoms\u00e1g, l\u00e9t), a m\u00e1sikat negat\u00edvnak. Az eff\u00e9le negat\u00edv \u00e9s pozit\u00edv p\u00f3lusra val\u00f3 feloszt\u00e1st gyerekj\u00e1t\u00e9knak v\u00e9lhetn\u00e9nk. Egyetlen eset kiv\u00e9tel\u00e9vel: melyik a pozit\u00edv, a neh\u00e9z vagy a k\u00f6nny\u0171? (\u2026) Csak egy dolog biztos: a neh\u00e9z- k\u00f6nny\u0171 ellent\u00e9t a legtitokzatosabb \u00e9s legsok\u00e9rtelm\u0171bb az \u00f6sszes ellent\u00e9t k\u00f6z\u00fcl.\u201d \/Milan Kundera: A l\u00e9t elviselhetetlen k\u00f6nny\u0171s\u00e9ge\/<\/p><p>Hogyan fest ugyanaz a mozdulat ellent\u00e9tes t\u00f6ltettel, egy\u00e1ltal\u00e1n lehetnek-e ellent\u00e9tek ezek az energi\u00e1k? Vagy sz\u00e9tv\u00e1lasztva egyik sem tudna l\u00e9tezni a m\u00e1sik n\u00e9lk\u00fcl?<\/p><p>\u2014\u2014\u2014\u2014\u2014\u2014-<\/p><p>HIM<\/p><p>Ahogy minden f\u00e9rfiben van n\u0151i energia, \u00fagy minden n\u0151ben van f\u00e9rfi energia. A fenti gondolat alapj\u00e1n sz\u00fcletett meg bennem egy egyszer\u0171 \u00f6tlet. Adjunk a n\u00e9z\u0151 kez\u00e9be egy c\u00edmet: \u201eHIM\u201d (angol n\u00e9vm\u00e1s, egyes sz\u00e1m 3. szem\u00e9ly, h\u00edmnem, t\u00e1rgyeset). Majd mikor be\u00fcl az el\u0151ad\u00e1sra, mutassuk meg neki n\u00e9gy l\u00e1ny t\u00f6rt\u00e9net\u00e9t. Mire gondol majd? Mire asszoci\u00e1l? Hol van ez a fi\u00fa? Mir\u0151l fog sz\u00f3lni az el\u0151ad\u00e1s? F\u00e9rfir\u00f3l vagy n\u0151r\u0151l? Mindkett\u0151r\u0151l vagy egyikr\u0151l sem?<\/p><\/div><\/div>\t\t\t\t\t\t\t\t<\/div>\n\t\t\t\t<\/div>\n\t\t\t\t<div class=\"elementor-element elementor-element-19a0f211 elementor-widget elementor-widget-heading\" data-id=\"19a0f211\" data-element_type=\"widget\" data-e-type=\"widget\" data-widget_type=\"heading.default\">\n\t\t\t\t<div class=\"elementor-widget-container\">\n\t\t\t\t\t<h2 class=\"elementor-heading-title elementor-size-default\">creators<\/h2>\t\t\t\t<\/div>\n\t\t\t\t<\/div>\n\t\t\t\t<div class=\"elementor-element elementor-element-3866c548 elementor-widget-divider--view-line elementor-widget elementor-widget-divider\" data-id=\"3866c548\" data-element_type=\"widget\" data-e-type=\"widget\" data-widget_type=\"divider.default\">\n\t\t\t\t<div class=\"elementor-widget-container\">\n\t\t\t\t\t\t\t<div class=\"elementor-divider\">\n\t\t\t<span class=\"elementor-divider-separator\">\n\t\t\t\t\t\t<\/span>\n\t\t<\/div>\n\t\t\t\t\t\t<\/div>\n\t\t\t\t<\/div>\n\t\t\t\t<div class=\"elementor-element elementor-element-3517cbc0 elementor-widget elementor-widget-text-editor\" data-id=\"3517cbc0\" data-element_type=\"widget\" data-e-type=\"widget\" data-widget_type=\"text-editor.default\">\n\t\t\t\t<div class=\"elementor-widget-container\">\n\t\t\t\t\t\t\t\t\t<div class=\"show-actors\"><div id=\"nested-actors\"><div class=\"show-actors\"><div id=\"nested-actors\"><div><h3>Dichot\u00f3mia<\/h3><\/div><div><h3>Choreographer<\/h3><ul><li>Kriszti\u00e1n Barna<\/li><\/ul><\/div><div><h3>Music editor<\/h3><ul><li>madla<\/li><\/ul><\/div><div><h3>Light<\/h3><ul><li>Zolt\u00e1n Fogarasi<\/li><\/ul><\/div><div><h3>Dance artists<\/h3><ul><li>Kriszti\u00e1n Barna<\/li><li>L\u00e9na Horv\u00e1th<\/li><li>Edmond Kisbakonyi<\/li><li>G\u00e1bor Kindl<\/li><li>Mohai Cintia<\/li><li>Sinka L\u00eddia<\/li><\/ul><\/div><div><h3>&#8212;&#8212;&#8212;&#8212;&#8212;-<\/h3><\/div><div><h3>HIM<\/h3><\/div><div><h3>Choreographer<\/h3><ul><li>D\u00e1vid Dab\u00f3czi<\/li><\/ul><\/div><div><h3>Zene szerkeszt\u0151<\/h3><ul><li>madla<\/li><\/ul><\/div><div><h3>Light<\/h3><ul><li>Zolt\u00e1n Fogarasi<\/li><\/ul><\/div><div><h3>Dance artists<\/h3><ul><li>R\u00e9ka Gyevn\u00e1r<\/li><li>L\u00e9na Horv\u00e1th<\/li><li>Mohai Cintia<\/li><li>Sinka L\u00eddia<\/li><\/ul><\/div><\/div><\/div><\/div><\/div>\t\t\t\t\t\t\t\t<\/div>\n\t\t\t\t<\/div>\n\t\t\t\t<div class=\"elementor-element elementor-element-70907595 elementor-widget elementor-widget-gallery\" data-id=\"70907595\" data-element_type=\"widget\" data-e-type=\"widget\" data-settings=\"{&quot;columns&quot;:3,&quot;lazyload&quot;:&quot;yes&quot;,&quot;gallery_layout&quot;:&quot;grid&quot;,&quot;columns_tablet&quot;:2,&quot;columns_mobile&quot;:1,&quot;gap&quot;:{&quot;unit&quot;:&quot;px&quot;,&quot;size&quot;:10,&quot;sizes&quot;:[]},&quot;gap_tablet&quot;:{&quot;unit&quot;:&quot;px&quot;,&quot;size&quot;:10,&quot;sizes&quot;:[]},&quot;gap_mobile&quot;:{&quot;unit&quot;:&quot;px&quot;,&quot;size&quot;:10,&quot;sizes&quot;:[]},&quot;link_to&quot;:&quot;file&quot;,&quot;aspect_ratio&quot;:&quot;3:2&quot;,&quot;overlay_background&quot;:&quot;yes&quot;,&quot;content_hover_animation&quot;:&quot;fade-in&quot;}\" data-widget_type=\"gallery.default\">\n\t\t\t\t<div class=\"elementor-widget-container\">\n\t\t\t\t\t\t\t<div class=\"elementor-gallery__container\">\n\t\t\t\t\t\t\t<a class=\"e-gallery-item elementor-gallery-item elementor-animated-content\" href=\"https:\/\/cedt.hu\/wp-content\/uploads\/2022\/11\/Dich_079.jpg\" data-elementor-open-lightbox=\"yes\" data-elementor-lightbox-slideshow=\"70907595\" data-elementor-lightbox-title=\"Dich_079\" data-e-action-hash=\"#elementor-action%3Aaction%3Dlightbox%26settings%3DeyJpZCI6MTAxNzIsInVybCI6Imh0dHBzOlwvXC9jZWR0Lmh1XC93cC1jb250ZW50XC91cGxvYWRzXC8yMDIyXC8xMVwvRGljaF8wNzkuanBnIiwic2xpZGVzaG93IjoiNzA5MDc1OTUifQ%3D%3D\">\n\t\t\t\t\t<div class=\"e-gallery-image elementor-gallery-item__image\" data-thumbnail=\"https:\/\/cedt.hu\/wp-content\/uploads\/2022\/11\/Dich_079-300x200.jpg\" data-width=\"300\" data-height=\"200\" aria-label=\"\" role=\"img\" ><\/div>\n\t\t\t\t\t\t\t\t\t\t\t<div class=\"elementor-gallery-item__overlay\"><\/div>\n\t\t\t\t\t\t\t\t\t\t\t\t\t\t<\/a>\n\t\t\t\t\t\t\t<a class=\"e-gallery-item elementor-gallery-item elementor-animated-content\" href=\"https:\/\/cedt.hu\/wp-content\/uploads\/2022\/11\/Dich_131.jpg\" data-elementor-open-lightbox=\"yes\" data-elementor-lightbox-slideshow=\"70907595\" data-elementor-lightbox-title=\"Dich_131\" data-e-action-hash=\"#elementor-action%3Aaction%3Dlightbox%26settings%3DeyJpZCI6MTAxNzQsInVybCI6Imh0dHBzOlwvXC9jZWR0Lmh1XC93cC1jb250ZW50XC91cGxvYWRzXC8yMDIyXC8xMVwvRGljaF8xMzEuanBnIiwic2xpZGVzaG93IjoiNzA5MDc1OTUifQ%3D%3D\">\n\t\t\t\t\t<div class=\"e-gallery-image elementor-gallery-item__image\" data-thumbnail=\"https:\/\/cedt.hu\/wp-content\/uploads\/2022\/11\/Dich_131-300x200.jpg\" data-width=\"300\" data-height=\"200\" aria-label=\"\" role=\"img\" ><\/div>\n\t\t\t\t\t\t\t\t\t\t\t<div class=\"elementor-gallery-item__overlay\"><\/div>\n\t\t\t\t\t\t\t\t\t\t\t\t\t\t<\/a>\n\t\t\t\t\t\t\t<a class=\"e-gallery-item elementor-gallery-item elementor-animated-content\" href=\"https:\/\/cedt.hu\/wp-content\/uploads\/2022\/11\/Dich_142.jpg\" data-elementor-open-lightbox=\"yes\" data-elementor-lightbox-slideshow=\"70907595\" data-elementor-lightbox-title=\"Dich_142\" data-e-action-hash=\"#elementor-action%3Aaction%3Dlightbox%26settings%3DeyJpZCI6MTAxNzYsInVybCI6Imh0dHBzOlwvXC9jZWR0Lmh1XC93cC1jb250ZW50XC91cGxvYWRzXC8yMDIyXC8xMVwvRGljaF8xNDIuanBnIiwic2xpZGVzaG93IjoiNzA5MDc1OTUifQ%3D%3D\">\n\t\t\t\t\t<div class=\"e-gallery-image elementor-gallery-item__image\" data-thumbnail=\"https:\/\/cedt.hu\/wp-content\/uploads\/2022\/11\/Dich_142-300x200.jpg\" data-width=\"300\" data-height=\"200\" aria-label=\"\" role=\"img\" ><\/div>\n\t\t\t\t\t\t\t\t\t\t\t<div class=\"elementor-gallery-item__overlay\"><\/div>\n\t\t\t\t\t\t\t\t\t\t\t\t\t\t<\/a>\n\t\t\t\t\t<\/div>\n\t\t\t\t\t<\/div>\n\t\t\t\t<\/div>\n\t\t\t\t\t<\/div>\n\t\t<\/div>\n\t\t\t\t\t<\/div>\n\t\t<\/section>\n\t\t\t\t<\/div>","protected":false},"excerpt":{"rendered":"<p>Barna Kriszti\u00e1n \u00e9s Dab\u00f3czi D\u00e1vid, a K\u00f6z\u00e9p-Eur\u00f3pa T\u00e1ncs\u00ednh\u00e1z t\u00e1ncm\u0171v\u00e9szeinek demonstr\u00e1ci\u00f3ja, ahol els\u0151 alkalommal koreograf\u00e1lnak saj\u00e1t t\u00e1rsulatuknak. \u2014\u2014\u2014\u2014\u2014\u2014- Dichot\u00f3mia \u201eAkkor h\u00e1t mit v\u00e1lasszunk ? A nehezet vagy a k\u00f6nny\u0171t? (\u2026) Az eg\u00e9sz vil\u00e1g ellent\u00e9tp\u00e1rokra van felosztva: f\u00e9ny-s\u00f6t\u00e9ts\u00e9g, finoms\u00e1g-durvas\u00e1g, meleg-hideg, l\u00e9t-neml\u00e9t. Az ellent\u00e9tp\u00e1r egyik p\u00f3lus\u00e1t pozit\u00edvnak tartotta (f\u00e9ny, meleg, finoms\u00e1g, l\u00e9t), a m\u00e1sikat negat\u00edvnak. Az eff\u00e9le negat\u00edv [&hellip;]<\/p>\n","protected":false},"author":1,"featured_media":0,"parent":0,"menu_order":0,"comment_status":"closed","ping_status":"closed","template":"elementor_header_footer","meta":{"footnotes":""},"class_list":["post-18238","page","type-page","status-publish","hentry"],"_links":{"self":[{"href":"https:\/\/cedt.hu\/en\/wp-json\/wp\/v2\/pages\/18238","targetHints":{"allow":["GET"]}}],"collection":[{"href":"https:\/\/cedt.hu\/en\/wp-json\/wp\/v2\/pages"}],"about":[{"href":"https:\/\/cedt.hu\/en\/wp-json\/wp\/v2\/types\/page"}],"author":[{"embeddable":true,"href":"https:\/\/cedt.hu\/en\/wp-json\/wp\/v2\/users\/1"}],"replies":[{"embeddable":true,"href":"https:\/\/cedt.hu\/en\/wp-json\/wp\/v2\/comments?post=18238"}],"version-history":[{"count":0,"href":"https:\/\/cedt.hu\/en\/wp-json\/wp\/v2\/pages\/18238\/revisions"}],"wp:attachment":[{"href":"https:\/\/cedt.hu\/en\/wp-json\/wp\/v2\/media?parent=18238"}],"curies":[{"name":"wp","href":"https:\/\/api.w.org\/{rel}","templated":true}]}}