{"id":18208,"date":"2025-05-15T16:33:00","date_gmt":"2025-05-15T16:33:00","guid":{"rendered":"https:\/\/cedthu.rwpstaging.site\/?page_id=18208"},"modified":"2025-05-15T16:35:38","modified_gmt":"2025-05-15T16:35:38","slug":"sweet-disharmony-xxv-ifju-koreografusok-foruma-horvath-acca","status":"publish","type":"page","link":"https:\/\/cedt.hu\/en\/sweet-disharmony-xxv-ifju-koreografusok-foruma-horvath-acca\/","title":{"rendered":"Sweet (dis)harmony - XXV Forum of Young Choreographers - HORV\u00c1TH ACCA"},"content":{"rendered":"<div data-elementor-type=\"wp-page\" data-elementor-id=\"18208\" class=\"elementor elementor-18208\" data-elementor-post-type=\"page\">\n\t\t\t\t\t\t<section class=\"elementor-section elementor-top-section elementor-element elementor-element-71e29de2 elementor-section-boxed elementor-section-height-default elementor-section-height-default\" data-id=\"71e29de2\" data-element_type=\"section\" data-e-type=\"section\" data-settings=\"{&quot;background_background&quot;:&quot;classic&quot;}\">\n\t\t\t\t\t\t<div class=\"elementor-container elementor-column-gap-default\">\n\t\t\t\t\t<div class=\"elementor-column elementor-col-100 elementor-top-column elementor-element elementor-element-301210bb\" data-id=\"301210bb\" data-element_type=\"column\" data-e-type=\"column\">\n\t\t\t<div class=\"elementor-widget-wrap elementor-element-populated\">\n\t\t\t\t\t\t<div class=\"elementor-element elementor-element-34b09bff elementor-widget elementor-widget-image\" data-id=\"34b09bff\" data-element_type=\"widget\" data-e-type=\"widget\" data-widget_type=\"image.default\">\n\t\t\t\t<div class=\"elementor-widget-container\">\n\t\t\t\t\t\t\t\t\t\t\t\t\t\t\t<img fetchpriority=\"high\" decoding=\"async\" width=\"820\" height=\"1093\" src=\"https:\/\/cedt.hu\/wp-content\/uploads\/2023\/10\/Horv\u00e1th-Attila-portr\u00e9-kredit-nem-kell-3.jpg\" class=\"attachment-full size-full wp-image-11055\" alt=\"\" srcset=\"https:\/\/cedt.hu\/wp-content\/uploads\/2023\/10\/Horv\u00e1th-Attila-portr\u00e9-kredit-nem-kell-3.jpg 820w, https:\/\/cedt.hu\/wp-content\/uploads\/2023\/10\/Horv\u00e1th-Attila-portr\u00e9-kredit-nem-kell-3-225x300.jpg 225w, https:\/\/cedt.hu\/wp-content\/uploads\/2023\/10\/Horv\u00e1th-Attila-portr\u00e9-kredit-nem-kell-3-768x1024.jpg 768w, https:\/\/cedt.hu\/wp-content\/uploads\/2023\/10\/Horv\u00e1th-Attila-portr\u00e9-kredit-nem-kell-3-300x400.jpg 300w, https:\/\/cedt.hu\/wp-content\/uploads\/2023\/10\/Horv\u00e1th-Attila-portr\u00e9-kredit-nem-kell-3-15x20.jpg 15w\" sizes=\"(max-width: 820px) 100vw, 820px\" \/>\t\t\t\t\t\t\t\t\t\t\t\t\t\t\t<\/div>\n\t\t\t\t<\/div>\n\t\t\t\t<div class=\"elementor-element elementor-element-2355ced1 elementor-widget elementor-widget-text-editor\" data-id=\"2355ced1\" data-element_type=\"widget\" data-e-type=\"widget\" data-widget_type=\"text-editor.default\">\n\t\t\t\t<div class=\"elementor-widget-container\">\n\t\t\t\t\t\t\t\t\t<div class=\"x11i5rnm xat24cr x1mh8g0r x1vvkbs xtlvy1s\"><div class=\"show-description\"><p>Az el\u0151ad\u00e1s t\u00e9m\u00e1ja egy z\u00e1rt k\u00f6z\u00f6ss\u00e9gen bel\u00fcli folyamatos \u00e1llapotv\u00e1ltoz\u00e1st \u00e9s a k\u00fcl\u00f6nb\u00f6z\u0151 temperamentum\u00fa egy\u00e9nis\u00e9gek k\u00f6z\u00f6tti k\u00fcl\u00f6nbs\u00e9geket vizsg\u00e1lja. A csoport kezdetben \u00fagy m\u0171k\u00f6dik, mint egy szekta, amelyben az egy\u00fctt rezd\u00fcl\u00e9s euf\u00f3ri\u00e1ja a legfontosabb r\u00edtus. A testek szem\u00e9lytelenek, nem rendelkeznek \u00f6n\u00e1ll\u00f3 gondolattal vagy szem\u00e9lyis\u00e9ggel, hanem mint a sejtek, egy\u00fcttesen alkotnak meg egy nagyobb rendszert. A v\u00e1ltoz\u00e1s akkor k\u00f6vetkezik be, amikor az egyik test rezg\u00e9sszintje \u00e1talakul \u00e9s nem illik bele a kor\u00e1bbi rendszerbe, ez\u00e1ltal a szimbi\u00f3zis felborul. Az \u00e1llapotv\u00e1ltoz\u00e1sok sor\u00e1n gyeng\u00fcl az egys\u00e9g \u00e9s egyre ink\u00e1bb teret nyer a szem\u00e9lyis\u00e9g, azaz individuum kibontakoz\u00e1sa.<\/p><p>\u00a0<\/p><\/div><\/div>\t\t\t\t\t\t\t\t<\/div>\n\t\t\t\t<\/div>\n\t\t\t\t<div class=\"elementor-element elementor-element-63bfe309 elementor-widget elementor-widget-heading\" data-id=\"63bfe309\" data-element_type=\"widget\" data-e-type=\"widget\" data-widget_type=\"heading.default\">\n\t\t\t\t<div class=\"elementor-widget-container\">\n\t\t\t\t\t<h2 class=\"elementor-heading-title elementor-size-default\">creators<\/h2>\t\t\t\t<\/div>\n\t\t\t\t<\/div>\n\t\t\t\t<div class=\"elementor-element elementor-element-65ee1b3d elementor-widget-divider--view-line elementor-widget elementor-widget-divider\" data-id=\"65ee1b3d\" data-element_type=\"widget\" data-e-type=\"widget\" data-widget_type=\"divider.default\">\n\t\t\t\t<div class=\"elementor-widget-container\">\n\t\t\t\t\t\t\t<div class=\"elementor-divider\">\n\t\t\t<span class=\"elementor-divider-separator\">\n\t\t\t\t\t\t<\/span>\n\t\t<\/div>\n\t\t\t\t\t\t<\/div>\n\t\t\t\t<\/div>\n\t\t\t\t<div class=\"elementor-element elementor-element-45467bc4 elementor-widget elementor-widget-text-editor\" data-id=\"45467bc4\" data-element_type=\"widget\" data-e-type=\"widget\" data-widget_type=\"text-editor.default\">\n\t\t\t\t<div class=\"elementor-widget-container\">\n\t\t\t\t\t\t\t\t\t<div class=\"show-actors\"><div id=\"nested-actors\"><div class=\"show-actors\"><div id=\"nested-actors\"><div><h3>Dance artists<\/h3><ul><li>R\u00e9ka Gyevn\u00e1r<\/li><li>Edmond Kisbakonyi<\/li><li>G\u00e1bor Kindl<\/li><li>Sinka L\u00eddia<\/li><li>Berta Pucsek<\/li><li>Marcell Hov\u00e1n<\/li><li>Gizella No\u00e9mi Nagy<\/li><\/ul><\/div><div><h3>Set, costume<\/h3><ul><li>Horv\u00e1th Attila<\/li><\/ul><\/div><div><h3>Light<\/h3><ul><li>Merc\u00e9desz Selmeczi<\/li><\/ul><\/div><div><h3>Choreographer<\/h3><ul><li>Horv\u00e1th Attila<\/li><\/ul><\/div><\/div><\/div><\/div><\/div>\t\t\t\t\t\t\t\t<\/div>\n\t\t\t\t<\/div>\n\t\t\t\t<div class=\"elementor-element elementor-element-7ebab54a elementor-widget elementor-widget-gallery\" data-id=\"7ebab54a\" data-element_type=\"widget\" data-e-type=\"widget\" data-settings=\"{&quot;columns&quot;:3,&quot;lazyload&quot;:&quot;yes&quot;,&quot;gallery_layout&quot;:&quot;grid&quot;,&quot;columns_tablet&quot;:2,&quot;columns_mobile&quot;:1,&quot;gap&quot;:{&quot;unit&quot;:&quot;px&quot;,&quot;size&quot;:10,&quot;sizes&quot;:[]},&quot;gap_tablet&quot;:{&quot;unit&quot;:&quot;px&quot;,&quot;size&quot;:10,&quot;sizes&quot;:[]},&quot;gap_mobile&quot;:{&quot;unit&quot;:&quot;px&quot;,&quot;size&quot;:10,&quot;sizes&quot;:[]},&quot;link_to&quot;:&quot;file&quot;,&quot;aspect_ratio&quot;:&quot;3:2&quot;,&quot;overlay_background&quot;:&quot;yes&quot;,&quot;content_hover_animation&quot;:&quot;fade-in&quot;}\" data-widget_type=\"gallery.default\">\n\t\t\t\t<div class=\"elementor-widget-container\">\n\t\t\t\t\t\t\t<div class=\"elementor-gallery__container\">\n\t\t\t\t\t\t\t<a class=\"e-gallery-item elementor-gallery-item elementor-animated-content\" href=\"https:\/\/cedt.hu\/wp-content\/uploads\/2023\/10\/disH_064.jpg\" data-elementor-open-lightbox=\"yes\" data-elementor-lightbox-slideshow=\"7ebab54a\" data-elementor-lightbox-title=\"disH_064\" data-e-action-hash=\"#elementor-action%3Aaction%3Dlightbox%26settings%3DeyJpZCI6MTE0MzAsInVybCI6Imh0dHBzOlwvXC9jZWR0Lmh1XC93cC1jb250ZW50XC91cGxvYWRzXC8yMDIzXC8xMFwvZGlzSF8wNjQuanBnIiwic2xpZGVzaG93IjoiN2ViYWI1NGEifQ%3D%3D\">\n\t\t\t\t\t<div class=\"e-gallery-image elementor-gallery-item__image\" data-thumbnail=\"https:\/\/cedt.hu\/wp-content\/uploads\/2023\/10\/disH_064-300x200.jpg\" data-width=\"300\" data-height=\"200\" aria-label=\"\" role=\"img\" ><\/div>\n\t\t\t\t\t\t\t\t\t\t\t<div class=\"elementor-gallery-item__overlay\"><\/div>\n\t\t\t\t\t\t\t\t\t\t\t\t\t\t<\/a>\n\t\t\t\t\t\t\t<a class=\"e-gallery-item elementor-gallery-item elementor-animated-content\" href=\"https:\/\/cedt.hu\/wp-content\/uploads\/2023\/10\/1c36d99e-95eb-4e52-ad80-f27cddabfd88.jpg\" data-elementor-open-lightbox=\"yes\" data-elementor-lightbox-slideshow=\"7ebab54a\" data-elementor-lightbox-title=\"1c36d99e-95eb-4e52-ad80-f27cddabfd88\" data-e-action-hash=\"#elementor-action%3Aaction%3Dlightbox%26settings%3DeyJpZCI6MTE0MzMsInVybCI6Imh0dHBzOlwvXC9jZWR0Lmh1XC93cC1jb250ZW50XC91cGxvYWRzXC8yMDIzXC8xMFwvMWMzNmQ5OWUtOTVlYi00ZTUyLWFkODAtZjI3Y2RkYWJmZDg4LmpwZyIsInNsaWRlc2hvdyI6IjdlYmFiNTRhIn0%3D\">\n\t\t\t\t\t<div class=\"e-gallery-image elementor-gallery-item__image\" data-thumbnail=\"https:\/\/cedt.hu\/wp-content\/uploads\/2023\/10\/1c36d99e-95eb-4e52-ad80-f27cddabfd88-300x200.jpg\" data-width=\"300\" data-height=\"200\" aria-label=\"\" role=\"img\" ><\/div>\n\t\t\t\t\t\t\t\t\t\t\t<div class=\"elementor-gallery-item__overlay\"><\/div>\n\t\t\t\t\t\t\t\t\t\t\t\t\t\t<\/a>\n\t\t\t\t\t\t\t<a class=\"e-gallery-item elementor-gallery-item elementor-animated-content\" href=\"https:\/\/cedt.hu\/wp-content\/uploads\/2023\/10\/5e92c11b-483b-4d9b-9900-703f9714dfd7.jpg\" data-elementor-open-lightbox=\"yes\" data-elementor-lightbox-slideshow=\"7ebab54a\" data-elementor-lightbox-title=\"5e92c11b-483b-4d9b-9900-703f9714dfd7\" data-e-action-hash=\"#elementor-action%3Aaction%3Dlightbox%26settings%3DeyJpZCI6MTE0MzUsInVybCI6Imh0dHBzOlwvXC9jZWR0Lmh1XC93cC1jb250ZW50XC91cGxvYWRzXC8yMDIzXC8xMFwvNWU5MmMxMWItNDgzYi00ZDliLTk5MDAtNzAzZjk3MTRkZmQ3LmpwZyIsInNsaWRlc2hvdyI6IjdlYmFiNTRhIn0%3D\">\n\t\t\t\t\t<div class=\"e-gallery-image elementor-gallery-item__image\" data-thumbnail=\"https:\/\/cedt.hu\/wp-content\/uploads\/2023\/10\/5e92c11b-483b-4d9b-9900-703f9714dfd7-300x200.jpg\" data-width=\"300\" data-height=\"200\" aria-label=\"\" role=\"img\" ><\/div>\n\t\t\t\t\t\t\t\t\t\t\t<div class=\"elementor-gallery-item__overlay\"><\/div>\n\t\t\t\t\t\t\t\t\t\t\t\t\t\t<\/a>\n\t\t\t\t\t<\/div>\n\t\t\t\t\t<\/div>\n\t\t\t\t<\/div>\n\t\t\t\t\t<\/div>\n\t\t<\/div>\n\t\t\t\t\t<\/div>\n\t\t<\/section>\n\t\t\t\t<\/div>","protected":false},"excerpt":{"rendered":"<p>Az el\u0151ad\u00e1s t\u00e9m\u00e1ja egy z\u00e1rt k\u00f6z\u00f6ss\u00e9gen bel\u00fcli folyamatos \u00e1llapotv\u00e1ltoz\u00e1st \u00e9s a k\u00fcl\u00f6nb\u00f6z\u0151 temperamentum\u00fa egy\u00e9nis\u00e9gek k\u00f6z\u00f6tti k\u00fcl\u00f6nbs\u00e9geket vizsg\u00e1lja. A csoport kezdetben \u00fagy m\u0171k\u00f6dik, mint egy szekta, amelyben az egy\u00fctt rezd\u00fcl\u00e9s euf\u00f3ri\u00e1ja a legfontosabb r\u00edtus. A testek szem\u00e9lytelenek, nem rendelkeznek \u00f6n\u00e1ll\u00f3 gondolattal vagy szem\u00e9lyis\u00e9ggel, hanem mint a sejtek, egy\u00fcttesen alkotnak meg egy nagyobb rendszert. A v\u00e1ltoz\u00e1s akkor [&hellip;]<\/p>\n","protected":false},"author":1,"featured_media":0,"parent":0,"menu_order":0,"comment_status":"closed","ping_status":"closed","template":"elementor_header_footer","meta":{"footnotes":""},"class_list":["post-18208","page","type-page","status-publish","hentry"],"_links":{"self":[{"href":"https:\/\/cedt.hu\/en\/wp-json\/wp\/v2\/pages\/18208","targetHints":{"allow":["GET"]}}],"collection":[{"href":"https:\/\/cedt.hu\/en\/wp-json\/wp\/v2\/pages"}],"about":[{"href":"https:\/\/cedt.hu\/en\/wp-json\/wp\/v2\/types\/page"}],"author":[{"embeddable":true,"href":"https:\/\/cedt.hu\/en\/wp-json\/wp\/v2\/users\/1"}],"replies":[{"embeddable":true,"href":"https:\/\/cedt.hu\/en\/wp-json\/wp\/v2\/comments?post=18208"}],"version-history":[{"count":0,"href":"https:\/\/cedt.hu\/en\/wp-json\/wp\/v2\/pages\/18208\/revisions"}],"wp:attachment":[{"href":"https:\/\/cedt.hu\/en\/wp-json\/wp\/v2\/media?parent=18208"}],"curies":[{"name":"wp","href":"https:\/\/api.w.org\/{rel}","templated":true}]}}