{"id":18065,"date":"2025-05-15T14:07:30","date_gmt":"2025-05-15T14:07:30","guid":{"rendered":"https:\/\/cedthu.rwpstaging.site\/?page_id=18065"},"modified":"2025-05-15T14:10:00","modified_gmt":"2025-05-15T14:10:00","slug":"uraim","status":"publish","type":"page","link":"https:\/\/cedt.hu\/en\/uraim\/","title":{"rendered":"Gentlemen"},"content":{"rendered":"<div data-elementor-type=\"wp-page\" data-elementor-id=\"18065\" class=\"elementor elementor-18065\" data-elementor-post-type=\"page\">\n\t\t\t\t\t\t<section class=\"elementor-section elementor-top-section elementor-element elementor-element-13071b71 elementor-section-boxed elementor-section-height-default elementor-section-height-default\" data-id=\"13071b71\" data-element_type=\"section\" data-e-type=\"section\" data-settings=\"{&quot;background_background&quot;:&quot;classic&quot;}\">\n\t\t\t\t\t\t<div class=\"elementor-container elementor-column-gap-default\">\n\t\t\t\t\t<div class=\"elementor-column elementor-col-100 elementor-top-column elementor-element elementor-element-6691708f\" data-id=\"6691708f\" data-element_type=\"column\" data-e-type=\"column\">\n\t\t\t<div class=\"elementor-widget-wrap elementor-element-populated\">\n\t\t\t\t\t\t<div class=\"elementor-element elementor-element-59f10508 elementor-widget elementor-widget-image\" data-id=\"59f10508\" data-element_type=\"widget\" data-e-type=\"widget\" data-widget_type=\"image.default\">\n\t\t\t\t<div class=\"elementor-widget-container\">\n\t\t\t\t\t\t\t\t\t\t\t\t\t\t\t<img fetchpriority=\"high\" decoding=\"async\" width=\"480\" height=\"480\" src=\"https:\/\/cedt.hu\/wp-content\/uploads\/2017\/02\/foto_1115.jpg\" class=\"attachment-full size-full wp-image-1825\" alt=\"\" srcset=\"https:\/\/cedt.hu\/wp-content\/uploads\/2017\/02\/foto_1115.jpg 480w, https:\/\/cedt.hu\/wp-content\/uploads\/2017\/02\/foto_1115-150x150.jpg 150w, https:\/\/cedt.hu\/wp-content\/uploads\/2017\/02\/foto_1115-300x300.jpg 300w, https:\/\/cedt.hu\/wp-content\/uploads\/2017\/02\/foto_1115-400x400.jpg 400w, https:\/\/cedt.hu\/wp-content\/uploads\/2017\/02\/foto_1115-20x20.jpg 20w\" sizes=\"(max-width: 480px) 100vw, 480px\" \/>\t\t\t\t\t\t\t\t\t\t\t\t\t\t\t<\/div>\n\t\t\t\t<\/div>\n\t\t\t\t<div class=\"elementor-element elementor-element-4be13ba0 elementor-widget elementor-widget-text-editor\" data-id=\"4be13ba0\" data-element_type=\"widget\" data-e-type=\"widget\" data-widget_type=\"text-editor.default\">\n\t\t\t\t<div class=\"elementor-widget-container\">\n\t\t\t\t\t\t\t\t\t<div class=\"x11i5rnm xat24cr x1mh8g0r x1vvkbs xtlvy1s\"><div class=\"show-description\"><div class=\"show-description\"><p>Art is a niche to show, to discuss, to confront the illegal. It is able to separate it from reality. Thus, under the name of art, the taboo becomes legal. How does contextualisation work? How does the human brain work? How do we use it?<\/p><p>A m\u0171v\u00e9szet olt\u00e1r\u00e1n szabad, amit az \u00e9letben nem minden esetben tehet\u00fcnk meg. Ez\u00e9rt a m\u0171v\u00e9szet alibij\u00e9ben ott a szabads\u00e1g. Ugyanakkor az, hogy ilyen relat\u00edvek a keretek, az azt is jelenti, hogy az ember nem tal\u00e1lja a hat\u00e1rait. A sz\u00ednpadon ak\u00e1r ki is ny\u00edrhatjuk magunkat, v\u00e9gign\u00e9zik. Minden kontextus k\u00e9rd\u00e9se, az agy a kontextus alapj\u00e1n emel ki l\u00e9nyeges elemeket a val\u00f3s\u00e1gb\u00f3l.<\/p><p>\u201eT\u00f6bb s\u00edkon kezdt\u00fcnk el dolgozni G\u00e1borral. \u00c9rdekel az \u0151 saj\u00e1t szem\u00e9lyes m\u00faltb\u00e9li t\u00f6rt\u00e9nete \u00e9s a jelenben l\u00e9v\u0151 \u00e9rzetei, a t\u00e1nchoz val\u00f3 viszonya. A f\u00e9rfi nemhez kapcsol\u00f3d\u00f3 elv\u00e1r\u00e1sok, sztereotip jellemz\u0151k, a f\u00e9rfi szerep, jelleg k\u00fcl\u00f6nb\u00f6z\u0151 \u00e9lethelyzetekben \u00e9s t\u00e1ncst\u00edlusokban val\u00f3 megjelen\u00e9se foglalkoztat. Illetve a t\u00e9m\u00e1val kapcsolatos, verb\u00e1lisan \u00e9rtelmezhet\u0151 tartalmak film r\u00e9szlet, mese, vers, dal haszn\u00e1lata.\u201d<\/p><p>A sz\u00f3l\u00f3sorozat\u00a0egy olyan fel\u00fclet, amely lehet\u0151s\u00e9get biztos\u00edt az alkot\u00f3 \u00e9s az el\u0151ad\u00f3 szoros egy\u00fcttm\u0171k\u00f6d\u00e9s\u00e9re. A sz\u00f3l\u00f3 m\u0171faj\u00e1nak k\u00f6sz\u00f6nhet\u0151en a t\u00e1ncos sz\u00ednpadi jelenl\u00e9t\u00e9ben, el\u0151ad\u00e1s\u00e1ban rajzol\u00f3dik meg a m\u0171v\u00e9sz portr\u00e9ja, \u00edgy v\u00e1lhat k\u00e9t alkot\u00f3 entit\u00e1s k\u00f6z\u00f6s munk\u00e1ja egy-egy portr\u00e9v\u00e1 a KET adott t\u00e1ncm\u0171v\u00e9sz\u00e9r\u0151l.<\/p><p>H\u00f3d Adrienn f\u0151 profilja a k\u00eds\u00e9rleti mozg\u00e1s, kort\u00e1rst\u00e1nc. Alkalmazott koreogr\u00e1fus sz\u00ednh\u00e1zi el\u0151ad\u00e1sokban, j\u00e1t\u00e9kfilmekben (Saul fia, Ikrek hava), rekl\u00e1mfilmekben \u00e9s divatbemutat\u00f3kon. Alkot\u00f3munk\u00e1ja mellett rendszeresen tan\u00edt improviz\u00e1ci\u00f3t a Budapest Kort\u00e1rst\u00e1nc F\u0151iskol\u00e1n.<br \/>Munk\u00e1i sor\u00e1n a kultur\u00e1lis kontextus\u00e1b\u00f3l kiemelt mozg\u00f3 emberi test foglalkoztatja, amelyet \u00e1ltal\u00e1ban \u00fcres t\u00e9rbe helyez. A pr\u00f3bateremben olyan \u00e9rz\u00e9keny helyzeteket gener\u00e1l, amelyekben t\u00e9r \u00e9s bizalom ny\u00edlik a t\u00e1ncosoknak a fizikalit\u00e1s megteremt\u00e9s\u00e9re. Munkam\u00f3dszere az improviz\u00e1ci\u00f3n alapul, ami a sz\u00ednpadon szigor\u00faan struktur\u00e1lt form\u00e1ban jelenik meg. Nem f\u00e9l megdolgozni az ismeretlent.<br \/>H\u00f3d Adrienn 1975-ben sz\u00fcletett. 1997-ben v\u00e9gzett az Angelus Iv\u00e1n \u00e1ltal alap\u00edtott hazai kort\u00e1rs t\u00e1nciskol\u00e1ban (Budapest T\u00e1nciskola), 2010-ig akt\u00edv t\u00e1ncos. Korai munk\u00e1it a M\u0171hely Alap\u00edtv\u00e1ny Inspir\u00e1ci\u00f3 koreogr\u00e1fiai estjein mutatta be. 1995-ben megalap\u00edtotta az OFF T\u00e1rsulatot, amelyet 2007-ben a HODWORKS k\u00f6vetett. Ugyanebben az \u00e9vben a M\u0171hely Alap\u00edtv\u00e1ny \u201eAz ismeretlen kutat\u00e1sa\u201d c\u00edm\u0171 program \u00f6szt\u00f6nd\u00edjasa, 2008-ban a Meeting Points magyar-amerikai m\u0171v\u00e9szeti program r\u00e9sztvev\u0151je. 2010-ben a Trust for Mutual Understanding \u00f6szt\u00f6nd\u00edjasa, 2011-ben a Tempus K\u00f6zalap\u00edtv\u00e1ny t\u00e1mogat\u00e1s\u00e1val rezidens a berlini Tanzfabrikn\u00e1l. 2012-ben a Jardin d\u2019Europe projekt, 2013-ban a Traf\u00f3 Kort\u00e1rs M\u0171v\u00e9szetek H\u00e1za t\u00e1mogat\u00e1s\u00e1val k\u00e9sz\u00edt produkci\u00f3t. 2013 \u0151sz\u00e9n a Headlands Centre for the Arts \u00f6szt\u00f6nd\u00edjasa San Franciscoban, 2014-ben k\u00e9t hetet t\u00f6lt Philadephi\u00e1ban a danceUSA\/Philadelphia szervezetn\u00e9l, a M\u0171hely Alap\u00edtv\u00e1ny csereprogramj\u00e1val. A Basse danse-t 2012-ben, a Pirkad c\u00edm\u0171 produkci\u00f3j\u00e1t 2014-ben, a Haland\u00f3s\u00e1g felt\u00e9teleit pedig 2015-ben az \u00e9v 20 legkiemelked\u0151bb kort\u00e1rs t\u00e1ncel\u0151ad\u00e1sa k\u00f6z\u00e9 v\u00e1lasztotta az Aerowaves nemzetk\u00f6zi h\u00e1l\u00f3zat. Munk\u00e1it eddig h\u00e9t alkalommal jel\u00f6lt\u00e9k L\u00e1b\u00e1n-d\u00edjra, amelyet k\u00e9tszer, 2012-ben a Basse danse el\u0151ad\u00e1ssal \u00e9s 2014-ben a Pirkaddal nyert el.<\/p><p><a href=\"http:\/\/www.hodworks.hu\/\">www.hodworks.hu<\/a><\/p><p>T\u00e1mogat\u00f3k: NKA, Bethlen T\u00e9ri Sz\u00ednh\u00e1z, S\u00cdN Kultur\u00e1lis K\u00f6zpont, \u00daj El\u0151ad\u00f3m\u0171v\u00e9szeti Alap\u00edtv\u00e1ny<\/p><\/div><\/div><\/div>\t\t\t\t\t\t\t\t<\/div>\n\t\t\t\t<\/div>\n\t\t\t\t<div class=\"elementor-element elementor-element-58aee2bf elementor-widget elementor-widget-heading\" data-id=\"58aee2bf\" data-element_type=\"widget\" data-e-type=\"widget\" data-widget_type=\"heading.default\">\n\t\t\t\t<div class=\"elementor-widget-container\">\n\t\t\t\t\t<h2 class=\"elementor-heading-title elementor-size-default\">creators<\/h2>\t\t\t\t<\/div>\n\t\t\t\t<\/div>\n\t\t\t\t<div class=\"elementor-element elementor-element-4c988c3 elementor-widget-divider--view-line elementor-widget elementor-widget-divider\" data-id=\"4c988c3\" data-element_type=\"widget\" data-e-type=\"widget\" data-widget_type=\"divider.default\">\n\t\t\t\t<div class=\"elementor-widget-container\">\n\t\t\t\t\t\t\t<div class=\"elementor-divider\">\n\t\t\t<span class=\"elementor-divider-separator\">\n\t\t\t\t\t\t<\/span>\n\t\t<\/div>\n\t\t\t\t\t\t<\/div>\n\t\t\t\t<\/div>\n\t\t\t\t<div class=\"elementor-element elementor-element-6e20f3c9 elementor-widget elementor-widget-text-editor\" data-id=\"6e20f3c9\" data-element_type=\"widget\" data-e-type=\"widget\" data-widget_type=\"text-editor.default\">\n\t\t\t\t<div class=\"elementor-widget-container\">\n\t\t\t\t\t\t\t\t\t<div class=\"show-actors\"><div id=\"nested-actors\"><div class=\"show-actors\"><div id=\"nested-actors\"><div><h3>Alkot\u00f3t\u00e1rs \u00e9s el\u0151ad\u00f3<\/h3><ul><li>G\u00e1bor Ivanov<\/li><\/ul><\/div><div><h3>Music editor<\/h3><ul><li>L\u00e1szl\u00f3 M\u00e1di<\/li><\/ul><\/div><div><h3>Special thanks to<\/h3><ul><li>Mariann Hargitai<\/li><li>Csaba Moln\u00e1r<\/li><\/ul><\/div><div><h3>Choreographer<\/h3><ul><li>H\u00f3d Adrienn<\/li><\/ul><\/div><\/div><\/div><\/div><\/div>\t\t\t\t\t\t\t\t<\/div>\n\t\t\t\t<\/div>\n\t\t\t\t<div class=\"elementor-element elementor-element-1fb820ae elementor-widget elementor-widget-gallery\" data-id=\"1fb820ae\" data-element_type=\"widget\" data-e-type=\"widget\" data-settings=\"{&quot;columns&quot;:3,&quot;lazyload&quot;:&quot;yes&quot;,&quot;gallery_layout&quot;:&quot;grid&quot;,&quot;columns_tablet&quot;:2,&quot;columns_mobile&quot;:1,&quot;gap&quot;:{&quot;unit&quot;:&quot;px&quot;,&quot;size&quot;:10,&quot;sizes&quot;:[]},&quot;gap_tablet&quot;:{&quot;unit&quot;:&quot;px&quot;,&quot;size&quot;:10,&quot;sizes&quot;:[]},&quot;gap_mobile&quot;:{&quot;unit&quot;:&quot;px&quot;,&quot;size&quot;:10,&quot;sizes&quot;:[]},&quot;link_to&quot;:&quot;file&quot;,&quot;aspect_ratio&quot;:&quot;3:2&quot;,&quot;overlay_background&quot;:&quot;yes&quot;,&quot;content_hover_animation&quot;:&quot;fade-in&quot;}\" data-widget_type=\"gallery.default\">\n\t\t\t\t<div class=\"elementor-widget-container\">\n\t\t\t\t\t\t\t<div class=\"elementor-gallery__container\">\n\t\t\t\t\t\t\t<a class=\"e-gallery-item elementor-gallery-item elementor-animated-content\" href=\"https:\/\/cedt.hu\/wp-content\/uploads\/2017\/02\/foto_1100.jpg\" data-elementor-open-lightbox=\"yes\" data-elementor-lightbox-slideshow=\"1fb820ae\" data-elementor-lightbox-title=\"foto_1100\" data-elementor-lightbox-description=\"Kenyeres Csilla \/ Csilla Kenyeres \" data-e-action-hash=\"#elementor-action%3Aaction%3Dlightbox%26settings%3DeyJpZCI6MTgxNSwidXJsIjoiaHR0cHM6XC9cL2NlZHQuaHVcL3dwLWNvbnRlbnRcL3VwbG9hZHNcLzIwMTdcLzAyXC9mb3RvXzExMDAuanBnIiwic2xpZGVzaG93IjoiMWZiODIwYWUifQ%3D%3D\">\n\t\t\t\t\t<div class=\"e-gallery-image elementor-gallery-item__image\" data-thumbnail=\"https:\/\/cedt.hu\/wp-content\/uploads\/2017\/02\/foto_1100-212x300.jpg\" data-width=\"212\" data-height=\"300\" aria-label=\"\" role=\"img\" ><\/div>\n\t\t\t\t\t\t\t\t\t\t\t<div class=\"elementor-gallery-item__overlay\"><\/div>\n\t\t\t\t\t\t\t\t\t\t\t\t\t\t<\/a>\n\t\t\t\t\t\t\t<a class=\"e-gallery-item elementor-gallery-item elementor-animated-content\" href=\"https:\/\/cedt.hu\/wp-content\/uploads\/2017\/02\/foto_1101.jpg\" data-elementor-open-lightbox=\"yes\" data-elementor-lightbox-slideshow=\"1fb820ae\" data-elementor-lightbox-title=\"foto_1101\" data-elementor-lightbox-description=\"Kenyeres Csilla \/ Csilla Kenyeres \" data-e-action-hash=\"#elementor-action%3Aaction%3Dlightbox%26settings%3DeyJpZCI6MTgxNiwidXJsIjoiaHR0cHM6XC9cL2NlZHQuaHVcL3dwLWNvbnRlbnRcL3VwbG9hZHNcLzIwMTdcLzAyXC9mb3RvXzExMDEuanBnIiwic2xpZGVzaG93IjoiMWZiODIwYWUifQ%3D%3D\">\n\t\t\t\t\t<div class=\"e-gallery-image elementor-gallery-item__image\" data-thumbnail=\"https:\/\/cedt.hu\/wp-content\/uploads\/2017\/02\/foto_1101-300x300.jpg\" data-width=\"300\" data-height=\"300\" aria-label=\"\" role=\"img\" ><\/div>\n\t\t\t\t\t\t\t\t\t\t\t<div class=\"elementor-gallery-item__overlay\"><\/div>\n\t\t\t\t\t\t\t\t\t\t\t\t\t\t<\/a>\n\t\t\t\t\t\t\t<a class=\"e-gallery-item elementor-gallery-item elementor-animated-content\" href=\"https:\/\/cedt.hu\/wp-content\/uploads\/2017\/02\/foto_1105.jpg\" data-elementor-open-lightbox=\"yes\" data-elementor-lightbox-slideshow=\"1fb820ae\" data-elementor-lightbox-title=\"foto_1105\" data-elementor-lightbox-description=\"Kenyeres Csilla \/ Csilla Kenyeres \" data-e-action-hash=\"#elementor-action%3Aaction%3Dlightbox%26settings%3DeyJpZCI6MTgxNywidXJsIjoiaHR0cHM6XC9cL2NlZHQuaHVcL3dwLWNvbnRlbnRcL3VwbG9hZHNcLzIwMTdcLzAyXC9mb3RvXzExMDUuanBnIiwic2xpZGVzaG93IjoiMWZiODIwYWUifQ%3D%3D\">\n\t\t\t\t\t<div class=\"e-gallery-image elementor-gallery-item__image\" data-thumbnail=\"https:\/\/cedt.hu\/wp-content\/uploads\/2017\/02\/foto_1105-208x300.jpg\" data-width=\"208\" data-height=\"300\" aria-label=\"\" role=\"img\" ><\/div>\n\t\t\t\t\t\t\t\t\t\t\t<div class=\"elementor-gallery-item__overlay\"><\/div>\n\t\t\t\t\t\t\t\t\t\t\t\t\t\t<\/a>\n\t\t\t\t\t<\/div>\n\t\t\t\t\t<\/div>\n\t\t\t\t<\/div>\n\t\t\t\t<div class=\"elementor-element elementor-element-62b1e368 elementor-widget elementor-widget-heading\" data-id=\"62b1e368\" data-element_type=\"widget\" data-e-type=\"widget\" data-widget_type=\"heading.default\">\n\t\t\t\t<div class=\"elementor-widget-container\">\n\t\t\t\t\t<h2 class=\"elementor-heading-title elementor-size-default\">K-Arcok sorozat: Uraim<\/h2>\t\t\t\t<\/div>\n\t\t\t\t<\/div>\n\t\t\t\t<div class=\"elementor-element elementor-element-7ef81b3c elementor-widget elementor-widget-video\" data-id=\"7ef81b3c\" data-element_type=\"widget\" data-e-type=\"widget\" data-settings=\"{&quot;youtube_url&quot;:&quot;https:\\\/\\\/youtu.be\\\/58uI-FqT3Hg&quot;,&quot;video_type&quot;:&quot;youtube&quot;,&quot;controls&quot;:&quot;yes&quot;}\" data-widget_type=\"video.default\">\n\t\t\t\t<div class=\"elementor-widget-container\">\n\t\t\t\t\t\t\t<div class=\"elementor-wrapper elementor-open-inline\">\n\t\t\t<div class=\"elementor-video\"><\/div>\t\t<\/div>\n\t\t\t\t\t\t<\/div>\n\t\t\t\t<\/div>\n\t\t\t\t<div class=\"elementor-element elementor-element-2504cb78 elementor-widget elementor-widget-heading\" data-id=\"2504cb78\" data-element_type=\"widget\" data-e-type=\"widget\" data-widget_type=\"heading.default\">\n\t\t\t\t<div class=\"elementor-widget-container\">\n\t\t\t\t\t<h2 class=\"elementor-heading-title elementor-size-default\">Related Press Releases<\/h2>\t\t\t\t<\/div>\n\t\t\t\t<\/div>\n\t\t\t\t<div class=\"elementor-element elementor-element-11d7edf8 elementor-widget-divider--view-line elementor-widget elementor-widget-divider\" data-id=\"11d7edf8\" data-element_type=\"widget\" data-e-type=\"widget\" data-widget_type=\"divider.default\">\n\t\t\t\t<div class=\"elementor-widget-container\">\n\t\t\t\t\t\t\t<div class=\"elementor-divider\">\n\t\t\t<span class=\"elementor-divider-separator\">\n\t\t\t\t\t\t<\/span>\n\t\t<\/div>\n\t\t\t\t\t\t<\/div>\n\t\t\t\t<\/div>\n\t\t\t\t<div class=\"elementor-element elementor-element-4f28be5 elementor-widget elementor-widget-toggle\" data-id=\"4f28be5\" data-element_type=\"widget\" data-e-type=\"widget\" data-widget_type=\"toggle.default\">\n\t\t\t\t<div class=\"elementor-widget-container\">\n\t\t\t\t\t\t\t<div class=\"elementor-toggle\">\n\t\t\t\t\t\t\t<div class=\"elementor-toggle-item\">\n\t\t\t\t\t<div id=\"elementor-tab-title-8301\" class=\"elementor-tab-title\" data-tab=\"1\" role=\"button\" aria-controls=\"elementor-tab-content-8301\" aria-expanded=\"false\">\n\t\t\t\t\t\t\t\t\t\t\t\t<span class=\"elementor-toggle-icon elementor-toggle-icon-left\" aria-hidden=\"true\">\n\t\t\t\t\t\t\t\t\t\t\t\t\t\t\t<span class=\"elementor-toggle-icon-closed\"><i class=\"fas fa-caret-right\"><\/i><\/span>\n\t\t\t\t\t\t\t\t<span class=\"elementor-toggle-icon-opened\"><i class=\"elementor-toggle-icon-opened fas fa-caret-up\"><\/i><\/span>\n\t\t\t\t\t\t\t\t\t\t\t\t\t<\/span>\n\t\t\t\t\t\t\t\t\t\t\t\t<a class=\"elementor-toggle-title\" tabindex=\"0\">View Rider<\/a>\n\t\t\t\t\t<\/div>\n\n\t\t\t\t\t<div id=\"elementor-tab-content-8301\" class=\"elementor-tab-content elementor-clearfix\" data-tab=\"1\" role=\"region\" aria-labelledby=\"elementor-tab-title-8301\"><p><strong>Stage:\u00a0\u00a0\u00a0\u00a0\u00a0\u00a0\u00a0\u00a0\u00a0\u00a0\u00a0\u00a0\u00a0\u00a0\u00a0\u00a0\u00a0\u00a0\u00a0\u00a0 \u00a0\u00a0\u00a0\u00a0\u00a0\u00a0\u00a0\u00a0\u00a0\u00a0\u00a0\u00a0<\/strong>10m x 10m (Sz. x M.)<\/p><p>fekete balett sz\u0151nyeg, fekete h\u00e1tt\u00e9r<\/p><p>black coverts<\/p><p><strong>Light:\u00a0\u00a0\u00a0\u00a0\u00a0\u00a0\u00a0\u00a0\u00a0\u00a0\u00a0\u00a0\u00a0\u00a0\u00a0\u00a0\u00a0\u00a0\u00a0\u00a0\u00a0\u00a0\u00a0\u00a0\u00a0 \u00a0\u00a0\u00a0\u00a0\u00a0\u00a0\u00a0\u00a0\u00a0\u00a0\u00a0\u00a0<\/strong>8 db profil l\u00e1mpa (ETC 25-50\u00b0 750W),<\/p><p>16 db 1 KW Pc + terel\u0151lemez<\/p><p>4 db Fresner + terel\u0151lemez<\/p><p>1 db PAR64 CP62<\/p><p>1 db kistalp<\/p><p>k\u00f6dg\u00e9p<\/p><p>Compulite Spark lightbox<\/p><p><strong>Hang: \u00a0\u00a0\u00a0\u00a0\u00a0\u00a0\u00a0\u00a0\u00a0\u00a0\u00a0\u00a0\u00a0\u00a0\u00a0\u00a0\u00a0\u00a0\u00a0\u00a0\u00a0\u00a0\u00a0 \u00a0\u00a0\u00a0\u00a0\u00a0\u00a0\u00a0\u00a0\u00a0\u00a0\u00a0\u00a0<\/strong>1 db CD lej\u00e1tsz\u00f3<\/p><p>1 mixing console<\/p><p>Front, monitor speakers<\/p><p><strong>Number of passengers:\u00a0\u00a0\u00a0\u00a0\u00a0\u00a0\u00a0\u00a0\u00a0\u00a0\u00a0 \u00a0\u00a0\u00a0\u00a0\u00a0\u00a0\u00a0\u00a0\u00a0\u00a0\u00a0\u00a0<\/strong>1 male dancer<\/p><p>2 technicians<\/p><p>1 assistant<\/p><p>1 choreographer<\/p><p><strong>Local demand:\u00a0\u00a0\u00a0<\/strong>\u00a0\u00a0\u00a0\u00a0\u00a0\u00a0\u00a0\u00a0\u00a0\u00a0\u00a0 \u00a0\u00a0\u00a0\u00a0\u00a0\u00a0\u00a0\u00a0\u00a0\u00a0\u00a0 2 illuminators<\/p><p>1 set of speakers<\/p><p><strong>Egy\u00e9b:\u00a0\u00a0\u00a0\u00a0\u00a0\u00a0\u00a0\u00a0\u00a0\u00a0\u00a0\u00a0\u00a0\u00a0\u00a0\u00a0\u00a0\u00a0\u00a0\u00a0\u00a0\u00a0\u00a0\u00a0\u00a0\u00a0\u00a0\u00a0\u00a0\u00a0\u00a0\u00a0\u00a0\u00a0 az el\u0151ad\u00e1sban \u00e9l\u0151 \u00e1llat, kistest\u0171 kutya \u00e9s m\u0171v\u00e9r is szerepel<\/strong><\/p><p><strong>Stage construction:\u00a0\u00a0\u00a0\u00a0\u00a0\u00a0\u00a0\u00a0\u00a0\u00a0\u00a0<\/strong>\u00a0\u00a0\u00a0\u00a0\u00a0\u00a0\u00a0\u00a0\u00a0\u00a0\u00a0 5 hours<\/p><p><strong>Stage resolution:\u00a0\u00a0\u00a0\u00a0\u00a0\u00a0\u00a0\u00a0\u00a0\u00a0\u00a0\u00a0\u00a0\u00a0\u00a0\u00a0\u00a0\u00a0\u00a0\u00a0\u00a0<\/strong>1 hour<\/p><p><strong>Duration of the presentation:\u00a0\u00a0\u00a0\u00a0\u00a0\u00a0\u00a0\u00a0<\/strong>45 perc<\/p><\/div>\n\t\t\t\t<\/div>\n\t\t\t\t\t\t\t\t<\/div>\n\t\t\t\t\t\t<\/div>\n\t\t\t\t<\/div>\n\t\t\t\t\t<\/div>\n\t\t<\/div>\n\t\t\t\t\t<\/div>\n\t\t<\/section>\n\t\t\t\t<\/div>","protected":false},"excerpt":{"rendered":"<p>A m\u0171v\u00e9szet r\u00e9s arra, hogy illeg\u00e1lis dolgokat megmutassunk, megt\u00e1rgyaljunk, hogy szemben\u00e9zz\u00fcnk vele. K\u00e9pes elemelni a val\u00f3s\u00e1gt\u00f3l. \u00cdgy a m\u0171v\u00e9szet neve alatt leg\u00e1liss\u00e1 v\u00e1lik a tabu. Hogyan m\u0171k\u00f6dik a kontextus-teremt\u00e9s? Hogyan m\u0171k\u00f6dik az emberi agy? Hogyan haszn\u00e1ljuk ezt a lehet\u0151s\u00e9get? A m\u0171v\u00e9szet olt\u00e1r\u00e1n szabad, amit az \u00e9letben nem minden esetben tehet\u00fcnk meg. Ez\u00e9rt a m\u0171v\u00e9szet alibij\u00e9ben [&hellip;]<\/p>\n","protected":false},"author":1,"featured_media":0,"parent":0,"menu_order":0,"comment_status":"closed","ping_status":"closed","template":"elementor_header_footer","meta":{"footnotes":""},"class_list":["post-18065","page","type-page","status-publish","hentry"],"_links":{"self":[{"href":"https:\/\/cedt.hu\/en\/wp-json\/wp\/v2\/pages\/18065","targetHints":{"allow":["GET"]}}],"collection":[{"href":"https:\/\/cedt.hu\/en\/wp-json\/wp\/v2\/pages"}],"about":[{"href":"https:\/\/cedt.hu\/en\/wp-json\/wp\/v2\/types\/page"}],"author":[{"embeddable":true,"href":"https:\/\/cedt.hu\/en\/wp-json\/wp\/v2\/users\/1"}],"replies":[{"embeddable":true,"href":"https:\/\/cedt.hu\/en\/wp-json\/wp\/v2\/comments?post=18065"}],"version-history":[{"count":0,"href":"https:\/\/cedt.hu\/en\/wp-json\/wp\/v2\/pages\/18065\/revisions"}],"wp:attachment":[{"href":"https:\/\/cedt.hu\/en\/wp-json\/wp\/v2\/media?parent=18065"}],"curies":[{"name":"wp","href":"https:\/\/api.w.org\/{rel}","templated":true}]}}