{"id":17969,"date":"2025-05-15T13:50:42","date_gmt":"2025-05-15T13:50:42","guid":{"rendered":"https:\/\/cedthu.rwpstaging.site\/?page_id=17969"},"modified":"2025-05-15T13:56:32","modified_gmt":"2025-05-15T13:56:32","slug":"insoundout","status":"publish","type":"page","link":"https:\/\/cedt.hu\/en\/insoundout\/","title":{"rendered":"InSoundOut"},"content":{"rendered":"<div data-elementor-type=\"wp-page\" data-elementor-id=\"17969\" class=\"elementor elementor-17969\" data-elementor-post-type=\"page\">\n\t\t\t\t\t\t<section class=\"elementor-section elementor-top-section elementor-element elementor-element-1ee5cfce elementor-section-boxed elementor-section-height-default elementor-section-height-default\" data-id=\"1ee5cfce\" data-element_type=\"section\" data-e-type=\"section\" data-settings=\"{&quot;background_background&quot;:&quot;classic&quot;}\">\n\t\t\t\t\t\t<div class=\"elementor-container elementor-column-gap-default\">\n\t\t\t\t\t<div class=\"elementor-column elementor-col-100 elementor-top-column elementor-element elementor-element-4beebfb\" data-id=\"4beebfb\" data-element_type=\"column\" data-e-type=\"column\">\n\t\t\t<div class=\"elementor-widget-wrap elementor-element-populated\">\n\t\t\t\t\t\t<div class=\"elementor-element elementor-element-1e4c5e7e elementor-widget elementor-widget-image\" data-id=\"1e4c5e7e\" data-element_type=\"widget\" data-e-type=\"widget\" data-widget_type=\"image.default\">\n\t\t\t\t<div class=\"elementor-widget-container\">\n\t\t\t\t\t\t\t\t\t\t\t\t\t\t\t<img fetchpriority=\"high\" decoding=\"async\" width=\"500\" height=\"333\" src=\"https:\/\/cedt.hu\/wp-content\/uploads\/2017\/02\/MG_6558.jpg\" class=\"attachment-full size-full wp-image-3072\" alt=\"\" srcset=\"https:\/\/cedt.hu\/wp-content\/uploads\/2017\/02\/MG_6558.jpg 500w, https:\/\/cedt.hu\/wp-content\/uploads\/2017\/02\/MG_6558-300x200.jpg 300w, https:\/\/cedt.hu\/wp-content\/uploads\/2017\/02\/MG_6558-400x266.jpg 400w, https:\/\/cedt.hu\/wp-content\/uploads\/2017\/02\/MG_6558-20x13.jpg 20w\" sizes=\"(max-width: 500px) 100vw, 500px\" \/>\t\t\t\t\t\t\t\t\t\t\t\t\t\t\t<\/div>\n\t\t\t\t<\/div>\n\t\t\t\t<div class=\"elementor-element elementor-element-2f4cd05e elementor-widget elementor-widget-text-editor\" data-id=\"2f4cd05e\" data-element_type=\"widget\" data-e-type=\"widget\" data-widget_type=\"text-editor.default\">\n\t\t\t\t<div class=\"elementor-widget-container\">\n\t\t\t\t\t\t\t\t\t<div class=\"x11i5rnm xat24cr x1mh8g0r x1vvkbs xtlvy1s\"><div class=\"show-description\"><p>Who is a dancer when he is not dancing? What defines his\/her personality, how can the stripped-down human character be presented on stage as a dancer without dancing?<\/p><p><i>\"Everything that exists owes its existence solely and entirely to sound. Sound holds everything together. Sound is the basis, the shape and the form. In the beginning was the word, and the word was God. It is said that this is how the world began and how creation took shape. Today we would say it into the vast emptiness of space: a sound came and matter took shape.\"\u00a0<\/i>(Dr Peter Guy Manners)<\/p><p>After graduating from the Dance Academy, M\u00e1t\u00e9 M\u00e9sz\u00e1ros became a member of the Szeged Contemporary Ballet, then went abroad, where he worked with world-famous choreographers such as Ohad Naharin, Wim Vandekeybus, Sharon Eyal, Amanda Miller, Roberto Galvan, Myriam Naisy, Robin Orlin. She was a member of the Belgian physical theatre company Ultima Vez for 6 years and currently works as a freelance creator and invited choreographer. This November she is preparing to present her new production, co-produced by S\u00cdN Cultural Centre and Traf\u00f3.<\/p><\/div><\/div>\t\t\t\t\t\t\t\t<\/div>\n\t\t\t\t<\/div>\n\t\t\t\t<div class=\"elementor-element elementor-element-38728b5a elementor-widget elementor-widget-heading\" data-id=\"38728b5a\" data-element_type=\"widget\" data-e-type=\"widget\" data-widget_type=\"heading.default\">\n\t\t\t\t<div class=\"elementor-widget-container\">\n\t\t\t\t\t<h2 class=\"elementor-heading-title elementor-size-default\">creators<\/h2>\t\t\t\t<\/div>\n\t\t\t\t<\/div>\n\t\t\t\t<div class=\"elementor-element elementor-element-72b47f81 elementor-widget-divider--view-line elementor-widget elementor-widget-divider\" data-id=\"72b47f81\" data-element_type=\"widget\" data-e-type=\"widget\" data-widget_type=\"divider.default\">\n\t\t\t\t<div class=\"elementor-widget-container\">\n\t\t\t\t\t\t\t<div class=\"elementor-divider\">\n\t\t\t<span class=\"elementor-divider-separator\">\n\t\t\t\t\t\t<\/span>\n\t\t<\/div>\n\t\t\t\t\t\t<\/div>\n\t\t\t\t<\/div>\n\t\t\t\t<div class=\"elementor-element elementor-element-140de44d elementor-widget elementor-widget-text-editor\" data-id=\"140de44d\" data-element_type=\"widget\" data-e-type=\"widget\" data-widget_type=\"text-editor.default\">\n\t\t\t\t<div class=\"elementor-widget-container\">\n\t\t\t\t\t\t\t\t\t<div class=\"show-actors\"><div id=\"nested-actors\"><div><div class=\"show-actors\"><div id=\"nested-actors\"><div><div><h3>Rapporteur and co-author<\/h3><ul><li>L\u00e1szl\u00f3 M\u00e1di<\/li><\/ul><\/div><div><h3>Decoration<\/h3><ul><li>M\u00e1t\u00e9 M\u00e9sz\u00e1ros<\/li><\/ul><\/div><div><h3>Light<\/h3><ul><li>Zolt\u00e1n Fogarasi<\/li><li>M\u00e1t\u00e9 M\u00e9sz\u00e1ros<\/li><\/ul><\/div><div><h3>Professional consultant<\/h3><ul><li>David Mik\u00f3<\/li><\/ul><\/div><div><h3>Composer<\/h3><ul><li>L\u00e1szl\u00f3 M\u00e1di<\/li><\/ul><\/div><div><h3>Choreographer<\/h3><ul><li>M\u00e1t\u00e9 M\u00e9sz\u00e1ros<\/li><\/ul><\/div><\/div><\/div><\/div><\/div><\/div><\/div>\t\t\t\t\t\t\t\t<\/div>\n\t\t\t\t<\/div>\n\t\t\t\t<div class=\"elementor-element elementor-element-28cb0c44 elementor-widget elementor-widget-gallery\" data-id=\"28cb0c44\" data-element_type=\"widget\" data-e-type=\"widget\" data-settings=\"{&quot;columns&quot;:3,&quot;lazyload&quot;:&quot;yes&quot;,&quot;gallery_layout&quot;:&quot;grid&quot;,&quot;columns_tablet&quot;:2,&quot;columns_mobile&quot;:1,&quot;gap&quot;:{&quot;unit&quot;:&quot;px&quot;,&quot;size&quot;:10,&quot;sizes&quot;:[]},&quot;gap_tablet&quot;:{&quot;unit&quot;:&quot;px&quot;,&quot;size&quot;:10,&quot;sizes&quot;:[]},&quot;gap_mobile&quot;:{&quot;unit&quot;:&quot;px&quot;,&quot;size&quot;:10,&quot;sizes&quot;:[]},&quot;link_to&quot;:&quot;file&quot;,&quot;aspect_ratio&quot;:&quot;3:2&quot;,&quot;overlay_background&quot;:&quot;yes&quot;,&quot;content_hover_animation&quot;:&quot;fade-in&quot;}\" data-widget_type=\"gallery.default\">\n\t\t\t\t<div class=\"elementor-widget-container\">\n\t\t\t\t\t\t\t<div class=\"elementor-gallery__container\">\n\t\t\t\t\t\t\t<a class=\"e-gallery-item elementor-gallery-item elementor-animated-content\" href=\"https:\/\/cedt.hu\/wp-content\/uploads\/2017\/02\/ISO_123.jpg\" data-elementor-open-lightbox=\"yes\" data-elementor-lightbox-slideshow=\"28cb0c44\" data-elementor-lightbox-title=\"ISO_123\" data-e-action-hash=\"#elementor-action%3Aaction%3Dlightbox%26settings%3DeyJpZCI6MzczOCwidXJsIjoiaHR0cHM6XC9cL2NlZHQuaHVcL3dwLWNvbnRlbnRcL3VwbG9hZHNcLzIwMTdcLzAyXC9JU09fMTIzLmpwZyIsInNsaWRlc2hvdyI6IjI4Y2IwYzQ0In0%3D\">\n\t\t\t\t\t<div class=\"e-gallery-image elementor-gallery-item__image\" data-thumbnail=\"https:\/\/cedt.hu\/wp-content\/uploads\/2017\/02\/ISO_123-200x300.jpg\" data-width=\"200\" data-height=\"300\" aria-label=\"\" role=\"img\" ><\/div>\n\t\t\t\t\t\t\t\t\t\t\t<div class=\"elementor-gallery-item__overlay\"><\/div>\n\t\t\t\t\t\t\t\t\t\t\t\t\t\t<\/a>\n\t\t\t\t\t\t\t<a class=\"e-gallery-item elementor-gallery-item elementor-animated-content\" href=\"https:\/\/cedt.hu\/wp-content\/uploads\/2017\/02\/ISO_126.jpg\" data-elementor-open-lightbox=\"yes\" data-elementor-lightbox-slideshow=\"28cb0c44\" data-elementor-lightbox-title=\"Dusa G\u00e1bor: InSoundOut\" data-elementor-lightbox-description=\"Dusa G\u00e1bor: InSoundOut\" data-e-action-hash=\"#elementor-action%3Aaction%3Dlightbox%26settings%3DeyJpZCI6MzczOSwidXJsIjoiaHR0cHM6XC9cL2NlZHQuaHVcL3dwLWNvbnRlbnRcL3VwbG9hZHNcLzIwMTdcLzAyXC9JU09fMTI2LmpwZyIsInNsaWRlc2hvdyI6IjI4Y2IwYzQ0In0%3D\">\n\t\t\t\t\t<div class=\"e-gallery-image elementor-gallery-item__image\" data-thumbnail=\"https:\/\/cedt.hu\/wp-content\/uploads\/2017\/02\/ISO_126-300x200.jpg\" data-width=\"300\" data-height=\"200\" aria-label=\"G\u00e1bor Dusa: InSoundOut\" role=\"img\" ><\/div>\n\t\t\t\t\t\t\t\t\t\t\t<div class=\"elementor-gallery-item__overlay\"><\/div>\n\t\t\t\t\t\t\t\t\t\t\t\t\t\t<\/a>\n\t\t\t\t\t\t\t<a class=\"e-gallery-item elementor-gallery-item elementor-animated-content\" href=\"https:\/\/cedt.hu\/wp-content\/uploads\/2017\/02\/ISO_088.jpg\" data-elementor-open-lightbox=\"yes\" data-elementor-lightbox-slideshow=\"28cb0c44\" data-elementor-lightbox-title=\"ISO_088\" data-e-action-hash=\"#elementor-action%3Aaction%3Dlightbox%26settings%3DeyJpZCI6Mzc0MiwidXJsIjoiaHR0cHM6XC9cL2NlZHQuaHVcL3dwLWNvbnRlbnRcL3VwbG9hZHNcLzIwMTdcLzAyXC9JU09fMDg4LmpwZyIsInNsaWRlc2hvdyI6IjI4Y2IwYzQ0In0%3D\">\n\t\t\t\t\t<div class=\"e-gallery-image elementor-gallery-item__image\" data-thumbnail=\"https:\/\/cedt.hu\/wp-content\/uploads\/2017\/02\/ISO_088-300x200.jpg\" data-width=\"300\" data-height=\"200\" aria-label=\"\" role=\"img\" ><\/div>\n\t\t\t\t\t\t\t\t\t\t\t<div class=\"elementor-gallery-item__overlay\"><\/div>\n\t\t\t\t\t\t\t\t\t\t\t\t\t\t<\/a>\n\t\t\t\t\t<\/div>\n\t\t\t\t\t<\/div>\n\t\t\t\t<\/div>\n\t\t\t\t<div class=\"elementor-element elementor-element-2b6d9df8 elementor-widget elementor-widget-heading\" data-id=\"2b6d9df8\" data-element_type=\"widget\" data-e-type=\"widget\" data-widget_type=\"heading.default\">\n\t\t\t\t<div class=\"elementor-widget-container\">\n\t\t\t\t\t<h2 class=\"elementor-heading-title elementor-size-default\">M\u00e1t\u00e9 M\u00e9sz\u00e1ros: InSoundOut (Central Europe Dance Theatre - K-Arcok)<\/h2>\t\t\t\t<\/div>\n\t\t\t\t<\/div>\n\t\t\t\t<div class=\"elementor-element elementor-element-13f432c1 elementor-widget elementor-widget-video\" data-id=\"13f432c1\" data-element_type=\"widget\" data-e-type=\"widget\" data-settings=\"{&quot;youtube_url&quot;:&quot;https:\\\/\\\/youtu.be\\\/CmwZKxZF2qo&quot;,&quot;video_type&quot;:&quot;youtube&quot;,&quot;controls&quot;:&quot;yes&quot;}\" data-widget_type=\"video.default\">\n\t\t\t\t<div class=\"elementor-widget-container\">\n\t\t\t\t\t\t\t<div class=\"elementor-wrapper elementor-open-inline\">\n\t\t\t<div class=\"elementor-video\"><\/div>\t\t<\/div>\n\t\t\t\t\t\t<\/div>\n\t\t\t\t<\/div>\n\t\t\t\t<div class=\"elementor-element elementor-element-2a2a8e1 elementor-widget elementor-widget-heading\" data-id=\"2a2a8e1\" data-element_type=\"widget\" data-e-type=\"widget\" data-widget_type=\"heading.default\">\n\t\t\t\t<div class=\"elementor-widget-container\">\n\t\t\t\t\t<h2 class=\"elementor-heading-title elementor-size-default\">Related Press Releases\n<\/h2>\t\t\t\t<\/div>\n\t\t\t\t<\/div>\n\t\t\t\t<div class=\"elementor-element elementor-element-5e75f5f elementor-widget-divider--view-line elementor-widget elementor-widget-divider\" data-id=\"5e75f5f\" data-element_type=\"widget\" data-e-type=\"widget\" data-widget_type=\"divider.default\">\n\t\t\t\t<div class=\"elementor-widget-container\">\n\t\t\t\t\t\t\t<div class=\"elementor-divider\">\n\t\t\t<span class=\"elementor-divider-separator\">\n\t\t\t\t\t\t<\/span>\n\t\t<\/div>\n\t\t\t\t\t\t<\/div>\n\t\t\t\t<\/div>\n\t\t\t\t<div class=\"elementor-element elementor-element-31d16ef1 elementor-widget elementor-widget-text-editor\" data-id=\"31d16ef1\" data-element_type=\"widget\" data-e-type=\"widget\" data-widget_type=\"text-editor.default\">\n\t\t\t\t<div class=\"elementor-widget-container\">\n\t\t\t\t\t\t\t\t\t<div class=\"pressauthor\">Orsolya Drubina:\u00a0 <a href=\"https:\/\/librarius.hu\/2019\/09\/22\/madi-laszlo-tancmuvesz-eloadasa-kozos-elmeny-kozos-rezgesen\/\">A shared experience on a shared vibration\u00a0 <\/a>(Librarius) - 22\/09\/201 <span style=\"font-family: -apple-system, BlinkMacSystemFont, 'Segoe UI', Roboto, 'Helvetica Neue', Arial, 'Noto Sans', sans-serif, 'Apple Color Emoji', 'Segoe UI Emoji', 'Segoe UI Symbol', 'Noto Color Emoji';\">I'm used to encounter discouragement when someone simply doesn't want to grasp the thread. And while I have to tie myself to the music at certain points in time, I do sometimes get stuck with an audience member, taking the time, if only for a few seconds, to exercise courage. Me to be honest enough to accept the offer, and him to accept it.<\/span><\/div>\t\t\t\t\t\t\t\t<\/div>\n\t\t\t\t<\/div>\n\t\t\t\t<div class=\"elementor-element elementor-element-fbe7615 elementor-widget elementor-widget-text-editor\" data-id=\"fbe7615\" data-element_type=\"widget\" data-e-type=\"widget\" data-widget_type=\"text-editor.default\">\n\t\t\t\t<div class=\"elementor-widget-container\">\n\t\t\t\t\t\t\t\t\t<div class=\"pressauthor\"><div class=\"pressauthor\">Krisztina Horeczky: <a href=\"http:\/\/szinhaz.net\/2017\/05\/16\/horeczky-krisztina-szoloban\/\">Speaking at\u00a0 <\/a>(Theatre.net) <span style=\"font-family: -apple-system, BlinkMacSystemFont, 'Segoe UI', Roboto, 'Helvetica Neue', Arial, 'Noto Sans', sans-serif, 'Apple Color Emoji', 'Segoe UI Emoji', 'Segoe UI Symbol', 'Noto Color Emoji';\">&#8211; 16\/05\/201 <\/span><span style=\"font-family: -apple-system, BlinkMacSystemFont, 'Segoe UI', Roboto, 'Helvetica Neue', Arial, 'Noto Sans', sans-serif, 'Apple Color Emoji', 'Segoe UI Emoji', 'Segoe UI Symbol', 'Noto Color Emoji';\">The Central European Dance Theatre (KET) launched in 2015\u00a0<\/span><em style=\"font-family: -apple-system, BlinkMacSystemFont, 'Segoe UI', Roboto, 'Helvetica Neue', Arial, 'Noto Sans', sans-serif, 'Apple Color Emoji', 'Segoe UI Emoji', 'Segoe UI Symbol', 'Noto Color Emoji';\">K-Arcok<\/em><span style=\"font-family: -apple-system, BlinkMacSystemFont, 'Segoe UI', Roboto, 'Helvetica Neue', Arial, 'Noto Sans', sans-serif, 'Apple Color Emoji', 'Segoe UI Emoji', 'Segoe UI Symbol', 'Noto Color Emoji';\">\u00a0this time the two guest artists painted a unique portrait of Zsanett Jakab and L\u00e1szl\u00f3 M\u00e1di, a member of the company.<\/span><\/div><\/div>\t\t\t\t\t\t\t\t<\/div>\n\t\t\t\t<\/div>\n\t\t\t\t<div class=\"elementor-element elementor-element-98d79e3 elementor-widget elementor-widget-text-editor\" data-id=\"98d79e3\" data-element_type=\"widget\" data-e-type=\"widget\" data-widget_type=\"text-editor.default\">\n\t\t\t\t<div class=\"elementor-widget-container\">\n\t\t\t\t\t\t\t\t\t<div class=\"pressauthor\"><div class=\"pressauthor\">Csaba Kr\u00e1ll:\u00a0<a href=\"http:\/\/www.es.hu\/cikk\/2017-05-19\/krall-csaba\/egy-arc-ket-arc-es-sok.html\">One face, two faces and many\u00a0 <\/a>(AND) <span style=\"font-family: -apple-system, BlinkMacSystemFont, 'Segoe UI', Roboto, 'Helvetica Neue', Arial, 'Noto Sans', sans-serif, 'Apple Color Emoji', 'Segoe UI Emoji', 'Segoe UI Symbol', 'Noto Color Emoji';\">&#8211; 19\/05\/2017 <\/span><span style=\"font-family: -apple-system, BlinkMacSystemFont, 'Segoe UI', Roboto, 'Helvetica Neue', Arial, 'Noto Sans', sans-serif, 'Apple Color Emoji', 'Segoe UI Emoji', 'Segoe UI Symbol', 'Noto Color Emoji';\">A\u00a0<\/span><em style=\"font-family: -apple-system, BlinkMacSystemFont, 'Segoe UI', Roboto, 'Helvetica Neue', Arial, 'Noto Sans', sans-serif, 'Apple Color Emoji', 'Segoe UI Emoji', 'Segoe UI Symbol', 'Noto Color Emoji';\">LILITH<\/em><span style=\"font-family: -apple-system, BlinkMacSystemFont, 'Segoe UI', Roboto, 'Helvetica Neue', Arial, 'Noto Sans', sans-serif, 'Apple Color Emoji', 'Segoe UI Emoji', 'Segoe UI Symbol', 'Noto Color Emoji';\">\u00a0the high school of illusion. A metamorphosis avalanche, in dozens (and more) of chapters. The list goes from Andrea Lad\u00e1nyi to Gergye to Anna R\u00e9ti (and beyond), all of whom have successfully played these strings in the solo genre in this country. Now they are joined by Csaba Moln\u00e1r, who offered Zsanett Jakab a long series of situations, roles and role-playing, and she plunged into them with death-defying courage, shaping them in her own image and likeness. It is not Jakab, not his faces that we see, the play has no personal dimension, no private weight, but faces whose authenticity and suggestiveness could not have been achieved without a deep dive into the personality (which was not sprayed).<\/span><\/div><\/div>\t\t\t\t\t\t\t\t<\/div>\n\t\t\t\t<\/div>\n\t\t\t\t<div class=\"elementor-element elementor-element-b4a3307 elementor-widget elementor-widget-text-editor\" data-id=\"b4a3307\" data-element_type=\"widget\" data-e-type=\"widget\" data-widget_type=\"text-editor.default\">\n\t\t\t\t<div class=\"elementor-widget-container\">\n\t\t\t\t\t\t\t\t\t<div class=\"pressauthor\"><div class=\"pressauthor\">Turbuly Lilla:\u00a0 <a href=\"http:\/\/www.tanckritika.hu\/kategoriak\/interju\/1118-medium-0-24-ben\">Medium 0-24 in\u00a0 <\/a>(Dance review) <span style=\"font-family: -apple-system, BlinkMacSystemFont, 'Segoe UI', Roboto, 'Helvetica Neue', Arial, 'Noto Sans', sans-serif, 'Apple Color Emoji', 'Segoe UI Emoji', 'Segoe UI Symbol', 'Noto Color Emoji';\">&#8211; 24\/04\/2017 <\/span><span style=\"font-family: -apple-system, BlinkMacSystemFont, 'Segoe UI', Roboto, 'Helvetica Neue', Arial, 'Noto Sans', sans-serif, 'Apple Color Emoji', 'Segoe UI Emoji', 'Segoe UI Symbol', 'Noto Color Emoji';\">The Central Europe Dance Theatre\u00a0<\/span><em style=\"font-family: -apple-system, BlinkMacSystemFont, 'Segoe UI', Roboto, 'Helvetica Neue', Arial, 'Noto Sans', sans-serif, 'Apple Color Emoji', 'Segoe UI Emoji', 'Segoe UI Symbol', 'Noto Color Emoji';\">K-Arcok<\/em><span style=\"font-family: -apple-system, BlinkMacSystemFont, 'Segoe UI', Roboto, 'Helvetica Neue', Arial, 'Noto Sans', sans-serif, 'Apple Color Emoji', 'Segoe UI Emoji', 'Segoe UI Symbol', 'Noto Color Emoji';\">\u00a0series continues on 28 April with a double presentation. Four members of the company have already performed a solo last season. This time Zsanett Jakab is\u00a0<\/span><em style=\"font-family: -apple-system, BlinkMacSystemFont, 'Segoe UI', Roboto, 'Helvetica Neue', Arial, 'Noto Sans', sans-serif, 'Apple Color Emoji', 'Segoe UI Emoji', 'Segoe UI Symbol', 'Noto Color Emoji';\">Lilith<\/em><span style=\"font-family: -apple-system, BlinkMacSystemFont, 'Segoe UI', Roboto, 'Helvetica Neue', Arial, 'Noto Sans', sans-serif, 'Apple Color Emoji', 'Segoe UI Emoji', 'Segoe UI Symbol', 'Noto Color Emoji';\">-and L\u00e1szl\u00f3 M\u00e1di with\u00a0<\/span><em style=\"font-family: -apple-system, BlinkMacSystemFont, 'Segoe UI', Roboto, 'Helvetica Neue', Arial, 'Noto Sans', sans-serif, 'Apple Color Emoji', 'Segoe UI Emoji', 'Segoe UI Symbol', 'Noto Color Emoji';\">InSoundOut<\/em><span style=\"font-family: -apple-system, BlinkMacSystemFont, 'Segoe UI', Roboto, 'Helvetica Neue', Arial, 'Noto Sans', sans-serif, 'Apple Color Emoji', 'Segoe UI Emoji', 'Segoe UI Symbol', 'Noto Color Emoji';\">will perform at the Bethlen T\u00e9ri Theatre. We talked to the latter's creative duo.<\/span><\/div><\/div>\t\t\t\t\t\t\t\t<\/div>\n\t\t\t\t<\/div>\n\t\t\t\t<div class=\"elementor-element elementor-element-d316e60 elementor-widget elementor-widget-text-editor\" data-id=\"d316e60\" data-element_type=\"widget\" data-e-type=\"widget\" data-widget_type=\"text-editor.default\">\n\t\t\t\t<div class=\"elementor-widget-container\">\n\t\t\t\t\t\t\t\t\t<div class=\"pressauthor\"><div class=\"pressauthor\">P\u00e9ter M\u00e1rta: <a href=\"http:\/\/tanckritika.hu\/kategoriak\/kritika\/1125-peter-marta-magunkra-zarva\">Locked to ourselves\u00a0 <\/a>(Dance review) <span style=\"font-family: -apple-system, BlinkMacSystemFont, 'Segoe UI', Roboto, 'Helvetica Neue', Arial, 'Noto Sans', sans-serif, 'Apple Color Emoji', 'Segoe UI Emoji', 'Segoe UI Symbol', 'Noto Color Emoji';\">&#8211; 01\/05\/2017 <\/span><span style=\"font-family: -apple-system, BlinkMacSystemFont, 'Segoe UI', Roboto, 'Helvetica Neue', Arial, 'Noto Sans', sans-serif, 'Apple Color Emoji', 'Segoe UI Emoji', 'Segoe UI Symbol', 'Noto Color Emoji';\">It seems the\u00a0<\/span><em style=\"font-family: -apple-system, BlinkMacSystemFont, 'Segoe UI', Roboto, 'Helvetica Neue', Arial, 'Noto Sans', sans-serif, 'Apple Color Emoji', 'Segoe UI Emoji', 'Segoe UI Symbol', 'Noto Color Emoji';\">K-Arcok<\/em><span style=\"font-family: -apple-system, BlinkMacSystemFont, 'Segoe UI', Roboto, 'Helvetica Neue', Arial, 'Noto Sans', sans-serif, 'Apple Color Emoji', 'Segoe UI Emoji', 'Segoe UI Symbol', 'Noto Color Emoji';\">\u00a0the creators and performers of his recent performance have not avoided a personal confrontation - nor, presumably, have the other contributors to the performance.<\/span><\/div><\/div>\t\t\t\t\t\t\t\t<\/div>\n\t\t\t\t<\/div>\n\t\t\t\t<div class=\"elementor-element elementor-element-f0f6cac elementor-widget elementor-widget-heading\" data-id=\"f0f6cac\" data-element_type=\"widget\" data-e-type=\"widget\" data-widget_type=\"heading.default\">\n\t\t\t\t<div class=\"elementor-widget-container\">\n\t\t\t\t\t<h2 class=\"elementor-heading-title elementor-size-default\">View Rider<\/h2>\t\t\t\t<\/div>\n\t\t\t\t<\/div>\n\t\t\t\t<div class=\"elementor-element elementor-element-85b6951 elementor-widget elementor-widget-toggle\" data-id=\"85b6951\" data-element_type=\"widget\" data-e-type=\"widget\" data-widget_type=\"toggle.default\">\n\t\t\t\t<div class=\"elementor-widget-container\">\n\t\t\t\t\t\t\t<div class=\"elementor-toggle\">\n\t\t\t\t\t\t\t<div class=\"elementor-toggle-item\">\n\t\t\t\t\t<div id=\"elementor-tab-title-1401\" class=\"elementor-tab-title\" data-tab=\"1\" role=\"button\" aria-controls=\"elementor-tab-content-1401\" aria-expanded=\"false\">\n\t\t\t\t\t\t\t\t\t\t\t\t<span class=\"elementor-toggle-icon elementor-toggle-icon-left\" aria-hidden=\"true\">\n\t\t\t\t\t\t\t\t\t\t\t\t\t\t\t<span class=\"elementor-toggle-icon-closed\"><i class=\"fas fa-caret-right\"><\/i><\/span>\n\t\t\t\t\t\t\t\t<span class=\"elementor-toggle-icon-opened\"><i class=\"elementor-toggle-icon-opened fas fa-caret-up\"><\/i><\/span>\n\t\t\t\t\t\t\t\t\t\t\t\t\t<\/span>\n\t\t\t\t\t\t\t\t\t\t\t\t<a class=\"elementor-toggle-title\" tabindex=\"0\">View Rider<\/a>\n\t\t\t\t\t<\/div>\n\n\t\t\t\t\t<div id=\"elementor-tab-content-1401\" class=\"elementor-tab-content elementor-clearfix\" data-tab=\"1\" role=\"region\" aria-labelledby=\"elementor-tab-title-1401\"><div class=\"container-fluid\"><div id=\"content\" class=\"site-content\"><div class=\"show-single-template\"><div class=\"page-area w-overlay5\"><div id=\"primary\" class=\"content-area\"><article id=\"post-3070\" class=\"post-3070 show type-show status-publish has-post-thumbnail hentry show_category-aktualis-eloadasok show_category-k-arcok\"><div id=\"demo\" class=\"show-rider collapse in\" aria-expanded=\"true\"><p><strong>Stage:\u00a0\u00a0\u00a0\u00a0\u00a0\u00a0\u00a0\u00a0\u00a0\u00a0\u00a0\u00a0\u00a0\u00a0\u00a0\u00a0\u00a0\u00a0\u00a0\u00a0<\/strong><\/p><p>12m(?) x 12m(?) (W. x D.)<\/p><p>black ballet carpet<\/p><p>black coverts<\/p><p>the audience is seated in a circle on the stage, so the playing area<\/p><p>It must be 8 m in diameter<\/p><p>5 m hanging height,<\/p><p>hanging a microphone (carried by cable, not live)<\/p><p><strong>Light:\u00a0\u00a0\u00a0\u00a0\u00a0\u00a0\u00a0\u00a0\u00a0\u00a0\u00a0\u00a0\u00a0\u00a0\u00a0\u00a0\u00a0\u00a0\u00a0\u00a0\u00a0\u00a0\u00a0\u00a0\u00a0<\/strong><\/p><p>1 profile lamp (ETC 25-50\u00b0 750W),<\/p><p>4 pcs 2KW Fresnel + baffle<\/p><p>6 pcs 1 KW Pc + baffle<\/p><p>1 LED MultiPAR (back)<\/p><p>filter: 132, 200<\/p><p>Compulite lightbox<\/p><p><strong>Hang: \u00a0<\/strong><\/p><p>adapted to the circular playing field<\/p><p>4 speakers on a stand (or adapted to the space available)<\/p><p>to the edge of the circle stereo line for local mixing<\/p><p><strong>Number of passengers:\u00a0\u00a0\u00a0\u00a0\u00a0\u00a0\u00a0\u00a0\u00a0\u00a0\u00a0<\/strong><\/p><p>1 male dancer<\/p><p>2 technicians (lighting, dressing)<\/p><p>1 assistant<\/p><p>1 choreographer<\/p><p><strong>Local demand:\u00a0\u00a0<\/strong><\/p><p>2 illuminators<\/p><p>1 set of speakers<\/p><p><strong>Stage construction:\u00a0<\/strong>4 hours<\/p><p><strong>Stage resolution:\u00a0<\/strong>30 minutes<\/p><p><strong>Duration of the presentation:\u00a0<\/strong>35 minutes without break<\/p><\/div><\/article><\/div><\/div><\/div><\/div><\/div><\/div>\n\t\t\t\t<\/div>\n\t\t\t\t\t\t\t\t<\/div>\n\t\t\t\t\t\t<\/div>\n\t\t\t\t<\/div>\n\t\t\t\t\t<\/div>\n\t\t<\/div>\n\t\t\t\t\t<\/div>\n\t\t<\/section>\n\t\t\t\t<\/div>","protected":false},"excerpt":{"rendered":"<p>Kicsoda a t\u00e1ncos, ha \u00e9ppen nem t\u00e1ncol? Mi hat\u00e1rozza meg szem\u00e9lyis\u00e9g\u00e9t, hogyan jelen\u00edthet\u0151 meg a sz\u00ednpadon a levetk\u0151ztetett emberi jellem t\u00e1ncosk\u00e9nt, t\u00e1nc n\u00e9lk\u00fcl? \u201eMinden, ami l\u00e9tezik, egyed\u00fcl \u00e9s teljes eg\u00e9sz\u00e9ben a hangnak k\u00f6sz\u00f6nheti l\u00e9tez\u00e9s\u00e9t. A hang tart mindent \u00f6ssze. A hang az alap, az alak \u00e9s a forma. Az elej\u00e9n volt a sz\u00f3, \u00e9s a [&hellip;]<\/p>\n","protected":false},"author":1,"featured_media":0,"parent":0,"menu_order":0,"comment_status":"closed","ping_status":"closed","template":"elementor_header_footer","meta":{"footnotes":""},"class_list":["post-17969","page","type-page","status-publish","hentry"],"_links":{"self":[{"href":"https:\/\/cedt.hu\/en\/wp-json\/wp\/v2\/pages\/17969","targetHints":{"allow":["GET"]}}],"collection":[{"href":"https:\/\/cedt.hu\/en\/wp-json\/wp\/v2\/pages"}],"about":[{"href":"https:\/\/cedt.hu\/en\/wp-json\/wp\/v2\/types\/page"}],"author":[{"embeddable":true,"href":"https:\/\/cedt.hu\/en\/wp-json\/wp\/v2\/users\/1"}],"replies":[{"embeddable":true,"href":"https:\/\/cedt.hu\/en\/wp-json\/wp\/v2\/comments?post=17969"}],"version-history":[{"count":0,"href":"https:\/\/cedt.hu\/en\/wp-json\/wp\/v2\/pages\/17969\/revisions"}],"wp:attachment":[{"href":"https:\/\/cedt.hu\/en\/wp-json\/wp\/v2\/media?parent=17969"}],"curies":[{"name":"wp","href":"https:\/\/api.w.org\/{rel}","templated":true}]}}