{"id":16956,"date":"2025-05-06T16:29:01","date_gmt":"2025-05-06T16:29:01","guid":{"rendered":"https:\/\/cedthu.rwpstaging.site\/?page_id=16956"},"modified":"2025-05-06T16:43:45","modified_gmt":"2025-05-06T16:43:45","slug":"hirek","status":"publish","type":"page","link":"https:\/\/cedt.hu\/en\/hirek\/","title":{"rendered":"News"},"content":{"rendered":"<div data-elementor-type=\"wp-page\" data-elementor-id=\"16956\" class=\"elementor elementor-16956\" data-elementor-post-type=\"page\">\n\t\t\t\t\t\t<section class=\"elementor-section elementor-top-section elementor-element elementor-element-702a69c elementor-section-height-min-height elementor-section-items-stretch elementor-section-boxed elementor-section-height-default\" data-id=\"702a69c\" data-element_type=\"section\" data-e-type=\"section\" data-settings=\"{&quot;background_background&quot;:&quot;classic&quot;}\">\n\t\t\t\t\t\t\t<div class=\"elementor-background-overlay\"><\/div>\n\t\t\t\t\t\t\t<div class=\"elementor-container elementor-column-gap-default\">\n\t\t\t\t\t<div class=\"elementor-column elementor-col-100 elementor-top-column elementor-element elementor-element-eda36eb\" data-id=\"eda36eb\" data-element_type=\"column\" data-e-type=\"column\">\n\t\t\t<div class=\"elementor-widget-wrap elementor-element-populated\">\n\t\t\t\t\t\t<div class=\"elementor-element elementor-element-ec1b0ae elementor-widget elementor-widget-heading\" data-id=\"ec1b0ae\" data-element_type=\"widget\" data-e-type=\"widget\" data-widget_type=\"heading.default\">\n\t\t\t\t<div class=\"elementor-widget-container\">\n\t\t\t\t\t<h2 class=\"elementor-heading-title elementor-size-default\">News<\/h2>\t\t\t\t<\/div>\n\t\t\t\t<\/div>\n\t\t\t\t<div class=\"elementor-element elementor-element-a5ef394 elementor-widget elementor-widget-spacer\" data-id=\"a5ef394\" data-element_type=\"widget\" data-e-type=\"widget\" data-widget_type=\"spacer.default\">\n\t\t\t\t<div class=\"elementor-widget-container\">\n\t\t\t\t\t\t\t<div class=\"elementor-spacer\">\n\t\t\t<div class=\"elementor-spacer-inner\"><\/div>\n\t\t<\/div>\n\t\t\t\t\t\t<\/div>\n\t\t\t\t<\/div>\n\t\t\t\t\t<\/div>\n\t\t<\/div>\n\t\t\t\t\t<\/div>\n\t\t<\/section>\n\t\t\t\t<section class=\"elementor-section elementor-top-section elementor-element elementor-element-a7db818 elementor-section-boxed elementor-section-height-default elementor-section-height-default\" data-id=\"a7db818\" data-element_type=\"section\" data-e-type=\"section\">\n\t\t\t\t\t\t<div class=\"elementor-container elementor-column-gap-default\">\n\t\t\t\t\t<div class=\"elementor-column elementor-col-100 elementor-top-column elementor-element elementor-element-d9ab5f0\" data-id=\"d9ab5f0\" data-element_type=\"column\" data-e-type=\"column\">\n\t\t\t<div class=\"elementor-widget-wrap elementor-element-populated\">\n\t\t\t\t\t\t<div class=\"elementor-element elementor-element-548d52d elementor-grid-3 elementor-grid-tablet-2 elementor-grid-mobile-1 elementor-posts--thumbnail-top elementor-widget elementor-widget-posts\" data-id=\"548d52d\" data-element_type=\"widget\" data-e-type=\"widget\" data-settings=\"{&quot;pagination_type&quot;:&quot;prev_next&quot;,&quot;classic_columns&quot;:&quot;3&quot;,&quot;classic_columns_tablet&quot;:&quot;2&quot;,&quot;classic_columns_mobile&quot;:&quot;1&quot;,&quot;classic_row_gap&quot;:{&quot;unit&quot;:&quot;px&quot;,&quot;size&quot;:35,&quot;sizes&quot;:[]},&quot;classic_row_gap_tablet&quot;:{&quot;unit&quot;:&quot;px&quot;,&quot;size&quot;:&quot;&quot;,&quot;sizes&quot;:[]},&quot;classic_row_gap_mobile&quot;:{&quot;unit&quot;:&quot;px&quot;,&quot;size&quot;:&quot;&quot;,&quot;sizes&quot;:[]}}\" data-widget_type=\"posts.classic\">\n\t\t\t\t<div class=\"elementor-widget-container\">\n\t\t\t\t\t\t\t<div class=\"elementor-posts-container elementor-posts elementor-posts--skin-classic elementor-grid\" role=\"list\">\n\t\t\t\t<article class=\"elementor-post elementor-grid-item post-64772 post type-post status-publish format-standard hentry category-hirek\" role=\"listitem\">\n\t\t\t\t<div class=\"elementor-post__text\">\n\t\t\t\t<h5 class=\"elementor-post__title\">\n\t\t\t<a href=\"https:\/\/cedt.hu\/en\/del-koreai-tancmuvesz-nyerte-a-xii-nemzetkozi-monotanc-fesztival-kozonsegdijat\/\" >\n\t\t\t\tSouth Korean dancer wins the audience award at the XII International Monodance Festival\u00a0\t\t\t<\/a>\n\t\t<\/h5>\n\t\t\t\t<div class=\"elementor-post__meta-data\">\n\t\t\t\t\t<span class=\"elementor-post-date\">\n\t\t\t2026-05-05\t\t<\/span>\n\t\t\t\t<\/div>\n\t\t\t\t<div class=\"elementor-post__excerpt\">\n\t\t\t<p>Seo Jungbin from South Korea won the Audience Award of the XII International Monodance Festival, which was held between 22 and 26 April 2026 at the Bethlen T\u00e9ri Theatre, in the<\/p>\n\t\t<\/div>\n\t\t\n\t\t<a class=\"elementor-post__read-more\" href=\"https:\/\/cedt.hu\/en\/del-koreai-tancmuvesz-nyerte-a-xii-nemzetkozi-monotanc-fesztival-kozonsegdijat\/\" aria-label=\"Read more about D\u00e9l-koreai t\u00e1ncm\u0171v\u00e9sz nyerte a XII. Nemzetk\u00f6zi Monot\u00e1nc Fesztiv\u00e1l k\u00f6z\u00f6ns\u00e9gd\u00edj\u00e1t\u00a0\" tabindex=\"-1\" >\n\t\t\tRead more +\t\t<\/a>\n\n\t\t\t\t<\/div>\n\t\t\t\t<\/article>\n\t\t\t\t<article class=\"elementor-post elementor-grid-item post-64533 post type-post status-publish format-standard hentry category-hirek\" role=\"listitem\">\n\t\t\t\t<div class=\"elementor-post__text\">\n\t\t\t\t<h5 class=\"elementor-post__title\">\n\t\t\t<a href=\"https:\/\/cedt.hu\/en\/xii-nemzetkozi-monotanc-fesztival-del-koreai-ukran-es-kozep-europai-tancmuveszek-a-bethlen-teri-szinhazban\/\" >\n\t\t\t\tXII International Monodance Festival - South Korean, Ukrainian and Central European dancers at Bethlen Square Theatre\u00a0\t\t\t<\/a>\n\t\t<\/h5>\n\t\t\t\t<div class=\"elementor-post__meta-data\">\n\t\t\t\t\t<span class=\"elementor-post-date\">\n\t\t\t2026-04-21\t\t<\/span>\n\t\t\t\t<\/div>\n\t\t\t\t<div class=\"elementor-post__excerpt\">\n\t\t\t<p>Between 22 and 26 April 2026, the Central European Dance Theatre and Bethlen Square Theatre will organise the twelfth International Monodance Festival, a joint dance festival. A<\/p>\n\t\t<\/div>\n\t\t\n\t\t<a class=\"elementor-post__read-more\" href=\"https:\/\/cedt.hu\/en\/xii-nemzetkozi-monotanc-fesztival-del-koreai-ukran-es-kozep-europai-tancmuveszek-a-bethlen-teri-szinhazban\/\" aria-label=\"Read more about XII. Nemzetk\u00f6zi Monot\u00e1nc Fesztiv\u00e1l \u2013 D\u00e9l-koreai, ukr\u00e1n \u00e9s k\u00f6z\u00e9p-eur\u00f3pai t\u00e1ncm\u0171v\u00e9szek a Bethlen T\u00e9ri Sz\u00ednh\u00e1zban\u00a0\" tabindex=\"-1\" >\n\t\t\tRead more +\t\t<\/a>\n\n\t\t\t\t<\/div>\n\t\t\t\t<\/article>\n\t\t\t\t<article class=\"elementor-post elementor-grid-item post-64212 post type-post status-publish format-standard hentry category-uncategorized-hu\" role=\"listitem\">\n\t\t\t\t<div class=\"elementor-post__text\">\n\t\t\t\t<h5 class=\"elementor-post__title\">\n\t\t\t<a href=\"https:\/\/cedt.hu\/en\/nemzetkozi-nyilt-felhivas-management-fusion-a-danceua-projekt-kereteben\/\" >\n\t\t\t\tInternational open call for applications for Management Fusion - Danceua project\u00a0\t\t\t<\/a>\n\t\t<\/h5>\n\t\t\t\t<div class=\"elementor-post__meta-data\">\n\t\t\t\t\t<span class=\"elementor-post-date\">\n\t\t\t2026-04-10\t\t<\/span>\n\t\t\t\t<\/div>\n\t\t\t\t<div class=\"elementor-post__excerpt\">\n\t\t\t<p>June 15-22, 2026 | Sf\u00e2ntu Gheorghe, Romania Deadline for applications: 10 May 2026, 22:00 M Studio (Romania) is launching an international open call for applications for the DancEUA project<\/p>\n\t\t<\/div>\n\t\t\n\t\t<a class=\"elementor-post__read-more\" href=\"https:\/\/cedt.hu\/en\/nemzetkozi-nyilt-felhivas-management-fusion-a-danceua-projekt-kereteben\/\" aria-label=\"Read more about Nemzetk\u00f6zi ny\u00edlt felh\u00edv\u00e1s: Management Fusion \u2013 a Danceua projekt keret\u00e9ben\u00a0\" tabindex=\"-1\" >\n\t\t\tRead more +\t\t<\/a>\n\n\t\t\t\t<\/div>\n\t\t\t\t<\/article>\n\t\t\t\t<article class=\"elementor-post elementor-grid-item post-63951 post type-post status-publish format-standard hentry category-hirek\" role=\"listitem\">\n\t\t\t\t<div class=\"elementor-post__text\">\n\t\t\t\t<h5 class=\"elementor-post__title\">\n\t\t\t<a href=\"https:\/\/cedt.hu\/en\/nemzetkozi-nyilt-felhivas-tancmuveszeknek-artist-in-residence-a-danceua-projekt-kereteben\/\" >\n\t\t\t\tInternational open call for dance artists: artist-in-residence - Danceua project\t\t\t<\/a>\n\t\t<\/h5>\n\t\t\t\t<div class=\"elementor-post__meta-data\">\n\t\t\t\t\t<span class=\"elementor-post-date\">\n\t\t\t2026-03-30\t\t<\/span>\n\t\t\t\t<\/div>\n\t\t\t\t<div class=\"elementor-post__excerpt\">\n\t\t\t<p>18-31 May 2026 \/ 26 October - 15 November 2026 | Vitlycke - CPA, Sweden Deadline for applications: 12 April 2026, 23:59 The Vitlycke - Centre<\/p>\n\t\t<\/div>\n\t\t\n\t\t<a class=\"elementor-post__read-more\" href=\"https:\/\/cedt.hu\/en\/nemzetkozi-nyilt-felhivas-tancmuveszeknek-artist-in-residence-a-danceua-projekt-kereteben\/\" aria-label=\"Read more about Nemzetk\u00f6zi ny\u00edlt felh\u00edv\u00e1s t\u00e1ncm\u0171v\u00e9szeknek: Artist-in-Residence \u2013 a Danceua projekt keret\u00e9ben\" tabindex=\"-1\" >\n\t\t\tRead more +\t\t<\/a>\n\n\t\t\t\t<\/div>\n\t\t\t\t<\/article>\n\t\t\t\t<article class=\"elementor-post elementor-grid-item post-63832 post type-post status-publish format-standard hentry category-uncategorized-hu\" role=\"listitem\">\n\t\t\t\t<div class=\"elementor-post__text\">\n\t\t\t\t<h5 class=\"elementor-post__title\">\n\t\t\t<a href=\"https:\/\/cedt.hu\/en\/nemzetkozi-nyilt-felhivas-tancmuveszeknek-dance-communication-lab-zagrab\/\" >\n\t\t\t\tInternational open call for dance artists: Dance Communication Lab - Zagreb\t\t\t<\/a>\n\t\t<\/h5>\n\t\t\t\t<div class=\"elementor-post__meta-data\">\n\t\t\t\t\t<span class=\"elementor-post-date\">\n\t\t\t2026-03-24\t\t<\/span>\n\t\t\t\t<\/div>\n\t\t\t\t<div class=\"elementor-post__excerpt\">\n\t\t\t<p>May 19-20, 2026 | Zagreb, Croatia Deadline for entries: 17 April 2026, 16:00.  The Hrvatski institut za pokret i ples - HIPP (Croatia) is launching an international open call for applications<\/p>\n\t\t<\/div>\n\t\t\n\t\t<a class=\"elementor-post__read-more\" href=\"https:\/\/cedt.hu\/en\/nemzetkozi-nyilt-felhivas-tancmuveszeknek-dance-communication-lab-zagrab\/\" aria-label=\"Read more about Nemzetk\u00f6zi ny\u00edlt felh\u00edv\u00e1s t\u00e1ncm\u0171v\u00e9szeknek: Dance Communication Lab \u2013 Z\u00e1gr\u00e1b\" tabindex=\"-1\" >\n\t\t\tRead more +\t\t<\/a>\n\n\t\t\t\t<\/div>\n\t\t\t\t<\/article>\n\t\t\t\t<article class=\"elementor-post elementor-grid-item post-63777 post type-post status-publish format-standard hentry category-uncategorized-hu\" role=\"listitem\">\n\t\t\t\t<div class=\"elementor-post__text\">\n\t\t\t\t<h5 class=\"elementor-post__title\">\n\t\t\t<a href=\"https:\/\/cedt.hu\/en\/kocbaba-a-nemzeti-tancszinhazban-a-budapesti-szinhazak-ejszakaja-kereteben\/\" >\n\t\t\t\tBaby Doll at the National Dance Theatre as part of the Budapest Night of Theatres\u00a0\t\t\t<\/a>\n\t\t<\/h5>\n\t\t\t\t<div class=\"elementor-post__meta-data\">\n\t\t\t\t\t<span class=\"elementor-post-date\">\n\t\t\t2026-03-16\t\t<\/span>\n\t\t\t\t<\/div>\n\t\t\t\t<div class=\"elementor-post__excerpt\">\n\t\t\t<p>On the morning of 21 March, as part of the Budapest Night of Theatres, our production of Baby Claus will be shown again at the National Dance Theatre.  The play, which is aimed at preschoolers and schoolchildren<\/p>\n\t\t<\/div>\n\t\t\n\t\t<a class=\"elementor-post__read-more\" href=\"https:\/\/cedt.hu\/en\/kocbaba-a-nemzeti-tancszinhazban-a-budapesti-szinhazak-ejszakaja-kereteben\/\" aria-label=\"Read more about K\u00f3cbaba a Nemzeti T\u00e1ncsz\u00ednh\u00e1zban a Budapesti Sz\u00ednh\u00e1zak \u00c9jszak\u00e1ja keret\u00e9ben\u00a0\" tabindex=\"-1\" >\n\t\t\tRead more +\t\t<\/a>\n\n\t\t\t\t<\/div>\n\t\t\t\t<\/article>\n\t\t\t\t<article class=\"elementor-post elementor-grid-item post-63286 post type-post status-publish format-standard hentry category-hirek\" role=\"listitem\">\n\t\t\t\t<div class=\"elementor-post__text\">\n\t\t\t\t<h5 class=\"elementor-post__title\">\n\t\t\t<a href=\"https:\/\/cedt.hu\/en\/tempo-gobi-rita-uj-koreografiaja-a-kozep-europa-tancszinhazzal\/\" >\n\t\t\t\tTempo - New choreography by Rita G\u00f3bi with Central Europe Dance Theatre\u00a0\t\t\t<\/a>\n\t\t<\/h5>\n\t\t\t\t<div class=\"elementor-post__meta-data\">\n\t\t\t\t\t<span class=\"elementor-post-date\">\n\t\t\t2026-02-27\t\t<\/span>\n\t\t\t\t<\/div>\n\t\t\t\t<div class=\"elementor-post__excerpt\">\n\t\t\t<p>On the evening of March 6, the National Dance Theatre will premiere the new Tempo, a new production by our company, choreographed by Rita G\u00f3bi.  \u201cPick up the tempo! Exhale-exhale, one leg<\/p>\n\t\t<\/div>\n\t\t\n\t\t<a class=\"elementor-post__read-more\" href=\"https:\/\/cedt.hu\/en\/tempo-gobi-rita-uj-koreografiaja-a-kozep-europa-tancszinhazzal\/\" aria-label=\"Read more about Tempo &#8211; G\u00f3bi Rita \u00faj koreogr\u00e1fi\u00e1ja a K\u00f6z\u00e9p-Eur\u00f3pa T\u00e1ncsz\u00ednh\u00e1zzal\u00a0\" tabindex=\"-1\" >\n\t\t\tRead more +\t\t<\/a>\n\n\t\t\t\t<\/div>\n\t\t\t\t<\/article>\n\t\t\t\t<article class=\"elementor-post elementor-grid-item post-62410 post type-post status-publish format-standard hentry category-uncategorized-hu\" role=\"listitem\">\n\t\t\t\t<div class=\"elementor-post__text\">\n\t\t\t\t<h5 class=\"elementor-post__title\">\n\t\t\t<a href=\"https:\/\/cedt.hu\/en\/marciusban-svedorszagban-vendegszerepel-a-ket\/\" >\n\t\t\t\tIn March, KET will be in Sweden!\u00a0\t\t\t<\/a>\n\t\t<\/h5>\n\t\t\t\t<div class=\"elementor-post__meta-data\">\n\t\t\t\t\t<span class=\"elementor-post-date\">\n\t\t\t2026-02-20\t\t<\/span>\n\t\t\t\t<\/div>\n\t\t\t\t<div class=\"elementor-post__excerpt\">\n\t\t\t<p>We are pleased to announce that the company of Central Europe Dance Theatre will perform in Sweden on 14 March! The Vitlycke - Centre for Performing Arts will host Maciej<\/p>\n\t\t<\/div>\n\t\t\n\t\t<a class=\"elementor-post__read-more\" href=\"https:\/\/cedt.hu\/en\/marciusban-svedorszagban-vendegszerepel-a-ket\/\" aria-label=\"Read more about M\u00e1rciusban Sv\u00e9dorsz\u00e1gban vend\u00e9gszerepel a KET!\u00a0\" tabindex=\"-1\" >\n\t\t\tRead more +\t\t<\/a>\n\n\t\t\t\t<\/div>\n\t\t\t\t<\/article>\n\t\t\t\t<article class=\"elementor-post elementor-grid-item post-62301 post type-post status-publish format-standard hentry category-hirek\" role=\"listitem\">\n\t\t\t\t<div class=\"elementor-post__text\">\n\t\t\t\t<h5 class=\"elementor-post__title\">\n\t\t\t<a href=\"https:\/\/cedt.hu\/en\/allashirdetes-palyazati-menedzser-es-kulturalis-projektkoordinator\/\" >\n\t\t\t\tJob vacancy - Programme Manager and Cultural Project Coordinator\t\t\t<\/a>\n\t\t<\/h5>\n\t\t\t\t<div class=\"elementor-post__meta-data\">\n\t\t\t\t\t<span class=\"elementor-post-date\">\n\t\t\t2026-02-13\t\t<\/span>\n\t\t\t\t<\/div>\n\t\t\t\t<div class=\"elementor-post__excerpt\">\n\t\t\t<p>Bethlen T\u00e9ri Theatre and Central Europe Dance Theatre are looking for a proposal manager \/ cultural project coordinator with a passion for the implementation of national and international cultural projects,<\/p>\n\t\t<\/div>\n\t\t\n\t\t<a class=\"elementor-post__read-more\" href=\"https:\/\/cedt.hu\/en\/allashirdetes-palyazati-menedzser-es-kulturalis-projektkoordinator\/\" aria-label=\"Read more about \u00c1ll\u00e1shirdet\u00e9s \u2013 P\u00e1ly\u00e1zati menedzser \u00e9s kultur\u00e1lis projektkoordin\u00e1tor\" tabindex=\"-1\" >\n\t\t\tRead more +\t\t<\/a>\n\n\t\t\t\t<\/div>\n\t\t\t\t<\/article>\n\t\t\t\t<\/div>\n\t\t\n\t\t\t\t<div class=\"e-load-more-anchor\" data-page=\"1\" data-max-page=\"7\" data-next-page=\"https:\/\/cedt.hu\/en\/wp-json\/wp\/v2\/pages\/16956\/page\/2\/\"><\/div>\n\t\t\t\t<nav class=\"elementor-pagination\" aria-label=\"Pagination\">\n\t\t\t<span class=\"page-numbers prev\">\" previous<\/span>\n<a class=\"page-numbers next\" href=\"https:\/\/cedt.hu\/en\/wp-json\/wp\/v2\/pages\/16956\/page\/2\/\">Next \"<\/a>\t\t<\/nav>\n\t\t\t\t\t\t<\/div>\n\t\t\t\t<\/div>\n\t\t\t\t\t<\/div>\n\t\t<\/div>\n\t\t\t\t\t<\/div>\n\t\t<\/section>\n\t\t\t\t<\/div>","protected":false},"excerpt":{"rendered":"<p>News<\/p>","protected":false},"author":1,"featured_media":0,"parent":0,"menu_order":0,"comment_status":"closed","ping_status":"closed","template":"elementor_header_footer","meta":{"footnotes":""},"class_list":["post-16956","page","type-page","status-publish","hentry"],"_links":{"self":[{"href":"https:\/\/cedt.hu\/en\/wp-json\/wp\/v2\/pages\/16956","targetHints":{"allow":["GET"]}}],"collection":[{"href":"https:\/\/cedt.hu\/en\/wp-json\/wp\/v2\/pages"}],"about":[{"href":"https:\/\/cedt.hu\/en\/wp-json\/wp\/v2\/types\/page"}],"author":[{"embeddable":true,"href":"https:\/\/cedt.hu\/en\/wp-json\/wp\/v2\/users\/1"}],"replies":[{"embeddable":true,"href":"https:\/\/cedt.hu\/en\/wp-json\/wp\/v2\/comments?post=16956"}],"version-history":[{"count":0,"href":"https:\/\/cedt.hu\/en\/wp-json\/wp\/v2\/pages\/16956\/revisions"}],"wp:attachment":[{"href":"https:\/\/cedt.hu\/en\/wp-json\/wp\/v2\/media?parent=16956"}],"curies":[{"name":"wp","href":"https:\/\/api.w.org\/{rel}","templated":true}]}}