{"id":12987,"date":"2024-08-26T12:03:34","date_gmt":"2024-08-26T12:03:34","guid":{"rendered":"https:\/\/cedt.hu\/?page_id=12987\/"},"modified":"2024-08-26T12:38:33","modified_gmt":"2024-08-26T12:38:33","slug":"input-feszt-2024","status":"publish","type":"page","link":"https:\/\/cedt.hu\/en\/input-feszt-2024\/","title":{"rendered":"INPUT FEST 2024"},"content":{"rendered":"<p class=\"has-text-align-center\"><strong>The 2024\/2025 season kicks off with 40 programmes in more than 10 venues over almost 10 days!<\/strong>&nbsp;<br>&nbsp;<br><strong>INPUT FESTIVAL will take place for the first time between 13 and 22 September, showcasing innovative inclusive spaces founded by a professional association almost a year ago in five districts of the capital.<\/strong>&nbsp;<br>&nbsp;<br>Last season the&nbsp;<a href=\"https:\/\/juranyihaz.hu\/hu\/hir\/input\" target=\"_blank\" rel=\"noreferrer noopener\"><strong>INPUT<\/strong><\/a>&nbsp;company has done a lot of professional work in the background. The September festival was born out of INPUT's debut to the public and the absence of the regular season-opening festival held on Andr\u00e1ssy Avenue in the early 2000s. The venues prepare a programme specific to their operation and profile. As the programmes have been put together, call words that are equally important to all the institutions have become visible, and discussions will be held on those themes. These include education, the presence of technology in the performing arts, sustainable, green operations, women's destinies and energies, and community\/participatory theatre. The festival will be diverse in terms of genre and participants, ranging from prose plays to contemporary dance and movement arts to new circus, and from artists and art school students to community theatre.&nbsp;<br>&nbsp;<br>The aim of the festival is also to show the cultural vibrancy of a district through its places, as these are the base institutions and places that can give a city its cultural identity, so it was also important to focus on a particular district on each day.&nbsp;<\/p>\n\n\n\n<p>The full programme of the festival is available on the website of the House of Jura:&nbsp;<br><a href=\"https:\/\/juranyihaz.hu\/hu\/hir\/inputfeszt2024\">https:\/\/juranyihaz.hu\/hu\/hir\/inputfeszt2024<\/a><\/p>","protected":false},"excerpt":{"rendered":"<p>T\u00f6bb mint 10 helysz\u00ednen k\u00f6zel 10 nap alatt 40 programmal indul a 2024\/2025-\u00f6s \u00e9vad!&nbsp;&nbsp;Szeptember 13-a \u00e9s 22-e k\u00f6z\u00f6tt el\u0151sz\u00f6r ker\u00fcl megrendez\u00e9sre az INPUT FESZT, amely sor\u00e1n \u00f6t f\u0151v\u00e1rosi ker\u00fcletben mutatkoznak be a lassan egy \u00e9ve szakmai t\u00e1rsas\u00e1got alap\u00edtott innovat\u00edv befogad\u00f3 terek.&nbsp;&nbsp;Az elm\u00falt \u00e9vadban az&nbsp;INPUT&nbsp;t\u00e1rsas\u00e1g a h\u00e1tt\u00e9rben jelent\u0151s szakmai munk\u00e1t folytatott. A szeptemberi fesztiv\u00e1lt az INPUT [&hellip;]<\/p>\n","protected":false},"author":12,"featured_media":0,"parent":0,"menu_order":0,"comment_status":"closed","ping_status":"closed","template":"","meta":{"footnotes":""},"class_list":["post-12987","page","type-page","status-publish","hentry"],"_links":{"self":[{"href":"https:\/\/cedt.hu\/en\/wp-json\/wp\/v2\/pages\/12987","targetHints":{"allow":["GET"]}}],"collection":[{"href":"https:\/\/cedt.hu\/en\/wp-json\/wp\/v2\/pages"}],"about":[{"href":"https:\/\/cedt.hu\/en\/wp-json\/wp\/v2\/types\/page"}],"author":[{"embeddable":true,"href":"https:\/\/cedt.hu\/en\/wp-json\/wp\/v2\/users\/12"}],"replies":[{"embeddable":true,"href":"https:\/\/cedt.hu\/en\/wp-json\/wp\/v2\/comments?post=12987"}],"version-history":[{"count":0,"href":"https:\/\/cedt.hu\/en\/wp-json\/wp\/v2\/pages\/12987\/revisions"}],"wp:attachment":[{"href":"https:\/\/cedt.hu\/en\/wp-json\/wp\/v2\/media?parent=12987"}],"curies":[{"name":"wp","href":"https:\/\/api.w.org\/{rel}","templated":true}]}}