{"id":11333,"date":"2023-12-11T13:38:49","date_gmt":"2023-12-11T13:38:49","guid":{"rendered":"https:\/\/cedt.hu\/?page_id=11333\/"},"modified":"2025-04-07T12:58:56","modified_gmt":"2025-04-07T12:58:56","slug":"beyond-front","status":"publish","type":"page","link":"https:\/\/cedt.hu\/en\/beyond-front\/","title":{"rendered":"BEYOND FRONT@ \u2013 BRIDGING PERIPHERY"},"content":{"rendered":"<div data-elementor-type=\"wp-post\" data-elementor-id=\"11333\" class=\"elementor elementor-11333\" data-elementor-post-type=\"page\">\n\t\t\t\t\t\t<section class=\"elementor-section elementor-top-section elementor-element elementor-element-5c7a38d0 elementor-section-height-min-height elementor-section-items-stretch elementor-section-boxed elementor-section-height-default\" data-id=\"5c7a38d0\" data-element_type=\"section\" data-e-type=\"section\" data-settings=\"{&quot;background_background&quot;:&quot;classic&quot;}\">\n\t\t\t\t\t\t\t<div class=\"elementor-background-overlay\"><\/div>\n\t\t\t\t\t\t\t<div class=\"elementor-container elementor-column-gap-default\">\n\t\t\t\t\t<div class=\"elementor-column elementor-col-100 elementor-top-column elementor-element elementor-element-5a911ce8\" data-id=\"5a911ce8\" data-element_type=\"column\" data-e-type=\"column\">\n\t\t\t<div class=\"elementor-widget-wrap elementor-element-populated\">\n\t\t\t\t\t\t<div class=\"elementor-element elementor-element-5514a959 elementor-widget elementor-widget-heading\" data-id=\"5514a959\" data-element_type=\"widget\" data-e-type=\"widget\" data-widget_type=\"heading.default\">\n\t\t\t\t<div class=\"elementor-widget-container\">\n\t\t\t\t\t<h2 class=\"elementor-heading-title elementor-size-default\">Beyond Front@<\/h2>\t\t\t\t<\/div>\n\t\t\t\t<\/div>\n\t\t\t\t<div class=\"elementor-element elementor-element-2dfa81df elementor-widget elementor-widget-spacer\" data-id=\"2dfa81df\" data-element_type=\"widget\" data-e-type=\"widget\" data-widget_type=\"spacer.default\">\n\t\t\t\t<div class=\"elementor-widget-container\">\n\t\t\t\t\t\t\t<div class=\"elementor-spacer\">\n\t\t\t<div class=\"elementor-spacer-inner\"><\/div>\n\t\t<\/div>\n\t\t\t\t\t\t<\/div>\n\t\t\t\t<\/div>\n\t\t\t\t\t<\/div>\n\t\t<\/div>\n\t\t\t\t\t<\/div>\n\t\t<\/section>\n\t\t\t\t<section class=\"elementor-section elementor-top-section elementor-element elementor-element-6caa18ee elementor-section-height-min-height elementor-section-items-stretch elementor-reverse-tablet elementor-reverse-mobile elementor-section-boxed elementor-section-height-default\" data-id=\"6caa18ee\" data-element_type=\"section\" data-e-type=\"section\">\n\t\t\t\t\t\t<div class=\"elementor-container elementor-column-gap-default\">\n\t\t\t\t\t<div class=\"elementor-column elementor-col-50 elementor-top-column elementor-element elementor-element-68ee3596\" data-id=\"68ee3596\" data-element_type=\"column\" data-e-type=\"column\" data-settings=\"{&quot;background_background&quot;:&quot;classic&quot;}\">\n\t\t\t<div class=\"elementor-widget-wrap elementor-element-populated\">\n\t\t\t\t\t\t<div class=\"elementor-element elementor-element-12ba1644 animated-slow elementor-invisible elementor-widget elementor-widget-image\" data-id=\"12ba1644\" data-element_type=\"widget\" data-e-type=\"widget\" data-settings=\"{&quot;_animation&quot;:&quot;rollIn&quot;}\" data-widget_type=\"image.default\">\n\t\t\t\t<div class=\"elementor-widget-container\">\n\t\t\t\t\t\t\t\t\t\t\t\t\t\t\t<img fetchpriority=\"high\" decoding=\"async\" width=\"1281\" height=\"1281\" src=\"https:\/\/cedt.hu\/wp-content\/uploads\/2025\/01\/BF.png\" class=\"attachment-full size-full wp-image-14671\" alt=\"\" srcset=\"https:\/\/cedt.hu\/wp-content\/uploads\/2025\/01\/BF.png 1281w, https:\/\/cedt.hu\/wp-content\/uploads\/2025\/01\/BF-300x300.png 300w, https:\/\/cedt.hu\/wp-content\/uploads\/2025\/01\/BF-1024x1024.png 1024w, https:\/\/cedt.hu\/wp-content\/uploads\/2025\/01\/BF-150x150.png 150w, https:\/\/cedt.hu\/wp-content\/uploads\/2025\/01\/BF-768x768.png 768w, https:\/\/cedt.hu\/wp-content\/uploads\/2025\/01\/BF-400x400.png 400w, https:\/\/cedt.hu\/wp-content\/uploads\/2025\/01\/BF-20x20.png 20w\" sizes=\"(max-width: 1281px) 100vw, 1281px\" \/>\t\t\t\t\t\t\t\t\t\t\t\t\t\t\t<\/div>\n\t\t\t\t<\/div>\n\t\t\t\t\t<\/div>\n\t\t<\/div>\n\t\t\t\t<div class=\"elementor-column elementor-col-50 elementor-top-column elementor-element elementor-element-a0079d1\" data-id=\"a0079d1\" data-element_type=\"column\" data-e-type=\"column\">\n\t\t\t<div class=\"elementor-widget-wrap elementor-element-populated\">\n\t\t\t\t\t\t<div class=\"elementor-element elementor-element-740270c2 elementor-widget elementor-widget-heading\" data-id=\"740270c2\" data-element_type=\"widget\" data-e-type=\"widget\" data-widget_type=\"heading.default\">\n\t\t\t\t<div class=\"elementor-widget-container\">\n\t\t\t\t\t<h5 class=\"elementor-heading-title elementor-size-default\">About the Bridging Periphery project <\/h5>\t\t\t\t<\/div>\n\t\t\t\t<\/div>\n\t\t\t\t<div class=\"elementor-element elementor-element-124c60d4 elementor-widget elementor-widget-text-editor\" data-id=\"124c60d4\" data-element_type=\"widget\" data-e-type=\"widget\" data-widget_type=\"text-editor.default\">\n\t\t\t\t<div class=\"elementor-widget-container\">\n\t\t\t\t\t\t\t\t\t<p><span style=\"font-weight: 400;\">The embeddedness of contemporary dance in the Central European region is insufficient. Its visibility is low, its audience is limited and its social impact marginal, despite its important mission. It is therefore essential to create and make more accessible relevant tools to support those active in the field of contemporary dance. To ensure the sustainability of the genre, artists must push boundaries not only in concept and form, but also across markets and borders.\u00a0<\/span><\/p><p><span style=\"font-weight: 400;\">Beyond Front@: Bridging Periphery (2023-2026) is a collaborative project co-funded by the Creative Europe Culture Programme. The project aims to strengthen the contemporary dance scene in the Central European region by connecting and supporting dance actors - artists, managers, festivals and institutions.\u00a0<\/span><\/p><p><span style=\"font-weight: 400;\">Building on the results and practice of previous projects, the new edition of Beyond Front@ focuses on the peripheral situation of dance actors in Central European countries, covering a wider partnership network. The three-year project brings together six partner countries (Sweden, Poland, Romania, Croatia, Slovenia, Hungary), all committed to supporting the local development of contemporary dance and all determined to overcome obstacles in their own contexts by strengthening mutual cooperation. The three main action areas of the Beyond Front@: Bridging Periphery project are cooperation strategies, capacity building and the development of sustainable cultural production in the region. Its main priorities are to support training, enhance synergies and increase regional visibility.\u00a0<\/span><\/p>\t\t\t\t\t\t\t\t<\/div>\n\t\t\t\t<\/div>\n\t\t\t\t<div class=\"elementor-element elementor-element-7e9a1641 elementor-mobile-align-center elementor-align-center elementor-widget elementor-widget-button\" data-id=\"7e9a1641\" data-element_type=\"widget\" data-e-type=\"widget\" data-widget_type=\"button.default\">\n\t\t\t\t<div class=\"elementor-widget-container\">\n\t\t\t\t\t\t\t\t\t<div class=\"elementor-button-wrapper\">\n\t\t\t\t\t<a class=\"elementor-button elementor-button-link elementor-size-sm elementor-animation-shrink\" href=\"https:\/\/bridgingperiphery.eu\/\" target=\"_blank\">\n\t\t\t\t\t\t<span class=\"elementor-button-content-wrapper\">\n\t\t\t\t\t\t\t\t\t<span class=\"elementor-button-text\">Website of the Beyond Front@: Bridging Periphery project<\/span>\n\t\t\t\t\t<\/span>\n\t\t\t\t\t<\/a>\n\t\t\t\t<\/div>\n\t\t\t\t\t\t\t\t<\/div>\n\t\t\t\t<\/div>\n\t\t\t\t<div class=\"elementor-element elementor-element-680beaf elementor-widget elementor-widget-text-editor\" data-id=\"680beaf\" data-element_type=\"widget\" data-e-type=\"widget\" data-widget_type=\"text-editor.default\">\n\t\t\t\t<div class=\"elementor-widget-container\">\n\t\t\t\t\t\t\t\t\t<p><i><span style=\"font-weight: 400;\">Co-financed by the European Union. The opinions and statements expressed herein are those of the author(s) and do not necessarily reflect the official position of the European Union or the European Agency for Education and Culture (EACEA). Neither the European Union nor the EACEA can be held responsible for them.<\/span><\/i><\/p>\t\t\t\t\t\t\t\t<\/div>\n\t\t\t\t<\/div>\n\t\t\t\t\t<\/div>\n\t\t<\/div>\n\t\t\t\t\t<\/div>\n\t\t<\/section>\n\t\t\t\t<\/div>","protected":false},"excerpt":{"rendered":"<p>Beyond Front@ Bridging Periphery projektr\u0151l A kort\u00e1rs t\u00e1nc be\u00e1gyazotts\u00e1ga a k\u00f6z\u00e9p-eur\u00f3pai r\u00e9gi\u00f3ban nem megfelel\u0151. L\u00e1that\u00f3s\u00e1ga alacsony, csak korl\u00e1tozott k\u00f6z\u00f6ns\u00e9get \u00e9r el, \u00edgy t\u00e1rsadalmi hat\u00e1sa is margin\u00e1lis, pedig fontos k\u00fcldet\u00e9st t\u00f6lt be. Ez\u00e9rt elengedhetetlen olyan relev\u00e1ns eszk\u00f6z\u00f6k l\u00e9trehoz\u00e1sa \u00e9s hozz\u00e1f\u00e9rhet\u0151bb\u00e9 t\u00e9tele, amelyek t\u00e1mogatj\u00e1k a kort\u00e1rs t\u00e1nc ter\u00fclet\u00e9n tev\u00e9kenyked\u0151ket. A m\u0171faj fenntarthat\u00f3s\u00e1g\u00e1nak biztos\u00edt\u00e1sa \u00e9rdek\u00e9ben a m\u0171v\u00e9szeknek nemcsak [&hellip;]<\/p>\n","protected":false},"author":7,"featured_media":0,"parent":0,"menu_order":0,"comment_status":"closed","ping_status":"closed","template":"elementor_header_footer","meta":{"footnotes":""},"class_list":["post-11333","page","type-page","status-publish","hentry"],"_links":{"self":[{"href":"https:\/\/cedt.hu\/en\/wp-json\/wp\/v2\/pages\/11333","targetHints":{"allow":["GET"]}}],"collection":[{"href":"https:\/\/cedt.hu\/en\/wp-json\/wp\/v2\/pages"}],"about":[{"href":"https:\/\/cedt.hu\/en\/wp-json\/wp\/v2\/types\/page"}],"author":[{"embeddable":true,"href":"https:\/\/cedt.hu\/en\/wp-json\/wp\/v2\/users\/7"}],"replies":[{"embeddable":true,"href":"https:\/\/cedt.hu\/en\/wp-json\/wp\/v2\/comments?post=11333"}],"version-history":[{"count":0,"href":"https:\/\/cedt.hu\/en\/wp-json\/wp\/v2\/pages\/11333\/revisions"}],"wp:attachment":[{"href":"https:\/\/cedt.hu\/en\/wp-json\/wp\/v2\/media?parent=11333"}],"curies":[{"name":"wp","href":"https:\/\/api.w.org\/{rel}","templated":true}]}}