{"id":10945,"date":"2023-09-26T18:00:00","date_gmt":"2023-09-26T18:00:00","guid":{"rendered":"https:\/\/cedt.hu\/?page_id=10945\/"},"modified":"2023-09-26T14:29:21","modified_gmt":"2023-09-26T14:29:21","slug":"ifju-koreografusok-foruma-ikf-2023","status":"publish","type":"page","link":"https:\/\/cedt.hu\/en\/ifju-koreografusok-foruma-ikf-2023\/","title":{"rendered":"Forum of Young Choreographers - IKF 2023 - CALL FOR APPLICATIONS"},"content":{"rendered":"<p>-- <em>For English please scroll down<\/em> --<\/p>\n<p>&nbsp;<\/p>\n<p><strong>Forum of Young Choreographers<\/strong> <strong>- IKF 2023<\/strong><\/p>\n<p><strong>The Central European Dance Theatre is pleased to announce that this year it will again <em>\u201eIKF 2023\u201d - Forum of Young Choreographers<\/em> an open call for applications under the name of the Talent programme. This year is the 25th edition of the\u00a0<\/strong><strong>we will give the opportunity to the creators to show their work. <\/strong><\/p>\n<p><strong>\u00a0<\/strong><\/p>\n<p>In 2013, the KET set out to develop a new strategy to build a new basis for working with the youngest creators and to open up new perspectives for working with them. The launch of the talent programme has confirmed the need for our initiative, with 24 young choreographers, including international artists, having been given the opportunity to present their work: Bernadett Jobb\u00e1gy, Mil\u00e1n \u00dajv\u00e1ri, Gabriella P\u00e1lfi, Zolt\u00e1n Grecs\u00f3, Dorottya Ujsz\u00e1szi, Kinga Varga, J\u00falia Gyulai, G\u00e1bor Hal\u00e1sz, Judit Szamosi, Anik\u00f3 Kiss, Beatrix Simk\u00f3, P\u00e9ter Lajos T\u00fari, Krist\u00f3f Samu, Krisztina Szarvas, D\u00e1vid Mik\u00f3, Gyula Cserepes, Eva Urbanova (SK), Anna Miku\u0142a-Pawe\u0142 Urbanowicz (PL), Magda Niedzielska (PL), Csilla Nagy, Rita G\u00f3bi and two dancers from KET, Kriszti\u00e1n Barna and D\u00e1vid Dab\u00f3czi.<\/p>\n<p>Many of the young artists listed have been invited to create independent works for the KET. In 2017, Beatrix Simk\u00f3's demonstration was nominated for the Rudolf L\u00e1b\u00e1n Prize, and in 2023, Magda Niedzielska's creation was selected for the 10th Theatre Olympics.<\/p>\n<p>The winner will have the opportunity to spend an evening at the <em>Sissi Autumn Dance<\/em> to work within the framework of the KET: we provide you with the KET company and a rehearsal room where you can work with the artists for a week under professional mentorship. At the end of the week, the work will be presented in a public demonstration at the Bethlen T\u00e9ri Theatre, where the theatre's technicians and technicians will be available. The finished choreography will be documented in a photo documentary, which will serve as a reference for the young artists in their future competitions. In addition, before the one-week rehearsal process, further opportunities will be provided for the preparation of the demonstration with training sessions for the dancers, during which the performers will get to know the young choreographers' own world of movement, while the creators will also get to know the programme's dance artists.<\/p>\n<p>&nbsp;<\/p>\n<p>Five days of creation: 6-10 November 2023.<\/p>\n<p>Location of the demonstration: <em>Bethlen T\u00e9ri Theatre<\/em><\/p>\n<p>Time of the demonstration: 11 November 2023.<\/p>\n<p>&nbsp;<\/p>\n<p>List of the application and documents to be attached:<\/p>\n<ul>\n<li><em>synopsis<\/em><\/li>\n<li><em>number of actors<\/em><\/li>\n<li><em>professional curriculum vitae<\/em><\/li>\n<li><em>previous references as a dancer (and creator, if any) - <\/em>YouTube\u00a0<em>or\u00a0<\/em>Vimeo<em>\u00a0link<\/em><\/li>\n<li><em>recommendation of two well-known artists<\/em><\/li>\n<\/ul>\n<p>&nbsp;<\/p>\n<p>Submission deadline:\u00a0<strong>1 October.\u00a0<em>midnight\u00a0<\/em><\/strong><\/p>\n<p>Announcement of results:\u00a0<strong>12 October,\u00a0<em>South<\/em><\/strong><\/p>\n<p>The announcement of the result will be preceded by a presentation of the project and the implementation plan!<\/p>\n<p>&nbsp;<\/p>\n<p>Applications are invited to the <a href=\"https:\/\/forms.gle\/HmqRJQBRBkemAYbCA\">Google Forms<\/a> please upload it on the page.<\/p>\n<p>More information: <a href=\"mailto:info@cedt.hu\">info@cedt.hu<\/a><\/p>\n<p>&nbsp;<\/p>\n<p><em>-- English version below --\u00a0<\/em><\/p>\n<p>&nbsp;<\/p>\n<p><strong>Young Choreographers Platform - YCP 2023<\/strong><\/p>\n<p><strong>Central European Dance Theatre is pleased to announce that this year again it is launching an open call for applications under the name \u201eIKF 2023\u201d - Young Choreographers Forum. This year, for the 25th time, we are giving the opportunity to a young artist to showcase his or her work.<\/strong><\/p>\n<p>&nbsp;<\/p>\n<p>In 2013, the KET has set out to develop a new strategy to build a new basis for working with the youngest artists and to open up new perspectives for working with them. The launch of the talent programme has confirmed the need for our initiative, with 24 young choreographers having so far been given the opportunity to showcase their work: Jobb\u00e1gy Bernadett, \u00dajv\u00e1ri Mil\u00e1n, P\u00e1lfi Gabriella, Grecs\u00f3 Zolt\u00e1n, Ujsz\u00e1szi Dorottya, Varga Kinga, Gyulai J\u00falia, Hal\u00e1sz G\u00e1bor, Szamosi Judit, Kiss Anik\u00f3, Simk\u00f3 Beatrix, T\u00fari Lajos P\u00e9ter, Samu Krist\u00f3f, Szarvas Krisztina, D\u00e1vid Mik\u00f3, Gyula Cserepes, Eva Urbanova (SK), Anna Miku\u0142a-Pawe\u0142 Urbanowicz (PL), Magda Niedzielska (PL), Csilla Nagy, Rita G\u00f3bi or, out of competition, but two KET dancers, Kriszti\u00e1n Barna and D\u00e1vid Dab\u00f3czi. As you can read in the names, the talent development and research programme has been taken to an international level in 2020.<\/p>\n<p>Many of the young artists listed have been invited to create independent works for the KET. Beatrix Simk\u00f3's demonstration was nominated for the Rudolf L\u00e1b\u00e1n Prize in 2017 and Magda Niedzielska's creation was selected for the 10th Theatre Olympics in 2023.<\/p>\n<p>The winner will be given the opportunity to work with the KET company and rehearsal space for a week, during one evening at the Sissi Autumn Dance Festival, where they will work with the dance artists under professional mentorship. At the end of the week, the work will be presented in a public demonstration at the Bethlen T\u00e9ri Theatre, where the theatre's technicians and technicians will be available. The finished choreography will be documented in a photo documentary, which will serve as a reference for the young artists in their future competitions. In addition, before the one-week rehearsal process, further opportunities will be provided to prepare the demonstration with training sessions for the dancers, during which the performers will get to know the young choreographers\u2019 own world of movement, while the creators will also get to know the programme's dance artists.<\/p>\n<p>&nbsp;<\/p>\n<p><em>Five days of creation:<\/em> 6-10th November 2023.<\/p>\n<p><em>Venue of the demonstration: <\/em>Bethlen Square Theatre<\/p>\n<p><em>Time of the demonstration:<\/em> 11th November 2023<\/p>\n<p>&nbsp;<\/p>\n<p>List of the application and documents to be attached:<\/p>\n<ul>\n<li><em>synopsis<\/em><\/li>\n<li><em>number of participants<\/em><\/li>\n<li><em>curriculum vitae<\/em><\/li>\n<li><em>references as dancer (and creator, if any) - <\/em>YouTube<em> or <\/em>Vimeo<em> link<\/em><\/li>\n<li><em>references from two well-known artists<\/em><\/li>\n<\/ul>\n<p>&nbsp;<\/p>\n<p>Deadline for submission: <strong>1st October, midnight<\/strong><\/p>\n<p>Announcement of results: <strong>12th October, noon<\/strong><\/p>\n<p>The results will be announced before the presentation of the entry and the implementation plan!<\/p>\n<p>&nbsp;<\/p>\n<p>Applications should be uploaded to the <a href=\"https:\/\/forms.gle\/ZN2txYMSDa2KRQmF8\">Google Forms<\/a> page.<\/p>\n<p>More information: <a href=\"mailto:info@cedt.hu\">info@cedt.hu<\/a><\/p>","protected":false},"excerpt":{"rendered":"<p>&#8212;&#8212; For English please scroll down &#8212;&#8212; &nbsp; Ifj\u00fa Koreogr\u00e1fusok F\u00f3ruma \u2013 IKF 2023 A K\u00f6z\u00e9p-Eur\u00f3pa T\u00e1ncsz\u00ednh\u00e1z \u00f6r\u00f6mmel jelenti be, hogy ebben az \u00e9vben is ki\u00edrja \u201eIKF 2023\u201d \u2013 Ifj\u00fa Koreogr\u00e1fusok F\u00f3ruma tehets\u00e9gprogram n\u00e9ven ny\u00edlt p\u00e1ly\u00e1zat\u00e1t. Id\u00e9n imm\u00e1r a 25. fiatal\u00a0alkot\u00f3nak adunk majd lehet\u0151s\u00e9get a be- \u00e9s megmutatkoz\u00e1s\u00e1ra. \u00a0 2013-ban \u00faj strat\u00e9gia kidolgoz\u00e1s\u00e1ra v\u00e1llalkozott a [&hellip;]<\/p>\n","protected":false},"author":7,"featured_media":10950,"parent":0,"menu_order":0,"comment_status":"open","ping_status":"closed","template":"","meta":{"footnotes":""},"class_list":["post-10945","page","type-page","status-publish","has-post-thumbnail","hentry"],"_links":{"self":[{"href":"https:\/\/cedt.hu\/en\/wp-json\/wp\/v2\/pages\/10945","targetHints":{"allow":["GET"]}}],"collection":[{"href":"https:\/\/cedt.hu\/en\/wp-json\/wp\/v2\/pages"}],"about":[{"href":"https:\/\/cedt.hu\/en\/wp-json\/wp\/v2\/types\/page"}],"author":[{"embeddable":true,"href":"https:\/\/cedt.hu\/en\/wp-json\/wp\/v2\/users\/7"}],"replies":[{"embeddable":true,"href":"https:\/\/cedt.hu\/en\/wp-json\/wp\/v2\/comments?post=10945"}],"version-history":[{"count":0,"href":"https:\/\/cedt.hu\/en\/wp-json\/wp\/v2\/pages\/10945\/revisions"}],"wp:featuredmedia":[{"embeddable":true,"href":"https:\/\/cedt.hu\/en\/wp-json\/wp\/v2\/media\/10950"}],"wp:attachment":[{"href":"https:\/\/cedt.hu\/en\/wp-json\/wp\/v2\/media?parent=10945"}],"curies":[{"name":"wp","href":"https:\/\/api.w.org\/{rel}","templated":true}]}}