{"id":65110,"date":"2026-05-15T11:11:10","date_gmt":"2026-05-15T11:11:10","guid":{"rendered":"https:\/\/cedt.hu\/?page_id=65110"},"modified":"2026-05-15T11:11:11","modified_gmt":"2026-05-15T11:11:11","slug":"tancvarazs","status":"publish","type":"page","link":"https:\/\/cedt.hu\/de\/tancvarazs\/","title":{"rendered":"T\u00e1ncvar\u00e1zs az eg\u00e9sz csal\u00e1dnak \u2013 K\u00f3cbaba interakt\u00edv t\u00e1ncmese"},"content":{"rendered":"<figure class=\"wp-block-image size-large\"><img fetchpriority=\"high\" decoding=\"async\" width=\"1024\" height=\"576\" src=\"https:\/\/cedt.hu\/wp-content\/uploads\/2026\/05\/Tancvarazs-kreativ-1024x576.png\" alt=\"\" class=\"wp-image-65122\" srcset=\"https:\/\/cedt.hu\/wp-content\/uploads\/2026\/05\/Tancvarazs-kreativ-1024x576.png 1024w, https:\/\/cedt.hu\/wp-content\/uploads\/2026\/05\/Tancvarazs-kreativ-300x169.png 300w, https:\/\/cedt.hu\/wp-content\/uploads\/2026\/05\/Tancvarazs-kreativ-768x432.png 768w, https:\/\/cedt.hu\/wp-content\/uploads\/2026\/05\/Tancvarazs-kreativ-1536x864.png 1536w, https:\/\/cedt.hu\/wp-content\/uploads\/2026\/05\/Tancvarazs-kreativ-18x10.png 18w, https:\/\/cedt.hu\/wp-content\/uploads\/2026\/05\/Tancvarazs-kreativ.png 1920w\" sizes=\"(max-width: 1024px) 100vw, 1024px\" \/><\/figure>\n\n\n\n<p>A K\u00f6z\u00e9p-Eur\u00f3pa T\u00e1ncsz\u00ednh\u00e1z T\u00e1ncvar\u00e1zs programja \u00e9lm\u00e9nyszer\u0171 m\u00f3don vezeti be a gyerekeket a t\u00e1nc, a zene \u00e9s a sz\u00ednh\u00e1z vil\u00e1g\u00e1ba. Az Ag\u00f3r\u00e1k sz\u00e1m\u00e1ra kialak\u00edtott program k\u00f6z\u00e9ppontj\u00e1ban a K\u00f3cbaba c\u00edm\u0171 interakt\u00edv t\u00e1ncmese \u00e1ll, amely \u00f3vod\u00e1s \u00e9s kisiskol\u00e1s koroszt\u00e1lyt sz\u00f3l\u00edt meg, mik\u00f6zben az eg\u00e9sz csal\u00e1d sz\u00e1m\u00e1ra k\u00f6z\u00f6s, eml\u00e9kezetes \u00e9lm\u00e9nyt k\u00edn\u00e1l.&nbsp;<\/p>\n\n\n\n<p>Az el\u0151ad\u00e1s \u2013 amelynek koreogr\u00e1fusa Kulcs\u00e1r No\u00e9mi, Harangoz\u00f3 Gyula-d\u00edjas t\u00e1ncm\u0171v\u00e9sz \u2013 Hal\u00e1sz Judit gener\u00e1ci\u00f3kon \u00e1t\u00edvel\u0151, szeretett dalaira \u00e9p\u00fcl, amelyek seg\u00edtik a t\u00f6rt\u00e9net meg\u00e9rt\u00e9s\u00e9t, \u00e9rzelmi bevon\u00f3d\u00e1st teremtenek, \u00e9s term\u00e9szetes kapcsol\u00f3d\u00e1si pontot jelentenek gyerekeknek \u00e9s feln\u0151tteknek egyar\u00e1nt. A mese sor\u00e1n a K\u00f3cbaba \u00e9letre kel, fel\u00e9breszt egy kisfi\u00fat \u00e9s egy kisl\u00e1nyt, majd k\u00f6z\u00f6sen indulnak el egy \u00e1lomszer\u0171, j\u00e1t\u00e9kos kalandra, ahol a mozg\u00e1s, a zene \u00e9s a fant\u00e1zia szorosan \u00f6sszefon\u00f3dik.&nbsp;<\/p>\n\n\n\n<p>Az el\u0151ad\u00e1st egy akt\u00edv, t\u00e1ncos-mozg\u00e1sos foglalkoz\u00e1s k\u00f6veti, amelyet az el\u0151ad\u00e1s t\u00e1ncosai vezetnek. A gyerekek itt nemcsak n\u00e9z\u0151k, hanem akt\u00edv r\u00e9sztvev\u0151k: k\u00f6z\u00f6sen j\u00e1tszanak, mozognak, t\u00e1ncolnak, mik\u00f6zben feldolgozz\u00e1k a l\u00e1tottakat. A foglalkoz\u00e1s fejleszti a kreativit\u00e1st, a mozg\u00e1skoordin\u00e1ci\u00f3t, a figyelmet \u00e9s a k\u00f6z\u00f6ss\u00e9gi k\u00e9szs\u00e9geket, \u00e9s er\u0151s\u00edti az egy\u00fcttm\u0171k\u00f6d\u00e9st.&nbsp;<\/p>\n\n\n\n<p>A 90 perces komplex program (45 perces el\u0151ad\u00e1s + 45 perces foglalkoz\u00e1s) ide\u00e1lis v\u00e1laszt\u00e1s:&nbsp;<\/p>\n\n\n\n<ul class=\"wp-block-list\">\n<li>\u00f3vodai \u00e9s kisiskol\u00e1s csoportok sz\u00e1m\u00e1ra\u00a0<\/li>\n<\/ul>\n\n\n\n<ul class=\"wp-block-list\">\n<li>csal\u00e1doknak, akik min\u0151s\u00e9gi, k\u00f6z\u00f6s kultur\u00e1lis \u00e9lm\u00e9nyt keresnek\u00a0<\/li>\n<\/ul>\n\n\n\n<ul class=\"wp-block-list\">\n<li>pedag\u00f3gusoknak \u00e9s int\u00e9zm\u00e9nyeknek, akik j\u00e1t\u00e9kos form\u00e1ban szeretn\u00e9k k\u00f6zelebb hozni a m\u0171v\u00e9szeteket a gyerekekhez\u00a0<\/li>\n<\/ul>\n\n\n\n<p>A T\u00e1ncvar\u00e1zs c\u00e9lja alternat\u00edv\u00e1t ny\u00fajtani a digit\u00e1lis vil\u00e1ggal szemben, er\u0151s\u00edteni a k\u00f6z\u00f6ss\u00e9gi \u00e9lm\u00e9nyeket, \u00e9s m\u00e1r a legfiatalabb gener\u00e1ci\u00f3ban is megalapozni a t\u00e1nc \u00e9s a mozg\u00e1s ir\u00e1nti nyitotts\u00e1got \u00e9s szeretetet.&nbsp;<\/p>\n\n\n\n<p><em>A programsorozat a Pet\u0151fi Kultur\u00e1lis Program keret\u00e9ben, a Kultur\u00e1lis \u00e9s Innov\u00e1ci\u00f3s Miniszt\u00e9rium t\u00e1mogat\u00e1s\u00e1val, a Nemzeti M\u0171vel\u0151d\u00e9si Int\u00e9zet koordin\u00e1ci\u00f3j\u00e1val val\u00f3sul meg.<\/em>&nbsp;<\/p>","protected":false},"excerpt":{"rendered":"<p>A K\u00f6z\u00e9p-Eur\u00f3pa T\u00e1ncsz\u00ednh\u00e1z T\u00e1ncvar\u00e1zs programja \u00e9lm\u00e9nyszer\u0171 m\u00f3don vezeti be a gyerekeket a t\u00e1nc, a zene \u00e9s a sz\u00ednh\u00e1z vil\u00e1g\u00e1ba. Az Ag\u00f3r\u00e1k sz\u00e1m\u00e1ra kialak\u00edtott program k\u00f6z\u00e9ppontj\u00e1ban a K\u00f3cbaba c\u00edm\u0171 interakt\u00edv t\u00e1ncmese \u00e1ll, amely \u00f3vod\u00e1s \u00e9s kisiskol\u00e1s koroszt\u00e1lyt sz\u00f3l\u00edt meg, mik\u00f6zben az eg\u00e9sz csal\u00e1d sz\u00e1m\u00e1ra k\u00f6z\u00f6s, eml\u00e9kezetes \u00e9lm\u00e9nyt k\u00edn\u00e1l.&nbsp; Az el\u0151ad\u00e1s \u2013 amelynek koreogr\u00e1fusa Kulcs\u00e1r No\u00e9mi, Harangoz\u00f3 [&hellip;]<\/p>\n","protected":false},"author":6,"featured_media":0,"parent":0,"menu_order":0,"comment_status":"closed","ping_status":"closed","template":"","meta":{"footnotes":""},"class_list":["post-65110","page","type-page","status-publish","hentry"],"_links":{"self":[{"href":"https:\/\/cedt.hu\/de\/wp-json\/wp\/v2\/pages\/65110","targetHints":{"allow":["GET"]}}],"collection":[{"href":"https:\/\/cedt.hu\/de\/wp-json\/wp\/v2\/pages"}],"about":[{"href":"https:\/\/cedt.hu\/de\/wp-json\/wp\/v2\/types\/page"}],"author":[{"embeddable":true,"href":"https:\/\/cedt.hu\/de\/wp-json\/wp\/v2\/users\/6"}],"replies":[{"embeddable":true,"href":"https:\/\/cedt.hu\/de\/wp-json\/wp\/v2\/comments?post=65110"}],"version-history":[{"count":1,"href":"https:\/\/cedt.hu\/de\/wp-json\/wp\/v2\/pages\/65110\/revisions"}],"predecessor-version":[{"id":65128,"href":"https:\/\/cedt.hu\/de\/wp-json\/wp\/v2\/pages\/65110\/revisions\/65128"}],"wp:attachment":[{"href":"https:\/\/cedt.hu\/de\/wp-json\/wp\/v2\/media?parent=65110"}],"curies":[{"name":"wp","href":"https:\/\/api.w.org\/{rel}","templated":true}]}}