{"id":64053,"date":"2026-03-31T12:12:43","date_gmt":"2026-03-31T12:12:43","guid":{"rendered":"https:\/\/cedt.hu\/?page_id=64053"},"modified":"2026-03-31T12:55:27","modified_gmt":"2026-03-31T12:55:27","slug":"ket-dijak","status":"publish","type":"page","link":"https:\/\/cedt.hu\/de\/ket-dijak\/","title":{"rendered":"Auszeichnungen"},"content":{"rendered":"<div data-elementor-type=\"wp-page\" data-elementor-id=\"64053\" class=\"elementor elementor-64053\" data-elementor-post-type=\"page\">\n\t\t\t\t\t\t<section class=\"elementor-section elementor-top-section elementor-element elementor-element-03ec3fe elementor-section-boxed elementor-section-height-default elementor-section-height-default\" data-id=\"03ec3fe\" data-element_type=\"section\" data-e-type=\"section\">\n\t\t\t\t\t\t<div class=\"elementor-container elementor-column-gap-default\">\n\t\t\t\t\t<div class=\"elementor-column elementor-col-100 elementor-top-column elementor-element elementor-element-d0199c2\" data-id=\"d0199c2\" data-element_type=\"column\" data-e-type=\"column\">\n\t\t\t<div class=\"elementor-widget-wrap elementor-element-populated\">\n\t\t\t\t\t\t<div class=\"elementor-element elementor-element-64b21f3 elementor-widget elementor-widget-text-editor\" data-id=\"64b21f3\" data-element_type=\"widget\" data-e-type=\"widget\" data-widget_type=\"text-editor.default\">\n\t\t\t\t<div class=\"elementor-widget-container\">\n\t\t\t\t\t\t\t\t\t<p><b><span data-contrast=\"auto\">2025<\/span><\/b>\u00a0<br \/><b><span data-contrast=\"auto\">Csaba Sz\u00f6gi<\/span><\/b>,\u00a0<span data-contrast=\"auto\">S\u00e1ndor-Hevesi-Preis<\/span><span data-ccp-props=\"{&quot;134233117&quot;:false,&quot;134233118&quot;:false,&quot;201341983&quot;:0,&quot;335551550&quot;:1,&quot;335551620&quot;:1,&quot;335557856&quot;:16777215,&quot;335559685&quot;:0,&quot;335559737&quot;:0,&quot;335559738&quot;:0,&quot;335559739&quot;:360,&quot;335559740&quot;:240}\">\u00a0<\/span><\/p><p><b><span data-contrast=\"auto\">2022<br \/><\/span><\/b><b><span data-contrast=\"auto\">L\u00e1szl\u00f3 M\u00e1di<\/span><\/b>, <span data-contrast=\"auto\">Verleihung des Ungarischen Verdienstkreuzes in Bronze<\/span><span data-ccp-props=\"{&quot;201341983&quot;:0,&quot;335557856&quot;:16777215,&quot;335559739&quot;:360,&quot;335559740&quot;:240}\">\u00a0<\/span><\/p><p><b><span data-contrast=\"auto\">2020<\/span><\/b><br \/><b><span data-contrast=\"auto\">Adrienn Horv\u00e1th<\/span><\/b>, <span data-contrast=\"auto\">Verleihung des Ungarischen Silbernen Verdienstkreuzes<\/span><span data-ccp-props=\"{&quot;201341983&quot;:0,&quot;335557856&quot;:16777215,&quot;335559739&quot;:360,&quot;335559740&quot;:240}\">\u00a0<br \/><\/span><b><span data-contrast=\"auto\">Anna Szilv\u00e1si<\/span><\/b>, <span data-contrast=\"auto\">Viktor-F\u00fcl\u00f6p-Stipendium<\/span><\/p><p><b><span data-contrast=\"auto\">2019<br \/><\/span><\/b><b><span data-contrast=\"auto\">Quadratische Wand<\/span><\/b>, <span data-contrast=\"auto\">Preis f\u00fcr die beste Ensembleleistung: an das Central Europe Dance Theatre f\u00fcr L\u00e1szl\u00f3 M\u00e1dis Inszenierung von Square Eaters<br \/><\/span><b><span data-contrast=\"auto\">Tanztheater Mitteleuropa<\/span><\/b>, <span data-contrast=\"auto\">Pro Artis Erzs\u00e9betv\u00e1ros Preis 2019<\/span><span data-ccp-props=\"{&quot;201341983&quot;:0,&quot;335557856&quot;:16777215,&quot;335559739&quot;:360,&quot;335559740&quot;:240}\">\u00a0<br \/><\/span><b><span data-contrast=\"auto\">Csaba Sz\u00f6gi<\/span><\/b>, <span data-contrast=\"auto\">Verdienter K\u00fcnstler von Ungarn<\/span><span data-ccp-props=\"{&quot;201341983&quot;:0,&quot;335557856&quot;:16777215,&quot;335559739&quot;:360,&quot;335559740&quot;:240}\">\u00a0<\/span><\/p><p><b><span data-contrast=\"auto\">2018<\/span><\/b><span data-ccp-props=\"{&quot;201341983&quot;:0,&quot;335559739&quot;:0,&quot;335559740&quot;:240}\">\u00a0<br \/><\/span><b><span data-contrast=\"auto\">Kl\u00e1ra \u00c9berhardt<\/span><\/b>, <span data-contrast=\"auto\">Verleihung des Ungarischen Silbernen Verdienstkreuzes<\/span><span data-ccp-props=\"{&quot;201341983&quot;:0,&quot;335557856&quot;:16777215,&quot;335559739&quot;:360,&quot;335559740&quot;:240}\">\u00a0<br \/><\/span><b><span data-contrast=\"auto\">IKF-Talentf\u00f6rderung - Simk\u00f3 Beatrix<\/span><\/b>, <span data-contrast=\"auto\">KERENG\u0150 - Nominierung f\u00fcr den Rudolf-L\u00e1b\u00e1n-Preis<\/span><span data-ccp-props=\"{&quot;201341983&quot;:0,&quot;335557856&quot;:16777215,&quot;335559739&quot;:360,&quot;335559740&quot;:240}\">\u00a0<br \/><\/span><b><span data-contrast=\"auto\">LILITH<\/span><\/b>, <span data-contrast=\"auto\">Nominiert f\u00fcr den Rudolf-L\u00e1b\u00e1n-Preis<br \/><\/span><b><span data-contrast=\"auto\">Zolt\u00e1n Fogarasi<\/span><\/b>, <span data-contrast=\"auto\">Verleihung des Ungarischen Goldenen Verdienstkreuzes<br \/><\/span><b><span data-contrast=\"auto\">Zsanett Jakab<\/span><\/b>, <span data-contrast=\"auto\">Zsanett Jakab, Tanzk\u00fcnstler, Viktor F\u00fcl\u00f6p erh\u00e4lt ein Stipendium<\/span><span data-ccp-props=\"{&quot;201341983&quot;:0,&quot;335557856&quot;:16777215,&quot;335559739&quot;:360,&quot;335559740&quot;:240}\">\u00a0<\/span><\/p><p><b><span data-contrast=\"auto\">2017<\/span><\/b><span data-ccp-props=\"{&quot;201341983&quot;:0,&quot;335559739&quot;:0,&quot;335559740&quot;:240}\">\u00a0<br \/><\/span><b><span data-contrast=\"auto\">Csaba Sz\u00f6gi<\/span><\/b>, <span data-contrast=\"auto\">\u201eAuszeichnung \u201dPro Urbe Erzs\u00e9betv\u00e1ros\" 201<br \/><b>Csaba Sz\u00f6gi<\/b>, Ungarisches Verdienstkreuz des Verdienstordens, Kategorie Zivilisten\u00a0<br \/><\/span><b><span data-contrast=\"auto\">G\u00e1bor Ivanov<\/span><\/b>, <span data-contrast=\"auto\">Viktor-F\u00fcl\u00f6p-Stipendium<\/span><\/p><p><b><span data-contrast=\"auto\">2016<\/span><\/b><span data-ccp-props=\"{&quot;201341983&quot;:0,&quot;335559739&quot;:0,&quot;335559740&quot;:240}\">\u00a0<br \/><\/span><b><span data-contrast=\"auto\">G\u00e1bor Ivanov<\/span><\/b>, <span data-contrast=\"auto\">Im Rahmen des XVIII. Nationalen Treffens der zeitgen\u00f6ssischen K\u00fcnste - Tanzfestival erhielt G\u00e1bor Ivanov den Darstellerpreis f\u00fcr seinen Auftritt in K-Arcsok - Gentlemen des Central European Dance Theatre.<\/span><span data-ccp-props=\"{&quot;201341983&quot;:0,&quot;335557856&quot;:16777215,&quot;335559739&quot;:360,&quot;335559740&quot;:240}\">\u00a0<\/span><\/p><p><b><span data-contrast=\"auto\">2015<\/span><\/b><span data-ccp-props=\"{&quot;201341983&quot;:0,&quot;335559739&quot;:0,&quot;335559740&quot;:240}\">\u00a0<br \/><\/span><b><span data-contrast=\"auto\">Horda2<\/span><\/b><span data-ccp-props=\"{&quot;201341983&quot;:0,&quot;335557856&quot;:16777215,&quot;335559739&quot;:0,&quot;335559740&quot;:240}\">, <\/span><span data-contrast=\"auto\">Sonderpreis f\u00fcr die Zukunft des Tanzes - Festival des Tanzes, Veszpr\u00e9m<br \/><\/span><b><span data-contrast=\"auto\">\u00c1d\u00e1m Frigy<\/span><\/b>, <span data-contrast=\"auto\">\u00c1d\u00e1m Frigy, Tanzk\u00fcnstler, erhielt ein Viktor-F\u00fcl\u00f6p-Stipendium.<\/span><span data-ccp-props=\"{&quot;201341983&quot;:0,&quot;335557856&quot;:16777215,&quot;335559739&quot;:360,&quot;335559740&quot;:240}\">\u00a0<\/span><\/p><p><b><span data-contrast=\"auto\">2014<\/span><\/b><span data-ccp-props=\"{&quot;201341983&quot;:0,&quot;335559739&quot;:0,&quot;335559740&quot;:240}\">\u00a0<br \/><\/span><b><span data-contrast=\"auto\">Horda2<\/span><\/b>, <span data-contrast=\"auto\">Institut f\u00fcr Bildungsentwicklung und Forschung Preis f\u00fcr \u00f6ffentliche Bildung f\u00fcr herausragende Jugendauff\u00fchrungen (Nationales Tanztheater - K\u00e1va - KET Gemeinschaftsproduktion)<\/span><span data-ccp-props=\"{&quot;201341983&quot;:0,&quot;335557856&quot;:16777215,&quot;335559739&quot;:360,&quot;335559740&quot;:240}\">\u00a0<\/span><\/p><p><b><span data-contrast=\"auto\">2013<\/span><\/b><span data-ccp-props=\"{&quot;201341983&quot;:0,&quot;335559739&quot;:0,&quot;335559740&quot;:240}\">\u00a0<br \/><\/span><b><span data-contrast=\"auto\">Adrienn Horv\u00e1th<\/span><\/b>, <span data-contrast=\"auto\">Viktor-F\u00fcl\u00f6p-Stipendium<br \/><\/span><b><span data-contrast=\"auto\">S\u00e1ndor Petrovics<\/span><\/b>, <span data-contrast=\"auto\">Viktor-F\u00fcl\u00f6p-Stipendium<br \/><\/span><b><span data-contrast=\"auto\">Wenn Attila, <\/span><\/b><span data-contrast=\"auto\">Imre-Zolt\u00e1n-Preis<\/span><\/p><p><b><span data-contrast=\"auto\">2012<\/span><\/b><span data-ccp-props=\"{&quot;201341983&quot;:0,&quot;335559739&quot;:0,&quot;335559740&quot;:240}\">\u00a0<br \/><\/span><b><span data-contrast=\"auto\">ArTeRrOr<\/span><\/b> - <b><span data-contrast=\"auto\">Maday T\u00edmea Kinga<\/span><\/b>, <span data-contrast=\"auto\">Beim Veszpr\u00e9m Dance Festival erhielt die Tanzk\u00fcnstlerin und Choreografin T\u00edmea Kinga Maday den Preis f\u00fcr die beste Choreografin f\u00fcr ihre Choreografie Ocean's Five.<br \/><\/span><b><span data-contrast=\"auto\">Mariann Hargitai<\/span><\/b>, <span data-contrast=\"auto\">Der Ungarische T\u00e4nzerverband zeichnete Mariann Hargitai mit dem Preis f\u00fcr die beste T\u00e4nzerin des Jahres aus<br \/><\/span><b><span data-contrast=\"auto\">J\u00f3zsef H\u00e1mor<\/span><\/b>, <span data-contrast=\"auto\">Imre-Zolt\u00e1n-Preis<\/span><\/p><p><b><span data-contrast=\"auto\">2011<\/span><\/b><span data-ccp-props=\"{&quot;201341983&quot;:0,&quot;335559739&quot;:0,&quot;335559740&quot;:240}\">\u00a0<br \/><\/span><b><span data-contrast=\"auto\">Unwiderruflich<\/span><\/b> - <b><span data-contrast=\"auto\">Zsuzsa J\u00f3n\u00e1s<\/span><\/b>, <span data-contrast=\"auto\">Beim XIV Veszpr\u00e9m Dance Festival erhielt Zsuzsa J\u00f3n\u00e1s den Preis f\u00fcr die beste erste Choreografie und KET den Preis f\u00fcr die beste Kompanie.<br \/><b>Zsuzsa J\u00f3n\u00e1s<\/b>,Viktor F\u00fcl\u00f6p, Kreativit\u00e4tsstipendium<br \/><\/span><b><span data-contrast=\"auto\">Zolt\u00e1n Katonka<\/span><\/b><span data-ccp-props=\"{&quot;201341983&quot;:0,&quot;335557856&quot;:16777215,&quot;335559739&quot;:0,&quot;335559740&quot;:240}\">, <\/span><span data-contrast=\"auto\">Der ungarische Tanzk\u00fcnstlerverband w\u00e4hlte Zoltan Katonka, Mitglied des Central Europe Dance Theatre, zum besten m\u00e4nnlichen T\u00e4nzer der Saison<br \/><\/span><b><span data-contrast=\"auto\">Melinda Vir\u00e1g<\/span><\/b>, <span data-contrast=\"auto\">Viktor F\u00fcl\u00f6p Kreativit\u00e4tsstipendium<br \/><\/span><b><span data-contrast=\"auto\">Maday T\u00edmea Kinga<\/span><\/b><span data-ccp-props=\"{&quot;201341983&quot;:0,&quot;335557856&quot;:16777215,&quot;335559739&quot;:0,&quot;335559740&quot;:240}\">, <\/span><span data-contrast=\"auto\">Viktor F\u00fcl\u00f6p Vortragsstipendium<br \/><strong>ArTeRrOr - Maday T\u00edmea Kinga<\/strong> Die Choreografie von Ocean's Five gewinnt den Profi-Preis beim Budapest Fringe Festival<br \/><\/span><b><span data-contrast=\"auto\">Zsuzsa J\u00f3n\u00e1s<\/span><\/b><span data-ccp-props=\"{&quot;201341983&quot;:0,&quot;335557856&quot;:16777215,&quot;335559739&quot;:0,&quot;335559740&quot;:240}\">,\u00a0<\/span><span data-contrast=\"auto\">Gyula-Harangoz\u00f3-Preis<\/span><\/p><p><b><span data-contrast=\"auto\">2010<\/span><\/b><span data-ccp-props=\"{&quot;201341983&quot;:0,&quot;335559739&quot;:0,&quot;335559740&quot;:240}\">\u00a0<br \/><\/span><b><span data-contrast=\"auto\">Etwas ist passiert<\/span><\/b><span data-ccp-props=\"{&quot;201341983&quot;:0,&quot;335557856&quot;:16777215,&quot;335559739&quot;:0,&quot;335559740&quot;:240}\">,<\/span><span data-contrast=\"auto\">\u00a0XIII Veszpr\u00e9m Tanzfestival: Pataky Kl\u00e1ri Choreographenpreis<br \/><\/span><b><span data-contrast=\"auto\">Sturm<\/span><\/b><span data-ccp-props=\"{&quot;201341983&quot;:0,&quot;335557856&quot;:16777215,&quot;335559739&quot;:0,&quot;335559740&quot;:240}\">,\u00a0<\/span><span data-contrast=\"auto\">XIII Veszpr\u00e9m Tanzfestival : Preis f\u00fcr Festivalfotograf<br \/><\/span><b><span data-contrast=\"auto\">\u00c9va Duda<\/span><\/b><span data-ccp-props=\"{&quot;201341983&quot;:0,&quot;335557856&quot;:16777215,&quot;335559739&quot;:0,&quot;335559740&quot;:240}\">,\u00a0<\/span><span data-contrast=\"auto\">Der Verband der ungarischen Tanzk\u00fcnstler verlieh \u00c9va Duda den Preis \u201eBester Sch\u00f6pfer des Jahres\u201d.<br \/><\/span><b><span data-contrast=\"auto\">Zsuzsa J\u00f3n\u00e1s<\/span><\/b><span data-ccp-props=\"{&quot;201341983&quot;:0,&quot;335557856&quot;:16777215,&quot;335559739&quot;:0,&quot;335559740&quot;:240}\">,\u00a0<\/span><span data-contrast=\"auto\">Der Verband der ungarischen T\u00e4nzer verlieh den Preis \u201eBeste T\u00e4nzerin des Jahres\u201d an Zsuzsa J\u00f3n\u00e1s<\/span>\u00a0<br \/><b><span data-contrast=\"auto\">Csaba Sz\u00f6gi<\/span><\/b><span data-ccp-props=\"{&quot;201341983&quot;:0,&quot;335557856&quot;:16777215,&quot;335559739&quot;:0,&quot;335559740&quot;:240}\">, <\/span><span data-contrast=\"auto\">Der Verband der ungarischen Tanzk\u00fcnstler verlieh den Preis \u201eF\u00fcr Tanzkunst\u201d an Csaba Sz\u00f6gi, den mit dem Harangoz\u00f3-Preis ausgezeichneten Tanzk\u00fcnstler, Choreografen und Direktor des Central Europe Dance Theatre<br \/><\/span><b><span data-contrast=\"auto\">Kriszti\u00e1n Gergye<\/span><\/b>,\u00a0<span data-contrast=\"auto\">Imre-Zolt\u00e1n-Preis<br \/><\/span><b><span data-contrast=\"auto\">Melinda Vir\u00e1g<\/span><\/b><span data-ccp-props=\"{&quot;201341983&quot;:0,&quot;335557856&quot;:16777215,&quot;335559739&quot;:0,&quot;335559740&quot;:240}\">,\u00a0<\/span><span data-contrast=\"auto\">Viktor F\u00fcl\u00f6p Choreografie-Stipendium<br \/><\/span><b><span data-contrast=\"auto\">J\u00f3zsef H\u00e1mor<\/span><\/b><span data-ccp-props=\"{&quot;201341983&quot;:0,&quot;335557856&quot;:16777215,&quot;335559739&quot;:0,&quot;335559740&quot;:240}\">,\u00a0<\/span><span data-contrast=\"auto\">Verleihung des Gyula-Harangoz\u00f3-Preises an J\u00f3zsef H\u00e1mor, Tanzk\u00fcnstler, Choreograf und k\u00fcnstlerischer Leiter, f\u00fcr sein kreatives, darstellerisches, wissenschaftliches und p\u00e4dagogisches Wirken im Bereich des Tanzes<br \/><\/span><b><span data-contrast=\"auto\">Klangbilder<\/span><\/b><span data-ccp-props=\"{&quot;201341983&quot;:0,&quot;335557856&quot;:16777215,&quot;335559739&quot;:0,&quot;335559740&quot;:240}\">,\u00a0<\/span><span data-contrast=\"auto\">Klangbilder Rudolf L\u00e1b\u00e1n f\u00fcr einen Preis nominiert<br \/><\/span><b><span data-contrast=\"auto\">Etwas ist passiert<\/span><\/b><span data-ccp-props=\"{&quot;201341983&quot;:0,&quot;335557856&quot;:16777215,&quot;335559739&quot;:0,&quot;335559740&quot;:240}\">, <\/span><span data-contrast=\"auto\">Er wurde f\u00fcr den Rudolf-L\u00e1b\u00e1n-Preis nominiert.<\/span><span data-ccp-props=\"{&quot;201341983&quot;:0,&quot;335557856&quot;:16777215,&quot;335559739&quot;:360,&quot;335559740&quot;:240}\">\u00a0<\/span><\/p><p><b><span data-contrast=\"auto\">2009<\/span><\/b><span data-ccp-props=\"{&quot;201341983&quot;:0,&quot;335559739&quot;:0,&quot;335559740&quot;:240}\">\u00a0<br \/><\/span><b><span data-contrast=\"auto\">Zolt\u00e1n Katonka<\/span><\/b> - <b><span data-contrast=\"auto\">Karneval<\/span><\/b><span data-ccp-props=\"{&quot;201341983&quot;:0,&quot;335557856&quot;:16777215,&quot;335559739&quot;:0,&quot;335559740&quot;:240}\">,\u00a0<\/span><span data-contrast=\"auto\">XII Veszpr\u00e9m Dance Festival - Preis f\u00fcr den besten m\u00e4nnlichen Darsteller, geteilt durch Zolt\u00e1n Katonka, R\u00f3bert Kiss und L\u00e1szl\u00f3 Major<br \/><\/span><b><span data-contrast=\"auto\">Csaba Sz\u00f6gi<\/span><\/b><span data-ccp-props=\"{&quot;201341983&quot;:0,&quot;335557856&quot;:16777215,&quot;335559739&quot;:0,&quot;335559740&quot;:240}\">, <\/span><span data-contrast=\"auto\">Imre-Zolt\u00e1n-Preis<br \/><\/span><b><span data-contrast=\"auto\">Das Unbekannte<\/span><\/b><span data-ccp-props=\"{&quot;201341983&quot;:0,&quot;335557856&quot;:16777215,&quot;335559739&quot;:0,&quot;335559740&quot;:240}\">,\u00a0<\/span><span data-contrast=\"auto\">Veliky Novgorod, Kingfestival X Internationales Theaterfestival (Russland) - Preis f\u00fcr die beste Darstellerin gewonnen von N\u00f3ra Palcs\u00f3<br \/><\/span><b><span data-contrast=\"auto\">Kriszti\u00e1n Gergye<\/span><\/b><span data-ccp-props=\"{&quot;201341983&quot;:0,&quot;335557856&quot;:16777215,&quot;335559739&quot;:0,&quot;335559740&quot;:240}\">,\u00a0<\/span><span data-contrast=\"auto\">Gyula-Harangoz\u00f3-Preis<br \/><\/span><b><span data-contrast=\"auto\">\u00c9va Duda<\/span><\/b><span data-ccp-props=\"{&quot;201341983&quot;:0,&quot;335557856&quot;:16777215,&quot;335559739&quot;:0,&quot;335559740&quot;:240}\">,\u00a0<\/span><span data-contrast=\"auto\">Gyula-Harangoz\u00f3-Preis<\/span><span data-ccp-props=\"{&quot;201341983&quot;:0,&quot;335557856&quot;:16777215,&quot;335559739&quot;:360,&quot;335559740&quot;:240}\">\u00a0<\/span><\/p><p><b><span data-contrast=\"auto\">2008<\/span><\/b><span data-ccp-props=\"{&quot;201341983&quot;:0,&quot;335559739&quot;:0,&quot;335559740&quot;:240}\">\u00a0<\/span><\/p><p><strong>T.E.S.T. \/ T.E.S.T. II.<\/strong>, <span data-contrast=\"auto\">III Internationales Monodance Festival Publikumspreistr\u00e4gerin<br \/><\/span><b><span data-contrast=\"auto\">J\u00f3zsef H\u00e1mor<\/span><\/b> - <b><span data-contrast=\"auto\">Wohnwagen<\/span><\/b><span data-ccp-props=\"{&quot;201341983&quot;:0,&quot;335557856&quot;:16777215,&quot;335559739&quot;:0,&quot;335559740&quot;:240}\">,\u00a0<\/span><span data-contrast=\"auto\">XI Veszpr\u00e9m Dance Festival - J\u00f3zse H\u00e1mor erh\u00e4lt den Preis f\u00fcr den besten Choreographen<\/span>f<br \/><b><span data-contrast=\"auto\">Zolt\u00e1n Katonka<\/span><\/b><span data-ccp-props=\"{&quot;201341983&quot;:0,&quot;335557856&quot;:16777215,&quot;335559739&quot;:0,&quot;335559740&quot;:240}\">,\u00a0<\/span><span data-contrast=\"auto\">Viktor-F\u00fcl\u00f6p-Stipendium<\/span><span data-ccp-props=\"{&quot;201341983&quot;:0,&quot;335557856&quot;:16777215,&quot;335559739&quot;:360,&quot;335559740&quot;:240}\">\u00a0<br \/><\/span><b><span data-contrast=\"auto\">Altera Pars<\/span><\/b>,\u00a0<span data-contrast=\"auto\">Rudolf L\u00e1b\u00e1n f\u00fcr einen Preis nominiert<br \/><\/span><b><span data-contrast=\"auto\">T.E.S.T.<\/span><\/b><span data-ccp-props=\"{&quot;201341983&quot;:0,&quot;335557856&quot;:16777215,&quot;335559739&quot;:0,&quot;335559740&quot;:240}\">,<\/span><span data-contrast=\"auto\"> Er wurde f\u00fcr den Rudolf-L\u00e1b\u00e1n-Preis nominiert.<\/span><span data-ccp-props=\"{&quot;201341983&quot;:0,&quot;335557856&quot;:16777215,&quot;335559739&quot;:360,&quot;335559740&quot;:240}\">\u00a0<\/span><\/p><p><b><span data-contrast=\"auto\">2007<\/span><\/b><span data-ccp-props=\"{&quot;201341983&quot;:0,&quot;335559739&quot;:0,&quot;335559740&quot;:240}\">\u00a0<br \/><\/span><b><span data-contrast=\"auto\">Zolt\u00e1n Katonka<\/span><\/b>,\u00a0<span data-contrast=\"auto\">Viktor-F\u00fcl\u00f6p-Stipendium<\/span><span data-ccp-props=\"{&quot;201341983&quot;:0,&quot;335557856&quot;:16777215,&quot;335559739&quot;:360,&quot;335559740&quot;:240}\">\u00a0<\/span><\/p><p><b><span data-contrast=\"auto\">2006<\/span><\/b><span data-ccp-props=\"{&quot;201341983&quot;:0,&quot;335559739&quot;:0,&quot;335559740&quot;:240}\">\u00a0<br \/><\/span><b><span data-contrast=\"auto\">Katalin Fodor<\/span><\/b>,\u00a0<span data-contrast=\"auto\">Goldenes Verdienstkreuz der Republik Ungarn<\/span><\/p><p><b><span data-contrast=\"auto\">2005<br \/><\/span><\/b><b><span data-contrast=\"auto\">G\u00e1bor Katona<\/span><\/b>, <span data-contrast=\"auto\">Gyula-Harangoz\u00f3-Preis<\/span><\/p><p><b><span data-contrast=\"auto\">2003<\/span><\/b><span data-ccp-props=\"{&quot;201341983&quot;:0,&quot;335559739&quot;:0,&quot;335559740&quot;:240}\">\u00a0<br \/><\/span><b><span data-contrast=\"auto\">Csaba Sz\u00f6gi<\/span><\/b><span data-ccp-props=\"{&quot;201341983&quot;:0,&quot;335557856&quot;:16777215,&quot;335559739&quot;:0,&quot;335559740&quot;:240}\">,\u00a0<\/span><span data-contrast=\"auto\">Gyula Harangoz\u00f3 erhielt die Auszeichnung<\/span><\/p><p><b><span data-contrast=\"auto\">1999<\/span><\/b><span data-ccp-props=\"{&quot;201341983&quot;:0,&quot;335559739&quot;:0,&quot;335559740&quot;:240}\">\u00a0<br \/><\/span><b><span data-contrast=\"auto\">Csaba Sz\u00f6gi<\/span><\/b><span data-ccp-props=\"{&quot;201341983&quot;:0,&quot;335557856&quot;:16777215,&quot;335559739&quot;:0,&quot;335559740&quot;:240}\">,\u00a0<\/span><span data-contrast=\"auto\">Csaba Sz\u00f6gi, Tanzk\u00fcnstler, Choreograf und Tanzlehrer, wurde zum Ritter der ungarischen Kultur ernannt<\/span><\/p><p><b><span data-contrast=\"auto\">1998<\/span><\/b><span data-ccp-props=\"{&quot;201341983&quot;:0,&quot;335559739&quot;:0,&quot;335559740&quot;:240}\">\u00a0<br \/><\/span><b><span data-contrast=\"auto\">Csaba Sz\u00f6gi<\/span><\/b><span data-ccp-props=\"{&quot;201341983&quot;:0,&quot;335557856&quot;:16777215,&quot;335559739&quot;:0,&quot;335559740&quot;:240}\">, <\/span><span data-contrast=\"auto\">Csaba Sz\u00f6gi, Gyula-Harangoz\u00f3-Preistr\u00e4ger, Choreograf, Tanzp\u00e4dagoge, Direktor des Central Europe Dance Theatre, erhielt den Verdienstorden der Republik Ungarn (Ritterkreuz)<\/span><\/p><p><b><span data-contrast=\"auto\">1996<br \/><\/span><\/b><b><span data-contrast=\"auto\">Katalin Fodor<\/span><\/b><span data-ccp-props=\"{&quot;201341983&quot;:0,&quot;335557856&quot;:16777215,&quot;335559739&quot;:0,&quot;335559740&quot;:240}\">,\u00a0<\/span><span data-contrast=\"auto\">Katalin Fodor, Tanzk\u00fcnstlerin, Tr\u00e4gerin des Gyula-Harangoz\u00f3-Preises<\/span><\/p>\t\t\t\t\t\t\t\t<\/div>\n\t\t\t\t<\/div>\n\t\t\t\t\t<\/div>\n\t\t<\/div>\n\t\t\t\t\t<\/div>\n\t\t<\/section>\n\t\t\t\t<\/div>","protected":false},"excerpt":{"rendered":"<p>2025\u00a0Sz\u00f6gi Csaba,\u00a0Hevesi S\u00e1ndor d\u00edj\u00a0 2022M\u00e1di L\u00e1szl\u00f3, Magyar Bronz \u00c9rdemkereszt kit\u00fcntet\u00e9s\u00a0 2020Horv\u00e1th Adrienn, Magyar Ez\u00fcst \u00c9rdemkereszt kit\u00fcntet\u00e9s\u00a0Szilv\u00e1si Anna, F\u00fcl\u00f6p Viktor \u00f6szt\u00f6nd\u00edj 2019T\u00e9rfal\u00f3k, Legjobb t\u00e1rsulati teljes\u00edtm\u00e9ny d\u00edj: K\u00f6z\u00e9p-Eur\u00f3pa T\u00e1ncsz\u00ednh\u00e1znak M\u00e1di L\u00e1szl\u00f3: T\u00e9rfal\u00f3k c\u00edm\u0171 produkci\u00f3j\u00e1\u00e9rtK\u00f6z\u00e9p-Eur\u00f3pa T\u00e1ncsz\u00ednh\u00e1z, Pro Artis Erzs\u00e9betv\u00e1ros d\u00edj 2019\u00a0Sz\u00f6gi Csaba, Magyarorsz\u00e1g \u00c9rdemes M\u0171v\u00e9sze\u00a0 2018\u00a0\u00c9berhardt Kl\u00e1ra, Magyar Ez\u00fcst \u00c9rdemkereszt kit\u00fcntet\u00e9s\u00a0IKF Tehets\u00e9gprogram \u2013 Simk\u00f3 Beatrix, KERENG\u0150 &#8211; L\u00e1b\u00e1n [&hellip;]<\/p>\n","protected":false},"author":6,"featured_media":0,"parent":0,"menu_order":0,"comment_status":"closed","ping_status":"closed","template":"","meta":{"footnotes":""},"class_list":["post-64053","page","type-page","status-publish","hentry"],"_links":{"self":[{"href":"https:\/\/cedt.hu\/de\/wp-json\/wp\/v2\/pages\/64053","targetHints":{"allow":["GET"]}}],"collection":[{"href":"https:\/\/cedt.hu\/de\/wp-json\/wp\/v2\/pages"}],"about":[{"href":"https:\/\/cedt.hu\/de\/wp-json\/wp\/v2\/types\/page"}],"author":[{"embeddable":true,"href":"https:\/\/cedt.hu\/de\/wp-json\/wp\/v2\/users\/6"}],"replies":[{"embeddable":true,"href":"https:\/\/cedt.hu\/de\/wp-json\/wp\/v2\/comments?post=64053"}],"version-history":[{"count":9,"href":"https:\/\/cedt.hu\/de\/wp-json\/wp\/v2\/pages\/64053\/revisions"}],"predecessor-version":[{"id":64109,"href":"https:\/\/cedt.hu\/de\/wp-json\/wp\/v2\/pages\/64053\/revisions\/64109"}],"wp:attachment":[{"href":"https:\/\/cedt.hu\/de\/wp-json\/wp\/v2\/media?parent=64053"}],"curies":[{"name":"wp","href":"https:\/\/api.w.org\/{rel}","templated":true}]}}