{"id":5969,"date":"2019-08-28T14:49:44","date_gmt":"2019-08-28T14:49:44","guid":{"rendered":"https:\/\/cedt.hu\/?page_id=5969\/"},"modified":"2019-09-23T18:00:32","modified_gmt":"2019-09-23T18:00:32","slug":"open-class","status":"publish","type":"page","link":"https:\/\/cedt.hu\/de\/open-class\/","title":{"rendered":"Offener Unterricht - mit Andrej Petrovic"},"content":{"rendered":"<p><span style=\"color: #333333;\">\u201e<span style=\"font-family: Georgia, 'Times New Roman', 'Bitstream Charter', Times, serif;\"><span style=\"font-size: medium;\"><b>Wo Qualit\u00e4t z\u00e4hlt\u201d<\/b><\/span><\/span><\/span><\/p>\n<p><span style=\"color: #333333;\"><span style=\"font-family: Georgia, 'Times New Roman', 'Bitstream Charter', Times, serif;\"><span style=\"font-size: medium;\">Das Tanztheater Mitteleuropa \u00f6ffnet seine T\u00fcren wieder auf Saisonbasis. Unser Ziel ist es, zu sehen, wie viele junge Talente wir anziehen k\u00f6nnen und ihnen die M\u00f6glichkeit zu geben, sich zu entwickeln.\u00a0<\/span><\/span><\/span><\/p>\n<p><b><strong>A\u00a0<\/strong><em>Tanztheater Mitteleuropa<\/em><strong>\u00a0und Kompanie bieten vom 1. bis 5. Oktober einen kostenlosen, offenen Workshop f\u00fcr professionelle T\u00e4nzer an. Gastgeber des Workshops ist der renommierte\u00a0<\/strong><em>Akram Khan<\/em><strong>\u00a0Tanzk\u00fcnstlerin und Co-Choreografin der Kompanie,\u00a0<\/strong><em>Andrej Petrovic<\/em><strong>\u00a0der f\u00fcr seine \u00fcberw\u00e4ltigende K\u00f6rperlichkeit, seine manchmal esoterische, tanzsensible und sensible kreative Workshop-Arbeit bekannt ist und als Lehrer gro\u00dfen Wert auf Interpretation und Kreation legt.\u00a0<\/strong><\/b><\/p>\n<p>Der Workshop steht T\u00e4nzern und Tanzk\u00fcnstlern offen, die eine Hochschulausbildung anstreben oder einen Hochschulabschluss haben und gemeinsam mit der KET-Company an dem f\u00fcnft\u00e4gigen Kurs teilnehmen werden. Aufgrund der begrenzten Teilnehmerzahl senden Sie bitte Ihr Interesse an\u00a0<em><b><a href=\"mailto:info@cedt.hu\" target=\"_blank\" rel=\"noopener noreferrer\">info@cedt.hu<\/a><\/b><\/em>\u00a0Die ausgew\u00e4hlten T\u00e4nzerinnen und T\u00e4nzer werden im Voraus unter den angegebenen Kontaktdaten benachrichtigt.<br \/>\nDer Workshop findet vom 1. bis 5. Oktober, t\u00e4glich zwischen 10 und 13 Uhr im\u00a0<em>Kulturzentrum S\u00cdN<\/em>.<\/p>\n<p>Andrej Petrovic wurde 1982 in Bojnice, Slowakei, geboren und studierte am Tanzkonservatorium in Banska Bystrica, bevor er sein Studium an der\u00a0<strong><i>\u0160tudio Tanca Professionelles Tanztheater \/ Zuzana H\u00e1jkov\u00e1\u00a0<\/i><\/strong>dem Unternehmen beigetreten.<br \/>\nIm Rahmen seiner Arbeit hat er Orte wie die\u00a0<em>Editta Braun Unternehmen<\/em>\u00a0In Salzburg, in der Br\u00fcsseler\u00a0<em><b>Fatou Traore<\/b><\/em>\u00a0oder\u00a0<em><b>Giorgio Barberio Corsetti und Fatore Kappa<\/b><\/em>\u00a0physische Theater in Rom, das\u00a0<em><b>Jean Abreu Tanzkompanie<\/b><\/em>\u00a0in London, und\u00a0<strong><i>Jaroslaw Winarskij<\/i><\/strong>-in Prag.<br \/>\nIm Jahr 2007 trat sie der\u00a0<em><b>Akram Khan Unternehmen<\/b><\/em>-Dort war er als T\u00e4nzer und Probenleiter\u00a0<em>Bahok<\/em>,\u00a0<em>Zusammenfluss<\/em>,\u00a0<em>Vertikale Stra\u00dfe\u00a0<\/em>c. Dieser Zeitraum von mehr als zehn Jahren entwickelte nicht nur seine Technik, sondern war auch ein N\u00e4hrboden f\u00fcr seine Kreativit\u00e4t. Es gab ihr die M\u00f6glichkeit, ihre pers\u00f6nliche Entwicklung zu nutzen, um ihre Ideen mit Akram Khan zu teilen, was sie zu einer T\u00e4nzerin und Mitgestalterin der Er\u00f6ffnung der Olympischen Spiele 2012 in London oder des Unternehmens\u00a0<em><b>iTMOi\u00a0<\/b><\/em>sowie seine preisgekr\u00f6nte Neuinszenierung f\u00fcr das English National Ballet\u00a0<em><b>Giselle\u00a0<\/b><\/em>Assistent eines Choreographen werden.<\/p>\n<p>Auf der Grundlage seiner Erfahrungen begann Andrej Petrovic sein eigenes kreatives Schaffen und arbeitete mit den folgenden Bands zusammen, um seinen Stil zu entwickeln:\u00a0<em><b>London\/Sadlers Wells Theatre<\/b><\/em>, a\u00a0<em><b>Slowakisches Nationaltheater<\/b><\/em>, a\u00a0<em><b>Stadtballett Kecskem\u00e9t<\/b><\/em><strong>\u00a0<\/strong>und die\u00a0<em><b>Nationale Jugendtanzgruppe<\/b><\/em>.<\/p>\n<p>eine Solo-Performance aus dem Jahr 2016, die\u00a0<em><b>L\/Eine der Sieben<\/b><\/em>\u00a0basiert auf einer der sieben Tods\u00fcnden, insbesondere der Lust. Die Referentin, Martina Hajdyla Lacova aus dem tschechischen\u00a0<em><b>Thalia-Preise in Prag<\/b><\/em><strong>\u00a0<\/strong>f\u00fcr seine Leistung in dieser Produktion.<br \/>\nDerzeit ist die\u00a0<em><b>Viliam Do\u010dolomanky\/Bauernhof in der H\u00f6hle Internationales Theaterstudio<\/b><\/em>-und seine Professionalit\u00e4t spiegelt sich in all seinen Arbeiten wider.<\/p>\n<p>Ein Workshop, eine Schulung \u00fcber\u00a0<em>V4 Junge Tanztalente<\/em>\u00a0das jungen T\u00e4nzerinnen und T\u00e4nzern L\u00f6sungsans\u00e4tze f\u00fcr die Probleme der darstellenden K\u00fcnste und des Menschen bietet, von den Grundlagen bis zur Erstellung einer fertigen Tanzproduktion, so dass sie in der Lage sind, selbst\u00e4ndig eine Produktion zu erarbeiten, die den zeitgen\u00f6ssischen europ\u00e4ischen Standards entspricht, oder sich einer professionellen Kompanie anzuschlie\u00dfen.<\/p>\n<p><span style=\"color: #333333;\"><span style=\"font-family: Georgia, 'Times New Roman', 'Bitstream Charter', Times, serif;\"><span style=\"font-size: medium;\">Wir hei\u00dfen alle Tanzk\u00fcnstler willkommen.<\/span><\/span><\/span><\/p>\n<p><img fetchpriority=\"high\" decoding=\"async\" class=\"alignnone wp-image-6118\" src=\"https:\/\/cedt.hu\/wp-content\/uploads\/2019\/09\/Andrej-Petrovic-by-Jean-LouisFernandez-web-300x203.jpg\" alt=\"\" width=\"946\" height=\"640\" data-id=\"6118\" srcset=\"https:\/\/cedt.hu\/wp-content\/uploads\/2019\/09\/Andrej-Petrovic-by-Jean-LouisFernandez-web-300x203.jpg 300w, https:\/\/cedt.hu\/wp-content\/uploads\/2019\/09\/Andrej-Petrovic-by-Jean-LouisFernandez-web-768x519.jpg 768w, https:\/\/cedt.hu\/wp-content\/uploads\/2019\/09\/Andrej-Petrovic-by-Jean-LouisFernandez-web-400x270.jpg 400w, https:\/\/cedt.hu\/wp-content\/uploads\/2019\/09\/Andrej-Petrovic-by-Jean-LouisFernandez-web.jpg 1000w\" sizes=\"(max-width: 946px) 100vw, 946px\" \/><\/p>\n<p>&nbsp;<\/p>","protected":false},"excerpt":{"rendered":"<p>\u201eAhol a min\u0151s\u00e9g fontos\u201d Ism\u00e9t kinyitja kapuit id\u0151szakosan a K\u00f6z\u00e9p-Eur\u00f3pa T\u00e1ncsz\u00ednh\u00e1z egy\u00fcttese. C\u00e9lunk felm\u00e9rni, milyen sz\u00e9les sk\u00e1l\u00e1n tudjuk megmozgatni a fiatal tehets\u00e9geket, illetve lehet\u0151s\u00e9get biztos\u00edtani a fejl\u0151d\u00e9s\u00fckre.\u00a0 A\u00a0K\u00f6z\u00e9p-Eur\u00f3pa T\u00e1ncsz\u00ednh\u00e1z\u00a0\u00e9s t\u00e1rsulata ingyenes, ny\u00edlt workshopot hirdet professzion\u00e1lis t\u00e1ncosok r\u00e9sz\u00e9re okt\u00f3ber 1. \u00e9s 5. k\u00f6z\u00f6tt. A workshopot a neves\u00a0Akram Khan\u00a0t\u00e1rsulat t\u00e1ncm\u0171v\u00e9sze, t\u00e1rskoreogr\u00e1fusa,\u00a0Andrej Petrovic\u00a0tartja, aki els\u00f6pr\u0151 fizikalit\u00e1s\u00fa, olykor ezoterikus, [&hellip;]<\/p>\n","protected":false},"author":7,"featured_media":0,"parent":0,"menu_order":0,"comment_status":"closed","ping_status":"closed","template":"","meta":{"footnotes":""},"class_list":["post-5969","page","type-page","status-publish","hentry"],"_links":{"self":[{"href":"https:\/\/cedt.hu\/de\/wp-json\/wp\/v2\/pages\/5969","targetHints":{"allow":["GET"]}}],"collection":[{"href":"https:\/\/cedt.hu\/de\/wp-json\/wp\/v2\/pages"}],"about":[{"href":"https:\/\/cedt.hu\/de\/wp-json\/wp\/v2\/types\/page"}],"author":[{"embeddable":true,"href":"https:\/\/cedt.hu\/de\/wp-json\/wp\/v2\/users\/7"}],"replies":[{"embeddable":true,"href":"https:\/\/cedt.hu\/de\/wp-json\/wp\/v2\/comments?post=5969"}],"version-history":[{"count":0,"href":"https:\/\/cedt.hu\/de\/wp-json\/wp\/v2\/pages\/5969\/revisions"}],"wp:attachment":[{"href":"https:\/\/cedt.hu\/de\/wp-json\/wp\/v2\/media?parent=5969"}],"curies":[{"name":"wp","href":"https:\/\/api.w.org\/{rel}","templated":true}]}}