{"id":5366,"date":"2019-01-27T17:58:26","date_gmt":"2019-01-27T17:58:26","guid":{"rendered":"https:\/\/cedt.hu\/?page_id=5366\/"},"modified":"2019-01-27T18:07:36","modified_gmt":"2019-01-27T18:07:36","slug":"madi-laszlo-terfalok-proba","status":"publish","type":"page","link":"https:\/\/cedt.hu\/de\/madi-laszlo-terfalok-proba\/","title":{"rendered":"M\u00e1di L\u00e1szl\u00f3 &#8211; T\u00e9rfal\u00f3k pr\u00f3ba"},"content":{"rendered":"<p><a href=\"https:\/\/cedt.hu\/wp-content\/uploads\/2019\/01\/N\u00e9vtelen-terv-jj.jpg\" target=\"_blank\" rel=\"noopener noreferrer\"><img fetchpriority=\"high\" decoding=\"async\" class=\"alignnone wp-image-5381 size-medium\" src=\"https:\/\/cedt.hu\/wp-content\/uploads\/2019\/01\/N\u00e9vtelen-terv-jj-300x232.jpg\" alt=\"\" width=\"300\" height=\"232\" data-id=\"5381\" srcset=\"https:\/\/cedt.hu\/wp-content\/uploads\/2019\/01\/N\u00e9vtelen-terv-jj-300x232.jpg 300w, https:\/\/cedt.hu\/wp-content\/uploads\/2019\/01\/N\u00e9vtelen-terv-jj-768x595.jpg 768w, https:\/\/cedt.hu\/wp-content\/uploads\/2019\/01\/N\u00e9vtelen-terv-jj-1024x793.jpg 1024w, https:\/\/cedt.hu\/wp-content\/uploads\/2019\/01\/N\u00e9vtelen-terv-jj-400x310.jpg 400w, https:\/\/cedt.hu\/wp-content\/uploads\/2019\/01\/N\u00e9vtelen-terv-jj.jpg 2035w\" sizes=\"(max-width: 300px) 100vw, 300px\" \/><\/a>\u00a0<a href=\"https:\/\/cedt.hu\/wp-content\/uploads\/2019\/01\/IMG_0051.jpg\" target=\"_blank\" rel=\"noopener noreferrer\"><img decoding=\"async\" class=\"alignnone wp-image-5367 size-medium\" src=\"https:\/\/cedt.hu\/wp-content\/uploads\/2019\/01\/IMG_0051-300x225.jpg\" alt=\"\" width=\"300\" height=\"225\" data-id=\"5367\" srcset=\"https:\/\/cedt.hu\/wp-content\/uploads\/2019\/01\/IMG_0051-300x225.jpg 300w, https:\/\/cedt.hu\/wp-content\/uploads\/2019\/01\/IMG_0051-768x576.jpg 768w, https:\/\/cedt.hu\/wp-content\/uploads\/2019\/01\/IMG_0051-1024x768.jpg 1024w, https:\/\/cedt.hu\/wp-content\/uploads\/2019\/01\/IMG_0051-400x300.jpg 400w\" sizes=\"(max-width: 300px) 100vw, 300px\" \/><\/a> <a href=\"https:\/\/cedt.hu\/wp-content\/uploads\/2019\/01\/IMG_0085.jpg\" target=\"_blank\" rel=\"noopener noreferrer\"><img decoding=\"async\" class=\"alignnone wp-image-5369 size-medium\" src=\"https:\/\/cedt.hu\/wp-content\/uploads\/2019\/01\/IMG_0085-300x232.jpg\" alt=\"\" width=\"300\" height=\"232\" data-id=\"5369\" srcset=\"https:\/\/cedt.hu\/wp-content\/uploads\/2019\/01\/IMG_0085-300x232.jpg 300w, https:\/\/cedt.hu\/wp-content\/uploads\/2019\/01\/IMG_0085-768x595.jpg 768w, https:\/\/cedt.hu\/wp-content\/uploads\/2019\/01\/IMG_0085-1024x793.jpg 1024w, https:\/\/cedt.hu\/wp-content\/uploads\/2019\/01\/IMG_0085-400x310.jpg 400w, https:\/\/cedt.hu\/wp-content\/uploads\/2019\/01\/IMG_0085.jpg 2035w\" sizes=\"(max-width: 300px) 100vw, 300px\" \/><\/a> <a href=\"https:\/\/cedt.hu\/wp-content\/uploads\/2019\/01\/IMG_0252.jpg\" target=\"_blank\" rel=\"noopener noreferrer\"><img loading=\"lazy\" decoding=\"async\" class=\"alignnone wp-image-5371 size-medium\" src=\"https:\/\/cedt.hu\/wp-content\/uploads\/2019\/01\/IMG_0252-300x225.jpg\" alt=\"\" width=\"300\" height=\"225\" data-id=\"5371\" srcset=\"https:\/\/cedt.hu\/wp-content\/uploads\/2019\/01\/IMG_0252-300x225.jpg 300w, https:\/\/cedt.hu\/wp-content\/uploads\/2019\/01\/IMG_0252-768x576.jpg 768w, https:\/\/cedt.hu\/wp-content\/uploads\/2019\/01\/IMG_0252-1024x768.jpg 1024w, https:\/\/cedt.hu\/wp-content\/uploads\/2019\/01\/IMG_0252-400x300.jpg 400w\" sizes=\"(max-width: 300px) 100vw, 300px\" \/><\/a> <a href=\"https:\/\/cedt.hu\/wp-content\/uploads\/2019\/01\/adas.jpg\" target=\"_blank\" rel=\"noopener noreferrer\"><img loading=\"lazy\" decoding=\"async\" class=\"alignnone wp-image-5373 size-medium\" src=\"https:\/\/cedt.hu\/wp-content\/uploads\/2019\/01\/adas-300x232.jpg\" alt=\"\" width=\"300\" height=\"232\" data-id=\"5373\" srcset=\"https:\/\/cedt.hu\/wp-content\/uploads\/2019\/01\/adas-300x232.jpg 300w, https:\/\/cedt.hu\/wp-content\/uploads\/2019\/01\/adas-768x595.jpg 768w, https:\/\/cedt.hu\/wp-content\/uploads\/2019\/01\/adas-1024x793.jpg 1024w, https:\/\/cedt.hu\/wp-content\/uploads\/2019\/01\/adas-400x310.jpg 400w, https:\/\/cedt.hu\/wp-content\/uploads\/2019\/01\/adas.jpg 2035w\" sizes=\"(max-width: 300px) 100vw, 300px\" \/><\/a> <a href=\"https:\/\/cedt.hu\/wp-content\/uploads\/2019\/01\/hkj.jpg\" target=\"_blank\" rel=\"noopener noreferrer\"><img loading=\"lazy\" decoding=\"async\" class=\"alignnone wp-image-5375 size-medium\" src=\"https:\/\/cedt.hu\/wp-content\/uploads\/2019\/01\/hkj-300x232.jpg\" alt=\"\" width=\"300\" height=\"232\" data-id=\"5375\" srcset=\"https:\/\/cedt.hu\/wp-content\/uploads\/2019\/01\/hkj-300x232.jpg 300w, https:\/\/cedt.hu\/wp-content\/uploads\/2019\/01\/hkj-768x595.jpg 768w, https:\/\/cedt.hu\/wp-content\/uploads\/2019\/01\/hkj-1024x793.jpg 1024w, https:\/\/cedt.hu\/wp-content\/uploads\/2019\/01\/hkj-400x310.jpg 400w, https:\/\/cedt.hu\/wp-content\/uploads\/2019\/01\/hkj.jpg 2035w\" sizes=\"(max-width: 300px) 100vw, 300px\" \/><\/a> \u00a0<a href=\"https:\/\/cedt.hu\/wp-content\/uploads\/2019\/01\/jkll-min.jpg\" target=\"_blank\" rel=\"noopener noreferrer\"><img loading=\"lazy\" decoding=\"async\" class=\"alignnone wp-image-5391 size-medium\" src=\"https:\/\/cedt.hu\/wp-content\/uploads\/2019\/01\/jkll-min-300x232.jpg\" alt=\"\" width=\"300\" height=\"232\" data-id=\"5391\" srcset=\"https:\/\/cedt.hu\/wp-content\/uploads\/2019\/01\/jkll-min-300x232.jpg 300w, https:\/\/cedt.hu\/wp-content\/uploads\/2019\/01\/jkll-min-768x595.jpg 768w, https:\/\/cedt.hu\/wp-content\/uploads\/2019\/01\/jkll-min-1024x793.jpg 1024w, https:\/\/cedt.hu\/wp-content\/uploads\/2019\/01\/jkll-min-400x310.jpg 400w, https:\/\/cedt.hu\/wp-content\/uploads\/2019\/01\/jkll-min.jpg 2035w\" sizes=\"(max-width: 300px) 100vw, 300px\" \/><\/a><\/p>\n<p><a href=\"https:\/\/cedt.hu\/wp-content\/uploads\/2019\/01\/N\u00e9vtelen-terv-92-min.jpg\" target=\"_blank\" rel=\"noopener noreferrer\"><img loading=\"lazy\" decoding=\"async\" class=\"alignnone wp-image-5383 size-medium\" src=\"https:\/\/cedt.hu\/wp-content\/uploads\/2019\/01\/N\u00e9vtelen-terv-92-min-225x300.jpg\" alt=\"\" width=\"225\" height=\"300\" data-id=\"5383\" srcset=\"https:\/\/cedt.hu\/wp-content\/uploads\/2019\/01\/N\u00e9vtelen-terv-92-min-225x300.jpg 225w, https:\/\/cedt.hu\/wp-content\/uploads\/2019\/01\/N\u00e9vtelen-terv-92-min-768x1024.jpg 768w, https:\/\/cedt.hu\/wp-content\/uploads\/2019\/01\/N\u00e9vtelen-terv-92-min-300x400.jpg 300w\" sizes=\"(max-width: 225px) 100vw, 225px\" \/><\/a>\u00a0<a href=\"https:\/\/cedt.hu\/wp-content\/uploads\/2019\/01\/N\u00e9vtelen-terv-99-min.jpg\" target=\"_blank\" rel=\"noopener noreferrer\"><img loading=\"lazy\" decoding=\"async\" class=\"alignnone wp-image-5389 size-medium\" src=\"https:\/\/cedt.hu\/wp-content\/uploads\/2019\/01\/N\u00e9vtelen-terv-99-min-266x300.jpg\" alt=\"\" width=\"266\" height=\"300\" data-id=\"5389\" srcset=\"https:\/\/cedt.hu\/wp-content\/uploads\/2019\/01\/N\u00e9vtelen-terv-99-min-266x300.jpg 266w, https:\/\/cedt.hu\/wp-content\/uploads\/2019\/01\/N\u00e9vtelen-terv-99-min-768x865.jpg 768w, https:\/\/cedt.hu\/wp-content\/uploads\/2019\/01\/N\u00e9vtelen-terv-99-min-909x1024.jpg 909w, https:\/\/cedt.hu\/wp-content\/uploads\/2019\/01\/N\u00e9vtelen-terv-99-min-355x400.jpg 355w\" sizes=\"(max-width: 266px) 100vw, 266px\" \/><\/a>\u00a0<a href=\"https:\/\/cedt.hu\/wp-content\/uploads\/2019\/01\/N\u00e9vtelen-terv-93-min.jpg\" target=\"_blank\" rel=\"noopener noreferrer\"><img loading=\"lazy\" decoding=\"async\" class=\"alignnone wp-image-5385 size-medium\" src=\"https:\/\/cedt.hu\/wp-content\/uploads\/2019\/01\/N\u00e9vtelen-terv-93-min-225x300.jpg\" alt=\"\" width=\"225\" height=\"300\" data-id=\"5385\" srcset=\"https:\/\/cedt.hu\/wp-content\/uploads\/2019\/01\/N\u00e9vtelen-terv-93-min-225x300.jpg 225w, https:\/\/cedt.hu\/wp-content\/uploads\/2019\/01\/N\u00e9vtelen-terv-93-min-768x1024.jpg 768w, https:\/\/cedt.hu\/wp-content\/uploads\/2019\/01\/N\u00e9vtelen-terv-93-min-300x400.jpg 300w\" sizes=\"(max-width: 225px) 100vw, 225px\" \/><\/a>\u00a0<a href=\"https:\/\/cedt.hu\/wp-content\/uploads\/2019\/01\/hlhk-min.jpg\" target=\"_blank\" rel=\"noopener noreferrer\"><img loading=\"lazy\" decoding=\"async\" class=\"alignnone wp-image-5395 size-medium\" src=\"https:\/\/cedt.hu\/wp-content\/uploads\/2019\/01\/hlhk-min-197x300.jpg\" alt=\"\" width=\"197\" height=\"300\" data-id=\"5395\" srcset=\"https:\/\/cedt.hu\/wp-content\/uploads\/2019\/01\/hlhk-min-197x300.jpg 197w, https:\/\/cedt.hu\/wp-content\/uploads\/2019\/01\/hlhk-min-768x1168.jpg 768w, https:\/\/cedt.hu\/wp-content\/uploads\/2019\/01\/hlhk-min-673x1024.jpg 673w, https:\/\/cedt.hu\/wp-content\/uploads\/2019\/01\/hlhk-min-263x400.jpg 263w, https:\/\/cedt.hu\/wp-content\/uploads\/2019\/01\/hlhk-min.jpg 1865w\" sizes=\"(max-width: 197px) 100vw, 197px\" \/><\/a><\/p>\n<p><a href=\"https:\/\/cedt.hu\/wp-content\/uploads\/2019\/01\/N\u00e9vtelen-terv-97-min-1.jpg\" target=\"_blank\" rel=\"noopener noreferrer\"><img loading=\"lazy\" decoding=\"async\" class=\"alignnone wp-image-5393 size-medium\" src=\"https:\/\/cedt.hu\/wp-content\/uploads\/2019\/01\/N\u00e9vtelen-terv-97-min-1-225x300.jpg\" alt=\"\" width=\"225\" height=\"300\" data-id=\"5393\" srcset=\"https:\/\/cedt.hu\/wp-content\/uploads\/2019\/01\/N\u00e9vtelen-terv-97-min-1-225x300.jpg 225w, https:\/\/cedt.hu\/wp-content\/uploads\/2019\/01\/N\u00e9vtelen-terv-97-min-1-768x1024.jpg 768w, https:\/\/cedt.hu\/wp-content\/uploads\/2019\/01\/N\u00e9vtelen-terv-97-min-1-300x400.jpg 300w\" sizes=\"(max-width: 225px) 100vw, 225px\" \/><\/a>\u00a0<a href=\"https:\/\/cedt.hu\/wp-content\/uploads\/2019\/01\/N\u00e9vtelen-terv-94-min.jpg\" target=\"_blank\" rel=\"noopener noreferrer\"><img loading=\"lazy\" decoding=\"async\" class=\"alignnone wp-image-5397 size-medium\" src=\"https:\/\/cedt.hu\/wp-content\/uploads\/2019\/01\/N\u00e9vtelen-terv-94-min-225x300.jpg\" alt=\"\" width=\"225\" height=\"300\" data-id=\"5397\" srcset=\"https:\/\/cedt.hu\/wp-content\/uploads\/2019\/01\/N\u00e9vtelen-terv-94-min-225x300.jpg 225w, https:\/\/cedt.hu\/wp-content\/uploads\/2019\/01\/N\u00e9vtelen-terv-94-min-768x1024.jpg 768w, https:\/\/cedt.hu\/wp-content\/uploads\/2019\/01\/N\u00e9vtelen-terv-94-min-300x400.jpg 300w\" sizes=\"(max-width: 225px) 100vw, 225px\" \/><\/a><\/p>\n<p>&nbsp;<\/p>","protected":false},"excerpt":{"rendered":"<p>\u00a0 \u00a0 \u00a0\u00a0\u00a0 \u00a0 &nbsp;<\/p>","protected":false},"author":7,"featured_media":0,"parent":0,"menu_order":0,"comment_status":"closed","ping_status":"closed","template":"","meta":{"footnotes":""},"class_list":["post-5366","page","type-page","status-publish","hentry"],"_links":{"self":[{"href":"https:\/\/cedt.hu\/de\/wp-json\/wp\/v2\/pages\/5366","targetHints":{"allow":["GET"]}}],"collection":[{"href":"https:\/\/cedt.hu\/de\/wp-json\/wp\/v2\/pages"}],"about":[{"href":"https:\/\/cedt.hu\/de\/wp-json\/wp\/v2\/types\/page"}],"author":[{"embeddable":true,"href":"https:\/\/cedt.hu\/de\/wp-json\/wp\/v2\/users\/7"}],"replies":[{"embeddable":true,"href":"https:\/\/cedt.hu\/de\/wp-json\/wp\/v2\/comments?post=5366"}],"version-history":[{"count":0,"href":"https:\/\/cedt.hu\/de\/wp-json\/wp\/v2\/pages\/5366\/revisions"}],"wp:attachment":[{"href":"https:\/\/cedt.hu\/de\/wp-json\/wp\/v2\/media?parent=5366"}],"curies":[{"name":"wp","href":"https:\/\/api.w.org\/{rel}","templated":true}]}}