{"id":4455,"date":"2018-09-19T18:17:47","date_gmt":"2018-09-19T18:17:47","guid":{"rendered":"https:\/\/cedt.hu\/?page_id=4455\/"},"modified":"2018-09-20T16:02:56","modified_gmt":"2018-09-20T16:02:56","slug":"backstage","status":"publish","type":"page","link":"https:\/\/cedt.hu\/de\/backstage\/","title":{"rendered":"BACKSTAGE"},"content":{"rendered":"<p>Fot\u00f3z\u00e1s a N\u00e9pszigeten.<\/p>\n<p>A werk fot\u00f3kat k\u00e9sz\u00edtette: G\u00e1los Mih\u00e1ly Samu<\/p>\n<p><a href=\"https:\/\/cedt.hu\/wp-content\/uploads\/2018\/09\/DSC_2443.jpg\" target=\"_blank\" rel=\"noopener noreferrer\"><img fetchpriority=\"high\" decoding=\"async\" class=\"alignnone wp-image-4456 size-medium\" src=\"https:\/\/cedt.hu\/wp-content\/uploads\/2018\/09\/DSC_2443-300x200.jpg\" alt=\"\" width=\"300\" height=\"200\" data-id=\"4456\" srcset=\"https:\/\/cedt.hu\/wp-content\/uploads\/2018\/09\/DSC_2443-300x200.jpg 300w, https:\/\/cedt.hu\/wp-content\/uploads\/2018\/09\/DSC_2443-768x512.jpg 768w, https:\/\/cedt.hu\/wp-content\/uploads\/2018\/09\/DSC_2443-1024x683.jpg 1024w, https:\/\/cedt.hu\/wp-content\/uploads\/2018\/09\/DSC_2443-400x267.jpg 400w\" sizes=\"(max-width: 300px) 100vw, 300px\" \/><\/a><\/p>\n<p><a href=\"https:\/\/cedt.hu\/wp-content\/uploads\/2018\/09\/DSC_2451.jpg\" target=\"_blank\" rel=\"noopener noreferrer\"><img decoding=\"async\" class=\"alignnone wp-image-4458\" src=\"https:\/\/cedt.hu\/wp-content\/uploads\/2018\/09\/DSC_2451-300x200.jpg\" alt=\"\" width=\"302\" height=\"201\" data-id=\"4458\" srcset=\"https:\/\/cedt.hu\/wp-content\/uploads\/2018\/09\/DSC_2451-300x200.jpg 300w, https:\/\/cedt.hu\/wp-content\/uploads\/2018\/09\/DSC_2451-768x512.jpg 768w, https:\/\/cedt.hu\/wp-content\/uploads\/2018\/09\/DSC_2451-1024x683.jpg 1024w, https:\/\/cedt.hu\/wp-content\/uploads\/2018\/09\/DSC_2451-400x267.jpg 400w\" sizes=\"(max-width: 302px) 100vw, 302px\" \/><\/a><\/p>\n<p><a href=\"https:\/\/cedt.hu\/wp-content\/uploads\/2018\/09\/DSC_2494.jpg\" target=\"_blank\" rel=\"noopener noreferrer\"><img decoding=\"async\" class=\"alignnone wp-image-4462 size-medium\" src=\"https:\/\/cedt.hu\/wp-content\/uploads\/2018\/09\/DSC_2494-300x200.jpg\" alt=\"\" width=\"300\" height=\"200\" data-id=\"4462\" srcset=\"https:\/\/cedt.hu\/wp-content\/uploads\/2018\/09\/DSC_2494-300x200.jpg 300w, https:\/\/cedt.hu\/wp-content\/uploads\/2018\/09\/DSC_2494-768x512.jpg 768w, https:\/\/cedt.hu\/wp-content\/uploads\/2018\/09\/DSC_2494-1024x683.jpg 1024w, https:\/\/cedt.hu\/wp-content\/uploads\/2018\/09\/DSC_2494-400x267.jpg 400w\" sizes=\"(max-width: 300px) 100vw, 300px\" \/><\/a><\/p>\n<p><a href=\"https:\/\/cedt.hu\/wp-content\/uploads\/2018\/09\/DSC_2792-min.jpg\" target=\"_blank\" rel=\"noopener noreferrer\"><img loading=\"lazy\" decoding=\"async\" class=\"alignnone wp-image-4478\" src=\"https:\/\/cedt.hu\/wp-content\/uploads\/2018\/09\/DSC_2792-min-300x200.jpg\" alt=\"\" width=\"300\" height=\"200\" data-id=\"4478\" srcset=\"https:\/\/cedt.hu\/wp-content\/uploads\/2018\/09\/DSC_2792-min-300x200.jpg 300w, https:\/\/cedt.hu\/wp-content\/uploads\/2018\/09\/DSC_2792-min-768x512.jpg 768w, https:\/\/cedt.hu\/wp-content\/uploads\/2018\/09\/DSC_2792-min-1024x683.jpg 1024w, https:\/\/cedt.hu\/wp-content\/uploads\/2018\/09\/DSC_2792-min-400x267.jpg 400w\" sizes=\"(max-width: 300px) 100vw, 300px\" \/><\/a><\/p>\n<p><a href=\"https:\/\/cedt.hu\/wp-content\/uploads\/2018\/09\/DSC_2710-min.jpg\" target=\"_blank\" rel=\"noopener noreferrer\"><img loading=\"lazy\" decoding=\"async\" class=\"alignnone wp-image-4483 size-medium\" src=\"https:\/\/cedt.hu\/wp-content\/uploads\/2018\/09\/DSC_2710-min-300x200.jpg\" alt=\"\" width=\"300\" height=\"200\" data-id=\"4483\" srcset=\"https:\/\/cedt.hu\/wp-content\/uploads\/2018\/09\/DSC_2710-min-300x200.jpg 300w, https:\/\/cedt.hu\/wp-content\/uploads\/2018\/09\/DSC_2710-min-768x512.jpg 768w, https:\/\/cedt.hu\/wp-content\/uploads\/2018\/09\/DSC_2710-min-1024x683.jpg 1024w, https:\/\/cedt.hu\/wp-content\/uploads\/2018\/09\/DSC_2710-min-400x267.jpg 400w\" sizes=\"(max-width: 300px) 100vw, 300px\" \/><\/a><\/p>\n<p><a href=\"https:\/\/cedt.hu\/wp-content\/uploads\/2018\/09\/DSC_2772-min.jpg\" target=\"_blank\" rel=\"noopener noreferrer\"><img loading=\"lazy\" decoding=\"async\" class=\"alignnone wp-image-4476 size-medium\" src=\"https:\/\/cedt.hu\/wp-content\/uploads\/2018\/09\/DSC_2772-min-300x200.jpg\" alt=\"\" width=\"300\" height=\"200\" data-id=\"4476\" srcset=\"https:\/\/cedt.hu\/wp-content\/uploads\/2018\/09\/DSC_2772-min-300x200.jpg 300w, https:\/\/cedt.hu\/wp-content\/uploads\/2018\/09\/DSC_2772-min-768x512.jpg 768w, https:\/\/cedt.hu\/wp-content\/uploads\/2018\/09\/DSC_2772-min-1024x683.jpg 1024w, https:\/\/cedt.hu\/wp-content\/uploads\/2018\/09\/DSC_2772-min-400x267.jpg 400w\" sizes=\"(max-width: 300px) 100vw, 300px\" \/><\/a><\/p>\n<p><a href=\"https:\/\/cedt.hu\/wp-content\/uploads\/2018\/09\/DSC_2727.jpg\" target=\"_blank\" rel=\"noopener noreferrer\"><img loading=\"lazy\" decoding=\"async\" class=\"alignnone wp-image-4470 size-medium\" src=\"https:\/\/cedt.hu\/wp-content\/uploads\/2018\/09\/DSC_2727-300x200.jpg\" alt=\"\" width=\"300\" height=\"200\" data-id=\"4470\" srcset=\"https:\/\/cedt.hu\/wp-content\/uploads\/2018\/09\/DSC_2727-300x200.jpg 300w, https:\/\/cedt.hu\/wp-content\/uploads\/2018\/09\/DSC_2727-768x512.jpg 768w, https:\/\/cedt.hu\/wp-content\/uploads\/2018\/09\/DSC_2727-1024x683.jpg 1024w, https:\/\/cedt.hu\/wp-content\/uploads\/2018\/09\/DSC_2727-400x267.jpg 400w\" sizes=\"(max-width: 300px) 100vw, 300px\" \/><\/a><\/p>\n<p><a href=\"https:\/\/cedt.hu\/wp-content\/uploads\/2018\/09\/DSC_2580-min.jpg\" target=\"_blank\" rel=\"noopener noreferrer\"><img loading=\"lazy\" decoding=\"async\" class=\"alignnone wp-image-4480 size-medium\" src=\"https:\/\/cedt.hu\/wp-content\/uploads\/2018\/09\/DSC_2580-min-300x200.jpg\" alt=\"\" width=\"300\" height=\"200\" data-id=\"4480\" srcset=\"https:\/\/cedt.hu\/wp-content\/uploads\/2018\/09\/DSC_2580-min-300x200.jpg 300w, https:\/\/cedt.hu\/wp-content\/uploads\/2018\/09\/DSC_2580-min-768x512.jpg 768w, https:\/\/cedt.hu\/wp-content\/uploads\/2018\/09\/DSC_2580-min-1024x683.jpg 1024w, https:\/\/cedt.hu\/wp-content\/uploads\/2018\/09\/DSC_2580-min-400x267.jpg 400w\" sizes=\"(max-width: 300px) 100vw, 300px\" \/><\/a><\/p>","protected":false},"excerpt":{"rendered":"<p>Fot\u00f3z\u00e1s a N\u00e9pszigeten. A werk fot\u00f3kat k\u00e9sz\u00edtette: G\u00e1los Mih\u00e1ly Samu<\/p>","protected":false},"author":7,"featured_media":0,"parent":0,"menu_order":0,"comment_status":"closed","ping_status":"closed","template":"","meta":{"footnotes":""},"class_list":["post-4455","page","type-page","status-publish","hentry"],"_links":{"self":[{"href":"https:\/\/cedt.hu\/de\/wp-json\/wp\/v2\/pages\/4455","targetHints":{"allow":["GET"]}}],"collection":[{"href":"https:\/\/cedt.hu\/de\/wp-json\/wp\/v2\/pages"}],"about":[{"href":"https:\/\/cedt.hu\/de\/wp-json\/wp\/v2\/types\/page"}],"author":[{"embeddable":true,"href":"https:\/\/cedt.hu\/de\/wp-json\/wp\/v2\/users\/7"}],"replies":[{"embeddable":true,"href":"https:\/\/cedt.hu\/de\/wp-json\/wp\/v2\/comments?post=4455"}],"version-history":[{"count":0,"href":"https:\/\/cedt.hu\/de\/wp-json\/wp\/v2\/pages\/4455\/revisions"}],"wp:attachment":[{"href":"https:\/\/cedt.hu\/de\/wp-json\/wp\/v2\/media?parent=4455"}],"curies":[{"name":"wp","href":"https:\/\/api.w.org\/{rel}","templated":true}]}}