{"id":316,"date":"2017-02-04T23:38:51","date_gmt":"2017-02-04T23:38:51","guid":{"rendered":"http:\/\/185.43.206.2\/~cedthu\/?page_id=316\/"},"modified":"2018-07-23T13:27:44","modified_gmt":"2018-07-23T13:27:44","slug":"rolunk","status":"publish","type":"page","link":"https:\/\/cedt.hu\/de\/rolunk\/","title":{"rendered":"\u00dcber uns"},"content":{"rendered":"<div class=\"hirCim\">\n<p style=\"text-align: justify;\"><em>Fortschrittlich. Stilvoll. Zeitgem\u00e4\u00df.<\/em> KET ist eine der innovativsten Tanzkompanien Ungarns. Die St\u00fccke ihres einzigartigen Repertoires streben nach Aktualit\u00e4t und Reflexivit\u00e4t. Sie haben die vielf\u00e4ltige Sprache des zeitgen\u00f6ssischen Tanzes gew\u00e4hlt, um allt\u00e4gliche Themen anzusprechen und darauf zu reagieren. Das KET ist, wie der Name schon sagt, einer bestimmten geografischen Region verpflichtet, dem Karpatenbecken, und diese Region bestimmt nicht nur das Hauptgebiet seiner Aktivit\u00e4ten, sondern auch die einzigartige Welt der Bewegung und die Auswahl der Themen.<\/p>\n<\/div>\n<div class=\"hirLead\">\n<p><a href=\"http:\/\/cedt.hu\/de\/a-ket\/\" target=\"_blank\" rel=\"noopener noreferrer\"><em style=\"color: #ffffff; text-decoration: underline;\">Geschichte des KET<\/em><\/a><\/p>\n<p>&nbsp;<\/p>\n<\/div>\n<p>&nbsp;<\/p>\n<div class=\"hirLead\"><\/div>","protected":false},"excerpt":{"rendered":"<p>Progressz\u00edv. St\u00edlusos. Kort\u00e1rs. A K\u00f6z\u00e9p-Eur\u00f3pa T\u00e1ncsz\u00ednh\u00e1z (KET) Magyarorsz\u00e1g egyik legmeghat\u00e1roz\u00f3bb t\u00e1nct\u00e1rsulata. Folyamatosan fejl\u0151d\u0151 reperto\u00e1runk mellett \u2013 a r\u00e9gi\u00f3ban egyed\u00fcl\u00e1ll\u00f3 m\u00f3don \u2013 a DTIE, az IKF \u00e9s a D.E.E.P programsorozataink is m\u0171k\u00f6d\u00e9s\u00fcnk fontos r\u00e9sz\u00e9t alkotj\u00e1k.<\/p>","protected":false},"author":1,"featured_media":0,"parent":0,"menu_order":0,"comment_status":"closed","ping_status":"closed","template":"","meta":{"footnotes":""},"class_list":["post-316","page","type-page","status-publish","hentry"],"_links":{"self":[{"href":"https:\/\/cedt.hu\/de\/wp-json\/wp\/v2\/pages\/316","targetHints":{"allow":["GET"]}}],"collection":[{"href":"https:\/\/cedt.hu\/de\/wp-json\/wp\/v2\/pages"}],"about":[{"href":"https:\/\/cedt.hu\/de\/wp-json\/wp\/v2\/types\/page"}],"author":[{"embeddable":true,"href":"https:\/\/cedt.hu\/de\/wp-json\/wp\/v2\/users\/1"}],"replies":[{"embeddable":true,"href":"https:\/\/cedt.hu\/de\/wp-json\/wp\/v2\/comments?post=316"}],"version-history":[{"count":0,"href":"https:\/\/cedt.hu\/de\/wp-json\/wp\/v2\/pages\/316\/revisions"}],"wp:attachment":[{"href":"https:\/\/cedt.hu\/de\/wp-json\/wp\/v2\/media?parent=316"}],"curies":[{"name":"wp","href":"https:\/\/api.w.org\/{rel}","templated":true}]}}