{"id":301,"date":"2017-02-04T23:17:14","date_gmt":"2017-02-04T23:17:14","guid":{"rendered":"http:\/\/185.43.206.2\/~cedthu\/?page_id=301\/"},"modified":"2017-02-04T23:17:24","modified_gmt":"2017-02-04T23:17:24","slug":"fazisok","status":"publish","type":"page","link":"https:\/\/cedt.hu\/de\/fazisok\/","title":{"rendered":"F\u00e1zisok"},"content":{"rendered":"<div class=\"hirCim\">A F\u00e1zisok illeszkedik a K\u00f6z\u00e9p-Eur\u00f3pa T\u00e1ncsz\u00ednh\u00e1z t\u00e1ncosainak alkot\u00f3m\u0171hely\u00e9b\u0151l 2010 okt\u00f3ber\u00e9ben kiker\u00fclt <a href=\"http:\/\/cedt.hu\/index.php?lang=hu&amp;page=darab&amp;id=15\">IO SONO<\/a> sorozathoz, melyben a t\u00e1rsulat t\u00e1ncm\u0171v\u00e9szei \u00f6n\u00e1ll\u00f3an, de egym\u00e1st inspir\u00e1lva, m\u0171helymunk\u00e1k sor\u00e1n k\u00eds\u00e9rleteztek, hogy \u00f6nmagukb\u00f3l min\u00e9l t\u00f6bb sz\u00ednt mutathassanak meg.<\/div>\n<div class=\"hirLead\">\n<p>E folyamat folytat\u00e1sak\u00e9nt alakult ki a F\u00e1zisok sorozat, amelyben most f\u00e1zisonk\u00e9nt kapunk betekint\u00e9st \u00faj k\u00eds\u00e9rletez\u0151 m\u0171helymunk\u00e1ikba. A t\u00e1ncos-alkot\u00f3k saj\u00e1t mondanival\u00f3jukat f\u00fcrk\u00e9szve igyekeztek k\u00f6z\u00f6s gy\u00f6keret tal\u00e1lni eml\u00e9keikben, v\u00e1gyaikban, illetve \u00faj \u00e9lm\u00e9nyeket, eml\u00e9keket teremteni. A sorozat els\u0151 darabja a 2013 j\u00fanius\u00e1ban bemutatott, M\u00e1di L\u00e1szl\u00f3 <a href=\"http:\/\/cedt.hu\/index.php?lang=hu&amp;page=darab&amp;id=45\">Von einem Baum<\/a> c\u00edm\u0171 alkot\u00e1sa volt. A kutat\u00e1s folytat\u00e1sak\u00e9nt id\u00e9n szeptemberben Palcs\u00f3 N\u00f3ra \u00e9s Frigy \u00c1d\u00e1m t\u00e1ncm\u0171v\u00e9szek \u00fatkeres\u00e9seibe tekinthetnek be az \u00e9rdekl\u0151d\u00f6k <a href=\"http:\/\/cedt.hu\/index.php?lang=hu&amp;page=darab&amp;id=64\">F\u00fcgg\u00e9s \u00e9s Polarit\u00e1saim<\/a> munkac\u00edm\u0171 demonstr\u00e1ci\u00f3ikkal.<\/p>\n<\/div>","protected":false},"excerpt":{"rendered":"<p>A F\u00e1zisok illeszkedik a K\u00f6z\u00e9p-Eur\u00f3pa T\u00e1ncsz\u00ednh\u00e1z t\u00e1ncosainak alkot\u00f3m\u0171hely\u00e9b\u0151l 2010 okt\u00f3ber\u00e9ben kiker\u00fclt IO SONO sorozathoz, melyben a t\u00e1rsulat t\u00e1ncm\u0171v\u00e9szei \u00f6n\u00e1ll\u00f3an, de egym\u00e1st inspir\u00e1lva, m\u0171helymunk\u00e1k sor\u00e1n k\u00eds\u00e9rleteztek, hogy \u00f6nmagukb\u00f3l min\u00e9l t\u00f6bb sz\u00ednt mutathassanak meg. E folyamat folytat\u00e1sak\u00e9nt alakult ki a F\u00e1zisok sorozat, amelyben most f\u00e1zisonk\u00e9nt kapunk betekint\u00e9st \u00faj k\u00eds\u00e9rletez\u0151 m\u0171helymunk\u00e1ikba. A t\u00e1ncos-alkot\u00f3k saj\u00e1t mondanival\u00f3jukat f\u00fcrk\u00e9szve igyekeztek k\u00f6z\u00f6s [&hellip;]<\/p>\n","protected":false},"author":1,"featured_media":0,"parent":0,"menu_order":0,"comment_status":"closed","ping_status":"closed","template":"","meta":{"footnotes":""},"class_list":["post-301","page","type-page","status-publish","hentry"],"_links":{"self":[{"href":"https:\/\/cedt.hu\/de\/wp-json\/wp\/v2\/pages\/301","targetHints":{"allow":["GET"]}}],"collection":[{"href":"https:\/\/cedt.hu\/de\/wp-json\/wp\/v2\/pages"}],"about":[{"href":"https:\/\/cedt.hu\/de\/wp-json\/wp\/v2\/types\/page"}],"author":[{"embeddable":true,"href":"https:\/\/cedt.hu\/de\/wp-json\/wp\/v2\/users\/1"}],"replies":[{"embeddable":true,"href":"https:\/\/cedt.hu\/de\/wp-json\/wp\/v2\/comments?post=301"}],"version-history":[{"count":0,"href":"https:\/\/cedt.hu\/de\/wp-json\/wp\/v2\/pages\/301\/revisions"}],"wp:attachment":[{"href":"https:\/\/cedt.hu\/de\/wp-json\/wp\/v2\/media?parent=301"}],"curies":[{"name":"wp","href":"https:\/\/api.w.org\/{rel}","templated":true}]}}