{"id":19774,"date":"2025-06-03T08:22:07","date_gmt":"2025-06-03T08:22:07","guid":{"rendered":"https:\/\/cedthu.rwpstaging.site\/?page_id=19774"},"modified":"2025-06-03T08:27:40","modified_gmt":"2025-06-03T08:27:40","slug":"amoba-az-orokke-valtozo-egyseg","status":"publish","type":"page","link":"https:\/\/cedt.hu\/de\/amoba-az-orokke-valtozo-egyseg\/","title":{"rendered":"Am\u00f6be - die sich st\u00e4ndig ver\u00e4ndernde Einheit"},"content":{"rendered":"<div data-elementor-type=\"wp-page\" data-elementor-id=\"19774\" class=\"elementor elementor-19774\" data-elementor-post-type=\"page\">\n\t\t\t\t\t\t<section class=\"elementor-section elementor-top-section elementor-element elementor-element-6aa2fddc elementor-section-boxed elementor-section-height-default elementor-section-height-default\" data-id=\"6aa2fddc\" data-element_type=\"section\" data-e-type=\"section\" data-settings=\"{&quot;background_background&quot;:&quot;classic&quot;}\">\n\t\t\t\t\t\t<div class=\"elementor-container elementor-column-gap-default\">\n\t\t\t\t\t<div class=\"elementor-column elementor-col-100 elementor-top-column elementor-element elementor-element-4c6492b2\" data-id=\"4c6492b2\" data-element_type=\"column\" data-e-type=\"column\">\n\t\t\t<div class=\"elementor-widget-wrap elementor-element-populated\">\n\t\t\t\t\t\t<section class=\"elementor-section elementor-inner-section elementor-element elementor-element-0d483ed elementor-section-boxed elementor-section-height-default elementor-section-height-default\" data-id=\"0d483ed\" data-element_type=\"section\" data-e-type=\"section\">\n\t\t\t\t\t\t<div class=\"elementor-container elementor-column-gap-default\">\n\t\t\t\t\t<div class=\"elementor-column elementor-col-50 elementor-inner-column elementor-element elementor-element-f695754\" data-id=\"f695754\" data-element_type=\"column\" data-e-type=\"column\">\n\t\t\t<div class=\"elementor-widget-wrap elementor-element-populated\">\n\t\t\t\t\t\t<div class=\"elementor-element elementor-element-5217b637 elementor-widget elementor-widget-image\" data-id=\"5217b637\" data-element_type=\"widget\" data-e-type=\"widget\" data-widget_type=\"image.default\">\n\t\t\t\t<div class=\"elementor-widget-container\">\n\t\t\t\t\t\t\t\t\t\t\t\t\t\t\t<img fetchpriority=\"high\" decoding=\"async\" width=\"449\" height=\"645\" src=\"https:\/\/cedt.hu\/wp-content\/uploads\/2024\/03\/csilla_erdo_portre_domolky_WEB_052_ff-e1730381151115.jpg\" class=\"attachment-full size-full wp-image-11988\" alt=\"\" srcset=\"https:\/\/cedt.hu\/wp-content\/uploads\/2024\/03\/csilla_erdo_portre_domolky_WEB_052_ff-e1730381151115.jpg 449w, https:\/\/cedt.hu\/wp-content\/uploads\/2024\/03\/csilla_erdo_portre_domolky_WEB_052_ff-e1730381151115-209x300.jpg 209w, https:\/\/cedt.hu\/wp-content\/uploads\/2024\/03\/csilla_erdo_portre_domolky_WEB_052_ff-e1730381151115-278x400.jpg 278w\" sizes=\"(max-width: 449px) 100vw, 449px\" \/>\t\t\t\t\t\t\t\t\t\t\t\t\t\t\t<\/div>\n\t\t\t\t<\/div>\n\t\t\t\t\t<\/div>\n\t\t<\/div>\n\t\t\t\t<div class=\"elementor-column elementor-col-50 elementor-inner-column elementor-element elementor-element-779c830\" data-id=\"779c830\" data-element_type=\"column\" data-e-type=\"column\">\n\t\t\t<div class=\"elementor-widget-wrap elementor-element-populated\">\n\t\t\t\t\t\t<div class=\"elementor-element elementor-element-298585e8 elementor-widget elementor-widget-text-editor\" data-id=\"298585e8\" data-element_type=\"widget\" data-e-type=\"widget\" data-widget_type=\"text-editor.default\">\n\t\t\t\t<div class=\"elementor-widget-container\">\n\t\t\t\t\t\t\t\t\t<div class=\"x11i5rnm xat24cr x1mh8g0r x1vvkbs xtlvy1s\"><div class=\"show-description\"><p>Das Wort, dass wir Wissen und sogar Erfahrung f\u00fcr immer haben k\u00f6nnen! Wenn wir im Fluss sind, dehnt sich jeder Moment aus, Vergangenheit, Gegenwart und Zukunft verschmelzen, die Zeit verschwindet auf einer linearen Ebene. Und wir haben das Gef\u00fchl, dass wir einfach sind.... \/Wir haben diese Erfahrungen in unserem privaten Zustand und in unseren fr\u00fchen Jahren, aber im Erwachsenenalter m\u00fcssen wir etwas tun, um uns \u00fcber die Grenzen unseres Egos zu erheben und dorthin zu gelangen.\/<\/p><p>Aber was ist Einheit? Was macht etwas eins oder nicht eins? Ist es, weil wir uns im selben Raum befinden oder weil wir dasselbe tun? Stellen wir Regeln auf? Was macht eine Familie zu einer Familie, eine Mannschaft zu einer Fu\u00dfballmannschaft, einen Chor zu einem Chor, eine Nation zu einer Nation?<\/p><p>Woher kommt das Gef\u00fchl der Zugeh\u00f6rigkeit? Liegt es im Einzelnen, oder ist es etwas, das viel gr\u00f6\u00dfer ist als der Einzelne? Und ist es etwas Greifbares, kann man es in unseren Zellen sp\u00fcren? Was ist die Essenz der Einheit?<\/p><p>Gibt es einen Moment, der weder hinzugef\u00fcgt noch weggenommen werden kann, der vollst\u00e4ndig ist, so wie er ist? Und kann dieser Moment voller Ver\u00e4nderung, ewig und in Verbindung mit unseren Mitmenschen voller Freude sein?<\/p><p>In unserer Performance Amoeba bieten wir Antworten auf diese Fragen, und wir versuchen auch, den Zuschauer zu einem Teil der in der Performance geschaffenen Einheit zu machen, selbst wenn er nur zuschaut.<\/p><\/div><\/div>\t\t\t\t\t\t\t\t<\/div>\n\t\t\t\t<\/div>\n\t\t\t\t\t<\/div>\n\t\t<\/div>\n\t\t\t\t\t<\/div>\n\t\t<\/section>\n\t\t\t\t<section class=\"elementor-section elementor-inner-section elementor-element elementor-element-9db6852 elementor-section-boxed elementor-section-height-default elementor-section-height-default\" data-id=\"9db6852\" data-element_type=\"section\" data-e-type=\"section\">\n\t\t\t\t\t\t<div class=\"elementor-container elementor-column-gap-default\">\n\t\t\t\t\t<div class=\"elementor-column elementor-col-50 elementor-inner-column elementor-element elementor-element-0396123\" data-id=\"0396123\" data-element_type=\"column\" data-e-type=\"column\">\n\t\t\t<div class=\"elementor-widget-wrap elementor-element-populated\">\n\t\t\t\t\t\t<div class=\"elementor-element elementor-element-d2553b1 elementor-widget elementor-widget-text-editor\" data-id=\"d2553b1\" data-element_type=\"widget\" data-e-type=\"widget\" data-widget_type=\"text-editor.default\">\n\t\t\t\t<div class=\"elementor-widget-container\">\n\t\t\t\t\t\t\t\t\t<div class=\"x11i5rnm xat24cr x1mh8g0r x1vvkbs xtlvy1s\"><div class=\"show-description\"><p>Csilla Gesztelyi Nagy - Tanzk\u00fcnstlerin, Choreografin, Trainerin f\u00fcr K\u00f6rperbewusstsein, Craniosacral-Therapeutin<\/p><p>Als Tanzk\u00fcnstlerin und Choreografin sind Experimente in der Bewegungsimprovisation ein Schwerpunkt meiner Arbeit der letzten 10 Jahre gewesen. Ich erforsche verschiedene Bewegungsqualit\u00e4ten und versuche, sie auf unterschiedliche Weise darzustellen, indem ich mit den Energiefl\u00fcssen spiele, die mit den Bewegungen verbunden sind. Ich versuche, etwas zu erfahren, das vom K\u00f6rper ausgeht, aber \u00fcber das physische Wesen hinausgeht, und<\/p><p>Ich erforsche die Beziehung zwischen dem physischen K\u00f6rper und dem Energiek\u00f6rper auf einer individuellen Ebene und in improvisierten Interaktionen zwischen T\u00e4nzern. Dabei st\u00fctze ich mich auf bestehende Techniken, in meinem Fall die Skinner Release Technique- K\u00f6rperwahrnehmungsmethode, und Tai Chi (Kampfkunst) und Chikung, Craniosacral Biodynamics (Heilbehandlung) und Relationship Healing (energetische Methode)), die ich durch regelm\u00e4\u00dfiges \u00dcben auf den heutigen Stand gebracht habe. Das ist in der Tat nicht nur eine Station, sondern ein Prozess, in dem ich mehr und mehr zu Hause bin, in dem ich schaffe; und in dem ich von immer neuen kreativen Mitstreitern begleitet werde. Die allererste entscheidende Begegnung und Kreation war die mit Julia Vavra, aus der unser St\u00fcck \u00d6 B \u00d6 L hervorging, das n\u00e4chste Werk ist Am\u0151ba (Gruppenchoreografie) und The Mystery of the Body, eine Performance mit David Mik\u00f3.<\/p><p>Portr\u00e4t von D\u00e1niel D\u00f6m\u00f6lky<\/p><\/div><\/div>\t\t\t\t\t\t\t\t<\/div>\n\t\t\t\t<\/div>\n\t\t\t\t\t<\/div>\n\t\t<\/div>\n\t\t\t\t<div class=\"elementor-column elementor-col-50 elementor-inner-column elementor-element elementor-element-a52c920\" data-id=\"a52c920\" data-element_type=\"column\" data-e-type=\"column\">\n\t\t\t<div class=\"elementor-widget-wrap elementor-element-populated\">\n\t\t\t\t\t\t<div class=\"elementor-element elementor-element-a8ceb94 elementor-widget elementor-widget-image\" data-id=\"a8ceb94\" data-element_type=\"widget\" data-e-type=\"widget\" data-widget_type=\"image.default\">\n\t\t\t\t<div class=\"elementor-widget-container\">\n\t\t\t\t\t\t\t\t\t\t\t\t\t\t\t<img decoding=\"async\" width=\"670\" height=\"478\" src=\"https:\/\/cedt.hu\/wp-content\/uploads\/2024\/10\/csilla_erdo_portre_domolky_WEB_052_670.jpg\" class=\"attachment-full size-full wp-image-13450\" alt=\"\" srcset=\"https:\/\/cedt.hu\/wp-content\/uploads\/2024\/10\/csilla_erdo_portre_domolky_WEB_052_670.jpg 670w, https:\/\/cedt.hu\/wp-content\/uploads\/2024\/10\/csilla_erdo_portre_domolky_WEB_052_670-300x214.jpg 300w, https:\/\/cedt.hu\/wp-content\/uploads\/2024\/10\/csilla_erdo_portre_domolky_WEB_052_670-400x285.jpg 400w, https:\/\/cedt.hu\/wp-content\/uploads\/2024\/10\/csilla_erdo_portre_domolky_WEB_052_670-20x14.jpg 20w\" sizes=\"(max-width: 670px) 100vw, 670px\" \/>\t\t\t\t\t\t\t\t\t\t\t\t\t\t\t<\/div>\n\t\t\t\t<\/div>\n\t\t\t\t\t<\/div>\n\t\t<\/div>\n\t\t\t\t\t<\/div>\n\t\t<\/section>\n\t\t\t\t<div class=\"elementor-element elementor-element-71521ad elementor-widget elementor-widget-heading\" data-id=\"71521ad\" data-element_type=\"widget\" data-e-type=\"widget\" data-widget_type=\"heading.default\">\n\t\t\t\t<div class=\"elementor-widget-container\">\n\t\t\t\t\t<h2 class=\"elementor-heading-title elementor-size-default\"><a href=\"https:\/\/nepszava.hu\/3235045_egy-kozosseg-metamorfozisa\">Die Metamorphose einer Gemeinschaft - von Fruzsina N\u00e9meth f\u00fcr N\u00e9pszava<\/a><\/h2>\t\t\t\t<\/div>\n\t\t\t\t<\/div>\n\t\t\t\t<div class=\"elementor-element elementor-element-15472d71 elementor-widget elementor-widget-heading\" data-id=\"15472d71\" data-element_type=\"widget\" data-e-type=\"widget\" data-widget_type=\"heading.default\">\n\t\t\t\t<div class=\"elementor-widget-container\">\n\t\t\t\t\t<h2 class=\"elementor-heading-title elementor-size-default\">Sch\u00f6pfer<\/h2>\t\t\t\t<\/div>\n\t\t\t\t<\/div>\n\t\t\t\t<div class=\"elementor-element elementor-element-16c77433 elementor-widget-divider--view-line elementor-widget elementor-widget-divider\" data-id=\"16c77433\" data-element_type=\"widget\" data-e-type=\"widget\" data-widget_type=\"divider.default\">\n\t\t\t\t<div class=\"elementor-widget-container\">\n\t\t\t\t\t\t\t<div class=\"elementor-divider\">\n\t\t\t<span class=\"elementor-divider-separator\">\n\t\t\t\t\t\t<\/span>\n\t\t<\/div>\n\t\t\t\t\t\t<\/div>\n\t\t\t\t<\/div>\n\t\t\t\t<div class=\"elementor-element elementor-element-4589678a elementor-widget elementor-widget-text-editor\" data-id=\"4589678a\" data-element_type=\"widget\" data-e-type=\"widget\" data-widget_type=\"text-editor.default\">\n\t\t\t\t<div class=\"elementor-widget-container\">\n\t\t\t\t\t\t\t\t\t<div class=\"show-actors\"><div id=\"nested-actors\"><div class=\"show-actors\"><div id=\"nested-actors\"><div class=\"show-actors\"><div id=\"nested-actors\"><div><h3>Choreograph<\/h3><ul><li>Csilla Nagy Gesztelyi<\/li><\/ul><\/div><div><h3>Musik<\/h3><ul><li>Csan\u00e1d Szesztay<\/li><\/ul><\/div><div><h3>Musik-Editor<\/h3><ul><li>madla<\/li><\/ul><\/div><div><h3>Licht<\/h3><ul><li>Merc\u00e9desz Selmeczi<\/li><\/ul><\/div><div><h3>Tanzk\u00fcnstler<\/h3><ul><li>Sinka L\u00eddia<\/li><\/ul><ul><li>R\u00e9ka Gyevn\u00e1r<\/li><\/ul><ul><li>G\u00e1bor Kindl<\/li><\/ul><ul><li>Edmond Kisbakonyi<\/li><\/ul><ul><li>Gizella No\u00e9mi Nagy<\/li><\/ul><ul><li>Marcell Hov\u00e1n<\/li><li>Berta Pucsek<\/li><\/ul><\/div><div><h3>Dramaturg<\/h3><ul><li>Anna S\u00e1ndor<\/li><\/ul><\/div><\/div><\/div><div class=\"show-images\"><div class=\"row no-margin\"><div class=\"col-md-12 no-padding\">\u00a0<\/div><\/div><\/div><\/div><\/div><\/div><\/div>\t\t\t\t\t\t\t\t<\/div>\n\t\t\t\t<\/div>\n\t\t\t\t<div class=\"elementor-element elementor-element-09ec5b1 elementor-widget elementor-widget-heading\" data-id=\"09ec5b1\" data-element_type=\"widget\" data-e-type=\"widget\" data-widget_type=\"heading.default\">\n\t\t\t\t<div class=\"elementor-widget-container\">\n\t\t\t\t\t<h2 class=\"elementor-heading-title elementor-size-default\">Am\u00f6be - die sich st\u00e4ndig ver\u00e4ndernde Einheit<\/h2>\t\t\t\t<\/div>\n\t\t\t\t<\/div>\n\t\t\t\t<div class=\"elementor-element elementor-element-51cdc2c8 elementor-widget elementor-widget-gallery\" data-id=\"51cdc2c8\" data-element_type=\"widget\" data-e-type=\"widget\" data-settings=\"{&quot;columns&quot;:3,&quot;lazyload&quot;:&quot;yes&quot;,&quot;gallery_layout&quot;:&quot;grid&quot;,&quot;columns_tablet&quot;:2,&quot;columns_mobile&quot;:1,&quot;gap&quot;:{&quot;unit&quot;:&quot;px&quot;,&quot;size&quot;:10,&quot;sizes&quot;:[]},&quot;gap_tablet&quot;:{&quot;unit&quot;:&quot;px&quot;,&quot;size&quot;:10,&quot;sizes&quot;:[]},&quot;gap_mobile&quot;:{&quot;unit&quot;:&quot;px&quot;,&quot;size&quot;:10,&quot;sizes&quot;:[]},&quot;link_to&quot;:&quot;file&quot;,&quot;aspect_ratio&quot;:&quot;3:2&quot;,&quot;overlay_background&quot;:&quot;yes&quot;,&quot;content_hover_animation&quot;:&quot;fade-in&quot;}\" data-widget_type=\"gallery.default\">\n\t\t\t\t<div class=\"elementor-widget-container\">\n\t\t\t\t\t\t\t<div class=\"elementor-gallery__container\">\n\t\t\t\t\t\t\t<a class=\"e-gallery-item elementor-gallery-item elementor-animated-content\" href=\"https:\/\/cedt.hu\/wp-content\/uploads\/2024\/03\/Amoba058.jpg\" data-elementor-open-lightbox=\"yes\" data-elementor-lightbox-slideshow=\"51cdc2c8\" data-elementor-lightbox-title=\"Amoba058\" data-e-action-hash=\"#elementor-action%3Aaction%3Dlightbox%26settings%3DeyJpZCI6MTIyNjYsInVybCI6Imh0dHBzOlwvXC9jZWR0Lmh1XC93cC1jb250ZW50XC91cGxvYWRzXC8yMDI0XC8wM1wvQW1vYmEwNTguanBnIiwic2xpZGVzaG93IjoiNTFjZGMyYzgifQ%3D%3D\">\n\t\t\t\t\t<div class=\"e-gallery-image elementor-gallery-item__image\" data-thumbnail=\"https:\/\/cedt.hu\/wp-content\/uploads\/2024\/03\/Amoba058-200x300.jpg\" data-width=\"200\" data-height=\"300\" aria-label=\"\" role=\"img\" ><\/div>\n\t\t\t\t\t\t\t\t\t\t\t<div class=\"elementor-gallery-item__overlay\"><\/div>\n\t\t\t\t\t\t\t\t\t\t\t\t\t\t<\/a>\n\t\t\t\t\t\t\t<a class=\"e-gallery-item elementor-gallery-item elementor-animated-content\" href=\"https:\/\/cedt.hu\/wp-content\/uploads\/2024\/03\/Amoba078.jpg\" data-elementor-open-lightbox=\"yes\" data-elementor-lightbox-slideshow=\"51cdc2c8\" data-elementor-lightbox-title=\"Amoba078\" data-e-action-hash=\"#elementor-action%3Aaction%3Dlightbox%26settings%3DeyJpZCI6MTIyNjgsInVybCI6Imh0dHBzOlwvXC9jZWR0Lmh1XC93cC1jb250ZW50XC91cGxvYWRzXC8yMDI0XC8wM1wvQW1vYmEwNzguanBnIiwic2xpZGVzaG93IjoiNTFjZGMyYzgifQ%3D%3D\">\n\t\t\t\t\t<div class=\"e-gallery-image elementor-gallery-item__image\" data-thumbnail=\"https:\/\/cedt.hu\/wp-content\/uploads\/2024\/03\/Amoba078-300x200.jpg\" data-width=\"300\" data-height=\"200\" aria-label=\"\" role=\"img\" ><\/div>\n\t\t\t\t\t\t\t\t\t\t\t<div class=\"elementor-gallery-item__overlay\"><\/div>\n\t\t\t\t\t\t\t\t\t\t\t\t\t\t<\/a>\n\t\t\t\t\t\t\t<a class=\"e-gallery-item elementor-gallery-item elementor-animated-content\" href=\"https:\/\/cedt.hu\/wp-content\/uploads\/2024\/03\/Amoba080.jpg\" data-elementor-open-lightbox=\"yes\" data-elementor-lightbox-slideshow=\"51cdc2c8\" data-elementor-lightbox-title=\"Amoba080\" data-e-action-hash=\"#elementor-action%3Aaction%3Dlightbox%26settings%3DeyJpZCI6MTIyNzAsInVybCI6Imh0dHBzOlwvXC9jZWR0Lmh1XC93cC1jb250ZW50XC91cGxvYWRzXC8yMDI0XC8wM1wvQW1vYmEwODAuanBnIiwic2xpZGVzaG93IjoiNTFjZGMyYzgifQ%3D%3D\">\n\t\t\t\t\t<div class=\"e-gallery-image elementor-gallery-item__image\" data-thumbnail=\"https:\/\/cedt.hu\/wp-content\/uploads\/2024\/03\/Amoba080-300x200.jpg\" data-width=\"300\" data-height=\"200\" aria-label=\"\" role=\"img\" ><\/div>\n\t\t\t\t\t\t\t\t\t\t\t<div class=\"elementor-gallery-item__overlay\"><\/div>\n\t\t\t\t\t\t\t\t\t\t\t\t\t\t<\/a>\n\t\t\t\t\t<\/div>\n\t\t\t\t\t<\/div>\n\t\t\t\t<\/div>\n\t\t\t\t\t<\/div>\n\t\t<\/div>\n\t\t\t\t\t<\/div>\n\t\t<\/section>\n\t\t\t\t<\/div>","protected":false},"excerpt":{"rendered":"<p>Arr\u00f3l a sz\u00f3r\u00f3l, hogy \u00f6r\u00f6kk\u00e9 is lehetnek ismereteink, s\u0151t \u00e9lm\u00e9nyeink! Amikor flowban vagyunk, akkor minden pillanat kit\u00e1gul, egybeolvad a m\u00falt-jelen-j\u00f6v\u0151, megsz\u0171nik az id\u0151, line\u00e1ris szinten. S az az \u00e9rz\u00e9s\u00fcnk, hogy csak \u00fagy vagyunk\u2026. \/Magzati \u00e1llapotunkban \u00e9s a els\u0151 \u00e9veinkben m\u00e9g vannak ilyen tapasztal\u00e1saink, de feln\u0151ttkorban az\u00e9rt bizony tenn\u00fcnk kell, hogy az eg\u00f3nk korl\u00e1tai f\u00f6l\u00e9 tudjunk [&hellip;]<\/p>\n","protected":false},"author":1,"featured_media":0,"parent":0,"menu_order":0,"comment_status":"closed","ping_status":"closed","template":"elementor_header_footer","meta":{"footnotes":""},"class_list":["post-19774","page","type-page","status-publish","hentry"],"_links":{"self":[{"href":"https:\/\/cedt.hu\/de\/wp-json\/wp\/v2\/pages\/19774","targetHints":{"allow":["GET"]}}],"collection":[{"href":"https:\/\/cedt.hu\/de\/wp-json\/wp\/v2\/pages"}],"about":[{"href":"https:\/\/cedt.hu\/de\/wp-json\/wp\/v2\/types\/page"}],"author":[{"embeddable":true,"href":"https:\/\/cedt.hu\/de\/wp-json\/wp\/v2\/users\/1"}],"replies":[{"embeddable":true,"href":"https:\/\/cedt.hu\/de\/wp-json\/wp\/v2\/comments?post=19774"}],"version-history":[{"count":0,"href":"https:\/\/cedt.hu\/de\/wp-json\/wp\/v2\/pages\/19774\/revisions"}],"wp:attachment":[{"href":"https:\/\/cedt.hu\/de\/wp-json\/wp\/v2\/media?parent=19774"}],"curies":[{"name":"wp","href":"https:\/\/api.w.org\/{rel}","templated":true}]}}