{"id":19738,"date":"2025-06-03T08:14:59","date_gmt":"2025-06-03T08:14:59","guid":{"rendered":"https:\/\/cedthu.rwpstaging.site\/?page_id=19738"},"modified":"2025-06-03T08:21:57","modified_gmt":"2025-06-03T08:21:57","slug":"aranyalma-a-lelek-voros-gyumolcse","status":"publish","type":"page","link":"https:\/\/cedt.hu\/de\/aranyalma-a-lelek-voros-gyumolcse\/","title":{"rendered":"ARANYALMA - Die rote Frucht der Seele"},"content":{"rendered":"<div data-elementor-type=\"wp-page\" data-elementor-id=\"19738\" class=\"elementor elementor-19738\" data-elementor-post-type=\"page\">\n\t\t\t\t\t\t<section class=\"elementor-section elementor-top-section elementor-element elementor-element-67988a3d elementor-section-boxed elementor-section-height-default elementor-section-height-default\" data-id=\"67988a3d\" data-element_type=\"section\" data-e-type=\"section\" data-settings=\"{&quot;background_background&quot;:&quot;classic&quot;}\">\n\t\t\t\t\t\t<div class=\"elementor-container elementor-column-gap-default\">\n\t\t\t\t\t<div class=\"elementor-column elementor-col-100 elementor-top-column elementor-element elementor-element-746ce0d1\" data-id=\"746ce0d1\" data-element_type=\"column\" data-e-type=\"column\">\n\t\t\t<div class=\"elementor-widget-wrap elementor-element-populated\">\n\t\t\t\t\t\t<section class=\"elementor-section elementor-inner-section elementor-element elementor-element-e5e22ff elementor-section-boxed elementor-section-height-default elementor-section-height-default\" data-id=\"e5e22ff\" data-element_type=\"section\" data-e-type=\"section\">\n\t\t\t\t\t\t<div class=\"elementor-container elementor-column-gap-default\">\n\t\t\t\t\t<div class=\"elementor-column elementor-col-33 elementor-inner-column elementor-element elementor-element-4c7bd96\" data-id=\"4c7bd96\" data-element_type=\"column\" data-e-type=\"column\">\n\t\t\t<div class=\"elementor-widget-wrap elementor-element-populated\">\n\t\t\t\t\t\t<div class=\"elementor-element elementor-element-171ea103 elementor-widget elementor-widget-image\" data-id=\"171ea103\" data-element_type=\"widget\" data-e-type=\"widget\" data-widget_type=\"image.default\">\n\t\t\t\t<div class=\"elementor-widget-container\">\n\t\t\t\t\t\t\t\t\t\t\t\t\t\t\t<img fetchpriority=\"high\" decoding=\"async\" width=\"980\" height=\"1410\" src=\"https:\/\/cedt.hu\/wp-content\/uploads\/2024\/09\/DSC00976_edited-2-scaled-e1730380646438.jpg\" class=\"attachment-full size-full wp-image-13112\" alt=\"\" srcset=\"https:\/\/cedt.hu\/wp-content\/uploads\/2024\/09\/DSC00976_edited-2-scaled-e1730380646438.jpg 980w, https:\/\/cedt.hu\/wp-content\/uploads\/2024\/09\/DSC00976_edited-2-scaled-e1730380646438-209x300.jpg 209w, https:\/\/cedt.hu\/wp-content\/uploads\/2024\/09\/DSC00976_edited-2-scaled-e1730380646438-712x1024.jpg 712w, https:\/\/cedt.hu\/wp-content\/uploads\/2024\/09\/DSC00976_edited-2-scaled-e1730380646438-768x1105.jpg 768w, https:\/\/cedt.hu\/wp-content\/uploads\/2024\/09\/DSC00976_edited-2-scaled-e1730380646438-278x400.jpg 278w\" sizes=\"(max-width: 980px) 100vw, 980px\" \/>\t\t\t\t\t\t\t\t\t\t\t\t\t\t\t<\/div>\n\t\t\t\t<\/div>\n\t\t\t\t\t<\/div>\n\t\t<\/div>\n\t\t\t\t<div class=\"elementor-column elementor-col-33 elementor-inner-column elementor-element elementor-element-0828346\" data-id=\"0828346\" data-element_type=\"column\" data-e-type=\"column\">\n\t\t\t<div class=\"elementor-widget-wrap elementor-element-populated\">\n\t\t\t\t\t\t<div class=\"elementor-element elementor-element-51294e55 elementor-widget elementor-widget-text-editor\" data-id=\"51294e55\" data-element_type=\"widget\" data-e-type=\"widget\" data-widget_type=\"text-editor.default\">\n\t\t\t\t<div class=\"elementor-widget-container\">\n\t\t\t\t\t\t\t\t\t<div class=\"x11i5rnm xat24cr x1mh8g0r x1vvkbs xtlvy1s\"><div class=\"show-description\"><p>Der Kizil-Elma-Transzendentalismus ist ein Konzept in der islamischen philosophischen Tradition, das von dem iranischen islamischen Philosophen und philosophischen Denker Molla Sadra al-Shirazi entwickelt wurde. Die w\u00f6rtliche \u00dcbersetzung von Kizil Elma ist \"roter Apfel\", aber im philosophischen Sinne hat es eher die Bedeutung von \"transzendente Frucht\" oder \"transzendentes Wissen\". Das transzendentale Denken von Kizil Elma bedeutet, dass die Quelle des Wissens in der Transzendenz liegt und nicht auf der Wahrnehmung beruht. Diese Quelle des Wissens ist in der menschlichen Seele verankert und steht in direkter Beziehung zu Gott, der die h\u00f6chste transzendente Realit\u00e4t ist. Diese Denkweise besagt im Wesentlichen, dass die durch Wahrnehmung gewonnene Erfahrung auf Irrt\u00fcmern und Begrenzungen beruht, w\u00e4hrend das transzendente Wissen \u00fcber allem steht und der menschlichen Seele die Wirklichkeit offenbart. Dieses Wissen ist in der Lage, den Menschen zu transformieren und ihm den Weg zum spirituellen Fortschritt zu zeigen. Es ist ein wichtiges Element der traditionellen islamischen philosophischen Werte. Dieses Wertesystem verlangt von den religi\u00f6sen F\u00fchrern nicht nur, dass sie die traditionellen Dogmen und Lehren lehren, sondern auch, dass sie den Menschen helfen, die Quelle des transzendenten Wissens zu erreichen und eine neue Stufe der geistigen Entwicklung zu erreichen, indem sie ihre spirituelle Evolution unterst\u00fctzen.<\/p><\/div><\/div>\t\t\t\t\t\t\t\t<\/div>\n\t\t\t\t<\/div>\n\t\t\t\t\t<\/div>\n\t\t<\/div>\n\t\t\t\t<div class=\"elementor-column elementor-col-33 elementor-inner-column elementor-element elementor-element-0cbd83a\" data-id=\"0cbd83a\" data-element_type=\"column\" data-e-type=\"column\">\n\t\t\t<div class=\"elementor-widget-wrap elementor-element-populated\">\n\t\t\t\t\t\t<div class=\"elementor-element elementor-element-55e69cd elementor-widget elementor-widget-image\" data-id=\"55e69cd\" data-element_type=\"widget\" data-e-type=\"widget\" data-widget_type=\"image.default\">\n\t\t\t\t<div class=\"elementor-widget-container\">\n\t\t\t\t\t\t\t\t\t\t\t\t\t\t\t<img decoding=\"async\" width=\"721\" height=\"1024\" src=\"https:\/\/cedt.hu\/wp-content\/uploads\/2024\/10\/aranyalma_PLAKATALAP_logo_egetve_a3_arany_2_kicsi-1-721x1024.jpg\" class=\"attachment-large size-large wp-image-13380\" alt=\"\" srcset=\"https:\/\/cedt.hu\/wp-content\/uploads\/2024\/10\/aranyalma_PLAKATALAP_logo_egetve_a3_arany_2_kicsi-1-721x1024.jpg 721w, https:\/\/cedt.hu\/wp-content\/uploads\/2024\/10\/aranyalma_PLAKATALAP_logo_egetve_a3_arany_2_kicsi-1-211x300.jpg 211w, https:\/\/cedt.hu\/wp-content\/uploads\/2024\/10\/aranyalma_PLAKATALAP_logo_egetve_a3_arany_2_kicsi-1-768x1091.jpg 768w, https:\/\/cedt.hu\/wp-content\/uploads\/2024\/10\/aranyalma_PLAKATALAP_logo_egetve_a3_arany_2_kicsi-1-1081x1536.jpg 1081w, https:\/\/cedt.hu\/wp-content\/uploads\/2024\/10\/aranyalma_PLAKATALAP_logo_egetve_a3_arany_2_kicsi-1-1441x2048.jpg 1441w, https:\/\/cedt.hu\/wp-content\/uploads\/2024\/10\/aranyalma_PLAKATALAP_logo_egetve_a3_arany_2_kicsi-1-281x400.jpg 281w, https:\/\/cedt.hu\/wp-content\/uploads\/2024\/10\/aranyalma_PLAKATALAP_logo_egetve_a3_arany_2_kicsi-1-scaled.jpg 1801w\" sizes=\"(max-width: 721px) 100vw, 721px\" \/>\t\t\t\t\t\t\t\t\t\t\t\t\t\t\t<\/div>\n\t\t\t\t<\/div>\n\t\t\t\t\t<\/div>\n\t\t<\/div>\n\t\t\t\t\t<\/div>\n\t\t<\/section>\n\t\t\t\t<div class=\"elementor-element elementor-element-724ea917 elementor-widget elementor-widget-heading\" data-id=\"724ea917\" data-element_type=\"widget\" data-e-type=\"widget\" data-widget_type=\"heading.default\">\n\t\t\t\t<div class=\"elementor-widget-container\">\n\t\t\t\t\t<h2 class=\"elementor-heading-title elementor-size-default\">Sch\u00f6pfer<\/h2>\t\t\t\t<\/div>\n\t\t\t\t<\/div>\n\t\t\t\t<div class=\"elementor-element elementor-element-d6b9017 elementor-widget-divider--view-line elementor-widget elementor-widget-divider\" data-id=\"d6b9017\" data-element_type=\"widget\" data-e-type=\"widget\" data-widget_type=\"divider.default\">\n\t\t\t\t<div class=\"elementor-widget-container\">\n\t\t\t\t\t\t\t<div class=\"elementor-divider\">\n\t\t\t<span class=\"elementor-divider-separator\">\n\t\t\t\t\t\t<\/span>\n\t\t<\/div>\n\t\t\t\t\t\t<\/div>\n\t\t\t\t<\/div>\n\t\t\t\t<div class=\"elementor-element elementor-element-1dd1f3bb elementor-widget elementor-widget-text-editor\" data-id=\"1dd1f3bb\" data-element_type=\"widget\" data-e-type=\"widget\" data-widget_type=\"text-editor.default\">\n\t\t\t\t<div class=\"elementor-widget-container\">\n\t\t\t\t\t\t\t\t\t<div class=\"show-actors\"><div id=\"nested-actors\"><div class=\"show-actors\"><div id=\"nested-actors\"><div><h3>Choreograph<\/h3><ul><li>L\u00e1szl\u00f3 M\u00e1di<\/li><\/ul><\/div><div><h3>Musik-Editor<\/h3><ul><li>madla<\/li><\/ul><\/div><div><h3>Tanzk\u00fcnstler<\/h3><ul><li>Sinka L\u00eddia<\/li><li>R\u00e9ka Gyevn\u00e1r<\/li><li>G\u00e1bor Kindl<\/li><li>Edmond Kisbakonyi<\/li><li>Marcell Hov\u00e1n<\/li><li>Berta Pucsek<\/li><li>Gizella No\u00e9mi Nagy<\/li><\/ul><\/div><div><h3>Beitragende<\/h3><ul><li>Studentin der Ungarischen Universit\u00e4t f\u00fcr Tanz<\/li><li>Kuss Dorina<\/li><\/ul><\/div><\/div><\/div><\/div><\/div>\t\t\t\t\t\t\t\t<\/div>\n\t\t\t\t<\/div>\n\t\t\t\t<div class=\"elementor-element elementor-element-4030a43 elementor-widget elementor-widget-heading\" data-id=\"4030a43\" data-element_type=\"widget\" data-e-type=\"widget\" data-widget_type=\"heading.default\">\n\t\t\t\t<div class=\"elementor-widget-container\">\n\t\t\t\t\t<h2 class=\"elementor-heading-title elementor-size-default\">ARANYALMA - Die rote Frucht der Seele<\/h2>\t\t\t\t<\/div>\n\t\t\t\t<\/div>\n\t\t\t\t<div class=\"elementor-element elementor-element-15b93a8 elementor-widget elementor-widget-gallery\" data-id=\"15b93a8\" data-element_type=\"widget\" data-e-type=\"widget\" data-settings=\"{&quot;lazyload&quot;:&quot;yes&quot;,&quot;gallery_layout&quot;:&quot;grid&quot;,&quot;columns&quot;:4,&quot;columns_tablet&quot;:2,&quot;columns_mobile&quot;:1,&quot;gap&quot;:{&quot;unit&quot;:&quot;px&quot;,&quot;size&quot;:10,&quot;sizes&quot;:[]},&quot;gap_tablet&quot;:{&quot;unit&quot;:&quot;px&quot;,&quot;size&quot;:10,&quot;sizes&quot;:[]},&quot;gap_mobile&quot;:{&quot;unit&quot;:&quot;px&quot;,&quot;size&quot;:10,&quot;sizes&quot;:[]},&quot;link_to&quot;:&quot;file&quot;,&quot;aspect_ratio&quot;:&quot;3:2&quot;,&quot;overlay_background&quot;:&quot;yes&quot;,&quot;content_hover_animation&quot;:&quot;fade-in&quot;}\" data-widget_type=\"gallery.default\">\n\t\t\t\t<div class=\"elementor-widget-container\">\n\t\t\t\t\t\t\t<div class=\"elementor-gallery__container\">\n\t\t\t\t\t\t\t<a class=\"e-gallery-item elementor-gallery-item elementor-animated-content\" href=\"https:\/\/cedt.hu\/wp-content\/uploads\/2024\/09\/Alma_603.jpg\" data-elementor-open-lightbox=\"yes\" data-elementor-lightbox-slideshow=\"15b93a8\" data-elementor-lightbox-title=\"Alma_603\" data-e-action-hash=\"#elementor-action%3Aaction%3Dlightbox%26settings%3DeyJpZCI6MTM1ODksInVybCI6Imh0dHBzOlwvXC9jZWR0Lmh1XC93cC1jb250ZW50XC91cGxvYWRzXC8yMDI0XC8wOVwvQWxtYV82MDMuanBnIiwic2xpZGVzaG93IjoiMTViOTNhOCJ9\">\n\t\t\t\t\t<div class=\"e-gallery-image elementor-gallery-item__image\" data-thumbnail=\"https:\/\/cedt.hu\/wp-content\/uploads\/2024\/09\/Alma_603-300x200.jpg\" data-width=\"300\" data-height=\"200\" aria-label=\"\" role=\"img\" ><\/div>\n\t\t\t\t\t\t\t\t\t\t\t<div class=\"elementor-gallery-item__overlay\"><\/div>\n\t\t\t\t\t\t\t\t\t\t\t\t\t\t<\/a>\n\t\t\t\t\t\t\t<a class=\"e-gallery-item elementor-gallery-item elementor-animated-content\" href=\"https:\/\/cedt.hu\/wp-content\/uploads\/2024\/09\/Alma_598.jpg\" data-elementor-open-lightbox=\"yes\" data-elementor-lightbox-slideshow=\"15b93a8\" data-elementor-lightbox-title=\"Alma_598\" data-e-action-hash=\"#elementor-action%3Aaction%3Dlightbox%26settings%3DeyJpZCI6MTM1ODcsInVybCI6Imh0dHBzOlwvXC9jZWR0Lmh1XC93cC1jb250ZW50XC91cGxvYWRzXC8yMDI0XC8wOVwvQWxtYV81OTguanBnIiwic2xpZGVzaG93IjoiMTViOTNhOCJ9\">\n\t\t\t\t\t<div class=\"e-gallery-image elementor-gallery-item__image\" data-thumbnail=\"https:\/\/cedt.hu\/wp-content\/uploads\/2024\/09\/Alma_598-200x300.jpg\" data-width=\"200\" data-height=\"300\" aria-label=\"\" role=\"img\" ><\/div>\n\t\t\t\t\t\t\t\t\t\t\t<div class=\"elementor-gallery-item__overlay\"><\/div>\n\t\t\t\t\t\t\t\t\t\t\t\t\t\t<\/a>\n\t\t\t\t\t\t\t<a class=\"e-gallery-item elementor-gallery-item elementor-animated-content\" href=\"https:\/\/cedt.hu\/wp-content\/uploads\/2024\/09\/Alma_461.jpg\" data-elementor-open-lightbox=\"yes\" data-elementor-lightbox-slideshow=\"15b93a8\" data-elementor-lightbox-title=\"Alma_461\" data-e-action-hash=\"#elementor-action%3Aaction%3Dlightbox%26settings%3DeyJpZCI6MTM1NzMsInVybCI6Imh0dHBzOlwvXC9jZWR0Lmh1XC93cC1jb250ZW50XC91cGxvYWRzXC8yMDI0XC8wOVwvQWxtYV80NjEuanBnIiwic2xpZGVzaG93IjoiMTViOTNhOCJ9\">\n\t\t\t\t\t<div class=\"e-gallery-image elementor-gallery-item__image\" data-thumbnail=\"https:\/\/cedt.hu\/wp-content\/uploads\/2024\/09\/Alma_461-300x200.jpg\" data-width=\"300\" data-height=\"200\" aria-label=\"\" role=\"img\" ><\/div>\n\t\t\t\t\t\t\t\t\t\t\t<div class=\"elementor-gallery-item__overlay\"><\/div>\n\t\t\t\t\t\t\t\t\t\t\t\t\t\t<\/a>\n\t\t\t\t\t<\/div>\n\t\t\t\t\t<\/div>\n\t\t\t\t<\/div>\n\t\t\t\t\t<\/div>\n\t\t<\/div>\n\t\t\t\t\t<\/div>\n\t\t<\/section>\n\t\t\t\t<\/div>","protected":false},"excerpt":{"rendered":"<p>A Kizil Elma transzcendens gondolkod\u00e1s az iszl\u00e1m filoz\u00f3fiai hagyom\u00e1ny\u00e1ban szerepl\u0151 fogalom, amelyet az ir\u00e1ni iszl\u00e1m filoz\u00f3fus \u00e9s b\u00f6lcseleti gondolkod\u00f3, Molla Sadra al-Shirazi fejlesztett ki. A Kizil Elma sz\u00f3 szerinti ford\u00edt\u00e1sa \u201ev\u00f6r\u00f6s alma\u201d, de a filoz\u00f3fiai \u00e9rtelemben ink\u00e1bb a \u201etranszcendens gy\u00fcm\u00f6lcs\u201d vagy \u201etranszcendens tud\u00e1s\u201d jelent\u00e9s\u00e9t viseli. A Kizil Elma transzcendens gondolkod\u00e1s azt jelenti, hogy a tud\u00e1s [&hellip;]<\/p>\n","protected":false},"author":1,"featured_media":0,"parent":0,"menu_order":0,"comment_status":"closed","ping_status":"closed","template":"","meta":{"footnotes":""},"class_list":["post-19738","page","type-page","status-publish","hentry"],"_links":{"self":[{"href":"https:\/\/cedt.hu\/de\/wp-json\/wp\/v2\/pages\/19738","targetHints":{"allow":["GET"]}}],"collection":[{"href":"https:\/\/cedt.hu\/de\/wp-json\/wp\/v2\/pages"}],"about":[{"href":"https:\/\/cedt.hu\/de\/wp-json\/wp\/v2\/types\/page"}],"author":[{"embeddable":true,"href":"https:\/\/cedt.hu\/de\/wp-json\/wp\/v2\/users\/1"}],"replies":[{"embeddable":true,"href":"https:\/\/cedt.hu\/de\/wp-json\/wp\/v2\/comments?post=19738"}],"version-history":[{"count":0,"href":"https:\/\/cedt.hu\/de\/wp-json\/wp\/v2\/pages\/19738\/revisions"}],"wp:attachment":[{"href":"https:\/\/cedt.hu\/de\/wp-json\/wp\/v2\/media?parent=19738"}],"curies":[{"name":"wp","href":"https:\/\/api.w.org\/{rel}","templated":true}]}}