{"id":19680,"date":"2025-06-03T08:16:28","date_gmt":"2025-06-03T08:16:28","guid":{"rendered":"https:\/\/cedthu.rwpstaging.site\/?page_id=19680"},"modified":"2026-03-10T12:18:32","modified_gmt":"2026-03-10T12:18:32","slug":"aktualis-eloadasok","status":"publish","type":"page","link":"https:\/\/cedt.hu\/de\/aktualis-eloadasok\/","title":{"rendered":"Aktuelle Pr\u00e4sentationen"},"content":{"rendered":"<div data-elementor-type=\"wp-page\" data-elementor-id=\"19680\" class=\"elementor elementor-19680\" data-elementor-post-type=\"page\">\n\t\t\t\t\t\t<section class=\"elementor-section elementor-top-section elementor-element elementor-element-5ab6aa7f elementor-section-boxed elementor-section-height-default elementor-section-height-default\" data-id=\"5ab6aa7f\" data-element_type=\"section\" data-e-type=\"section\">\n\t\t\t\t\t\t<div class=\"elementor-container elementor-column-gap-default\">\n\t\t\t\t\t<div class=\"elementor-column elementor-col-100 elementor-top-column elementor-element elementor-element-20808a7\" data-id=\"20808a7\" data-element_type=\"column\" data-e-type=\"column\">\n\t\t\t<div class=\"elementor-widget-wrap elementor-element-populated\">\n\t\t\t\t\t\t<div class=\"elementor-element elementor-element-56b290b7 elementor-widget elementor-widget-text-editor\" data-id=\"56b290b7\" data-element_type=\"widget\" data-e-type=\"widget\" data-widget_type=\"text-editor.default\">\n\t\t\t\t<div class=\"elementor-widget-container\">\n\t\t\t\t\t\t\t\t\t<p>Unsere Reihe K-Faces ist eine au\u00dfergew\u00f6hnliche professionelle Initiative, die bereits drei erfolgreiche Spielzeiten hinter sich hat. Ziel der Reihe ist es, die Essenz des zeitgen\u00f6ssischen ungarischen Tanzes mit Hilfe von au\u00dfergew\u00f6hnlichen K\u00fcnstlern wie Anna R\u00e9ti, Adrienn H\u00f3d, G\u00e1bor Hal\u00e1sz und Attila Kun, Csaba Moln\u00e1r, M\u00e1t\u00e9 M\u00e9sz\u00e1ros, L\u00e1szl\u00f3 M\u00e1di, Bea Egyed, M\u00e1rta Ladj\u00e1nszki. Kl\u00e1ri Pataky oder Erika Vasas. Dank des Genres Solo offenbaren die Pr\u00e4senz des T\u00e4nzers auf der B\u00fchne und die Reaktionen des Choreographen auf die w\u00e4hrend des Probenprozesses vorgebrachten Ideen die Pers\u00f6nlichkeit des Darstellers und verwandeln so die gemeinsame Arbeit zweier kreativer Einheiten in eine einzige Karikatur, ein Portr\u00e4t.<\/p>\t\t\t\t\t\t\t\t<\/div>\n\t\t\t\t<\/div>\n\t\t\t\t\t<\/div>\n\t\t<\/div>\n\t\t\t\t\t<\/div>\n\t\t<\/section>\n\t\t\t\t<section class=\"elementor-section elementor-top-section elementor-element elementor-element-46c5cd87 elementor-section-content-middle elementor-section-boxed elementor-section-height-default elementor-section-height-default\" data-id=\"46c5cd87\" data-element_type=\"section\" data-e-type=\"section\">\n\t\t\t\t\t\t<div class=\"elementor-container elementor-column-gap-default\">\n\t\t\t\t\t<div class=\"elementor-column elementor-col-50 elementor-top-column elementor-element elementor-element-62882d4a\" data-id=\"62882d4a\" data-element_type=\"column\" data-e-type=\"column\">\n\t\t\t<div class=\"elementor-widget-wrap elementor-element-populated\">\n\t\t\t\t\t\t<div class=\"elementor-element elementor-element-5ea39dc7 elementor-widget elementor-widget-heading\" data-id=\"5ea39dc7\" data-element_type=\"widget\" data-e-type=\"widget\" data-widget_type=\"heading.default\">\n\t\t\t\t<div class=\"elementor-widget-container\">\n\t\t\t\t\t<h2 class=\"elementor-heading-title elementor-size-default\">TEMPO<\/h2>\t\t\t\t<\/div>\n\t\t\t\t<\/div>\n\t\t\t\t<div class=\"elementor-element elementor-element-79072f7 elementor-widget elementor-widget-heading\" data-id=\"79072f7\" data-element_type=\"widget\" data-e-type=\"widget\" data-widget_type=\"heading.default\">\n\t\t\t\t<div class=\"elementor-widget-container\">\n\t\t\t\t\t<h4 class=\"elementor-heading-title elementor-size-default\">Pr\u00e4sentation: 2026.03.06.<\/h4>\t\t\t\t<\/div>\n\t\t\t\t<\/div>\n\t\t\t\t<div class=\"elementor-element elementor-element-17ec39b5 elementor-blockquote--skin-quotation elementor-widget elementor-widget-blockquote\" data-id=\"17ec39b5\" data-element_type=\"widget\" data-e-type=\"widget\" data-widget_type=\"blockquote.default\">\n\t\t\t\t<div class=\"elementor-widget-container\">\n\t\t\t\t\t\t\t<blockquote class=\"elementor-blockquote\">\n\t\t\t<p class=\"elementor-blockquote__content\">\n\t\t\t\tErh\u00f6hen Sie das Tempo! Ausatmen-einatmen, ein Fu\u00df nach dem anderen. Schneller. Noch schneller. Aufpumpen und los! Wer gibt das Tempo f\u00fcr Sie vor? Ist das Tempo der Au\u00dfenwelt schneller oder langsamer als Ihr innerer Puls?\t\t\t<\/p>\n\t\t\t\t\t<\/blockquote>\n\t\t\t\t\t\t<\/div>\n\t\t\t\t<\/div>\n\t\t\t\t<div class=\"elementor-element elementor-element-6b046c06 elementor-widget elementor-widget-button\" data-id=\"6b046c06\" data-element_type=\"widget\" data-e-type=\"widget\" data-widget_type=\"button.default\">\n\t\t\t\t<div class=\"elementor-widget-container\">\n\t\t\t\t\t\t\t\t\t<div class=\"elementor-button-wrapper\">\n\t\t\t\t\t<a class=\"elementor-button elementor-button-link elementor-size-sm\" href=\"https:\/\/cedt.hu\/de\/gobi-rita-tempo\/\">\n\t\t\t\t\t\t<span class=\"elementor-button-content-wrapper\">\n\t\t\t\t\t\t\t\t\t<span class=\"elementor-button-text\">Ich bin interessiert an<\/span>\n\t\t\t\t\t<\/span>\n\t\t\t\t\t<\/a>\n\t\t\t\t<\/div>\n\t\t\t\t\t\t\t\t<\/div>\n\t\t\t\t<\/div>\n\t\t\t\t\t<\/div>\n\t\t<\/div>\n\t\t\t\t<div class=\"elementor-column elementor-col-50 elementor-top-column elementor-element elementor-element-b5b631d\" data-id=\"b5b631d\" data-element_type=\"column\" data-e-type=\"column\">\n\t\t\t<div class=\"elementor-widget-wrap elementor-element-populated\">\n\t\t\t\t\t\t<div class=\"elementor-element elementor-element-5831bda2 elementor-widget elementor-widget-image\" data-id=\"5831bda2\" data-element_type=\"widget\" data-e-type=\"widget\" data-widget_type=\"image.default\">\n\t\t\t\t<div class=\"elementor-widget-container\">\n\t\t\t\t\t\t\t\t\t\t\t\t\t\t\t<img fetchpriority=\"high\" decoding=\"async\" width=\"800\" height=\"983\" src=\"https:\/\/cedt.hu\/wp-content\/uploads\/2026\/02\/Gobi-Rita-833x1024.jpg\" class=\"attachment-large size-large wp-image-63265\" alt=\"\" srcset=\"https:\/\/cedt.hu\/wp-content\/uploads\/2026\/02\/Gobi-Rita-833x1024.jpg 833w, https:\/\/cedt.hu\/wp-content\/uploads\/2026\/02\/Gobi-Rita-244x300.jpg 244w, https:\/\/cedt.hu\/wp-content\/uploads\/2026\/02\/Gobi-Rita-768x944.jpg 768w, https:\/\/cedt.hu\/wp-content\/uploads\/2026\/02\/Gobi-Rita-10x12.jpg 10w, https:\/\/cedt.hu\/wp-content\/uploads\/2026\/02\/Gobi-Rita.jpg 976w\" sizes=\"(max-width: 800px) 100vw, 800px\" \/>\t\t\t\t\t\t\t\t\t\t\t\t\t\t\t<\/div>\n\t\t\t\t<\/div>\n\t\t\t\t\t<\/div>\n\t\t<\/div>\n\t\t\t\t\t<\/div>\n\t\t<\/section>\n\t\t\t\t<section class=\"elementor-section elementor-top-section elementor-element elementor-element-e55aa7b elementor-section-content-middle elementor-section-boxed elementor-section-height-default elementor-section-height-default\" data-id=\"e55aa7b\" data-element_type=\"section\" data-e-type=\"section\">\n\t\t\t\t\t\t<div class=\"elementor-container elementor-column-gap-default\">\n\t\t\t\t\t<div class=\"elementor-column elementor-col-50 elementor-top-column elementor-element elementor-element-9b0a089\" data-id=\"9b0a089\" data-element_type=\"column\" data-e-type=\"column\">\n\t\t\t<div class=\"elementor-widget-wrap elementor-element-populated\">\n\t\t\t\t\t\t<div class=\"elementor-element elementor-element-967921b elementor-widget elementor-widget-image\" data-id=\"967921b\" data-element_type=\"widget\" data-e-type=\"widget\" data-widget_type=\"image.default\">\n\t\t\t\t<div class=\"elementor-widget-container\">\n\t\t\t\t\t\t\t\t\t\t\t\t\t\t\t<img decoding=\"async\" width=\"800\" height=\"534\" src=\"https:\/\/cedt.hu\/wp-content\/uploads\/2026\/03\/Dokt_379-1024x683.jpg\" class=\"attachment-large size-large wp-image-63644\" alt=\"\" srcset=\"https:\/\/cedt.hu\/wp-content\/uploads\/2026\/03\/Dokt_379-1024x683.jpg 1024w, https:\/\/cedt.hu\/wp-content\/uploads\/2026\/03\/Dokt_379-300x200.jpg 300w, https:\/\/cedt.hu\/wp-content\/uploads\/2026\/03\/Dokt_379-768x512.jpg 768w, https:\/\/cedt.hu\/wp-content\/uploads\/2026\/03\/Dokt_379-1536x1025.jpg 1536w, https:\/\/cedt.hu\/wp-content\/uploads\/2026\/03\/Dokt_379-18x12.jpg 18w, https:\/\/cedt.hu\/wp-content\/uploads\/2026\/03\/Dokt_379.jpg 2000w\" sizes=\"(max-width: 800px) 100vw, 800px\" \/>\t\t\t\t\t\t\t\t\t\t\t\t\t\t\t<\/div>\n\t\t\t\t<\/div>\n\t\t\t\t\t<\/div>\n\t\t<\/div>\n\t\t\t\t<div class=\"elementor-column elementor-col-50 elementor-top-column elementor-element elementor-element-65ca34b\" data-id=\"65ca34b\" data-element_type=\"column\" data-e-type=\"column\">\n\t\t\t<div class=\"elementor-widget-wrap elementor-element-populated\">\n\t\t\t\t\t\t<div class=\"elementor-element elementor-element-afc9314 elementor-widget elementor-widget-heading\" data-id=\"afc9314\" data-element_type=\"widget\" data-e-type=\"widget\" data-widget_type=\"heading.default\">\n\t\t\t\t<div class=\"elementor-widget-container\">\n\t\t\t\t\t<h2 class=\"elementor-heading-title elementor-size-default\">Doktrin<\/h2>\t\t\t\t<\/div>\n\t\t\t\t<\/div>\n\t\t\t\t<div class=\"elementor-element elementor-element-912dbaf elementor-widget elementor-widget-heading\" data-id=\"912dbaf\" data-element_type=\"widget\" data-e-type=\"widget\" data-widget_type=\"heading.default\">\n\t\t\t\t<div class=\"elementor-widget-container\">\n\t\t\t\t\t<h4 class=\"elementor-heading-title elementor-size-default\">Pr\u00e4sentation: 27.03.2025.<\/h4>\t\t\t\t<\/div>\n\t\t\t\t<\/div>\n\t\t\t\t<div class=\"elementor-element elementor-element-3799e5e elementor-blockquote--skin-quotation elementor-widget elementor-widget-blockquote\" data-id=\"3799e5e\" data-element_type=\"widget\" data-e-type=\"widget\" data-widget_type=\"blockquote.default\">\n\t\t\t\t<div class=\"elementor-widget-container\">\n\t\t\t\t\t\t\t<blockquote class=\"elementor-blockquote\">\n\t\t\t<p class=\"elementor-blockquote__content\">\n\t\t\t\tDoctrina ist eine emotionale und intellektuelle Reise, bei der die Bewegungen und Gesten des K\u00f6rpers verborgene Schichten der Seele offenbaren. Bei der Auff\u00fchrung geht es nicht nur um den Selbstausdruck des T\u00e4nzers, sondern auch darum, wie er das Publikum dazu inspirieren kann, seine eigene innere Wahrheit und Doktrin zu formulieren.\t\t\t<\/p>\n\t\t\t\t\t<\/blockquote>\n\t\t\t\t\t\t<\/div>\n\t\t\t\t<\/div>\n\t\t\t\t<div class=\"elementor-element elementor-element-25f1011 elementor-widget elementor-widget-button\" data-id=\"25f1011\" data-element_type=\"widget\" data-e-type=\"widget\" data-widget_type=\"button.default\">\n\t\t\t\t<div class=\"elementor-widget-container\">\n\t\t\t\t\t\t\t\t\t<div class=\"elementor-button-wrapper\">\n\t\t\t\t\t<a class=\"elementor-button elementor-button-link elementor-size-sm\" href=\"https:\/\/cedt.hu\/de\/doktrina\/\">\n\t\t\t\t\t\t<span class=\"elementor-button-content-wrapper\">\n\t\t\t\t\t\t\t\t\t<span class=\"elementor-button-text\">Ich bin interessiert an<\/span>\n\t\t\t\t\t<\/span>\n\t\t\t\t\t<\/a>\n\t\t\t\t<\/div>\n\t\t\t\t\t\t\t\t<\/div>\n\t\t\t\t<\/div>\n\t\t\t\t\t<\/div>\n\t\t<\/div>\n\t\t\t\t\t<\/div>\n\t\t<\/section>\n\t\t\t\t<section class=\"elementor-section elementor-top-section elementor-element elementor-element-f59effb elementor-section-content-middle elementor-section-boxed elementor-section-height-default elementor-section-height-default\" data-id=\"f59effb\" data-element_type=\"section\" data-e-type=\"section\">\n\t\t\t\t\t\t<div class=\"elementor-container elementor-column-gap-default\">\n\t\t\t\t\t<div class=\"elementor-column elementor-col-50 elementor-top-column elementor-element elementor-element-32b4aa8\" data-id=\"32b4aa8\" data-element_type=\"column\" data-e-type=\"column\">\n\t\t\t<div class=\"elementor-widget-wrap elementor-element-populated\">\n\t\t\t\t\t\t<div class=\"elementor-element elementor-element-325713b elementor-widget elementor-widget-heading\" data-id=\"325713b\" data-element_type=\"widget\" data-e-type=\"widget\" data-widget_type=\"heading.default\">\n\t\t\t\t<div class=\"elementor-widget-container\">\n\t\t\t\t\t<h2 class=\"elementor-heading-title elementor-size-default\">Die vier Jahreszeiten<\/h2>\t\t\t\t<\/div>\n\t\t\t\t<\/div>\n\t\t\t\t<div class=\"elementor-element elementor-element-26e2cff elementor-widget elementor-widget-heading\" data-id=\"26e2cff\" data-element_type=\"widget\" data-e-type=\"widget\" data-widget_type=\"heading.default\">\n\t\t\t\t<div class=\"elementor-widget-container\">\n\t\t\t\t\t<h4 class=\"elementor-heading-title elementor-size-default\">Pr\u00e4sentation: 2025.02.07.<\/h4>\t\t\t\t<\/div>\n\t\t\t\t<\/div>\n\t\t\t\t<div class=\"elementor-element elementor-element-ca89c11 elementor-blockquote--skin-quotation elementor-widget elementor-widget-blockquote\" data-id=\"ca89c11\" data-element_type=\"widget\" data-e-type=\"widget\" data-widget_type=\"blockquote.default\">\n\t\t\t\t<div class=\"elementor-widget-container\">\n\t\t\t\t\t\t\t<blockquote class=\"elementor-blockquote\">\n\t\t\t<p class=\"elementor-blockquote__content\">\n\t\t\t\tDer Vortrag befasst sich mit existenziellen Fragen wie der Wiedergeburt im Leben, der Rolle des Einzelnen in der Gesellschaft, dem existenziellen Nutzen von Chaos und Harmonie.\t\t\t<\/p>\n\t\t\t\t\t<\/blockquote>\n\t\t\t\t\t\t<\/div>\n\t\t\t\t<\/div>\n\t\t\t\t<div class=\"elementor-element elementor-element-a030735 elementor-widget elementor-widget-button\" data-id=\"a030735\" data-element_type=\"widget\" data-e-type=\"widget\" data-widget_type=\"button.default\">\n\t\t\t\t<div class=\"elementor-widget-container\">\n\t\t\t\t\t\t\t\t\t<div class=\"elementor-button-wrapper\">\n\t\t\t\t\t<a class=\"elementor-button elementor-button-link elementor-size-sm\" href=\"https:\/\/cedt.hu\/de\/a-negy-evszak\/\">\n\t\t\t\t\t\t<span class=\"elementor-button-content-wrapper\">\n\t\t\t\t\t\t\t\t\t<span class=\"elementor-button-text\">Ich bin interessiert an<\/span>\n\t\t\t\t\t<\/span>\n\t\t\t\t\t<\/a>\n\t\t\t\t<\/div>\n\t\t\t\t\t\t\t\t<\/div>\n\t\t\t\t<\/div>\n\t\t\t\t\t<\/div>\n\t\t<\/div>\n\t\t\t\t<div class=\"elementor-column elementor-col-50 elementor-top-column elementor-element elementor-element-28ca695\" data-id=\"28ca695\" data-element_type=\"column\" data-e-type=\"column\">\n\t\t\t<div class=\"elementor-widget-wrap elementor-element-populated\">\n\t\t\t\t\t\t<div class=\"elementor-element elementor-element-d1ba462 elementor-widget elementor-widget-image\" data-id=\"d1ba462\" data-element_type=\"widget\" data-e-type=\"widget\" data-widget_type=\"image.default\">\n\t\t\t\t<div class=\"elementor-widget-container\">\n\t\t\t\t\t\t\t\t\t\t\t\t\t\t\t<img decoding=\"async\" width=\"800\" height=\"602\" src=\"https:\/\/cedt.hu\/wp-content\/uploads\/2024\/11\/Media-3-1-1024x770.jpg\" class=\"attachment-large size-large wp-image-14210\" alt=\"\" srcset=\"https:\/\/cedt.hu\/wp-content\/uploads\/2024\/11\/Media-3-1-1024x770.jpg 1024w, https:\/\/cedt.hu\/wp-content\/uploads\/2024\/11\/Media-3-1-300x226.jpg 300w, https:\/\/cedt.hu\/wp-content\/uploads\/2024\/11\/Media-3-1-768x578.jpg 768w, https:\/\/cedt.hu\/wp-content\/uploads\/2024\/11\/Media-3-1-400x301.jpg 400w, https:\/\/cedt.hu\/wp-content\/uploads\/2024\/11\/Media-3-1-20x15.jpg 20w, https:\/\/cedt.hu\/wp-content\/uploads\/2024\/11\/Media-3-1.jpg 1361w\" sizes=\"(max-width: 800px) 100vw, 800px\" \/>\t\t\t\t\t\t\t\t\t\t\t\t\t\t\t<\/div>\n\t\t\t\t<\/div>\n\t\t\t\t\t<\/div>\n\t\t<\/div>\n\t\t\t\t\t<\/div>\n\t\t<\/section>\n\t\t\t\t<section class=\"elementor-section elementor-top-section elementor-element elementor-element-10ae6b43 elementor-section-content-middle elementor-reverse-tablet elementor-reverse-mobile elementor-section-boxed elementor-section-height-default elementor-section-height-default\" data-id=\"10ae6b43\" data-element_type=\"section\" data-e-type=\"section\">\n\t\t\t\t\t\t<div class=\"elementor-container elementor-column-gap-default\">\n\t\t\t\t\t<div class=\"elementor-column elementor-col-50 elementor-top-column elementor-element elementor-element-2ab77ee\" data-id=\"2ab77ee\" data-element_type=\"column\" data-e-type=\"column\">\n\t\t\t<div class=\"elementor-widget-wrap elementor-element-populated\">\n\t\t\t\t\t\t<div class=\"elementor-element elementor-element-7ff4ff8 elementor-widget elementor-widget-image\" data-id=\"7ff4ff8\" data-element_type=\"widget\" data-e-type=\"widget\" data-widget_type=\"image.default\">\n\t\t\t\t<div class=\"elementor-widget-container\">\n\t\t\t\t\t\t\t\t\t\t\t\t\t\t\t<img loading=\"lazy\" decoding=\"async\" width=\"547\" height=\"820\" src=\"https:\/\/cedt.hu\/wp-content\/uploads\/2024\/03\/ff971cfb-860a-45c6-8b85-e2e40c1ad550-_1_.jpg\" class=\"attachment-large size-large wp-image-11747\" alt=\"\" srcset=\"https:\/\/cedt.hu\/wp-content\/uploads\/2024\/03\/ff971cfb-860a-45c6-8b85-e2e40c1ad550-_1_.jpg 547w, https:\/\/cedt.hu\/wp-content\/uploads\/2024\/03\/ff971cfb-860a-45c6-8b85-e2e40c1ad550-_1_-200x300.jpg 200w, https:\/\/cedt.hu\/wp-content\/uploads\/2024\/03\/ff971cfb-860a-45c6-8b85-e2e40c1ad550-_1_-267x400.jpg 267w, https:\/\/cedt.hu\/wp-content\/uploads\/2024\/03\/ff971cfb-860a-45c6-8b85-e2e40c1ad550-_1_-13x20.jpg 13w\" sizes=\"(max-width: 547px) 100vw, 547px\" \/>\t\t\t\t\t\t\t\t\t\t\t\t\t\t\t<\/div>\n\t\t\t\t<\/div>\n\t\t\t\t\t<\/div>\n\t\t<\/div>\n\t\t\t\t<div class=\"elementor-column elementor-col-50 elementor-top-column elementor-element elementor-element-13961260\" data-id=\"13961260\" data-element_type=\"column\" data-e-type=\"column\">\n\t\t\t<div class=\"elementor-widget-wrap elementor-element-populated\">\n\t\t\t\t\t\t<div class=\"elementor-element elementor-element-193e77e8 elementor-widget elementor-widget-heading\" data-id=\"193e77e8\" data-element_type=\"widget\" data-e-type=\"widget\" data-widget_type=\"heading.default\">\n\t\t\t\t<div class=\"elementor-widget-container\">\n\t\t\t\t\t<h2 class=\"elementor-heading-title elementor-size-default\">COCOBAB<\/h2>\t\t\t\t<\/div>\n\t\t\t\t<\/div>\n\t\t\t\t<div class=\"elementor-element elementor-element-49584b3 elementor-widget elementor-widget-heading\" data-id=\"49584b3\" data-element_type=\"widget\" data-e-type=\"widget\" data-widget_type=\"heading.default\">\n\t\t\t\t<div class=\"elementor-widget-container\">\n\t\t\t\t\t<h4 class=\"elementor-heading-title elementor-size-default\">Vorlage: 10.04.2024.<\/h4>\t\t\t\t<\/div>\n\t\t\t\t<\/div>\n\t\t\t\t<div class=\"elementor-element elementor-element-3bf96561 elementor-blockquote--skin-quotation elementor-widget elementor-widget-blockquote\" data-id=\"3bf96561\" data-element_type=\"widget\" data-e-type=\"widget\" data-widget_type=\"blockquote.default\">\n\t\t\t\t<div class=\"elementor-widget-container\">\n\t\t\t\t\t\t\t<blockquote class=\"elementor-blockquote\">\n\t\t\t<p class=\"elementor-blockquote__content\">\n\t\t\t\tIm Mittelpunkt steht der ber\u00fchmte und bekannte SpongeBob, der einen kleinen Jungen und ein kleines M\u00e4dchen auf spannende Abenteuer mitnimmt. Und neben dem Titelsong gibt es Klassiker wie Poppy's Dance, Marci dresses up und Dragonfly! Lustige Lieder, aufregende T\u00e4nzer und Spiele, die man mit den Kleinen spielen kann.\t\t\t<\/p>\n\t\t\t\t\t<\/blockquote>\n\t\t\t\t\t\t<\/div>\n\t\t\t\t<\/div>\n\t\t\t\t<div class=\"elementor-element elementor-element-51a4723f elementor-widget elementor-widget-button\" data-id=\"51a4723f\" data-element_type=\"widget\" data-e-type=\"widget\" data-widget_type=\"button.default\">\n\t\t\t\t<div class=\"elementor-widget-container\">\n\t\t\t\t\t\t\t\t\t<div class=\"elementor-button-wrapper\">\n\t\t\t\t\t<a class=\"elementor-button elementor-button-link elementor-size-sm\" href=\"https:\/\/cedt.hu\/de\/kocbaba\/\">\n\t\t\t\t\t\t<span class=\"elementor-button-content-wrapper\">\n\t\t\t\t\t\t\t\t\t<span class=\"elementor-button-text\">Ich bin interessiert an<\/span>\n\t\t\t\t\t<\/span>\n\t\t\t\t\t<\/a>\n\t\t\t\t<\/div>\n\t\t\t\t\t\t\t\t<\/div>\n\t\t\t\t<\/div>\n\t\t\t\t\t<\/div>\n\t\t<\/div>\n\t\t\t\t\t<\/div>\n\t\t<\/section>\n\t\t\t\t<\/div>","protected":false},"excerpt":{"rendered":"<p>K-Arcok c\u00edm\u0171 sorozatunk kiv\u00e9teles szakmai kezdem\u00e9nyez\u00e9s, mely h\u00e1rom sikeres \u00e9vadot tudhat maga m\u00f6g\u00f6tt. A sorozat c\u00e9lja, hogy lek\u00e9pezze a hazai kort\u00e1rst\u00e1nc esszenci\u00e1j\u00e1t olyan kiv\u00e9teles alkot\u00f3i egy\u00e9nis\u00e9gek seg\u00edts\u00e9g\u00e9vel, mint R\u00e9ti Anna, H\u00f3d Adrienn, Hal\u00e1sz G\u00e1bor \u00e9s Kun Attila, Moln\u00e1r Csaba, M\u00e9sz\u00e1ros M\u00e1t\u00e9, M\u00e1di L\u00e1szl\u00f3, Egyed Bea, Ladj\u00e1nszki M\u00e1rta. Pataky Kl\u00e1ri vagy Vasas Erika. A sz\u00f3l\u00f3 m\u0171faj\u00e1nak [&hellip;]<\/p>\n","protected":false},"author":1,"featured_media":0,"parent":0,"menu_order":0,"comment_status":"closed","ping_status":"closed","template":"","meta":{"footnotes":""},"class_list":["post-19680","page","type-page","status-publish","hentry"],"_links":{"self":[{"href":"https:\/\/cedt.hu\/de\/wp-json\/wp\/v2\/pages\/19680","targetHints":{"allow":["GET"]}}],"collection":[{"href":"https:\/\/cedt.hu\/de\/wp-json\/wp\/v2\/pages"}],"about":[{"href":"https:\/\/cedt.hu\/de\/wp-json\/wp\/v2\/types\/page"}],"author":[{"embeddable":true,"href":"https:\/\/cedt.hu\/de\/wp-json\/wp\/v2\/users\/1"}],"replies":[{"embeddable":true,"href":"https:\/\/cedt.hu\/de\/wp-json\/wp\/v2\/comments?post=19680"}],"version-history":[{"count":21,"href":"https:\/\/cedt.hu\/de\/wp-json\/wp\/v2\/pages\/19680\/revisions"}],"predecessor-version":[{"id":63725,"href":"https:\/\/cedt.hu\/de\/wp-json\/wp\/v2\/pages\/19680\/revisions\/63725"}],"wp:attachment":[{"href":"https:\/\/cedt.hu\/de\/wp-json\/wp\/v2\/media?parent=19680"}],"curies":[{"name":"wp","href":"https:\/\/api.w.org\/{rel}","templated":true}]}}