{"id":19533,"date":"2025-05-27T18:48:44","date_gmt":"2025-05-27T18:48:44","guid":{"rendered":"https:\/\/cedthu.rwpstaging.site\/?page_id=19533"},"modified":"2026-03-24T12:00:59","modified_gmt":"2026-03-24T12:00:59","slug":"dokumentumok-ket","status":"publish","type":"page","link":"https:\/\/cedt.hu\/de\/dokumentumok-ket\/","title":{"rendered":"Dokumente KET"},"content":{"rendered":"<div data-elementor-type=\"wp-page\" data-elementor-id=\"19533\" class=\"elementor elementor-19533\" data-elementor-post-type=\"page\">\n\t\t\t\t\t\t<section class=\"elementor-section elementor-top-section elementor-element elementor-element-28b4ba9 elementor-section-content-middle elementor-section-boxed elementor-section-height-default elementor-section-height-default\" data-id=\"28b4ba9\" data-element_type=\"section\" data-e-type=\"section\">\n\t\t\t\t\t\t<div class=\"elementor-container elementor-column-gap-default\">\n\t\t\t\t\t<div class=\"elementor-column elementor-col-50 elementor-top-column elementor-element elementor-element-88fda82\" data-id=\"88fda82\" data-element_type=\"column\" data-e-type=\"column\">\n\t\t\t<div class=\"elementor-widget-wrap elementor-element-populated\">\n\t\t\t\t\t\t<div class=\"elementor-element elementor-element-e070be8 elementor-widget elementor-widget-image\" data-id=\"e070be8\" data-element_type=\"widget\" data-e-type=\"widget\" data-widget_type=\"image.default\">\n\t\t\t\t<div class=\"elementor-widget-container\">\n\t\t\t\t\t\t\t\t\t\t\t\t\t\t\t\t<a href=\"https:\/\/cedthu.rwpstaging.site\/kozep-europa-tancszinhaz-alapitvany\/\">\n\t\t\t\t\t\t\t<img decoding=\"async\" src=\"https:\/\/cedt.hu\/wp-content\/uploads\/elementor\/thumbs\/KET-Alapitvany-Feher-r57kjr9f0wdn8so0af34t3m7t56s4xmoy4aakkog6a.png\" title=\"KET-Stiftung - Wei\u00df\" alt=\"KET Alap\u00edtv\u00e1ny - Feh\u00e9r\" loading=\"lazy\" \/>\t\t\t\t\t\t\t\t<\/a>\n\t\t\t\t\t\t\t\t\t\t\t\t\t\t\t<\/div>\n\t\t\t\t<\/div>\n\t\t\t\t<div class=\"elementor-element elementor-element-8b5b325 elementor-widget elementor-widget-heading\" data-id=\"8b5b325\" data-element_type=\"widget\" data-e-type=\"widget\" data-widget_type=\"heading.default\">\n\t\t\t\t<div class=\"elementor-widget-container\">\n\t\t\t\t\t<h4 class=\"elementor-heading-title elementor-size-default\">Stiftung Tanztheater Mitteleuropa<\/h4>\t\t\t\t<\/div>\n\t\t\t\t<\/div>\n\t\t\t\t<div class=\"elementor-element elementor-element-c6c7beb elementor-widget elementor-widget-button\" data-id=\"c6c7beb\" data-element_type=\"widget\" data-e-type=\"widget\" data-widget_type=\"button.default\">\n\t\t\t\t<div class=\"elementor-widget-container\">\n\t\t\t\t\t\t\t\t\t<div class=\"elementor-button-wrapper\">\n\t\t\t\t\t<a class=\"elementor-button elementor-button-link elementor-size-sm\" href=\"https:\/\/cedt.hu\/de\/kozep-europa-tancszinhaz-alapitvany\/\">\n\t\t\t\t\t\t<span class=\"elementor-button-content-wrapper\">\n\t\t\t\t\t\t\t\t\t<span class=\"elementor-button-text\">Klicken Sie hier<\/span>\n\t\t\t\t\t<\/span>\n\t\t\t\t\t<\/a>\n\t\t\t\t<\/div>\n\t\t\t\t\t\t\t\t<\/div>\n\t\t\t\t<\/div>\n\t\t\t\t\t<\/div>\n\t\t<\/div>\n\t\t\t\t<div class=\"elementor-column elementor-col-50 elementor-top-column elementor-element elementor-element-8bcefab\" data-id=\"8bcefab\" data-element_type=\"column\" data-e-type=\"column\">\n\t\t\t<div class=\"elementor-widget-wrap elementor-element-populated\">\n\t\t\t\t\t\t<div class=\"elementor-element elementor-element-9b45b5f elementor-widget elementor-widget-image\" data-id=\"9b45b5f\" data-element_type=\"widget\" data-e-type=\"widget\" data-widget_type=\"image.default\">\n\t\t\t\t<div class=\"elementor-widget-container\">\n\t\t\t\t\t\t\t\t\t\t\t\t\t\t\t\t<a href=\"https:\/\/cedthu.rwpstaging.site\/kozep-europa-tancszinhaz-egyesulet\/\">\n\t\t\t\t\t\t\t<img fetchpriority=\"high\" decoding=\"async\" width=\"300\" height=\"326\" src=\"https:\/\/cedt.hu\/wp-content\/uploads\/2024\/03\/cropped-KET-NYomda-logo2.png\" class=\"attachment-large size-large wp-image-11762\" alt=\"\" srcset=\"https:\/\/cedt.hu\/wp-content\/uploads\/2024\/03\/cropped-KET-NYomda-logo2.png 300w, https:\/\/cedt.hu\/wp-content\/uploads\/2024\/03\/cropped-KET-NYomda-logo2-276x300.png 276w\" sizes=\"(max-width: 300px) 100vw, 300px\" \/>\t\t\t\t\t\t\t\t<\/a>\n\t\t\t\t\t\t\t\t\t\t\t\t\t\t\t<\/div>\n\t\t\t\t<\/div>\n\t\t\t\t<div class=\"elementor-element elementor-element-cd31065 elementor-widget elementor-widget-heading\" data-id=\"cd31065\" data-element_type=\"widget\" data-e-type=\"widget\" data-widget_type=\"heading.default\">\n\t\t\t\t<div class=\"elementor-widget-container\">\n\t\t\t\t\t<h4 class=\"elementor-heading-title elementor-size-default\">Mitteleurop\u00e4ischer Tanztheaterverband<\/h4>\t\t\t\t<\/div>\n\t\t\t\t<\/div>\n\t\t\t\t<div class=\"elementor-element elementor-element-54cf21e elementor-widget elementor-widget-button\" data-id=\"54cf21e\" data-element_type=\"widget\" data-e-type=\"widget\" data-widget_type=\"button.default\">\n\t\t\t\t<div class=\"elementor-widget-container\">\n\t\t\t\t\t\t\t\t\t<div class=\"elementor-button-wrapper\">\n\t\t\t\t\t<a class=\"elementor-button elementor-button-link elementor-size-sm\" href=\"https:\/\/cedt.hu\/de\/kozep-europa-tancszinhaz-egyesulet\/\">\n\t\t\t\t\t\t<span class=\"elementor-button-content-wrapper\">\n\t\t\t\t\t\t\t\t\t<span class=\"elementor-button-text\">Klicken Sie hier<\/span>\n\t\t\t\t\t<\/span>\n\t\t\t\t\t<\/a>\n\t\t\t\t<\/div>\n\t\t\t\t\t\t\t\t<\/div>\n\t\t\t\t<\/div>\n\t\t\t\t\t<\/div>\n\t\t<\/div>\n\t\t\t\t\t<\/div>\n\t\t<\/section>\n\t\t\t\t<\/div>","protected":false},"excerpt":{"rendered":"<p>K\u00f6z\u00e9p-Eur\u00f3pa T\u00e1ncsz\u00ednh\u00e1z Alap\u00edtv\u00e1ny Kattints ide K\u00f6z\u00e9p-Eur\u00f3pa T\u00e1ncsz\u00ednh\u00e1z Egyes\u00fclet Kattints ide<\/p>","protected":false},"author":1,"featured_media":0,"parent":0,"menu_order":0,"comment_status":"closed","ping_status":"closed","template":"","meta":{"footnotes":""},"class_list":["post-19533","page","type-page","status-publish","hentry"],"_links":{"self":[{"href":"https:\/\/cedt.hu\/de\/wp-json\/wp\/v2\/pages\/19533","targetHints":{"allow":["GET"]}}],"collection":[{"href":"https:\/\/cedt.hu\/de\/wp-json\/wp\/v2\/pages"}],"about":[{"href":"https:\/\/cedt.hu\/de\/wp-json\/wp\/v2\/types\/page"}],"author":[{"embeddable":true,"href":"https:\/\/cedt.hu\/de\/wp-json\/wp\/v2\/users\/1"}],"replies":[{"embeddable":true,"href":"https:\/\/cedt.hu\/de\/wp-json\/wp\/v2\/comments?post=19533"}],"version-history":[{"count":6,"href":"https:\/\/cedt.hu\/de\/wp-json\/wp\/v2\/pages\/19533\/revisions"}],"predecessor-version":[{"id":63872,"href":"https:\/\/cedt.hu\/de\/wp-json\/wp\/v2\/pages\/19533\/revisions\/63872"}],"wp:attachment":[{"href":"https:\/\/cedt.hu\/de\/wp-json\/wp\/v2\/media?parent=19533"}],"curies":[{"name":"wp","href":"https:\/\/api.w.org\/{rel}","templated":true}]}}