{"id":18856,"date":"2025-05-15T17:45:08","date_gmt":"2025-05-15T17:45:08","guid":{"rendered":"https:\/\/cedthu.rwpstaging.site\/?page_id=18856"},"modified":"2025-05-15T17:46:50","modified_gmt":"2025-05-15T17:46:50","slug":"iv-ikf-tehetsegprogram-grecso-zoltan","status":"publish","type":"page","link":"https:\/\/cedt.hu\/de\/iv-ikf-tehetsegprogram-grecso-zoltan\/","title":{"rendered":"IV IKF-Talentprogramm - GRECS\u00d3 ZOLT\u00c1N"},"content":{"rendered":"<div data-elementor-type=\"wp-page\" data-elementor-id=\"18856\" class=\"elementor elementor-18856\" data-elementor-post-type=\"page\">\n\t\t\t\t\t\t<section class=\"elementor-section elementor-top-section elementor-element elementor-element-3443e240 elementor-section-boxed elementor-section-height-default elementor-section-height-default\" data-id=\"3443e240\" data-element_type=\"section\" data-e-type=\"section\" data-settings=\"{&quot;background_background&quot;:&quot;classic&quot;}\">\n\t\t\t\t\t\t<div class=\"elementor-container elementor-column-gap-default\">\n\t\t\t\t\t<div class=\"elementor-column elementor-col-100 elementor-top-column elementor-element elementor-element-3b2fe0a1\" data-id=\"3b2fe0a1\" data-element_type=\"column\" data-e-type=\"column\">\n\t\t\t<div class=\"elementor-widget-wrap elementor-element-populated\">\n\t\t\t\t\t\t<div class=\"elementor-element elementor-element-573ffdfd elementor-widget elementor-widget-image\" data-id=\"573ffdfd\" data-element_type=\"widget\" data-e-type=\"widget\" data-widget_type=\"image.default\">\n\t\t\t\t<div class=\"elementor-widget-container\">\n\t\t\t\t\t\t\t\t\t\t\t\t\t\t\t<img fetchpriority=\"high\" decoding=\"async\" width=\"300\" height=\"420\" src=\"https:\/\/cedt.hu\/wp-content\/uploads\/2017\/02\/Grecs\u00f3-Zolt\u00e1n.jpg\" class=\"attachment-full size-full wp-image-2968\" alt=\"\" srcset=\"https:\/\/cedt.hu\/wp-content\/uploads\/2017\/02\/Grecs\u00f3-Zolt\u00e1n.jpg 300w, https:\/\/cedt.hu\/wp-content\/uploads\/2017\/02\/Grecs\u00f3-Zolt\u00e1n-214x300.jpg 214w, https:\/\/cedt.hu\/wp-content\/uploads\/2017\/02\/Grecs\u00f3-Zolt\u00e1n-286x400.jpg 286w, https:\/\/cedt.hu\/wp-content\/uploads\/2017\/02\/Grecs\u00f3-Zolt\u00e1n-14x20.jpg 14w\" sizes=\"(max-width: 300px) 100vw, 300px\" \/>\t\t\t\t\t\t\t\t\t\t\t\t\t\t\t<\/div>\n\t\t\t\t<\/div>\n\t\t\t\t<div class=\"elementor-element elementor-element-68a826b4 elementor-widget elementor-widget-text-editor\" data-id=\"68a826b4\" data-element_type=\"widget\" data-e-type=\"widget\" data-widget_type=\"text-editor.default\">\n\t\t\t\t<div class=\"elementor-widget-container\">\n\t\t\t\t\t\t\t\t\t<div class=\"x11i5rnm xat24cr x1mh8g0r x1vvkbs xtlvy1s\"><div class=\"show-description\">Grecs\u00f3 Zolt\u00e1n a Duda \u00c9va T\u00e1rsulat t\u00e1ncosa, a Sz\u00ednh\u00e1z \u00e9s Filmm\u00fbv\u00e9szeti Egyetem t\u00e1ncpedag\u00f3gusa, szabad\u00fasz\u00f3 koreogr\u00e1fus, a Willany Le\u00f3 Improviz\u00e1ci\u00f3s T\u00e1ncsz\u00ednh\u00e1z vezet\u00f5je. Sz\u00e1mos magyar \u00e9s k\u00fclf\u00f6ldi koreogr\u00e1fussal dolgozott egy\u00fctt, mint Fren\u00e1k P\u00e1l, Goda G\u00e1bor, Anna Tente, Lionel Hoche, Stefanie Batten Bland. Id\u00e9n F\u00fcl\u00f6p Viktor-\u00f6szt\u00f6nd\u00edjban r\u00e9szes\u00fclt.<br \/>A Nemzeti Kultur\u00e1lis Alap Imre Zolt\u00e1n Program t\u00e1mogat\u00e1s\u00e1val.<\/div><\/div>\t\t\t\t\t\t\t\t<\/div>\n\t\t\t\t<\/div>\n\t\t\t\t<div class=\"elementor-element elementor-element-5a781ffc elementor-widget elementor-widget-heading\" data-id=\"5a781ffc\" data-element_type=\"widget\" data-e-type=\"widget\" data-widget_type=\"heading.default\">\n\t\t\t\t<div class=\"elementor-widget-container\">\n\t\t\t\t\t<h2 class=\"elementor-heading-title elementor-size-default\">Sch\u00f6pfer<\/h2>\t\t\t\t<\/div>\n\t\t\t\t<\/div>\n\t\t\t\t<div class=\"elementor-element elementor-element-32129819 elementor-widget-divider--view-line elementor-widget elementor-widget-divider\" data-id=\"32129819\" data-element_type=\"widget\" data-e-type=\"widget\" data-widget_type=\"divider.default\">\n\t\t\t\t<div class=\"elementor-widget-container\">\n\t\t\t\t\t\t\t<div class=\"elementor-divider\">\n\t\t\t<span class=\"elementor-divider-separator\">\n\t\t\t\t\t\t<\/span>\n\t\t<\/div>\n\t\t\t\t\t\t<\/div>\n\t\t\t\t<\/div>\n\t\t\t\t<div class=\"elementor-element elementor-element-28bb27f elementor-widget elementor-widget-text-editor\" data-id=\"28bb27f\" data-element_type=\"widget\" data-e-type=\"widget\" data-widget_type=\"text-editor.default\">\n\t\t\t\t<div class=\"elementor-widget-container\">\n\t\t\t\t\t\t\t\t\t<div class=\"show-actors\"><div id=\"nested-actors\"><div class=\"show-actors\"><div id=\"nested-actors\"><div><h3>Choreograph<\/h3><ul><li>Grecs\u00f3 Zolt\u00e1n<\/li><\/ul><\/div><div><h3>Licht<\/h3><ul><li>Zolt\u00e1n Fogarasi<\/li><\/ul><\/div><div><h3>Konzult\u00e1ns<\/h3><ul><li>Als Attila<\/li><\/ul><\/div><div><h3>Vortragende<\/h3><ul><li>Mariann Hargitai<\/li><li>Adrienn Horv\u00e1th<\/li><li>Zsanett Jakab<\/li><li>Palcs\u00f3 N\u00f3ra<\/li><li>\u00c1d\u00e1m Frigy<\/li><li>G\u00e1bor Ivanov<\/li><li>Kov\u00e1cs P\u00e9ter<\/li><li>L\u00e1szl\u00f3 M\u00e1di<\/li><\/ul><\/div><\/div><\/div><\/div><\/div>\t\t\t\t\t\t\t\t<\/div>\n\t\t\t\t<\/div>\n\t\t\t\t<div class=\"elementor-element elementor-element-154e210a elementor-widget elementor-widget-heading\" data-id=\"154e210a\" data-element_type=\"widget\" data-e-type=\"widget\" data-widget_type=\"heading.default\">\n\t\t\t\t<div class=\"elementor-widget-container\">\n\t\t\t\t\t<h2 class=\"elementor-heading-title elementor-size-default\">IV IKF-Talentprogramm - GRECS\u00d3 ZOLT\u00c1N<\/h2>\t\t\t\t<\/div>\n\t\t\t\t<\/div>\n\t\t\t\t<div class=\"elementor-element elementor-element-6060c3ea elementor-widget elementor-widget-gallery\" data-id=\"6060c3ea\" data-element_type=\"widget\" data-e-type=\"widget\" data-settings=\"{&quot;columns&quot;:3,&quot;lazyload&quot;:&quot;yes&quot;,&quot;gallery_layout&quot;:&quot;grid&quot;,&quot;columns_tablet&quot;:2,&quot;columns_mobile&quot;:1,&quot;gap&quot;:{&quot;unit&quot;:&quot;px&quot;,&quot;size&quot;:10,&quot;sizes&quot;:[]},&quot;gap_tablet&quot;:{&quot;unit&quot;:&quot;px&quot;,&quot;size&quot;:10,&quot;sizes&quot;:[]},&quot;gap_mobile&quot;:{&quot;unit&quot;:&quot;px&quot;,&quot;size&quot;:10,&quot;sizes&quot;:[]},&quot;link_to&quot;:&quot;file&quot;,&quot;aspect_ratio&quot;:&quot;3:2&quot;,&quot;overlay_background&quot;:&quot;yes&quot;,&quot;content_hover_animation&quot;:&quot;fade-in&quot;}\" data-widget_type=\"gallery.default\">\n\t\t\t\t<div class=\"elementor-widget-container\">\n\t\t\t\t\t\t\t<div class=\"elementor-gallery__container\">\n\t\t\t\t\t\t\t<a class=\"e-gallery-item elementor-gallery-item elementor-animated-content\" href=\"https:\/\/cedt.hu\/wp-content\/uploads\/2017\/02\/foto_1008.jpg\" data-elementor-open-lightbox=\"yes\" data-elementor-lightbox-slideshow=\"6060c3ea\" data-elementor-lightbox-title=\"foto_1008\" data-elementor-lightbox-description=\"Dusa G\u00e1bor \/ Gabor Dusa\" data-e-action-hash=\"#elementor-action%3Aaction%3Dlightbox%26settings%3DeyJpZCI6MTg2MSwidXJsIjoiaHR0cHM6XC9cL2NlZHQuaHVcL3dwLWNvbnRlbnRcL3VwbG9hZHNcLzIwMTdcLzAyXC9mb3RvXzEwMDguanBnIiwic2xpZGVzaG93IjoiNjA2MGMzZWEifQ%3D%3D\">\n\t\t\t\t\t<div class=\"e-gallery-image elementor-gallery-item__image\" data-thumbnail=\"https:\/\/cedt.hu\/wp-content\/uploads\/2017\/02\/foto_1008-300x200.jpg\" data-width=\"300\" data-height=\"200\" aria-label=\"\" role=\"img\" ><\/div>\n\t\t\t\t\t\t\t\t\t\t\t<div class=\"elementor-gallery-item__overlay\"><\/div>\n\t\t\t\t\t\t\t\t\t\t\t\t\t\t<\/a>\n\t\t\t\t\t\t\t<a class=\"e-gallery-item elementor-gallery-item elementor-animated-content\" href=\"https:\/\/cedt.hu\/wp-content\/uploads\/2017\/02\/foto_1009.jpg\" data-elementor-open-lightbox=\"yes\" data-elementor-lightbox-slideshow=\"6060c3ea\" data-elementor-lightbox-title=\"foto_1009\" data-elementor-lightbox-description=\"Dusa G\u00e1bor \/ Gabor Dusa\" data-e-action-hash=\"#elementor-action%3Aaction%3Dlightbox%26settings%3DeyJpZCI6MTg2MiwidXJsIjoiaHR0cHM6XC9cL2NlZHQuaHVcL3dwLWNvbnRlbnRcL3VwbG9hZHNcLzIwMTdcLzAyXC9mb3RvXzEwMDkuanBnIiwic2xpZGVzaG93IjoiNjA2MGMzZWEifQ%3D%3D\">\n\t\t\t\t\t<div class=\"e-gallery-image elementor-gallery-item__image\" data-thumbnail=\"https:\/\/cedt.hu\/wp-content\/uploads\/2017\/02\/foto_1009-300x106.jpg\" data-width=\"300\" data-height=\"106\" aria-label=\"\" role=\"img\" ><\/div>\n\t\t\t\t\t\t\t\t\t\t\t<div class=\"elementor-gallery-item__overlay\"><\/div>\n\t\t\t\t\t\t\t\t\t\t\t\t\t\t<\/a>\n\t\t\t\t\t\t\t<a class=\"e-gallery-item elementor-gallery-item elementor-animated-content\" href=\"https:\/\/cedt.hu\/wp-content\/uploads\/2017\/02\/foto_1001.jpg\" data-elementor-open-lightbox=\"yes\" data-elementor-lightbox-slideshow=\"6060c3ea\" data-elementor-lightbox-title=\"foto_1001\" data-elementor-lightbox-description=\"Dusa G\u00e1bor \/ Gabor Dusa\" data-e-action-hash=\"#elementor-action%3Aaction%3Dlightbox%26settings%3DeyJpZCI6MTg2MywidXJsIjoiaHR0cHM6XC9cL2NlZHQuaHVcL3dwLWNvbnRlbnRcL3VwbG9hZHNcLzIwMTdcLzAyXC9mb3RvXzEwMDEuanBnIiwic2xpZGVzaG93IjoiNjA2MGMzZWEifQ%3D%3D\">\n\t\t\t\t\t<div class=\"e-gallery-image elementor-gallery-item__image\" data-thumbnail=\"https:\/\/cedt.hu\/wp-content\/uploads\/2017\/02\/foto_1001-300x143.jpg\" data-width=\"300\" data-height=\"143\" aria-label=\"\" role=\"img\" ><\/div>\n\t\t\t\t\t\t\t\t\t\t\t<div class=\"elementor-gallery-item__overlay\"><\/div>\n\t\t\t\t\t\t\t\t\t\t\t\t\t\t<\/a>\n\t\t\t\t\t<\/div>\n\t\t\t\t\t<\/div>\n\t\t\t\t<\/div>\n\t\t\t\t\t<\/div>\n\t\t<\/div>\n\t\t\t\t\t<\/div>\n\t\t<\/section>\n\t\t\t\t<\/div>","protected":false},"excerpt":{"rendered":"<p>Grecs\u00f3 Zolt\u00e1n a Duda \u00c9va T\u00e1rsulat t\u00e1ncosa, a Sz\u00ednh\u00e1z \u00e9s Filmm\u00fbv\u00e9szeti Egyetem t\u00e1ncpedag\u00f3gusa, szabad\u00fasz\u00f3 koreogr\u00e1fus, a Willany Le\u00f3 Improviz\u00e1ci\u00f3s T\u00e1ncsz\u00ednh\u00e1z vezet\u00f5je. Sz\u00e1mos magyar \u00e9s k\u00fclf\u00f6ldi koreogr\u00e1fussal dolgozott egy\u00fctt, mint Fren\u00e1k P\u00e1l, Goda G\u00e1bor, Anna Tente, Lionel Hoche, Stefanie Batten Bland. Id\u00e9n F\u00fcl\u00f6p Viktor-\u00f6szt\u00f6nd\u00edjban r\u00e9szes\u00fclt.A Nemzeti Kultur\u00e1lis Alap Imre Zolt\u00e1n Program t\u00e1mogat\u00e1s\u00e1val. alkot\u00f3k Koreogr\u00e1fus Grecs\u00f3 Zolt\u00e1n [&hellip;]<\/p>\n","protected":false},"author":1,"featured_media":0,"parent":0,"menu_order":0,"comment_status":"closed","ping_status":"closed","template":"elementor_header_footer","meta":{"footnotes":""},"class_list":["post-18856","page","type-page","status-publish","hentry"],"_links":{"self":[{"href":"https:\/\/cedt.hu\/de\/wp-json\/wp\/v2\/pages\/18856","targetHints":{"allow":["GET"]}}],"collection":[{"href":"https:\/\/cedt.hu\/de\/wp-json\/wp\/v2\/pages"}],"about":[{"href":"https:\/\/cedt.hu\/de\/wp-json\/wp\/v2\/types\/page"}],"author":[{"embeddable":true,"href":"https:\/\/cedt.hu\/de\/wp-json\/wp\/v2\/users\/1"}],"replies":[{"embeddable":true,"href":"https:\/\/cedt.hu\/de\/wp-json\/wp\/v2\/comments?post=18856"}],"version-history":[{"count":0,"href":"https:\/\/cedt.hu\/de\/wp-json\/wp\/v2\/pages\/18856\/revisions"}],"wp:attachment":[{"href":"https:\/\/cedt.hu\/de\/wp-json\/wp\/v2\/media?parent=18856"}],"curies":[{"name":"wp","href":"https:\/\/api.w.org\/{rel}","templated":true}]}}