{"id":18644,"date":"2025-05-15T17:23:31","date_gmt":"2025-05-15T17:23:31","guid":{"rendered":"https:\/\/cedthu.rwpstaging.site\/?page_id=18644"},"modified":"2025-05-15T17:25:14","modified_gmt":"2025-05-15T17:25:14","slug":"xi-ikf-tehetsegprogram-simko-beatrix","status":"publish","type":"page","link":"https:\/\/cedt.hu\/de\/xi-ikf-tehetsegprogram-simko-beatrix\/","title":{"rendered":"XI IKF-Talentprogramm - Simk\u00f3 Beatrix"},"content":{"rendered":"<div data-elementor-type=\"wp-page\" data-elementor-id=\"18644\" class=\"elementor elementor-18644\" data-elementor-post-type=\"page\">\n\t\t\t\t\t\t<section class=\"elementor-section elementor-top-section elementor-element elementor-element-3b97ce45 elementor-section-boxed elementor-section-height-default elementor-section-height-default\" data-id=\"3b97ce45\" data-element_type=\"section\" data-e-type=\"section\" data-settings=\"{&quot;background_background&quot;:&quot;classic&quot;}\">\n\t\t\t\t\t\t<div class=\"elementor-container elementor-column-gap-default\">\n\t\t\t\t\t<div class=\"elementor-column elementor-col-100 elementor-top-column elementor-element elementor-element-4aaea3d6\" data-id=\"4aaea3d6\" data-element_type=\"column\" data-e-type=\"column\">\n\t\t\t<div class=\"elementor-widget-wrap elementor-element-populated\">\n\t\t\t\t\t\t<div class=\"elementor-element elementor-element-661380e7 elementor-widget elementor-widget-image\" data-id=\"661380e7\" data-element_type=\"widget\" data-e-type=\"widget\" data-widget_type=\"image.default\">\n\t\t\t\t<div class=\"elementor-widget-container\">\n\t\t\t\t\t\t\t\t\t\t\t\t\t\t\t<img fetchpriority=\"high\" decoding=\"async\" width=\"872\" height=\"768\" src=\"https:\/\/cedt.hu\/wp-content\/uploads\/2017\/02\/Simk\u00f3-Beatrix-fot\u00f3_D\u00f6m\u00f6lky-D\u00e1niel.jpg\" class=\"attachment-full size-full wp-image-4315\" alt=\"\" srcset=\"https:\/\/cedt.hu\/wp-content\/uploads\/2017\/02\/Simk\u00f3-Beatrix-fot\u00f3_D\u00f6m\u00f6lky-D\u00e1niel.jpg 872w, https:\/\/cedt.hu\/wp-content\/uploads\/2017\/02\/Simk\u00f3-Beatrix-fot\u00f3_D\u00f6m\u00f6lky-D\u00e1niel-300x264.jpg 300w, https:\/\/cedt.hu\/wp-content\/uploads\/2017\/02\/Simk\u00f3-Beatrix-fot\u00f3_D\u00f6m\u00f6lky-D\u00e1niel-768x676.jpg 768w, https:\/\/cedt.hu\/wp-content\/uploads\/2017\/02\/Simk\u00f3-Beatrix-fot\u00f3_D\u00f6m\u00f6lky-D\u00e1niel-400x352.jpg 400w, https:\/\/cedt.hu\/wp-content\/uploads\/2017\/02\/Simk\u00f3-Beatrix-fot\u00f3_D\u00f6m\u00f6lky-D\u00e1niel-20x18.jpg 20w\" sizes=\"(max-width: 872px) 100vw, 872px\" \/>\t\t\t\t\t\t\t\t\t\t\t\t\t\t\t<\/div>\n\t\t\t\t<\/div>\n\t\t\t\t<div class=\"elementor-element elementor-element-1eeedcf7 elementor-widget elementor-widget-text-editor\" data-id=\"1eeedcf7\" data-element_type=\"widget\" data-e-type=\"widget\" data-widget_type=\"text-editor.default\">\n\t\t\t\t<div class=\"elementor-widget-container\">\n\t\t\t\t\t\t\t\t\t<div class=\"x11i5rnm xat24cr x1mh8g0r x1vvkbs xtlvy1s\"><div class=\"show-description\"><p>A KET IKF p\u00e1ly\u00e1zat\u00e1nak keret\u00e9ben id\u00e9n is lehet\u0151s\u00e9get kap h\u00e1rom fiatal a bemutatkoz\u00e1sra, k\u00f6zt\u00fck Simk\u00f3 Beatrix, aki Kereng\u0151 c. koncepci\u00f3j\u00e1t k\u00e9sz\u00edti el a t\u00e1rsulat t\u00e1ncm\u0171v\u00e9szeivel.<\/p><p>Kereng\u0151<\/p><p>\u201eA Kereng\u0151 koncepci\u00f3j\u00e1t Samuel Beckett sz\u00f6vegn\u00e9lk\u00fcli darabjai inspir\u00e1lt\u00e1k.<\/p><p>Bizonyos mozg\u00e1sk\u00e9pleteken \u00e9s mint\u00e1kon kereszt\u00fcl, hogyan lehet azok minimaliza\u0301lt varia\u0301cio\u0301it adott szem\u00e9lyekre alkalmazni. Az ism\u00e9tl\u00e9s, a szerkesztettse\u0301g e\u0301s a to\u0308meg mozgata\u0301sa egyszerre jelenik meg mint feladat, s ezek gyakorlati megvalo\u0301si\u0301ta\u0301sa \u00e9s \u00faj strukt\u00far\u00e1k l\u00e9trehoz\u00e1sa a c\u00e9l.<\/p><p>A repetiti\u0301v folyamatokat kora\u0301bbi munka\u0301imban is alkalmaztam e\u0301s nagyon e\u0301rdekel, hogy t\u00f6bb szereplo\u030bvel milyen viszonyokat lehet kidolgozni. A mozg\u00e1sk\u00e9pletek rendszerelv\u0171s\u00e9get megtartva k\u00fcl\u00f6nf\u00e9le mozga\u0301snyelvet keresek a ta\u0301ncosokkal, mely a ve\u0301gso\u030b prezenta\u0301cio\u0301ban a teljesen letisztult, he\u0301tko\u0308znapi mozdulatokat a ta\u0301nc mu\u030bfaja\u0301ig ja\u0301rja a\u0301t.\u201d Simk\u00f3 Beatrix<\/p><p>Simk\u00f3 Beatrix t\u00e1ncm\u0171v\u00e9sz, koreogr\u00e1fus, m\u00e9diam\u0171v\u00e9sz.<\/p><p>Tanulm\u00e1nyait a Moholy-Nagy M\u0171v\u00e9szeti Egyetemen folytatta, m\u00e9dia design szakon szerzett diplom\u00e1t. Egy\u00e9ni alkot\u00e1sai mellet h\u00e9t \u00e9ve dolgozik egy\u00fctt a Duda \u00c9va T\u00e1rsulattal. 2014-ben F\u00fcl\u00f6p Viktor \u00e1llami \u00f6szt\u00f6nd\u00edjban r\u00e9szes\u00fclt, 2015-ben a berlini Theatertreffen szi\u0301nha\u0301zi szemle nemzetko\u0308zi programja\u0301nak o\u0308szto\u0308ndi\u0301jasa volt Magyarorsza\u0301gro\u0301l. Budapesti munka\u0301i mellett gyakran dolgozik nemzetko\u0308zi koprodukcio\u0301kban, az elmu\u0301lt e\u0301vekben Berlinben, Be\u0301csben, Grazban \u00e9s Bernben.<\/p><p>A PengPalast! sv\u00e1jci kollekt\u00edv\u00e1val turn\u00e9zik Bye Bye Babel c. el\u0151ad\u00e1sukkal, illetve nemr\u00e9g a m\u00fcncheni Rodeo Fesztiv\u00e1lon szerepelt a get to know Kassandra darabbal.<\/p><p>Jelenleg saj\u00e1t kort\u00e1rs t\u00e1ncel\u0151ad\u00e1s\u00e1t Grecs\u00f3 Zolt\u00e1nnal k\u00f6z\u00f6sen a V\u00edgsz\u00ednh\u00e1z H\u00e1zi Sz\u00ednpad\u00e1nak reperto\u00e1rj\u00e1n j\u00e1tssza, #Orfeusz #Eur\u00fcdik\u00e9c\u00edmmel.<\/p><p><br \/>A Nemzeti Kultur\u00e1lis Alap Imre Zolt\u00e1n Program t\u00e1mogat\u00e1s\u00e1val.<\/p><\/div><\/div>\t\t\t\t\t\t\t\t<\/div>\n\t\t\t\t<\/div>\n\t\t\t\t<div class=\"elementor-element elementor-element-4aeebf4 elementor-widget elementor-widget-heading\" data-id=\"4aeebf4\" data-element_type=\"widget\" data-e-type=\"widget\" data-widget_type=\"heading.default\">\n\t\t\t\t<div class=\"elementor-widget-container\">\n\t\t\t\t\t<h2 class=\"elementor-heading-title elementor-size-default\">Sch\u00f6pfer<\/h2>\t\t\t\t<\/div>\n\t\t\t\t<\/div>\n\t\t\t\t<div class=\"elementor-element elementor-element-12e13b15 elementor-widget-divider--view-line elementor-widget elementor-widget-divider\" data-id=\"12e13b15\" data-element_type=\"widget\" data-e-type=\"widget\" data-widget_type=\"divider.default\">\n\t\t\t\t<div class=\"elementor-widget-container\">\n\t\t\t\t\t\t\t<div class=\"elementor-divider\">\n\t\t\t<span class=\"elementor-divider-separator\">\n\t\t\t\t\t\t<\/span>\n\t\t<\/div>\n\t\t\t\t\t\t<\/div>\n\t\t\t\t<\/div>\n\t\t\t\t<div class=\"elementor-element elementor-element-2f317933 elementor-widget elementor-widget-text-editor\" data-id=\"2f317933\" data-element_type=\"widget\" data-e-type=\"widget\" data-widget_type=\"text-editor.default\">\n\t\t\t\t<div class=\"elementor-widget-container\">\n\t\t\t\t\t\t\t\t\t<div class=\"show-actors\"><div id=\"nested-actors\"><div class=\"show-actors\"><div id=\"nested-actors\"><div class=\"show-actors\"><div id=\"nested-actors\"><div><h3>Choreograph<\/h3><ul><li>Simk\u00f3 Beatrix<\/li><\/ul><\/div><div><h3>L\u00e1tv\u00e1ny<\/h3><ul><li>D\u00f6m\u00f6lky D\u00e1niel<\/li><\/ul><\/div><div><h3>Musik<\/h3><ul><li>Boros Levente<\/li><\/ul><\/div><div><h3>Licht<\/h3><ul><li>Zolt\u00e1n Fogarasi<\/li><\/ul><\/div><div><h3>Vortragende<\/h3><ul><li>Zsanett Jakab<\/li><li>Mariann Hargitai<\/li><li>Adrienn Horv\u00e1th<\/li><li>G\u00e1bor Ivanov<\/li><li>Kov\u00e1cs P\u00e9ter<\/li><li>L\u00e1szl\u00f3 M\u00e1di<\/li><li>Csaba M\u00e1ty\u00e1s Nagy<\/li><li>Adrienn Nyeste<\/li><\/ul><\/div><\/div><\/div><div class=\"show-images\"><div class=\"row no-margin\"><div class=\"col-md-12 no-padding\">\u00a0<\/div><\/div><\/div><\/div><\/div><\/div><\/div>\t\t\t\t\t\t\t\t<\/div>\n\t\t\t\t<\/div>\n\t\t\t\t<div class=\"elementor-element elementor-element-61401d61 elementor-widget elementor-widget-heading\" data-id=\"61401d61\" data-element_type=\"widget\" data-e-type=\"widget\" data-widget_type=\"heading.default\">\n\t\t\t\t<div class=\"elementor-widget-container\">\n\t\t\t\t\t<h2 class=\"elementor-heading-title elementor-size-default\">XI IKF-Talentprogramm - Simk\u00f3 Beatrix<\/h2>\t\t\t\t<\/div>\n\t\t\t\t<\/div>\n\t\t\t\t<div class=\"elementor-element elementor-element-50fd5d63 elementor-widget elementor-widget-gallery\" data-id=\"50fd5d63\" data-element_type=\"widget\" data-e-type=\"widget\" data-settings=\"{&quot;columns&quot;:3,&quot;lazyload&quot;:&quot;yes&quot;,&quot;gallery_layout&quot;:&quot;grid&quot;,&quot;columns_tablet&quot;:2,&quot;columns_mobile&quot;:1,&quot;gap&quot;:{&quot;unit&quot;:&quot;px&quot;,&quot;size&quot;:10,&quot;sizes&quot;:[]},&quot;gap_tablet&quot;:{&quot;unit&quot;:&quot;px&quot;,&quot;size&quot;:10,&quot;sizes&quot;:[]},&quot;gap_mobile&quot;:{&quot;unit&quot;:&quot;px&quot;,&quot;size&quot;:10,&quot;sizes&quot;:[]},&quot;link_to&quot;:&quot;file&quot;,&quot;aspect_ratio&quot;:&quot;3:2&quot;,&quot;overlay_background&quot;:&quot;yes&quot;,&quot;content_hover_animation&quot;:&quot;fade-in&quot;}\" data-widget_type=\"gallery.default\">\n\t\t\t\t<div class=\"elementor-widget-container\">\n\t\t\t\t\t\t\t<div class=\"elementor-gallery__container\">\n\t\t\t\t\t\t\t<a class=\"e-gallery-item elementor-gallery-item elementor-animated-content\" href=\"https:\/\/cedt.hu\/wp-content\/uploads\/2017\/02\/pic_86.jpg\" data-elementor-open-lightbox=\"yes\" data-elementor-lightbox-slideshow=\"50fd5d63\" data-elementor-lightbox-title=\"pic_86\" data-e-action-hash=\"#elementor-action%3Aaction%3Dlightbox%26settings%3DeyJpZCI6MTg0OCwidXJsIjoiaHR0cHM6XC9cL2NlZHQuaHVcL3dwLWNvbnRlbnRcL3VwbG9hZHNcLzIwMTdcLzAyXC9waWNfODYuanBnIiwic2xpZGVzaG93IjoiNTBmZDVkNjMifQ%3D%3D\">\n\t\t\t\t\t<div class=\"e-gallery-image elementor-gallery-item__image\" data-thumbnail=\"https:\/\/cedt.hu\/wp-content\/uploads\/2017\/02\/pic_86-212x300.jpg\" data-width=\"212\" data-height=\"300\" aria-label=\"\" role=\"img\" ><\/div>\n\t\t\t\t\t\t\t\t\t\t\t<div class=\"elementor-gallery-item__overlay\"><\/div>\n\t\t\t\t\t\t\t\t\t\t\t\t\t\t<\/a>\n\t\t\t\t\t\t\t<a class=\"e-gallery-item elementor-gallery-item elementor-animated-content\" href=\"https:\/\/cedt.hu\/wp-content\/uploads\/2017\/02\/kereng\u0151-Dusa_G\u00e1bor.jpg\" data-elementor-open-lightbox=\"yes\" data-elementor-lightbox-slideshow=\"50fd5d63\" data-elementor-lightbox-title=\"Dusa G\u00e1bor - IKF Simk\u00f3 Beatrix: Kereng\u0151\" data-elementor-lightbox-description=\"Dusa G\u00e1bor - IKF Simk\u00f3 Beatrix: Kereng\u0151\" data-e-action-hash=\"#elementor-action%3Aaction%3Dlightbox%26settings%3DeyJpZCI6Mzg3MSwidXJsIjoiaHR0cHM6XC9cL2NlZHQuaHVcL3dwLWNvbnRlbnRcL3VwbG9hZHNcLzIwMTdcLzAyXC9rZXJlbmdcdTAxNTEtRHVzYV9HXHUwMGUxYm9yLmpwZyIsInNsaWRlc2hvdyI6IjUwZmQ1ZDYzIn0%3D\">\n\t\t\t\t\t<div class=\"e-gallery-image elementor-gallery-item__image\" data-thumbnail=\"https:\/\/cedt.hu\/wp-content\/uploads\/2017\/02\/kereng\u0151-Dusa_G\u00e1bor-300x178.jpg\" data-width=\"300\" data-height=\"178\" aria-label=\"Dusa G\u00e1bor - IKF Simk\u00f3 Beatrix: Kereng\u0151\" role=\"img\" ><\/div>\n\t\t\t\t\t\t\t\t\t\t\t<div class=\"elementor-gallery-item__overlay\"><\/div>\n\t\t\t\t\t\t\t\t\t\t\t\t\t\t<\/a>\n\t\t\t\t\t\t\t<a class=\"e-gallery-item elementor-gallery-item elementor-animated-content\" href=\"https:\/\/cedt.hu\/wp-content\/uploads\/2017\/02\/kereng\u0151_Dusa-G\u00e1bor.jpg\" data-elementor-open-lightbox=\"yes\" data-elementor-lightbox-slideshow=\"50fd5d63\" data-elementor-lightbox-title=\"kereng\u0151_Dusa G\u00e1bor\" data-e-action-hash=\"#elementor-action%3Aaction%3Dlightbox%26settings%3DeyJpZCI6Mzg3NCwidXJsIjoiaHR0cHM6XC9cL2NlZHQuaHVcL3dwLWNvbnRlbnRcL3VwbG9hZHNcLzIwMTdcLzAyXC9rZXJlbmdcdTAxNTFfRHVzYS1HXHUwMGUxYm9yLmpwZyIsInNsaWRlc2hvdyI6IjUwZmQ1ZDYzIn0%3D\">\n\t\t\t\t\t<div class=\"e-gallery-image elementor-gallery-item__image\" data-thumbnail=\"https:\/\/cedt.hu\/wp-content\/uploads\/2017\/02\/kereng\u0151_Dusa-G\u00e1bor-300x162.jpg\" data-width=\"300\" data-height=\"162\" aria-label=\"\" role=\"img\" ><\/div>\n\t\t\t\t\t\t\t\t\t\t\t<div class=\"elementor-gallery-item__overlay\"><\/div>\n\t\t\t\t\t\t\t\t\t\t\t\t\t\t<\/a>\n\t\t\t\t\t<\/div>\n\t\t\t\t\t<\/div>\n\t\t\t\t<\/div>\n\t\t\t\t<div class=\"elementor-element elementor-element-46b291c8 elementor-widget elementor-widget-heading\" data-id=\"46b291c8\" data-element_type=\"widget\" data-e-type=\"widget\" data-widget_type=\"heading.default\">\n\t\t\t\t<div class=\"elementor-widget-container\">\n\t\t\t\t\t<h2 class=\"elementor-heading-title elementor-size-default\">Verwandte Pressemitteilungen<\/h2>\t\t\t\t<\/div>\n\t\t\t\t<\/div>\n\t\t\t\t<div class=\"elementor-element elementor-element-637b7228 elementor-widget-divider--view-line elementor-widget elementor-widget-divider\" data-id=\"637b7228\" data-element_type=\"widget\" data-e-type=\"widget\" data-widget_type=\"divider.default\">\n\t\t\t\t<div class=\"elementor-widget-container\">\n\t\t\t\t\t\t\t<div class=\"elementor-divider\">\n\t\t\t<span class=\"elementor-divider-separator\">\n\t\t\t\t\t\t<\/span>\n\t\t<\/div>\n\t\t\t\t\t\t<\/div>\n\t\t\t\t<\/div>\n\t\t\t\t<div class=\"elementor-element elementor-element-70c81868 elementor-widget elementor-widget-text-editor\" data-id=\"70c81868\" data-element_type=\"widget\" data-e-type=\"widget\" data-widget_type=\"text-editor.default\">\n\t\t\t\t<div class=\"elementor-widget-container\">\n\t\t\t\t\t\t\t\t\t<div class=\"pressauthor\"><div class=\"pressauthor\"><div class=\"pressauthor\">Pint\u00e9r Vikt\u00f3ria:\u00a0<a href=\"http:\/\/www.tanckritika.hu\/kategoriak\/kritika\/1053-pinter-viktoria-a-kijelolt-gyulekezesi-pont\">A KIJEL\u00d6LT GY\u00dcLEKEZ\u00c9SI PONT\u00a0<\/a>(T\u00e1nckritika) <span style=\"font-family: -apple-system, BlinkMacSystemFont, 'Segoe UI', Roboto, 'Helvetica Neue', Arial, 'Noto Sans', sans-serif, 'Apple Color Emoji', 'Segoe UI Emoji', 'Segoe UI Symbol', 'Noto Color Emoji';\">&#8211; 14\/01\/2017 <\/span><span style=\"font-family: -apple-system, BlinkMacSystemFont, 'Segoe UI', Roboto, 'Helvetica Neue', Arial, 'Noto Sans', sans-serif, 'Apple Color Emoji', 'Segoe UI Emoji', 'Segoe UI Symbol', 'Noto Color Emoji';\">Simk\u00f3 Beatrix kegyetlen koreogr\u00e1fi\u00e1val mutatkozott be az Ifj\u00fa Koreogr\u00e1fusok F\u00f3rum\u00e1n.* A kegyetlent itt artaud-i \u00e9rtelemben haszn\u00e1lom, a szervetlens\u00e9g sz\u00ednpadnyelvi k\u00eds\u00e9rletek\u00e9nt. A dehumaniz\u00e1lt v\u00edzi\u00f3 pedig azonnal aktiviz\u00e1lja a n\u00e9z\u0151 h\u00fas\u00e1t. Nincs bevezet\u00e9s, csak belecs\u00f6ppen\u00fcnk egy becketti dr\u00e1m\u00e1kb\u00f3l ismer\u0151s fekete, f\u00e9nyekt\u0151l szabdalt posztapokaliptikus t\u00e9rbe, valamely vil\u00e1gv\u00e9gi vagy eleji (?) zugba.<\/span><\/div><\/div><\/div>\t\t\t\t\t\t\t\t<\/div>\n\t\t\t\t<\/div>\n\t\t\t\t\t<\/div>\n\t\t<\/div>\n\t\t\t\t\t<\/div>\n\t\t<\/section>\n\t\t\t\t<\/div>","protected":false},"excerpt":{"rendered":"<p>A KET IKF p\u00e1ly\u00e1zat\u00e1nak keret\u00e9ben id\u00e9n is lehet\u0151s\u00e9get kap h\u00e1rom fiatal a bemutatkoz\u00e1sra, k\u00f6zt\u00fck Simk\u00f3 Beatrix, aki Kereng\u0151 c. koncepci\u00f3j\u00e1t k\u00e9sz\u00edti el a t\u00e1rsulat t\u00e1ncm\u0171v\u00e9szeivel. Kereng\u0151 \u201eA Kereng\u0151 koncepci\u00f3j\u00e1t Samuel Beckett sz\u00f6vegn\u00e9lk\u00fcli darabjai inspir\u00e1lt\u00e1k. Bizonyos mozg\u00e1sk\u00e9pleteken \u00e9s mint\u00e1kon kereszt\u00fcl, hogyan lehet azok minimaliza\u0301lt varia\u0301cio\u0301it adott szem\u00e9lyekre alkalmazni. Az ism\u00e9tl\u00e9s, a szerkesztettse\u0301g e\u0301s a to\u0308meg mozgata\u0301sa [&hellip;]<\/p>\n","protected":false},"author":1,"featured_media":0,"parent":0,"menu_order":0,"comment_status":"closed","ping_status":"closed","template":"elementor_header_footer","meta":{"footnotes":""},"class_list":["post-18644","page","type-page","status-publish","hentry"],"_links":{"self":[{"href":"https:\/\/cedt.hu\/de\/wp-json\/wp\/v2\/pages\/18644","targetHints":{"allow":["GET"]}}],"collection":[{"href":"https:\/\/cedt.hu\/de\/wp-json\/wp\/v2\/pages"}],"about":[{"href":"https:\/\/cedt.hu\/de\/wp-json\/wp\/v2\/types\/page"}],"author":[{"embeddable":true,"href":"https:\/\/cedt.hu\/de\/wp-json\/wp\/v2\/users\/1"}],"replies":[{"embeddable":true,"href":"https:\/\/cedt.hu\/de\/wp-json\/wp\/v2\/comments?post=18644"}],"version-history":[{"count":0,"href":"https:\/\/cedt.hu\/de\/wp-json\/wp\/v2\/pages\/18644\/revisions"}],"wp:attachment":[{"href":"https:\/\/cedt.hu\/de\/wp-json\/wp\/v2\/media?parent=18644"}],"curies":[{"name":"wp","href":"https:\/\/api.w.org\/{rel}","templated":true}]}}