{"id":18513,"date":"2025-05-15T17:09:58","date_gmt":"2025-05-15T17:09:58","guid":{"rendered":"https:\/\/cedthu.rwpstaging.site\/?page_id=18513"},"modified":"2025-05-15T17:12:22","modified_gmt":"2025-05-15T17:12:22","slug":"xv-ikf-tehetsegprogram-miko-david","status":"publish","type":"page","link":"https:\/\/cedt.hu\/de\/xv-ikf-tehetsegprogram-miko-david\/","title":{"rendered":"XV. IKF-Talentprogramm - Mik\u00f3 D\u00e1vid"},"content":{"rendered":"<div data-elementor-type=\"wp-page\" data-elementor-id=\"18513\" class=\"elementor elementor-18513\" data-elementor-post-type=\"page\">\n\t\t\t\t\t\t<section class=\"elementor-section elementor-top-section elementor-element elementor-element-1a8159e6 elementor-section-boxed elementor-section-height-default elementor-section-height-default\" data-id=\"1a8159e6\" data-element_type=\"section\" data-e-type=\"section\" data-settings=\"{&quot;background_background&quot;:&quot;classic&quot;}\">\n\t\t\t\t\t\t<div class=\"elementor-container elementor-column-gap-default\">\n\t\t\t\t\t<div class=\"elementor-column elementor-col-100 elementor-top-column elementor-element elementor-element-77227982\" data-id=\"77227982\" data-element_type=\"column\" data-e-type=\"column\">\n\t\t\t<div class=\"elementor-widget-wrap elementor-element-populated\">\n\t\t\t\t\t\t<div class=\"elementor-element elementor-element-3617f9e1 elementor-widget elementor-widget-image\" data-id=\"3617f9e1\" data-element_type=\"widget\" data-e-type=\"widget\" data-widget_type=\"image.default\">\n\t\t\t\t<div class=\"elementor-widget-container\">\n\t\t\t\t\t\t\t\t\t\t\t\t\t\t\t<img fetchpriority=\"high\" decoding=\"async\" width=\"500\" height=\"400\" src=\"https:\/\/cedt.hu\/wp-content\/uploads\/2020\/05\/Mik\u00f3-D\u00e1vid-Fot\u00f3_-Fedor-Ilka_kicsi-1-500x400.jpg\" class=\"attachment-full size-full wp-image-6837\" alt=\"\" srcset=\"https:\/\/cedt.hu\/wp-content\/uploads\/2020\/05\/Mik\u00f3-D\u00e1vid-Fot\u00f3_-Fedor-Ilka_kicsi-1-500x400.jpg 500w, https:\/\/cedt.hu\/wp-content\/uploads\/2020\/05\/Mik\u00f3-D\u00e1vid-Fot\u00f3_-Fedor-Ilka_kicsi-1-500x400-300x240.jpg 300w, https:\/\/cedt.hu\/wp-content\/uploads\/2020\/05\/Mik\u00f3-D\u00e1vid-Fot\u00f3_-Fedor-Ilka_kicsi-1-500x400-400x320.jpg 400w, https:\/\/cedt.hu\/wp-content\/uploads\/2020\/05\/Mik\u00f3-D\u00e1vid-Fot\u00f3_-Fedor-Ilka_kicsi-1-500x400-20x16.jpg 20w\" sizes=\"(max-width: 500px) 100vw, 500px\" \/>\t\t\t\t\t\t\t\t\t\t\t\t\t\t\t<\/div>\n\t\t\t\t<\/div>\n\t\t\t\t<div class=\"elementor-element elementor-element-4bc063bc elementor-widget elementor-widget-text-editor\" data-id=\"4bc063bc\" data-element_type=\"widget\" data-e-type=\"widget\" data-widget_type=\"text-editor.default\">\n\t\t\t\t<div class=\"elementor-widget-container\">\n\t\t\t\t\t\t\t\t\t<div class=\"x11i5rnm xat24cr x1mh8g0r x1vvkbs xtlvy1s\"><div class=\"show-description\"><p>Transz<\/p><p>A helysz\u00edn egy hat\u00e1rtalan t\u00e9r, melyben v\u00e9gtelen folyamatok transzform\u00e1l\u00f3dnak az \u00f6nmagukba visszat\u00e9r\u0151 repet\u00edci\u00f3k sor\u00e1n egym\u00e1ssal ellent\u00e9tes \u00e1llapotokban. Az egys\u00e9g keres\u00e9se k\u00fcl\u00f6nb\u00f6z\u0151 energia min\u0151s\u00e9gek tal\u00e1lkoz\u00e1s\u00e1val zajlik, melyeket a testhaszn\u00e1lat t\u00fckr\u00f6z. Ebben a r\u00edtusban a testek szem\u00e9lyis\u00e9g n\u00e9lk\u00fcli, finomra hangolt ad\u00f3-vev\u0151k, melyek eleinte k\u00fcl\u00f6n-k\u00fcl\u00f6n hordozz\u00e1k magukban ezeket a min\u0151s\u00e9geket. Tal\u00e1lkoz\u00e1saik \u00e9s a jelenl\u00e9tre gyakorolt hat\u00e1saik sor\u00e1n k\u00f6z\u00f6sen egy magasabb szint\u0171 teremtm\u00e9nyt hoznak l\u00e9tre. A rezg\u00e9s fokoz\u00f3dik, a k\u00f6rforg\u00e1s v\u00e9gtelen, az \u00e1rnyalatok v\u00e1ltoznak. A folyamat egy bels\u0151 utat is megjelen\u00edt, melyben az emberi tudatoss\u00e1g az\u00e1ltal emelkedik, hogy egyre soksz\u00edn\u0171bb\u00e9 v\u00e1lik. \u00d6nmag\u00e1t ismeri meg a k\u00f6rnyezete \u00e1ltal.<\/p><p>A Nemzeti Kultur\u00e1lis Alap Imre Zolt\u00e1n Program t\u00e1mogat\u00e1s\u00e1val.<\/p><\/div><\/div>\t\t\t\t\t\t\t\t<\/div>\n\t\t\t\t<\/div>\n\t\t\t\t<div class=\"elementor-element elementor-element-6602ec89 elementor-widget elementor-widget-heading\" data-id=\"6602ec89\" data-element_type=\"widget\" data-e-type=\"widget\" data-widget_type=\"heading.default\">\n\t\t\t\t<div class=\"elementor-widget-container\">\n\t\t\t\t\t<h2 class=\"elementor-heading-title elementor-size-default\">Sch\u00f6pfer<\/h2>\t\t\t\t<\/div>\n\t\t\t\t<\/div>\n\t\t\t\t<div class=\"elementor-element elementor-element-44107c6c elementor-widget-divider--view-line elementor-widget elementor-widget-divider\" data-id=\"44107c6c\" data-element_type=\"widget\" data-e-type=\"widget\" data-widget_type=\"divider.default\">\n\t\t\t\t<div class=\"elementor-widget-container\">\n\t\t\t\t\t\t\t<div class=\"elementor-divider\">\n\t\t\t<span class=\"elementor-divider-separator\">\n\t\t\t\t\t\t<\/span>\n\t\t<\/div>\n\t\t\t\t\t\t<\/div>\n\t\t\t\t<\/div>\n\t\t\t\t<div class=\"elementor-element elementor-element-17c75ae elementor-widget elementor-widget-text-editor\" data-id=\"17c75ae\" data-element_type=\"widget\" data-e-type=\"widget\" data-widget_type=\"text-editor.default\">\n\t\t\t\t<div class=\"elementor-widget-container\">\n\t\t\t\t\t\t\t\t\t<div class=\"show-actors\"><div id=\"nested-actors\"><div class=\"show-actors\"><div id=\"nested-actors\"><div><h3>Choreograph<\/h3><ul><li>David Mik\u00f3<\/li><\/ul><\/div><div><h3>Licht<\/h3><ul><li>Zolt\u00e1n Fogarasi<\/li><\/ul><\/div><div><h3>Konzult\u00e1ns<\/h3><ul><li>Als Attila<\/li><\/ul><\/div><div><h3>Vortragende<\/h3><ul><li>Bettina Dunai<\/li><li>Csongor F\u00fczesi<\/li><li>Mariann Hargitai<\/li><li>Adrienn Horv\u00e1th<\/li><li>Jakab Zsanett (F\u00fcl\u00f6p Viktor \u00d6szt\u00f6nd\u00edjas)<\/li><li>L\u00e1szl\u00f3 M\u00e1di<\/li><li>Csaba M\u00e1ty\u00e1s Nagy<\/li><li>Adrienn Nyeste<\/li><\/ul><\/div><\/div><\/div><\/div><\/div>\t\t\t\t\t\t\t\t<\/div>\n\t\t\t\t<\/div>\n\t\t\t\t<div class=\"elementor-element elementor-element-43c2dc64 elementor-widget elementor-widget-heading\" data-id=\"43c2dc64\" data-element_type=\"widget\" data-e-type=\"widget\" data-widget_type=\"heading.default\">\n\t\t\t\t<div class=\"elementor-widget-container\">\n\t\t\t\t\t<h2 class=\"elementor-heading-title elementor-size-default\">XV. IKF-Talentprogramm - Mik\u00f3 D\u00e1vid<\/h2>\t\t\t\t<\/div>\n\t\t\t\t<\/div>\n\t\t\t\t<div class=\"elementor-element elementor-element-7995d86 elementor-widget elementor-widget-gallery\" data-id=\"7995d86\" data-element_type=\"widget\" data-e-type=\"widget\" data-settings=\"{&quot;columns&quot;:3,&quot;lazyload&quot;:&quot;yes&quot;,&quot;gallery_layout&quot;:&quot;grid&quot;,&quot;columns_tablet&quot;:2,&quot;columns_mobile&quot;:1,&quot;gap&quot;:{&quot;unit&quot;:&quot;px&quot;,&quot;size&quot;:10,&quot;sizes&quot;:[]},&quot;gap_tablet&quot;:{&quot;unit&quot;:&quot;px&quot;,&quot;size&quot;:10,&quot;sizes&quot;:[]},&quot;gap_mobile&quot;:{&quot;unit&quot;:&quot;px&quot;,&quot;size&quot;:10,&quot;sizes&quot;:[]},&quot;link_to&quot;:&quot;file&quot;,&quot;aspect_ratio&quot;:&quot;3:2&quot;,&quot;overlay_background&quot;:&quot;yes&quot;,&quot;content_hover_animation&quot;:&quot;fade-in&quot;}\" data-widget_type=\"gallery.default\">\n\t\t\t\t<div class=\"elementor-widget-container\">\n\t\t\t\t\t\t\t<div class=\"elementor-gallery__container\">\n\t\t\t\t\t\t\t<a class=\"e-gallery-item elementor-gallery-item elementor-animated-content\" href=\"https:\/\/cedt.hu\/wp-content\/uploads\/2020\/05\/Mik\u00f3-D\u00e1vid-Fot\u00f3_-Fedor-Ilka_kicsi-1-500x400.jpg\" data-elementor-open-lightbox=\"yes\" data-elementor-lightbox-slideshow=\"7995d86\" data-elementor-lightbox-title=\"Mik\u00f3-D\u00e1vid-Fot\u00f3_-Fedor-Ilka_kicsi-1-500x400\" data-e-action-hash=\"#elementor-action%3Aaction%3Dlightbox%26settings%3DeyJpZCI6NjgzNywidXJsIjoiaHR0cHM6XC9cL2NlZHQuaHVcL3dwLWNvbnRlbnRcL3VwbG9hZHNcLzIwMjBcLzA1XC9NaWtcdTAwZjMtRFx1MDBlMXZpZC1Gb3RcdTAwZjNfLUZlZG9yLUlsa2Ffa2ljc2ktMS01MDB4NDAwLmpwZyIsInNsaWRlc2hvdyI6Ijc5OTVkODYifQ%3D%3D\">\n\t\t\t\t\t<div class=\"e-gallery-image elementor-gallery-item__image\" data-thumbnail=\"https:\/\/cedt.hu\/wp-content\/uploads\/2020\/05\/Mik\u00f3-D\u00e1vid-Fot\u00f3_-Fedor-Ilka_kicsi-1-500x400-300x240.jpg\" data-width=\"300\" data-height=\"240\" aria-label=\"\" role=\"img\" ><\/div>\n\t\t\t\t\t\t\t\t\t\t\t<div class=\"elementor-gallery-item__overlay\"><\/div>\n\t\t\t\t\t\t\t\t\t\t\t\t\t\t<\/a>\n\t\t\t\t\t\t\t<a class=\"e-gallery-item elementor-gallery-item elementor-animated-content\" href=\"https:\/\/cedt.hu\/wp-content\/uploads\/2018\/05\/ikfmd199.jpg\" data-elementor-open-lightbox=\"yes\" data-elementor-lightbox-slideshow=\"7995d86\" data-elementor-lightbox-title=\"ikfmd199\" data-e-action-hash=\"#elementor-action%3Aaction%3Dlightbox%26settings%3DeyJpZCI6NTE3MywidXJsIjoiaHR0cHM6XC9cL2NlZHQuaHVcL3dwLWNvbnRlbnRcL3VwbG9hZHNcLzIwMThcLzA1XC9pa2ZtZDE5OS5qcGciLCJzbGlkZXNob3ciOiI3OTk1ZDg2In0%3D\">\n\t\t\t\t\t<div class=\"e-gallery-image elementor-gallery-item__image\" data-thumbnail=\"https:\/\/cedt.hu\/wp-content\/uploads\/2018\/05\/ikfmd199-300x200.jpg\" data-width=\"300\" data-height=\"200\" aria-label=\"\" role=\"img\" ><\/div>\n\t\t\t\t\t\t\t\t\t\t\t<div class=\"elementor-gallery-item__overlay\"><\/div>\n\t\t\t\t\t\t\t\t\t\t\t\t\t\t<\/a>\n\t\t\t\t\t\t\t<a class=\"e-gallery-item elementor-gallery-item elementor-animated-content\" href=\"https:\/\/cedt.hu\/wp-content\/uploads\/2018\/05\/ikfmd187.jpg\" data-elementor-open-lightbox=\"yes\" data-elementor-lightbox-slideshow=\"7995d86\" data-elementor-lightbox-title=\"ikfmd187\" data-e-action-hash=\"#elementor-action%3Aaction%3Dlightbox%26settings%3DeyJpZCI6NTE2OSwidXJsIjoiaHR0cHM6XC9cL2NlZHQuaHVcL3dwLWNvbnRlbnRcL3VwbG9hZHNcLzIwMThcLzA1XC9pa2ZtZDE4Ny5qcGciLCJzbGlkZXNob3ciOiI3OTk1ZDg2In0%3D\">\n\t\t\t\t\t<div class=\"e-gallery-image elementor-gallery-item__image\" data-thumbnail=\"https:\/\/cedt.hu\/wp-content\/uploads\/2018\/05\/ikfmd187-300x200.jpg\" data-width=\"300\" data-height=\"200\" aria-label=\"\" role=\"img\" ><\/div>\n\t\t\t\t\t\t\t\t\t\t\t<div class=\"elementor-gallery-item__overlay\"><\/div>\n\t\t\t\t\t\t\t\t\t\t\t\t\t\t<\/a>\n\t\t\t\t\t<\/div>\n\t\t\t\t\t<\/div>\n\t\t\t\t<\/div>\n\t\t\t\t<div class=\"elementor-element elementor-element-6b6fb91b elementor-widget elementor-widget-heading\" data-id=\"6b6fb91b\" data-element_type=\"widget\" data-e-type=\"widget\" data-widget_type=\"heading.default\">\n\t\t\t\t<div class=\"elementor-widget-container\">\n\t\t\t\t\t<h2 class=\"elementor-heading-title elementor-size-default\">Verwandte Pressemitteilungen<\/h2>\t\t\t\t<\/div>\n\t\t\t\t<\/div>\n\t\t\t\t<div class=\"elementor-element elementor-element-74c35139 elementor-widget-divider--view-line elementor-widget elementor-widget-divider\" data-id=\"74c35139\" data-element_type=\"widget\" data-e-type=\"widget\" data-widget_type=\"divider.default\">\n\t\t\t\t<div class=\"elementor-widget-container\">\n\t\t\t\t\t\t\t<div class=\"elementor-divider\">\n\t\t\t<span class=\"elementor-divider-separator\">\n\t\t\t\t\t\t<\/span>\n\t\t<\/div>\n\t\t\t\t\t\t<\/div>\n\t\t\t\t<\/div>\n\t\t\t\t<div class=\"elementor-element elementor-element-689ec592 elementor-widget elementor-widget-text-editor\" data-id=\"689ec592\" data-element_type=\"widget\" data-e-type=\"widget\" data-widget_type=\"text-editor.default\">\n\t\t\t\t<div class=\"elementor-widget-container\">\n\t\t\t\t\t\t\t\t\t<div class=\"pressauthor\"><div class=\"pressauthor\"><div class=\"pressauthor\">T\u00f6r\u00f6k \u00c1kos: <a href=\"http:\/\/szinhaz.net\/2018\/07\/05\/torok-akos-hatareseteink\/\">HAT\u00c1RESETEINK\u00a0 <\/a>(Theater.net) <span style=\"font-family: -apple-system, BlinkMacSystemFont, 'Segoe UI', Roboto, 'Helvetica Neue', Arial, 'Noto Sans', sans-serif, 'Apple Color Emoji', 'Segoe UI Emoji', 'Segoe UI Symbol', 'Noto Color Emoji';\">&#8211; 05\/07\/2018 <\/span><span style=\"font-family: -apple-system, BlinkMacSystemFont, 'Segoe UI', Roboto, 'Helvetica Neue', Arial, 'Noto Sans', sans-serif, 'Apple Color Emoji', 'Segoe UI Emoji', 'Segoe UI Symbol', 'Noto Color Emoji';\">Mindig k\u00fcl\u00f6n\u00f6s \u00e9s embert pr\u00f3b\u00e1l\u00f3 \u00e9lm\u00e9ny a hat\u00e1rainkon val\u00f3 \u00e1tl\u00e9p\u00e9s. Mik\u00f3 D\u00e1vid\u00a0<\/span><em style=\"font-family: -apple-system, BlinkMacSystemFont, 'Segoe UI', Roboto, 'Helvetica Neue', Arial, 'Noto Sans', sans-serif, 'Apple Color Emoji', 'Segoe UI Emoji', 'Segoe UI Symbol', 'Noto Color Emoji';\">Transz<\/em><span style=\"font-family: -apple-system, BlinkMacSystemFont, 'Segoe UI', Roboto, 'Helvetica Neue', Arial, 'Noto Sans', sans-serif, 'Apple Color Emoji', 'Segoe UI Emoji', 'Segoe UI Symbol', 'Noto Color Emoji';\">\u00a0\u00e9s Juh\u00e1sz Kata\u00a0<\/span><em style=\"font-family: -apple-system, BlinkMacSystemFont, 'Segoe UI', Roboto, 'Helvetica Neue', Arial, 'Noto Sans', sans-serif, 'Apple Color Emoji', 'Segoe UI Emoji', 'Segoe UI Symbol', 'Noto Color Emoji';\">Keresztv\u00edz<\/em><span style=\"font-family: -apple-system, BlinkMacSystemFont, 'Segoe UI', Roboto, 'Helvetica Neue', Arial, 'Noto Sans', sans-serif, 'Apple Color Emoji', 'Segoe UI Emoji', 'Segoe UI Symbol', 'Noto Color Emoji';\">\u00a0c\u00edm\u0171 koreogr\u00e1fi\u00e1ja a Bethlen T\u00e9ri Sz\u00ednh\u00e1zban megmutatja, mennyire m\u00e1s, amikor mi magunk tessz\u00fck, mint amikor m\u00e1sok.<\/span><\/div><\/div><\/div>\t\t\t\t\t\t\t\t<\/div>\n\t\t\t\t<\/div>\n\t\t\t\t<div class=\"elementor-element elementor-element-69fbd16 elementor-widget elementor-widget-text-editor\" data-id=\"69fbd16\" data-element_type=\"widget\" data-e-type=\"widget\" data-widget_type=\"text-editor.default\">\n\t\t\t\t<div class=\"elementor-widget-container\">\n\t\t\t\t\t\t\t\t\t<div class=\"pressauthor\"><div class=\"pressauthor\"><div class=\"pressauthor\">HORECZKY KRISZTINA:\u00a0<a href=\"http:\/\/www.tanckritika.hu\/kategoriak\/kritika\/1298-horeczky-krisztina-helyi-erteken\">HELYI \u00c9RT\u00c9KEN\u00a0 <\/a>(T\u00e1nckritika) <span style=\"font-family: -apple-system, BlinkMacSystemFont, 'Segoe UI', Roboto, 'Helvetica Neue', Arial, 'Noto Sans', sans-serif, 'Apple Color Emoji', 'Segoe UI Emoji', 'Segoe UI Symbol', 'Noto Color Emoji';\">&#8211; 09\/06\/2018 <\/span><span style=\"font-family: -apple-system, BlinkMacSystemFont, 'Segoe UI', Roboto, 'Helvetica Neue', Arial, 'Noto Sans', sans-serif, 'Apple Color Emoji', 'Segoe UI Emoji', 'Segoe UI Symbol', 'Noto Color Emoji';\">J\u00f3val t\u00f6bb, mint korrekt teljes\u00edtm\u00e9ny: nincsenek benne csontig r\u00e1gott kort\u00e1rs-k\u00f6zhelyek, sem affekt\u00e1lts\u00e1g\u2026<\/span><\/div><\/div><\/div>\t\t\t\t\t\t\t\t<\/div>\n\t\t\t\t<\/div>\n\t\t\t\t\t<\/div>\n\t\t<\/div>\n\t\t\t\t\t<\/div>\n\t\t<\/section>\n\t\t\t\t<\/div>","protected":false},"excerpt":{"rendered":"<p>Transz A helysz\u00edn egy hat\u00e1rtalan t\u00e9r, melyben v\u00e9gtelen folyamatok transzform\u00e1l\u00f3dnak az \u00f6nmagukba visszat\u00e9r\u0151 repet\u00edci\u00f3k sor\u00e1n egym\u00e1ssal ellent\u00e9tes \u00e1llapotokban. Az egys\u00e9g keres\u00e9se k\u00fcl\u00f6nb\u00f6z\u0151 energia min\u0151s\u00e9gek tal\u00e1lkoz\u00e1s\u00e1val zajlik, melyeket a testhaszn\u00e1lat t\u00fckr\u00f6z. Ebben a r\u00edtusban a testek szem\u00e9lyis\u00e9g n\u00e9lk\u00fcli, finomra hangolt ad\u00f3-vev\u0151k, melyek eleinte k\u00fcl\u00f6n-k\u00fcl\u00f6n hordozz\u00e1k magukban ezeket a min\u0151s\u00e9geket. Tal\u00e1lkoz\u00e1saik \u00e9s a jelenl\u00e9tre gyakorolt hat\u00e1saik sor\u00e1n [&hellip;]<\/p>\n","protected":false},"author":1,"featured_media":0,"parent":0,"menu_order":0,"comment_status":"closed","ping_status":"closed","template":"elementor_header_footer","meta":{"footnotes":""},"class_list":["post-18513","page","type-page","status-publish","hentry"],"_links":{"self":[{"href":"https:\/\/cedt.hu\/de\/wp-json\/wp\/v2\/pages\/18513","targetHints":{"allow":["GET"]}}],"collection":[{"href":"https:\/\/cedt.hu\/de\/wp-json\/wp\/v2\/pages"}],"about":[{"href":"https:\/\/cedt.hu\/de\/wp-json\/wp\/v2\/types\/page"}],"author":[{"embeddable":true,"href":"https:\/\/cedt.hu\/de\/wp-json\/wp\/v2\/users\/1"}],"replies":[{"embeddable":true,"href":"https:\/\/cedt.hu\/de\/wp-json\/wp\/v2\/comments?post=18513"}],"version-history":[{"count":0,"href":"https:\/\/cedt.hu\/de\/wp-json\/wp\/v2\/pages\/18513\/revisions"}],"wp:attachment":[{"href":"https:\/\/cedt.hu\/de\/wp-json\/wp\/v2\/media?parent=18513"}],"curies":[{"name":"wp","href":"https:\/\/api.w.org\/{rel}","templated":true}]}}