{"id":18455,"date":"2025-05-15T17:01:07","date_gmt":"2025-05-15T17:01:07","guid":{"rendered":"https:\/\/cedthu.rwpstaging.site\/?page_id=18455"},"modified":"2025-05-15T17:03:39","modified_gmt":"2025-05-15T17:03:39","slug":"xvii-ikf-tehetsegprogram-cserepes-gyula","status":"publish","type":"page","link":"https:\/\/cedt.hu\/de\/xvii-ikf-tehetsegprogram-cserepes-gyula\/","title":{"rendered":"XVII. IKF-Talentprogramm - Cserepes Gyula"},"content":{"rendered":"<div data-elementor-type=\"wp-page\" data-elementor-id=\"18455\" class=\"elementor elementor-18455\" data-elementor-post-type=\"page\">\n\t\t\t\t\t\t<section class=\"elementor-section elementor-top-section elementor-element elementor-element-4fcaea38 elementor-section-boxed elementor-section-height-default elementor-section-height-default\" data-id=\"4fcaea38\" data-element_type=\"section\" data-e-type=\"section\" data-settings=\"{&quot;background_background&quot;:&quot;classic&quot;}\">\n\t\t\t\t\t\t<div class=\"elementor-container elementor-column-gap-default\">\n\t\t\t\t\t<div class=\"elementor-column elementor-col-100 elementor-top-column elementor-element elementor-element-20aa56c\" data-id=\"20aa56c\" data-element_type=\"column\" data-e-type=\"column\">\n\t\t\t<div class=\"elementor-widget-wrap elementor-element-populated\">\n\t\t\t\t\t\t<div class=\"elementor-element elementor-element-32971d1d elementor-widget elementor-widget-image\" data-id=\"32971d1d\" data-element_type=\"widget\" data-e-type=\"widget\" data-widget_type=\"image.default\">\n\t\t\t\t<div class=\"elementor-widget-container\">\n\t\t\t\t\t\t\t\t\t\t\t\t\t\t\t<img fetchpriority=\"high\" decoding=\"async\" width=\"2560\" height=\"1440\" src=\"https:\/\/cedt.hu\/wp-content\/uploads\/2019\/10\/Cserepes-Gyula-FF-portr\u00e9-fot\u00f3s-D\u00f6m\u00f6lky-D\u00e1niel.jpg\" class=\"attachment-full size-full wp-image-6259\" alt=\"\" \/>\t\t\t\t\t\t\t\t\t\t\t\t\t\t\t<\/div>\n\t\t\t\t<\/div>\n\t\t\t\t<div class=\"elementor-element elementor-element-52a0a199 elementor-widget elementor-widget-text-editor\" data-id=\"52a0a199\" data-element_type=\"widget\" data-e-type=\"widget\" data-widget_type=\"text-editor.default\">\n\t\t\t\t<div class=\"elementor-widget-container\">\n\t\t\t\t\t\t\t\t\t<div class=\"x11i5rnm xat24cr x1mh8g0r x1vvkbs xtlvy1s\"><div class=\"show-description\"><p>Tiszavir\u00e1g<\/p><p>\u201eMi\u00f3ta az eszemet tudom, a Tisza vonz\u00e1s\u00e1ban \u00e9ltem. A mai napig, ha visszat\u00e9rek a sz\u00fcl\u0151f\u00f6ldre, a Vajdas\u00e1gba, \u201emeg-meg\u00e1llok a kanyarg\u00f3\u2026\u201d v\u00edz partj\u00e1n. Gyakran \u00fcl\u00f6k a vizet vizsg\u00e1lva, figyelem a sodrokat, fodrokat, \u00f6rv\u00e9nyeket \u00e9s hull\u00e1mokat. A fel-felcsillan\u00f3 halakat vagy a bor\u00fasan v\u00e1gtat\u00f3 v\u00e1ndor fellegeket. P\u00e1rbesz\u00e9det folytatunk, a foly\u00f3 \u00e9s \u00e9n. Ha valami hi\u00e1nyzik j\u00e1rtamban-keltemben a nagyvil\u00e1gban, akkor az ez: a Tisza habjainak csendes, mindent \u00e1that\u00f3 \u00e1raml\u00e1sa. Az a b\u00e9ke \u00e9s nyugalom, ami csakis a parton \u00fclve tud hatalm\u00e1ba ker\u00edteni. Ezek az id\u0151tlen pillanatok k\u00e9pesek ak\u00e1r \u00e9vekre is felt\u00f6lteni. Ahogy \u00fcl\u00f6k \u00e9s hallgatagon n\u00e9zem a habokat, mag\u00e1val ragad az \u00e1raml\u00e1s. A hull\u00e1mok h\u00e1t\u00e1n megcsillan\u00f3 f\u00e9ny messze rep\u00edt a gondolataimban, eml\u00e9keimben, a k\u00e9pzeletemben. Mes\u00e9l\u00fcnk egym\u00e1snak, meghallgatjuk egym\u00e1st. Ebben a m\u00e9ly csendben \u00e1t\u00e9rezni a l\u00e9tez\u00e9s \u00f6r\u00f6k \u00e1ram\u00e1t. Az \u00e1lland\u00f3 v\u00e1ltoz\u00e1sban l\u00e9v\u0151 anyag vonz\u00e1sa mag\u00e1val ragadja az embert. Az \u00f6rv\u00e9nyek \u00f6nn\u00f6n l\u00e9tez\u00e9sem \u0151si m\u00e9ly\u00e9be r\u00e1ntanak. Az \u00f6r\u00f6k hull\u00e1mz\u00e1s \u00e1tj\u00e1rja a zsigereket. A foly\u00f3 \u00e9s annak szeml\u00e9l\u0151je fokozatosan hangol\u00f3dnak azonos hull\u00e1mhosszra, melyen egy\u00fctt rezd\u00fclnek.\u201d \/Cserepes Gyula\/<\/p><p>Cserepes Gyula a vajdas\u00e1gi \u00d3becs\u00e9r\u0151l sz\u00e1rmaz\u00f3 kort\u00e1rst\u00e1nc koreogr\u00e1fus \u00e9s el\u0151ad\u00f3m\u0171v\u00e9sz. A Tisza fontos szerepl\u0151je \u00e9let\u00e9nek. A foly\u00f3val meg\u00e9lt bens\u0151s\u00e9ges viszony, az ebb\u0151l fakad\u00f3 \u00e1raml\u00e1s- \u00e9s ritmus-\u00e9lm\u00e9ny Gyula m\u0171v\u00e9szet\u00e9nek meghat\u00e1roz\u00f3 eleme. A Magyar T\u00e1ncm\u0171v\u00e9szeti F\u0151iskola n\u00e9gy modern t\u00e1nc szakos n\u00f6vend\u00e9k\u00e9vel \u00e9s a K\u00f6z\u00e9p-Eur\u00f3pa T\u00e1ncsz\u00ednh\u00e1z h\u00e1rom t\u00e1ncm\u0171v\u00e9sz\u00e9vel \u00f6t napon \u00e1t foglalkoznak a m\u00fal\u00f3 pillanat jelentette id\u0151tlens\u00e9g ritmik\u00e1j\u00e1val. A Tiszavir\u00e1g c\u00edmet visel\u0151 et\u0171dben olyan k\u00e9peket \u00e9s jeleneteket osztanak meg a n\u00e9z\u0151kkel, melyek a koreogr\u00e1fiai m\u0171helymunka sor\u00e1n szerzett k\u00f6z\u00f6s \u00e9lm\u00e9nyekb\u0151l \u00e9s tapasztalatokb\u00f3l t\u00e1pl\u00e1lkoznak.<\/p><p>Portr\u00e4t von D\u00e1niel D\u00f6m\u00f6lky<\/p><\/div><\/div>\t\t\t\t\t\t\t\t<\/div>\n\t\t\t\t<\/div>\n\t\t\t\t<div class=\"elementor-element elementor-element-59ce8c3f elementor-widget elementor-widget-heading\" data-id=\"59ce8c3f\" data-element_type=\"widget\" data-e-type=\"widget\" data-widget_type=\"heading.default\">\n\t\t\t\t<div class=\"elementor-widget-container\">\n\t\t\t\t\t<h2 class=\"elementor-heading-title elementor-size-default\">Sch\u00f6pfer<\/h2>\t\t\t\t<\/div>\n\t\t\t\t<\/div>\n\t\t\t\t<div class=\"elementor-element elementor-element-71ad847a elementor-widget-divider--view-line elementor-widget elementor-widget-divider\" data-id=\"71ad847a\" data-element_type=\"widget\" data-e-type=\"widget\" data-widget_type=\"divider.default\">\n\t\t\t\t<div class=\"elementor-widget-container\">\n\t\t\t\t\t\t\t<div class=\"elementor-divider\">\n\t\t\t<span class=\"elementor-divider-separator\">\n\t\t\t\t\t\t<\/span>\n\t\t<\/div>\n\t\t\t\t\t\t<\/div>\n\t\t\t\t<\/div>\n\t\t\t\t<div class=\"elementor-element elementor-element-62fd2ba0 elementor-widget elementor-widget-text-editor\" data-id=\"62fd2ba0\" data-element_type=\"widget\" data-e-type=\"widget\" data-widget_type=\"text-editor.default\">\n\t\t\t\t<div class=\"elementor-widget-container\">\n\t\t\t\t\t\t\t\t\t<div class=\"show-actors\"><div id=\"nested-actors\"><div class=\"show-actors\"><div id=\"nested-actors\"><div class=\"show-actors\"><div id=\"nested-actors\"><div><h3>Vortragende<\/h3><ul><li>D\u00e1vid Dab\u00f3czi<\/li><li>Keresztes Patrik m.v.<\/li><li>Adrienn Nyeste<\/li><li>Anna Szilv\u00e1si<\/li><li>\u00e9s a Magyar T\u00e1ncm\u0171v\u00e9szeti Egyetem Modernt\u00e1nc Tansz\u00e9k hallgat\u00f3i:<\/li><li>Cs\u00f3ka Liza<\/li><li>Marcell Hov\u00e1n<\/li><li>Mayer Dorina<\/li><\/ul><\/div><div><h3>Choreograph<\/h3><ul><li>Gyula Get\u00f6pferter Gyula<\/li><\/ul><\/div><\/div><\/div><div class=\"show-images\"><div class=\"row no-margin\"><div class=\"col-md-12 no-padding\">\u00a0<\/div><\/div><\/div><\/div><\/div><\/div><\/div>\t\t\t\t\t\t\t\t<\/div>\n\t\t\t\t<\/div>\n\t\t\t\t<div class=\"elementor-element elementor-element-393d99d6 elementor-widget elementor-widget-heading\" data-id=\"393d99d6\" data-element_type=\"widget\" data-e-type=\"widget\" data-widget_type=\"heading.default\">\n\t\t\t\t<div class=\"elementor-widget-container\">\n\t\t\t\t\t<h2 class=\"elementor-heading-title elementor-size-default\">XVII. IKF-Talentprogramm - Cserepes Gyula<\/h2>\t\t\t\t<\/div>\n\t\t\t\t<\/div>\n\t\t\t\t<div class=\"elementor-element elementor-element-1f77b3a3 elementor-widget elementor-widget-gallery\" data-id=\"1f77b3a3\" data-element_type=\"widget\" data-e-type=\"widget\" data-settings=\"{&quot;columns&quot;:3,&quot;lazyload&quot;:&quot;yes&quot;,&quot;gallery_layout&quot;:&quot;grid&quot;,&quot;columns_tablet&quot;:2,&quot;columns_mobile&quot;:1,&quot;gap&quot;:{&quot;unit&quot;:&quot;px&quot;,&quot;size&quot;:10,&quot;sizes&quot;:[]},&quot;gap_tablet&quot;:{&quot;unit&quot;:&quot;px&quot;,&quot;size&quot;:10,&quot;sizes&quot;:[]},&quot;gap_mobile&quot;:{&quot;unit&quot;:&quot;px&quot;,&quot;size&quot;:10,&quot;sizes&quot;:[]},&quot;link_to&quot;:&quot;file&quot;,&quot;aspect_ratio&quot;:&quot;3:2&quot;,&quot;overlay_background&quot;:&quot;yes&quot;,&quot;content_hover_animation&quot;:&quot;fade-in&quot;}\" data-widget_type=\"gallery.default\">\n\t\t\t\t<div class=\"elementor-widget-container\">\n\t\t\t\t\t\t\t<div class=\"elementor-gallery__container\">\n\t\t\t\t\t\t\t<a class=\"e-gallery-item elementor-gallery-item elementor-animated-content\" href=\"https:\/\/cedt.hu\/wp-content\/uploads\/2019\/10\/Ti_vi002.jpg\" data-elementor-open-lightbox=\"yes\" data-elementor-lightbox-slideshow=\"1f77b3a3\" data-elementor-lightbox-title=\"Ti_vi002\" data-e-action-hash=\"#elementor-action%3Aaction%3Dlightbox%26settings%3DeyJpZCI6NjM1MiwidXJsIjoiaHR0cHM6XC9cL2NlZHQuaHVcL3dwLWNvbnRlbnRcL3VwbG9hZHNcLzIwMTlcLzEwXC9UaV92aTAwMi5qcGciLCJzbGlkZXNob3ciOiIxZjc3YjNhMyJ9\">\n\t\t\t\t\t<div class=\"e-gallery-image elementor-gallery-item__image\" data-thumbnail=\"https:\/\/cedt.hu\/wp-content\/uploads\/2019\/10\/Ti_vi002-300x200.jpg\" data-width=\"300\" data-height=\"200\" aria-label=\"\" role=\"img\" ><\/div>\n\t\t\t\t\t\t\t\t\t\t\t<div class=\"elementor-gallery-item__overlay\"><\/div>\n\t\t\t\t\t\t\t\t\t\t\t\t\t\t<\/a>\n\t\t\t\t\t\t\t<a class=\"e-gallery-item elementor-gallery-item elementor-animated-content\" href=\"https:\/\/cedt.hu\/wp-content\/uploads\/2019\/10\/Ti_vi004.jpg\" data-elementor-open-lightbox=\"yes\" data-elementor-lightbox-slideshow=\"1f77b3a3\" data-elementor-lightbox-title=\"Ti_vi004\" data-e-action-hash=\"#elementor-action%3Aaction%3Dlightbox%26settings%3DeyJpZCI6NjM1NCwidXJsIjoiaHR0cHM6XC9cL2NlZHQuaHVcL3dwLWNvbnRlbnRcL3VwbG9hZHNcLzIwMTlcLzEwXC9UaV92aTAwNC5qcGciLCJzbGlkZXNob3ciOiIxZjc3YjNhMyJ9\">\n\t\t\t\t\t<div class=\"e-gallery-image elementor-gallery-item__image\" data-thumbnail=\"https:\/\/cedt.hu\/wp-content\/uploads\/2019\/10\/Ti_vi004-300x200.jpg\" data-width=\"300\" data-height=\"200\" aria-label=\"\" role=\"img\" ><\/div>\n\t\t\t\t\t\t\t\t\t\t\t<div class=\"elementor-gallery-item__overlay\"><\/div>\n\t\t\t\t\t\t\t\t\t\t\t\t\t\t<\/a>\n\t\t\t\t\t\t\t<a class=\"e-gallery-item elementor-gallery-item elementor-animated-content\" href=\"https:\/\/cedt.hu\/wp-content\/uploads\/2019\/10\/Ti_vi005.jpg\" data-elementor-open-lightbox=\"yes\" data-elementor-lightbox-slideshow=\"1f77b3a3\" data-elementor-lightbox-title=\"Ti_vi005\" data-e-action-hash=\"#elementor-action%3Aaction%3Dlightbox%26settings%3DeyJpZCI6NjM1NiwidXJsIjoiaHR0cHM6XC9cL2NlZHQuaHVcL3dwLWNvbnRlbnRcL3VwbG9hZHNcLzIwMTlcLzEwXC9UaV92aTAwNS5qcGciLCJzbGlkZXNob3ciOiIxZjc3YjNhMyJ9\">\n\t\t\t\t\t<div class=\"e-gallery-image elementor-gallery-item__image\" data-thumbnail=\"https:\/\/cedt.hu\/wp-content\/uploads\/2019\/10\/Ti_vi005-300x200.jpg\" data-width=\"300\" data-height=\"200\" aria-label=\"\" role=\"img\" ><\/div>\n\t\t\t\t\t\t\t\t\t\t\t<div class=\"elementor-gallery-item__overlay\"><\/div>\n\t\t\t\t\t\t\t\t\t\t\t\t\t\t<\/a>\n\t\t\t\t\t<\/div>\n\t\t\t\t\t<\/div>\n\t\t\t\t<\/div>\n\t\t\t\t<div class=\"elementor-element elementor-element-69bcf012 elementor-widget elementor-widget-heading\" data-id=\"69bcf012\" data-element_type=\"widget\" data-e-type=\"widget\" data-widget_type=\"heading.default\">\n\t\t\t\t<div class=\"elementor-widget-container\">\n\t\t\t\t\t<h2 class=\"elementor-heading-title elementor-size-default\">Verwandte Pressemitteilungen<\/h2>\t\t\t\t<\/div>\n\t\t\t\t<\/div>\n\t\t\t\t<div class=\"elementor-element elementor-element-370e8360 elementor-widget-divider--view-line elementor-widget elementor-widget-divider\" data-id=\"370e8360\" data-element_type=\"widget\" data-e-type=\"widget\" data-widget_type=\"divider.default\">\n\t\t\t\t<div class=\"elementor-widget-container\">\n\t\t\t\t\t\t\t<div class=\"elementor-divider\">\n\t\t\t<span class=\"elementor-divider-separator\">\n\t\t\t\t\t\t<\/span>\n\t\t<\/div>\n\t\t\t\t\t\t<\/div>\n\t\t\t\t<\/div>\n\t\t\t\t<div class=\"elementor-element elementor-element-c8b7f9c elementor-widget elementor-widget-text-editor\" data-id=\"c8b7f9c\" data-element_type=\"widget\" data-e-type=\"widget\" data-widget_type=\"text-editor.default\">\n\t\t\t\t<div class=\"elementor-widget-container\">\n\t\t\t\t\t\t\t\t\t<h3>Cserepes Gyula: Tiszavir\u00e1g (IKF 2019)<\/h3><p><a href=\"https:\/\/www.facebook.com\/kozepeuropa\/videos\/738857859953072\/\">https:\/\/www.facebook.com\/kozepeuropa\/videos\/738857859953072\/<\/a><\/p>\t\t\t\t\t\t\t\t<\/div>\n\t\t\t\t<\/div>\n\t\t\t\t<div class=\"elementor-element elementor-element-e625fcd elementor-widget elementor-widget-text-editor\" data-id=\"e625fcd\" data-element_type=\"widget\" data-e-type=\"widget\" data-widget_type=\"text-editor.default\">\n\t\t\t\t<div class=\"elementor-widget-container\">\n\t\t\t\t\t\t\t\t\t<div class=\"pressauthor\"><div class=\"pressauthor\"><div class=\"pressauthor\">Turbulente Lilla: <a href=\"http:\/\/tanckritika.hu\/kategoriak\/kritika\/1479-turbuly-lilla-billy-elliottol-a-laokoon-csoportig?fbclid=IwAR39vTpdbkrVET6goSVxDDCEhlnTtaLYSZwzSnYlD1-7wtsoRYhZUI39MFU\">Billy Elliott\u00f3l a Laoko\u00f3n csoportig \u2013 Sissi \u0150szi T\u00e1nch\u00e9t 2.\u00a0 <\/a>(T\u00e1nckritika.hu) <span style=\"font-family: -apple-system, BlinkMacSystemFont, 'Segoe UI', Roboto, 'Helvetica Neue', Arial, 'Noto Sans', sans-serif, 'Apple Color Emoji', 'Segoe UI Emoji', 'Segoe UI Symbol', 'Noto Color Emoji';\">&#8211; 26\/11\/2019 <\/span><span style=\"font-family: -apple-system, BlinkMacSystemFont, 'Segoe UI', Roboto, 'Helvetica Neue', Arial, 'Noto Sans', sans-serif, 'Apple Color Emoji', 'Segoe UI Emoji', 'Segoe UI Symbol', 'Noto Color Emoji';\">\u2026alig \u00f6t nap alatt egy\u00e1ltal\u00e1n nem k\u00e9r\u00e9sz\u00e9let\u0171, hanem gondolatgazdag koreogr\u00e1fi\u00e1k sz\u00fclettek, a K\u00f6z\u00e9p-Eur\u00f3pa T\u00e1ncsz\u00ednh\u00e1z \u00e9s a T\u00e1ncm\u0171v\u00e9szeti Egyetem\u00a0t\u00e1ncosai pedig sz\u00edvvel-l\u00e9lekkel \u00e9s technik\u00e1val egyar\u00e1nt bizony\u00edtott\u00e1k, hogy a kort\u00e1rst\u00e1nc nem halott.<\/span><\/div><\/div><\/div>\t\t\t\t\t\t\t\t<\/div>\n\t\t\t\t<\/div>\n\t\t\t\t\t<\/div>\n\t\t<\/div>\n\t\t\t\t\t<\/div>\n\t\t<\/section>\n\t\t\t\t<\/div>","protected":false},"excerpt":{"rendered":"<p>Tiszavir\u00e1g \u201eMi\u00f3ta az eszemet tudom, a Tisza vonz\u00e1s\u00e1ban \u00e9ltem. A mai napig, ha visszat\u00e9rek a sz\u00fcl\u0151f\u00f6ldre, a Vajdas\u00e1gba, \u201emeg-meg\u00e1llok a kanyarg\u00f3\u2026\u201d v\u00edz partj\u00e1n. Gyakran \u00fcl\u00f6k a vizet vizsg\u00e1lva, figyelem a sodrokat, fodrokat, \u00f6rv\u00e9nyeket \u00e9s hull\u00e1mokat. A fel-felcsillan\u00f3 halakat vagy a bor\u00fasan v\u00e1gtat\u00f3 v\u00e1ndor fellegeket. P\u00e1rbesz\u00e9det folytatunk, a foly\u00f3 \u00e9s \u00e9n. Ha valami hi\u00e1nyzik j\u00e1rtamban-keltemben a [&hellip;]<\/p>\n","protected":false},"author":1,"featured_media":0,"parent":0,"menu_order":0,"comment_status":"closed","ping_status":"closed","template":"elementor_header_footer","meta":{"footnotes":""},"class_list":["post-18455","page","type-page","status-publish","hentry"],"_links":{"self":[{"href":"https:\/\/cedt.hu\/de\/wp-json\/wp\/v2\/pages\/18455","targetHints":{"allow":["GET"]}}],"collection":[{"href":"https:\/\/cedt.hu\/de\/wp-json\/wp\/v2\/pages"}],"about":[{"href":"https:\/\/cedt.hu\/de\/wp-json\/wp\/v2\/types\/page"}],"author":[{"embeddable":true,"href":"https:\/\/cedt.hu\/de\/wp-json\/wp\/v2\/users\/1"}],"replies":[{"embeddable":true,"href":"https:\/\/cedt.hu\/de\/wp-json\/wp\/v2\/comments?post=18455"}],"version-history":[{"count":0,"href":"https:\/\/cedt.hu\/de\/wp-json\/wp\/v2\/pages\/18455\/revisions"}],"wp:attachment":[{"href":"https:\/\/cedt.hu\/de\/wp-json\/wp\/v2\/media?parent=18455"}],"curies":[{"name":"wp","href":"https:\/\/api.w.org\/{rel}","templated":true}]}}