{"id":18428,"date":"2025-05-15T16:58:34","date_gmt":"2025-05-15T16:58:34","guid":{"rendered":"https:\/\/cedthu.rwpstaging.site\/?page_id=18428"},"modified":"2025-05-15T17:00:18","modified_gmt":"2025-05-15T17:00:18","slug":"xviii-ikf-tehetsegprogram-anna-mikula-es-pawel-urbanowicz","status":"publish","type":"page","link":"https:\/\/cedt.hu\/de\/xviii-ikf-tehetsegprogram-anna-mikula-es-pawel-urbanowicz\/","title":{"rendered":"XVIII IKF EVENTS PROGRAMME - Anna Miku\u0142a und Pawe\u0142 Urbanowicz"},"content":{"rendered":"<div data-elementor-type=\"wp-page\" data-elementor-id=\"18428\" class=\"elementor elementor-18428\" data-elementor-post-type=\"page\">\n\t\t\t\t\t\t<section class=\"elementor-section elementor-top-section elementor-element elementor-element-24e5b9d0 elementor-section-boxed elementor-section-height-default elementor-section-height-default\" data-id=\"24e5b9d0\" data-element_type=\"section\" data-e-type=\"section\" data-settings=\"{&quot;background_background&quot;:&quot;classic&quot;}\">\n\t\t\t\t\t\t<div class=\"elementor-container elementor-column-gap-default\">\n\t\t\t\t\t<div class=\"elementor-column elementor-col-100 elementor-top-column elementor-element elementor-element-70eb2161\" data-id=\"70eb2161\" data-element_type=\"column\" data-e-type=\"column\">\n\t\t\t<div class=\"elementor-widget-wrap elementor-element-populated\">\n\t\t\t\t\t\t<div class=\"elementor-element elementor-element-700576d4 elementor-widget elementor-widget-image\" data-id=\"700576d4\" data-element_type=\"widget\" data-e-type=\"widget\" data-widget_type=\"image.default\">\n\t\t\t\t<div class=\"elementor-widget-container\">\n\t\t\t\t\t\t\t\t\t\t\t\t\t\t\t<img fetchpriority=\"high\" decoding=\"async\" width=\"2082\" height=\"1029\" src=\"https:\/\/cedt.hu\/wp-content\/uploads\/2021\/01\/YCP-AB.jpg\" class=\"attachment-full size-full wp-image-7388\" alt=\"\" srcset=\"https:\/\/cedt.hu\/wp-content\/uploads\/2021\/01\/YCP-AB.jpg 2082w, https:\/\/cedt.hu\/wp-content\/uploads\/2021\/01\/YCP-AB-300x148.jpg 300w, https:\/\/cedt.hu\/wp-content\/uploads\/2021\/01\/YCP-AB-1024x506.jpg 1024w, https:\/\/cedt.hu\/wp-content\/uploads\/2021\/01\/YCP-AB-768x380.jpg 768w, https:\/\/cedt.hu\/wp-content\/uploads\/2021\/01\/YCP-AB-1536x759.jpg 1536w, https:\/\/cedt.hu\/wp-content\/uploads\/2021\/01\/YCP-AB-2048x1012.jpg 2048w, https:\/\/cedt.hu\/wp-content\/uploads\/2021\/01\/YCP-AB-400x198.jpg 400w, https:\/\/cedt.hu\/wp-content\/uploads\/2021\/01\/YCP-AB-20x10.jpg 20w\" sizes=\"(max-width: 2082px) 100vw, 2082px\" \/>\t\t\t\t\t\t\t\t\t\t\t\t\t\t\t<\/div>\n\t\t\t\t<\/div>\n\t\t\t\t<div class=\"elementor-element elementor-element-78813b07 elementor-widget elementor-widget-text-editor\" data-id=\"78813b07\" data-element_type=\"widget\" data-e-type=\"widget\" data-widget_type=\"text-editor.default\">\n\t\t\t\t<div class=\"elementor-widget-container\">\n\t\t\t\t\t\t\t\t\t<div class=\"x11i5rnm xat24cr x1mh8g0r x1vvkbs xtlvy1s\"><div class=\"show-description\"><p>\u00dagy tekinteni r\u00e1, mint megfagyott hatty\u00fakra az \u00e9g tav\u00e1n. A holdf\u00e9nyben ragyog\u00f3 h\u00f3 krist\u00e1lyai el\u0151revet\u00edtik a hal\u00e1lt \u00e9s az \u00fajj\u00e1sz\u00fclet\u00e9st, sejtetik a katasztr\u00f3f\u00e1t \u00e9s a b\u0151s\u00e9get. A f\u00e9rjezetlen n\u0151k elveszett lelkei; mind; a Sarkcsillag asztr\u00e1lis menyasszonya. Az aurora borealis, az aurora astralis \u2013 mely el\u0151bbi \u00fagy ismert, mint \u00c9szaki f\u00e9ny \u2013 tov\u00e1bbra is rejt\u00e9ly a tudom\u00e1nyos magyar\u00e1zatok idej\u00e9ben.<\/p><p>Az aurora borealis jelenl\u00e9te megnyitja a val\u00f3s\u00e1g egy \u00faj spektrum\u00e1t, mely \u00e9rinthetetlen \u00e9s hatalmas, maga a titok. Az emberek \u00e9vsz\u00e1zadokon kereszt\u00fcl pr\u00f3b\u00e1ltak kapcsolatba l\u00e9pni \u00e9s egyes\u00fclni a szellemekkel \u2013 t\u00f6rt\u00e9netek, dalok, t\u00e1nc, medit\u00e1ci\u00f3, ritu\u00e1l\u00e9k vagy vall\u00e1s \u00fatj\u00e1n. A hiedelmek, a metafizika, az \u00e1lmok rejt\u00e9lye, mind az elme mened\u00e9ke, mely \u00e9sz\u00e9rvekkel megmagyar\u00e1zhatatlan. Ebb\u0151l a kontextusb\u00f3l \u00e9p\u00edtkezik a koreogr\u00e1fia.<\/p><\/div><\/div>\t\t\t\t\t\t\t\t<\/div>\n\t\t\t\t<\/div>\n\t\t\t\t<div class=\"elementor-element elementor-element-4ac1df14 elementor-widget elementor-widget-heading\" data-id=\"4ac1df14\" data-element_type=\"widget\" data-e-type=\"widget\" data-widget_type=\"heading.default\">\n\t\t\t\t<div class=\"elementor-widget-container\">\n\t\t\t\t\t<h2 class=\"elementor-heading-title elementor-size-default\">Sch\u00f6pfer<\/h2>\t\t\t\t<\/div>\n\t\t\t\t<\/div>\n\t\t\t\t<div class=\"elementor-element elementor-element-75bc0dbf elementor-widget-divider--view-line elementor-widget elementor-widget-divider\" data-id=\"75bc0dbf\" data-element_type=\"widget\" data-e-type=\"widget\" data-widget_type=\"divider.default\">\n\t\t\t\t<div class=\"elementor-widget-container\">\n\t\t\t\t\t\t\t<div class=\"elementor-divider\">\n\t\t\t<span class=\"elementor-divider-separator\">\n\t\t\t\t\t\t<\/span>\n\t\t<\/div>\n\t\t\t\t\t\t<\/div>\n\t\t\t\t<\/div>\n\t\t\t\t<div class=\"elementor-element elementor-element-3ba38453 elementor-widget elementor-widget-text-editor\" data-id=\"3ba38453\" data-element_type=\"widget\" data-e-type=\"widget\" data-widget_type=\"text-editor.default\">\n\t\t\t\t<div class=\"elementor-widget-container\">\n\t\t\t\t\t\t\t\t\t<div class=\"show-actors\"><div id=\"nested-actors\"><div class=\"show-actors\"><div id=\"nested-actors\"><div><h3>Vortragende<\/h3><ul><li>Kriszti\u00e1n Barna<\/li><li>D\u00e1vid Dab\u00f3czi<\/li><li>Gyevn\u00e1ra R\u00e9ka<\/li><li>Ren\u00e1ta Jo\u00f3<\/li><\/ul><\/div><div><h3>Licht<\/h3><ul><li>Zolt\u00e1n Fogarasi<\/li><li>L\u00e1szl\u00f3 M\u00e1di<\/li><\/ul><\/div><div><h3>Koreogr\u00e1fusok<\/h3><ul><li>Anna Miku\u0142a (PL)<\/li><li>Pawe\u0142 Urbanowicz (PL)<\/li><\/ul><\/div><\/div><\/div><\/div><\/div>\t\t\t\t\t\t\t\t<\/div>\n\t\t\t\t<\/div>\n\t\t\t\t<div class=\"elementor-element elementor-element-56e784ae elementor-widget elementor-widget-heading\" data-id=\"56e784ae\" data-element_type=\"widget\" data-e-type=\"widget\" data-widget_type=\"heading.default\">\n\t\t\t\t<div class=\"elementor-widget-container\">\n\t\t\t\t\t<h2 class=\"elementor-heading-title elementor-size-default\">XVIII IKF EVENTS PROGRAMME - Anna Miku\u0142a und Pawe\u0142 Urbanowicz<\/h2>\t\t\t\t<\/div>\n\t\t\t\t<\/div>\n\t\t\t\t<div class=\"elementor-element elementor-element-288690ed elementor-widget elementor-widget-gallery\" data-id=\"288690ed\" data-element_type=\"widget\" data-e-type=\"widget\" data-settings=\"{&quot;columns&quot;:3,&quot;lazyload&quot;:&quot;yes&quot;,&quot;gallery_layout&quot;:&quot;grid&quot;,&quot;columns_tablet&quot;:2,&quot;columns_mobile&quot;:1,&quot;gap&quot;:{&quot;unit&quot;:&quot;px&quot;,&quot;size&quot;:10,&quot;sizes&quot;:[]},&quot;gap_tablet&quot;:{&quot;unit&quot;:&quot;px&quot;,&quot;size&quot;:10,&quot;sizes&quot;:[]},&quot;gap_mobile&quot;:{&quot;unit&quot;:&quot;px&quot;,&quot;size&quot;:10,&quot;sizes&quot;:[]},&quot;link_to&quot;:&quot;file&quot;,&quot;aspect_ratio&quot;:&quot;3:2&quot;,&quot;overlay_background&quot;:&quot;yes&quot;,&quot;content_hover_animation&quot;:&quot;fade-in&quot;}\" data-widget_type=\"gallery.default\">\n\t\t\t\t<div class=\"elementor-widget-container\">\n\t\t\t\t\t\t\t<div class=\"elementor-gallery__container\">\n\t\t\t\t\t\t\t<a class=\"e-gallery-item elementor-gallery-item elementor-animated-content\" href=\"https:\/\/cedt.hu\/wp-content\/uploads\/2020\/11\/20IKF045.jpg\" data-elementor-open-lightbox=\"yes\" data-elementor-lightbox-slideshow=\"288690ed\" data-elementor-lightbox-title=\"20IKF045\" data-e-action-hash=\"#elementor-action%3Aaction%3Dlightbox%26settings%3DeyJpZCI6NzMyNCwidXJsIjoiaHR0cHM6XC9cL2NlZHQuaHVcL3dwLWNvbnRlbnRcL3VwbG9hZHNcLzIwMjBcLzExXC8yMElLRjA0NS5qcGciLCJzbGlkZXNob3ciOiIyODg2OTBlZCJ9\">\n\t\t\t\t\t<div class=\"e-gallery-image elementor-gallery-item__image\" data-thumbnail=\"https:\/\/cedt.hu\/wp-content\/uploads\/2020\/11\/20IKF045-300x200.jpg\" data-width=\"300\" data-height=\"200\" aria-label=\"\" role=\"img\" ><\/div>\n\t\t\t\t\t\t\t\t\t\t\t<div class=\"elementor-gallery-item__overlay\"><\/div>\n\t\t\t\t\t\t\t\t\t\t\t\t\t\t<\/a>\n\t\t\t\t\t\t\t<a class=\"e-gallery-item elementor-gallery-item elementor-animated-content\" href=\"https:\/\/cedt.hu\/wp-content\/uploads\/2020\/11\/20IKF052.jpg\" data-elementor-open-lightbox=\"yes\" data-elementor-lightbox-slideshow=\"288690ed\" data-elementor-lightbox-title=\"20IKF052\" data-e-action-hash=\"#elementor-action%3Aaction%3Dlightbox%26settings%3DeyJpZCI6NzMyNiwidXJsIjoiaHR0cHM6XC9cL2NlZHQuaHVcL3dwLWNvbnRlbnRcL3VwbG9hZHNcLzIwMjBcLzExXC8yMElLRjA1Mi5qcGciLCJzbGlkZXNob3ciOiIyODg2OTBlZCJ9\">\n\t\t\t\t\t<div class=\"e-gallery-image elementor-gallery-item__image\" data-thumbnail=\"https:\/\/cedt.hu\/wp-content\/uploads\/2020\/11\/20IKF052-300x200.jpg\" data-width=\"300\" data-height=\"200\" aria-label=\"\" role=\"img\" ><\/div>\n\t\t\t\t\t\t\t\t\t\t\t<div class=\"elementor-gallery-item__overlay\"><\/div>\n\t\t\t\t\t\t\t\t\t\t\t\t\t\t<\/a>\n\t\t\t\t\t\t\t<a class=\"e-gallery-item elementor-gallery-item elementor-animated-content\" href=\"https:\/\/cedt.hu\/wp-content\/uploads\/2020\/11\/20IKF069.jpg\" data-elementor-open-lightbox=\"yes\" data-elementor-lightbox-slideshow=\"288690ed\" data-elementor-lightbox-title=\"20IKF069\" data-e-action-hash=\"#elementor-action%3Aaction%3Dlightbox%26settings%3DeyJpZCI6NzMyOCwidXJsIjoiaHR0cHM6XC9cL2NlZHQuaHVcL3dwLWNvbnRlbnRcL3VwbG9hZHNcLzIwMjBcLzExXC8yMElLRjA2OS5qcGciLCJzbGlkZXNob3ciOiIyODg2OTBlZCJ9\">\n\t\t\t\t\t<div class=\"e-gallery-image elementor-gallery-item__image\" data-thumbnail=\"https:\/\/cedt.hu\/wp-content\/uploads\/2020\/11\/20IKF069-300x197.jpg\" data-width=\"300\" data-height=\"197\" aria-label=\"\" role=\"img\" ><\/div>\n\t\t\t\t\t\t\t\t\t\t\t<div class=\"elementor-gallery-item__overlay\"><\/div>\n\t\t\t\t\t\t\t\t\t\t\t\t\t\t<\/a>\n\t\t\t\t\t<\/div>\n\t\t\t\t\t<\/div>\n\t\t\t\t<\/div>\n\t\t\t\t<div class=\"elementor-element elementor-element-74749ec elementor-widget elementor-widget-heading\" data-id=\"74749ec\" data-element_type=\"widget\" data-e-type=\"widget\" data-widget_type=\"heading.default\">\n\t\t\t\t<div class=\"elementor-widget-container\">\n\t\t\t\t\t<h2 class=\"elementor-heading-title elementor-size-default\">Verwandte Pressemitteilungen<\/h2>\t\t\t\t<\/div>\n\t\t\t\t<\/div>\n\t\t\t\t<div class=\"elementor-element elementor-element-48b925f2 elementor-widget-divider--view-line elementor-widget elementor-widget-divider\" data-id=\"48b925f2\" data-element_type=\"widget\" data-e-type=\"widget\" data-widget_type=\"divider.default\">\n\t\t\t\t<div class=\"elementor-widget-container\">\n\t\t\t\t\t\t\t<div class=\"elementor-divider\">\n\t\t\t<span class=\"elementor-divider-separator\">\n\t\t\t\t\t\t<\/span>\n\t\t<\/div>\n\t\t\t\t\t\t<\/div>\n\t\t\t\t<\/div>\n\t\t\t\t<div class=\"elementor-element elementor-element-b8a270 elementor-widget elementor-widget-text-editor\" data-id=\"b8a270\" data-element_type=\"widget\" data-e-type=\"widget\" data-widget_type=\"text-editor.default\">\n\t\t\t\t<div class=\"elementor-widget-container\">\n\t\t\t\t\t\t\t\t\t<div class=\"pressauthor\"><div class=\"pressauthor\"><div class=\"pressauthor\">Annam\u00e1ria Szoboszlai: <a href=\"https:\/\/tanckritika.hu\/kategoriak\/kritika\/1555-szoboszlai-annamaria-online-tanulsagok\">Online tanuls\u00e1gok\u00a0 <\/a>(T\u00e1nckritika.hu) <span style=\"font-family: -apple-system, BlinkMacSystemFont, 'Segoe UI', Roboto, 'Helvetica Neue', Arial, 'Noto Sans', sans-serif, 'Apple Color Emoji', 'Segoe UI Emoji', 'Segoe UI Symbol', 'Noto Color Emoji';\">&#8211; 04\/12\/2020 <\/span><span style=\"font-family: -apple-system, BlinkMacSystemFont, 'Segoe UI', Roboto, 'Helvetica Neue', Arial, 'Noto Sans', sans-serif, 'Apple Color Emoji', 'Segoe UI Emoji', 'Segoe UI Symbol', 'Noto Color Emoji';\">A sz\u00ednpadra, \u00e9l\u0151 k\u00f6z\u00f6ns\u00e9gnek sz\u00e1nt el\u0151ad\u00e1st nem k\u00e9pes helyettes\u00edteni semmif\u00e9le technika.<\/span><\/div><\/div><\/div>\t\t\t\t\t\t\t\t<\/div>\n\t\t\t\t<\/div>\n\t\t\t\t\t<\/div>\n\t\t<\/div>\n\t\t\t\t\t<\/div>\n\t\t<\/section>\n\t\t\t\t<\/div>","protected":false},"excerpt":{"rendered":"<p>\u00dagy tekinteni r\u00e1, mint megfagyott hatty\u00fakra az \u00e9g tav\u00e1n. A holdf\u00e9nyben ragyog\u00f3 h\u00f3 krist\u00e1lyai el\u0151revet\u00edtik a hal\u00e1lt \u00e9s az \u00fajj\u00e1sz\u00fclet\u00e9st, sejtetik a katasztr\u00f3f\u00e1t \u00e9s a b\u0151s\u00e9get. A f\u00e9rjezetlen n\u0151k elveszett lelkei; mind; a Sarkcsillag asztr\u00e1lis menyasszonya. Az aurora borealis, az aurora astralis \u2013 mely el\u0151bbi \u00fagy ismert, mint \u00c9szaki f\u00e9ny \u2013 tov\u00e1bbra is rejt\u00e9ly a [&hellip;]<\/p>\n","protected":false},"author":1,"featured_media":0,"parent":0,"menu_order":0,"comment_status":"closed","ping_status":"closed","template":"elementor_header_footer","meta":{"footnotes":""},"class_list":["post-18428","page","type-page","status-publish","hentry"],"_links":{"self":[{"href":"https:\/\/cedt.hu\/de\/wp-json\/wp\/v2\/pages\/18428","targetHints":{"allow":["GET"]}}],"collection":[{"href":"https:\/\/cedt.hu\/de\/wp-json\/wp\/v2\/pages"}],"about":[{"href":"https:\/\/cedt.hu\/de\/wp-json\/wp\/v2\/types\/page"}],"author":[{"embeddable":true,"href":"https:\/\/cedt.hu\/de\/wp-json\/wp\/v2\/users\/1"}],"replies":[{"embeddable":true,"href":"https:\/\/cedt.hu\/de\/wp-json\/wp\/v2\/comments?post=18428"}],"version-history":[{"count":0,"href":"https:\/\/cedt.hu\/de\/wp-json\/wp\/v2\/pages\/18428\/revisions"}],"wp:attachment":[{"href":"https:\/\/cedt.hu\/de\/wp-json\/wp\/v2\/media?parent=18428"}],"curies":[{"name":"wp","href":"https:\/\/api.w.org\/{rel}","templated":true}]}}