{"id":18398,"date":"2025-05-15T16:55:41","date_gmt":"2025-05-15T16:55:41","guid":{"rendered":"https:\/\/cedthu.rwpstaging.site\/?page_id=18398"},"modified":"2025-05-15T16:57:55","modified_gmt":"2025-05-15T16:57:55","slug":"xix-ikf-tehetsegprogram-magda-skowron","status":"publish","type":"page","link":"https:\/\/cedt.hu\/de\/xix-ikf-tehetsegprogram-magda-skowron\/","title":{"rendered":"XIX IKF VERANSTALTUNGSPROGRAMM - Magda Skowron"},"content":{"rendered":"<div data-elementor-type=\"wp-page\" data-elementor-id=\"18398\" class=\"elementor elementor-18398\" data-elementor-post-type=\"page\">\n\t\t\t\t\t\t<section class=\"elementor-section elementor-top-section elementor-element elementor-element-43cbe9d3 elementor-section-boxed elementor-section-height-default elementor-section-height-default\" data-id=\"43cbe9d3\" data-element_type=\"section\" data-e-type=\"section\" data-settings=\"{&quot;background_background&quot;:&quot;classic&quot;}\">\n\t\t\t\t\t\t<div class=\"elementor-container elementor-column-gap-default\">\n\t\t\t\t\t<div class=\"elementor-column elementor-col-100 elementor-top-column elementor-element elementor-element-729a9548\" data-id=\"729a9548\" data-element_type=\"column\" data-e-type=\"column\">\n\t\t\t<div class=\"elementor-widget-wrap elementor-element-populated\">\n\t\t\t\t\t\t<div class=\"elementor-element elementor-element-260af2f0 elementor-widget elementor-widget-image\" data-id=\"260af2f0\" data-element_type=\"widget\" data-e-type=\"widget\" data-widget_type=\"image.default\">\n\t\t\t\t<div class=\"elementor-widget-container\">\n\t\t\t\t\t\t\t\t\t\t\t\t\t\t\t<img fetchpriority=\"high\" decoding=\"async\" width=\"2082\" height=\"1029\" src=\"https:\/\/cedt.hu\/wp-content\/uploads\/2021\/01\/YCP-TLOFE.jpg\" class=\"attachment-full size-full wp-image-7385\" alt=\"\" srcset=\"https:\/\/cedt.hu\/wp-content\/uploads\/2021\/01\/YCP-TLOFE.jpg 2082w, https:\/\/cedt.hu\/wp-content\/uploads\/2021\/01\/YCP-TLOFE-300x148.jpg 300w, https:\/\/cedt.hu\/wp-content\/uploads\/2021\/01\/YCP-TLOFE-1024x506.jpg 1024w, https:\/\/cedt.hu\/wp-content\/uploads\/2021\/01\/YCP-TLOFE-768x380.jpg 768w, https:\/\/cedt.hu\/wp-content\/uploads\/2021\/01\/YCP-TLOFE-1536x759.jpg 1536w, https:\/\/cedt.hu\/wp-content\/uploads\/2021\/01\/YCP-TLOFE-2048x1012.jpg 2048w, https:\/\/cedt.hu\/wp-content\/uploads\/2021\/01\/YCP-TLOFE-400x198.jpg 400w, https:\/\/cedt.hu\/wp-content\/uploads\/2021\/01\/YCP-TLOFE-20x10.jpg 20w\" sizes=\"(max-width: 2082px) 100vw, 2082px\" \/>\t\t\t\t\t\t\t\t\t\t\t\t\t\t\t<\/div>\n\t\t\t\t<\/div>\n\t\t\t\t<div class=\"elementor-element elementor-element-71bcb100 elementor-widget elementor-widget-text-editor\" data-id=\"71bcb100\" data-element_type=\"widget\" data-e-type=\"widget\" data-widget_type=\"text-editor.default\">\n\t\t\t\t<div class=\"elementor-widget-container\">\n\t\t\t\t\t\t\t\t\t<div class=\"x11i5rnm xat24cr x1mh8g0r x1vvkbs xtlvy1s\"><div class=\"show-description\"><p>A The Lungs of The Earth c\u00edm\u0171 el\u0151ad\u00e1s a n\u00f6v\u00e9nyek, k\u00fcl\u00f6n\u00f6sen a f\u00e1k mozg\u00e1s\u00e1val, jelenl\u00e9t\u00e9vel \u00e9s l\u00e9gz\u00e9s\u00e9vel kapcsolatos t\u00e9m\u00e1kat j\u00e1r k\u00f6rbe. Egy olyan vil\u00e1gb\u00f3l \u00e9p\u00edtkezik, mely szavakkal nem \u00edrhat\u00f3 le egy\u00e1ltal\u00e1n. A t\u00e1ncosok a test\u00fck\u00f6n \u00e9s \u00e9rz\u00e9keiken kereszt\u00fcl pr\u00f3b\u00e1lj\u00e1k megtapasztalni a n\u00f6v\u00e9nyekben zajl\u00f3 folyamatokat: a leveg\u0151vel kombin\u00e1lt mozg\u00e1s, a l\u00e9legzet elm\u00e9ly\u00edt\u00e9se, a s\u00f3hajt\u00e1s, a f\u00e1k k\u00f6z\u00f6tti kapcsolatok, az oxig\u00e9n \u00e9s a sejtl\u00e9gz\u00e9s vagy az anyas\u00e1g az ember-n\u00f6v\u00e9ny kapcsolatban. Az el\u0151ad\u00e1s a mozg\u00e1son kereszt\u00fcl pr\u00f3b\u00e1lja meg kifejezni a f\u00e1k vil\u00e1gban val\u00f3 jelenl\u00e9t\u00e9t, a k\u00f6rnyezetre val\u00f3 hat\u00e1sukat vagy \u00e9pp a f\u00e1k \u201eb\u00e1tortalans\u00e1g\u00e1nak\u201d jelens\u00e9g\u00e9t. A kutat\u00e1shoz Eduardo Coccia The Life of Plants c\u00edm\u0171 k\u00f6nyv\u00e9nek sz\u00f6vegei ny\u00fajtottak inspir\u00e1ci\u00f3t.<br \/>\u201eA l\u00e9legzet nemcsak mozg\u00e1sban l\u00e9v\u0151 leveg\u0151, hanem villan\u00e1s, felfedez\u00e9s, a kinyilatkoztat\u00e1s eszk\u00f6ze. Logosz, nyelv, okozat. Minden \u00e9l\u0151l\u00e9ny l\u00e9legzete maga a n\u00f6v\u00e9ny, a vil\u00e1g: l\u00e9legzet. Egy ritmikus mozg\u00e1s, egy szab\u00e1lyos \u00e9s f\u00e1radhatatlan, zaj n\u00e9lk\u00fcli csendes hull\u00e1m ez, mely elmegy a horizont hat\u00e1r\u00e1ig, majd visszat\u00e9r hozz\u00e1nk, hogy test\u00fcnkbe \u00fctk\u00f6zz\u00f6n, hogy nagy robajjal felt\u00f6ltse t\u00fcd\u0151nket. Minden ism\u00e9tl\u00e9s, elm\u00e9ly\u00fcl\u00e9s \u00e9s v\u00e1ltoz\u00e1s, mag\u00e1ban a l\u00e9legzetben t\u00f6rt\u00e9nik.\u201d \/ Eduardo Coccia \/<\/p><\/div><\/div>\t\t\t\t\t\t\t\t<\/div>\n\t\t\t\t<\/div>\n\t\t\t\t<div class=\"elementor-element elementor-element-4de7dbf3 elementor-widget elementor-widget-heading\" data-id=\"4de7dbf3\" data-element_type=\"widget\" data-e-type=\"widget\" data-widget_type=\"heading.default\">\n\t\t\t\t<div class=\"elementor-widget-container\">\n\t\t\t\t\t<h2 class=\"elementor-heading-title elementor-size-default\">Sch\u00f6pfer<\/h2>\t\t\t\t<\/div>\n\t\t\t\t<\/div>\n\t\t\t\t<div class=\"elementor-element elementor-element-3e36730b elementor-widget-divider--view-line elementor-widget elementor-widget-divider\" data-id=\"3e36730b\" data-element_type=\"widget\" data-e-type=\"widget\" data-widget_type=\"divider.default\">\n\t\t\t\t<div class=\"elementor-widget-container\">\n\t\t\t\t\t\t\t<div class=\"elementor-divider\">\n\t\t\t<span class=\"elementor-divider-separator\">\n\t\t\t\t\t\t<\/span>\n\t\t<\/div>\n\t\t\t\t\t\t<\/div>\n\t\t\t\t<\/div>\n\t\t\t\t<div class=\"elementor-element elementor-element-40d2b4ad elementor-widget elementor-widget-text-editor\" data-id=\"40d2b4ad\" data-element_type=\"widget\" data-e-type=\"widget\" data-widget_type=\"text-editor.default\">\n\t\t\t\t<div class=\"elementor-widget-container\">\n\t\t\t\t\t\t\t\t\t<div class=\"show-actors\"><div id=\"nested-actors\"><div class=\"show-actors\"><div id=\"nested-actors\"><div class=\"show-actors\"><div id=\"nested-actors\"><div><h3>Vortragende<\/h3><ul><li>Kriszti\u00e1n Barna<\/li><li>D\u00e1vid Dab\u00f3czi<\/li><li>R\u00e9ka Gyevn\u00e1r<\/li><li>Adrienn Horv\u00e1th<\/li><li>Ren\u00e1ta Jo\u00f3<\/li><li>R\u00e9ka Gyevn\u00e1r<\/li><li>Kriszti\u00e1n Ungi<\/li><\/ul><\/div><div><h3>Licht<\/h3><ul><li>Zolt\u00e1n Fogarasi<\/li><li>L\u00e1szl\u00f3 M\u00e1di<\/li><\/ul><\/div><div><h3>Choreograph<\/h3><ul><li>Magdalena Skowron (PL)<\/li><\/ul><\/div><\/div><\/div><div class=\"show-images\"><div class=\"row no-margin\"><div class=\"col-md-12 no-padding\">\u00a0<\/div><\/div><\/div><\/div><\/div><\/div><\/div>\t\t\t\t\t\t\t\t<\/div>\n\t\t\t\t<\/div>\n\t\t\t\t<div class=\"elementor-element elementor-element-6582e6d elementor-widget elementor-widget-heading\" data-id=\"6582e6d\" data-element_type=\"widget\" data-e-type=\"widget\" data-widget_type=\"heading.default\">\n\t\t\t\t<div class=\"elementor-widget-container\">\n\t\t\t\t\t<h2 class=\"elementor-heading-title elementor-size-default\">XIX IKF VERANSTALTUNGSPROGRAMM - Magda Skowron<\/h2>\t\t\t\t<\/div>\n\t\t\t\t<\/div>\n\t\t\t\t<div class=\"elementor-element elementor-element-64f96668 elementor-widget elementor-widget-gallery\" data-id=\"64f96668\" data-element_type=\"widget\" data-e-type=\"widget\" data-settings=\"{&quot;columns&quot;:3,&quot;lazyload&quot;:&quot;yes&quot;,&quot;gallery_layout&quot;:&quot;grid&quot;,&quot;columns_tablet&quot;:2,&quot;columns_mobile&quot;:1,&quot;gap&quot;:{&quot;unit&quot;:&quot;px&quot;,&quot;size&quot;:10,&quot;sizes&quot;:[]},&quot;gap_tablet&quot;:{&quot;unit&quot;:&quot;px&quot;,&quot;size&quot;:10,&quot;sizes&quot;:[]},&quot;gap_mobile&quot;:{&quot;unit&quot;:&quot;px&quot;,&quot;size&quot;:10,&quot;sizes&quot;:[]},&quot;link_to&quot;:&quot;file&quot;,&quot;aspect_ratio&quot;:&quot;3:2&quot;,&quot;overlay_background&quot;:&quot;yes&quot;,&quot;content_hover_animation&quot;:&quot;fade-in&quot;}\" data-widget_type=\"gallery.default\">\n\t\t\t\t<div class=\"elementor-widget-container\">\n\t\t\t\t\t\t\t<div class=\"elementor-gallery__container\">\n\t\t\t\t\t\t\t<a class=\"e-gallery-item elementor-gallery-item elementor-animated-content\" href=\"https:\/\/cedt.hu\/wp-content\/uploads\/2020\/11\/20IKF018.jpg\" data-elementor-open-lightbox=\"yes\" data-elementor-lightbox-slideshow=\"64f96668\" data-elementor-lightbox-title=\"20IKF018\" data-e-action-hash=\"#elementor-action%3Aaction%3Dlightbox%26settings%3DeyJpZCI6NzMxNiwidXJsIjoiaHR0cHM6XC9cL2NlZHQuaHVcL3dwLWNvbnRlbnRcL3VwbG9hZHNcLzIwMjBcLzExXC8yMElLRjAxOC5qcGciLCJzbGlkZXNob3ciOiI2NGY5NjY2OCJ9\">\n\t\t\t\t\t<div class=\"e-gallery-image elementor-gallery-item__image\" data-thumbnail=\"https:\/\/cedt.hu\/wp-content\/uploads\/2020\/11\/20IKF018-300x200.jpg\" data-width=\"300\" data-height=\"200\" aria-label=\"\" role=\"img\" ><\/div>\n\t\t\t\t\t\t\t\t\t\t\t<div class=\"elementor-gallery-item__overlay\"><\/div>\n\t\t\t\t\t\t\t\t\t\t\t\t\t\t<\/a>\n\t\t\t\t\t\t\t<a class=\"e-gallery-item elementor-gallery-item elementor-animated-content\" href=\"https:\/\/cedt.hu\/wp-content\/uploads\/2020\/11\/20IKF026.jpg\" data-elementor-open-lightbox=\"yes\" data-elementor-lightbox-slideshow=\"64f96668\" data-elementor-lightbox-title=\"20IKF026\" data-e-action-hash=\"#elementor-action%3Aaction%3Dlightbox%26settings%3DeyJpZCI6NzMxOCwidXJsIjoiaHR0cHM6XC9cL2NlZHQuaHVcL3dwLWNvbnRlbnRcL3VwbG9hZHNcLzIwMjBcLzExXC8yMElLRjAyNi5qcGciLCJzbGlkZXNob3ciOiI2NGY5NjY2OCJ9\">\n\t\t\t\t\t<div class=\"e-gallery-image elementor-gallery-item__image\" data-thumbnail=\"https:\/\/cedt.hu\/wp-content\/uploads\/2020\/11\/20IKF026-300x200.jpg\" data-width=\"300\" data-height=\"200\" aria-label=\"\" role=\"img\" ><\/div>\n\t\t\t\t\t\t\t\t\t\t\t<div class=\"elementor-gallery-item__overlay\"><\/div>\n\t\t\t\t\t\t\t\t\t\t\t\t\t\t<\/a>\n\t\t\t\t\t\t\t<a class=\"e-gallery-item elementor-gallery-item elementor-animated-content\" href=\"https:\/\/cedt.hu\/wp-content\/uploads\/2020\/11\/20IKF027.jpg\" data-elementor-open-lightbox=\"yes\" data-elementor-lightbox-slideshow=\"64f96668\" data-elementor-lightbox-title=\"20IKF027\" data-e-action-hash=\"#elementor-action%3Aaction%3Dlightbox%26settings%3DeyJpZCI6NzMyMCwidXJsIjoiaHR0cHM6XC9cL2NlZHQuaHVcL3dwLWNvbnRlbnRcL3VwbG9hZHNcLzIwMjBcLzExXC8yMElLRjAyNy5qcGciLCJzbGlkZXNob3ciOiI2NGY5NjY2OCJ9\">\n\t\t\t\t\t<div class=\"e-gallery-image elementor-gallery-item__image\" data-thumbnail=\"https:\/\/cedt.hu\/wp-content\/uploads\/2020\/11\/20IKF027-200x300.jpg\" data-width=\"200\" data-height=\"300\" aria-label=\"\" role=\"img\" ><\/div>\n\t\t\t\t\t\t\t\t\t\t\t<div class=\"elementor-gallery-item__overlay\"><\/div>\n\t\t\t\t\t\t\t\t\t\t\t\t\t\t<\/a>\n\t\t\t\t\t<\/div>\n\t\t\t\t\t<\/div>\n\t\t\t\t<\/div>\n\t\t\t\t<div class=\"elementor-element elementor-element-20753d36 elementor-widget elementor-widget-heading\" data-id=\"20753d36\" data-element_type=\"widget\" data-e-type=\"widget\" data-widget_type=\"heading.default\">\n\t\t\t\t<div class=\"elementor-widget-container\">\n\t\t\t\t\t<h2 class=\"elementor-heading-title elementor-size-default\">Verwandte Pressemitteilungen<\/h2>\t\t\t\t<\/div>\n\t\t\t\t<\/div>\n\t\t\t\t<div class=\"elementor-element elementor-element-1deeb59b elementor-widget-divider--view-line elementor-widget elementor-widget-divider\" data-id=\"1deeb59b\" data-element_type=\"widget\" data-e-type=\"widget\" data-widget_type=\"divider.default\">\n\t\t\t\t<div class=\"elementor-widget-container\">\n\t\t\t\t\t\t\t<div class=\"elementor-divider\">\n\t\t\t<span class=\"elementor-divider-separator\">\n\t\t\t\t\t\t<\/span>\n\t\t<\/div>\n\t\t\t\t\t\t<\/div>\n\t\t\t\t<\/div>\n\t\t\t\t<div class=\"elementor-element elementor-element-7f918998 elementor-widget elementor-widget-text-editor\" data-id=\"7f918998\" data-element_type=\"widget\" data-e-type=\"widget\" data-widget_type=\"text-editor.default\">\n\t\t\t\t<div class=\"elementor-widget-container\">\n\t\t\t\t\t\t\t\t\t<div class=\"pressauthor\"><div class=\"pressauthor\"><div class=\"pressauthor\">J\u00e1szay Tam\u00e1s: <a href=\"https:\/\/revizoronline.com\/hu\/cikk\/9244\/kortars-tanc-lengyelorszagban-a-2010-es-evtizedben\/?fbclid=IwAR00YY_b13lNKVyMPHHCrw2fb2AKP-hQ-wni5gdHw4XBhnSGpY7oc2C-crI\">Fantasie und Realit\u00e4t - Zeitgen\u00f6ssischer Tanz in Polen im Jahrzehnt 2010\u00a0 <\/a>(Revizor) <span style=\"font-family: -apple-system, BlinkMacSystemFont, 'Segoe UI', Roboto, 'Helvetica Neue', Arial, 'Noto Sans', sans-serif, 'Apple Color Emoji', 'Segoe UI Emoji', 'Segoe UI Symbol', 'Noto Color Emoji';\">&#8211; 14\/10\/2021 <\/span><span style=\"font-family: -apple-system, BlinkMacSystemFont, 'Segoe UI', Roboto, 'Helvetica Neue', Arial, 'Noto Sans', sans-serif, 'Apple Color Emoji', 'Segoe UI Emoji', 'Segoe UI Symbol', 'Noto Color Emoji';\">2020 \u0151sz\u00e9n\u00a0Magda Skowron, a Krakk\u00f3i T\u00e1ncsz\u00ednh\u00e1z koreogr\u00e1fusa \u00e9s t\u00e1ncosa hozott l\u00e9tre a KET \u00e1lland\u00f3 t\u00e1rsulat\u00e1ra koreograf\u00e1lt saj\u00e1t darabot mint a KET fiatal koreogr\u00e1fusi verseny\u00e9nek gy\u0151ztese.<\/span><\/div><\/div><\/div>\t\t\t\t\t\t\t\t<\/div>\n\t\t\t\t<\/div>\n\t\t\t\t<div class=\"elementor-element elementor-element-e841273 elementor-widget elementor-widget-text-editor\" data-id=\"e841273\" data-element_type=\"widget\" data-e-type=\"widget\" data-widget_type=\"text-editor.default\">\n\t\t\t\t<div class=\"elementor-widget-container\">\n\t\t\t\t\t\t\t\t\t<div class=\"pressauthor\"><div class=\"pressauthor\"><div class=\"pressauthor\">Annam\u00e1ria Szoboszlai:\u00a0 <a href=\"https:\/\/tanckritika.hu\/kategoriak\/kritika\/1555-szoboszlai-annamaria-online-tanulsagok\">Online tanuls\u00e1gok\u00a0 <\/a>(T\u00e1nckritika.hu) <span style=\"font-family: -apple-system, BlinkMacSystemFont, 'Segoe UI', Roboto, 'Helvetica Neue', Arial, 'Noto Sans', sans-serif, 'Apple Color Emoji', 'Segoe UI Emoji', 'Segoe UI Symbol', 'Noto Color Emoji';\">&#8211; 04\/12\/2020 <\/span><span style=\"font-family: -apple-system, BlinkMacSystemFont, 'Segoe UI', Roboto, 'Helvetica Neue', Arial, 'Noto Sans', sans-serif, 'Apple Color Emoji', 'Segoe UI Emoji', 'Segoe UI Symbol', 'Noto Color Emoji';\">A sz\u00ednpadra, \u00e9l\u0151 k\u00f6z\u00f6ns\u00e9gnek sz\u00e1nt el\u0151ad\u00e1st nem k\u00e9pes helyettes\u00edteni semmif\u00e9le technika.<\/span><\/div><\/div><\/div>\t\t\t\t\t\t\t\t<\/div>\n\t\t\t\t<\/div>\n\t\t\t\t\t<\/div>\n\t\t<\/div>\n\t\t\t\t\t<\/div>\n\t\t<\/section>\n\t\t\t\t<\/div>","protected":false},"excerpt":{"rendered":"<p>A The Lungs of The Earth c\u00edm\u0171 el\u0151ad\u00e1s a n\u00f6v\u00e9nyek, k\u00fcl\u00f6n\u00f6sen a f\u00e1k mozg\u00e1s\u00e1val, jelenl\u00e9t\u00e9vel \u00e9s l\u00e9gz\u00e9s\u00e9vel kapcsolatos t\u00e9m\u00e1kat j\u00e1r k\u00f6rbe. Egy olyan vil\u00e1gb\u00f3l \u00e9p\u00edtkezik, mely szavakkal nem \u00edrhat\u00f3 le egy\u00e1ltal\u00e1n. A t\u00e1ncosok a test\u00fck\u00f6n \u00e9s \u00e9rz\u00e9keiken kereszt\u00fcl pr\u00f3b\u00e1lj\u00e1k megtapasztalni a n\u00f6v\u00e9nyekben zajl\u00f3 folyamatokat: a leveg\u0151vel kombin\u00e1lt mozg\u00e1s, a l\u00e9legzet elm\u00e9ly\u00edt\u00e9se, a s\u00f3hajt\u00e1s, a f\u00e1k [&hellip;]<\/p>\n","protected":false},"author":1,"featured_media":0,"parent":0,"menu_order":0,"comment_status":"closed","ping_status":"closed","template":"elementor_header_footer","meta":{"footnotes":""},"class_list":["post-18398","page","type-page","status-publish","hentry"],"_links":{"self":[{"href":"https:\/\/cedt.hu\/de\/wp-json\/wp\/v2\/pages\/18398","targetHints":{"allow":["GET"]}}],"collection":[{"href":"https:\/\/cedt.hu\/de\/wp-json\/wp\/v2\/pages"}],"about":[{"href":"https:\/\/cedt.hu\/de\/wp-json\/wp\/v2\/types\/page"}],"author":[{"embeddable":true,"href":"https:\/\/cedt.hu\/de\/wp-json\/wp\/v2\/users\/1"}],"replies":[{"embeddable":true,"href":"https:\/\/cedt.hu\/de\/wp-json\/wp\/v2\/comments?post=18398"}],"version-history":[{"count":0,"href":"https:\/\/cedt.hu\/de\/wp-json\/wp\/v2\/pages\/18398\/revisions"}],"wp:attachment":[{"href":"https:\/\/cedt.hu\/de\/wp-json\/wp\/v2\/media?parent=18398"}],"curies":[{"name":"wp","href":"https:\/\/api.w.org\/{rel}","templated":true}]}}