{"id":18368,"date":"2025-05-15T16:53:03","date_gmt":"2025-05-15T16:53:03","guid":{"rendered":"https:\/\/cedthu.rwpstaging.site\/?page_id=18368"},"modified":"2025-05-15T16:54:51","modified_gmt":"2025-05-15T16:54:51","slug":"xx-ikf-tehetsegprogram-nagy-csilla","status":"publish","type":"page","link":"https:\/\/cedt.hu\/de\/xx-ikf-tehetsegprogram-nagy-csilla\/","title":{"rendered":"XX IKF+ Talent Programm - Csilla Nagy"},"content":{"rendered":"<div data-elementor-type=\"wp-page\" data-elementor-id=\"18368\" class=\"elementor elementor-18368\" data-elementor-post-type=\"page\">\n\t\t\t\t\t\t<section class=\"elementor-section elementor-top-section elementor-element elementor-element-468ad826 elementor-section-boxed elementor-section-height-default elementor-section-height-default\" data-id=\"468ad826\" data-element_type=\"section\" data-e-type=\"section\" data-settings=\"{&quot;background_background&quot;:&quot;classic&quot;}\">\n\t\t\t\t\t\t<div class=\"elementor-container elementor-column-gap-default\">\n\t\t\t\t\t<div class=\"elementor-column elementor-col-100 elementor-top-column elementor-element elementor-element-c5c8fbc\" data-id=\"c5c8fbc\" data-element_type=\"column\" data-e-type=\"column\">\n\t\t\t<div class=\"elementor-widget-wrap elementor-element-populated\">\n\t\t\t\t\t\t<div class=\"elementor-element elementor-element-1e346796 elementor-widget elementor-widget-image\" data-id=\"1e346796\" data-element_type=\"widget\" data-e-type=\"widget\" data-widget_type=\"image.default\">\n\t\t\t\t<div class=\"elementor-widget-container\">\n\t\t\t\t\t\t\t\t\t\t\t\t\t\t\t<img fetchpriority=\"high\" decoding=\"async\" width=\"1414\" height=\"1414\" src=\"https:\/\/cedt.hu\/wp-content\/uploads\/2021\/01\/t\u00f3th-m\u00e1ty\u00e1s-NCSff.jpg\" class=\"attachment-full size-full wp-image-7416\" alt=\"\" srcset=\"https:\/\/cedt.hu\/wp-content\/uploads\/2021\/01\/t\u00f3th-m\u00e1ty\u00e1s-NCSff.jpg 1414w, https:\/\/cedt.hu\/wp-content\/uploads\/2021\/01\/t\u00f3th-m\u00e1ty\u00e1s-NCSff-300x300.jpg 300w, https:\/\/cedt.hu\/wp-content\/uploads\/2021\/01\/t\u00f3th-m\u00e1ty\u00e1s-NCSff-1024x1024.jpg 1024w, https:\/\/cedt.hu\/wp-content\/uploads\/2021\/01\/t\u00f3th-m\u00e1ty\u00e1s-NCSff-150x150.jpg 150w, https:\/\/cedt.hu\/wp-content\/uploads\/2021\/01\/t\u00f3th-m\u00e1ty\u00e1s-NCSff-768x768.jpg 768w, https:\/\/cedt.hu\/wp-content\/uploads\/2021\/01\/t\u00f3th-m\u00e1ty\u00e1s-NCSff-400x400.jpg 400w, https:\/\/cedt.hu\/wp-content\/uploads\/2021\/01\/t\u00f3th-m\u00e1ty\u00e1s-NCSff-20x20.jpg 20w\" sizes=\"(max-width: 1414px) 100vw, 1414px\" \/>\t\t\t\t\t\t\t\t\t\t\t\t\t\t\t<\/div>\n\t\t\t\t<\/div>\n\t\t\t\t<div class=\"elementor-element elementor-element-49b1e0d6 elementor-widget elementor-widget-text-editor\" data-id=\"49b1e0d6\" data-element_type=\"widget\" data-e-type=\"widget\" data-widget_type=\"text-editor.default\">\n\t\t\t\t<div class=\"elementor-widget-container\">\n\t\t\t\t\t\t\t\t\t<div class=\"x11i5rnm xat24cr x1mh8g0r x1vvkbs xtlvy1s\"><div class=\"show-description\"><p>Amoeba 02 - die sich st\u00e4ndig ver\u00e4ndernde Einheit<\/p><p>\u00a0<\/p><p>Mit meinen Bewegungen gestalte ich st\u00e4ndig den Raum um mich herum, und dabei entwickeln sich auch die inneren R\u00e4ume in mir. Die Ver\u00e4nderung ist konstant. Aber wie bildet eine Gruppe von Menschen, die in einen gemeinsamen Raum eingeladen sind, eine Gemeinschaft? Wie entsteht eine gemeinsame Bewegung, wie entsteht ein gemeinsamer Raum? Reicht es aus, wenn viele Menschen gleichzeitig in einem Raum sind, oder braucht es mehr? Kann es einen Fluss geben, der kollektiv von allen ins Leben gerufen wird, in dem Entscheidungen klar, lebendig und ehrlich sind und den Bed\u00fcrfnissen des Einzelnen und der Gemeinschaft dienen? Und wenn es einen solchen Fluss gibt, in dem es nur Gewissheit und \u00dcbereinstimmung gibt, wie kann er dann immer wieder reproduziert werden? Was ist das Rezept?<\/p><p>Die Performance versucht, gemeinschaftliche und individuelle Entscheidungen in Einklang zu bringen, indem sie Naturph\u00e4nomene durch die Interaktion von tanzenden K\u00f6rpern abbildet, begleitet von Live-Musik von Csan\u00e1d Szesztay.<\/p><p>\u00a0<\/p><p>Csilla Nagy ist Tanzk\u00fcnstlerin, Choreografin und Tanzp\u00e4dagogin, studierte an der Ungarischen Tanzakademie und der CODARTS Academy in Rotterdam, arbeitet seit 2008 mit der Artus-Goda G\u00e1bor Company und realisiert seit 2012 eigene k\u00fcnstlerische Projekte mit dem Cipolla Collective.<\/p><p>\"Als K\u00fcnstlerin war ich von Anfang an daran interessiert, die pers\u00f6nlichen Geschichten des Einzelnen zu abstrahieren und zu verallgemeinern und die pers\u00f6nlichen Erfahrungen der beteiligten Partner in die kollektive Produktion einflie\u00dfen zu lassen. In den Schichten unserer Pers\u00f6nlichkeit gibt es, wie bei einer Zwiebel, Teile, die sympathischer sind, und Teile, die schwerer zu akzeptieren sind, aber es ist die Kombination dieser Teile, die unser Wesen ausmacht. Ziel ist es, diese unterschiedlichen Teile in Einklang zu bringen, Verletzlichkeit und Schw\u00e4chen zu akzeptieren und zu erforschen, wie man sie \u00fcberwinden kann. Ironie ist mir wichtig, und noch wichtiger ist mir der Humor: uns selbst nur so ernst zu nehmen, wie es unbedingt n\u00f6tig ist.\" - Csilla Nagy<\/p><p>\u00a0<\/p><\/div><\/div>\t\t\t\t\t\t\t\t<\/div>\n\t\t\t\t<\/div>\n\t\t\t\t<div class=\"elementor-element elementor-element-4f091fb1 elementor-widget elementor-widget-heading\" data-id=\"4f091fb1\" data-element_type=\"widget\" data-e-type=\"widget\" data-widget_type=\"heading.default\">\n\t\t\t\t<div class=\"elementor-widget-container\">\n\t\t\t\t\t<h2 class=\"elementor-heading-title elementor-size-default\">Sch\u00f6pfer<\/h2>\t\t\t\t<\/div>\n\t\t\t\t<\/div>\n\t\t\t\t<div class=\"elementor-element elementor-element-3772346 elementor-widget-divider--view-line elementor-widget elementor-widget-divider\" data-id=\"3772346\" data-element_type=\"widget\" data-e-type=\"widget\" data-widget_type=\"divider.default\">\n\t\t\t\t<div class=\"elementor-widget-container\">\n\t\t\t\t\t\t\t<div class=\"elementor-divider\">\n\t\t\t<span class=\"elementor-divider-separator\">\n\t\t\t\t\t\t<\/span>\n\t\t<\/div>\n\t\t\t\t\t\t<\/div>\n\t\t\t\t<\/div>\n\t\t\t\t<div class=\"elementor-element elementor-element-47b8341f elementor-widget elementor-widget-text-editor\" data-id=\"47b8341f\" data-element_type=\"widget\" data-e-type=\"widget\" data-widget_type=\"text-editor.default\">\n\t\t\t\t<div class=\"elementor-widget-container\">\n\t\t\t\t\t\t\t\t\t<div class=\"show-actors\"><div id=\"nested-actors\"><div class=\"show-actors\"><div id=\"nested-actors\"><div><h3>Vortragende<\/h3><ul><li>Kriszti\u00e1n Barna<\/li><li>Lili\u00e1na Bozs\u00e1nyi<\/li><li>D\u00e1vid Dab\u00f3czi<\/li><li>R\u00e9ka Gyevn\u00e1r<\/li><li>Adrienn Horv\u00e1th<\/li><li>Ren\u00e1ta Jo\u00f3<\/li><li>L\u00e1szl\u00f3 M\u00e1di<\/li><li>Kriszti\u00e1n Ungi<\/li><\/ul><\/div><div><h3>Licht<\/h3><ul><li>Zolt\u00e1n Fogarasi<\/li><\/ul><\/div><div><h3>Musik<\/h3><ul><li>Csan\u00e1d Szesztay<\/li><\/ul><\/div><div><h3>Dramaturg<\/h3><ul><li>Annam\u00e1ria S\u00e1ndor<\/li><\/ul><\/div><div><h3>Choreograph<\/h3><ul><li>Csilla Nagy<\/li><\/ul><\/div><div><h3>Portr\u00e4t<\/h3><ul><li>M\u00e1ty\u00e1s T\u00f3th<\/li><\/ul><\/div><\/div><\/div><\/div><\/div>\t\t\t\t\t\t\t\t<\/div>\n\t\t\t\t<\/div>\n\t\t\t\t<div class=\"elementor-element elementor-element-553c9ebc elementor-widget elementor-widget-gallery\" data-id=\"553c9ebc\" data-element_type=\"widget\" data-e-type=\"widget\" data-settings=\"{&quot;columns&quot;:3,&quot;lazyload&quot;:&quot;yes&quot;,&quot;gallery_layout&quot;:&quot;grid&quot;,&quot;columns_tablet&quot;:2,&quot;columns_mobile&quot;:1,&quot;gap&quot;:{&quot;unit&quot;:&quot;px&quot;,&quot;size&quot;:10,&quot;sizes&quot;:[]},&quot;gap_tablet&quot;:{&quot;unit&quot;:&quot;px&quot;,&quot;size&quot;:10,&quot;sizes&quot;:[]},&quot;gap_mobile&quot;:{&quot;unit&quot;:&quot;px&quot;,&quot;size&quot;:10,&quot;sizes&quot;:[]},&quot;link_to&quot;:&quot;file&quot;,&quot;aspect_ratio&quot;:&quot;3:2&quot;,&quot;overlay_background&quot;:&quot;yes&quot;,&quot;content_hover_animation&quot;:&quot;fade-in&quot;}\" data-widget_type=\"gallery.default\">\n\t\t\t\t<div class=\"elementor-widget-container\">\n\t\t\t\t\t\t\t<div class=\"elementor-gallery__container\">\n\t\t\t\t\t\t\t<a class=\"e-gallery-item elementor-gallery-item elementor-animated-content\" href=\"https:\/\/cedt.hu\/wp-content\/uploads\/2021\/01\/N_CS_020.jpg\" data-elementor-open-lightbox=\"yes\" data-elementor-lightbox-slideshow=\"553c9ebc\" data-elementor-lightbox-title=\"N_CS_020\" data-e-action-hash=\"#elementor-action%3Aaction%3Dlightbox%26settings%3DeyJpZCI6NzM5NSwidXJsIjoiaHR0cHM6XC9cL2NlZHQuaHVcL3dwLWNvbnRlbnRcL3VwbG9hZHNcLzIwMjFcLzAxXC9OX0NTXzAyMC5qcGciLCJzbGlkZXNob3ciOiI1NTNjOWViYyJ9\">\n\t\t\t\t\t<div class=\"e-gallery-image elementor-gallery-item__image\" data-thumbnail=\"https:\/\/cedt.hu\/wp-content\/uploads\/2021\/01\/N_CS_020-300x200.jpg\" data-width=\"300\" data-height=\"200\" aria-label=\"\" role=\"img\" ><\/div>\n\t\t\t\t\t\t\t\t\t\t\t<div class=\"elementor-gallery-item__overlay\"><\/div>\n\t\t\t\t\t\t\t\t\t\t\t\t\t\t<\/a>\n\t\t\t\t\t\t\t<a class=\"e-gallery-item elementor-gallery-item elementor-animated-content\" href=\"https:\/\/cedt.hu\/wp-content\/uploads\/2021\/01\/N_CS_059.jpg\" data-elementor-open-lightbox=\"yes\" data-elementor-lightbox-slideshow=\"553c9ebc\" data-elementor-lightbox-title=\"N_CS_059\" data-e-action-hash=\"#elementor-action%3Aaction%3Dlightbox%26settings%3DeyJpZCI6NzM5NywidXJsIjoiaHR0cHM6XC9cL2NlZHQuaHVcL3dwLWNvbnRlbnRcL3VwbG9hZHNcLzIwMjFcLzAxXC9OX0NTXzA1OS5qcGciLCJzbGlkZXNob3ciOiI1NTNjOWViYyJ9\">\n\t\t\t\t\t<div class=\"e-gallery-image elementor-gallery-item__image\" data-thumbnail=\"https:\/\/cedt.hu\/wp-content\/uploads\/2021\/01\/N_CS_059-300x200.jpg\" data-width=\"300\" data-height=\"200\" aria-label=\"\" role=\"img\" ><\/div>\n\t\t\t\t\t\t\t\t\t\t\t<div class=\"elementor-gallery-item__overlay\"><\/div>\n\t\t\t\t\t\t\t\t\t\t\t\t\t\t<\/a>\n\t\t\t\t\t\t\t<a class=\"e-gallery-item elementor-gallery-item elementor-animated-content\" href=\"https:\/\/cedt.hu\/wp-content\/uploads\/2021\/01\/N_CS_064.jpg\" data-elementor-open-lightbox=\"yes\" data-elementor-lightbox-slideshow=\"553c9ebc\" data-elementor-lightbox-title=\"N_CS_064\" data-e-action-hash=\"#elementor-action%3Aaction%3Dlightbox%26settings%3DeyJpZCI6NzM5OSwidXJsIjoiaHR0cHM6XC9cL2NlZHQuaHVcL3dwLWNvbnRlbnRcL3VwbG9hZHNcLzIwMjFcLzAxXC9OX0NTXzA2NC5qcGciLCJzbGlkZXNob3ciOiI1NTNjOWViYyJ9\">\n\t\t\t\t\t<div class=\"e-gallery-image elementor-gallery-item__image\" data-thumbnail=\"https:\/\/cedt.hu\/wp-content\/uploads\/2021\/01\/N_CS_064-300x200.jpg\" data-width=\"300\" data-height=\"200\" aria-label=\"\" role=\"img\" ><\/div>\n\t\t\t\t\t\t\t\t\t\t\t<div class=\"elementor-gallery-item__overlay\"><\/div>\n\t\t\t\t\t\t\t\t\t\t\t\t\t\t<\/a>\n\t\t\t\t\t<\/div>\n\t\t\t\t\t<\/div>\n\t\t\t\t<\/div>\n\t\t\t\t\t<\/div>\n\t\t<\/div>\n\t\t\t\t\t<\/div>\n\t\t<\/section>\n\t\t\t\t<\/div>","protected":false},"excerpt":{"rendered":"<p>Am\u0151ba 02. \u2013 az \u00f6r\u00f6kk\u00e9 v\u00e1ltoz\u00f3 Egys\u00e9g \u00a0 Mozg\u00e1sommal folyamatosan alak\u00edtom a k\u00f6r\u00fcl\u00f6ttem l\u00e9v\u0151 teret, s mindek\u00f6zben a bennem l\u00e9v\u0151 bels\u0151 terek is alakulnak. Folyamatos a v\u00e1ltoz\u00e1s. Egy k\u00f6z\u00f6s t\u00e9rbe megh\u00edvott emberek csoportj\u00e1b\u00f3l azonban hogyan form\u00e1l\u00f3dik k\u00f6z\u00f6ss\u00e9g? Hogyan alakul ki a k\u00f6z\u00f6s mozg\u00e1s, hogyan alakul ki a k\u00f6z\u00f6s t\u00e9r? El\u00e9g, hogy egyszerre egy t\u00e9rben vannak [&hellip;]<\/p>\n","protected":false},"author":1,"featured_media":0,"parent":0,"menu_order":0,"comment_status":"closed","ping_status":"closed","template":"elementor_header_footer","meta":{"footnotes":""},"class_list":["post-18368","page","type-page","status-publish","hentry"],"_links":{"self":[{"href":"https:\/\/cedt.hu\/de\/wp-json\/wp\/v2\/pages\/18368","targetHints":{"allow":["GET"]}}],"collection":[{"href":"https:\/\/cedt.hu\/de\/wp-json\/wp\/v2\/pages"}],"about":[{"href":"https:\/\/cedt.hu\/de\/wp-json\/wp\/v2\/types\/page"}],"author":[{"embeddable":true,"href":"https:\/\/cedt.hu\/de\/wp-json\/wp\/v2\/users\/1"}],"replies":[{"embeddable":true,"href":"https:\/\/cedt.hu\/de\/wp-json\/wp\/v2\/comments?post=18368"}],"version-history":[{"count":0,"href":"https:\/\/cedt.hu\/de\/wp-json\/wp\/v2\/pages\/18368\/revisions"}],"wp:attachment":[{"href":"https:\/\/cedt.hu\/de\/wp-json\/wp\/v2\/media?parent=18368"}],"curies":[{"name":"wp","href":"https:\/\/api.w.org\/{rel}","templated":true}]}}